{"id":5363,"date":"2020-10-09T10:32:30","date_gmt":"2020-10-09T10:32:30","guid":{"rendered":"https:\/\/iberoid-shop.com\/?post_type=product&#038;p=5363"},"modified":"2022-01-15T15:13:12","modified_gmt":"2022-01-15T15:13:12","slug":"sp-parabolan-sp-labortories","status":"publish","type":"product","link":"https:\/\/iberoid-shop.com\/pt\/product\/sp-parabolan-sp-labortories\/","title":{"rendered":"SP PARABOLAN"},"content":{"rendered":"<p>Parabolin \u00e9 um ester\u00f3ide anab\u00f3lico. Por ser um derivado da nandrolona, a trembolona difere significativamente desta \u00faltima por suas propriedades. Devido a particularidades estruturais, a trembolona n\u00e3o sofre atividade 5\u03b1-aromatase, mas pode ela pr\u00f3pria exibir atividade estrog\u00eanica e progestag\u00eanica (a \u00faltima se manifesta atrav\u00e9s da capacidade de estimula\u00e7\u00e3o do receptor de progesterona).<\/p>\n<p>A trembolona \u00e9 o agente anab\u00f3lico anab\u00f3lico ester\u00f3ide mais potente &#8211; ap\u00f3s o tempo de estabiliza\u00e7\u00e3o do receptor de andr\u00f3geno, a trembolona excede n\u00e3o apenas a testosterona (mais de 3 vezes), mas tamb\u00e9m a nandrolona.<\/p>","protected":false},"excerpt":{"rendered":"<p>Parabolin \u00e9 um ester\u00f3ide anab\u00f3lico. Por ser um derivado da nandrolona, a trembolona difere significativamente desta \u00faltima por suas propriedades.<\/p>\n","protected":false},"featured_media":5364,"comment_status":"open","ping_status":"closed","template":"","meta":[],"product_brand":[],"product_cat":[69],"product_tag":[],"class_list":{"0":"post-5363","1":"product","2":"type-product","3":"status-publish","4":"has-post-thumbnail","6":"product_cat-esteroides_inyectables","8":"first","9":"outofstock","10":"sale","11":"shipping-taxable","12":"purchasable","13":"product-type-simple"},"yoast_head":"<!-- This site is optimized with the Yoast SEO Premium plugin v24.4 (Yoast SEO v27.3) - https:\/\/yoast.com\/product\/yoast-seo-premium-wordpress\/ -->\n<title>SP PARABOLAN - Ester\u00f3ides Online<\/title>\n<meta name=\"robots\" content=\"index, follow, max-snippet:-1, max-image-preview:large, max-video-preview:-1\" \/>\n<link rel=\"canonical\" href=\"https:\/\/iberoid-shop.com\/pt\/product\/sp-parabolan-sp-labortories\/\" \/>\n<meta property=\"og:locale\" content=\"pt_PT\" \/>\n<meta property=\"og:type\" content=\"article\" \/>\n<meta property=\"og:title\" content=\"SP PARABOLAN\" \/>\n<meta property=\"og:description\" content=\"Parabolin \u00e9 um ester\u00f3ide anab\u00f3lico. Por ser um derivado da nandrolona, a trembolona difere significativamente desta \u00faltima por suas propriedades.\" \/>\n<meta property=\"og:url\" content=\"https:\/\/iberoid-shop.com\/pt\/product\/sp-parabolan-sp-labortories\/\" \/>\n<meta property=\"og:site_name\" content=\"Ester\u00f3ides Online\" \/>\n<meta property=\"article:modified_time\" content=\"2022-01-15T15:13:12+00:00\" \/>\n<meta property=\"og:image\" content=\"https:\/\/iberoid-shop.com\/wp-content\/uploads\/2020\/10\/para.jpg?v=1678120090\" \/>\n\t<meta property=\"og:image:width\" content=\"388\" \/>\n\t<meta property=\"og:image:height\" content=\"388\" \/>\n\t<meta property=\"og:image:type\" content=\"image\/jpeg\" \/>\n<meta name=\"twitter:card\" content=\"summary_large_image\" \/>\n<meta name=\"twitter:label1\" content=\"pre\u00e7o\" \/>\n\t<meta name=\"twitter:data1\" content=\"&euro;75.00\" \/>\n\t<meta name=\"twitter:label2\" content=\"Disponibilidade\" \/>\n\t<meta name=\"twitter:data2\" content=\"Esgotado\" \/>\n<script type=\"application\/ld+json\" class=\"yoast-schema-graph\">{\"@context\":\"https:\\\/\\\/schema.org\",\"@graph\":[{\"@type\":\"WebPage\",\"@id\":\"https:\\\/\\\/iberoid-shop.com\\\/pt\\\/product\\\/sp-parabolan-sp-labortories\\\/\",\"url\":\"https:\\\/\\\/iberoid-shop.com\\\/pt\\\/product\\\/sp-parabolan-sp-labortories\\\/\",\"name\":\"SP PARABOLAN - Ester\u00f3ides Online\",\"isPartOf\":{\"@id\":\"https:\\\/\\\/iberoid-shop.com\\\/pt\\\/#website\"},\"primaryImageOfPage\":{\"@id\":\"https:\\\/\\\/iberoid-shop.com\\\/pt\\\/product\\\/sp-parabolan-sp-labortories\\\/#primaryimage\"},\"image\":{\"@id\":\"https:\\\/\\\/iberoid-shop.com\\\/pt\\\/product\\\/sp-parabolan-sp-labortories\\\/#primaryimage\"},\"thumbnailUrl\":\"https:\\\/\\\/iberoid-shop.com\\\/wp-content\\\/uploads\\\/2020\\\/10\\\/para.jpg?v=1678120090\",\"datePublished\":\"2020-10-09T10:32:30+00:00\",\"dateModified\":\"2022-01-15T15:13:12+00:00\",\"breadcrumb\":{\"@id\":\"https:\\\/\\\/iberoid-shop.com\\\/pt\\\/product\\\/sp-parabolan-sp-labortories\\\/#breadcrumb\"},\"inLanguage\":\"pt-PT\",\"potentialAction\":[{\"@type\":\"ReadAction\",\"target\":[[\"https:\\\/\\\/iberoid-shop.com\\\/pt\\\/product\\\/sp-parabolan-sp-labortories\\\/\"]]}]},{\"@type\":\"ImageObject\",\"inLanguage\":\"pt-PT\",\"@id\":\"https:\\\/\\\/iberoid-shop.com\\\/pt\\\/product\\\/sp-parabolan-sp-labortories\\\/#primaryimage\",\"url\":\"https:\\\/\\\/iberoid-shop.com\\\/wp-content\\\/uploads\\\/2020\\\/10\\\/para.jpg?v=1678120090\",\"contentUrl\":\"https:\\\/\\\/iberoid-shop.com\\\/wp-content\\\/uploads\\\/2020\\\/10\\\/para.jpg?v=1678120090\",\"width\":388,\"height\":388},{\"@type\":\"BreadcrumbList\",\"@id\":\"https:\\\/\\\/iberoid-shop.com\\\/pt\\\/product\\\/sp-parabolan-sp-labortories\\\/#breadcrumb\",\"itemListElement\":[{\"@type\":\"ListItem\",\"position\":1,\"name\":\"Portada\",\"item\":\"https:\\\/\\\/iberoid-shop.com\\\/pt\\\/\"},{\"@type\":\"ListItem\",\"position\":2,\"name\":\"Loja\",\"item\":\"https:\\\/\\\/iberoid-shop.com\\\/pt\\\/shop\\\/\"},{\"@type\":\"ListItem\",\"position\":3,\"name\":\"SP PARABOLAN\"}]},{\"@type\":\"WebSite\",\"@id\":\"https:\\\/\\\/iberoid-shop.com\\\/pt\\\/#website\",\"url\":\"https:\\\/\\\/iberoid-shop.com\\\/pt\\\/\",\"name\":\"Ester\u00f3ides Online\",\"description\":\"Compre ester\u00f3ides online hoje em Espanha e Portugal. Temos o melhor servi\u00e7o ao cliente do setor e produtos da mais alta qualidade\",\"potentialAction\":[{\"@type\":\"SearchAction\",\"target\":{\"@type\":\"EntryPoint\",\"urlTemplate\":\"https:\\\/\\\/iberoid-shop.com\\\/pt\\\/?s={search_term_string}\"},\"query-input\":{\"@type\":\"PropertyValueSpecification\",\"valueRequired\":true,\"valueName\":\"search_term_string\"}}],\"inLanguage\":\"pt-PT\"}]}<\/script>\n<meta property=\"product:brand\" content=\"SP Laboratories\" \/>\n<meta property=\"product:price:amount\" content=\"75.00\" \/>\n<meta property=\"product:price:currency\" content=\"EUR\" \/>\n<meta property=\"og:availability\" content=\"out of stock\" \/>\n<meta property=\"product:availability\" content=\"out of stock\" \/>\n<meta property=\"product:condition\" content=\"new\" \/>\n<!-- \/ Yoast SEO Premium plugin. -->","yoast_head_json":{"title":"SP PARABOLAN - Ester\u00f3ides Online","robots":{"index":"index","follow":"follow","max-snippet":"max-snippet:-1","max-image-preview":"max-image-preview:large","max-video-preview":"max-video-preview:-1"},"canonical":"https:\/\/iberoid-shop.com\/pt\/product\/sp-parabolan-sp-labortories\/","og_locale":"pt_PT","og_type":"article","og_title":"SP PARABOLAN","og_description":"Parabolin \u00e9 um ester\u00f3ide anab\u00f3lico. Por ser um derivado da nandrolona, a trembolona difere significativamente desta \u00faltima por suas propriedades.","og_url":"https:\/\/iberoid-shop.com\/pt\/product\/sp-parabolan-sp-labortories\/","og_site_name":"Ester\u00f3ides Online","article_modified_time":"2022-01-15T15:13:12+00:00","og_image":[{"width":388,"height":388,"url":"https:\/\/iberoid-shop.com\/wp-content\/uploads\/2020\/10\/para.jpg?v=1678120090","type":"image\/jpeg"}],"twitter_card":"summary_large_image","twitter_misc":{"pre\u00e7o":"&euro;75.00","Disponibilidade":"Esgotado"},"schema":{"@context":"https:\/\/schema.org","@graph":[{"@type":"WebPage","@id":"https:\/\/iberoid-shop.com\/pt\/product\/sp-parabolan-sp-labortories\/","url":"https:\/\/iberoid-shop.com\/pt\/product\/sp-parabolan-sp-labortories\/","name":"SP PARABOLAN - Ester\u00f3ides Online","isPartOf":{"@id":"https:\/\/iberoid-shop.com\/pt\/#website"},"primaryImageOfPage":{"@id":"https:\/\/iberoid-shop.com\/pt\/product\/sp-parabolan-sp-labortories\/#primaryimage"},"image":{"@id":"https:\/\/iberoid-shop.com\/pt\/product\/sp-parabolan-sp-labortories\/#primaryimage"},"thumbnailUrl":"https:\/\/iberoid-shop.com\/wp-content\/uploads\/2020\/10\/para.jpg?v=1678120090","datePublished":"2020-10-09T10:32:30+00:00","dateModified":"2022-01-15T15:13:12+00:00","breadcrumb":{"@id":"https:\/\/iberoid-shop.com\/pt\/product\/sp-parabolan-sp-labortories\/#breadcrumb"},"inLanguage":"pt-PT","potentialAction":[{"@type":"ReadAction","target":[["https:\/\/iberoid-shop.com\/pt\/product\/sp-parabolan-sp-labortories\/"]]}]},{"@type":"ImageObject","inLanguage":"pt-PT","@id":"https:\/\/iberoid-shop.com\/pt\/product\/sp-parabolan-sp-labortories\/#primaryimage","url":"https:\/\/iberoid-shop.com\/wp-content\/uploads\/2020\/10\/para.jpg?v=1678120090","contentUrl":"https:\/\/iberoid-shop.com\/wp-content\/uploads\/2020\/10\/para.jpg?v=1678120090","width":388,"height":388},{"@type":"BreadcrumbList","@id":"https:\/\/iberoid-shop.com\/pt\/product\/sp-parabolan-sp-labortories\/#breadcrumb","itemListElement":[{"@type":"ListItem","position":1,"name":"Portada","item":"https:\/\/iberoid-shop.com\/pt\/"},{"@type":"ListItem","position":2,"name":"Loja","item":"https:\/\/iberoid-shop.com\/pt\/shop\/"},{"@type":"ListItem","position":3,"name":"SP PARABOLAN"}]},{"@type":"WebSite","@id":"https:\/\/iberoid-shop.com\/pt\/#website","url":"https:\/\/iberoid-shop.com\/pt\/","name":"Ester\u00f3ides Online","description":"Compre ester\u00f3ides online hoje em Espanha e Portugal. Temos o melhor servi\u00e7o ao cliente do setor e produtos da mais alta qualidade","potentialAction":[{"@type":"SearchAction","target":{"@type":"EntryPoint","urlTemplate":"https:\/\/iberoid-shop.com\/pt\/?s={search_term_string}"},"query-input":{"@type":"PropertyValueSpecification","valueRequired":true,"valueName":"search_term_string"}}],"inLanguage":"pt-PT"}]},"product_brand":"SP Laboratories","product_price_amount":"75.00","product_price_currency":"EUR","og_availability":"out of stock","product_availability":"out of stock","product_condition":"new"},"_links":{"self":[{"href":"https:\/\/iberoid-shop.com\/pt\/wp-json\/wp\/v2\/product\/5363","targetHints":{"allow":["GET"]}}],"collection":[{"href":"https:\/\/iberoid-shop.com\/pt\/wp-json\/wp\/v2\/product"}],"about":[{"href":"https:\/\/iberoid-shop.com\/pt\/wp-json\/wp\/v2\/types\/product"}],"replies":[{"embeddable":true,"href":"https:\/\/iberoid-shop.com\/pt\/wp-json\/wp\/v2\/comments?post=5363"}],"wp:featuredmedia":[{"embeddable":true,"href":"https:\/\/iberoid-shop.com\/pt\/wp-json\/wp\/v2\/media\/5364"}],"wp:attachment":[{"href":"https:\/\/iberoid-shop.com\/pt\/wp-json\/wp\/v2\/media?parent=5363"}],"wp:term":[{"taxonomy":"product_brand","embeddable":true,"href":"https:\/\/iberoid-shop.com\/pt\/wp-json\/wp\/v2\/product_brand?post=5363"},{"taxonomy":"product_cat","embeddable":true,"href":"https:\/\/iberoid-shop.com\/pt\/wp-json\/wp\/v2\/product_cat?post=5363"},{"taxonomy":"product_tag","embeddable":true,"href":"https:\/\/iberoid-shop.com\/pt\/wp-json\/wp\/v2\/product_tag?post=5363"}],"curies":[{"name":"wp","href":"https:\/\/api.w.org\/{rel}","templated":true}]}}