{"id":5360,"date":"2020-10-08T17:33:58","date_gmt":"2020-10-08T17:33:58","guid":{"rendered":"https:\/\/iberoid-shop.com\/?post_type=product&#038;p=5360"},"modified":"2022-06-07T23:38:29","modified_gmt":"2022-06-07T23:38:29","slug":"sp-nandrolone-sp-laboratories","status":"publish","type":"product","link":"https:\/\/iberoid-shop.com\/pt\/product\/sp-nandrolone-sp-laboratories\/","title":{"rendered":"SP Nandrolone D"},"content":{"rendered":"<p>Nome do produto: Nandrolona D<br \/>\nFabricante: SP Laboratories<br \/>\nApresenta\u00e7\u00e3o: Caixa com 10 ml 200mg \/ ml<br \/>\nSubst\u00e2ncia ativa: decanoato de nandrolona<br \/>\nVida ativa: 7 a 10 dias<br \/>\nUso sugerido: 300-600mg \/ sapt<br \/>\nAcne: Sim, se voc\u00ea estiver propenso.<br \/>\n\u00c1gua retida: 20% em compara\u00e7\u00e3o com a testosterona<br \/>\nAlta Tens\u00e3o: Raramente<br \/>\nToxicidade hep\u00e1tica: N\u00c3O<br \/>\nConvers\u00e3o DHT: N\u00e3o, o NOR-DHT<br \/>\nAromatizante: Baixo e norestrogeni<br \/>\nTeste de inibi\u00e7\u00e3o pr\u00f3pria: moderado<\/p>\n<p>Mais conhecido como \u201cDeca\u201d, Deca Durabolin \u00e9 o ester\u00f3ide injet\u00e1vel com uma longa hist\u00f3ria e relativamente positivo. Ele tem sido usado para tratar eficazmente o HIV e a AIDS e \u00e9 conhecido como um ester\u00f3ide fenomenal para aumentar a massa muscular. &#8220;Deca Durabolin&#8221; \u00e9 a marca da Organon para o produto decanoato de nandrolona no in\u00edcio dos anos 80. &#8220;Deca&#8221; \u00e9, portanto, apenas um nome de marca, embora agora no mercado negro a g\u00edria seja chamar qualquer produto de nandrolona com o \u00e9ster Decanoato de &#8220;Deca&#8221;. Deca Durabolin \u00e9 considerado respons\u00e1vel por 30% das vendas totais de ester\u00f3ides, tornando-o o ester\u00f3ide injet\u00e1vel mais usado e difundido no mundo.<\/p>\n<p>Deca Durabolin \u00e9 frequentemente usado em combina\u00e7\u00e3o com outros ester\u00f3ides como a trembolona, \u200b\u200b\u00e9 poss\u00edvel pelo uso de Dostinex, que permite que esses dois anabolizantes sejam usados \u200b\u200bjuntos [mesmo ao mesmo tempo] sem se preocupar com os horm\u00f4nios. H\u00e1 tamb\u00e9m combinar bem com Dianabol ou combina\u00e7\u00e3o de refei\u00e7\u00e3o de ciclos de testosterona usada por Arnold.<\/p>\n<p>\u00c9 uma progestina, feita pela remo\u00e7\u00e3o de um \u00e1tomo de carbono na posi\u00e7\u00e3o 19. Portanto, embora seja uma progestina, a nandrolona n\u00e3o produz muitos efeitos colaterais estrog\u00eanicos puro, por isso foi uma das preferidas em v\u00e1rios ciclos de corte e carregamento em poucas d\u00e9cadas. Deca tem uma taxa de aromatiza\u00e7\u00e3o muito baixa (convers\u00e3o de estrog\u00eanio pela enzima metab\u00f3lica aromatasa), igual a 20% da taxa de convers\u00e3o da testosterona.<\/p>\n<p>Uma das propriedades do site Deca Durabolin realmente interessante \u00e9 a capacidade de melhorar a s\u00edntese de col\u00e1geno e o conte\u00fado mineral \u00f3sseo, o que \u00e9 uma grande ajuda para atletas com problemas de tecido conjuntivo ou outros problemas articulares. Al\u00e9m disso, talvez por ser um progesterona, pode ter efeitos ben\u00e9ficos no processo imunol\u00f3gico, antiinflamat\u00f3rio, essas articula\u00e7\u00f5es n\u00e3o s\u00e3o um problema.<\/p>\n<p>Deca Durabolin \u00e9 um dos poucos ester\u00f3ides que tem sido usado com sucesso em pacientes com AIDS para estimular o ganho de peso, e este efeito foi experimentado em muitos atletas e fisiculturistas tamb\u00e9m. Deca \u00e9 um ester\u00f3ide muito para cortar e carregar ciclos, embora quanto mais curto o \u00e9ster, nandrolona fenilpropionato (Durabolin), seja uma vers\u00e3o popular da defini\u00e7\u00e3o usada em ciclos.<\/p>\n<p>Isso significa que Deca Durabolin tem uma vida ativa muito longa e, portanto, \u00e9 comumente usado por um per\u00edodo n\u00e3o inferior a dez semanas, e geralmente por 12 semanas. Em rela\u00e7\u00e3o \u00e0 dose a ser administrada, o Deca costuma ser usado em efeitos dose-dependentes. Isso significa que quanto maior o consumo, maior o efeito anab\u00f3lico. A dosagem ideal varia entre 400-600 mg \/ semana. Acredita-se que o melhor efeito seja obtido com a dose de 6 mg por quilograma.<\/p>","protected":false},"excerpt":{"rendered":"<p>Nome do produto: Nandrolona D Fabricante: SP Laboratories Apresenta\u00e7\u00e3o: Caixa com 10 ml 200mg \/ ml Subst\u00e2ncia ativa: decanoato de<\/p>\n","protected":false},"featured_media":5361,"comment_status":"open","ping_status":"closed","template":"","meta":[],"product_brand":[],"product_cat":[69],"product_tag":[],"class_list":{"0":"post-5360","1":"product","2":"type-product","3":"status-publish","4":"has-post-thumbnail","6":"product_cat-esteroides_inyectables","8":"first","9":"outofstock","10":"sale","11":"shipping-taxable","12":"purchasable","13":"product-type-simple"},"yoast_head":"<!-- This site is optimized with the Yoast SEO Premium plugin v24.4 (Yoast SEO v27.3) - https:\/\/yoast.com\/product\/yoast-seo-premium-wordpress\/ -->\n<title>SP Nandrolone D - Ester\u00f3ides Online<\/title>\n<meta name=\"robots\" content=\"index, follow, max-snippet:-1, max-image-preview:large, max-video-preview:-1\" \/>\n<link rel=\"canonical\" href=\"https:\/\/iberoid-shop.com\/pt\/product\/sp-nandrolone-sp-laboratories\/\" \/>\n<meta property=\"og:locale\" content=\"pt_PT\" \/>\n<meta property=\"og:type\" content=\"article\" \/>\n<meta property=\"og:title\" content=\"SP Nandrolone D\" \/>\n<meta property=\"og:description\" content=\"Nome do produto: Nandrolona D Fabricante: SP Laboratories Apresenta\u00e7\u00e3o: Caixa com 10 ml 200mg \/ ml Subst\u00e2ncia ativa: decanoato de\" \/>\n<meta property=\"og:url\" content=\"https:\/\/iberoid-shop.com\/pt\/product\/sp-nandrolone-sp-laboratories\/\" \/>\n<meta property=\"og:site_name\" content=\"Ester\u00f3ides Online\" \/>\n<meta property=\"article:modified_time\" content=\"2022-06-07T23:38:29+00:00\" \/>\n<meta property=\"og:image\" content=\"https:\/\/iberoid-shop.com\/wp-content\/uploads\/2020\/10\/deca-sp.jpg?v=1678120091\" \/>\n\t<meta property=\"og:image:width\" content=\"388\" \/>\n\t<meta property=\"og:image:height\" content=\"388\" \/>\n\t<meta property=\"og:image:type\" content=\"image\/jpeg\" \/>\n<meta name=\"twitter:card\" content=\"summary_large_image\" \/>\n<meta name=\"twitter:label1\" content=\"pre\u00e7o\" \/>\n\t<meta name=\"twitter:data1\" content=\"&euro;50.00\" \/>\n\t<meta name=\"twitter:label2\" content=\"Disponibilidade\" \/>\n\t<meta name=\"twitter:data2\" content=\"Esgotado\" \/>\n<script type=\"application\/ld+json\" class=\"yoast-schema-graph\">{\"@context\":\"https:\\\/\\\/schema.org\",\"@graph\":[{\"@type\":\"WebPage\",\"@id\":\"https:\\\/\\\/iberoid-shop.com\\\/pt\\\/product\\\/sp-nandrolone-sp-laboratories\\\/\",\"url\":\"https:\\\/\\\/iberoid-shop.com\\\/pt\\\/product\\\/sp-nandrolone-sp-laboratories\\\/\",\"name\":\"SP Nandrolone D - Ester\u00f3ides Online\",\"isPartOf\":{\"@id\":\"https:\\\/\\\/iberoid.com\\\/#website\"},\"primaryImageOfPage\":{\"@id\":\"https:\\\/\\\/iberoid-shop.com\\\/pt\\\/product\\\/sp-nandrolone-sp-laboratories\\\/#primaryimage\"},\"image\":{\"@id\":\"https:\\\/\\\/iberoid-shop.com\\\/pt\\\/product\\\/sp-nandrolone-sp-laboratories\\\/#primaryimage\"},\"thumbnailUrl\":\"https:\\\/\\\/iberoid-shop.com\\\/wp-content\\\/uploads\\\/2020\\\/10\\\/deca-sp.jpg?v=1678120091\",\"datePublished\":\"2020-10-08T17:33:58+00:00\",\"dateModified\":\"2022-06-07T23:38:29+00:00\",\"breadcrumb\":{\"@id\":\"https:\\\/\\\/iberoid-shop.com\\\/pt\\\/product\\\/sp-nandrolone-sp-laboratories\\\/#breadcrumb\"},\"inLanguage\":\"pt-PT\",\"potentialAction\":[{\"@type\":\"ReadAction\",\"target\":[[\"https:\\\/\\\/iberoid-shop.com\\\/pt\\\/product\\\/sp-nandrolone-sp-laboratories\\\/\"]]}]},{\"@type\":\"ImageObject\",\"inLanguage\":\"pt-PT\",\"@id\":\"https:\\\/\\\/iberoid-shop.com\\\/pt\\\/product\\\/sp-nandrolone-sp-laboratories\\\/#primaryimage\",\"url\":\"https:\\\/\\\/iberoid-shop.com\\\/wp-content\\\/uploads\\\/2020\\\/10\\\/deca-sp.jpg?v=1678120091\",\"contentUrl\":\"https:\\\/\\\/iberoid-shop.com\\\/wp-content\\\/uploads\\\/2020\\\/10\\\/deca-sp.jpg?v=1678120091\",\"width\":388,\"height\":388},{\"@type\":\"BreadcrumbList\",\"@id\":\"https:\\\/\\\/iberoid-shop.com\\\/pt\\\/product\\\/sp-nandrolone-sp-laboratories\\\/#breadcrumb\",\"itemListElement\":[{\"@type\":\"ListItem\",\"position\":1,\"name\":\"Portada\",\"item\":\"https:\\\/\\\/iberoid.com\\\/\"},{\"@type\":\"ListItem\",\"position\":2,\"name\":\"Loja\",\"item\":\"https:\\\/\\\/iberoid-shop.com\\\/pt\\\/shop\\\/\"},{\"@type\":\"ListItem\",\"position\":3,\"name\":\"SP Nandrolone D\"}]},{\"@type\":\"WebSite\",\"@id\":\"https:\\\/\\\/iberoid.com\\\/#website\",\"url\":\"https:\\\/\\\/iberoid.com\\\/\",\"name\":\"Ester\u00f3ides Online\",\"description\":\"Compre ester\u00f3ides online hoje em Espanha e Portugal. Temos o melhor servi\u00e7o ao cliente do setor e produtos da mais alta qualidade\",\"potentialAction\":[{\"@type\":\"SearchAction\",\"target\":{\"@type\":\"EntryPoint\",\"urlTemplate\":\"https:\\\/\\\/iberoid.com\\\/?s={search_term_string}\"},\"query-input\":{\"@type\":\"PropertyValueSpecification\",\"valueRequired\":true,\"valueName\":\"search_term_string\"}}],\"inLanguage\":\"pt-PT\"}]}<\/script>\n<meta property=\"product:brand\" content=\"SP Laboratories\" \/>\n<meta property=\"product:price:amount\" content=\"50.00\" \/>\n<meta property=\"product:price:currency\" content=\"EUR\" \/>\n<meta property=\"og:availability\" content=\"out of stock\" \/>\n<meta property=\"product:availability\" content=\"out of stock\" \/>\n<meta property=\"product:condition\" content=\"new\" \/>\n<!-- \/ Yoast SEO Premium plugin. -->","yoast_head_json":{"title":"SP Nandrolone D - Ester\u00f3ides Online","robots":{"index":"index","follow":"follow","max-snippet":"max-snippet:-1","max-image-preview":"max-image-preview:large","max-video-preview":"max-video-preview:-1"},"canonical":"https:\/\/iberoid-shop.com\/pt\/product\/sp-nandrolone-sp-laboratories\/","og_locale":"pt_PT","og_type":"article","og_title":"SP Nandrolone D","og_description":"Nome do produto: Nandrolona D Fabricante: SP Laboratories Apresenta\u00e7\u00e3o: Caixa com 10 ml 200mg \/ ml Subst\u00e2ncia ativa: decanoato de","og_url":"https:\/\/iberoid-shop.com\/pt\/product\/sp-nandrolone-sp-laboratories\/","og_site_name":"Ester\u00f3ides Online","article_modified_time":"2022-06-07T23:38:29+00:00","og_image":[{"width":388,"height":388,"url":"https:\/\/iberoid-shop.com\/wp-content\/uploads\/2020\/10\/deca-sp.jpg?v=1678120091","type":"image\/jpeg"}],"twitter_card":"summary_large_image","twitter_misc":{"pre\u00e7o":"&euro;50.00","Disponibilidade":"Esgotado"},"schema":{"@context":"https:\/\/schema.org","@graph":[{"@type":"WebPage","@id":"https:\/\/iberoid-shop.com\/pt\/product\/sp-nandrolone-sp-laboratories\/","url":"https:\/\/iberoid-shop.com\/pt\/product\/sp-nandrolone-sp-laboratories\/","name":"SP Nandrolone D - Ester\u00f3ides Online","isPartOf":{"@id":"https:\/\/iberoid.com\/#website"},"primaryImageOfPage":{"@id":"https:\/\/iberoid-shop.com\/pt\/product\/sp-nandrolone-sp-laboratories\/#primaryimage"},"image":{"@id":"https:\/\/iberoid-shop.com\/pt\/product\/sp-nandrolone-sp-laboratories\/#primaryimage"},"thumbnailUrl":"https:\/\/iberoid-shop.com\/wp-content\/uploads\/2020\/10\/deca-sp.jpg?v=1678120091","datePublished":"2020-10-08T17:33:58+00:00","dateModified":"2022-06-07T23:38:29+00:00","breadcrumb":{"@id":"https:\/\/iberoid-shop.com\/pt\/product\/sp-nandrolone-sp-laboratories\/#breadcrumb"},"inLanguage":"pt-PT","potentialAction":[{"@type":"ReadAction","target":[["https:\/\/iberoid-shop.com\/pt\/product\/sp-nandrolone-sp-laboratories\/"]]}]},{"@type":"ImageObject","inLanguage":"pt-PT","@id":"https:\/\/iberoid-shop.com\/pt\/product\/sp-nandrolone-sp-laboratories\/#primaryimage","url":"https:\/\/iberoid-shop.com\/wp-content\/uploads\/2020\/10\/deca-sp.jpg?v=1678120091","contentUrl":"https:\/\/iberoid-shop.com\/wp-content\/uploads\/2020\/10\/deca-sp.jpg?v=1678120091","width":388,"height":388},{"@type":"BreadcrumbList","@id":"https:\/\/iberoid-shop.com\/pt\/product\/sp-nandrolone-sp-laboratories\/#breadcrumb","itemListElement":[{"@type":"ListItem","position":1,"name":"Portada","item":"https:\/\/iberoid.com\/"},{"@type":"ListItem","position":2,"name":"Loja","item":"https:\/\/iberoid-shop.com\/pt\/shop\/"},{"@type":"ListItem","position":3,"name":"SP Nandrolone D"}]},{"@type":"WebSite","@id":"https:\/\/iberoid.com\/#website","url":"https:\/\/iberoid.com\/","name":"Ester\u00f3ides Online","description":"Compre ester\u00f3ides online hoje em Espanha e Portugal. Temos o melhor servi\u00e7o ao cliente do setor e produtos da mais alta qualidade","potentialAction":[{"@type":"SearchAction","target":{"@type":"EntryPoint","urlTemplate":"https:\/\/iberoid.com\/?s={search_term_string}"},"query-input":{"@type":"PropertyValueSpecification","valueRequired":true,"valueName":"search_term_string"}}],"inLanguage":"pt-PT"}]},"product_brand":"SP Laboratories","product_price_amount":"50.00","product_price_currency":"EUR","og_availability":"out of stock","product_availability":"out of stock","product_condition":"new"},"_links":{"self":[{"href":"https:\/\/iberoid-shop.com\/pt\/wp-json\/wp\/v2\/product\/5360","targetHints":{"allow":["GET"]}}],"collection":[{"href":"https:\/\/iberoid-shop.com\/pt\/wp-json\/wp\/v2\/product"}],"about":[{"href":"https:\/\/iberoid-shop.com\/pt\/wp-json\/wp\/v2\/types\/product"}],"replies":[{"embeddable":true,"href":"https:\/\/iberoid-shop.com\/pt\/wp-json\/wp\/v2\/comments?post=5360"}],"wp:featuredmedia":[{"embeddable":true,"href":"https:\/\/iberoid-shop.com\/pt\/wp-json\/wp\/v2\/media\/5361"}],"wp:attachment":[{"href":"https:\/\/iberoid-shop.com\/pt\/wp-json\/wp\/v2\/media?parent=5360"}],"wp:term":[{"taxonomy":"product_brand","embeddable":true,"href":"https:\/\/iberoid-shop.com\/pt\/wp-json\/wp\/v2\/product_brand?post=5360"},{"taxonomy":"product_cat","embeddable":true,"href":"https:\/\/iberoid-shop.com\/pt\/wp-json\/wp\/v2\/product_cat?post=5360"},{"taxonomy":"product_tag","embeddable":true,"href":"https:\/\/iberoid-shop.com\/pt\/wp-json\/wp\/v2\/product_tag?post=5360"}],"curies":[{"name":"wp","href":"https:\/\/api.w.org\/{rel}","templated":true}]}}