{"id":5309,"date":"2020-08-22T13:24:46","date_gmt":"2020-08-22T13:24:46","guid":{"rendered":"https:\/\/iberoid-shop.com\/?post_type=product&#038;p=5309"},"modified":"2021-10-09T10:57:21","modified_gmt":"2021-10-09T10:57:21","slug":"turhoged-turinabolchlorodehydromethyltestosterone-100-tablets","status":"publish","type":"product","link":"https:\/\/iberoid-shop.com\/pt\/product\/turhoged-turinabolchlorodehydromethyltestosterone-100-tablets\/","title":{"rendered":"TURHOGED &#8211; TURINABOL"},"content":{"rendered":"<p>Como mencionado anteriormente, TURHOGED \u00e9 na realidade uma forma modificada de Dianoged (Methandrostenolona), sendo na verdade uma combina\u00e7\u00e3o das estruturas qu\u00edmicas de Dianoged e Clostebol (4-clorotestosterona). Possui a mesma estrutura qu\u00edmica geral de Dianoged juntamente com a substitui\u00e7\u00e3o 4-cloro que o Clostebol possui. O resultado \u00e9 que o Tbol se torna um horm\u00f4nio muito mais brando do que o horm\u00f4nio original Dianoged. As altera\u00e7\u00f5es em sua estrutura qu\u00edmica removem a capacidade de ser aromatizado em estrog\u00eanio, al\u00e9m de exibir uma for\u00e7a androg\u00eanica muito mais fraca. TURHOGED, portanto, possui uma classifica\u00e7\u00e3o anab\u00f3lica de 54 e uma classifica\u00e7\u00e3o androg\u00eanica muito baixa de 6, tornando sua separa\u00e7\u00e3o entre os efeitos anab\u00f3licos e androg\u00eanicos muito distintos e favor\u00e1veis. Embora a intensidade anab\u00f3lica seja consideravelmente menor do que a classifica\u00e7\u00e3o Dianoged de 90 &#8211; 210, a dist\u00e2ncia distinta entre os efeitos anab\u00f3licos e androg\u00eanicos do TURHOGED tendem a ser muito mais favor\u00e1veis \u200b\u200bao indiv\u00edduo.<\/p>\n<p>As modifica\u00e7\u00f5es qu\u00edmicas TURHOGED tamb\u00e9m garantem uma meia-vida de 16 horas, bem como a capacidade de se ligar a SHBG (Globulina de liga\u00e7\u00e3o ao horm\u00f4nio sexual).<\/p>\n<p>O TURHOGED \u00e9 C17-alfa alquilado de modo a permitir a biodisponibilidade oral e, como resultado, exibir\u00e1 uma medida de toxicidade hep\u00e1tica. Ele tamb\u00e9m possui uma liga\u00e7\u00e3o dupla entre o carbono 1 e o carbono 2 (tamb\u00e9m conhecido como carbono 1-eno), e \u00e9 essa liga\u00e7\u00e3o dupla que \u00e9 respons\u00e1vel pela redu\u00e7\u00e3o da for\u00e7a androg\u00eanica. Por fim, como mencionado anteriormente, foi adicionado um grupo cloro no 4o carbono, respons\u00e1vel por torn\u00e1-lo incapaz de aromatizar e reduzir ainda mais a for\u00e7a androg\u00eanica.<\/p>\n<p>Por causa de sua separa\u00e7\u00e3o distinta de seus efeitos androg\u00eanicos em anab\u00f3licos, \u00e9 um ester\u00f3ide anabolizante mais fraco do que seu horm\u00f4nio original Dianoged. No entanto, a garantia com Tbol \u00e9 que com qualquer capacidade aparente de constru\u00e7\u00e3o muscular, apresentar\u00e1 muito menos efeitos androg\u00eanicos e absolutamente nenhum efeito estrog\u00eanico (devido \u00e0 sua incapacidade de aromatizar em estrog\u00eanio). Por causa de sua for\u00e7a bastante mais fraca do que o Dianabol, as doses necess\u00e1rias para provocar os efeitos do Tbol s\u00e3o consideradas bastante altas (isso ser\u00e1 explicado em breve na se\u00e7\u00e3o de doses de TURHOGED deste perfil).<\/p>\n<p>Em geral, atletas e fisiculturistas podem esperar ganhos de massa magra constantes e de qualidade, sem risco de qualquer incha\u00e7o, ginecomastia ou quaisquer outros efeitos estrog\u00eanicos. Os ganhos de massa e for\u00e7a n\u00e3o s\u00e3o conhecidos por serem dram\u00e1ticos devido \u00e0 sua falta de for\u00e7a anab\u00f3lica, mas podem ser esperados ganhos magros est\u00e1veis \u200b\u200be de qualidade que crescem consistentemente ao longo do tempo. Tamb\u00e9m \u00e9 usado como um agente de corte ideal durante os per\u00edodos de perda de gordura ou prepara\u00e7\u00e3o pr\u00e9-competi\u00e7\u00e3o devido \u00e0 sua incapacidade de se converter em estrog\u00eanio. As capacidades do TURHOGED realmente brilham como um complemento de outros ester\u00f3ides anabolizantes quando \u00e9 executado (empilhado) com outros ester\u00f3ides anabolizantes devido \u00e0 sua capacidade de se ligar ao SHBG. A liga\u00e7\u00e3o ao SHBG permite que mais dos outros ester\u00f3ides anabolizantes com os quais ele est\u00e1 acumulado estejam dispon\u00edveis para fazer seu trabalho, sendo desinibido pelo SHBG, o que \u00e9 outra vantagem que ele exibe.<\/p>","protected":false},"excerpt":{"rendered":"<p>Como mencionado anteriormente, TURHOGED \u00e9 na realidade uma forma modificada de Dianoged (Methandrostenolona), sendo na verdade uma combina\u00e7\u00e3o das estruturas<\/p>\n","protected":false},"featured_media":5310,"comment_status":"open","ping_status":"closed","template":"","meta":[],"product_brand":[],"product_cat":[73],"product_tag":[],"class_list":{"0":"post-5309","1":"product","2":"type-product","3":"status-publish","4":"has-post-thumbnail","6":"product_cat-ssteroides_orales","8":"first","9":"outofstock","10":"shipping-taxable","11":"purchasable","12":"product-type-simple"},"yoast_head":"<!-- This site is optimized with the Yoast SEO Premium plugin v24.4 (Yoast SEO v27.3) - https:\/\/yoast.com\/product\/yoast-seo-premium-wordpress\/ -->\n<title>TURHOGED - TURINABOL - Ester\u00f3ides Online<\/title>\n<meta name=\"robots\" content=\"index, follow, max-snippet:-1, max-image-preview:large, max-video-preview:-1\" \/>\n<link rel=\"canonical\" href=\"https:\/\/iberoid-shop.com\/pt\/product\/turhoged-turinabolchlorodehydromethyltestosterone-100-tablets\/\" \/>\n<meta property=\"og:locale\" content=\"pt_PT\" \/>\n<meta property=\"og:type\" content=\"article\" \/>\n<meta property=\"og:title\" content=\"TURHOGED - TURINABOL\" \/>\n<meta property=\"og:description\" content=\"Como mencionado anteriormente, TURHOGED \u00e9 na realidade uma forma modificada de Dianoged (Methandrostenolona), sendo na verdade uma combina\u00e7\u00e3o das estruturas\" \/>\n<meta property=\"og:url\" content=\"https:\/\/iberoid-shop.com\/pt\/product\/turhoged-turinabolchlorodehydromethyltestosterone-100-tablets\/\" \/>\n<meta property=\"og:site_name\" content=\"Ester\u00f3ides Online\" \/>\n<meta property=\"article:modified_time\" content=\"2021-10-09T10:57:21+00:00\" \/>\n<meta property=\"og:image\" content=\"https:\/\/iberoid-shop.com\/wp-content\/uploads\/2020\/08\/TURHOGED.jpg?v=1678120095\" \/>\n\t<meta property=\"og:image:width\" content=\"500\" \/>\n\t<meta property=\"og:image:height\" content=\"500\" \/>\n\t<meta property=\"og:image:type\" content=\"image\/jpeg\" \/>\n<meta name=\"twitter:card\" content=\"summary_large_image\" \/>\n<meta name=\"twitter:label1\" content=\"pre\u00e7o\" \/>\n\t<meta name=\"twitter:data1\" content=\"&euro;40.00\" \/>\n\t<meta name=\"twitter:label2\" content=\"Disponibilidade\" \/>\n\t<meta name=\"twitter:data2\" content=\"Esgotado\" \/>\n<script type=\"application\/ld+json\" class=\"yoast-schema-graph\">{\"@context\":\"https:\\\/\\\/schema.org\",\"@graph\":[{\"@type\":\"WebPage\",\"@id\":\"https:\\\/\\\/iberoid-shop.com\\\/pt\\\/product\\\/turhoged-turinabolchlorodehydromethyltestosterone-100-tablets\\\/\",\"url\":\"https:\\\/\\\/iberoid-shop.com\\\/pt\\\/product\\\/turhoged-turinabolchlorodehydromethyltestosterone-100-tablets\\\/\",\"name\":\"TURHOGED - TURINABOL - Ester\u00f3ides Online\",\"isPartOf\":{\"@id\":\"https:\\\/\\\/iberoid.com\\\/#website\"},\"primaryImageOfPage\":{\"@id\":\"https:\\\/\\\/iberoid-shop.com\\\/pt\\\/product\\\/turhoged-turinabolchlorodehydromethyltestosterone-100-tablets\\\/#primaryimage\"},\"image\":{\"@id\":\"https:\\\/\\\/iberoid-shop.com\\\/pt\\\/product\\\/turhoged-turinabolchlorodehydromethyltestosterone-100-tablets\\\/#primaryimage\"},\"thumbnailUrl\":\"https:\\\/\\\/iberoid-shop.com\\\/wp-content\\\/uploads\\\/2020\\\/08\\\/TURHOGED.jpg?v=1678120095\",\"datePublished\":\"2020-08-22T13:24:46+00:00\",\"dateModified\":\"2021-10-09T10:57:21+00:00\",\"breadcrumb\":{\"@id\":\"https:\\\/\\\/iberoid-shop.com\\\/pt\\\/product\\\/turhoged-turinabolchlorodehydromethyltestosterone-100-tablets\\\/#breadcrumb\"},\"inLanguage\":\"pt-PT\",\"potentialAction\":[{\"@type\":\"ReadAction\",\"target\":[[\"https:\\\/\\\/iberoid-shop.com\\\/pt\\\/product\\\/turhoged-turinabolchlorodehydromethyltestosterone-100-tablets\\\/\"]]}]},{\"@type\":\"ImageObject\",\"inLanguage\":\"pt-PT\",\"@id\":\"https:\\\/\\\/iberoid-shop.com\\\/pt\\\/product\\\/turhoged-turinabolchlorodehydromethyltestosterone-100-tablets\\\/#primaryimage\",\"url\":\"https:\\\/\\\/iberoid-shop.com\\\/wp-content\\\/uploads\\\/2020\\\/08\\\/TURHOGED.jpg?v=1678120095\",\"contentUrl\":\"https:\\\/\\\/iberoid-shop.com\\\/wp-content\\\/uploads\\\/2020\\\/08\\\/TURHOGED.jpg?v=1678120095\",\"width\":500,\"height\":500},{\"@type\":\"BreadcrumbList\",\"@id\":\"https:\\\/\\\/iberoid-shop.com\\\/pt\\\/product\\\/turhoged-turinabolchlorodehydromethyltestosterone-100-tablets\\\/#breadcrumb\",\"itemListElement\":[{\"@type\":\"ListItem\",\"position\":1,\"name\":\"Portada\",\"item\":\"https:\\\/\\\/iberoid.com\\\/\"},{\"@type\":\"ListItem\",\"position\":2,\"name\":\"Loja\",\"item\":\"https:\\\/\\\/iberoid-shop.com\\\/pt\\\/shop\\\/\"},{\"@type\":\"ListItem\",\"position\":3,\"name\":\"TURHOGED &#8211; TURINABOL\"}]},{\"@type\":\"WebSite\",\"@id\":\"https:\\\/\\\/iberoid.com\\\/#website\",\"url\":\"https:\\\/\\\/iberoid.com\\\/\",\"name\":\"Ester\u00f3ides Online\",\"description\":\"Compre ester\u00f3ides online hoje em Espanha e Portugal. Temos o melhor servi\u00e7o ao cliente do setor e produtos da mais alta qualidade\",\"potentialAction\":[{\"@type\":\"SearchAction\",\"target\":{\"@type\":\"EntryPoint\",\"urlTemplate\":\"https:\\\/\\\/iberoid.com\\\/?s={search_term_string}\"},\"query-input\":{\"@type\":\"PropertyValueSpecification\",\"valueRequired\":true,\"valueName\":\"search_term_string\"}}],\"inLanguage\":\"pt-PT\"}]}<\/script>\n<meta property=\"product:brand\" content=\"Golden Dragon\" \/>\n<meta property=\"product:price:amount\" content=\"40.00\" \/>\n<meta property=\"product:price:currency\" content=\"EUR\" \/>\n<meta property=\"og:availability\" content=\"out of stock\" \/>\n<meta property=\"product:availability\" content=\"out of stock\" \/>\n<meta property=\"product:condition\" content=\"new\" \/>\n<!-- \/ Yoast SEO Premium plugin. -->","yoast_head_json":{"title":"TURHOGED - TURINABOL - Ester\u00f3ides Online","robots":{"index":"index","follow":"follow","max-snippet":"max-snippet:-1","max-image-preview":"max-image-preview:large","max-video-preview":"max-video-preview:-1"},"canonical":"https:\/\/iberoid-shop.com\/pt\/product\/turhoged-turinabolchlorodehydromethyltestosterone-100-tablets\/","og_locale":"pt_PT","og_type":"article","og_title":"TURHOGED - TURINABOL","og_description":"Como mencionado anteriormente, TURHOGED \u00e9 na realidade uma forma modificada de Dianoged (Methandrostenolona), sendo na verdade uma combina\u00e7\u00e3o das estruturas","og_url":"https:\/\/iberoid-shop.com\/pt\/product\/turhoged-turinabolchlorodehydromethyltestosterone-100-tablets\/","og_site_name":"Ester\u00f3ides Online","article_modified_time":"2021-10-09T10:57:21+00:00","og_image":[{"width":500,"height":500,"url":"https:\/\/iberoid-shop.com\/wp-content\/uploads\/2020\/08\/TURHOGED.jpg?v=1678120095","type":"image\/jpeg"}],"twitter_card":"summary_large_image","twitter_misc":{"pre\u00e7o":"&euro;40.00","Disponibilidade":"Esgotado"},"schema":{"@context":"https:\/\/schema.org","@graph":[{"@type":"WebPage","@id":"https:\/\/iberoid-shop.com\/pt\/product\/turhoged-turinabolchlorodehydromethyltestosterone-100-tablets\/","url":"https:\/\/iberoid-shop.com\/pt\/product\/turhoged-turinabolchlorodehydromethyltestosterone-100-tablets\/","name":"TURHOGED - TURINABOL - Ester\u00f3ides Online","isPartOf":{"@id":"https:\/\/iberoid.com\/#website"},"primaryImageOfPage":{"@id":"https:\/\/iberoid-shop.com\/pt\/product\/turhoged-turinabolchlorodehydromethyltestosterone-100-tablets\/#primaryimage"},"image":{"@id":"https:\/\/iberoid-shop.com\/pt\/product\/turhoged-turinabolchlorodehydromethyltestosterone-100-tablets\/#primaryimage"},"thumbnailUrl":"https:\/\/iberoid-shop.com\/wp-content\/uploads\/2020\/08\/TURHOGED.jpg?v=1678120095","datePublished":"2020-08-22T13:24:46+00:00","dateModified":"2021-10-09T10:57:21+00:00","breadcrumb":{"@id":"https:\/\/iberoid-shop.com\/pt\/product\/turhoged-turinabolchlorodehydromethyltestosterone-100-tablets\/#breadcrumb"},"inLanguage":"pt-PT","potentialAction":[{"@type":"ReadAction","target":[["https:\/\/iberoid-shop.com\/pt\/product\/turhoged-turinabolchlorodehydromethyltestosterone-100-tablets\/"]]}]},{"@type":"ImageObject","inLanguage":"pt-PT","@id":"https:\/\/iberoid-shop.com\/pt\/product\/turhoged-turinabolchlorodehydromethyltestosterone-100-tablets\/#primaryimage","url":"https:\/\/iberoid-shop.com\/wp-content\/uploads\/2020\/08\/TURHOGED.jpg?v=1678120095","contentUrl":"https:\/\/iberoid-shop.com\/wp-content\/uploads\/2020\/08\/TURHOGED.jpg?v=1678120095","width":500,"height":500},{"@type":"BreadcrumbList","@id":"https:\/\/iberoid-shop.com\/pt\/product\/turhoged-turinabolchlorodehydromethyltestosterone-100-tablets\/#breadcrumb","itemListElement":[{"@type":"ListItem","position":1,"name":"Portada","item":"https:\/\/iberoid.com\/"},{"@type":"ListItem","position":2,"name":"Loja","item":"https:\/\/iberoid-shop.com\/pt\/shop\/"},{"@type":"ListItem","position":3,"name":"TURHOGED &#8211; TURINABOL"}]},{"@type":"WebSite","@id":"https:\/\/iberoid.com\/#website","url":"https:\/\/iberoid.com\/","name":"Ester\u00f3ides Online","description":"Compre ester\u00f3ides online hoje em Espanha e Portugal. Temos o melhor servi\u00e7o ao cliente do setor e produtos da mais alta qualidade","potentialAction":[{"@type":"SearchAction","target":{"@type":"EntryPoint","urlTemplate":"https:\/\/iberoid.com\/?s={search_term_string}"},"query-input":{"@type":"PropertyValueSpecification","valueRequired":true,"valueName":"search_term_string"}}],"inLanguage":"pt-PT"}]},"product_brand":"Golden Dragon","product_price_amount":"40.00","product_price_currency":"EUR","og_availability":"out of stock","product_availability":"out of stock","product_condition":"new"},"_links":{"self":[{"href":"https:\/\/iberoid-shop.com\/pt\/wp-json\/wp\/v2\/product\/5309","targetHints":{"allow":["GET"]}}],"collection":[{"href":"https:\/\/iberoid-shop.com\/pt\/wp-json\/wp\/v2\/product"}],"about":[{"href":"https:\/\/iberoid-shop.com\/pt\/wp-json\/wp\/v2\/types\/product"}],"replies":[{"embeddable":true,"href":"https:\/\/iberoid-shop.com\/pt\/wp-json\/wp\/v2\/comments?post=5309"}],"wp:featuredmedia":[{"embeddable":true,"href":"https:\/\/iberoid-shop.com\/pt\/wp-json\/wp\/v2\/media\/5310"}],"wp:attachment":[{"href":"https:\/\/iberoid-shop.com\/pt\/wp-json\/wp\/v2\/media?parent=5309"}],"wp:term":[{"taxonomy":"product_brand","embeddable":true,"href":"https:\/\/iberoid-shop.com\/pt\/wp-json\/wp\/v2\/product_brand?post=5309"},{"taxonomy":"product_cat","embeddable":true,"href":"https:\/\/iberoid-shop.com\/pt\/wp-json\/wp\/v2\/product_cat?post=5309"},{"taxonomy":"product_tag","embeddable":true,"href":"https:\/\/iberoid-shop.com\/pt\/wp-json\/wp\/v2\/product_tag?post=5309"}],"curies":[{"name":"wp","href":"https:\/\/api.w.org\/{rel}","templated":true}]}}