{"id":5228,"date":"2020-07-05T12:25:13","date_gmt":"2020-07-05T12:25:13","guid":{"rendered":"https:\/\/iberoid-shop.com\/?post_type=product&#038;p=5228"},"modified":"2026-02-08T12:22:50","modified_gmt":"2026-02-08T12:22:50","slug":"trembolona-acetato-100-mg-ml","status":"publish","type":"product","link":"https:\/\/iberoid-shop.com\/pt\/product\/trembolona-acetato-100-mg-ml\/","title":{"rendered":"Trenbolone Acetate"},"content":{"rendered":"<p><strong>Trenbolone Acetate<\/strong> \u00e9 um ester\u00f3ide anab\u00f3lico. \u00c9 considerado um dos medicamentos mais poderosos para melhorar o desempenho de todos os tempos. Em compara\u00e7\u00e3o com outros medicamentos da mesma fun\u00e7\u00e3o, ele come\u00e7a a mostrar seus efeitos rapidamente.<\/p>\n<p>Nos dias anteriores, o medicamento era usado para aumentar a massa muscular e a for\u00e7a no estoque de animais. Mas devido \u00e0s suas propriedades surpreendentes, logo foi adotado como uma droga para melhorar o desempenho dos atletas. \u00c9 dada prefer\u00eancia ao acetato de trembolona em rela\u00e7\u00e3o a outros medicamentos da mesma fun\u00e7\u00e3o. Isso tamb\u00e9m ocorre porque mant\u00e9m o n\u00edvel sangu\u00edneo bastante est\u00e1vel. E, no entanto, oferece desempenho m\u00e1ximo.<\/p>\n<p><strong>Efeitos:<\/strong><\/p>\n<p>Trenbolone Acetate \u00e9 extremamente \u00fatil durante o per\u00edodo de corte. Preserva o tecido magro. Isso \u00e9 especialmente \u00fatil durante a dieta. Na dieta, seu principal objetivo \u00e9 perder gordura e n\u00e3o m\u00fasculos. Portanto, este produto economiza a massa muscular, necess\u00e1ria diretamente para a for\u00e7a.<\/p>\n<p>Este medicamento tamb\u00e9m d\u00e1 lugar ao aumento do metabolismo, que \u00e9 novamente \u00fatil na queima de gordura. Portanto, este medicamento tamb\u00e9m atua como um medicamento complementar \u00e0 dieta.<\/p>\n<p>Este produto produz altera\u00e7\u00f5es definitivas na dureza e vasculariza\u00e7\u00e3o do corpo. Ao contr\u00e1rio de muitos outros ester\u00f3ides, este medicamento n\u00e3o possui propriedades de reten\u00e7\u00e3o de \u00e1gua. Isso sugere que todo o peso que voc\u00ea ganha devido a este produto ser\u00e1 massa muscular.<\/p>\n<p>Isso leva a um aumento adicional da for\u00e7a. Tamb\u00e9m promove uma recupera\u00e7\u00e3o mais r\u00e1pida do m\u00fasculo rompido, que \u00e9 onde est\u00e3o os verdadeiros benef\u00edcios. Em alguns indiv\u00edduos, isso pode afetar a sa\u00fade cardiovascular, mas, ao todo, aumenta a for\u00e7a e a resist\u00eancia muscular.<\/p>\n<p><strong>Benef\u00edcios:<\/strong><br \/>\nAumenta a s\u00edntese e for\u00e7a de prote\u00ednas: O principal benef\u00edcio deste produto \u00e9 que ele promove a s\u00edntese de prote\u00ednas. A prote\u00edna acumula o m\u00fasculo. Isso promove for\u00e7a. A prote\u00edna \u00e9 o bloco de constru\u00e7\u00e3o dos m\u00fasculos. E \u00e9 muito necess\u00e1rio para a for\u00e7a muscular.<\/p>\n<p>Este medicamento tamb\u00e9m possui propriedades de reten\u00e7\u00e3o de nitrog\u00eanio. Embora exista apenas 16% de nitrog\u00eanio no tecido muscular, essa pequena quantidade \u00e9 significativa para as fun\u00e7\u00f5es de constru\u00e7\u00e3o muscular. Isso cria uma atmosfera anab\u00f3lica.<\/p>\n<p>Aumenta a produ\u00e7\u00e3o de horm\u00f4nios e hem\u00e1cias: estimula a produ\u00e7\u00e3o de certos horm\u00f4nios baseados em prote\u00ednas, necess\u00e1rios para a repara\u00e7\u00e3o, recupera\u00e7\u00e3o e nutri\u00e7\u00e3o dos tecidos. Este produto aumenta o n\u00famero de gl\u00f3bulos vermelhos no sangue. Os gl\u00f3bulos vermelhos s\u00e3o c\u00e9lulas que transportam oxig\u00eanio. Aumento das hem\u00e1cias significa mais oxigena\u00e7\u00e3o, o que leva a uma melhor resist\u00eancia.<\/p>\n<p>Este medicamento tamb\u00e9m suprime a libera\u00e7\u00e3o de certos horm\u00f4nios do estresse como o cortisol. Os horm\u00f4nios do estresse diminuem as fun\u00e7\u00f5es de queima de gordura. Ao reduzir esses horm\u00f4nios do estresse, este medicamento promove a atividade de queima de gordura e protege a massa muscular.<br \/>\nMelhora o metabolismo: O acetato de trembolona tamb\u00e9m aumenta o metabolismo, portanto, desempenhando um papel vital na queima de gordura e na dieta. Tamb\u00e9m possui propriedades para aumentar o valor nutritivo.<\/p>\n<p><strong>Dosagem:<\/strong><\/p>\n<p>A dosagem variar\u00e1 dependendo da toler\u00e2ncia e exig\u00eancia da pessoa. Este medicamento \u00e9 geralmente prescrito em doses moderadas e baixas, pois \u00e9 um medicamento muito poderoso. At\u00e9 50 mg em dias alternados \u00e9 muito comum. Para usu\u00e1rios regulares, 75-100mg em dias alternados ser\u00e3o suficientes.<\/p>\n<p>Em alguns casos, quando necess\u00e1rio, as doses podem variar entre 500-700mg por semana. Ou eles podem at\u00e9 ter 200 mg em dias alternados em casos raros. O intervalo de tempo comum \u00e9 de 6 a 8 semanas, mas pode ir de 10 a 12 semanas.<\/p>","protected":false},"excerpt":{"rendered":"<p>Trenbolone Acetate \u00e9 um ester\u00f3ide anab\u00f3lico. \u00c9 considerado um dos medicamentos mais poderosos para melhorar o desempenho de todos os<\/p>\n","protected":false},"featured_media":5229,"comment_status":"open","ping_status":"closed","template":"","meta":[],"product_brand":[],"product_cat":[69],"product_tag":[3449],"class_list":{"0":"post-5228","1":"product","2":"type-product","3":"status-publish","4":"has-post-thumbnail","6":"product_cat-esteroides_inyectables","7":"product_tag-pharmabol","9":"first","10":"instock","11":"shipping-taxable","12":"purchasable","13":"product-type-simple"},"yoast_head":"<!-- This site is optimized with the Yoast SEO Premium plugin v24.4 (Yoast SEO v27.0) - https:\/\/yoast.com\/product\/yoast-seo-premium-wordpress\/ -->\n<title>Trenbolone Acetate - Ester\u00f3ides Online<\/title>\n<meta name=\"description\" content=\"Acetato de Trenbolona \u00e9 um esteroide de a\u00e7\u00e3o r\u00e1pida que aumenta massa muscular, perda de gordura, for\u00e7a, recupera\u00e7\u00e3o e resist\u00eancia sem reten\u00e7\u00e3o de \u00e1gua.\" \/>\n<meta name=\"robots\" content=\"index, follow, max-snippet:-1, max-image-preview:large, max-video-preview:-1\" \/>\n<link rel=\"canonical\" href=\"https:\/\/iberoid-shop.com\/pt\/product\/trembolona-acetato-100-mg-ml\/\" \/>\n<meta property=\"og:locale\" content=\"pt_PT\" \/>\n<meta property=\"og:type\" content=\"article\" \/>\n<meta property=\"og:title\" content=\"Trenbolone Acetate\" \/>\n<meta property=\"og:description\" content=\"Acetato de Trenbolona \u00e9 um esteroide de a\u00e7\u00e3o r\u00e1pida que aumenta massa muscular, perda de gordura, for\u00e7a, recupera\u00e7\u00e3o e resist\u00eancia sem reten\u00e7\u00e3o de \u00e1gua.\" \/>\n<meta property=\"og:url\" content=\"https:\/\/iberoid-shop.com\/pt\/product\/trembolona-acetato-100-mg-ml\/\" \/>\n<meta property=\"og:site_name\" content=\"Ester\u00f3ides Online\" \/>\n<meta property=\"article:modified_time\" content=\"2026-02-08T12:22:50+00:00\" \/>\n<meta property=\"og:image\" content=\"https:\/\/iberoid-shop.com\/wp-content\/uploads\/2020\/07\/TRENBOLONE-A-copia-2-scaled.jpg?v=1678120104\" \/>\n\t<meta property=\"og:image:width\" content=\"1936\" \/>\n\t<meta property=\"og:image:height\" content=\"2560\" \/>\n\t<meta property=\"og:image:type\" content=\"image\/jpeg\" \/>\n<meta name=\"twitter:card\" content=\"summary_large_image\" \/>\n<meta name=\"twitter:label1\" content=\"pre\u00e7o\" \/>\n\t<meta name=\"twitter:data1\" content=\"&euro;40.00\" \/>\n\t<meta name=\"twitter:label2\" content=\"Disponibilidade\" \/>\n\t<meta name=\"twitter:data2\" content=\"Em stock\" \/>\n<script type=\"application\/ld+json\" class=\"yoast-schema-graph\">{\"@context\":\"https:\/\/schema.org\",\"@graph\":[{\"@type\":\"WebPage\",\"@id\":\"https:\/\/iberoid-shop.com\/pt\/product\/trembolona-acetato-100-mg-ml\/\",\"url\":\"https:\/\/iberoid-shop.com\/pt\/product\/trembolona-acetato-100-mg-ml\/\",\"name\":\"Trenbolone Acetate - Ester\u00f3ides Online\",\"isPartOf\":{\"@id\":\"https:\/\/iberoid-shop.com\/pt\/#website\"},\"primaryImageOfPage\":{\"@id\":\"https:\/\/iberoid-shop.com\/pt\/product\/trembolona-acetato-100-mg-ml\/#primaryimage\"},\"image\":{\"@id\":\"https:\/\/iberoid-shop.com\/pt\/product\/trembolona-acetato-100-mg-ml\/#primaryimage\"},\"thumbnailUrl\":\"https:\/\/iberoid-shop.com\/wp-content\/uploads\/2020\/07\/TRENBOLONE-A-copia-2-scaled.jpg?v=1678120104\",\"datePublished\":\"2020-07-05T12:25:13+00:00\",\"dateModified\":\"2026-02-08T12:22:50+00:00\",\"description\":\"Acetato de Trenbolona \u00e9 um esteroide de a\u00e7\u00e3o r\u00e1pida que aumenta massa muscular, perda de gordura, for\u00e7a, recupera\u00e7\u00e3o e resist\u00eancia sem reten\u00e7\u00e3o de \u00e1gua.\",\"breadcrumb\":{\"@id\":\"https:\/\/iberoid-shop.com\/pt\/product\/trembolona-acetato-100-mg-ml\/#breadcrumb\"},\"inLanguage\":\"pt-PT\",\"potentialAction\":[{\"@type\":\"ReadAction\",\"target\":[[\"https:\/\/iberoid-shop.com\/pt\/product\/trembolona-acetato-100-mg-ml\/\"]]}]},{\"@type\":\"ImageObject\",\"inLanguage\":\"pt-PT\",\"@id\":\"https:\/\/iberoid-shop.com\/pt\/product\/trembolona-acetato-100-mg-ml\/#primaryimage\",\"url\":\"https:\/\/iberoid-shop.com\/wp-content\/uploads\/2020\/07\/TRENBOLONE-A-copia-2-scaled.jpg?v=1678120104\",\"contentUrl\":\"https:\/\/iberoid-shop.com\/wp-content\/uploads\/2020\/07\/TRENBOLONE-A-copia-2-scaled.jpg?v=1678120104\",\"width\":1936,\"height\":2560},{\"@type\":\"BreadcrumbList\",\"@id\":\"https:\/\/iberoid-shop.com\/pt\/product\/trembolona-acetato-100-mg-ml\/#breadcrumb\",\"itemListElement\":[{\"@type\":\"ListItem\",\"position\":1,\"name\":\"Portada\",\"item\":\"https:\/\/iberoid-shop.com\/pt\/\"},{\"@type\":\"ListItem\",\"position\":2,\"name\":\"Loja\",\"item\":\"https:\/\/iberoid-shop.com\/pt\/shop\/\"},{\"@type\":\"ListItem\",\"position\":3,\"name\":\"Trenbolone Acetate\"}]},{\"@type\":\"WebSite\",\"@id\":\"https:\/\/iberoid-shop.com\/pt\/#website\",\"url\":\"https:\/\/iberoid-shop.com\/pt\/\",\"name\":\"Ester\u00f3ides Online\",\"description\":\"Compre ester\u00f3ides online hoje em Espanha e Portugal. Temos o melhor servi\u00e7o ao cliente do setor e produtos da mais alta qualidade\",\"potentialAction\":[{\"@type\":\"SearchAction\",\"target\":{\"@type\":\"EntryPoint\",\"urlTemplate\":\"https:\/\/iberoid-shop.com\/pt\/?s={search_term_string}\"},\"query-input\":{\"@type\":\"PropertyValueSpecification\",\"valueRequired\":true,\"valueName\":\"search_term_string\"}}],\"inLanguage\":\"pt-PT\"}]}<\/script>\n<meta property=\"product:brand\" content=\"Pharmabol\" \/>\n<meta property=\"product:price:amount\" content=\"40.00\" \/>\n<meta property=\"product:price:currency\" content=\"EUR\" \/>\n<meta property=\"og:availability\" content=\"instock\" \/>\n<meta property=\"product:availability\" content=\"instock\" \/>\n<meta property=\"product:condition\" content=\"new\" \/>\n<!-- \/ Yoast SEO Premium plugin. -->","yoast_head_json":{"title":"Trenbolone Acetate - Ester\u00f3ides Online","description":"Acetato de Trenbolona \u00e9 um esteroide de a\u00e7\u00e3o r\u00e1pida que aumenta massa muscular, perda de gordura, for\u00e7a, recupera\u00e7\u00e3o e resist\u00eancia sem reten\u00e7\u00e3o de \u00e1gua.","robots":{"index":"index","follow":"follow","max-snippet":"max-snippet:-1","max-image-preview":"max-image-preview:large","max-video-preview":"max-video-preview:-1"},"canonical":"https:\/\/iberoid-shop.com\/pt\/product\/trembolona-acetato-100-mg-ml\/","og_locale":"pt_PT","og_type":"article","og_title":"Trenbolone Acetate","og_description":"Acetato de Trenbolona \u00e9 um esteroide de a\u00e7\u00e3o r\u00e1pida que aumenta massa muscular, perda de gordura, for\u00e7a, recupera\u00e7\u00e3o e resist\u00eancia sem reten\u00e7\u00e3o de \u00e1gua.","og_url":"https:\/\/iberoid-shop.com\/pt\/product\/trembolona-acetato-100-mg-ml\/","og_site_name":"Ester\u00f3ides Online","article_modified_time":"2026-02-08T12:22:50+00:00","og_image":[{"width":1936,"height":2560,"url":"https:\/\/iberoid-shop.com\/wp-content\/uploads\/2020\/07\/TRENBOLONE-A-copia-2-scaled.jpg?v=1678120104","type":"image\/jpeg"}],"twitter_card":"summary_large_image","twitter_misc":{"pre\u00e7o":"&euro;40.00","Disponibilidade":"Em stock"},"schema":{"@context":"https:\/\/schema.org","@graph":[{"@type":"WebPage","@id":"https:\/\/iberoid-shop.com\/pt\/product\/trembolona-acetato-100-mg-ml\/","url":"https:\/\/iberoid-shop.com\/pt\/product\/trembolona-acetato-100-mg-ml\/","name":"Trenbolone Acetate - Ester\u00f3ides Online","isPartOf":{"@id":"https:\/\/iberoid-shop.com\/pt\/#website"},"primaryImageOfPage":{"@id":"https:\/\/iberoid-shop.com\/pt\/product\/trembolona-acetato-100-mg-ml\/#primaryimage"},"image":{"@id":"https:\/\/iberoid-shop.com\/pt\/product\/trembolona-acetato-100-mg-ml\/#primaryimage"},"thumbnailUrl":"https:\/\/iberoid-shop.com\/wp-content\/uploads\/2020\/07\/TRENBOLONE-A-copia-2-scaled.jpg?v=1678120104","datePublished":"2020-07-05T12:25:13+00:00","dateModified":"2026-02-08T12:22:50+00:00","description":"Acetato de Trenbolona \u00e9 um esteroide de a\u00e7\u00e3o r\u00e1pida que aumenta massa muscular, perda de gordura, for\u00e7a, recupera\u00e7\u00e3o e resist\u00eancia sem reten\u00e7\u00e3o de \u00e1gua.","breadcrumb":{"@id":"https:\/\/iberoid-shop.com\/pt\/product\/trembolona-acetato-100-mg-ml\/#breadcrumb"},"inLanguage":"pt-PT","potentialAction":[{"@type":"ReadAction","target":[["https:\/\/iberoid-shop.com\/pt\/product\/trembolona-acetato-100-mg-ml\/"]]}]},{"@type":"ImageObject","inLanguage":"pt-PT","@id":"https:\/\/iberoid-shop.com\/pt\/product\/trembolona-acetato-100-mg-ml\/#primaryimage","url":"https:\/\/iberoid-shop.com\/wp-content\/uploads\/2020\/07\/TRENBOLONE-A-copia-2-scaled.jpg?v=1678120104","contentUrl":"https:\/\/iberoid-shop.com\/wp-content\/uploads\/2020\/07\/TRENBOLONE-A-copia-2-scaled.jpg?v=1678120104","width":1936,"height":2560},{"@type":"BreadcrumbList","@id":"https:\/\/iberoid-shop.com\/pt\/product\/trembolona-acetato-100-mg-ml\/#breadcrumb","itemListElement":[{"@type":"ListItem","position":1,"name":"Portada","item":"https:\/\/iberoid-shop.com\/pt\/"},{"@type":"ListItem","position":2,"name":"Loja","item":"https:\/\/iberoid-shop.com\/pt\/shop\/"},{"@type":"ListItem","position":3,"name":"Trenbolone Acetate"}]},{"@type":"WebSite","@id":"https:\/\/iberoid-shop.com\/pt\/#website","url":"https:\/\/iberoid-shop.com\/pt\/","name":"Ester\u00f3ides Online","description":"Compre ester\u00f3ides online hoje em Espanha e Portugal. Temos o melhor servi\u00e7o ao cliente do setor e produtos da mais alta qualidade","potentialAction":[{"@type":"SearchAction","target":{"@type":"EntryPoint","urlTemplate":"https:\/\/iberoid-shop.com\/pt\/?s={search_term_string}"},"query-input":{"@type":"PropertyValueSpecification","valueRequired":true,"valueName":"search_term_string"}}],"inLanguage":"pt-PT"}]},"product_brand":"Pharmabol","product_price_amount":"40.00","product_price_currency":"EUR","og_availability":"instock","product_availability":"instock","product_condition":"new"},"_links":{"self":[{"href":"https:\/\/iberoid-shop.com\/pt\/wp-json\/wp\/v2\/product\/5228","targetHints":{"allow":["GET"]}}],"collection":[{"href":"https:\/\/iberoid-shop.com\/pt\/wp-json\/wp\/v2\/product"}],"about":[{"href":"https:\/\/iberoid-shop.com\/pt\/wp-json\/wp\/v2\/types\/product"}],"replies":[{"embeddable":true,"href":"https:\/\/iberoid-shop.com\/pt\/wp-json\/wp\/v2\/comments?post=5228"}],"wp:featuredmedia":[{"embeddable":true,"href":"https:\/\/iberoid-shop.com\/pt\/wp-json\/wp\/v2\/media\/5229"}],"wp:attachment":[{"href":"https:\/\/iberoid-shop.com\/pt\/wp-json\/wp\/v2\/media?parent=5228"}],"wp:term":[{"taxonomy":"product_brand","embeddable":true,"href":"https:\/\/iberoid-shop.com\/pt\/wp-json\/wp\/v2\/product_brand?post=5228"},{"taxonomy":"product_cat","embeddable":true,"href":"https:\/\/iberoid-shop.com\/pt\/wp-json\/wp\/v2\/product_cat?post=5228"},{"taxonomy":"product_tag","embeddable":true,"href":"https:\/\/iberoid-shop.com\/pt\/wp-json\/wp\/v2\/product_tag?post=5228"}],"curies":[{"name":"wp","href":"https:\/\/api.w.org\/{rel}","templated":true}]}}