{"id":5214,"date":"2020-06-23T11:25:35","date_gmt":"2020-06-23T11:25:35","guid":{"rendered":"https:\/\/iberoid-shop.com\/?post_type=product&#038;p=5214"},"modified":"2023-02-11T19:02:26","modified_gmt":"2023-02-11T19:02:26","slug":"stanozolol-winstrol-oral","status":"publish","type":"product","link":"https:\/\/iberoid-shop.com\/pt\/product\/stanozolol-winstrol-oral\/","title":{"rendered":"Stromba\/STANOZOLOL\/WINSTROL ORAL"},"content":{"rendered":"<p><\/p>\n<h1>Stromba<\/h1>\n<p>Stanozolol 10mg<\/p>\n<p>Cada tablete cont\u00e9m:<\/p>\n<p>Stanozolol &#8211; 10mg<\/p>\n<p>Os ester\u00f3ides anabolizantes s\u00e3o derivados sint\u00e9ticos da testosterona. Certos efeitos cl\u00ednicos e rea\u00e7\u00f5es adversas demonstram as propriedades androg\u00eanicas dessa classe de medicamentos. A dissocia\u00e7\u00e3o completa dos efeitos anab\u00f3licos e adrog\u00eanicos n\u00e3o foi alcan\u00e7ada. As a\u00e7\u00f5es dos ester\u00f3ides anabolizantes, portanto, s\u00e3o semelhantes \u00e0s dos horm\u00f4nios sexuais masculinos, com a possibilidade de causar s\u00e9rios dist\u00farbios no crescimento e no desenvolvimento sexual se administrados a crian\u00e7as pequenas. Eles suprimem as fun\u00e7\u00f5es gonadotr\u00f3picas da hip\u00f3fise e podem exercer um efeito direto sobre os test\u00edculos. Verificou-se que o estanozolol (ester\u00f3ides anabolizantes) aumenta as lipoprote\u00ednas de baixa densidade e diminui as lipoprote\u00ednas de alta densidade. Essas altera\u00e7\u00f5es n\u00e3o est\u00e3o associadas a nenhum aumento nos n\u00edveis de colesterol total ou triglicer\u00eddeos e voltam ao normal com a descontinua\u00e7\u00e3o do tratamento.<\/p>\n<p><strong>Dosagem e Administra\u00e7\u00e3o<\/strong><br \/>\nAngioedema heredit\u00e1rio. Os requisitos de dosagem para o tratamento cont\u00ednuo de angioedema heredit\u00e1rio com STROMBA devem ser individualizados com base na resposta cl\u00ednica do paciente. Recomenda-se que o paciente seja iniciado com 10 mg \/ dia. Depois de obter uma resposta inicial favor\u00e1vel em termos de preven\u00e7\u00e3o de epis\u00f3dios de ataques edematosos, a dosagem continuada adequada deve ser determinada diminuindo a dose em intervalos de um a tr\u00eas meses para uma dose de manuten\u00e7\u00e3o de 10 mg por dia. Alguns pacientes podem ser tratados com sucesso em um esquema de dias alternados de 10 mg. Durante a fase de ajuste da dose, \u00e9 indicada uma monitora\u00e7\u00e3o cuidadosa da resposta do paciente, principalmente se o paciente tiver um hist\u00f3rico de envolvimento das vias a\u00e9reas.<br \/>\nA dose profil\u00e1tica de STROMBA para ser usada antes da extra\u00e7\u00e3o dent\u00e1ria, ou outras situa\u00e7\u00f5es traum\u00e1ticas ou estressantes n\u00e3o foram estabelecidas e podem ser substancialmente maiores<\/p>","protected":false},"excerpt":{"rendered":"<p>Stromba Stanozolol 10mg Cada tablete cont\u00e9m: Stanozolol &#8211; 10mg Os ester\u00f3ides anabolizantes s\u00e3o derivados sint\u00e9ticos da testosterona. Certos efeitos cl\u00ednicos<\/p>\n","protected":false},"featured_media":5215,"comment_status":"open","ping_status":"closed","template":"","meta":[],"product_brand":[],"product_cat":[73],"product_tag":[3444],"class_list":{"0":"post-5214","1":"product","2":"type-product","3":"status-publish","4":"has-post-thumbnail","6":"product_cat-ssteroides_orales","7":"product_tag-marca-multi-pharm","9":"first","10":"outofstock","11":"shipping-taxable","12":"purchasable","13":"product-type-simple"},"yoast_head":"<!-- This site is optimized with the Yoast SEO Premium plugin v24.4 (Yoast SEO v27.3) - https:\/\/yoast.com\/product\/yoast-seo-premium-wordpress\/ -->\n<title>Stromba\/STANOZOLOL\/WINSTROL ORAL - Ester\u00f3ides Online<\/title>\n<meta name=\"robots\" content=\"index, follow, max-snippet:-1, max-image-preview:large, max-video-preview:-1\" \/>\n<link rel=\"canonical\" href=\"https:\/\/iberoid-shop.com\/pt\/product\/stanozolol-winstrol-oral\/\" \/>\n<meta property=\"og:locale\" content=\"pt_PT\" \/>\n<meta property=\"og:type\" content=\"article\" \/>\n<meta property=\"og:title\" content=\"Stromba\/STANOZOLOL\/WINSTROL ORAL\" \/>\n<meta property=\"og:description\" content=\"Stromba Stanozolol 10mg Cada tablete cont\u00e9m: Stanozolol &#8211; 10mg Os ester\u00f3ides anabolizantes s\u00e3o derivados sint\u00e9ticos da testosterona. Certos efeitos cl\u00ednicos\" \/>\n<meta property=\"og:url\" content=\"https:\/\/iberoid-shop.com\/pt\/product\/stanozolol-winstrol-oral\/\" \/>\n<meta property=\"og:site_name\" content=\"Ester\u00f3ides Online\" \/>\n<meta property=\"article:modified_time\" content=\"2023-02-11T19:02:26+00:00\" \/>\n<meta property=\"og:image\" content=\"https:\/\/iberoid-shop.com\/wp-content\/uploads\/2020\/06\/stromba.jpg?v=1678120110\" \/>\n\t<meta property=\"og:image:width\" content=\"486\" \/>\n\t<meta property=\"og:image:height\" content=\"365\" \/>\n\t<meta property=\"og:image:type\" content=\"image\/jpeg\" \/>\n<meta name=\"twitter:card\" content=\"summary_large_image\" \/>\n<meta name=\"twitter:label1\" content=\"pre\u00e7o\" \/>\n\t<meta name=\"twitter:data1\" content=\"&euro;20.00\" \/>\n\t<meta name=\"twitter:label2\" content=\"Disponibilidade\" \/>\n\t<meta name=\"twitter:data2\" content=\"Esgotado\" \/>\n<script type=\"application\/ld+json\" class=\"yoast-schema-graph\">{\"@context\":\"https:\\\/\\\/schema.org\",\"@graph\":[{\"@type\":\"WebPage\",\"@id\":\"https:\\\/\\\/iberoid-shop.com\\\/pt\\\/product\\\/stanozolol-winstrol-oral\\\/\",\"url\":\"https:\\\/\\\/iberoid-shop.com\\\/pt\\\/product\\\/stanozolol-winstrol-oral\\\/\",\"name\":\"Stromba\\\/STANOZOLOL\\\/WINSTROL ORAL - Ester\u00f3ides Online\",\"isPartOf\":{\"@id\":\"https:\\\/\\\/iberoid-shop.com\\\/pt\\\/#website\"},\"primaryImageOfPage\":{\"@id\":\"https:\\\/\\\/iberoid-shop.com\\\/pt\\\/product\\\/stanozolol-winstrol-oral\\\/#primaryimage\"},\"image\":{\"@id\":\"https:\\\/\\\/iberoid-shop.com\\\/pt\\\/product\\\/stanozolol-winstrol-oral\\\/#primaryimage\"},\"thumbnailUrl\":\"https:\\\/\\\/iberoid-shop.com\\\/wp-content\\\/uploads\\\/2020\\\/06\\\/stromba.jpg?v=1678120110\",\"datePublished\":\"2020-06-23T11:25:35+00:00\",\"dateModified\":\"2023-02-11T19:02:26+00:00\",\"breadcrumb\":{\"@id\":\"https:\\\/\\\/iberoid-shop.com\\\/pt\\\/product\\\/stanozolol-winstrol-oral\\\/#breadcrumb\"},\"inLanguage\":\"pt-PT\",\"potentialAction\":[{\"@type\":\"ReadAction\",\"target\":[[\"https:\\\/\\\/iberoid-shop.com\\\/pt\\\/product\\\/stanozolol-winstrol-oral\\\/\"]]}]},{\"@type\":\"ImageObject\",\"inLanguage\":\"pt-PT\",\"@id\":\"https:\\\/\\\/iberoid-shop.com\\\/pt\\\/product\\\/stanozolol-winstrol-oral\\\/#primaryimage\",\"url\":\"https:\\\/\\\/iberoid-shop.com\\\/wp-content\\\/uploads\\\/2020\\\/06\\\/stromba.jpg?v=1678120110\",\"contentUrl\":\"https:\\\/\\\/iberoid-shop.com\\\/wp-content\\\/uploads\\\/2020\\\/06\\\/stromba.jpg?v=1678120110\",\"width\":486,\"height\":365},{\"@type\":\"BreadcrumbList\",\"@id\":\"https:\\\/\\\/iberoid-shop.com\\\/pt\\\/product\\\/stanozolol-winstrol-oral\\\/#breadcrumb\",\"itemListElement\":[{\"@type\":\"ListItem\",\"position\":1,\"name\":\"Portada\",\"item\":\"https:\\\/\\\/iberoid-shop.com\\\/pt\\\/\"},{\"@type\":\"ListItem\",\"position\":2,\"name\":\"Loja\",\"item\":\"https:\\\/\\\/iberoid-shop.com\\\/pt\\\/shop\\\/\"},{\"@type\":\"ListItem\",\"position\":3,\"name\":\"Stromba\\\/STANOZOLOL\\\/WINSTROL ORAL\"}]},{\"@type\":\"WebSite\",\"@id\":\"https:\\\/\\\/iberoid-shop.com\\\/pt\\\/#website\",\"url\":\"https:\\\/\\\/iberoid-shop.com\\\/pt\\\/\",\"name\":\"Ester\u00f3ides Online\",\"description\":\"Compre ester\u00f3ides online hoje em Espanha e Portugal. Temos o melhor servi\u00e7o ao cliente do setor e produtos da mais alta qualidade\",\"potentialAction\":[{\"@type\":\"SearchAction\",\"target\":{\"@type\":\"EntryPoint\",\"urlTemplate\":\"https:\\\/\\\/iberoid-shop.com\\\/pt\\\/?s={search_term_string}\"},\"query-input\":{\"@type\":\"PropertyValueSpecification\",\"valueRequired\":true,\"valueName\":\"search_term_string\"}}],\"inLanguage\":\"pt-PT\"}]}<\/script>\n<meta property=\"product:brand\" content=\"MultiPharm\" \/>\n<meta property=\"product:price:amount\" content=\"20.00\" \/>\n<meta property=\"product:price:currency\" content=\"EUR\" \/>\n<meta property=\"og:availability\" content=\"out of stock\" \/>\n<meta property=\"product:availability\" content=\"out of stock\" \/>\n<meta property=\"product:condition\" content=\"new\" \/>\n<!-- \/ Yoast SEO Premium plugin. -->","yoast_head_json":{"title":"Stromba\/STANOZOLOL\/WINSTROL ORAL - Ester\u00f3ides Online","robots":{"index":"index","follow":"follow","max-snippet":"max-snippet:-1","max-image-preview":"max-image-preview:large","max-video-preview":"max-video-preview:-1"},"canonical":"https:\/\/iberoid-shop.com\/pt\/product\/stanozolol-winstrol-oral\/","og_locale":"pt_PT","og_type":"article","og_title":"Stromba\/STANOZOLOL\/WINSTROL ORAL","og_description":"Stromba Stanozolol 10mg Cada tablete cont\u00e9m: Stanozolol &#8211; 10mg Os ester\u00f3ides anabolizantes s\u00e3o derivados sint\u00e9ticos da testosterona. Certos efeitos cl\u00ednicos","og_url":"https:\/\/iberoid-shop.com\/pt\/product\/stanozolol-winstrol-oral\/","og_site_name":"Ester\u00f3ides Online","article_modified_time":"2023-02-11T19:02:26+00:00","og_image":[{"width":486,"height":365,"url":"https:\/\/iberoid-shop.com\/wp-content\/uploads\/2020\/06\/stromba.jpg?v=1678120110","type":"image\/jpeg"}],"twitter_card":"summary_large_image","twitter_misc":{"pre\u00e7o":"&euro;20.00","Disponibilidade":"Esgotado"},"schema":{"@context":"https:\/\/schema.org","@graph":[{"@type":"WebPage","@id":"https:\/\/iberoid-shop.com\/pt\/product\/stanozolol-winstrol-oral\/","url":"https:\/\/iberoid-shop.com\/pt\/product\/stanozolol-winstrol-oral\/","name":"Stromba\/STANOZOLOL\/WINSTROL ORAL - Ester\u00f3ides Online","isPartOf":{"@id":"https:\/\/iberoid-shop.com\/pt\/#website"},"primaryImageOfPage":{"@id":"https:\/\/iberoid-shop.com\/pt\/product\/stanozolol-winstrol-oral\/#primaryimage"},"image":{"@id":"https:\/\/iberoid-shop.com\/pt\/product\/stanozolol-winstrol-oral\/#primaryimage"},"thumbnailUrl":"https:\/\/iberoid-shop.com\/wp-content\/uploads\/2020\/06\/stromba.jpg?v=1678120110","datePublished":"2020-06-23T11:25:35+00:00","dateModified":"2023-02-11T19:02:26+00:00","breadcrumb":{"@id":"https:\/\/iberoid-shop.com\/pt\/product\/stanozolol-winstrol-oral\/#breadcrumb"},"inLanguage":"pt-PT","potentialAction":[{"@type":"ReadAction","target":[["https:\/\/iberoid-shop.com\/pt\/product\/stanozolol-winstrol-oral\/"]]}]},{"@type":"ImageObject","inLanguage":"pt-PT","@id":"https:\/\/iberoid-shop.com\/pt\/product\/stanozolol-winstrol-oral\/#primaryimage","url":"https:\/\/iberoid-shop.com\/wp-content\/uploads\/2020\/06\/stromba.jpg?v=1678120110","contentUrl":"https:\/\/iberoid-shop.com\/wp-content\/uploads\/2020\/06\/stromba.jpg?v=1678120110","width":486,"height":365},{"@type":"BreadcrumbList","@id":"https:\/\/iberoid-shop.com\/pt\/product\/stanozolol-winstrol-oral\/#breadcrumb","itemListElement":[{"@type":"ListItem","position":1,"name":"Portada","item":"https:\/\/iberoid-shop.com\/pt\/"},{"@type":"ListItem","position":2,"name":"Loja","item":"https:\/\/iberoid-shop.com\/pt\/shop\/"},{"@type":"ListItem","position":3,"name":"Stromba\/STANOZOLOL\/WINSTROL ORAL"}]},{"@type":"WebSite","@id":"https:\/\/iberoid-shop.com\/pt\/#website","url":"https:\/\/iberoid-shop.com\/pt\/","name":"Ester\u00f3ides Online","description":"Compre ester\u00f3ides online hoje em Espanha e Portugal. Temos o melhor servi\u00e7o ao cliente do setor e produtos da mais alta qualidade","potentialAction":[{"@type":"SearchAction","target":{"@type":"EntryPoint","urlTemplate":"https:\/\/iberoid-shop.com\/pt\/?s={search_term_string}"},"query-input":{"@type":"PropertyValueSpecification","valueRequired":true,"valueName":"search_term_string"}}],"inLanguage":"pt-PT"}]},"product_brand":"MultiPharm","product_price_amount":"20.00","product_price_currency":"EUR","og_availability":"out of stock","product_availability":"out of stock","product_condition":"new"},"_links":{"self":[{"href":"https:\/\/iberoid-shop.com\/pt\/wp-json\/wp\/v2\/product\/5214","targetHints":{"allow":["GET"]}}],"collection":[{"href":"https:\/\/iberoid-shop.com\/pt\/wp-json\/wp\/v2\/product"}],"about":[{"href":"https:\/\/iberoid-shop.com\/pt\/wp-json\/wp\/v2\/types\/product"}],"replies":[{"embeddable":true,"href":"https:\/\/iberoid-shop.com\/pt\/wp-json\/wp\/v2\/comments?post=5214"}],"wp:featuredmedia":[{"embeddable":true,"href":"https:\/\/iberoid-shop.com\/pt\/wp-json\/wp\/v2\/media\/5215"}],"wp:attachment":[{"href":"https:\/\/iberoid-shop.com\/pt\/wp-json\/wp\/v2\/media?parent=5214"}],"wp:term":[{"taxonomy":"product_brand","embeddable":true,"href":"https:\/\/iberoid-shop.com\/pt\/wp-json\/wp\/v2\/product_brand?post=5214"},{"taxonomy":"product_cat","embeddable":true,"href":"https:\/\/iberoid-shop.com\/pt\/wp-json\/wp\/v2\/product_cat?post=5214"},{"taxonomy":"product_tag","embeddable":true,"href":"https:\/\/iberoid-shop.com\/pt\/wp-json\/wp\/v2\/product_tag?post=5214"}],"curies":[{"name":"wp","href":"https:\/\/api.w.org\/{rel}","templated":true}]}}