{"id":5169,"date":"2020-06-12T12:35:50","date_gmt":"2020-06-12T12:35:50","guid":{"rendered":"https:\/\/iberoid-shop.com\/?post_type=product&#038;p=5169"},"modified":"2023-08-25T13:11:36","modified_gmt":"2023-08-25T13:11:36","slug":"turinabol-24-mg100-pastillas","status":"publish","type":"product","link":"https:\/\/iberoid-shop.com\/pt\/product\/turinabol-24-mg100-pastillas\/","title":{"rendered":"Turinabol"},"content":{"rendered":"<p><\/p>\n<h1>Turinabol<\/h1>\n<p>4-Chlorodehydromethyltestosterone tablets 25mg<\/p>\n<p>Cada tablete cont\u00e9m:<\/p>\n<p>4-Chlorodehydromethyltestosterone &#8211; 25mg<\/p>\n<p>A clorode-hidro-etiltestosterona \u00e9 um derivado potente do Dianabol. Este ester\u00f3ide oral \u00e9 estruturalmente um cruzamento entre methandrostenolona e dostebol (4-clorotestosterona), tendo a estrutura base como Di anabol com a altera\u00e7\u00e3o de cloro de clostebol em 4- cloro adicionada.<\/p>\n<p><strong>Dosagem e Administra\u00e7\u00e3o<\/strong><br \/>\nAdministra\u00e7\u00e3o (Geral):<br \/>\nEstudos demonstraram que tomar um ester\u00f3ide anabolizante oral com alimentos pode diminuir sua biodisponibilidade.<\/p>\n<p>Isso \u00e9 causado pela natureza sol\u00favel em gordura dos horm\u00f4nios ester\u00f3ides, que pode permitir que parte do medicamento se dissolva com a gordura da dieta n\u00e3o digerida, reduzindo sua absor\u00e7\u00e3o pelo trato gastrointestinal.<\/p>\n<p>Para m\u00e1xima utiliza\u00e7\u00e3o, este ester\u00f3ide deve ser tomado com o est\u00f4mago vazio.<br \/>\nAdministra\u00e7\u00e3o (Homens):<br \/>\nEstima-se que uma dose cl\u00ednica comum de clorode-hidrometiltestosterona seja de 5 mg por ano, n\u00e3o estando dispon\u00edveis diretrizes de prescri\u00e7\u00e3o reais.<\/p>\n<p>Na arena atl\u00e9tica, uma dose di\u00e1ria oral eficaz cai na faixa de 15 a 40 nig, em ciclos que duram n\u00e3o mais que 6-8 semanas para minimizar a hepatotoxicidade.<\/p>\n<p>Esse n\u00edvel \u00e9 suficiente para aumentos mensur\u00e1veis \u200b\u200bda massa e for\u00e7a muscular magra.<\/p>\n<p>Este agente \u00e9 mais frequentemente aplicado como um ester\u00f3ide de corte ou teste de recuo para fins de muscula\u00e7\u00e3o e n\u00e3o \u00e9 visto como um agente de volume ideal devido \u00e0 sua falta de estrogenicidade.<br \/>\nAdministra\u00e7\u00e3o (Mulheres):<br \/>\nEstima-se que uma dose cl\u00ednica comum de clorode-hidrometiltestosterona seja de 1-2,5 mg por dia; diretrizes de prescri\u00e7\u00e3o reais n\u00e3o est\u00e3o dispon\u00edveis. Na arena atl\u00e9tica, as mulheres usualmente tomavam um \u00fanico comprimido de 5 mg por dia, em ciclos que duravam n\u00e3o mais do que 4-6 weels para minimizar a hepatotoxicidade.<\/p>\n<p>Efeitos virilizantes s\u00e3o improv\u00e1veis \u200b\u200bneste n\u00edvel de uso. Doses muito mais altas foram usadas com atletas do sexo feminino no antigo programa de doping da RDA, mas muitas vezes em detrimento dos fortes efeitos colaterais virilizantes.<\/p>","protected":false},"excerpt":{"rendered":"<p>Turinabol 4-Chlorodehydromethyltestosterone tablets 25mg Cada tablete cont\u00e9m: 4-Chlorodehydromethyltestosterone &#8211; 25mg A clorode-hidro-etiltestosterona \u00e9 um derivado potente do Dianabol. Este ester\u00f3ide<\/p>\n","protected":false},"featured_media":5170,"comment_status":"open","ping_status":"closed","template":"","meta":[],"product_brand":[],"product_cat":[73],"product_tag":[],"class_list":{"0":"post-5169","1":"product","2":"type-product","3":"status-publish","4":"has-post-thumbnail","6":"product_cat-ssteroides_orales","8":"first","9":"outofstock","10":"shipping-taxable","11":"purchasable","12":"product-type-simple"},"yoast_head":"<!-- This site is optimized with the Yoast SEO Premium plugin v24.4 (Yoast SEO v27.3) - https:\/\/yoast.com\/product\/yoast-seo-premium-wordpress\/ -->\n<title>Turinabol - Ester\u00f3ides Online<\/title>\n<meta name=\"robots\" content=\"index, follow, max-snippet:-1, max-image-preview:large, max-video-preview:-1\" \/>\n<link rel=\"canonical\" href=\"https:\/\/iberoid-shop.com\/pt\/product\/turinabol-24-mg100-pastillas\/\" \/>\n<meta property=\"og:locale\" content=\"pt_PT\" \/>\n<meta property=\"og:type\" content=\"article\" \/>\n<meta property=\"og:title\" content=\"Turinabol\" \/>\n<meta property=\"og:description\" content=\"Turinabol 4-Chlorodehydromethyltestosterone tablets 25mg Cada tablete cont\u00e9m: 4-Chlorodehydromethyltestosterone &#8211; 25mg A clorode-hidro-etiltestosterona \u00e9 um derivado potente do Dianabol. Este ester\u00f3ide\" \/>\n<meta property=\"og:url\" content=\"https:\/\/iberoid-shop.com\/pt\/product\/turinabol-24-mg100-pastillas\/\" \/>\n<meta property=\"og:site_name\" content=\"Ester\u00f3ides Online\" \/>\n<meta property=\"article:modified_time\" content=\"2023-08-25T13:11:36+00:00\" \/>\n<meta property=\"og:image\" content=\"https:\/\/iberoid-shop.com\/wp-content\/uploads\/2020\/06\/TBOL.png?v=1678120114\" \/>\n\t<meta property=\"og:image:width\" content=\"1298\" \/>\n\t<meta property=\"og:image:height\" content=\"1030\" \/>\n\t<meta property=\"og:image:type\" content=\"image\/png\" \/>\n<meta name=\"twitter:card\" content=\"summary_large_image\" \/>\n<meta name=\"twitter:label1\" content=\"pre\u00e7o\" \/>\n\t<meta name=\"twitter:data1\" content=\"&euro;25.00\" \/>\n\t<meta name=\"twitter:label2\" content=\"Disponibilidade\" \/>\n\t<meta name=\"twitter:data2\" content=\"Esgotado\" \/>\n<script type=\"application\/ld+json\" class=\"yoast-schema-graph\">{\"@context\":\"https:\\\/\\\/schema.org\",\"@graph\":[{\"@type\":\"WebPage\",\"@id\":\"https:\\\/\\\/iberoid-shop.com\\\/pt\\\/product\\\/turinabol-24-mg100-pastillas\\\/\",\"url\":\"https:\\\/\\\/iberoid-shop.com\\\/pt\\\/product\\\/turinabol-24-mg100-pastillas\\\/\",\"name\":\"Turinabol - Ester\u00f3ides Online\",\"isPartOf\":{\"@id\":\"https:\\\/\\\/iberoid-shop.com\\\/pt\\\/#website\"},\"primaryImageOfPage\":{\"@id\":\"https:\\\/\\\/iberoid-shop.com\\\/pt\\\/product\\\/turinabol-24-mg100-pastillas\\\/#primaryimage\"},\"image\":{\"@id\":\"https:\\\/\\\/iberoid-shop.com\\\/pt\\\/product\\\/turinabol-24-mg100-pastillas\\\/#primaryimage\"},\"thumbnailUrl\":\"https:\\\/\\\/iberoid-shop.com\\\/wp-content\\\/uploads\\\/2020\\\/06\\\/TBOL.png?v=1678120114\",\"datePublished\":\"2020-06-12T12:35:50+00:00\",\"dateModified\":\"2023-08-25T13:11:36+00:00\",\"breadcrumb\":{\"@id\":\"https:\\\/\\\/iberoid-shop.com\\\/pt\\\/product\\\/turinabol-24-mg100-pastillas\\\/#breadcrumb\"},\"inLanguage\":\"pt-PT\",\"potentialAction\":[{\"@type\":\"ReadAction\",\"target\":[[\"https:\\\/\\\/iberoid-shop.com\\\/pt\\\/product\\\/turinabol-24-mg100-pastillas\\\/\"]]}]},{\"@type\":\"ImageObject\",\"inLanguage\":\"pt-PT\",\"@id\":\"https:\\\/\\\/iberoid-shop.com\\\/pt\\\/product\\\/turinabol-24-mg100-pastillas\\\/#primaryimage\",\"url\":\"https:\\\/\\\/iberoid-shop.com\\\/wp-content\\\/uploads\\\/2020\\\/06\\\/TBOL.png?v=1678120114\",\"contentUrl\":\"https:\\\/\\\/iberoid-shop.com\\\/wp-content\\\/uploads\\\/2020\\\/06\\\/TBOL.png?v=1678120114\",\"width\":1298,\"height\":1030},{\"@type\":\"BreadcrumbList\",\"@id\":\"https:\\\/\\\/iberoid-shop.com\\\/pt\\\/product\\\/turinabol-24-mg100-pastillas\\\/#breadcrumb\",\"itemListElement\":[{\"@type\":\"ListItem\",\"position\":1,\"name\":\"Portada\",\"item\":\"https:\\\/\\\/iberoid-shop.com\\\/pt\\\/\"},{\"@type\":\"ListItem\",\"position\":2,\"name\":\"Loja\",\"item\":\"https:\\\/\\\/iberoid-shop.com\\\/pt\\\/shop\\\/\"},{\"@type\":\"ListItem\",\"position\":3,\"name\":\"Turinabol\"}]},{\"@type\":\"WebSite\",\"@id\":\"https:\\\/\\\/iberoid-shop.com\\\/pt\\\/#website\",\"url\":\"https:\\\/\\\/iberoid-shop.com\\\/pt\\\/\",\"name\":\"Ester\u00f3ides Online\",\"description\":\"Compre ester\u00f3ides online hoje em Espanha e Portugal. Temos o melhor servi\u00e7o ao cliente do setor e produtos da mais alta qualidade\",\"potentialAction\":[{\"@type\":\"SearchAction\",\"target\":{\"@type\":\"EntryPoint\",\"urlTemplate\":\"https:\\\/\\\/iberoid-shop.com\\\/pt\\\/?s={search_term_string}\"},\"query-input\":{\"@type\":\"PropertyValueSpecification\",\"valueRequired\":true,\"valueName\":\"search_term_string\"}}],\"inLanguage\":\"pt-PT\"}]}<\/script>\n<meta property=\"product:brand\" content=\"MultiPharm\" \/>\n<meta property=\"product:price:amount\" content=\"25.00\" \/>\n<meta property=\"product:price:currency\" content=\"EUR\" \/>\n<meta property=\"og:availability\" content=\"out of stock\" \/>\n<meta property=\"product:availability\" content=\"out of stock\" \/>\n<meta property=\"product:condition\" content=\"new\" \/>\n<!-- \/ Yoast SEO Premium plugin. -->","yoast_head_json":{"title":"Turinabol - Ester\u00f3ides Online","robots":{"index":"index","follow":"follow","max-snippet":"max-snippet:-1","max-image-preview":"max-image-preview:large","max-video-preview":"max-video-preview:-1"},"canonical":"https:\/\/iberoid-shop.com\/pt\/product\/turinabol-24-mg100-pastillas\/","og_locale":"pt_PT","og_type":"article","og_title":"Turinabol","og_description":"Turinabol 4-Chlorodehydromethyltestosterone tablets 25mg Cada tablete cont\u00e9m: 4-Chlorodehydromethyltestosterone &#8211; 25mg A clorode-hidro-etiltestosterona \u00e9 um derivado potente do Dianabol. Este ester\u00f3ide","og_url":"https:\/\/iberoid-shop.com\/pt\/product\/turinabol-24-mg100-pastillas\/","og_site_name":"Ester\u00f3ides Online","article_modified_time":"2023-08-25T13:11:36+00:00","og_image":[{"width":1298,"height":1030,"url":"https:\/\/iberoid-shop.com\/wp-content\/uploads\/2020\/06\/TBOL.png?v=1678120114","type":"image\/png"}],"twitter_card":"summary_large_image","twitter_misc":{"pre\u00e7o":"&euro;25.00","Disponibilidade":"Esgotado"},"schema":{"@context":"https:\/\/schema.org","@graph":[{"@type":"WebPage","@id":"https:\/\/iberoid-shop.com\/pt\/product\/turinabol-24-mg100-pastillas\/","url":"https:\/\/iberoid-shop.com\/pt\/product\/turinabol-24-mg100-pastillas\/","name":"Turinabol - Ester\u00f3ides Online","isPartOf":{"@id":"https:\/\/iberoid-shop.com\/pt\/#website"},"primaryImageOfPage":{"@id":"https:\/\/iberoid-shop.com\/pt\/product\/turinabol-24-mg100-pastillas\/#primaryimage"},"image":{"@id":"https:\/\/iberoid-shop.com\/pt\/product\/turinabol-24-mg100-pastillas\/#primaryimage"},"thumbnailUrl":"https:\/\/iberoid-shop.com\/wp-content\/uploads\/2020\/06\/TBOL.png?v=1678120114","datePublished":"2020-06-12T12:35:50+00:00","dateModified":"2023-08-25T13:11:36+00:00","breadcrumb":{"@id":"https:\/\/iberoid-shop.com\/pt\/product\/turinabol-24-mg100-pastillas\/#breadcrumb"},"inLanguage":"pt-PT","potentialAction":[{"@type":"ReadAction","target":[["https:\/\/iberoid-shop.com\/pt\/product\/turinabol-24-mg100-pastillas\/"]]}]},{"@type":"ImageObject","inLanguage":"pt-PT","@id":"https:\/\/iberoid-shop.com\/pt\/product\/turinabol-24-mg100-pastillas\/#primaryimage","url":"https:\/\/iberoid-shop.com\/wp-content\/uploads\/2020\/06\/TBOL.png?v=1678120114","contentUrl":"https:\/\/iberoid-shop.com\/wp-content\/uploads\/2020\/06\/TBOL.png?v=1678120114","width":1298,"height":1030},{"@type":"BreadcrumbList","@id":"https:\/\/iberoid-shop.com\/pt\/product\/turinabol-24-mg100-pastillas\/#breadcrumb","itemListElement":[{"@type":"ListItem","position":1,"name":"Portada","item":"https:\/\/iberoid-shop.com\/pt\/"},{"@type":"ListItem","position":2,"name":"Loja","item":"https:\/\/iberoid-shop.com\/pt\/shop\/"},{"@type":"ListItem","position":3,"name":"Turinabol"}]},{"@type":"WebSite","@id":"https:\/\/iberoid-shop.com\/pt\/#website","url":"https:\/\/iberoid-shop.com\/pt\/","name":"Ester\u00f3ides Online","description":"Compre ester\u00f3ides online hoje em Espanha e Portugal. Temos o melhor servi\u00e7o ao cliente do setor e produtos da mais alta qualidade","potentialAction":[{"@type":"SearchAction","target":{"@type":"EntryPoint","urlTemplate":"https:\/\/iberoid-shop.com\/pt\/?s={search_term_string}"},"query-input":{"@type":"PropertyValueSpecification","valueRequired":true,"valueName":"search_term_string"}}],"inLanguage":"pt-PT"}]},"product_brand":"MultiPharm","product_price_amount":"25.00","product_price_currency":"EUR","og_availability":"out of stock","product_availability":"out of stock","product_condition":"new"},"_links":{"self":[{"href":"https:\/\/iberoid-shop.com\/pt\/wp-json\/wp\/v2\/product\/5169","targetHints":{"allow":["GET"]}}],"collection":[{"href":"https:\/\/iberoid-shop.com\/pt\/wp-json\/wp\/v2\/product"}],"about":[{"href":"https:\/\/iberoid-shop.com\/pt\/wp-json\/wp\/v2\/types\/product"}],"replies":[{"embeddable":true,"href":"https:\/\/iberoid-shop.com\/pt\/wp-json\/wp\/v2\/comments?post=5169"}],"wp:featuredmedia":[{"embeddable":true,"href":"https:\/\/iberoid-shop.com\/pt\/wp-json\/wp\/v2\/media\/5170"}],"wp:attachment":[{"href":"https:\/\/iberoid-shop.com\/pt\/wp-json\/wp\/v2\/media?parent=5169"}],"wp:term":[{"taxonomy":"product_brand","embeddable":true,"href":"https:\/\/iberoid-shop.com\/pt\/wp-json\/wp\/v2\/product_brand?post=5169"},{"taxonomy":"product_cat","embeddable":true,"href":"https:\/\/iberoid-shop.com\/pt\/wp-json\/wp\/v2\/product_cat?post=5169"},{"taxonomy":"product_tag","embeddable":true,"href":"https:\/\/iberoid-shop.com\/pt\/wp-json\/wp\/v2\/product_tag?post=5169"}],"curies":[{"name":"wp","href":"https:\/\/api.w.org\/{rel}","templated":true}]}}