{"id":5167,"date":"2020-06-12T12:32:27","date_gmt":"2020-06-12T12:32:27","guid":{"rendered":"https:\/\/iberoid-shop.com\/?post_type=product&#038;p=5167"},"modified":"2021-07-26T14:41:50","modified_gmt":"2021-07-26T14:41:50","slug":"proviron-25-mg-100-pastillas","status":"publish","type":"product","link":"https:\/\/iberoid-shop.com\/pt\/product\/proviron-25-mg-100-pastillas\/","title":{"rendered":"Proviron"},"content":{"rendered":"<p><\/p>\n<h1>Proviron<\/h1>\n<p>Comprimidos de Mesterolone 25mg<\/p>\n<p>Cada tablete cont\u00e9m:<\/p>\n<p>Mesterolona &#8211; 25mg<\/p>\n<p><strong>Proviron<\/strong> \u00e9 uma prepara\u00e7\u00e3o oral de androg\u00eanio que possui apenas um leve efeito inibit\u00f3rio central e, conseq\u00fcentemente, nenhum efeito restritivo sobre a fun\u00e7\u00e3o testicular. Proviron equilibra uma defici\u00eancia de forma\u00e7\u00e3o de andr\u00f3genos que come\u00e7a a cair gradualmente com o aumento da idade.<\/p>\n<p>Portanto, Proviron \u00e9 adequado para o tratamento de todas as condi\u00e7\u00f5es causadas pela forma\u00e7\u00e3o end\u00f3gena deficiente de androg\u00eanio. Na dosagem terap\u00eautica recomendada, Proviron n\u00e3o prejudicar\u00e1 a espermatog\u00eanese. Proviron \u00e9 especialmente bem tolerado pelo f\u00edgado.<\/p>\n<p><strong>Dosagem e Administra\u00e7\u00e3o<\/strong><br \/>\nPerturba\u00e7\u00f5es de efici\u00eancia e pot\u00eancia reduzidas: 1 comprimido de Proviron 3 vezes por dia. Ap\u00f3s melhora cl\u00ednica satisfat\u00f3ria, pode-se tentar reduzir a dose. Continua\u00e7\u00e3o do tratamento: 1 comprimido de Proviron duas ou uma vez por dia.<\/p>\n<p>De acordo com o tipo e a gravidade das queixas, a dose para tratamento adicional deve ser ajustada \u00e0s necessidades individuais. Recomenda-se o tratamento cont\u00ednuo por um per\u00edodo de v\u00e1rios meses. O hipogonadismo requer terapia cont\u00ednua:<\/p>\n<p>Para o desenvolvimento de caracter\u00edsticas sexuais secund\u00e1rias masculinas, 1,2 comprimidos de Proviron 3 vezes ao dia por v\u00e1rios meses. Como dose de manuten\u00e7\u00e3o, 1 comprimido de Proviron 2 &#8211; 3 vezes por dia geralmente \u00e9 suficiente. infertilidade &#8211; para melhorar a quantidade e a qualidade do esperma: 1 comprimido de Proviron 2 &#8211; 3 vezes por dia durante um ciclo de espermatog\u00eanese, Le. por cerca de 90 dias. Se necess\u00e1rio, o tratamento com Proviron deve ser repetido ap\u00f3s um intervalo de v\u00e1rias semanas.<\/p>","protected":false},"excerpt":{"rendered":"<p>Proviron Comprimidos de Mesterolone 25mg Cada tablete cont\u00e9m: Mesterolona &#8211; 25mg Proviron \u00e9 uma prepara\u00e7\u00e3o oral de androg\u00eanio que possui<\/p>\n","protected":false},"featured_media":5168,"comment_status":"open","ping_status":"closed","template":"","meta":[],"product_brand":[],"product_cat":[73],"product_tag":[],"class_list":{"0":"post-5167","1":"product","2":"type-product","3":"status-publish","4":"has-post-thumbnail","6":"product_cat-ssteroides_orales","8":"first","9":"outofstock","10":"sale","11":"shipping-taxable","12":"purchasable","13":"product-type-simple"},"yoast_head":"<!-- This site is optimized with the Yoast SEO Premium plugin v24.4 (Yoast SEO v27.3) - https:\/\/yoast.com\/product\/yoast-seo-premium-wordpress\/ -->\n<title>Proviron - Ester\u00f3ides Online<\/title>\n<meta name=\"robots\" content=\"index, follow, max-snippet:-1, max-image-preview:large, max-video-preview:-1\" \/>\n<link rel=\"canonical\" href=\"https:\/\/iberoid-shop.com\/pt\/product\/proviron-25-mg-100-pastillas\/\" \/>\n<meta property=\"og:locale\" content=\"pt_PT\" \/>\n<meta property=\"og:type\" content=\"article\" \/>\n<meta property=\"og:title\" content=\"Proviron\" \/>\n<meta property=\"og:description\" content=\"Proviron Comprimidos de Mesterolone 25mg Cada tablete cont\u00e9m: Mesterolona &#8211; 25mg Proviron \u00e9 uma prepara\u00e7\u00e3o oral de androg\u00eanio que possui\" \/>\n<meta property=\"og:url\" content=\"https:\/\/iberoid-shop.com\/pt\/product\/proviron-25-mg-100-pastillas\/\" \/>\n<meta property=\"og:site_name\" content=\"Ester\u00f3ides Online\" \/>\n<meta property=\"article:modified_time\" content=\"2021-07-26T14:41:50+00:00\" \/>\n<meta property=\"og:image\" content=\"https:\/\/iberoid-shop.com\/wp-content\/uploads\/2020\/06\/provi.png?v=1678120114\" \/>\n\t<meta property=\"og:image:width\" content=\"487\" \/>\n\t<meta property=\"og:image:height\" content=\"365\" \/>\n\t<meta property=\"og:image:type\" content=\"image\/png\" \/>\n<meta name=\"twitter:card\" content=\"summary_large_image\" \/>\n<meta name=\"twitter:label1\" content=\"pre\u00e7o\" \/>\n\t<meta name=\"twitter:data1\" content=\"&euro;20.00\" \/>\n\t<meta name=\"twitter:label2\" content=\"Disponibilidade\" \/>\n\t<meta name=\"twitter:data2\" content=\"Esgotado\" \/>\n<script type=\"application\/ld+json\" class=\"yoast-schema-graph\">{\"@context\":\"https:\\\/\\\/schema.org\",\"@graph\":[{\"@type\":\"WebPage\",\"@id\":\"https:\\\/\\\/iberoid-shop.com\\\/pt\\\/product\\\/proviron-25-mg-100-pastillas\\\/\",\"url\":\"https:\\\/\\\/iberoid-shop.com\\\/pt\\\/product\\\/proviron-25-mg-100-pastillas\\\/\",\"name\":\"Proviron - Ester\u00f3ides Online\",\"isPartOf\":{\"@id\":\"https:\\\/\\\/iberoid-shop.com\\\/pt\\\/#website\"},\"primaryImageOfPage\":{\"@id\":\"https:\\\/\\\/iberoid-shop.com\\\/pt\\\/product\\\/proviron-25-mg-100-pastillas\\\/#primaryimage\"},\"image\":{\"@id\":\"https:\\\/\\\/iberoid-shop.com\\\/pt\\\/product\\\/proviron-25-mg-100-pastillas\\\/#primaryimage\"},\"thumbnailUrl\":\"https:\\\/\\\/iberoid-shop.com\\\/wp-content\\\/uploads\\\/2020\\\/06\\\/provi.png?v=1678120114\",\"datePublished\":\"2020-06-12T12:32:27+00:00\",\"dateModified\":\"2021-07-26T14:41:50+00:00\",\"breadcrumb\":{\"@id\":\"https:\\\/\\\/iberoid-shop.com\\\/pt\\\/product\\\/proviron-25-mg-100-pastillas\\\/#breadcrumb\"},\"inLanguage\":\"pt-PT\",\"potentialAction\":[{\"@type\":\"ReadAction\",\"target\":[[\"https:\\\/\\\/iberoid-shop.com\\\/pt\\\/product\\\/proviron-25-mg-100-pastillas\\\/\"]]}]},{\"@type\":\"ImageObject\",\"inLanguage\":\"pt-PT\",\"@id\":\"https:\\\/\\\/iberoid-shop.com\\\/pt\\\/product\\\/proviron-25-mg-100-pastillas\\\/#primaryimage\",\"url\":\"https:\\\/\\\/iberoid-shop.com\\\/wp-content\\\/uploads\\\/2020\\\/06\\\/provi.png?v=1678120114\",\"contentUrl\":\"https:\\\/\\\/iberoid-shop.com\\\/wp-content\\\/uploads\\\/2020\\\/06\\\/provi.png?v=1678120114\",\"width\":487,\"height\":365},{\"@type\":\"BreadcrumbList\",\"@id\":\"https:\\\/\\\/iberoid-shop.com\\\/pt\\\/product\\\/proviron-25-mg-100-pastillas\\\/#breadcrumb\",\"itemListElement\":[{\"@type\":\"ListItem\",\"position\":1,\"name\":\"Portada\",\"item\":\"https:\\\/\\\/iberoid-shop.com\\\/pt\\\/\"},{\"@type\":\"ListItem\",\"position\":2,\"name\":\"Loja\",\"item\":\"https:\\\/\\\/iberoid-shop.com\\\/pt\\\/shop\\\/\"},{\"@type\":\"ListItem\",\"position\":3,\"name\":\"Proviron\"}]},{\"@type\":\"WebSite\",\"@id\":\"https:\\\/\\\/iberoid-shop.com\\\/pt\\\/#website\",\"url\":\"https:\\\/\\\/iberoid-shop.com\\\/pt\\\/\",\"name\":\"Ester\u00f3ides Online\",\"description\":\"Compre ester\u00f3ides online hoje em Espanha e Portugal. Temos o melhor servi\u00e7o ao cliente do setor e produtos da mais alta qualidade\",\"potentialAction\":[{\"@type\":\"SearchAction\",\"target\":{\"@type\":\"EntryPoint\",\"urlTemplate\":\"https:\\\/\\\/iberoid-shop.com\\\/pt\\\/?s={search_term_string}\"},\"query-input\":{\"@type\":\"PropertyValueSpecification\",\"valueRequired\":true,\"valueName\":\"search_term_string\"}}],\"inLanguage\":\"pt-PT\"}]}<\/script>\n<meta property=\"product:brand\" content=\"MultiPharm\" \/>\n<meta property=\"product:price:amount\" content=\"20.00\" \/>\n<meta property=\"product:price:currency\" content=\"EUR\" \/>\n<meta property=\"og:availability\" content=\"out of stock\" \/>\n<meta property=\"product:availability\" content=\"out of stock\" \/>\n<meta property=\"product:condition\" content=\"new\" \/>\n<!-- \/ Yoast SEO Premium plugin. -->","yoast_head_json":{"title":"Proviron - Ester\u00f3ides Online","robots":{"index":"index","follow":"follow","max-snippet":"max-snippet:-1","max-image-preview":"max-image-preview:large","max-video-preview":"max-video-preview:-1"},"canonical":"https:\/\/iberoid-shop.com\/pt\/product\/proviron-25-mg-100-pastillas\/","og_locale":"pt_PT","og_type":"article","og_title":"Proviron","og_description":"Proviron Comprimidos de Mesterolone 25mg Cada tablete cont\u00e9m: Mesterolona &#8211; 25mg Proviron \u00e9 uma prepara\u00e7\u00e3o oral de androg\u00eanio que possui","og_url":"https:\/\/iberoid-shop.com\/pt\/product\/proviron-25-mg-100-pastillas\/","og_site_name":"Ester\u00f3ides Online","article_modified_time":"2021-07-26T14:41:50+00:00","og_image":[{"width":487,"height":365,"url":"https:\/\/iberoid-shop.com\/wp-content\/uploads\/2020\/06\/provi.png?v=1678120114","type":"image\/png"}],"twitter_card":"summary_large_image","twitter_misc":{"pre\u00e7o":"&euro;20.00","Disponibilidade":"Esgotado"},"schema":{"@context":"https:\/\/schema.org","@graph":[{"@type":"WebPage","@id":"https:\/\/iberoid-shop.com\/pt\/product\/proviron-25-mg-100-pastillas\/","url":"https:\/\/iberoid-shop.com\/pt\/product\/proviron-25-mg-100-pastillas\/","name":"Proviron - Ester\u00f3ides Online","isPartOf":{"@id":"https:\/\/iberoid-shop.com\/pt\/#website"},"primaryImageOfPage":{"@id":"https:\/\/iberoid-shop.com\/pt\/product\/proviron-25-mg-100-pastillas\/#primaryimage"},"image":{"@id":"https:\/\/iberoid-shop.com\/pt\/product\/proviron-25-mg-100-pastillas\/#primaryimage"},"thumbnailUrl":"https:\/\/iberoid-shop.com\/wp-content\/uploads\/2020\/06\/provi.png?v=1678120114","datePublished":"2020-06-12T12:32:27+00:00","dateModified":"2021-07-26T14:41:50+00:00","breadcrumb":{"@id":"https:\/\/iberoid-shop.com\/pt\/product\/proviron-25-mg-100-pastillas\/#breadcrumb"},"inLanguage":"pt-PT","potentialAction":[{"@type":"ReadAction","target":[["https:\/\/iberoid-shop.com\/pt\/product\/proviron-25-mg-100-pastillas\/"]]}]},{"@type":"ImageObject","inLanguage":"pt-PT","@id":"https:\/\/iberoid-shop.com\/pt\/product\/proviron-25-mg-100-pastillas\/#primaryimage","url":"https:\/\/iberoid-shop.com\/wp-content\/uploads\/2020\/06\/provi.png?v=1678120114","contentUrl":"https:\/\/iberoid-shop.com\/wp-content\/uploads\/2020\/06\/provi.png?v=1678120114","width":487,"height":365},{"@type":"BreadcrumbList","@id":"https:\/\/iberoid-shop.com\/pt\/product\/proviron-25-mg-100-pastillas\/#breadcrumb","itemListElement":[{"@type":"ListItem","position":1,"name":"Portada","item":"https:\/\/iberoid-shop.com\/pt\/"},{"@type":"ListItem","position":2,"name":"Loja","item":"https:\/\/iberoid-shop.com\/pt\/shop\/"},{"@type":"ListItem","position":3,"name":"Proviron"}]},{"@type":"WebSite","@id":"https:\/\/iberoid-shop.com\/pt\/#website","url":"https:\/\/iberoid-shop.com\/pt\/","name":"Ester\u00f3ides Online","description":"Compre ester\u00f3ides online hoje em Espanha e Portugal. Temos o melhor servi\u00e7o ao cliente do setor e produtos da mais alta qualidade","potentialAction":[{"@type":"SearchAction","target":{"@type":"EntryPoint","urlTemplate":"https:\/\/iberoid-shop.com\/pt\/?s={search_term_string}"},"query-input":{"@type":"PropertyValueSpecification","valueRequired":true,"valueName":"search_term_string"}}],"inLanguage":"pt-PT"}]},"product_brand":"MultiPharm","product_price_amount":"20.00","product_price_currency":"EUR","og_availability":"out of stock","product_availability":"out of stock","product_condition":"new"},"_links":{"self":[{"href":"https:\/\/iberoid-shop.com\/pt\/wp-json\/wp\/v2\/product\/5167","targetHints":{"allow":["GET"]}}],"collection":[{"href":"https:\/\/iberoid-shop.com\/pt\/wp-json\/wp\/v2\/product"}],"about":[{"href":"https:\/\/iberoid-shop.com\/pt\/wp-json\/wp\/v2\/types\/product"}],"replies":[{"embeddable":true,"href":"https:\/\/iberoid-shop.com\/pt\/wp-json\/wp\/v2\/comments?post=5167"}],"wp:featuredmedia":[{"embeddable":true,"href":"https:\/\/iberoid-shop.com\/pt\/wp-json\/wp\/v2\/media\/5168"}],"wp:attachment":[{"href":"https:\/\/iberoid-shop.com\/pt\/wp-json\/wp\/v2\/media?parent=5167"}],"wp:term":[{"taxonomy":"product_brand","embeddable":true,"href":"https:\/\/iberoid-shop.com\/pt\/wp-json\/wp\/v2\/product_brand?post=5167"},{"taxonomy":"product_cat","embeddable":true,"href":"https:\/\/iberoid-shop.com\/pt\/wp-json\/wp\/v2\/product_cat?post=5167"},{"taxonomy":"product_tag","embeddable":true,"href":"https:\/\/iberoid-shop.com\/pt\/wp-json\/wp\/v2\/product_tag?post=5167"}],"curies":[{"name":"wp","href":"https:\/\/api.w.org\/{rel}","templated":true}]}}