{"id":5104,"date":"2020-05-10T12:40:06","date_gmt":"2020-05-10T12:40:06","guid":{"rendered":"https:\/\/iberoid-shop.com\/?post_type=product&#038;p=5104"},"modified":"2024-08-06T19:51:49","modified_gmt":"2024-08-06T19:51:49","slug":"hcg-5000-iu-pregnyl","status":"publish","type":"product","link":"https:\/\/iberoid-shop.com\/pt\/product\/hcg-5000-iu-pregnyl\/","title":{"rendered":"hcg 5000 iu   PREGNYL"},"content":{"rendered":"<p>A inje\u00e7\u00e3o de Pregnyl 5000 UI \u00e9 um horm\u00f4nio que ajuda o \u00f3vulo no ov\u00e1rio da mulher a se desenvolver normalmente. Estimula a libera\u00e7\u00e3o de um \u00f3vulo durante a ovula\u00e7\u00e3o, trata<br \/>\ninfertilidade em mulheres, dist\u00farbio da gl\u00e2ndula pituit\u00e1ria em meninos, tra\u00e7os sexuais subdesenvolvidos em meninas e aumenta a contagem de espermatoz\u00f3ides em homens. A inje\u00e7\u00e3o de Pregnyl 5000 UI \u00e9 diretamente injetada sob a pele ou no m\u00fasculo.<\/p>\n<p>Voc\u00ea deve evitar o uso de inje\u00e7\u00e3o de Pregnyl 5000 UI se for al\u00e9rgico a ela, se estiver gr\u00e1vida, se tiver puberdade precoce ou relacionada a horm\u00f4nios<br \/>\nC\u00e2ncer. Evite o consumo de \u00e1lcool enquanto estiver a tomar este medicamento.<\/p>\n<p>Alguns efeitos colaterais do uso da inje\u00e7\u00e3o de Pregnyl 5000 UI s\u00e3o fortes dores p\u00e9lvicas, incha\u00e7o das m\u00e3os e pernas,<br \/>\ndor abdominal, falta de ar, ganho de peso, diarreia, n\u00e1useas ou v\u00f4mitos e urinar menos do que o normal. Os efeitos colaterais menos graves incluem dor de cabe\u00e7a, sensa\u00e7\u00e3o de inquieta\u00e7\u00e3o e irrita\u00e7\u00e3o, ganho de peso com \u00e1gua,<br \/>\ndepress\u00e3o, incha\u00e7o da mama e dor leve no local da inje\u00e7\u00e3o.<\/p>\n<p>Quais s\u00e3o os usos da inje\u00e7\u00e3o de Pregnyl 5000 IU<br \/>\nInfertilidade feminina Este medicamento \u00e9 usado para tratar a infertilidade em mulheres que n\u00e3o sofreram a menopausa, mas n\u00e3o conseguem engravidar devido a desequil\u00edbrios hormonais no corpo.<br \/>\nInfertilidade masculina Este medicamento \u00e9 usado para tratar a infertilidade masculina causada pela falta de um d\u00e9ficit espec\u00edfico de secre\u00e7\u00e3o hormonal no corpo.<br \/>\nCriptorquidismoEste medicamento \u00e9 usado para tratar uma doen\u00e7a em crian\u00e7as do sexo masculino em que um dos dois test\u00edculos n\u00e3o desce para o saco escrotal.<\/p>","protected":false},"excerpt":{"rendered":"<p>A inje\u00e7\u00e3o de Pregnyl 5000 UI \u00e9 um horm\u00f4nio que ajuda o \u00f3vulo no ov\u00e1rio da mulher a se desenvolver<\/p>\n","protected":false},"featured_media":5105,"comment_status":"open","ping_status":"closed","template":"","meta":[],"product_brand":[],"product_cat":[76],"product_tag":[],"class_list":{"0":"post-5104","1":"product","2":"type-product","3":"status-publish","4":"has-post-thumbnail","6":"product_cat-hgh_peptido","8":"first","9":"outofstock","10":"shipping-taxable","11":"purchasable","12":"product-type-simple"},"yoast_head":"<!-- This site is optimized with the Yoast SEO Premium plugin v24.4 (Yoast SEO v27.0) - https:\/\/yoast.com\/product\/yoast-seo-premium-wordpress\/ -->\n<title>hcg 5000 iu  PREGNYL - Ester\u00f3ides Online<\/title>\n<meta name=\"robots\" content=\"index, follow, max-snippet:-1, max-image-preview:large, max-video-preview:-1\" \/>\n<link rel=\"canonical\" href=\"https:\/\/iberoid-shop.com\/pt\/product\/hcg-5000-iu-pregnyl\/\" \/>\n<meta property=\"og:locale\" content=\"pt_PT\" \/>\n<meta property=\"og:type\" content=\"article\" \/>\n<meta property=\"og:title\" content=\"hcg 5000 iu  PREGNYL\" \/>\n<meta property=\"og:description\" content=\"A inje\u00e7\u00e3o de Pregnyl 5000 UI \u00e9 um horm\u00f4nio que ajuda o \u00f3vulo no ov\u00e1rio da mulher a se desenvolver\" \/>\n<meta property=\"og:url\" content=\"https:\/\/iberoid-shop.com\/pt\/product\/hcg-5000-iu-pregnyl\/\" \/>\n<meta property=\"og:site_name\" content=\"Ester\u00f3ides Online\" \/>\n<meta property=\"article:modified_time\" content=\"2024-08-06T19:51:49+00:00\" \/>\n<meta property=\"og:image\" content=\"https:\/\/iberoid-shop.com\/wp-content\/uploads\/2020\/05\/pregnyl-organon-5000-iu.jpg?v=1720308727\" \/>\n\t<meta property=\"og:image:width\" content=\"800\" \/>\n\t<meta property=\"og:image:height\" content=\"800\" \/>\n\t<meta property=\"og:image:type\" content=\"image\/jpeg\" \/>\n<meta name=\"twitter:card\" content=\"summary_large_image\" \/>\n<meta name=\"twitter:label1\" content=\"pre\u00e7o\" \/>\n\t<meta name=\"twitter:data1\" content=\"&euro;25.00\" \/>\n\t<meta name=\"twitter:label2\" content=\"Disponibilidade\" \/>\n\t<meta name=\"twitter:data2\" content=\"Esgotado\" \/>\n<script type=\"application\/ld+json\" class=\"yoast-schema-graph\">{\"@context\":\"https:\/\/schema.org\",\"@graph\":[{\"@type\":\"WebPage\",\"@id\":\"https:\/\/iberoid-shop.com\/pt\/product\/hcg-5000-iu-pregnyl\/\",\"url\":\"https:\/\/iberoid-shop.com\/pt\/product\/hcg-5000-iu-pregnyl\/\",\"name\":\"hcg 5000 iu PREGNYL - Ester\u00f3ides Online\",\"isPartOf\":{\"@id\":\"https:\/\/iberoid-shop.com\/pt\/#website\"},\"primaryImageOfPage\":{\"@id\":\"https:\/\/iberoid-shop.com\/pt\/product\/hcg-5000-iu-pregnyl\/#primaryimage\"},\"image\":{\"@id\":\"https:\/\/iberoid-shop.com\/pt\/product\/hcg-5000-iu-pregnyl\/#primaryimage\"},\"thumbnailUrl\":\"https:\/\/iberoid-shop.com\/wp-content\/uploads\/2020\/05\/pregnyl-organon-5000-iu.jpg?v=1720308727\",\"datePublished\":\"2020-05-10T12:40:06+00:00\",\"dateModified\":\"2024-08-06T19:51:49+00:00\",\"breadcrumb\":{\"@id\":\"https:\/\/iberoid-shop.com\/pt\/product\/hcg-5000-iu-pregnyl\/#breadcrumb\"},\"inLanguage\":\"pt-PT\",\"potentialAction\":[{\"@type\":\"ReadAction\",\"target\":[[\"https:\/\/iberoid-shop.com\/pt\/product\/hcg-5000-iu-pregnyl\/\"]]}]},{\"@type\":\"ImageObject\",\"inLanguage\":\"pt-PT\",\"@id\":\"https:\/\/iberoid-shop.com\/pt\/product\/hcg-5000-iu-pregnyl\/#primaryimage\",\"url\":\"https:\/\/iberoid-shop.com\/wp-content\/uploads\/2020\/05\/pregnyl-organon-5000-iu.jpg?v=1720308727\",\"contentUrl\":\"https:\/\/iberoid-shop.com\/wp-content\/uploads\/2020\/05\/pregnyl-organon-5000-iu.jpg?v=1720308727\",\"width\":800,\"height\":800},{\"@type\":\"BreadcrumbList\",\"@id\":\"https:\/\/iberoid-shop.com\/pt\/product\/hcg-5000-iu-pregnyl\/#breadcrumb\",\"itemListElement\":[{\"@type\":\"ListItem\",\"position\":1,\"name\":\"Portada\",\"item\":\"https:\/\/iberoid-shop.com\/pt\/\"},{\"@type\":\"ListItem\",\"position\":2,\"name\":\"Loja\",\"item\":\"https:\/\/iberoid-shop.com\/pt\/shop\/\"},{\"@type\":\"ListItem\",\"position\":3,\"name\":\"hcg 5000 iu PREGNYL\"}]},{\"@type\":\"WebSite\",\"@id\":\"https:\/\/iberoid-shop.com\/pt\/#website\",\"url\":\"https:\/\/iberoid-shop.com\/pt\/\",\"name\":\"Ester\u00f3ides Online\",\"description\":\"Compre ester\u00f3ides online hoje em Espanha e Portugal. Temos o melhor servi\u00e7o ao cliente do setor e produtos da mais alta qualidade\",\"potentialAction\":[{\"@type\":\"SearchAction\",\"target\":{\"@type\":\"EntryPoint\",\"urlTemplate\":\"https:\/\/iberoid-shop.com\/pt\/?s={search_term_string}\"},\"query-input\":{\"@type\":\"PropertyValueSpecification\",\"valueRequired\":true,\"valueName\":\"search_term_string\"}}],\"inLanguage\":\"pt-PT\"}]}<\/script>\n<meta property=\"product:brand\" content=\"Organon\" \/>\n<meta property=\"product:price:amount\" content=\"25.00\" \/>\n<meta property=\"product:price:currency\" content=\"EUR\" \/>\n<meta property=\"og:availability\" content=\"out of stock\" \/>\n<meta property=\"product:availability\" content=\"out of stock\" \/>\n<meta property=\"product:condition\" content=\"new\" \/>\n<!-- \/ Yoast SEO Premium plugin. -->","yoast_head_json":{"title":"hcg 5000 iu  PREGNYL - Ester\u00f3ides Online","robots":{"index":"index","follow":"follow","max-snippet":"max-snippet:-1","max-image-preview":"max-image-preview:large","max-video-preview":"max-video-preview:-1"},"canonical":"https:\/\/iberoid-shop.com\/pt\/product\/hcg-5000-iu-pregnyl\/","og_locale":"pt_PT","og_type":"article","og_title":"hcg 5000 iu  PREGNYL","og_description":"A inje\u00e7\u00e3o de Pregnyl 5000 UI \u00e9 um horm\u00f4nio que ajuda o \u00f3vulo no ov\u00e1rio da mulher a se desenvolver","og_url":"https:\/\/iberoid-shop.com\/pt\/product\/hcg-5000-iu-pregnyl\/","og_site_name":"Ester\u00f3ides Online","article_modified_time":"2024-08-06T19:51:49+00:00","og_image":[{"width":800,"height":800,"url":"https:\/\/iberoid-shop.com\/wp-content\/uploads\/2020\/05\/pregnyl-organon-5000-iu.jpg?v=1720308727","type":"image\/jpeg"}],"twitter_card":"summary_large_image","twitter_misc":{"pre\u00e7o":"&euro;25.00","Disponibilidade":"Esgotado"},"schema":{"@context":"https:\/\/schema.org","@graph":[{"@type":"WebPage","@id":"https:\/\/iberoid-shop.com\/pt\/product\/hcg-5000-iu-pregnyl\/","url":"https:\/\/iberoid-shop.com\/pt\/product\/hcg-5000-iu-pregnyl\/","name":"hcg 5000 iu PREGNYL - Ester\u00f3ides Online","isPartOf":{"@id":"https:\/\/iberoid-shop.com\/pt\/#website"},"primaryImageOfPage":{"@id":"https:\/\/iberoid-shop.com\/pt\/product\/hcg-5000-iu-pregnyl\/#primaryimage"},"image":{"@id":"https:\/\/iberoid-shop.com\/pt\/product\/hcg-5000-iu-pregnyl\/#primaryimage"},"thumbnailUrl":"https:\/\/iberoid-shop.com\/wp-content\/uploads\/2020\/05\/pregnyl-organon-5000-iu.jpg?v=1720308727","datePublished":"2020-05-10T12:40:06+00:00","dateModified":"2024-08-06T19:51:49+00:00","breadcrumb":{"@id":"https:\/\/iberoid-shop.com\/pt\/product\/hcg-5000-iu-pregnyl\/#breadcrumb"},"inLanguage":"pt-PT","potentialAction":[{"@type":"ReadAction","target":[["https:\/\/iberoid-shop.com\/pt\/product\/hcg-5000-iu-pregnyl\/"]]}]},{"@type":"ImageObject","inLanguage":"pt-PT","@id":"https:\/\/iberoid-shop.com\/pt\/product\/hcg-5000-iu-pregnyl\/#primaryimage","url":"https:\/\/iberoid-shop.com\/wp-content\/uploads\/2020\/05\/pregnyl-organon-5000-iu.jpg?v=1720308727","contentUrl":"https:\/\/iberoid-shop.com\/wp-content\/uploads\/2020\/05\/pregnyl-organon-5000-iu.jpg?v=1720308727","width":800,"height":800},{"@type":"BreadcrumbList","@id":"https:\/\/iberoid-shop.com\/pt\/product\/hcg-5000-iu-pregnyl\/#breadcrumb","itemListElement":[{"@type":"ListItem","position":1,"name":"Portada","item":"https:\/\/iberoid-shop.com\/pt\/"},{"@type":"ListItem","position":2,"name":"Loja","item":"https:\/\/iberoid-shop.com\/pt\/shop\/"},{"@type":"ListItem","position":3,"name":"hcg 5000 iu PREGNYL"}]},{"@type":"WebSite","@id":"https:\/\/iberoid-shop.com\/pt\/#website","url":"https:\/\/iberoid-shop.com\/pt\/","name":"Ester\u00f3ides Online","description":"Compre ester\u00f3ides online hoje em Espanha e Portugal. Temos o melhor servi\u00e7o ao cliente do setor e produtos da mais alta qualidade","potentialAction":[{"@type":"SearchAction","target":{"@type":"EntryPoint","urlTemplate":"https:\/\/iberoid-shop.com\/pt\/?s={search_term_string}"},"query-input":{"@type":"PropertyValueSpecification","valueRequired":true,"valueName":"search_term_string"}}],"inLanguage":"pt-PT"}]},"product_brand":"Organon","product_price_amount":"25.00","product_price_currency":"EUR","og_availability":"out of stock","product_availability":"out of stock","product_condition":"new"},"_links":{"self":[{"href":"https:\/\/iberoid-shop.com\/pt\/wp-json\/wp\/v2\/product\/5104","targetHints":{"allow":["GET"]}}],"collection":[{"href":"https:\/\/iberoid-shop.com\/pt\/wp-json\/wp\/v2\/product"}],"about":[{"href":"https:\/\/iberoid-shop.com\/pt\/wp-json\/wp\/v2\/types\/product"}],"replies":[{"embeddable":true,"href":"https:\/\/iberoid-shop.com\/pt\/wp-json\/wp\/v2\/comments?post=5104"}],"wp:featuredmedia":[{"embeddable":true,"href":"https:\/\/iberoid-shop.com\/pt\/wp-json\/wp\/v2\/media\/5105"}],"wp:attachment":[{"href":"https:\/\/iberoid-shop.com\/pt\/wp-json\/wp\/v2\/media?parent=5104"}],"wp:term":[{"taxonomy":"product_brand","embeddable":true,"href":"https:\/\/iberoid-shop.com\/pt\/wp-json\/wp\/v2\/product_brand?post=5104"},{"taxonomy":"product_cat","embeddable":true,"href":"https:\/\/iberoid-shop.com\/pt\/wp-json\/wp\/v2\/product_cat?post=5104"},{"taxonomy":"product_tag","embeddable":true,"href":"https:\/\/iberoid-shop.com\/pt\/wp-json\/wp\/v2\/product_tag?post=5104"}],"curies":[{"name":"wp","href":"https:\/\/api.w.org\/{rel}","templated":true}]}}