{"id":5086,"date":"2020-04-06T17:51:01","date_gmt":"2020-04-06T17:51:01","guid":{"rendered":"https:\/\/iberoid-shop.com\/?post_type=product&#038;p=5086"},"modified":"2026-04-26T18:28:08","modified_gmt":"2026-04-26T18:28:08","slug":"trenoged-a-trenbolone-acetato-epf","status":"publish","type":"product","link":"https:\/\/iberoid-shop.com\/pt\/product\/trenoged-a-trenbolone-acetato-epf\/","title":{"rendered":"TRENOGED A"},"content":{"rendered":"<p><\/p>\n<p class=\"\" data-start=\"53\" data-end=\"120\"><strong data-start=\"53\" data-end=\"120\">Trenbolona Acetato \u2013 Uma Garantia de Bom Crescimento Muscular&#8221;<\/strong><\/p>\n<p class=\"\" data-start=\"122\" data-end=\"623\">A trenbolona acetato \u00e9 considerada um dos esteroides anab\u00f3licos mais essenciais usados na categoria de men&#8217;s physique. Ela pertence \u00e0 classe de medicamentos esteroides, pois tem um efeito androg\u00eanico e anab\u00f3lico pronunciado no corpo do strongman. Inicialmente, o produto foi inventado para uso em medicina veterin\u00e1ria, especificamente para aumentar a massa no gado. Como o medicamento tem uma ampla gama de efeitos, a trenbolona acetato \u00e9 escolhida tanto para ganhar massa quanto para queimar gordura.<\/p>\n<p class=\"\" data-start=\"625\" data-end=\"671\"><strong data-start=\"625\" data-end=\"671\">Descri\u00e7\u00e3o da Subst\u00e2ncia Ativa do Esteroide<\/strong><\/p>\n<p class=\"\" data-start=\"673\" data-end=\"1018\">Como mencionado anteriormente, a trenbolona tem origem sint\u00e9tica. Seu &#8220;pai&#8221; \u00e9 o nandrolona, embora hoje em dia sejam medicamentos diferentes com efeitos distintos. A forma acetato da trenbolona \u00e9 a mais popular nas disciplinas esportivas. Devido \u00e0 curta meia-vida do anab\u00f3lico, nem todos querem us\u00e1-lo para alcan\u00e7ar seus objetivos estabelecidos.<\/p>\n<p class=\"\" data-start=\"1020\" data-end=\"1074\">O uso deste esteroide anab\u00f3lico permite aos strongmen:<\/p>\n<ul data-start=\"1076\" data-end=\"1272\">\n<li class=\"\" data-start=\"1076\" data-end=\"1106\">\n<p class=\"\" data-start=\"1078\" data-end=\"1106\">Ganhar massa muscular magra;<\/p>\n<\/li>\n<li class=\"\" data-start=\"1107\" data-end=\"1139\">\n<p class=\"\" data-start=\"1109\" data-end=\"1139\">Melhorar a densidade muscular;<\/p>\n<\/li>\n<li class=\"\" data-start=\"1140\" data-end=\"1172\">\n<p class=\"\" data-start=\"1142\" data-end=\"1172\">Melhorar a defini\u00e7\u00e3o muscular;<\/p>\n<\/li>\n<li class=\"\" data-start=\"1173\" data-end=\"1220\">\n<p class=\"\" data-start=\"1175\" data-end=\"1220\">Melhorar o desempenho de for\u00e7a e resist\u00eancia;<\/p>\n<\/li>\n<li class=\"\" data-start=\"1221\" data-end=\"1252\">\n<p class=\"\" data-start=\"1223\" data-end=\"1252\">Hipertrofia do desejo sexual;<\/p>\n<\/li>\n<li class=\"\" data-start=\"1253\" data-end=\"1272\">\n<p class=\"\" data-start=\"1255\" data-end=\"1272\">Aumento da for\u00e7a.<\/p>\n<\/li>\n<\/ul>\n<p class=\"\" data-start=\"1274\" data-end=\"1491\">Como o medicamento tem um efeito androg\u00eanico pronunciado, ele \u00e9 frequentemente usado para queimar gordura subcut\u00e2nea. Ao entrar nos dep\u00f3sitos de gordura, ele afeta o armazenamento de gordura, reduzindo sua quantidade.<\/p>\n<p class=\"\" data-start=\"1493\" data-end=\"1863\">\u00c9 bastante popular entre os atletas devido \u00e0 sua baixa atividade estrog\u00eanica. Em outras palavras, o esteroide n\u00e3o aromatiza de forma alguma, o que significa que n\u00e3o contribui para o desenvolvimento de caracter\u00edsticas sexuais secund\u00e1rias como a ginecomastia. O ciclo de trenbolona acetato \u00e9 uma excelente oportunidade para melhorar o corpo e dot\u00e1-lo de novas capacidades.<\/p>\n<p class=\"\" data-start=\"1865\" data-end=\"1902\"><strong data-start=\"1865\" data-end=\"1902\">Aplica\u00e7\u00e3o e Dosagem de Trenoged A<\/strong><\/p>\n<p class=\"\" data-start=\"1904\" data-end=\"2331\">O Trenoged A pode ser usado tanto em um ciclo isolado quanto em combina\u00e7\u00e3o com outros esteroides. Um ciclo isolado n\u00e3o deve exceder 6 semanas. Durante esse per\u00edodo, pode-se tomar 50 mg ou 100 mg a cada dois dias. Se o atleta decidir estender o ciclo, \u00e9 necess\u00e1rio incluir gonadotropina para evitar sintomas negativos. Ap\u00f3s concluir o ciclo de trenbolona acetato, \u00e9 necess\u00e1rio realizar uma terapia p\u00f3s-ciclo (PCT) com Clomifeno.<\/p>\n<p class=\"\" data-start=\"2333\" data-end=\"2552\">O anab\u00f3lico pode ser combinado com Anavar e Winstrol, o que apresentar\u00e1 bons resultados durante a fase de secagem. A subst\u00e2ncia deve ser tomada metade da dosagem \u00f3tima permitida de cada medicamento durante 2 semanas.&#8221;<\/p>\n<p><\/p>","protected":false},"excerpt":{"rendered":"<p>Trenbolona Acetato \u2013 Uma Garantia de Bom Crescimento Muscular&#8221; A trenbolona acetato \u00e9 considerada um dos esteroides anab\u00f3licos mais essenciais<\/p>\n","protected":false},"featured_media":8559,"comment_status":"open","ping_status":"closed","template":"","meta":[],"product_brand":[],"product_cat":[69],"product_tag":[],"class_list":{"0":"post-5086","1":"product","2":"type-product","3":"status-publish","4":"has-post-thumbnail","6":"product_cat-esteroides_inyectables","8":"first","9":"instock","10":"sale","11":"shipping-taxable","12":"purchasable","13":"product-type-simple"},"yoast_head":"<!-- This site is optimized with the Yoast SEO Premium plugin v24.4 (Yoast SEO v27.3) - https:\/\/yoast.com\/product\/yoast-seo-premium-wordpress\/ -->\n<title>TRENOGED A - Ester\u00f3ides Online<\/title>\n<meta name=\"description\" content=\"Acetato de Trembolona: Anab\u00f3lico potente para massa magra, defini\u00e7\u00e3o, for\u00e7a e queima de gordura. Meia-vida curta, dose t\u00edpica de 50-100mg em dias alternados por no m\u00e1ximo 6 semanas. TPC necess\u00e1ria.\" \/>\n<meta name=\"robots\" content=\"index, follow, max-snippet:-1, max-image-preview:large, max-video-preview:-1\" \/>\n<link rel=\"canonical\" href=\"https:\/\/iberoid-shop.com\/pt\/product\/trenoged-a-trenbolone-acetato-epf\/\" \/>\n<meta property=\"og:locale\" content=\"pt_PT\" \/>\n<meta property=\"og:type\" content=\"article\" \/>\n<meta property=\"og:title\" content=\"TRENOGED A\" \/>\n<meta property=\"og:description\" content=\"Acetato de Trembolona: Anab\u00f3lico potente para massa magra, defini\u00e7\u00e3o, for\u00e7a e queima de gordura. Meia-vida curta, dose t\u00edpica de 50-100mg em dias alternados por no m\u00e1ximo 6 semanas. TPC necess\u00e1ria.\" \/>\n<meta property=\"og:url\" content=\"https:\/\/iberoid-shop.com\/pt\/product\/trenoged-a-trenbolone-acetato-epf\/\" \/>\n<meta property=\"og:site_name\" content=\"Ester\u00f3ides Online\" \/>\n<meta property=\"article:modified_time\" content=\"2026-04-26T18:28:08+00:00\" \/>\n<meta property=\"og:image\" content=\"https:\/\/iberoid-shop.com\/wp-content\/uploads\/2020\/04\/image_6483441-1.jpg?v=1698874256\" \/>\n\t<meta property=\"og:image:width\" content=\"521\" \/>\n\t<meta property=\"og:image:height\" content=\"640\" \/>\n\t<meta property=\"og:image:type\" content=\"image\/jpeg\" \/>\n<meta name=\"twitter:card\" content=\"summary_large_image\" \/>\n<meta name=\"twitter:label1\" content=\"pre\u00e7o\" \/>\n\t<meta name=\"twitter:data1\" content=\"&euro;45.00\" \/>\n\t<meta name=\"twitter:label2\" content=\"Disponibilidade\" \/>\n\t<meta name=\"twitter:data2\" content=\"Em stock\" \/>\n<script type=\"application\/ld+json\" class=\"yoast-schema-graph\">{\"@context\":\"https:\\\/\\\/schema.org\",\"@graph\":[{\"@type\":\"WebPage\",\"@id\":\"https:\\\/\\\/iberoid-shop.com\\\/pt\\\/product\\\/trenoged-a-trenbolone-acetato-epf\\\/\",\"url\":\"https:\\\/\\\/iberoid-shop.com\\\/pt\\\/product\\\/trenoged-a-trenbolone-acetato-epf\\\/\",\"name\":\"TRENOGED A - Ester\u00f3ides Online\",\"isPartOf\":{\"@id\":\"https:\\\/\\\/iberoid-shop.com\\\/pt\\\/#website\"},\"primaryImageOfPage\":{\"@id\":\"https:\\\/\\\/iberoid-shop.com\\\/pt\\\/product\\\/trenoged-a-trenbolone-acetato-epf\\\/#primaryimage\"},\"image\":{\"@id\":\"https:\\\/\\\/iberoid-shop.com\\\/pt\\\/product\\\/trenoged-a-trenbolone-acetato-epf\\\/#primaryimage\"},\"thumbnailUrl\":\"https:\\\/\\\/iberoid-shop.com\\\/wp-content\\\/uploads\\\/2020\\\/04\\\/image_6483441-1.jpg?v=1698874256\",\"datePublished\":\"2020-04-06T17:51:01+00:00\",\"dateModified\":\"2026-04-26T18:28:08+00:00\",\"description\":\"Acetato de Trembolona: Anab\u00f3lico potente para massa magra, defini\u00e7\u00e3o, for\u00e7a e queima de gordura. Meia-vida curta, dose t\u00edpica de 50-100mg em dias alternados por no m\u00e1ximo 6 semanas. TPC necess\u00e1ria.\",\"breadcrumb\":{\"@id\":\"https:\\\/\\\/iberoid-shop.com\\\/pt\\\/product\\\/trenoged-a-trenbolone-acetato-epf\\\/#breadcrumb\"},\"inLanguage\":\"pt-PT\",\"potentialAction\":[{\"@type\":\"ReadAction\",\"target\":[[\"https:\\\/\\\/iberoid-shop.com\\\/pt\\\/product\\\/trenoged-a-trenbolone-acetato-epf\\\/\"]]}]},{\"@type\":\"ImageObject\",\"inLanguage\":\"pt-PT\",\"@id\":\"https:\\\/\\\/iberoid-shop.com\\\/pt\\\/product\\\/trenoged-a-trenbolone-acetato-epf\\\/#primaryimage\",\"url\":\"https:\\\/\\\/iberoid-shop.com\\\/wp-content\\\/uploads\\\/2020\\\/04\\\/image_6483441-1.jpg?v=1698874256\",\"contentUrl\":\"https:\\\/\\\/iberoid-shop.com\\\/wp-content\\\/uploads\\\/2020\\\/04\\\/image_6483441-1.jpg?v=1698874256\",\"width\":521,\"height\":640},{\"@type\":\"BreadcrumbList\",\"@id\":\"https:\\\/\\\/iberoid-shop.com\\\/pt\\\/product\\\/trenoged-a-trenbolone-acetato-epf\\\/#breadcrumb\",\"itemListElement\":[{\"@type\":\"ListItem\",\"position\":1,\"name\":\"Portada\",\"item\":\"https:\\\/\\\/iberoid-shop.com\\\/pt\\\/\"},{\"@type\":\"ListItem\",\"position\":2,\"name\":\"Loja\",\"item\":\"https:\\\/\\\/iberoid-shop.com\\\/pt\\\/shop\\\/\"},{\"@type\":\"ListItem\",\"position\":3,\"name\":\"TRENOGED A\"}]},{\"@type\":\"WebSite\",\"@id\":\"https:\\\/\\\/iberoid-shop.com\\\/pt\\\/#website\",\"url\":\"https:\\\/\\\/iberoid-shop.com\\\/pt\\\/\",\"name\":\"Ester\u00f3ides Online\",\"description\":\"Compre ester\u00f3ides online hoje em Espanha e Portugal. Temos o melhor servi\u00e7o ao cliente do setor e produtos da mais alta qualidade\",\"potentialAction\":[{\"@type\":\"SearchAction\",\"target\":{\"@type\":\"EntryPoint\",\"urlTemplate\":\"https:\\\/\\\/iberoid-shop.com\\\/pt\\\/?s={search_term_string}\"},\"query-input\":{\"@type\":\"PropertyValueSpecification\",\"valueRequired\":true,\"valueName\":\"search_term_string\"}}],\"inLanguage\":\"pt-PT\"}]}<\/script>\n<meta property=\"product:brand\" content=\"Euro Prime Pharmaceuticals (EPF)\" \/>\n<meta property=\"product:price:amount\" content=\"45.00\" \/>\n<meta property=\"product:price:currency\" content=\"EUR\" \/>\n<meta property=\"og:availability\" content=\"instock\" \/>\n<meta property=\"product:availability\" content=\"instock\" \/>\n<meta property=\"product:condition\" content=\"new\" \/>\n<!-- \/ Yoast SEO Premium plugin. -->","yoast_head_json":{"title":"TRENOGED A - Ester\u00f3ides Online","description":"Acetato de Trembolona: Anab\u00f3lico potente para massa magra, defini\u00e7\u00e3o, for\u00e7a e queima de gordura. Meia-vida curta, dose t\u00edpica de 50-100mg em dias alternados por no m\u00e1ximo 6 semanas. TPC necess\u00e1ria.","robots":{"index":"index","follow":"follow","max-snippet":"max-snippet:-1","max-image-preview":"max-image-preview:large","max-video-preview":"max-video-preview:-1"},"canonical":"https:\/\/iberoid-shop.com\/pt\/product\/trenoged-a-trenbolone-acetato-epf\/","og_locale":"pt_PT","og_type":"article","og_title":"TRENOGED A","og_description":"Acetato de Trembolona: Anab\u00f3lico potente para massa magra, defini\u00e7\u00e3o, for\u00e7a e queima de gordura. Meia-vida curta, dose t\u00edpica de 50-100mg em dias alternados por no m\u00e1ximo 6 semanas. TPC necess\u00e1ria.","og_url":"https:\/\/iberoid-shop.com\/pt\/product\/trenoged-a-trenbolone-acetato-epf\/","og_site_name":"Ester\u00f3ides Online","article_modified_time":"2026-04-26T18:28:08+00:00","og_image":[{"width":521,"height":640,"url":"https:\/\/iberoid-shop.com\/wp-content\/uploads\/2020\/04\/image_6483441-1.jpg?v=1698874256","type":"image\/jpeg"}],"twitter_card":"summary_large_image","twitter_misc":{"pre\u00e7o":"&euro;45.00","Disponibilidade":"Em stock"},"schema":{"@context":"https:\/\/schema.org","@graph":[{"@type":"WebPage","@id":"https:\/\/iberoid-shop.com\/pt\/product\/trenoged-a-trenbolone-acetato-epf\/","url":"https:\/\/iberoid-shop.com\/pt\/product\/trenoged-a-trenbolone-acetato-epf\/","name":"TRENOGED A - Ester\u00f3ides Online","isPartOf":{"@id":"https:\/\/iberoid-shop.com\/pt\/#website"},"primaryImageOfPage":{"@id":"https:\/\/iberoid-shop.com\/pt\/product\/trenoged-a-trenbolone-acetato-epf\/#primaryimage"},"image":{"@id":"https:\/\/iberoid-shop.com\/pt\/product\/trenoged-a-trenbolone-acetato-epf\/#primaryimage"},"thumbnailUrl":"https:\/\/iberoid-shop.com\/wp-content\/uploads\/2020\/04\/image_6483441-1.jpg?v=1698874256","datePublished":"2020-04-06T17:51:01+00:00","dateModified":"2026-04-26T18:28:08+00:00","description":"Acetato de Trembolona: Anab\u00f3lico potente para massa magra, defini\u00e7\u00e3o, for\u00e7a e queima de gordura. Meia-vida curta, dose t\u00edpica de 50-100mg em dias alternados por no m\u00e1ximo 6 semanas. TPC necess\u00e1ria.","breadcrumb":{"@id":"https:\/\/iberoid-shop.com\/pt\/product\/trenoged-a-trenbolone-acetato-epf\/#breadcrumb"},"inLanguage":"pt-PT","potentialAction":[{"@type":"ReadAction","target":[["https:\/\/iberoid-shop.com\/pt\/product\/trenoged-a-trenbolone-acetato-epf\/"]]}]},{"@type":"ImageObject","inLanguage":"pt-PT","@id":"https:\/\/iberoid-shop.com\/pt\/product\/trenoged-a-trenbolone-acetato-epf\/#primaryimage","url":"https:\/\/iberoid-shop.com\/wp-content\/uploads\/2020\/04\/image_6483441-1.jpg?v=1698874256","contentUrl":"https:\/\/iberoid-shop.com\/wp-content\/uploads\/2020\/04\/image_6483441-1.jpg?v=1698874256","width":521,"height":640},{"@type":"BreadcrumbList","@id":"https:\/\/iberoid-shop.com\/pt\/product\/trenoged-a-trenbolone-acetato-epf\/#breadcrumb","itemListElement":[{"@type":"ListItem","position":1,"name":"Portada","item":"https:\/\/iberoid-shop.com\/pt\/"},{"@type":"ListItem","position":2,"name":"Loja","item":"https:\/\/iberoid-shop.com\/pt\/shop\/"},{"@type":"ListItem","position":3,"name":"TRENOGED A"}]},{"@type":"WebSite","@id":"https:\/\/iberoid-shop.com\/pt\/#website","url":"https:\/\/iberoid-shop.com\/pt\/","name":"Ester\u00f3ides Online","description":"Compre ester\u00f3ides online hoje em Espanha e Portugal. Temos o melhor servi\u00e7o ao cliente do setor e produtos da mais alta qualidade","potentialAction":[{"@type":"SearchAction","target":{"@type":"EntryPoint","urlTemplate":"https:\/\/iberoid-shop.com\/pt\/?s={search_term_string}"},"query-input":{"@type":"PropertyValueSpecification","valueRequired":true,"valueName":"search_term_string"}}],"inLanguage":"pt-PT"}]},"product_brand":"Euro Prime Pharmaceuticals (EPF)","product_price_amount":"45.00","product_price_currency":"EUR","og_availability":"instock","product_availability":"instock","product_condition":"new"},"_links":{"self":[{"href":"https:\/\/iberoid-shop.com\/pt\/wp-json\/wp\/v2\/product\/5086","targetHints":{"allow":["GET"]}}],"collection":[{"href":"https:\/\/iberoid-shop.com\/pt\/wp-json\/wp\/v2\/product"}],"about":[{"href":"https:\/\/iberoid-shop.com\/pt\/wp-json\/wp\/v2\/types\/product"}],"replies":[{"embeddable":true,"href":"https:\/\/iberoid-shop.com\/pt\/wp-json\/wp\/v2\/comments?post=5086"}],"wp:featuredmedia":[{"embeddable":true,"href":"https:\/\/iberoid-shop.com\/pt\/wp-json\/wp\/v2\/media\/8559"}],"wp:attachment":[{"href":"https:\/\/iberoid-shop.com\/pt\/wp-json\/wp\/v2\/media?parent=5086"}],"wp:term":[{"taxonomy":"product_brand","embeddable":true,"href":"https:\/\/iberoid-shop.com\/pt\/wp-json\/wp\/v2\/product_brand?post=5086"},{"taxonomy":"product_cat","embeddable":true,"href":"https:\/\/iberoid-shop.com\/pt\/wp-json\/wp\/v2\/product_cat?post=5086"},{"taxonomy":"product_tag","embeddable":true,"href":"https:\/\/iberoid-shop.com\/pt\/wp-json\/wp\/v2\/product_tag?post=5086"}],"curies":[{"name":"wp","href":"https:\/\/api.w.org\/{rel}","templated":true}]}}