{"id":3731,"date":"2019-12-26T20:12:22","date_gmt":"2019-12-26T20:12:22","guid":{"rendered":"https:\/\/iberoid-shop.com\/?post_type=product&#038;p=3731"},"modified":"2026-02-08T12:24:31","modified_gmt":"2026-02-08T12:24:31","slug":"winstrol","status":"publish","type":"product","link":"https:\/\/iberoid-shop.com\/pt\/product\/winstrol\/","title":{"rendered":"Winstrol &#8211; nanomicronizado EPF"},"content":{"rendered":"<p><strong>Winstrol<\/strong> \u00e9 um ester\u00f3ide encontrado nas vers\u00f5es oral e injet\u00e1vel. Winstrol \u00e9 um derivado da di-hidrotestosterona com pouca a\u00e7\u00e3o androg\u00eanica. N\u00e3o traz ganhos significativos em massa e for\u00e7a muscular.<\/p>\n<p>Winstrol \u00e9 usado na defini\u00e7\u00e3o e alongamento de ciclos. \u00c9 um dos ester\u00f3ides mais populares usados \u200b\u200bna medicina. Winstrole d\u00e1 uma apar\u00eancia dura e seca aos m\u00fasculos, \u00e9 ideal antes das competi\u00e7\u00f5es. N\u00e3o traz grandes ganhos de massa muscular, n\u00e3o aromatiza em nenhuma dose, portanto n\u00e3o h\u00e1 necessidade de antiestrog\u00eanios e a ginecomastite n\u00e3o aparecer\u00e1.<\/p>\n<p>Winstrole \u00e9 \u00fanico na forma oral e injet\u00e1vel. Ambas as formas cont\u00eam o mesmo composto, mas o injet\u00e1vel \u00e9 superior. A administra\u00e7\u00e3o da variante injet\u00e1vel reduzir\u00e1 o estresse colocado no f\u00edgado. No bodybuilding, \u00e9 usado especialmente em combina\u00e7\u00e3o com outros ester\u00f3ides e principalmente quando voc\u00ea deseja definir m\u00fasculos. O stanozol est\u00e1 aumentando rapidamente a for\u00e7a e a for\u00e7a, portanto, \u00e9 usado por atletas de desempenho que precisam de velocidade e for\u00e7a. As doses de administra\u00e7\u00e3o s\u00e3o de 30-50mg por dia para a variante oral e 25-50mg por dia para a inje\u00e7\u00e3o. \u00c9 dado 6-8 semanas. No final do ciclo, \u00e9 necess\u00e1ria terapia p\u00f3s-ciclo. \u00c9 para ser usado em combina\u00e7\u00e3o com testosterona injet\u00e1vel.<\/p>","protected":false},"excerpt":{"rendered":"<p>Frasco de Winstrol EPF 10ml \/ 50mg<\/p>\n","protected":false},"featured_media":3733,"comment_status":"open","ping_status":"closed","template":"","meta":[],"product_brand":[],"product_cat":[69],"product_tag":[],"class_list":{"0":"post-3731","1":"product","2":"type-product","3":"status-publish","4":"has-post-thumbnail","6":"product_cat-esteroides_inyectables","8":"first","9":"instock","10":"shipping-taxable","11":"purchasable","12":"product-type-simple"},"yoast_head":"<!-- This site is optimized with the Yoast SEO Premium plugin v24.4 (Yoast SEO v27.3) - https:\/\/yoast.com\/product\/yoast-seo-premium-wordpress\/ -->\n<title>Winstrol - nanomicronizado EPF - Ester\u00f3ides Online<\/title>\n<meta name=\"description\" content=\"WINSTROL EPF \u00e9 um esteroide que endurece os m\u00fasculos, define o corpo e aumenta a for\u00e7a sem efeitos estrog\u00eanicos.\" \/>\n<meta name=\"robots\" content=\"index, follow, max-snippet:-1, max-image-preview:large, max-video-preview:-1\" \/>\n<link rel=\"canonical\" href=\"https:\/\/iberoid-shop.com\/pt\/product\/winstrol\/\" \/>\n<meta property=\"og:locale\" content=\"pt_PT\" \/>\n<meta property=\"og:type\" content=\"article\" \/>\n<meta property=\"og:title\" content=\"Winstrol - nanomicronizado EPF\" \/>\n<meta property=\"og:description\" content=\"WINSTROL EPF \u00e9 um esteroide que endurece os m\u00fasculos, define o corpo e aumenta a for\u00e7a sem efeitos estrog\u00eanicos.\" \/>\n<meta property=\"og:url\" content=\"https:\/\/iberoid-shop.com\/pt\/product\/winstrol\/\" \/>\n<meta property=\"og:site_name\" content=\"Ester\u00f3ides Online\" \/>\n<meta property=\"article:modified_time\" content=\"2026-02-08T12:24:31+00:00\" \/>\n<meta property=\"og:image\" content=\"https:\/\/iberoid-shop.com\/wp-content\/uploads\/2019\/12\/80303830_494580554519935_7845157812282851328_n.jpg?v=1678120128\" \/>\n\t<meta property=\"og:image:width\" content=\"960\" \/>\n\t<meta property=\"og:image:height\" content=\"960\" \/>\n\t<meta property=\"og:image:type\" content=\"image\/jpeg\" \/>\n<meta name=\"twitter:card\" content=\"summary_large_image\" \/>\n<meta name=\"twitter:label1\" content=\"pre\u00e7o\" \/>\n\t<meta name=\"twitter:data1\" content=\"&euro;30.00\" \/>\n\t<meta name=\"twitter:label2\" content=\"Disponibilidade\" \/>\n\t<meta name=\"twitter:data2\" content=\"Em stock\" \/>\n<script type=\"application\/ld+json\" class=\"yoast-schema-graph\">{\"@context\":\"https:\\\/\\\/schema.org\",\"@graph\":[{\"@type\":\"WebPage\",\"@id\":\"https:\\\/\\\/iberoid-shop.com\\\/pt\\\/product\\\/winstrol\\\/\",\"url\":\"https:\\\/\\\/iberoid-shop.com\\\/pt\\\/product\\\/winstrol\\\/\",\"name\":\"Winstrol - nanomicronizado EPF - Ester\u00f3ides Online\",\"isPartOf\":{\"@id\":\"https:\\\/\\\/iberoid.com\\\/#website\"},\"primaryImageOfPage\":{\"@id\":\"https:\\\/\\\/iberoid-shop.com\\\/pt\\\/product\\\/winstrol\\\/#primaryimage\"},\"image\":{\"@id\":\"https:\\\/\\\/iberoid-shop.com\\\/pt\\\/product\\\/winstrol\\\/#primaryimage\"},\"thumbnailUrl\":\"https:\\\/\\\/iberoid-shop.com\\\/wp-content\\\/uploads\\\/2019\\\/12\\\/80303830_494580554519935_7845157812282851328_n.jpg?v=1678120128\",\"datePublished\":\"2019-12-26T20:12:22+00:00\",\"dateModified\":\"2026-02-08T12:24:31+00:00\",\"description\":\"WINSTROL EPF \u00e9 um esteroide que endurece os m\u00fasculos, define o corpo e aumenta a for\u00e7a sem efeitos estrog\u00eanicos.\",\"breadcrumb\":{\"@id\":\"https:\\\/\\\/iberoid-shop.com\\\/pt\\\/product\\\/winstrol\\\/#breadcrumb\"},\"inLanguage\":\"pt-PT\",\"potentialAction\":[{\"@type\":\"ReadAction\",\"target\":[[\"https:\\\/\\\/iberoid-shop.com\\\/pt\\\/product\\\/winstrol\\\/\"]]}]},{\"@type\":\"ImageObject\",\"inLanguage\":\"pt-PT\",\"@id\":\"https:\\\/\\\/iberoid-shop.com\\\/pt\\\/product\\\/winstrol\\\/#primaryimage\",\"url\":\"https:\\\/\\\/iberoid-shop.com\\\/wp-content\\\/uploads\\\/2019\\\/12\\\/80303830_494580554519935_7845157812282851328_n.jpg?v=1678120128\",\"contentUrl\":\"https:\\\/\\\/iberoid-shop.com\\\/wp-content\\\/uploads\\\/2019\\\/12\\\/80303830_494580554519935_7845157812282851328_n.jpg?v=1678120128\",\"width\":960,\"height\":960,\"caption\":\"Winstrol premium EPF, Euro Prime\"},{\"@type\":\"BreadcrumbList\",\"@id\":\"https:\\\/\\\/iberoid-shop.com\\\/pt\\\/product\\\/winstrol\\\/#breadcrumb\",\"itemListElement\":[{\"@type\":\"ListItem\",\"position\":1,\"name\":\"Portada\",\"item\":\"https:\\\/\\\/iberoid.com\\\/\"},{\"@type\":\"ListItem\",\"position\":2,\"name\":\"Loja\",\"item\":\"https:\\\/\\\/iberoid-shop.com\\\/pt\\\/shop\\\/\"},{\"@type\":\"ListItem\",\"position\":3,\"name\":\"Winstrol &#8211; nanomicronizado EPF\"}]},{\"@type\":\"WebSite\",\"@id\":\"https:\\\/\\\/iberoid.com\\\/#website\",\"url\":\"https:\\\/\\\/iberoid.com\\\/\",\"name\":\"Ester\u00f3ides Online\",\"description\":\"Compre ester\u00f3ides online hoje em Espanha e Portugal. Temos o melhor servi\u00e7o ao cliente do setor e produtos da mais alta qualidade\",\"potentialAction\":[{\"@type\":\"SearchAction\",\"target\":{\"@type\":\"EntryPoint\",\"urlTemplate\":\"https:\\\/\\\/iberoid.com\\\/?s={search_term_string}\"},\"query-input\":{\"@type\":\"PropertyValueSpecification\",\"valueRequired\":true,\"valueName\":\"search_term_string\"}}],\"inLanguage\":\"pt-PT\"}]}<\/script>\n<meta property=\"product:brand\" content=\"Euro Prime Pharmaceuticals (EPF)\" \/>\n<meta property=\"product:price:amount\" content=\"30.00\" \/>\n<meta property=\"product:price:currency\" content=\"EUR\" \/>\n<meta property=\"og:availability\" content=\"instock\" \/>\n<meta property=\"product:availability\" content=\"instock\" \/>\n<meta property=\"product:condition\" content=\"new\" \/>\n<!-- \/ Yoast SEO Premium plugin. -->","yoast_head_json":{"title":"Winstrol - nanomicronizado EPF - Ester\u00f3ides Online","description":"WINSTROL EPF \u00e9 um esteroide que endurece os m\u00fasculos, define o corpo e aumenta a for\u00e7a sem efeitos estrog\u00eanicos.","robots":{"index":"index","follow":"follow","max-snippet":"max-snippet:-1","max-image-preview":"max-image-preview:large","max-video-preview":"max-video-preview:-1"},"canonical":"https:\/\/iberoid-shop.com\/pt\/product\/winstrol\/","og_locale":"pt_PT","og_type":"article","og_title":"Winstrol - nanomicronizado EPF","og_description":"WINSTROL EPF \u00e9 um esteroide que endurece os m\u00fasculos, define o corpo e aumenta a for\u00e7a sem efeitos estrog\u00eanicos.","og_url":"https:\/\/iberoid-shop.com\/pt\/product\/winstrol\/","og_site_name":"Ester\u00f3ides Online","article_modified_time":"2026-02-08T12:24:31+00:00","og_image":[{"width":960,"height":960,"url":"https:\/\/iberoid-shop.com\/wp-content\/uploads\/2019\/12\/80303830_494580554519935_7845157812282851328_n.jpg?v=1678120128","type":"image\/jpeg"}],"twitter_card":"summary_large_image","twitter_misc":{"pre\u00e7o":"&euro;30.00","Disponibilidade":"Em stock"},"schema":{"@context":"https:\/\/schema.org","@graph":[{"@type":"WebPage","@id":"https:\/\/iberoid-shop.com\/pt\/product\/winstrol\/","url":"https:\/\/iberoid-shop.com\/pt\/product\/winstrol\/","name":"Winstrol - nanomicronizado EPF - Ester\u00f3ides Online","isPartOf":{"@id":"https:\/\/iberoid.com\/#website"},"primaryImageOfPage":{"@id":"https:\/\/iberoid-shop.com\/pt\/product\/winstrol\/#primaryimage"},"image":{"@id":"https:\/\/iberoid-shop.com\/pt\/product\/winstrol\/#primaryimage"},"thumbnailUrl":"https:\/\/iberoid-shop.com\/wp-content\/uploads\/2019\/12\/80303830_494580554519935_7845157812282851328_n.jpg?v=1678120128","datePublished":"2019-12-26T20:12:22+00:00","dateModified":"2026-02-08T12:24:31+00:00","description":"WINSTROL EPF \u00e9 um esteroide que endurece os m\u00fasculos, define o corpo e aumenta a for\u00e7a sem efeitos estrog\u00eanicos.","breadcrumb":{"@id":"https:\/\/iberoid-shop.com\/pt\/product\/winstrol\/#breadcrumb"},"inLanguage":"pt-PT","potentialAction":[{"@type":"ReadAction","target":[["https:\/\/iberoid-shop.com\/pt\/product\/winstrol\/"]]}]},{"@type":"ImageObject","inLanguage":"pt-PT","@id":"https:\/\/iberoid-shop.com\/pt\/product\/winstrol\/#primaryimage","url":"https:\/\/iberoid-shop.com\/wp-content\/uploads\/2019\/12\/80303830_494580554519935_7845157812282851328_n.jpg?v=1678120128","contentUrl":"https:\/\/iberoid-shop.com\/wp-content\/uploads\/2019\/12\/80303830_494580554519935_7845157812282851328_n.jpg?v=1678120128","width":960,"height":960,"caption":"Winstrol premium EPF, Euro Prime"},{"@type":"BreadcrumbList","@id":"https:\/\/iberoid-shop.com\/pt\/product\/winstrol\/#breadcrumb","itemListElement":[{"@type":"ListItem","position":1,"name":"Portada","item":"https:\/\/iberoid.com\/"},{"@type":"ListItem","position":2,"name":"Loja","item":"https:\/\/iberoid-shop.com\/pt\/shop\/"},{"@type":"ListItem","position":3,"name":"Winstrol &#8211; nanomicronizado EPF"}]},{"@type":"WebSite","@id":"https:\/\/iberoid.com\/#website","url":"https:\/\/iberoid.com\/","name":"Ester\u00f3ides Online","description":"Compre ester\u00f3ides online hoje em Espanha e Portugal. Temos o melhor servi\u00e7o ao cliente do setor e produtos da mais alta qualidade","potentialAction":[{"@type":"SearchAction","target":{"@type":"EntryPoint","urlTemplate":"https:\/\/iberoid.com\/?s={search_term_string}"},"query-input":{"@type":"PropertyValueSpecification","valueRequired":true,"valueName":"search_term_string"}}],"inLanguage":"pt-PT"}]},"product_brand":"Euro Prime Pharmaceuticals (EPF)","product_price_amount":"30.00","product_price_currency":"EUR","og_availability":"instock","product_availability":"instock","product_condition":"new"},"_links":{"self":[{"href":"https:\/\/iberoid-shop.com\/pt\/wp-json\/wp\/v2\/product\/3731","targetHints":{"allow":["GET"]}}],"collection":[{"href":"https:\/\/iberoid-shop.com\/pt\/wp-json\/wp\/v2\/product"}],"about":[{"href":"https:\/\/iberoid-shop.com\/pt\/wp-json\/wp\/v2\/types\/product"}],"replies":[{"embeddable":true,"href":"https:\/\/iberoid-shop.com\/pt\/wp-json\/wp\/v2\/comments?post=3731"}],"wp:featuredmedia":[{"embeddable":true,"href":"https:\/\/iberoid-shop.com\/pt\/wp-json\/wp\/v2\/media\/3733"}],"wp:attachment":[{"href":"https:\/\/iberoid-shop.com\/pt\/wp-json\/wp\/v2\/media?parent=3731"}],"wp:term":[{"taxonomy":"product_brand","embeddable":true,"href":"https:\/\/iberoid-shop.com\/pt\/wp-json\/wp\/v2\/product_brand?post=3731"},{"taxonomy":"product_cat","embeddable":true,"href":"https:\/\/iberoid-shop.com\/pt\/wp-json\/wp\/v2\/product_cat?post=3731"},{"taxonomy":"product_tag","embeddable":true,"href":"https:\/\/iberoid-shop.com\/pt\/wp-json\/wp\/v2\/product_tag?post=3731"}],"curies":[{"name":"wp","href":"https:\/\/api.w.org\/{rel}","templated":true}]}}