{"id":3158,"date":"2019-11-21T20:32:18","date_gmt":"2019-11-21T20:32:18","guid":{"rendered":"https:\/\/iberoid-shop.com\/?post_type=product&#038;p=3158"},"modified":"2022-12-12T11:48:31","modified_gmt":"2022-12-12T11:48:31","slug":"trenbolone-75","status":"publish","type":"product","link":"https:\/\/iberoid-shop.com\/pt\/product\/trenbolone-75\/","title":{"rendered":"Trenbolone 75"},"content":{"rendered":"<p>O acetato de trembolona \u00e9 usado para tratar o ganho de peso ap\u00f3s cirurgia extensa, infec\u00e7\u00e3o cr\u00f4nica ou trauma grave. Tamb\u00e9m \u00e9 usado para minimizar a distrofia muscular causada pelo tratamento com corticoster\u00f3ides e reduzir a dor \u00f3ssea causada pela osteoporose.<br \/>\n<strong>Descri\u00e7\u00e3o<\/strong><br \/>\n1 frasco para inject\u00e1veis cont\u00e9m 10 ml de solu\u00e7\u00e3o inject\u00e1vel;<br \/>\n<strong>Subst\u00e2ncias ativas<\/strong><br \/>\nCada ml de trembolona 75 cont\u00e9m 75 mg de acetato de trembolona;<br \/>\n<strong>Via de administra\u00e7\u00e3o<\/strong><br \/>\nApenas para uso intramuscular;<\/p>","protected":false},"excerpt":{"rendered":"<p>O acetato de trembolona \u00e9 usado para tratar o ganho de peso ap\u00f3s cirurgia extensa, infec\u00e7\u00e3o cr\u00f4nica ou trauma grave.<\/p>\n","protected":false},"featured_media":3160,"comment_status":"open","ping_status":"closed","template":"","meta":[],"product_brand":[],"product_cat":[69],"product_tag":[],"class_list":{"0":"post-3158","1":"product","2":"type-product","3":"status-publish","4":"has-post-thumbnail","6":"product_cat-esteroides_inyectables","8":"first","9":"outofstock","10":"sale","11":"shipping-taxable","12":"purchasable","13":"product-type-simple"},"yoast_head":"<!-- This site is optimized with the Yoast SEO Premium plugin v24.4 (Yoast SEO v27.0) - https:\/\/yoast.com\/product\/yoast-seo-premium-wordpress\/ -->\n<title>Trenbolone 75 - Ester\u00f3ides Online<\/title>\n<meta name=\"description\" content=\"O acetato de trembolona \u00e9 usado para tratar o ganho de peso ap\u00f3s cirurgia extensa, infec\u00e7\u00e3o cr\u00f4nica ou trauma grave.\" \/>\n<meta name=\"robots\" content=\"index, follow, max-snippet:-1, max-image-preview:large, max-video-preview:-1\" \/>\n<link rel=\"canonical\" href=\"https:\/\/iberoid-shop.com\/pt\/product\/trenbolone-75\/\" \/>\n<meta property=\"og:locale\" content=\"pt_PT\" \/>\n<meta property=\"og:type\" content=\"article\" \/>\n<meta property=\"og:title\" content=\"Trenbolone 75\" \/>\n<meta property=\"og:description\" content=\"O acetato de trembolona \u00e9 usado para tratar o ganho de peso ap\u00f3s cirurgia extensa, infec\u00e7\u00e3o cr\u00f4nica ou trauma grave.\" \/>\n<meta property=\"og:url\" content=\"https:\/\/iberoid-shop.com\/pt\/product\/trenbolone-75\/\" \/>\n<meta property=\"og:site_name\" content=\"Ester\u00f3ides Online\" \/>\n<meta property=\"article:modified_time\" content=\"2022-12-12T11:48:31+00:00\" \/>\n<meta property=\"og:image\" content=\"https:\/\/iberoid-shop.com\/wp-content\/uploads\/2019\/11\/trenbolone_75.jpg?v=1678120151\" \/>\n\t<meta property=\"og:image:width\" content=\"388\" \/>\n\t<meta property=\"og:image:height\" content=\"388\" \/>\n\t<meta property=\"og:image:type\" content=\"image\/jpeg\" \/>\n<meta name=\"twitter:card\" content=\"summary_large_image\" \/>\n<meta name=\"twitter:label1\" content=\"pre\u00e7o\" \/>\n\t<meta name=\"twitter:data1\" content=\"&euro;50.00\" \/>\n\t<meta name=\"twitter:label2\" content=\"Disponibilidade\" \/>\n\t<meta name=\"twitter:data2\" content=\"Esgotado\" \/>\n<script type=\"application\/ld+json\" class=\"yoast-schema-graph\">{\"@context\":\"https:\/\/schema.org\",\"@graph\":[{\"@type\":\"WebPage\",\"@id\":\"https:\/\/iberoid-shop.com\/pt\/product\/trenbolone-75\/\",\"url\":\"https:\/\/iberoid-shop.com\/pt\/product\/trenbolone-75\/\",\"name\":\"Trenbolone 75 - Ester\u00f3ides Online\",\"isPartOf\":{\"@id\":\"https:\/\/iberoid-shop.com\/pt\/#website\"},\"primaryImageOfPage\":{\"@id\":\"https:\/\/iberoid-shop.com\/pt\/product\/trenbolone-75\/#primaryimage\"},\"image\":{\"@id\":\"https:\/\/iberoid-shop.com\/pt\/product\/trenbolone-75\/#primaryimage\"},\"thumbnailUrl\":\"https:\/\/iberoid-shop.com\/wp-content\/uploads\/2019\/11\/trenbolone_75.jpg?v=1678120151\",\"datePublished\":\"2019-11-21T20:32:18+00:00\",\"dateModified\":\"2022-12-12T11:48:31+00:00\",\"description\":\"O acetato de trembolona \u00e9 usado para tratar o ganho de peso ap\u00f3s cirurgia extensa, infec\u00e7\u00e3o cr\u00f4nica ou trauma grave.\",\"breadcrumb\":{\"@id\":\"https:\/\/iberoid-shop.com\/pt\/product\/trenbolone-75\/#breadcrumb\"},\"inLanguage\":\"pt-PT\",\"potentialAction\":[{\"@type\":\"ReadAction\",\"target\":[[\"https:\/\/iberoid-shop.com\/pt\/product\/trenbolone-75\/\"]]}]},{\"@type\":\"ImageObject\",\"inLanguage\":\"pt-PT\",\"@id\":\"https:\/\/iberoid-shop.com\/pt\/product\/trenbolone-75\/#primaryimage\",\"url\":\"https:\/\/iberoid-shop.com\/wp-content\/uploads\/2019\/11\/trenbolone_75.jpg?v=1678120151\",\"contentUrl\":\"https:\/\/iberoid-shop.com\/wp-content\/uploads\/2019\/11\/trenbolone_75.jpg?v=1678120151\",\"width\":388,\"height\":388},{\"@type\":\"BreadcrumbList\",\"@id\":\"https:\/\/iberoid-shop.com\/pt\/product\/trenbolone-75\/#breadcrumb\",\"itemListElement\":[{\"@type\":\"ListItem\",\"position\":1,\"name\":\"Portada\",\"item\":\"https:\/\/iberoid-shop.com\/pt\/\"},{\"@type\":\"ListItem\",\"position\":2,\"name\":\"Loja\",\"item\":\"https:\/\/iberoid-shop.com\/pt\/shop\/\"},{\"@type\":\"ListItem\",\"position\":3,\"name\":\"Trenbolone 75\"}]},{\"@type\":\"WebSite\",\"@id\":\"https:\/\/iberoid-shop.com\/pt\/#website\",\"url\":\"https:\/\/iberoid-shop.com\/pt\/\",\"name\":\"Ester\u00f3ides Online\",\"description\":\"Compre ester\u00f3ides online hoje em Espanha e Portugal. Temos o melhor servi\u00e7o ao cliente do setor e produtos da mais alta qualidade\",\"potentialAction\":[{\"@type\":\"SearchAction\",\"target\":{\"@type\":\"EntryPoint\",\"urlTemplate\":\"https:\/\/iberoid-shop.com\/pt\/?s={search_term_string}\"},\"query-input\":{\"@type\":\"PropertyValueSpecification\",\"valueRequired\":true,\"valueName\":\"search_term_string\"}}],\"inLanguage\":\"pt-PT\"}]}<\/script>\n<meta property=\"product:brand\" content=\"SP Laboratories\" \/>\n<meta property=\"product:price:amount\" content=\"50.00\" \/>\n<meta property=\"product:price:currency\" content=\"EUR\" \/>\n<meta property=\"og:availability\" content=\"out of stock\" \/>\n<meta property=\"product:availability\" content=\"out of stock\" \/>\n<meta property=\"product:condition\" content=\"new\" \/>\n<!-- \/ Yoast SEO Premium plugin. -->","yoast_head_json":{"title":"Trenbolone 75 - Ester\u00f3ides Online","description":"O acetato de trembolona \u00e9 usado para tratar o ganho de peso ap\u00f3s cirurgia extensa, infec\u00e7\u00e3o cr\u00f4nica ou trauma grave.","robots":{"index":"index","follow":"follow","max-snippet":"max-snippet:-1","max-image-preview":"max-image-preview:large","max-video-preview":"max-video-preview:-1"},"canonical":"https:\/\/iberoid-shop.com\/pt\/product\/trenbolone-75\/","og_locale":"pt_PT","og_type":"article","og_title":"Trenbolone 75","og_description":"O acetato de trembolona \u00e9 usado para tratar o ganho de peso ap\u00f3s cirurgia extensa, infec\u00e7\u00e3o cr\u00f4nica ou trauma grave.","og_url":"https:\/\/iberoid-shop.com\/pt\/product\/trenbolone-75\/","og_site_name":"Ester\u00f3ides Online","article_modified_time":"2022-12-12T11:48:31+00:00","og_image":[{"width":388,"height":388,"url":"https:\/\/iberoid-shop.com\/wp-content\/uploads\/2019\/11\/trenbolone_75.jpg?v=1678120151","type":"image\/jpeg"}],"twitter_card":"summary_large_image","twitter_misc":{"pre\u00e7o":"&euro;50.00","Disponibilidade":"Esgotado"},"schema":{"@context":"https:\/\/schema.org","@graph":[{"@type":"WebPage","@id":"https:\/\/iberoid-shop.com\/pt\/product\/trenbolone-75\/","url":"https:\/\/iberoid-shop.com\/pt\/product\/trenbolone-75\/","name":"Trenbolone 75 - Ester\u00f3ides Online","isPartOf":{"@id":"https:\/\/iberoid-shop.com\/pt\/#website"},"primaryImageOfPage":{"@id":"https:\/\/iberoid-shop.com\/pt\/product\/trenbolone-75\/#primaryimage"},"image":{"@id":"https:\/\/iberoid-shop.com\/pt\/product\/trenbolone-75\/#primaryimage"},"thumbnailUrl":"https:\/\/iberoid-shop.com\/wp-content\/uploads\/2019\/11\/trenbolone_75.jpg?v=1678120151","datePublished":"2019-11-21T20:32:18+00:00","dateModified":"2022-12-12T11:48:31+00:00","description":"O acetato de trembolona \u00e9 usado para tratar o ganho de peso ap\u00f3s cirurgia extensa, infec\u00e7\u00e3o cr\u00f4nica ou trauma grave.","breadcrumb":{"@id":"https:\/\/iberoid-shop.com\/pt\/product\/trenbolone-75\/#breadcrumb"},"inLanguage":"pt-PT","potentialAction":[{"@type":"ReadAction","target":[["https:\/\/iberoid-shop.com\/pt\/product\/trenbolone-75\/"]]}]},{"@type":"ImageObject","inLanguage":"pt-PT","@id":"https:\/\/iberoid-shop.com\/pt\/product\/trenbolone-75\/#primaryimage","url":"https:\/\/iberoid-shop.com\/wp-content\/uploads\/2019\/11\/trenbolone_75.jpg?v=1678120151","contentUrl":"https:\/\/iberoid-shop.com\/wp-content\/uploads\/2019\/11\/trenbolone_75.jpg?v=1678120151","width":388,"height":388},{"@type":"BreadcrumbList","@id":"https:\/\/iberoid-shop.com\/pt\/product\/trenbolone-75\/#breadcrumb","itemListElement":[{"@type":"ListItem","position":1,"name":"Portada","item":"https:\/\/iberoid-shop.com\/pt\/"},{"@type":"ListItem","position":2,"name":"Loja","item":"https:\/\/iberoid-shop.com\/pt\/shop\/"},{"@type":"ListItem","position":3,"name":"Trenbolone 75"}]},{"@type":"WebSite","@id":"https:\/\/iberoid-shop.com\/pt\/#website","url":"https:\/\/iberoid-shop.com\/pt\/","name":"Ester\u00f3ides Online","description":"Compre ester\u00f3ides online hoje em Espanha e Portugal. Temos o melhor servi\u00e7o ao cliente do setor e produtos da mais alta qualidade","potentialAction":[{"@type":"SearchAction","target":{"@type":"EntryPoint","urlTemplate":"https:\/\/iberoid-shop.com\/pt\/?s={search_term_string}"},"query-input":{"@type":"PropertyValueSpecification","valueRequired":true,"valueName":"search_term_string"}}],"inLanguage":"pt-PT"}]},"product_brand":"SP Laboratories","product_price_amount":"50.00","product_price_currency":"EUR","og_availability":"out of stock","product_availability":"out of stock","product_condition":"new"},"_links":{"self":[{"href":"https:\/\/iberoid-shop.com\/pt\/wp-json\/wp\/v2\/product\/3158","targetHints":{"allow":["GET"]}}],"collection":[{"href":"https:\/\/iberoid-shop.com\/pt\/wp-json\/wp\/v2\/product"}],"about":[{"href":"https:\/\/iberoid-shop.com\/pt\/wp-json\/wp\/v2\/types\/product"}],"replies":[{"embeddable":true,"href":"https:\/\/iberoid-shop.com\/pt\/wp-json\/wp\/v2\/comments?post=3158"}],"wp:featuredmedia":[{"embeddable":true,"href":"https:\/\/iberoid-shop.com\/pt\/wp-json\/wp\/v2\/media\/3160"}],"wp:attachment":[{"href":"https:\/\/iberoid-shop.com\/pt\/wp-json\/wp\/v2\/media?parent=3158"}],"wp:term":[{"taxonomy":"product_brand","embeddable":true,"href":"https:\/\/iberoid-shop.com\/pt\/wp-json\/wp\/v2\/product_brand?post=3158"},{"taxonomy":"product_cat","embeddable":true,"href":"https:\/\/iberoid-shop.com\/pt\/wp-json\/wp\/v2\/product_cat?post=3158"},{"taxonomy":"product_tag","embeddable":true,"href":"https:\/\/iberoid-shop.com\/pt\/wp-json\/wp\/v2\/product_tag?post=3158"}],"curies":[{"name":"wp","href":"https:\/\/api.w.org\/{rel}","templated":true}]}}