{"id":3072,"date":"2019-11-20T20:45:23","date_gmt":"2019-11-20T20:45:23","guid":{"rendered":"https:\/\/iberoid-shop.com\/?post_type=product&#038;p=3072"},"modified":"2026-03-11T16:51:17","modified_gmt":"2026-03-11T16:51:17","slug":"primoged","status":"publish","type":"product","link":"https:\/\/iberoid-shop.com\/pt\/product\/primoged\/","title":{"rendered":"Primoged &#8211; Primobolan &#8211; PREMIUM"},"content":{"rendered":"<p>O primobolan \u00e9 encontrado na forma injet\u00e1vel e em comprimidos. O primobolan injet\u00e1vel \u00e9 chamado de dep\u00f3sito primobolan. A administra\u00e7\u00e3o de primobolana n\u00e3o ajuda a um r\u00e1pido aumento na massa e for\u00e7a muscular, raz\u00e3o pela qual \u00e9 administrada por um longo per\u00edodo de tempo. Ap\u00f3s a administra\u00e7\u00e3o do primobolan, a massa muscular obtida ser\u00e1 de qualidade e camada de gordura sem gordura. A tabela ser\u00e1 mantida na maior parte. Para ser eficaz, deve ser administrado por um longo per\u00edodo de tempo e em grandes quantidades. A solu\u00e7\u00e3o oral deve ser usada por 12 semanas, em uma dose de pelo menos 500 mg \/ semana. Pode ser combinado com o mastoon, outro ester\u00f3ide muito bom para defini\u00e7\u00e3o.<br \/>\nUma caracter\u00edstica importante do primobolan \u00e9 que ele contribui para a queima de gordura. Primobolan tamb\u00e9m ajuda no tratamento de tumores da mama, n\u00e3o \u00e9 necess\u00e1rio o uso de anti-estrog\u00eanios durante os ciclos de primobolan. Primobolan pode ser adicionado \u00e0s c\u00e9lulas ester\u00f3ides com alto grau de ginecomastia, para ajudar a evit\u00e1-lo. O primobolan injet\u00e1vel \u00e9 melhor que o injet\u00e1vel, porque n\u00e3o passa pelo f\u00edgado e tem uma efici\u00eancia mais alta. O primobolano oral n\u00e3o \u00e9 t\u00f3xico para o f\u00edgado. Mas \u00e9 necess\u00e1rio ser administrado em doses muito altas 100-200mg \/ dia. O ciclo oral de primobolano deve durar pelo menos 6 semanas.<\/p>","protected":false},"excerpt":{"rendered":"<p>O primobolan \u00e9 encontrado na forma injet\u00e1vel e em comprimidos. O primobolan injet\u00e1vel \u00e9 chamado de dep\u00f3sito primobolan. A administra\u00e7\u00e3o<\/p>\n","protected":false},"featured_media":9309,"comment_status":"open","ping_status":"closed","template":"","meta":[],"product_brand":[],"product_cat":[69],"product_tag":[],"class_list":{"0":"post-3072","1":"product","2":"type-product","3":"status-publish","4":"has-post-thumbnail","6":"product_cat-esteroides_inyectables","8":"first","9":"instock","10":"sale","11":"shipping-taxable","12":"purchasable","13":"product-type-simple"},"yoast_head":"<!-- This site is optimized with the Yoast SEO Premium plugin v24.4 (Yoast SEO v27.0) - https:\/\/yoast.com\/product\/yoast-seo-premium-wordpress\/ -->\n<title>Primoged - Primobolan - PREMIUM - Ester\u00f3ides Online<\/title>\n<meta name=\"description\" content=\"Primobolan: Para ganho muscular magro e de qualidade e queima de gordura em ciclos longos (12+ semanas oral, 500mg+\/semana). M\u00ednima reten\u00e7\u00e3o de \u00e1gua, n\u00e3o precisa de antiestrog\u00eanios. Injet\u00e1vel \u00e9 prefer\u00edvel.\" \/>\n<meta name=\"robots\" content=\"index, follow, max-snippet:-1, max-image-preview:large, max-video-preview:-1\" \/>\n<link rel=\"canonical\" href=\"https:\/\/iberoid-shop.com\/pt\/product\/primoged\/\" \/>\n<meta property=\"og:locale\" content=\"pt_PT\" \/>\n<meta property=\"og:type\" content=\"article\" \/>\n<meta property=\"og:title\" content=\"Primoged - Primobolan - PREMIUM\" \/>\n<meta property=\"og:description\" content=\"Primobolan: Para ganho muscular magro e de qualidade e queima de gordura em ciclos longos (12+ semanas oral, 500mg+\/semana). M\u00ednima reten\u00e7\u00e3o de \u00e1gua, n\u00e3o precisa de antiestrog\u00eanios. Injet\u00e1vel \u00e9 prefer\u00edvel.\" \/>\n<meta property=\"og:url\" content=\"https:\/\/iberoid-shop.com\/pt\/product\/primoged\/\" \/>\n<meta property=\"og:site_name\" content=\"Ester\u00f3ides Online\" \/>\n<meta property=\"article:modified_time\" content=\"2026-03-11T16:51:17+00:00\" \/>\n<meta property=\"og:image\" content=\"https:\/\/iberoid-shop.com\/wp-content\/uploads\/2019\/11\/prim.jpg?v=1711900666\" \/>\n\t<meta property=\"og:image:width\" content=\"1600\" \/>\n\t<meta property=\"og:image:height\" content=\"1600\" \/>\n\t<meta property=\"og:image:type\" content=\"image\/jpeg\" \/>\n<meta name=\"twitter:card\" content=\"summary_large_image\" \/>\n<meta name=\"twitter:label1\" content=\"pre\u00e7o\" \/>\n\t<meta name=\"twitter:data1\" content=\"&euro;60.00\" \/>\n\t<meta name=\"twitter:label2\" content=\"Disponibilidade\" \/>\n\t<meta name=\"twitter:data2\" content=\"Em stock\" \/>\n<script type=\"application\/ld+json\" class=\"yoast-schema-graph\">{\"@context\":\"https:\/\/schema.org\",\"@graph\":[{\"@type\":\"WebPage\",\"@id\":\"https:\/\/iberoid-shop.com\/pt\/product\/primoged\/\",\"url\":\"https:\/\/iberoid-shop.com\/pt\/product\/primoged\/\",\"name\":\"Primoged - Primobolan - PREMIUM - Ester\u00f3ides Online\",\"isPartOf\":{\"@id\":\"https:\/\/iberoid-shop.com\/pt\/#website\"},\"primaryImageOfPage\":{\"@id\":\"https:\/\/iberoid-shop.com\/pt\/product\/primoged\/#primaryimage\"},\"image\":{\"@id\":\"https:\/\/iberoid-shop.com\/pt\/product\/primoged\/#primaryimage\"},\"thumbnailUrl\":\"https:\/\/iberoid-shop.com\/wp-content\/uploads\/2019\/11\/prim.jpg?v=1711900666\",\"datePublished\":\"2019-11-20T20:45:23+00:00\",\"dateModified\":\"2026-03-11T16:51:17+00:00\",\"description\":\"Primobolan: Para ganho muscular magro e de qualidade e queima de gordura em ciclos longos (12+ semanas oral, 500mg+\/semana). M\u00ednima reten\u00e7\u00e3o de \u00e1gua, n\u00e3o precisa de antiestrog\u00eanios. Injet\u00e1vel \u00e9 prefer\u00edvel.\",\"breadcrumb\":{\"@id\":\"https:\/\/iberoid-shop.com\/pt\/product\/primoged\/#breadcrumb\"},\"inLanguage\":\"pt-PT\",\"potentialAction\":[{\"@type\":\"ReadAction\",\"target\":[[\"https:\/\/iberoid-shop.com\/pt\/product\/primoged\/\"]]}]},{\"@type\":\"ImageObject\",\"inLanguage\":\"pt-PT\",\"@id\":\"https:\/\/iberoid-shop.com\/pt\/product\/primoged\/#primaryimage\",\"url\":\"https:\/\/iberoid-shop.com\/wp-content\/uploads\/2019\/11\/prim.jpg?v=1711900666\",\"contentUrl\":\"https:\/\/iberoid-shop.com\/wp-content\/uploads\/2019\/11\/prim.jpg?v=1711900666\",\"width\":1600,\"height\":1600},{\"@type\":\"BreadcrumbList\",\"@id\":\"https:\/\/iberoid-shop.com\/pt\/product\/primoged\/#breadcrumb\",\"itemListElement\":[{\"@type\":\"ListItem\",\"position\":1,\"name\":\"Portada\",\"item\":\"https:\/\/iberoid-shop.com\/pt\/\"},{\"@type\":\"ListItem\",\"position\":2,\"name\":\"Loja\",\"item\":\"https:\/\/iberoid-shop.com\/pt\/shop\/\"},{\"@type\":\"ListItem\",\"position\":3,\"name\":\"Primoged &#8211; Primobolan &#8211; PREMIUM\"}]},{\"@type\":\"WebSite\",\"@id\":\"https:\/\/iberoid-shop.com\/pt\/#website\",\"url\":\"https:\/\/iberoid-shop.com\/pt\/\",\"name\":\"Ester\u00f3ides Online\",\"description\":\"Compre ester\u00f3ides online hoje em Espanha e Portugal. Temos o melhor servi\u00e7o ao cliente do setor e produtos da mais alta qualidade\",\"potentialAction\":[{\"@type\":\"SearchAction\",\"target\":{\"@type\":\"EntryPoint\",\"urlTemplate\":\"https:\/\/iberoid-shop.com\/pt\/?s={search_term_string}\"},\"query-input\":{\"@type\":\"PropertyValueSpecification\",\"valueRequired\":true,\"valueName\":\"search_term_string\"}}],\"inLanguage\":\"pt-PT\"}]}<\/script>\n<meta property=\"product:brand\" content=\"Euro Prime Pharmaceuticals (EPF)\" \/>\n<meta property=\"product:price:amount\" content=\"60.00\" \/>\n<meta property=\"product:price:currency\" content=\"EUR\" \/>\n<meta property=\"og:availability\" content=\"instock\" \/>\n<meta property=\"product:availability\" content=\"instock\" \/>\n<meta property=\"product:condition\" content=\"new\" \/>\n<!-- \/ Yoast SEO Premium plugin. -->","yoast_head_json":{"title":"Primoged - Primobolan - PREMIUM - Ester\u00f3ides Online","description":"Primobolan: Para ganho muscular magro e de qualidade e queima de gordura em ciclos longos (12+ semanas oral, 500mg+\/semana). M\u00ednima reten\u00e7\u00e3o de \u00e1gua, n\u00e3o precisa de antiestrog\u00eanios. Injet\u00e1vel \u00e9 prefer\u00edvel.","robots":{"index":"index","follow":"follow","max-snippet":"max-snippet:-1","max-image-preview":"max-image-preview:large","max-video-preview":"max-video-preview:-1"},"canonical":"https:\/\/iberoid-shop.com\/pt\/product\/primoged\/","og_locale":"pt_PT","og_type":"article","og_title":"Primoged - Primobolan - PREMIUM","og_description":"Primobolan: Para ganho muscular magro e de qualidade e queima de gordura em ciclos longos (12+ semanas oral, 500mg+\/semana). M\u00ednima reten\u00e7\u00e3o de \u00e1gua, n\u00e3o precisa de antiestrog\u00eanios. Injet\u00e1vel \u00e9 prefer\u00edvel.","og_url":"https:\/\/iberoid-shop.com\/pt\/product\/primoged\/","og_site_name":"Ester\u00f3ides Online","article_modified_time":"2026-03-11T16:51:17+00:00","og_image":[{"width":1600,"height":1600,"url":"https:\/\/iberoid-shop.com\/wp-content\/uploads\/2019\/11\/prim.jpg?v=1711900666","type":"image\/jpeg"}],"twitter_card":"summary_large_image","twitter_misc":{"pre\u00e7o":"&euro;60.00","Disponibilidade":"Em stock"},"schema":{"@context":"https:\/\/schema.org","@graph":[{"@type":"WebPage","@id":"https:\/\/iberoid-shop.com\/pt\/product\/primoged\/","url":"https:\/\/iberoid-shop.com\/pt\/product\/primoged\/","name":"Primoged - Primobolan - PREMIUM - Ester\u00f3ides Online","isPartOf":{"@id":"https:\/\/iberoid-shop.com\/pt\/#website"},"primaryImageOfPage":{"@id":"https:\/\/iberoid-shop.com\/pt\/product\/primoged\/#primaryimage"},"image":{"@id":"https:\/\/iberoid-shop.com\/pt\/product\/primoged\/#primaryimage"},"thumbnailUrl":"https:\/\/iberoid-shop.com\/wp-content\/uploads\/2019\/11\/prim.jpg?v=1711900666","datePublished":"2019-11-20T20:45:23+00:00","dateModified":"2026-03-11T16:51:17+00:00","description":"Primobolan: Para ganho muscular magro e de qualidade e queima de gordura em ciclos longos (12+ semanas oral, 500mg+\/semana). M\u00ednima reten\u00e7\u00e3o de \u00e1gua, n\u00e3o precisa de antiestrog\u00eanios. Injet\u00e1vel \u00e9 prefer\u00edvel.","breadcrumb":{"@id":"https:\/\/iberoid-shop.com\/pt\/product\/primoged\/#breadcrumb"},"inLanguage":"pt-PT","potentialAction":[{"@type":"ReadAction","target":[["https:\/\/iberoid-shop.com\/pt\/product\/primoged\/"]]}]},{"@type":"ImageObject","inLanguage":"pt-PT","@id":"https:\/\/iberoid-shop.com\/pt\/product\/primoged\/#primaryimage","url":"https:\/\/iberoid-shop.com\/wp-content\/uploads\/2019\/11\/prim.jpg?v=1711900666","contentUrl":"https:\/\/iberoid-shop.com\/wp-content\/uploads\/2019\/11\/prim.jpg?v=1711900666","width":1600,"height":1600},{"@type":"BreadcrumbList","@id":"https:\/\/iberoid-shop.com\/pt\/product\/primoged\/#breadcrumb","itemListElement":[{"@type":"ListItem","position":1,"name":"Portada","item":"https:\/\/iberoid-shop.com\/pt\/"},{"@type":"ListItem","position":2,"name":"Loja","item":"https:\/\/iberoid-shop.com\/pt\/shop\/"},{"@type":"ListItem","position":3,"name":"Primoged &#8211; Primobolan &#8211; PREMIUM"}]},{"@type":"WebSite","@id":"https:\/\/iberoid-shop.com\/pt\/#website","url":"https:\/\/iberoid-shop.com\/pt\/","name":"Ester\u00f3ides Online","description":"Compre ester\u00f3ides online hoje em Espanha e Portugal. Temos o melhor servi\u00e7o ao cliente do setor e produtos da mais alta qualidade","potentialAction":[{"@type":"SearchAction","target":{"@type":"EntryPoint","urlTemplate":"https:\/\/iberoid-shop.com\/pt\/?s={search_term_string}"},"query-input":{"@type":"PropertyValueSpecification","valueRequired":true,"valueName":"search_term_string"}}],"inLanguage":"pt-PT"}]},"product_brand":"Euro Prime Pharmaceuticals (EPF)","product_price_amount":"60.00","product_price_currency":"EUR","og_availability":"instock","product_availability":"instock","product_condition":"new"},"_links":{"self":[{"href":"https:\/\/iberoid-shop.com\/pt\/wp-json\/wp\/v2\/product\/3072","targetHints":{"allow":["GET"]}}],"collection":[{"href":"https:\/\/iberoid-shop.com\/pt\/wp-json\/wp\/v2\/product"}],"about":[{"href":"https:\/\/iberoid-shop.com\/pt\/wp-json\/wp\/v2\/types\/product"}],"replies":[{"embeddable":true,"href":"https:\/\/iberoid-shop.com\/pt\/wp-json\/wp\/v2\/comments?post=3072"}],"wp:featuredmedia":[{"embeddable":true,"href":"https:\/\/iberoid-shop.com\/pt\/wp-json\/wp\/v2\/media\/9309"}],"wp:attachment":[{"href":"https:\/\/iberoid-shop.com\/pt\/wp-json\/wp\/v2\/media?parent=3072"}],"wp:term":[{"taxonomy":"product_brand","embeddable":true,"href":"https:\/\/iberoid-shop.com\/pt\/wp-json\/wp\/v2\/product_brand?post=3072"},{"taxonomy":"product_cat","embeddable":true,"href":"https:\/\/iberoid-shop.com\/pt\/wp-json\/wp\/v2\/product_cat?post=3072"},{"taxonomy":"product_tag","embeddable":true,"href":"https:\/\/iberoid-shop.com\/pt\/wp-json\/wp\/v2\/product_tag?post=3072"}],"curies":[{"name":"wp","href":"https:\/\/api.w.org\/{rel}","templated":true}]}}