{"id":3068,"date":"2019-11-20T20:43:50","date_gmt":"2019-11-20T20:43:50","guid":{"rendered":"https:\/\/iberoid-shop.com\/?post_type=product&#038;p=3068"},"modified":"2023-11-01T16:50:39","modified_gmt":"2023-11-01T16:50:39","slug":"oxiged","status":"publish","type":"product","link":"https:\/\/iberoid-shop.com\/pt\/product\/oxiged\/","title":{"rendered":"Oxiged OXYMETHOLONE EPF"},"content":{"rendered":"<p>Anapolon \u00e9 o ester\u00f3ide oral mais forte do mercado. \u00c9 um ester\u00f3ide para profissionais. Ele tem uma a\u00e7\u00e3o semelhante \u00e0 do danabol, apenas que \u00e9 muito mais forte. \u00c9 conhecido entre os fisiculturistas que evitam ester\u00f3ides injet\u00e1veis, mas n\u00e3o \u00e9 t\u00e3o eficaz quanto a testosterona.<br \/>\n\u00c9 administrado 50-100mg diariamente por at\u00e9 6 semanas, pois \u00e9 bastante t\u00f3xico para o f\u00edgado. \u00c9 necess\u00e1rio usar silimarina para prote\u00e7\u00e3o do f\u00edgado. Durante as 6 semanas, haver\u00e1 um aumento na for\u00e7a, pode acumular entre 10 e 15 kg durante este per\u00edodo. A quantidade de massa muscular e sua qualidade depender\u00e3o muito da dieta. \u00c9 necess\u00e1ria uma dieta rica em prote\u00ednas, 2-3g de prote\u00edna \/ kg de corpo. Anapolon ret\u00e9m muita \u00e1gua no corpo, isso \u00e9 ben\u00e9fico, pois ter\u00e1 o efeito de &#8220;lubrifica\u00e7\u00e3o das articula\u00e7\u00f5es&#8221;. A \u00e1gua acumulada no corpo ser\u00e1 eliminada no final do ciclo. No per\u00edodo p\u00f3s-ciclo, tamoxifeno e clomid devem ser usados. Anapolon pode ser combinado com testosterona, decadurabolin, mas tamb\u00e9m outros ester\u00f3ides. Ajuda no crescimento r\u00e1pido no in\u00edcio de longos ciclos de ester\u00f3ides. Para dar uma apar\u00eancia mais musculosa no final do ciclo, o winstrol oral ou injet\u00e1vel pode ser iniciado por 4 semanas.<\/p>","protected":false},"excerpt":{"rendered":"<p>Anapolon \u00e9 o ester\u00f3ide oral mais forte do mercado. \u00c9 um ester\u00f3ide para profissionais. Ele tem uma a\u00e7\u00e3o semelhante \u00e0<\/p>\n","protected":false},"featured_media":3070,"comment_status":"open","ping_status":"closed","template":"","meta":[],"product_brand":[],"product_cat":[73],"product_tag":[],"class_list":{"0":"post-3068","1":"product","2":"type-product","3":"status-publish","4":"has-post-thumbnail","6":"product_cat-ssteroides_orales","8":"first","9":"outofstock","10":"sale","11":"shipping-taxable","12":"purchasable","13":"product-type-simple"},"yoast_head":"<!-- This site is optimized with the Yoast SEO Premium plugin v24.4 (Yoast SEO v27.0) - https:\/\/yoast.com\/product\/yoast-seo-premium-wordpress\/ -->\n<title>Oxiged OXYMETHOLONE EPF - Ester\u00f3ides Online<\/title>\n<meta name=\"description\" content=\"\u00c9 conhecido entre os fisiculturistas que evitam ester\u00f3ides injet\u00e1veis, mas n\u00e3o \u00e9 t\u00e3o eficaz quanto a testosterona.\u00c9 administrado 50-100mg diariamente por at\u00e9 6 semanas, pois \u00e9 bastante t\u00f3xico para o f\u00edgado.\" \/>\n<meta name=\"robots\" content=\"index, follow, max-snippet:-1, max-image-preview:large, max-video-preview:-1\" \/>\n<link rel=\"canonical\" href=\"https:\/\/iberoid-shop.com\/pt\/product\/oxiged\/\" \/>\n<meta property=\"og:locale\" content=\"pt_PT\" \/>\n<meta property=\"og:type\" content=\"article\" \/>\n<meta property=\"og:title\" content=\"Oxiged OXYMETHOLONE EPF\" \/>\n<meta property=\"og:description\" content=\"\u00c9 conhecido entre os fisiculturistas que evitam ester\u00f3ides injet\u00e1veis, mas n\u00e3o \u00e9 t\u00e3o eficaz quanto a testosterona.\u00c9 administrado 50-100mg diariamente por at\u00e9 6 semanas, pois \u00e9 bastante t\u00f3xico para o f\u00edgado.\" \/>\n<meta property=\"og:url\" content=\"https:\/\/iberoid-shop.com\/pt\/product\/oxiged\/\" \/>\n<meta property=\"og:site_name\" content=\"Ester\u00f3ides Online\" \/>\n<meta property=\"article:modified_time\" content=\"2023-11-01T16:50:39+00:00\" \/>\n<meta property=\"og:image\" content=\"https:\/\/iberoid-shop.com\/wp-content\/uploads\/2019\/11\/oxiged.jpg?v=1678120167\" \/>\n\t<meta property=\"og:image:width\" content=\"960\" \/>\n\t<meta property=\"og:image:height\" content=\"640\" \/>\n\t<meta property=\"og:image:type\" content=\"image\/jpeg\" \/>\n<meta name=\"twitter:card\" content=\"summary_large_image\" \/>\n<meta name=\"twitter:label1\" content=\"pre\u00e7o\" \/>\n\t<meta name=\"twitter:data1\" content=\"&euro;70.00\" \/>\n\t<meta name=\"twitter:label2\" content=\"Disponibilidade\" \/>\n\t<meta name=\"twitter:data2\" content=\"Esgotado\" \/>\n<script type=\"application\/ld+json\" class=\"yoast-schema-graph\">{\"@context\":\"https:\/\/schema.org\",\"@graph\":[{\"@type\":\"WebPage\",\"@id\":\"https:\/\/iberoid-shop.com\/pt\/product\/oxiged\/\",\"url\":\"https:\/\/iberoid-shop.com\/pt\/product\/oxiged\/\",\"name\":\"Oxiged OXYMETHOLONE EPF - Ester\u00f3ides Online\",\"isPartOf\":{\"@id\":\"https:\/\/iberoid-shop.com\/pt\/#website\"},\"primaryImageOfPage\":{\"@id\":\"https:\/\/iberoid-shop.com\/pt\/product\/oxiged\/#primaryimage\"},\"image\":{\"@id\":\"https:\/\/iberoid-shop.com\/pt\/product\/oxiged\/#primaryimage\"},\"thumbnailUrl\":\"https:\/\/iberoid-shop.com\/wp-content\/uploads\/2019\/11\/oxiged.jpg?v=1678120167\",\"datePublished\":\"2019-11-20T20:43:50+00:00\",\"dateModified\":\"2023-11-01T16:50:39+00:00\",\"description\":\"\u00c9 conhecido entre os fisiculturistas que evitam ester\u00f3ides injet\u00e1veis, mas n\u00e3o \u00e9 t\u00e3o eficaz quanto a testosterona.\u00c9 administrado 50-100mg diariamente por at\u00e9 6 semanas, pois \u00e9 bastante t\u00f3xico para o f\u00edgado.\",\"breadcrumb\":{\"@id\":\"https:\/\/iberoid-shop.com\/pt\/product\/oxiged\/#breadcrumb\"},\"inLanguage\":\"pt-PT\",\"potentialAction\":[{\"@type\":\"ReadAction\",\"target\":[[\"https:\/\/iberoid-shop.com\/pt\/product\/oxiged\/\"]]}]},{\"@type\":\"ImageObject\",\"inLanguage\":\"pt-PT\",\"@id\":\"https:\/\/iberoid-shop.com\/pt\/product\/oxiged\/#primaryimage\",\"url\":\"https:\/\/iberoid-shop.com\/wp-content\/uploads\/2019\/11\/oxiged.jpg?v=1678120167\",\"contentUrl\":\"https:\/\/iberoid-shop.com\/wp-content\/uploads\/2019\/11\/oxiged.jpg?v=1678120167\",\"width\":960,\"height\":640},{\"@type\":\"BreadcrumbList\",\"@id\":\"https:\/\/iberoid-shop.com\/pt\/product\/oxiged\/#breadcrumb\",\"itemListElement\":[{\"@type\":\"ListItem\",\"position\":1,\"name\":\"Portada\",\"item\":\"https:\/\/iberoid-shop.com\/pt\/\"},{\"@type\":\"ListItem\",\"position\":2,\"name\":\"Loja\",\"item\":\"https:\/\/iberoid-shop.com\/pt\/shop\/\"},{\"@type\":\"ListItem\",\"position\":3,\"name\":\"Oxiged OXYMETHOLONE EPF\"}]},{\"@type\":\"WebSite\",\"@id\":\"https:\/\/iberoid-shop.com\/pt\/#website\",\"url\":\"https:\/\/iberoid-shop.com\/pt\/\",\"name\":\"Ester\u00f3ides Online\",\"description\":\"Compre ester\u00f3ides online hoje em Espanha e Portugal. Temos o melhor servi\u00e7o ao cliente do setor e produtos da mais alta qualidade\",\"potentialAction\":[{\"@type\":\"SearchAction\",\"target\":{\"@type\":\"EntryPoint\",\"urlTemplate\":\"https:\/\/iberoid-shop.com\/pt\/?s={search_term_string}\"},\"query-input\":{\"@type\":\"PropertyValueSpecification\",\"valueRequired\":true,\"valueName\":\"search_term_string\"}}],\"inLanguage\":\"pt-PT\"}]}<\/script>\n<meta property=\"product:brand\" content=\"Euro Prime Pharmaceuticals (EPF)\" \/>\n<meta property=\"product:price:amount\" content=\"70.00\" \/>\n<meta property=\"product:price:currency\" content=\"EUR\" \/>\n<meta property=\"og:availability\" content=\"out of stock\" \/>\n<meta property=\"product:availability\" content=\"out of stock\" \/>\n<meta property=\"product:condition\" content=\"new\" \/>\n<!-- \/ Yoast SEO Premium plugin. -->","yoast_head_json":{"title":"Oxiged OXYMETHOLONE EPF - Ester\u00f3ides Online","description":"\u00c9 conhecido entre os fisiculturistas que evitam ester\u00f3ides injet\u00e1veis, mas n\u00e3o \u00e9 t\u00e3o eficaz quanto a testosterona.\u00c9 administrado 50-100mg diariamente por at\u00e9 6 semanas, pois \u00e9 bastante t\u00f3xico para o f\u00edgado.","robots":{"index":"index","follow":"follow","max-snippet":"max-snippet:-1","max-image-preview":"max-image-preview:large","max-video-preview":"max-video-preview:-1"},"canonical":"https:\/\/iberoid-shop.com\/pt\/product\/oxiged\/","og_locale":"pt_PT","og_type":"article","og_title":"Oxiged OXYMETHOLONE EPF","og_description":"\u00c9 conhecido entre os fisiculturistas que evitam ester\u00f3ides injet\u00e1veis, mas n\u00e3o \u00e9 t\u00e3o eficaz quanto a testosterona.\u00c9 administrado 50-100mg diariamente por at\u00e9 6 semanas, pois \u00e9 bastante t\u00f3xico para o f\u00edgado.","og_url":"https:\/\/iberoid-shop.com\/pt\/product\/oxiged\/","og_site_name":"Ester\u00f3ides Online","article_modified_time":"2023-11-01T16:50:39+00:00","og_image":[{"width":960,"height":640,"url":"https:\/\/iberoid-shop.com\/wp-content\/uploads\/2019\/11\/oxiged.jpg?v=1678120167","type":"image\/jpeg"}],"twitter_card":"summary_large_image","twitter_misc":{"pre\u00e7o":"&euro;70.00","Disponibilidade":"Esgotado"},"schema":{"@context":"https:\/\/schema.org","@graph":[{"@type":"WebPage","@id":"https:\/\/iberoid-shop.com\/pt\/product\/oxiged\/","url":"https:\/\/iberoid-shop.com\/pt\/product\/oxiged\/","name":"Oxiged OXYMETHOLONE EPF - Ester\u00f3ides Online","isPartOf":{"@id":"https:\/\/iberoid-shop.com\/pt\/#website"},"primaryImageOfPage":{"@id":"https:\/\/iberoid-shop.com\/pt\/product\/oxiged\/#primaryimage"},"image":{"@id":"https:\/\/iberoid-shop.com\/pt\/product\/oxiged\/#primaryimage"},"thumbnailUrl":"https:\/\/iberoid-shop.com\/wp-content\/uploads\/2019\/11\/oxiged.jpg?v=1678120167","datePublished":"2019-11-20T20:43:50+00:00","dateModified":"2023-11-01T16:50:39+00:00","description":"\u00c9 conhecido entre os fisiculturistas que evitam ester\u00f3ides injet\u00e1veis, mas n\u00e3o \u00e9 t\u00e3o eficaz quanto a testosterona.\u00c9 administrado 50-100mg diariamente por at\u00e9 6 semanas, pois \u00e9 bastante t\u00f3xico para o f\u00edgado.","breadcrumb":{"@id":"https:\/\/iberoid-shop.com\/pt\/product\/oxiged\/#breadcrumb"},"inLanguage":"pt-PT","potentialAction":[{"@type":"ReadAction","target":[["https:\/\/iberoid-shop.com\/pt\/product\/oxiged\/"]]}]},{"@type":"ImageObject","inLanguage":"pt-PT","@id":"https:\/\/iberoid-shop.com\/pt\/product\/oxiged\/#primaryimage","url":"https:\/\/iberoid-shop.com\/wp-content\/uploads\/2019\/11\/oxiged.jpg?v=1678120167","contentUrl":"https:\/\/iberoid-shop.com\/wp-content\/uploads\/2019\/11\/oxiged.jpg?v=1678120167","width":960,"height":640},{"@type":"BreadcrumbList","@id":"https:\/\/iberoid-shop.com\/pt\/product\/oxiged\/#breadcrumb","itemListElement":[{"@type":"ListItem","position":1,"name":"Portada","item":"https:\/\/iberoid-shop.com\/pt\/"},{"@type":"ListItem","position":2,"name":"Loja","item":"https:\/\/iberoid-shop.com\/pt\/shop\/"},{"@type":"ListItem","position":3,"name":"Oxiged OXYMETHOLONE EPF"}]},{"@type":"WebSite","@id":"https:\/\/iberoid-shop.com\/pt\/#website","url":"https:\/\/iberoid-shop.com\/pt\/","name":"Ester\u00f3ides Online","description":"Compre ester\u00f3ides online hoje em Espanha e Portugal. Temos o melhor servi\u00e7o ao cliente do setor e produtos da mais alta qualidade","potentialAction":[{"@type":"SearchAction","target":{"@type":"EntryPoint","urlTemplate":"https:\/\/iberoid-shop.com\/pt\/?s={search_term_string}"},"query-input":{"@type":"PropertyValueSpecification","valueRequired":true,"valueName":"search_term_string"}}],"inLanguage":"pt-PT"}]},"product_brand":"Euro Prime Pharmaceuticals (EPF)","product_price_amount":"70.00","product_price_currency":"EUR","og_availability":"out of stock","product_availability":"out of stock","product_condition":"new"},"_links":{"self":[{"href":"https:\/\/iberoid-shop.com\/pt\/wp-json\/wp\/v2\/product\/3068","targetHints":{"allow":["GET"]}}],"collection":[{"href":"https:\/\/iberoid-shop.com\/pt\/wp-json\/wp\/v2\/product"}],"about":[{"href":"https:\/\/iberoid-shop.com\/pt\/wp-json\/wp\/v2\/types\/product"}],"replies":[{"embeddable":true,"href":"https:\/\/iberoid-shop.com\/pt\/wp-json\/wp\/v2\/comments?post=3068"}],"wp:featuredmedia":[{"embeddable":true,"href":"https:\/\/iberoid-shop.com\/pt\/wp-json\/wp\/v2\/media\/3070"}],"wp:attachment":[{"href":"https:\/\/iberoid-shop.com\/pt\/wp-json\/wp\/v2\/media?parent=3068"}],"wp:term":[{"taxonomy":"product_brand","embeddable":true,"href":"https:\/\/iberoid-shop.com\/pt\/wp-json\/wp\/v2\/product_brand?post=3068"},{"taxonomy":"product_cat","embeddable":true,"href":"https:\/\/iberoid-shop.com\/pt\/wp-json\/wp\/v2\/product_cat?post=3068"},{"taxonomy":"product_tag","embeddable":true,"href":"https:\/\/iberoid-shop.com\/pt\/wp-json\/wp\/v2\/product_tag?post=3068"}],"curies":[{"name":"wp","href":"https:\/\/api.w.org\/{rel}","templated":true}]}}