{"id":3056,"date":"2019-11-20T20:38:27","date_gmt":"2019-11-20T20:38:27","guid":{"rendered":"https:\/\/iberoid-shop.com\/?post_type=product&#038;p=3056"},"modified":"2024-11-07T13:12:07","modified_gmt":"2024-11-07T13:12:07","slug":"dianoged","status":"publish","type":"product","link":"https:\/\/iberoid-shop.com\/pt\/product\/dianoged\/","title":{"rendered":"Dianoged DiANABOL"},"content":{"rendered":"<p>Danabol ou naposim, como \u00e9 mais conhecido por n\u00f3s no pa\u00eds, \u00e9 o ester\u00f3ide oral mais popular. Traz aumentos r\u00e1pidos em massa e for\u00e7a, e \u00e9 por isso que a maioria dos iniciantes \u00e9 atra\u00edda por ela.<br \/>\n\u00c9 um dos mais antigos ester\u00f3ides anabolizantes do mundo para todos os tempos. Danabol \u00e9 o ester\u00f3ide oral mais comumente usado. Foi ele quem iniciou a era das subst\u00e2ncias e do corpo para melhorar o desempenho. Tamb\u00e9m foi adotado na medicina. Foi projetado para ser t\u00e3o anab\u00f3lico quanto a testosterona, mas sem efeitos androg\u00eanicos pronunciados e com a\u00e7\u00e3o r\u00e1pida. Naposim ou danabol exerce uma a\u00e7\u00e3o fortemente anab\u00f3lica e androg\u00eanica. Ajuda na s\u00edntese de prote\u00ednas e reten\u00e7\u00e3o de nitrog\u00eanio e glicogen\u00f3lise. A dose habitual \u00e9 entre 40 mg e 100 mg. \u00c9 administrado por um per\u00edodo de 6 semanas. Durante as 6 semanas, haver\u00e1 um aumento na for\u00e7a, pode acumular entre 10 e 15 kg durante este per\u00edodo. A quantidade de massa muscular e sua qualidade depender\u00e3o muito da dieta. \u00c9 necess\u00e1ria uma dieta rica em prote\u00ednas, 2-3g de prote\u00edna \/ kg de corpo. Danabol (naposim) ret\u00e9m muita \u00e1gua no organismo, isso \u00e9 ben\u00e9fico porque ter\u00e1 o efeito de &#8220;lubrifica\u00e7\u00e3o das articula\u00e7\u00f5es&#8221;. A \u00e1gua acumulada no corpo ser\u00e1 eliminada no final do ciclo. No per\u00edodo p\u00f3s-ciclo, tamoxifeno e clomid devem ser usados. Naposim pode ser combinado com testosterona, decadurabolin, mas tamb\u00e9m outros ester\u00f3ides. Ajuda no crescimento r\u00e1pido no in\u00edcio de longos ciclos de ester\u00f3ides. Para dar uma apar\u00eancia mais musculosa no final do ciclo, o winstrol oral ou injet\u00e1vel pode ser iniciado por 4 semanas.<\/p>","protected":false},"excerpt":{"rendered":"<p>Danabol ou naposim, como \u00e9 mais conhecido por n\u00f3s no pa\u00eds, \u00e9 o ester\u00f3ide oral mais popular. Traz aumentos r\u00e1pidos<\/p>\n","protected":false},"featured_media":3058,"comment_status":"open","ping_status":"closed","template":"","meta":[],"product_brand":[],"product_cat":[73],"product_tag":[],"class_list":{"0":"post-3056","1":"product","2":"type-product","3":"status-publish","4":"has-post-thumbnail","6":"product_cat-ssteroides_orales","8":"first","9":"outofstock","10":"sale","11":"shipping-taxable","12":"purchasable","13":"product-type-simple"},"yoast_head":"<!-- This site is optimized with the Yoast SEO Premium plugin v24.4 (Yoast SEO v27.0) - https:\/\/yoast.com\/product\/yoast-seo-premium-wordpress\/ -->\n<title>Dianoged DiANABOL - Ester\u00f3ides Online<\/title>\n<meta name=\"description\" content=\"Danabol ou naposim, como \u00e9 mais conhecido por n\u00f3s no pa\u00eds, \u00e9 o ester\u00f3ide oral mais popular. Danabol \u00e9 o ester\u00f3ide oral mais comumente usado.\" \/>\n<meta name=\"robots\" content=\"index, follow, max-snippet:-1, max-image-preview:large, max-video-preview:-1\" \/>\n<link rel=\"canonical\" href=\"https:\/\/iberoid-shop.com\/pt\/product\/dianoged\/\" \/>\n<meta property=\"og:locale\" content=\"pt_PT\" \/>\n<meta property=\"og:type\" content=\"article\" \/>\n<meta property=\"og:title\" content=\"Dianoged DiANABOL\" \/>\n<meta property=\"og:description\" content=\"Danabol ou naposim, como \u00e9 mais conhecido por n\u00f3s no pa\u00eds, \u00e9 o ester\u00f3ide oral mais popular. Danabol \u00e9 o ester\u00f3ide oral mais comumente usado.\" \/>\n<meta property=\"og:url\" content=\"https:\/\/iberoid-shop.com\/pt\/product\/dianoged\/\" \/>\n<meta property=\"og:site_name\" content=\"Ester\u00f3ides Online\" \/>\n<meta property=\"article:modified_time\" content=\"2024-11-07T13:12:07+00:00\" \/>\n<meta property=\"og:image\" content=\"https:\/\/iberoid-shop.com\/wp-content\/uploads\/2019\/11\/dianoged.jpg?v=1698920095\" \/>\n\t<meta property=\"og:image:width\" content=\"700\" \/>\n\t<meta property=\"og:image:height\" content=\"700\" \/>\n\t<meta property=\"og:image:type\" content=\"image\/jpeg\" \/>\n<meta name=\"twitter:card\" content=\"summary_large_image\" \/>\n<meta name=\"twitter:label1\" content=\"pre\u00e7o\" \/>\n\t<meta name=\"twitter:data1\" content=\"&euro;30.00\" \/>\n\t<meta name=\"twitter:label2\" content=\"Disponibilidade\" \/>\n\t<meta name=\"twitter:data2\" content=\"Esgotado\" \/>\n<script type=\"application\/ld+json\" class=\"yoast-schema-graph\">{\"@context\":\"https:\/\/schema.org\",\"@graph\":[{\"@type\":\"WebPage\",\"@id\":\"https:\/\/iberoid-shop.com\/pt\/product\/dianoged\/\",\"url\":\"https:\/\/iberoid-shop.com\/pt\/product\/dianoged\/\",\"name\":\"Dianoged DiANABOL - Ester\u00f3ides Online\",\"isPartOf\":{\"@id\":\"https:\/\/iberoid-shop.com\/pt\/#website\"},\"primaryImageOfPage\":{\"@id\":\"https:\/\/iberoid-shop.com\/pt\/product\/dianoged\/#primaryimage\"},\"image\":{\"@id\":\"https:\/\/iberoid-shop.com\/pt\/product\/dianoged\/#primaryimage\"},\"thumbnailUrl\":\"https:\/\/iberoid-shop.com\/wp-content\/uploads\/2019\/11\/dianoged.jpg?v=1698920095\",\"datePublished\":\"2019-11-20T20:38:27+00:00\",\"dateModified\":\"2024-11-07T13:12:07+00:00\",\"description\":\"Danabol ou naposim, como \u00e9 mais conhecido por n\u00f3s no pa\u00eds, \u00e9 o ester\u00f3ide oral mais popular. Danabol \u00e9 o ester\u00f3ide oral mais comumente usado.\",\"breadcrumb\":{\"@id\":\"https:\/\/iberoid-shop.com\/pt\/product\/dianoged\/#breadcrumb\"},\"inLanguage\":\"pt-PT\",\"potentialAction\":[{\"@type\":\"ReadAction\",\"target\":[[\"https:\/\/iberoid-shop.com\/pt\/product\/dianoged\/\"]]}]},{\"@type\":\"ImageObject\",\"inLanguage\":\"pt-PT\",\"@id\":\"https:\/\/iberoid-shop.com\/pt\/product\/dianoged\/#primaryimage\",\"url\":\"https:\/\/iberoid-shop.com\/wp-content\/uploads\/2019\/11\/dianoged.jpg?v=1698920095\",\"contentUrl\":\"https:\/\/iberoid-shop.com\/wp-content\/uploads\/2019\/11\/dianoged.jpg?v=1698920095\",\"width\":700,\"height\":700},{\"@type\":\"BreadcrumbList\",\"@id\":\"https:\/\/iberoid-shop.com\/pt\/product\/dianoged\/#breadcrumb\",\"itemListElement\":[{\"@type\":\"ListItem\",\"position\":1,\"name\":\"Portada\",\"item\":\"https:\/\/iberoid-shop.com\/pt\/\"},{\"@type\":\"ListItem\",\"position\":2,\"name\":\"Loja\",\"item\":\"https:\/\/iberoid-shop.com\/pt\/shop\/\"},{\"@type\":\"ListItem\",\"position\":3,\"name\":\"Dianoged DiANABOL\"}]},{\"@type\":\"WebSite\",\"@id\":\"https:\/\/iberoid-shop.com\/pt\/#website\",\"url\":\"https:\/\/iberoid-shop.com\/pt\/\",\"name\":\"Ester\u00f3ides Online\",\"description\":\"Compre ester\u00f3ides online hoje em Espanha e Portugal. Temos o melhor servi\u00e7o ao cliente do setor e produtos da mais alta qualidade\",\"potentialAction\":[{\"@type\":\"SearchAction\",\"target\":{\"@type\":\"EntryPoint\",\"urlTemplate\":\"https:\/\/iberoid-shop.com\/pt\/?s={search_term_string}\"},\"query-input\":{\"@type\":\"PropertyValueSpecification\",\"valueRequired\":true,\"valueName\":\"search_term_string\"}}],\"inLanguage\":\"pt-PT\"}]}<\/script>\n<meta property=\"product:brand\" content=\"Euro Prime Pharmaceuticals (EPF)\" \/>\n<meta property=\"product:price:amount\" content=\"30.00\" \/>\n<meta property=\"product:price:currency\" content=\"EUR\" \/>\n<meta property=\"og:availability\" content=\"out of stock\" \/>\n<meta property=\"product:availability\" content=\"out of stock\" \/>\n<meta property=\"product:condition\" content=\"new\" \/>\n<!-- \/ Yoast SEO Premium plugin. -->","yoast_head_json":{"title":"Dianoged DiANABOL - Ester\u00f3ides Online","description":"Danabol ou naposim, como \u00e9 mais conhecido por n\u00f3s no pa\u00eds, \u00e9 o ester\u00f3ide oral mais popular. Danabol \u00e9 o ester\u00f3ide oral mais comumente usado.","robots":{"index":"index","follow":"follow","max-snippet":"max-snippet:-1","max-image-preview":"max-image-preview:large","max-video-preview":"max-video-preview:-1"},"canonical":"https:\/\/iberoid-shop.com\/pt\/product\/dianoged\/","og_locale":"pt_PT","og_type":"article","og_title":"Dianoged DiANABOL","og_description":"Danabol ou naposim, como \u00e9 mais conhecido por n\u00f3s no pa\u00eds, \u00e9 o ester\u00f3ide oral mais popular. Danabol \u00e9 o ester\u00f3ide oral mais comumente usado.","og_url":"https:\/\/iberoid-shop.com\/pt\/product\/dianoged\/","og_site_name":"Ester\u00f3ides Online","article_modified_time":"2024-11-07T13:12:07+00:00","og_image":[{"width":700,"height":700,"url":"https:\/\/iberoid-shop.com\/wp-content\/uploads\/2019\/11\/dianoged.jpg?v=1698920095","type":"image\/jpeg"}],"twitter_card":"summary_large_image","twitter_misc":{"pre\u00e7o":"&euro;30.00","Disponibilidade":"Esgotado"},"schema":{"@context":"https:\/\/schema.org","@graph":[{"@type":"WebPage","@id":"https:\/\/iberoid-shop.com\/pt\/product\/dianoged\/","url":"https:\/\/iberoid-shop.com\/pt\/product\/dianoged\/","name":"Dianoged DiANABOL - Ester\u00f3ides Online","isPartOf":{"@id":"https:\/\/iberoid-shop.com\/pt\/#website"},"primaryImageOfPage":{"@id":"https:\/\/iberoid-shop.com\/pt\/product\/dianoged\/#primaryimage"},"image":{"@id":"https:\/\/iberoid-shop.com\/pt\/product\/dianoged\/#primaryimage"},"thumbnailUrl":"https:\/\/iberoid-shop.com\/wp-content\/uploads\/2019\/11\/dianoged.jpg?v=1698920095","datePublished":"2019-11-20T20:38:27+00:00","dateModified":"2024-11-07T13:12:07+00:00","description":"Danabol ou naposim, como \u00e9 mais conhecido por n\u00f3s no pa\u00eds, \u00e9 o ester\u00f3ide oral mais popular. Danabol \u00e9 o ester\u00f3ide oral mais comumente usado.","breadcrumb":{"@id":"https:\/\/iberoid-shop.com\/pt\/product\/dianoged\/#breadcrumb"},"inLanguage":"pt-PT","potentialAction":[{"@type":"ReadAction","target":[["https:\/\/iberoid-shop.com\/pt\/product\/dianoged\/"]]}]},{"@type":"ImageObject","inLanguage":"pt-PT","@id":"https:\/\/iberoid-shop.com\/pt\/product\/dianoged\/#primaryimage","url":"https:\/\/iberoid-shop.com\/wp-content\/uploads\/2019\/11\/dianoged.jpg?v=1698920095","contentUrl":"https:\/\/iberoid-shop.com\/wp-content\/uploads\/2019\/11\/dianoged.jpg?v=1698920095","width":700,"height":700},{"@type":"BreadcrumbList","@id":"https:\/\/iberoid-shop.com\/pt\/product\/dianoged\/#breadcrumb","itemListElement":[{"@type":"ListItem","position":1,"name":"Portada","item":"https:\/\/iberoid-shop.com\/pt\/"},{"@type":"ListItem","position":2,"name":"Loja","item":"https:\/\/iberoid-shop.com\/pt\/shop\/"},{"@type":"ListItem","position":3,"name":"Dianoged DiANABOL"}]},{"@type":"WebSite","@id":"https:\/\/iberoid-shop.com\/pt\/#website","url":"https:\/\/iberoid-shop.com\/pt\/","name":"Ester\u00f3ides Online","description":"Compre ester\u00f3ides online hoje em Espanha e Portugal. Temos o melhor servi\u00e7o ao cliente do setor e produtos da mais alta qualidade","potentialAction":[{"@type":"SearchAction","target":{"@type":"EntryPoint","urlTemplate":"https:\/\/iberoid-shop.com\/pt\/?s={search_term_string}"},"query-input":{"@type":"PropertyValueSpecification","valueRequired":true,"valueName":"search_term_string"}}],"inLanguage":"pt-PT"}]},"product_brand":"Euro Prime Pharmaceuticals (EPF)","product_price_amount":"30.00","product_price_currency":"EUR","og_availability":"out of stock","product_availability":"out of stock","product_condition":"new"},"_links":{"self":[{"href":"https:\/\/iberoid-shop.com\/pt\/wp-json\/wp\/v2\/product\/3056","targetHints":{"allow":["GET"]}}],"collection":[{"href":"https:\/\/iberoid-shop.com\/pt\/wp-json\/wp\/v2\/product"}],"about":[{"href":"https:\/\/iberoid-shop.com\/pt\/wp-json\/wp\/v2\/types\/product"}],"replies":[{"embeddable":true,"href":"https:\/\/iberoid-shop.com\/pt\/wp-json\/wp\/v2\/comments?post=3056"}],"wp:featuredmedia":[{"embeddable":true,"href":"https:\/\/iberoid-shop.com\/pt\/wp-json\/wp\/v2\/media\/3058"}],"wp:attachment":[{"href":"https:\/\/iberoid-shop.com\/pt\/wp-json\/wp\/v2\/media?parent=3056"}],"wp:term":[{"taxonomy":"product_brand","embeddable":true,"href":"https:\/\/iberoid-shop.com\/pt\/wp-json\/wp\/v2\/product_brand?post=3056"},{"taxonomy":"product_cat","embeddable":true,"href":"https:\/\/iberoid-shop.com\/pt\/wp-json\/wp\/v2\/product_cat?post=3056"},{"taxonomy":"product_tag","embeddable":true,"href":"https:\/\/iberoid-shop.com\/pt\/wp-json\/wp\/v2\/product_tag?post=3056"}],"curies":[{"name":"wp","href":"https:\/\/api.w.org\/{rel}","templated":true}]}}