{"id":3044,"date":"2019-11-20T20:20:45","date_gmt":"2019-11-20T20:20:45","guid":{"rendered":"https:\/\/iberoid-shop.com\/?post_type=product&#038;p=3044"},"modified":"2026-01-11T18:07:07","modified_gmt":"2026-01-11T18:07:07","slug":"anavarged","status":"publish","type":"product","link":"https:\/\/iberoid-shop.com\/pt\/product\/anavarged\/","title":{"rendered":"Anavarged OXANDROLON"},"content":{"rendered":"<p>Oxandrolona ou anavar, como \u00e9 chamado, n\u00e3o \u00e9 um ester\u00f3ide que cria massa muscular, mas tamb\u00e9m quebra os tecidos gordurosos. Ap\u00f3s o final do ciclo com oxandrolona, \u200b\u200bvoc\u00ea pode perder massa muscular, seria melhor seguir uma terapia p\u00f3s-ciclo. O ciclo com anavar pode durar at\u00e9 12 semanas.<\/p>\n<p>\u00c9 necess\u00e1rio administrar por um per\u00edodo m\u00ednimo de 6 semanas. A oxandrolona \u00e9 usada por atletas que desejam obter uma massa muscular de qualidade sem efeitos colaterais e aumentar\u00e1 a for\u00e7a. \u00c9 t\u00e3o anab\u00f3lico quanto a testosterona, mas n\u00e3o ter\u00e1 tanta massa muscular no final do ciclo, porque a oxandrolona n\u00e3o ret\u00e9m \u00e1gua no corpo.<\/p>\n<p>\u00c9 um ester\u00f3ide muito bom para quem quer uma defini\u00e7\u00e3o e queima de gorduras. N\u00e3o tendo efeitos colaterais, pode ser usado por mulheres. O tamoxifeno n\u00e3o ser\u00e1 utilizado porque o anavar n\u00e3o tem sabor. \u00c9 um produto frequentemente usado por atletas e nadadores.<\/p>\n<p>A dose di\u00e1ria recomendada \u00e9 de 30 a 60 mg por dia. Nos c\u00edrculos das refei\u00e7\u00f5es, o anavar \u00e9 usado para queimar gordura, mas tamb\u00e9m para aumentar o efeito anab\u00f3lico de ester\u00f3ides, como testosterona esmaltada, parabolana ou trembolona. A oxandrolona, \u200b\u200bem princ\u00edpio, n\u00e3o influencia o n\u00edvel do pr\u00f3prio horm\u00f4nio androg\u00eanico.<\/p>","protected":false},"excerpt":{"rendered":"<p>Oxandrolona ou anavar, como \u00e9 chamado, n\u00e3o \u00e9 um ester\u00f3ide que cria massa muscular, mas tamb\u00e9m quebra os tecidos gordurosos.<\/p>\n","protected":false},"featured_media":10470,"comment_status":"open","ping_status":"closed","template":"","meta":[],"product_brand":[3528],"product_cat":[73],"product_tag":[],"class_list":{"0":"post-3044","1":"product","2":"type-product","3":"status-publish","4":"has-post-thumbnail","6":"product_brand-epf-premium","7":"product_cat-ssteroides_orales","9":"first","10":"instock","11":"sale","12":"shipping-taxable","13":"purchasable","14":"product-type-simple"},"yoast_head":"<!-- This site is optimized with the Yoast SEO Premium plugin v24.4 (Yoast SEO v27.0) - https:\/\/yoast.com\/product\/yoast-seo-premium-wordpress\/ -->\n<title>Anavarged OXANDROLON - Ester\u00f3ides Online<\/title>\n<meta name=\"description\" content=\"Oxandrolona (Anavar) \u00e9 um esteroide para defini\u00e7\u00e3o e queima de gordura, oferecendo massa muscular de qualidade e for\u00e7a sem reten\u00e7\u00e3o de \u00e1gua, utiliz\u00e1vel por mulheres.\" \/>\n<meta name=\"robots\" content=\"index, follow, max-snippet:-1, max-image-preview:large, max-video-preview:-1\" \/>\n<link rel=\"canonical\" href=\"https:\/\/iberoid-shop.com\/pt\/product\/anavarged\/\" \/>\n<meta property=\"og:locale\" content=\"pt_PT\" \/>\n<meta property=\"og:type\" content=\"article\" \/>\n<meta property=\"og:title\" content=\"Anavarged OXANDROLON\" \/>\n<meta property=\"og:description\" content=\"Oxandrolona (Anavar) \u00e9 um esteroide para defini\u00e7\u00e3o e queima de gordura, oferecendo massa muscular de qualidade e for\u00e7a sem reten\u00e7\u00e3o de \u00e1gua, utiliz\u00e1vel por mulheres.\" \/>\n<meta property=\"og:url\" content=\"https:\/\/iberoid-shop.com\/pt\/product\/anavarged\/\" \/>\n<meta property=\"og:site_name\" content=\"Ester\u00f3ides Online\" \/>\n<meta property=\"article:modified_time\" content=\"2026-01-11T18:07:07+00:00\" \/>\n<meta property=\"og:image\" content=\"https:\/\/iberoid-shop.com\/wp-content\/uploads\/2019\/11\/ANGED.jpeg?v=1765710320\" \/>\n\t<meta property=\"og:image:width\" content=\"1200\" \/>\n\t<meta property=\"og:image:height\" content=\"825\" \/>\n\t<meta property=\"og:image:type\" content=\"image\/jpeg\" \/>\n<meta name=\"twitter:card\" content=\"summary_large_image\" \/>\n<meta name=\"twitter:label1\" content=\"pre\u00e7o\" \/>\n\t<meta name=\"twitter:data1\" content=\"&euro;75.00\" \/>\n\t<meta name=\"twitter:label2\" content=\"Disponibilidade\" \/>\n\t<meta name=\"twitter:data2\" content=\"Em stock\" \/>\n<script type=\"application\/ld+json\" class=\"yoast-schema-graph\">{\"@context\":\"https:\/\/schema.org\",\"@graph\":[{\"@type\":\"WebPage\",\"@id\":\"https:\/\/iberoid-shop.com\/pt\/product\/anavarged\/\",\"url\":\"https:\/\/iberoid-shop.com\/pt\/product\/anavarged\/\",\"name\":\"Anavarged OXANDROLON - Ester\u00f3ides Online\",\"isPartOf\":{\"@id\":\"https:\/\/iberoid-shop.com\/pt\/#website\"},\"primaryImageOfPage\":{\"@id\":\"https:\/\/iberoid-shop.com\/pt\/product\/anavarged\/#primaryimage\"},\"image\":{\"@id\":\"https:\/\/iberoid-shop.com\/pt\/product\/anavarged\/#primaryimage\"},\"thumbnailUrl\":\"https:\/\/iberoid-shop.com\/wp-content\/uploads\/2019\/11\/ANGED.jpeg?v=1765710320\",\"datePublished\":\"2019-11-20T20:20:45+00:00\",\"dateModified\":\"2026-01-11T18:07:07+00:00\",\"description\":\"Oxandrolona (Anavar) \u00e9 um esteroide para defini\u00e7\u00e3o e queima de gordura, oferecendo massa muscular de qualidade e for\u00e7a sem reten\u00e7\u00e3o de \u00e1gua, utiliz\u00e1vel por mulheres.\",\"breadcrumb\":{\"@id\":\"https:\/\/iberoid-shop.com\/pt\/product\/anavarged\/#breadcrumb\"},\"inLanguage\":\"pt-PT\",\"potentialAction\":[{\"@type\":\"ReadAction\",\"target\":[[\"https:\/\/iberoid-shop.com\/pt\/product\/anavarged\/\"]]}]},{\"@type\":\"ImageObject\",\"inLanguage\":\"pt-PT\",\"@id\":\"https:\/\/iberoid-shop.com\/pt\/product\/anavarged\/#primaryimage\",\"url\":\"https:\/\/iberoid-shop.com\/wp-content\/uploads\/2019\/11\/ANGED.jpeg?v=1765710320\",\"contentUrl\":\"https:\/\/iberoid-shop.com\/wp-content\/uploads\/2019\/11\/ANGED.jpeg?v=1765710320\",\"width\":1200,\"height\":825},{\"@type\":\"BreadcrumbList\",\"@id\":\"https:\/\/iberoid-shop.com\/pt\/product\/anavarged\/#breadcrumb\",\"itemListElement\":[{\"@type\":\"ListItem\",\"position\":1,\"name\":\"Portada\",\"item\":\"https:\/\/iberoid-shop.com\/pt\/\"},{\"@type\":\"ListItem\",\"position\":2,\"name\":\"Loja\",\"item\":\"https:\/\/iberoid-shop.com\/pt\/shop\/\"},{\"@type\":\"ListItem\",\"position\":3,\"name\":\"Anavarged OXANDROLON\"}]},{\"@type\":\"WebSite\",\"@id\":\"https:\/\/iberoid-shop.com\/pt\/#website\",\"url\":\"https:\/\/iberoid-shop.com\/pt\/\",\"name\":\"Ester\u00f3ides Online\",\"description\":\"Compre ester\u00f3ides online hoje em Espanha e Portugal. Temos o melhor servi\u00e7o ao cliente do setor e produtos da mais alta qualidade\",\"potentialAction\":[{\"@type\":\"SearchAction\",\"target\":{\"@type\":\"EntryPoint\",\"urlTemplate\":\"https:\/\/iberoid-shop.com\/pt\/?s={search_term_string}\"},\"query-input\":{\"@type\":\"PropertyValueSpecification\",\"valueRequired\":true,\"valueName\":\"search_term_string\"}}],\"inLanguage\":\"pt-PT\"}]}<\/script>\n<meta property=\"product:brand\" content=\"Euro Prime Pharmaceuticals (EPF)\" \/>\n<meta property=\"product:price:amount\" content=\"75.00\" \/>\n<meta property=\"product:price:currency\" content=\"EUR\" \/>\n<meta property=\"og:availability\" content=\"instock\" \/>\n<meta property=\"product:availability\" content=\"instock\" \/>\n<meta property=\"product:condition\" content=\"new\" \/>\n<!-- \/ Yoast SEO Premium plugin. -->","yoast_head_json":{"title":"Anavarged OXANDROLON - Ester\u00f3ides Online","description":"Oxandrolona (Anavar) \u00e9 um esteroide para defini\u00e7\u00e3o e queima de gordura, oferecendo massa muscular de qualidade e for\u00e7a sem reten\u00e7\u00e3o de \u00e1gua, utiliz\u00e1vel por mulheres.","robots":{"index":"index","follow":"follow","max-snippet":"max-snippet:-1","max-image-preview":"max-image-preview:large","max-video-preview":"max-video-preview:-1"},"canonical":"https:\/\/iberoid-shop.com\/pt\/product\/anavarged\/","og_locale":"pt_PT","og_type":"article","og_title":"Anavarged OXANDROLON","og_description":"Oxandrolona (Anavar) \u00e9 um esteroide para defini\u00e7\u00e3o e queima de gordura, oferecendo massa muscular de qualidade e for\u00e7a sem reten\u00e7\u00e3o de \u00e1gua, utiliz\u00e1vel por mulheres.","og_url":"https:\/\/iberoid-shop.com\/pt\/product\/anavarged\/","og_site_name":"Ester\u00f3ides Online","article_modified_time":"2026-01-11T18:07:07+00:00","og_image":[{"width":1200,"height":825,"url":"https:\/\/iberoid-shop.com\/wp-content\/uploads\/2019\/11\/ANGED.jpeg?v=1765710320","type":"image\/jpeg"}],"twitter_card":"summary_large_image","twitter_misc":{"pre\u00e7o":"&euro;75.00","Disponibilidade":"Em stock"},"schema":{"@context":"https:\/\/schema.org","@graph":[{"@type":"WebPage","@id":"https:\/\/iberoid-shop.com\/pt\/product\/anavarged\/","url":"https:\/\/iberoid-shop.com\/pt\/product\/anavarged\/","name":"Anavarged OXANDROLON - Ester\u00f3ides Online","isPartOf":{"@id":"https:\/\/iberoid-shop.com\/pt\/#website"},"primaryImageOfPage":{"@id":"https:\/\/iberoid-shop.com\/pt\/product\/anavarged\/#primaryimage"},"image":{"@id":"https:\/\/iberoid-shop.com\/pt\/product\/anavarged\/#primaryimage"},"thumbnailUrl":"https:\/\/iberoid-shop.com\/wp-content\/uploads\/2019\/11\/ANGED.jpeg?v=1765710320","datePublished":"2019-11-20T20:20:45+00:00","dateModified":"2026-01-11T18:07:07+00:00","description":"Oxandrolona (Anavar) \u00e9 um esteroide para defini\u00e7\u00e3o e queima de gordura, oferecendo massa muscular de qualidade e for\u00e7a sem reten\u00e7\u00e3o de \u00e1gua, utiliz\u00e1vel por mulheres.","breadcrumb":{"@id":"https:\/\/iberoid-shop.com\/pt\/product\/anavarged\/#breadcrumb"},"inLanguage":"pt-PT","potentialAction":[{"@type":"ReadAction","target":[["https:\/\/iberoid-shop.com\/pt\/product\/anavarged\/"]]}]},{"@type":"ImageObject","inLanguage":"pt-PT","@id":"https:\/\/iberoid-shop.com\/pt\/product\/anavarged\/#primaryimage","url":"https:\/\/iberoid-shop.com\/wp-content\/uploads\/2019\/11\/ANGED.jpeg?v=1765710320","contentUrl":"https:\/\/iberoid-shop.com\/wp-content\/uploads\/2019\/11\/ANGED.jpeg?v=1765710320","width":1200,"height":825},{"@type":"BreadcrumbList","@id":"https:\/\/iberoid-shop.com\/pt\/product\/anavarged\/#breadcrumb","itemListElement":[{"@type":"ListItem","position":1,"name":"Portada","item":"https:\/\/iberoid-shop.com\/pt\/"},{"@type":"ListItem","position":2,"name":"Loja","item":"https:\/\/iberoid-shop.com\/pt\/shop\/"},{"@type":"ListItem","position":3,"name":"Anavarged OXANDROLON"}]},{"@type":"WebSite","@id":"https:\/\/iberoid-shop.com\/pt\/#website","url":"https:\/\/iberoid-shop.com\/pt\/","name":"Ester\u00f3ides Online","description":"Compre ester\u00f3ides online hoje em Espanha e Portugal. Temos o melhor servi\u00e7o ao cliente do setor e produtos da mais alta qualidade","potentialAction":[{"@type":"SearchAction","target":{"@type":"EntryPoint","urlTemplate":"https:\/\/iberoid-shop.com\/pt\/?s={search_term_string}"},"query-input":{"@type":"PropertyValueSpecification","valueRequired":true,"valueName":"search_term_string"}}],"inLanguage":"pt-PT"}]},"product_brand":"Euro Prime Pharmaceuticals (EPF)","product_price_amount":"75.00","product_price_currency":"EUR","og_availability":"instock","product_availability":"instock","product_condition":"new"},"_links":{"self":[{"href":"https:\/\/iberoid-shop.com\/pt\/wp-json\/wp\/v2\/product\/3044","targetHints":{"allow":["GET"]}}],"collection":[{"href":"https:\/\/iberoid-shop.com\/pt\/wp-json\/wp\/v2\/product"}],"about":[{"href":"https:\/\/iberoid-shop.com\/pt\/wp-json\/wp\/v2\/types\/product"}],"replies":[{"embeddable":true,"href":"https:\/\/iberoid-shop.com\/pt\/wp-json\/wp\/v2\/comments?post=3044"}],"wp:featuredmedia":[{"embeddable":true,"href":"https:\/\/iberoid-shop.com\/pt\/wp-json\/wp\/v2\/media\/10470"}],"wp:attachment":[{"href":"https:\/\/iberoid-shop.com\/pt\/wp-json\/wp\/v2\/media?parent=3044"}],"wp:term":[{"taxonomy":"product_brand","embeddable":true,"href":"https:\/\/iberoid-shop.com\/pt\/wp-json\/wp\/v2\/product_brand?post=3044"},{"taxonomy":"product_cat","embeddable":true,"href":"https:\/\/iberoid-shop.com\/pt\/wp-json\/wp\/v2\/product_cat?post=3044"},{"taxonomy":"product_tag","embeddable":true,"href":"https:\/\/iberoid-shop.com\/pt\/wp-json\/wp\/v2\/product_tag?post=3044"}],"curies":[{"name":"wp","href":"https:\/\/api.w.org\/{rel}","templated":true}]}}