{"id":3027,"date":"2019-11-20T19:39:32","date_gmt":"2019-11-20T19:39:32","guid":{"rendered":"https:\/\/iberoid-shop.com\/?post_type=product&#038;p=3027"},"modified":"2024-08-06T21:26:35","modified_gmt":"2024-08-06T21:26:35","slug":"strombafort","status":"publish","type":"product","link":"https:\/\/iberoid-shop.com\/pt\/product\/strombafort\/","title":{"rendered":"Strombafort BALKAN NEW LINE"},"content":{"rendered":"<p>Strombafort entrou no neg\u00f3cio e tornou-se favorito nos esportes. Corpo atraente, bombeamento impressionante, mas sem problemas estrog\u00eanicos, deixando milh\u00f5es de pessoas felizes e os Strombafort Balkan AAS Pills &#8211; a estrela mundial.<\/p>\n<p>Pode-se receber mais vantagens e quase zero problemas, o Strombafort \u00e9 o mais seguro dispon\u00edvel, o que opera com uma taxa anab\u00f3lica mais alta. Os Stanozolol Balkan Roid Pills definiram os corpos sensuais do mundo, estimulados a criar centenas de campe\u00f5es esportivos e prepararam os atletas profissionais mais conhecidos.<\/p>\n<p>Se algu\u00e9m deseja ganhar 16 libras cruas durante trinta dias com Stromba Steroid Tabs, ent\u00e3o voc\u00ea perde. Strombafort 10 mg &#8211; um instrumento que far\u00e1 desaparecer a gordura corporal, oferece resist\u00eancia s\u00e9ria e massa rasgada.<\/p>\n<p>Efeitos Strombafort<br \/>\nEste AS derrete o excesso de peso, desenha uma barriga lisa e mant\u00e9m os m\u00fasculos em uma dieta dif\u00edcil. Vantagem da Wise Strombafort BP: perda de peso, qualidade superior, ciclo de bombeamento.<\/p>\n<p>Remove gordura extra, protege os m\u00fasculos.<br \/>\nMaximiza a resist\u00eancia e a velocidade.<br \/>\nRetira o incha\u00e7o.<br \/>\nAcelera o metabolismo do corpo.<br \/>\nOferece imagem esculpida, comp\u00f5e o corpo magro.<br \/>\nDosagem de Strombafort, ciclo, pilhas<br \/>\nTeste o servi\u00e7o como turbo-charge para cada pilha e pode atrair mais lucros da Strombafort at\u00e9 a pe\u00e7a final. O horm\u00f4nio T deve complementar a combina\u00e7\u00e3o Stanozolol &#8211; aqueles que gostam de suco duro e escolhidos para carregar assim realmente devem perceber isso.<\/p>\n<p>Em mistura com Equipoise Oral Winstrol pode adicionar cinco quilos duros. A melhor mistura famosa 40 de Stanozolol Balkan + Sustamed 250 500 mg deve desenvolver uma quantidade decente de qualidade por apenas 4 semanas. Para o tratamento ligamentar, forne\u00e7a cem miligramas de Sust a cada ciclo de Strombafort.<\/p>\n<p>Masteron &#8211; a melhor pilha sem risco para lucros musculares com incha\u00e7o m\u00ednimo. Quase todos os banhistas antes de qualquer m\u00eas quente aplicam Drostanolona em combina\u00e7\u00e3o com Stanozolol.<\/p>\n<p>Considere Strombafort se algu\u00e9m estiver preocupado com efeitos colaterais indesejados. Quarenta mg por dia (cinquenta dias) &#8211; solo desinteressante e comum &#8211; devem ser perfeitos para qualquer pessoa. Strombafort 10 mg sozinho geralmente pode ser usado para melhorar o desempenho no atletismo ou no MMA, \u00e9 in\u00fatil para os culturistas.<\/p>\n<p>Stromba pode surpreender a todos e revelar o melhor dos ganhos com Trenbolone-Mix. Misturas ao lado de trembolona devem arrancar todo o peso, adicionar grandes m\u00fasculos. Inclua um pouco de Sustanon para aumentar a libido e use seu ciclo com for\u00e7a total.<\/p>\n<p>Desvantagens do Strombafort<br \/>\nSuperconjuntos e bomba, rotinas de exerc\u00edcios extremos &#8211; o melhor campo para o Strombafort Oral. O stanozololum sempre se realizava na sele\u00e7\u00e3o das roids de academia mais seguras; freq\u00fcentemente, o fisiculturista pode ter entorse trabalhando com peso m\u00e1ximo ou talvez com vista para o pr\u00e9-treinamento. 2 ser fisiculturista saud\u00e1vel deve conhecer a prepara\u00e7\u00e3o.<\/p>\n<p>A Strombafort Balkan Pharmaceuticals descarta com efici\u00eancia \u00e1gua desnecess\u00e1ria e tamb\u00e9m melhora a for\u00e7a. Os levantadores de peso nunca trabalham com pesos m\u00e1ximos durante o ciclo de Stanozolol, sentem-se bem em aparar os Stromba Sport Candies por 8 dias at\u00e9 a batalha. A hist\u00f3ria afirma que o Oral-Winstrol geralmente desencadeia feridas, os ossos ficam exaustos, as articula\u00e7\u00f5es ficam desidratadas e isso \u00e9 rid\u00edculo.<\/p>","protected":false},"excerpt":{"rendered":"<p><strong>Quantidade:<\/strong> 100 comprimidos<\/p>\n<p><strong>Concentra\u00e7\u00e3o:<\/strong> 10 mg \/ comprimido<\/p>\n<p><strong>Subst\u00e2ncia:<\/strong> Stanozolol<\/p>\n","protected":false},"featured_media":3465,"comment_status":"open","ping_status":"closed","template":"","meta":[],"product_brand":[],"product_cat":[73],"product_tag":[],"class_list":{"0":"post-3027","1":"product","2":"type-product","3":"status-publish","4":"has-post-thumbnail","6":"product_cat-ssteroides_orales","8":"first","9":"outofstock","10":"sale","11":"shipping-taxable","12":"purchasable","13":"product-type-simple"},"yoast_head":"<!-- This site is optimized with the Yoast SEO Premium plugin v24.4 (Yoast SEO v27.3) - https:\/\/yoast.com\/product\/yoast-seo-premium-wordpress\/ -->\n<title>Strombafort BALKAN NEW LINE - Ester\u00f3ides Online<\/title>\n<meta name=\"description\" content=\"Corpo atraente, bombeamento impressionante, mas sem problemas estrog\u00eanicos, deixando milh\u00f5es de pessoas felizes e os Strombafort Balkan AAS Pills - a estrela mundial.Pode-se receber mais vantagens e quase zero problemas, o Strombafort \u00e9 o mais seguro dispon\u00edvel, o que opera com uma taxa anab\u00f3lica mais alta.\" \/>\n<meta name=\"robots\" content=\"index, follow, max-snippet:-1, max-image-preview:large, max-video-preview:-1\" \/>\n<link rel=\"canonical\" href=\"https:\/\/iberoid-shop.com\/pt\/product\/strombafort\/\" \/>\n<meta property=\"og:locale\" content=\"pt_PT\" \/>\n<meta property=\"og:type\" content=\"article\" \/>\n<meta property=\"og:title\" content=\"Strombafort BALKAN NEW LINE\" \/>\n<meta property=\"og:description\" content=\"Corpo atraente, bombeamento impressionante, mas sem problemas estrog\u00eanicos, deixando milh\u00f5es de pessoas felizes e os Strombafort Balkan AAS Pills - a estrela mundial.Pode-se receber mais vantagens e quase zero problemas, o Strombafort \u00e9 o mais seguro dispon\u00edvel, o que opera com uma taxa anab\u00f3lica mais alta.\" \/>\n<meta property=\"og:url\" content=\"https:\/\/iberoid-shop.com\/pt\/product\/strombafort\/\" \/>\n<meta property=\"og:site_name\" content=\"Ester\u00f3ides Online\" \/>\n<meta property=\"article:modified_time\" content=\"2024-08-06T21:26:35+00:00\" \/>\n<meta property=\"og:image\" content=\"https:\/\/iberoid-shop.com\/wp-content\/uploads\/2019\/11\/Strombafort10NEW.jpg?v=1678120136\" \/>\n\t<meta property=\"og:image:width\" content=\"978\" \/>\n\t<meta property=\"og:image:height\" content=\"768\" \/>\n\t<meta property=\"og:image:type\" content=\"image\/jpeg\" \/>\n<meta name=\"twitter:card\" content=\"summary_large_image\" \/>\n<meta name=\"twitter:label1\" content=\"pre\u00e7o\" \/>\n\t<meta name=\"twitter:data1\" content=\"&euro;40.00\" \/>\n\t<meta name=\"twitter:label2\" content=\"Disponibilidade\" \/>\n\t<meta name=\"twitter:data2\" content=\"Esgotado\" \/>\n<script type=\"application\/ld+json\" class=\"yoast-schema-graph\">{\"@context\":\"https:\\\/\\\/schema.org\",\"@graph\":[{\"@type\":\"WebPage\",\"@id\":\"https:\\\/\\\/iberoid-shop.com\\\/pt\\\/product\\\/strombafort\\\/\",\"url\":\"https:\\\/\\\/iberoid-shop.com\\\/pt\\\/product\\\/strombafort\\\/\",\"name\":\"Strombafort BALKAN NEW LINE - Ester\u00f3ides Online\",\"isPartOf\":{\"@id\":\"https:\\\/\\\/iberoid-shop.com\\\/pt\\\/#website\"},\"primaryImageOfPage\":{\"@id\":\"https:\\\/\\\/iberoid-shop.com\\\/pt\\\/product\\\/strombafort\\\/#primaryimage\"},\"image\":{\"@id\":\"https:\\\/\\\/iberoid-shop.com\\\/pt\\\/product\\\/strombafort\\\/#primaryimage\"},\"thumbnailUrl\":\"https:\\\/\\\/iberoid-shop.com\\\/wp-content\\\/uploads\\\/2019\\\/11\\\/Strombafort10NEW.jpg?v=1678120136\",\"datePublished\":\"2019-11-20T19:39:32+00:00\",\"dateModified\":\"2024-08-06T21:26:35+00:00\",\"description\":\"Corpo atraente, bombeamento impressionante, mas sem problemas estrog\u00eanicos, deixando milh\u00f5es de pessoas felizes e os Strombafort Balkan AAS Pills - a estrela mundial.Pode-se receber mais vantagens e quase zero problemas, o Strombafort \u00e9 o mais seguro dispon\u00edvel, o que opera com uma taxa anab\u00f3lica mais alta.\",\"breadcrumb\":{\"@id\":\"https:\\\/\\\/iberoid-shop.com\\\/pt\\\/product\\\/strombafort\\\/#breadcrumb\"},\"inLanguage\":\"pt-PT\",\"potentialAction\":[{\"@type\":\"ReadAction\",\"target\":[[\"https:\\\/\\\/iberoid-shop.com\\\/pt\\\/product\\\/strombafort\\\/\"]]}]},{\"@type\":\"ImageObject\",\"inLanguage\":\"pt-PT\",\"@id\":\"https:\\\/\\\/iberoid-shop.com\\\/pt\\\/product\\\/strombafort\\\/#primaryimage\",\"url\":\"https:\\\/\\\/iberoid-shop.com\\\/wp-content\\\/uploads\\\/2019\\\/11\\\/Strombafort10NEW.jpg?v=1678120136\",\"contentUrl\":\"https:\\\/\\\/iberoid-shop.com\\\/wp-content\\\/uploads\\\/2019\\\/11\\\/Strombafort10NEW.jpg?v=1678120136\",\"width\":978,\"height\":768},{\"@type\":\"BreadcrumbList\",\"@id\":\"https:\\\/\\\/iberoid-shop.com\\\/pt\\\/product\\\/strombafort\\\/#breadcrumb\",\"itemListElement\":[{\"@type\":\"ListItem\",\"position\":1,\"name\":\"Portada\",\"item\":\"https:\\\/\\\/iberoid-shop.com\\\/pt\\\/\"},{\"@type\":\"ListItem\",\"position\":2,\"name\":\"Loja\",\"item\":\"https:\\\/\\\/iberoid-shop.com\\\/pt\\\/shop\\\/\"},{\"@type\":\"ListItem\",\"position\":3,\"name\":\"Strombafort BALKAN NEW LINE\"}]},{\"@type\":\"WebSite\",\"@id\":\"https:\\\/\\\/iberoid-shop.com\\\/pt\\\/#website\",\"url\":\"https:\\\/\\\/iberoid-shop.com\\\/pt\\\/\",\"name\":\"Ester\u00f3ides Online\",\"description\":\"Compre ester\u00f3ides online hoje em Espanha e Portugal. Temos o melhor servi\u00e7o ao cliente do setor e produtos da mais alta qualidade\",\"potentialAction\":[{\"@type\":\"SearchAction\",\"target\":{\"@type\":\"EntryPoint\",\"urlTemplate\":\"https:\\\/\\\/iberoid-shop.com\\\/pt\\\/?s={search_term_string}\"},\"query-input\":{\"@type\":\"PropertyValueSpecification\",\"valueRequired\":true,\"valueName\":\"search_term_string\"}}],\"inLanguage\":\"pt-PT\"}]}<\/script>\n<meta property=\"product:brand\" content=\"Balkan Pharmaceuticals\" \/>\n<meta property=\"product:price:amount\" content=\"40.00\" \/>\n<meta property=\"product:price:currency\" content=\"EUR\" \/>\n<meta property=\"og:availability\" content=\"out of stock\" \/>\n<meta property=\"product:availability\" content=\"out of stock\" \/>\n<meta property=\"product:condition\" content=\"new\" \/>\n<!-- \/ Yoast SEO Premium plugin. -->","yoast_head_json":{"title":"Strombafort BALKAN NEW LINE - Ester\u00f3ides Online","description":"Corpo atraente, bombeamento impressionante, mas sem problemas estrog\u00eanicos, deixando milh\u00f5es de pessoas felizes e os Strombafort Balkan AAS Pills - a estrela mundial.Pode-se receber mais vantagens e quase zero problemas, o Strombafort \u00e9 o mais seguro dispon\u00edvel, o que opera com uma taxa anab\u00f3lica mais alta.","robots":{"index":"index","follow":"follow","max-snippet":"max-snippet:-1","max-image-preview":"max-image-preview:large","max-video-preview":"max-video-preview:-1"},"canonical":"https:\/\/iberoid-shop.com\/pt\/product\/strombafort\/","og_locale":"pt_PT","og_type":"article","og_title":"Strombafort BALKAN NEW LINE","og_description":"Corpo atraente, bombeamento impressionante, mas sem problemas estrog\u00eanicos, deixando milh\u00f5es de pessoas felizes e os Strombafort Balkan AAS Pills - a estrela mundial.Pode-se receber mais vantagens e quase zero problemas, o Strombafort \u00e9 o mais seguro dispon\u00edvel, o que opera com uma taxa anab\u00f3lica mais alta.","og_url":"https:\/\/iberoid-shop.com\/pt\/product\/strombafort\/","og_site_name":"Ester\u00f3ides Online","article_modified_time":"2024-08-06T21:26:35+00:00","og_image":[{"width":978,"height":768,"url":"https:\/\/iberoid-shop.com\/wp-content\/uploads\/2019\/11\/Strombafort10NEW.jpg?v=1678120136","type":"image\/jpeg"}],"twitter_card":"summary_large_image","twitter_misc":{"pre\u00e7o":"&euro;40.00","Disponibilidade":"Esgotado"},"schema":{"@context":"https:\/\/schema.org","@graph":[{"@type":"WebPage","@id":"https:\/\/iberoid-shop.com\/pt\/product\/strombafort\/","url":"https:\/\/iberoid-shop.com\/pt\/product\/strombafort\/","name":"Strombafort BALKAN NEW LINE - Ester\u00f3ides Online","isPartOf":{"@id":"https:\/\/iberoid-shop.com\/pt\/#website"},"primaryImageOfPage":{"@id":"https:\/\/iberoid-shop.com\/pt\/product\/strombafort\/#primaryimage"},"image":{"@id":"https:\/\/iberoid-shop.com\/pt\/product\/strombafort\/#primaryimage"},"thumbnailUrl":"https:\/\/iberoid-shop.com\/wp-content\/uploads\/2019\/11\/Strombafort10NEW.jpg?v=1678120136","datePublished":"2019-11-20T19:39:32+00:00","dateModified":"2024-08-06T21:26:35+00:00","description":"Corpo atraente, bombeamento impressionante, mas sem problemas estrog\u00eanicos, deixando milh\u00f5es de pessoas felizes e os Strombafort Balkan AAS Pills - a estrela mundial.Pode-se receber mais vantagens e quase zero problemas, o Strombafort \u00e9 o mais seguro dispon\u00edvel, o que opera com uma taxa anab\u00f3lica mais alta.","breadcrumb":{"@id":"https:\/\/iberoid-shop.com\/pt\/product\/strombafort\/#breadcrumb"},"inLanguage":"pt-PT","potentialAction":[{"@type":"ReadAction","target":[["https:\/\/iberoid-shop.com\/pt\/product\/strombafort\/"]]}]},{"@type":"ImageObject","inLanguage":"pt-PT","@id":"https:\/\/iberoid-shop.com\/pt\/product\/strombafort\/#primaryimage","url":"https:\/\/iberoid-shop.com\/wp-content\/uploads\/2019\/11\/Strombafort10NEW.jpg?v=1678120136","contentUrl":"https:\/\/iberoid-shop.com\/wp-content\/uploads\/2019\/11\/Strombafort10NEW.jpg?v=1678120136","width":978,"height":768},{"@type":"BreadcrumbList","@id":"https:\/\/iberoid-shop.com\/pt\/product\/strombafort\/#breadcrumb","itemListElement":[{"@type":"ListItem","position":1,"name":"Portada","item":"https:\/\/iberoid-shop.com\/pt\/"},{"@type":"ListItem","position":2,"name":"Loja","item":"https:\/\/iberoid-shop.com\/pt\/shop\/"},{"@type":"ListItem","position":3,"name":"Strombafort BALKAN NEW LINE"}]},{"@type":"WebSite","@id":"https:\/\/iberoid-shop.com\/pt\/#website","url":"https:\/\/iberoid-shop.com\/pt\/","name":"Ester\u00f3ides Online","description":"Compre ester\u00f3ides online hoje em Espanha e Portugal. Temos o melhor servi\u00e7o ao cliente do setor e produtos da mais alta qualidade","potentialAction":[{"@type":"SearchAction","target":{"@type":"EntryPoint","urlTemplate":"https:\/\/iberoid-shop.com\/pt\/?s={search_term_string}"},"query-input":{"@type":"PropertyValueSpecification","valueRequired":true,"valueName":"search_term_string"}}],"inLanguage":"pt-PT"}]},"product_brand":"Balkan Pharmaceuticals","product_price_amount":"40.00","product_price_currency":"EUR","og_availability":"out of stock","product_availability":"out of stock","product_condition":"new"},"_links":{"self":[{"href":"https:\/\/iberoid-shop.com\/pt\/wp-json\/wp\/v2\/product\/3027","targetHints":{"allow":["GET"]}}],"collection":[{"href":"https:\/\/iberoid-shop.com\/pt\/wp-json\/wp\/v2\/product"}],"about":[{"href":"https:\/\/iberoid-shop.com\/pt\/wp-json\/wp\/v2\/types\/product"}],"replies":[{"embeddable":true,"href":"https:\/\/iberoid-shop.com\/pt\/wp-json\/wp\/v2\/comments?post=3027"}],"wp:featuredmedia":[{"embeddable":true,"href":"https:\/\/iberoid-shop.com\/pt\/wp-json\/wp\/v2\/media\/3465"}],"wp:attachment":[{"href":"https:\/\/iberoid-shop.com\/pt\/wp-json\/wp\/v2\/media?parent=3027"}],"wp:term":[{"taxonomy":"product_brand","embeddable":true,"href":"https:\/\/iberoid-shop.com\/pt\/wp-json\/wp\/v2\/product_brand?post=3027"},{"taxonomy":"product_cat","embeddable":true,"href":"https:\/\/iberoid-shop.com\/pt\/wp-json\/wp\/v2\/product_cat?post=3027"},{"taxonomy":"product_tag","embeddable":true,"href":"https:\/\/iberoid-shop.com\/pt\/wp-json\/wp\/v2\/product_tag?post=3027"}],"curies":[{"name":"wp","href":"https:\/\/api.w.org\/{rel}","templated":true}]}}