{"id":3013,"date":"2019-11-19T20:41:31","date_gmt":"2019-11-19T20:41:31","guid":{"rendered":"https:\/\/iberoid-shop.com\/?post_type=product&#038;p=3013"},"modified":"2023-11-04T10:49:58","modified_gmt":"2023-11-04T10:49:58","slug":"primobol","status":"publish","type":"product","link":"https:\/\/iberoid-shop.com\/pt\/product\/primobol\/","title":{"rendered":"Primobol"},"content":{"rendered":"<p>Primobol \u00e9 o ester\u00f3ide ideal quando se busca um aumento na massa muscular e na for\u00e7a da qualidade, sem os efeitos colaterais espec\u00edficos de outros ester\u00f3ides.<\/p>\n<p>A\u00e7\u00e3o: &#8211; possui baixo efeito androg\u00eanico e efeito anab\u00f3lico aumentado.<\/p>\n<p>&#8211; para efetivar \u00e9 necess\u00e1rio administrar em ciclos longos.<\/p>\n<p>&#8211; Uma caracter\u00edstica especial do Primobolan \u00e9 que fortalece o sistema imunol\u00f3gico.<\/p>\n<p>Resultados: &#8211; desenvolve massa muscular de qualidade e for\u00e7a, mas ao mesmo tempo contribui para a queima de gordura.<\/p>\n<p>Dose ideal: &#8211; 400-600 mg \/ semana.<\/p>\n<p>Ciclos de Primobol: O ciclo mais popular \u00e9 o Primobolan + Sustamed Balkan + Oxandrolona.<\/p>\n<p>Dura\u00e7\u00e3o do ciclo: &#8211; 12-16 semanas.<\/p>\n<p>Tempo de detec\u00e7\u00e3o: &#8211; 5 semanas.<\/p>","protected":false},"excerpt":{"rendered":"<p><strong>Quantidade:<\/strong> frascos de 1 ml<\/p>\n<p><strong>Concentra\u00e7\u00e3o:<\/strong> 100 mg \/ ml<\/p>\n<p><strong>Subst\u00e2ncia:<\/strong> enantato de metanol<\/p>\n","protected":false},"featured_media":3015,"comment_status":"open","ping_status":"closed","template":"","meta":[],"product_brand":[],"product_cat":[69],"product_tag":[],"class_list":{"0":"post-3013","1":"product","2":"type-product","3":"status-publish","4":"has-post-thumbnail","6":"product_cat-esteroides_inyectables","8":"first","9":"outofstock","10":"shipping-taxable","11":"purchasable","12":"product-type-simple"},"yoast_head":"<!-- This site is optimized with the Yoast SEO Premium plugin v24.4 (Yoast SEO v27.0) - https:\/\/yoast.com\/product\/yoast-seo-premium-wordpress\/ -->\n<title>Primobol<\/title>\n<meta name=\"description\" content=\"Primobolan \u00e9 o ester\u00f3ide ideal para um aumento na massa muscular e na for\u00e7a da qualidade, sem os efeitos colaterais espec\u00edficos de outros ester\u00f3ides.\" \/>\n<meta name=\"robots\" content=\"index, follow, max-snippet:-1, max-image-preview:large, max-video-preview:-1\" \/>\n<link rel=\"canonical\" href=\"https:\/\/iberoid-shop.com\/pt\/product\/primobol\/\" \/>\n<meta property=\"og:locale\" content=\"pt_PT\" \/>\n<meta property=\"og:type\" content=\"article\" \/>\n<meta property=\"og:title\" content=\"Primobol\" \/>\n<meta property=\"og:description\" content=\"Primobolan \u00e9 o ester\u00f3ide ideal para um aumento na massa muscular e na for\u00e7a da qualidade, sem os efeitos colaterais espec\u00edficos de outros ester\u00f3ides.\" \/>\n<meta property=\"og:url\" content=\"https:\/\/iberoid-shop.com\/pt\/product\/primobol\/\" \/>\n<meta property=\"og:site_name\" content=\"Ester\u00f3ides Online\" \/>\n<meta property=\"article:modified_time\" content=\"2023-11-04T10:49:58+00:00\" \/>\n<meta property=\"og:image\" content=\"https:\/\/iberoid-shop.com\/wp-content\/uploads\/2019\/11\/primobol.jpg?v=1678120175\" \/>\n\t<meta property=\"og:image:width\" content=\"510\" \/>\n\t<meta property=\"og:image:height\" content=\"510\" \/>\n\t<meta property=\"og:image:type\" content=\"image\/jpeg\" \/>\n<meta name=\"twitter:card\" content=\"summary_large_image\" \/>\n<meta name=\"twitter:label1\" content=\"pre\u00e7o\" \/>\n\t<meta name=\"twitter:data1\" content=\"&euro;90.00\" \/>\n\t<meta name=\"twitter:label2\" content=\"Disponibilidade\" \/>\n\t<meta name=\"twitter:data2\" content=\"Esgotado\" \/>\n<script type=\"application\/ld+json\" class=\"yoast-schema-graph\">{\"@context\":\"https:\/\/schema.org\",\"@graph\":[{\"@type\":\"WebPage\",\"@id\":\"https:\/\/iberoid-shop.com\/pt\/product\/primobol\/\",\"url\":\"https:\/\/iberoid-shop.com\/pt\/product\/primobol\/\",\"name\":\"Primobol\",\"isPartOf\":{\"@id\":\"https:\/\/iberoid-shop.com\/pt\/#website\"},\"primaryImageOfPage\":{\"@id\":\"https:\/\/iberoid-shop.com\/pt\/product\/primobol\/#primaryimage\"},\"image\":{\"@id\":\"https:\/\/iberoid-shop.com\/pt\/product\/primobol\/#primaryimage\"},\"thumbnailUrl\":\"https:\/\/iberoid-shop.com\/wp-content\/uploads\/2019\/11\/primobol.jpg?v=1678120175\",\"datePublished\":\"2019-11-19T20:41:31+00:00\",\"dateModified\":\"2023-11-04T10:49:58+00:00\",\"description\":\"Primobolan \u00e9 o ester\u00f3ide ideal para um aumento na massa muscular e na for\u00e7a da qualidade, sem os efeitos colaterais espec\u00edficos de outros ester\u00f3ides.\",\"breadcrumb\":{\"@id\":\"https:\/\/iberoid-shop.com\/pt\/product\/primobol\/#breadcrumb\"},\"inLanguage\":\"pt-PT\",\"potentialAction\":[{\"@type\":\"ReadAction\",\"target\":[[\"https:\/\/iberoid-shop.com\/pt\/product\/primobol\/\"]]}]},{\"@type\":\"ImageObject\",\"inLanguage\":\"pt-PT\",\"@id\":\"https:\/\/iberoid-shop.com\/pt\/product\/primobol\/#primaryimage\",\"url\":\"https:\/\/iberoid-shop.com\/wp-content\/uploads\/2019\/11\/primobol.jpg?v=1678120175\",\"contentUrl\":\"https:\/\/iberoid-shop.com\/wp-content\/uploads\/2019\/11\/primobol.jpg?v=1678120175\",\"width\":510,\"height\":510,\"caption\":\"Primobol - enantato de metanol, 100 mg \/ ml, frascos de 1 ml\"},{\"@type\":\"BreadcrumbList\",\"@id\":\"https:\/\/iberoid-shop.com\/pt\/product\/primobol\/#breadcrumb\",\"itemListElement\":[{\"@type\":\"ListItem\",\"position\":1,\"name\":\"Portada\",\"item\":\"https:\/\/iberoid-shop.com\/pt\/\"},{\"@type\":\"ListItem\",\"position\":2,\"name\":\"Loja\",\"item\":\"https:\/\/iberoid-shop.com\/pt\/shop\/\"},{\"@type\":\"ListItem\",\"position\":3,\"name\":\"Primobol\"}]},{\"@type\":\"WebSite\",\"@id\":\"https:\/\/iberoid-shop.com\/pt\/#website\",\"url\":\"https:\/\/iberoid-shop.com\/pt\/\",\"name\":\"Ester\u00f3ides Online\",\"description\":\"Compre ester\u00f3ides online hoje em Espanha e Portugal. Temos o melhor servi\u00e7o ao cliente do setor e produtos da mais alta qualidade\",\"potentialAction\":[{\"@type\":\"SearchAction\",\"target\":{\"@type\":\"EntryPoint\",\"urlTemplate\":\"https:\/\/iberoid-shop.com\/pt\/?s={search_term_string}\"},\"query-input\":{\"@type\":\"PropertyValueSpecification\",\"valueRequired\":true,\"valueName\":\"search_term_string\"}}],\"inLanguage\":\"pt-PT\"}]}<\/script>\n<meta property=\"product:brand\" content=\"Balkan Pharmaceuticals\" \/>\n<meta property=\"product:price:amount\" content=\"90.00\" \/>\n<meta property=\"product:price:currency\" content=\"EUR\" \/>\n<meta property=\"og:availability\" content=\"out of stock\" \/>\n<meta property=\"product:availability\" content=\"out of stock\" \/>\n<meta property=\"product:condition\" content=\"new\" \/>\n<!-- \/ Yoast SEO Premium plugin. -->","yoast_head_json":{"title":"Primobol","description":"Primobolan \u00e9 o ester\u00f3ide ideal para um aumento na massa muscular e na for\u00e7a da qualidade, sem os efeitos colaterais espec\u00edficos de outros ester\u00f3ides.","robots":{"index":"index","follow":"follow","max-snippet":"max-snippet:-1","max-image-preview":"max-image-preview:large","max-video-preview":"max-video-preview:-1"},"canonical":"https:\/\/iberoid-shop.com\/pt\/product\/primobol\/","og_locale":"pt_PT","og_type":"article","og_title":"Primobol","og_description":"Primobolan \u00e9 o ester\u00f3ide ideal para um aumento na massa muscular e na for\u00e7a da qualidade, sem os efeitos colaterais espec\u00edficos de outros ester\u00f3ides.","og_url":"https:\/\/iberoid-shop.com\/pt\/product\/primobol\/","og_site_name":"Ester\u00f3ides Online","article_modified_time":"2023-11-04T10:49:58+00:00","og_image":[{"width":510,"height":510,"url":"https:\/\/iberoid-shop.com\/wp-content\/uploads\/2019\/11\/primobol.jpg?v=1678120175","type":"image\/jpeg"}],"twitter_card":"summary_large_image","twitter_misc":{"pre\u00e7o":"&euro;90.00","Disponibilidade":"Esgotado"},"schema":{"@context":"https:\/\/schema.org","@graph":[{"@type":"WebPage","@id":"https:\/\/iberoid-shop.com\/pt\/product\/primobol\/","url":"https:\/\/iberoid-shop.com\/pt\/product\/primobol\/","name":"Primobol","isPartOf":{"@id":"https:\/\/iberoid-shop.com\/pt\/#website"},"primaryImageOfPage":{"@id":"https:\/\/iberoid-shop.com\/pt\/product\/primobol\/#primaryimage"},"image":{"@id":"https:\/\/iberoid-shop.com\/pt\/product\/primobol\/#primaryimage"},"thumbnailUrl":"https:\/\/iberoid-shop.com\/wp-content\/uploads\/2019\/11\/primobol.jpg?v=1678120175","datePublished":"2019-11-19T20:41:31+00:00","dateModified":"2023-11-04T10:49:58+00:00","description":"Primobolan \u00e9 o ester\u00f3ide ideal para um aumento na massa muscular e na for\u00e7a da qualidade, sem os efeitos colaterais espec\u00edficos de outros ester\u00f3ides.","breadcrumb":{"@id":"https:\/\/iberoid-shop.com\/pt\/product\/primobol\/#breadcrumb"},"inLanguage":"pt-PT","potentialAction":[{"@type":"ReadAction","target":[["https:\/\/iberoid-shop.com\/pt\/product\/primobol\/"]]}]},{"@type":"ImageObject","inLanguage":"pt-PT","@id":"https:\/\/iberoid-shop.com\/pt\/product\/primobol\/#primaryimage","url":"https:\/\/iberoid-shop.com\/wp-content\/uploads\/2019\/11\/primobol.jpg?v=1678120175","contentUrl":"https:\/\/iberoid-shop.com\/wp-content\/uploads\/2019\/11\/primobol.jpg?v=1678120175","width":510,"height":510,"caption":"Primobol - enantato de metanol, 100 mg \/ ml, frascos de 1 ml"},{"@type":"BreadcrumbList","@id":"https:\/\/iberoid-shop.com\/pt\/product\/primobol\/#breadcrumb","itemListElement":[{"@type":"ListItem","position":1,"name":"Portada","item":"https:\/\/iberoid-shop.com\/pt\/"},{"@type":"ListItem","position":2,"name":"Loja","item":"https:\/\/iberoid-shop.com\/pt\/shop\/"},{"@type":"ListItem","position":3,"name":"Primobol"}]},{"@type":"WebSite","@id":"https:\/\/iberoid-shop.com\/pt\/#website","url":"https:\/\/iberoid-shop.com\/pt\/","name":"Ester\u00f3ides Online","description":"Compre ester\u00f3ides online hoje em Espanha e Portugal. Temos o melhor servi\u00e7o ao cliente do setor e produtos da mais alta qualidade","potentialAction":[{"@type":"SearchAction","target":{"@type":"EntryPoint","urlTemplate":"https:\/\/iberoid-shop.com\/pt\/?s={search_term_string}"},"query-input":{"@type":"PropertyValueSpecification","valueRequired":true,"valueName":"search_term_string"}}],"inLanguage":"pt-PT"}]},"product_brand":"Balkan Pharmaceuticals","product_price_amount":"90.00","product_price_currency":"EUR","og_availability":"out of stock","product_availability":"out of stock","product_condition":"new"},"_links":{"self":[{"href":"https:\/\/iberoid-shop.com\/pt\/wp-json\/wp\/v2\/product\/3013","targetHints":{"allow":["GET"]}}],"collection":[{"href":"https:\/\/iberoid-shop.com\/pt\/wp-json\/wp\/v2\/product"}],"about":[{"href":"https:\/\/iberoid-shop.com\/pt\/wp-json\/wp\/v2\/types\/product"}],"replies":[{"embeddable":true,"href":"https:\/\/iberoid-shop.com\/pt\/wp-json\/wp\/v2\/comments?post=3013"}],"wp:featuredmedia":[{"embeddable":true,"href":"https:\/\/iberoid-shop.com\/pt\/wp-json\/wp\/v2\/media\/3015"}],"wp:attachment":[{"href":"https:\/\/iberoid-shop.com\/pt\/wp-json\/wp\/v2\/media?parent=3013"}],"wp:term":[{"taxonomy":"product_brand","embeddable":true,"href":"https:\/\/iberoid-shop.com\/pt\/wp-json\/wp\/v2\/product_brand?post=3013"},{"taxonomy":"product_cat","embeddable":true,"href":"https:\/\/iberoid-shop.com\/pt\/wp-json\/wp\/v2\/product_cat?post=3013"},{"taxonomy":"product_tag","embeddable":true,"href":"https:\/\/iberoid-shop.com\/pt\/wp-json\/wp\/v2\/product_tag?post=3013"}],"curies":[{"name":"wp","href":"https:\/\/api.w.org\/{rel}","templated":true}]}}