{"id":3009,"date":"2019-11-19T20:37:31","date_gmt":"2019-11-19T20:37:31","guid":{"rendered":"https:\/\/iberoid-shop.com\/?post_type=product&#038;p=3009"},"modified":"2023-01-13T18:19:47","modified_gmt":"2023-01-13T18:19:47","slug":"oxandrolon","status":"publish","type":"product","link":"https:\/\/iberoid-shop.com\/pt\/product\/oxandrolon\/","title":{"rendered":"Oxandrolon"},"content":{"rendered":"<p>Oxandrolona Balkan tamb\u00e9m \u00e9 conhecido como Anavar, um ester\u00f3ide oral muito seguro, sem efeitos colaterais, mesmo em altas doses. Tem efeitos androg\u00eanicos e anab\u00f3licos. \u00c9 um ester\u00f3ide antigo que foi lan\u00e7ado no mercado em 1960, projetado para tratar v\u00e1rias condi\u00e7\u00f5es. \u00c9 muito popular entre os atletas devido aos seus poucos efeitos negativos. Sendo considerado o ester\u00f3ide oral mais seguro.<\/p>\n<p>Como o Oxandrolon Balkan funciona?<br \/>\nAtua tanto na massa muscular, sendo os aumentos de boa qualidade quanto no processo de queima de gordura, sendo considerada a &#8220;maravilha&#8221; dos ester\u00f3ides. Os estudos mostraram que a gordura queimada n\u00e3o retornou ao final do ciclo. Tamb\u00e9m tem um efeito poderoso no desenvolvimento da for\u00e7a muscular, \u00e0s vezes sendo comparado ao Halotestin.<\/p>\n<p>Durante o ciclo com Oxandrolon Balkan anti-estrog\u00eanios n\u00e3o s\u00e3o utilizados, n\u00e3o tendo efeitos colaterais estrog\u00eanicos.<\/p>\n<p>Tem a capacidade de aumentar a reten\u00e7\u00e3o de nitrog\u00eanio no organismo, inibir os horm\u00f4nios corticoster\u00f3ides e diminuir o n\u00edvel de SHBG (uma prote\u00edna que tem o papel de inativar a testosterona).<\/p>\n<p>Quais resultados s\u00e3o obtidos durante o ciclo?<br \/>\nOs resultados obtidos com a oxandrolona s\u00e3o: massa muscular de qualidade, queima de gordura e aumento da for\u00e7a. Devido ao aumento do n\u00famero de gl\u00f3bulos vermelhos, a resist\u00eancia muscular e a resist\u00eancia cardiovascular tamb\u00e9m aumentam. A recupera\u00e7\u00e3o ap\u00f3s exerc\u00edcios intensos \u00e9 mais r\u00e1pida, o risco de overtraining diminui consideravelmente. A maioria dos ester\u00f3ides n\u00e3o queima gordura diretamente, mas devido ao aumento do metobalismo. Oxandrolona dos Balc\u00e3s com efeito direto na lip\u00f3lise.<\/p>\n<p>Dose ideal: 20-50 mg \/ dia<\/p>\n<p>Ciclos: quando desejado, o desenvolvimento e a for\u00e7a muscular s\u00e3o combinados com 200-400 mg de propionato de testosterona por semana. E, por defini\u00e7\u00e3o, pode ser combinado com 200 mg de trembolona ou 400 mg de Primobolan.<\/p>\n<p>Dura\u00e7\u00e3o do ciclo: 6 semanas<\/p>\n<p>Tempo de detec\u00e7\u00e3o: 3 semanas<\/p>\n<p>Terapia p\u00f3s-ciclo: A terapia p\u00f3s-ciclo \u00e9 indicada com base em Tamoximed e Clomed no final do tratamento com ester\u00f3ides.<\/p>","protected":false},"excerpt":{"rendered":"<p><strong>Quantidade:<\/strong> 100 comprimidos<\/p>\n<p><strong>Concentra\u00e7\u00e3o:<\/strong> 10 mg \/ comprimido<\/p>\n<p><strong>Subst\u00e2ncia:<\/strong> Oxandrolona<\/p>\n","protected":false},"featured_media":3011,"comment_status":"open","ping_status":"closed","template":"","meta":[],"product_brand":[],"product_cat":[73],"product_tag":[],"class_list":{"0":"post-3009","1":"product","2":"type-product","3":"status-publish","4":"has-post-thumbnail","6":"product_cat-ssteroides_orales","8":"first","9":"outofstock","10":"shipping-taxable","11":"purchasable","12":"product-type-simple"},"yoast_head":"<!-- This site is optimized with the Yoast SEO Premium plugin v24.4 (Yoast SEO v27.3) - https:\/\/yoast.com\/product\/yoast-seo-premium-wordpress\/ -->\n<title>Oxandrolon - Ester\u00f3ides Online<\/title>\n<meta name=\"description\" content=\"Sendo considerado o ester\u00f3ide oral mais seguro.Como o Oxandrolon Balkan funciona?Atua tanto na massa muscular, sendo os aumentos de boa qualidade quanto no processo de queima de gordura, sendo considerada a &quot;maravilha&quot; dos ester\u00f3ides.\" \/>\n<meta name=\"robots\" content=\"index, follow, max-snippet:-1, max-image-preview:large, max-video-preview:-1\" \/>\n<link rel=\"canonical\" href=\"https:\/\/iberoid-shop.com\/pt\/product\/oxandrolon\/\" \/>\n<meta property=\"og:locale\" content=\"pt_PT\" \/>\n<meta property=\"og:type\" content=\"article\" \/>\n<meta property=\"og:title\" content=\"Oxandrolon\" \/>\n<meta property=\"og:description\" content=\"Sendo considerado o ester\u00f3ide oral mais seguro.Como o Oxandrolon Balkan funciona?Atua tanto na massa muscular, sendo os aumentos de boa qualidade quanto no processo de queima de gordura, sendo considerada a &quot;maravilha&quot; dos ester\u00f3ides.\" \/>\n<meta property=\"og:url\" content=\"https:\/\/iberoid-shop.com\/pt\/product\/oxandrolon\/\" \/>\n<meta property=\"og:site_name\" content=\"Ester\u00f3ides Online\" \/>\n<meta property=\"article:modified_time\" content=\"2023-01-13T18:19:47+00:00\" \/>\n<meta property=\"og:image\" content=\"https:\/\/iberoid-shop.com\/wp-content\/uploads\/2019\/11\/oxandrolon.jpg?v=1678120176\" \/>\n\t<meta property=\"og:image:width\" content=\"978\" \/>\n\t<meta property=\"og:image:height\" content=\"768\" \/>\n\t<meta property=\"og:image:type\" content=\"image\/jpeg\" \/>\n<meta name=\"twitter:card\" content=\"summary_large_image\" \/>\n<meta name=\"twitter:label1\" content=\"pre\u00e7o\" \/>\n\t<meta name=\"twitter:data1\" content=\"&euro;90.00\" \/>\n\t<meta name=\"twitter:label2\" content=\"Disponibilidade\" \/>\n\t<meta name=\"twitter:data2\" content=\"Esgotado\" \/>\n<script type=\"application\/ld+json\" class=\"yoast-schema-graph\">{\"@context\":\"https:\\\/\\\/schema.org\",\"@graph\":[{\"@type\":\"WebPage\",\"@id\":\"https:\\\/\\\/iberoid-shop.com\\\/pt\\\/product\\\/oxandrolon\\\/\",\"url\":\"https:\\\/\\\/iberoid-shop.com\\\/pt\\\/product\\\/oxandrolon\\\/\",\"name\":\"Oxandrolon - Ester\u00f3ides Online\",\"isPartOf\":{\"@id\":\"https:\\\/\\\/iberoid.com\\\/#website\"},\"primaryImageOfPage\":{\"@id\":\"https:\\\/\\\/iberoid-shop.com\\\/pt\\\/product\\\/oxandrolon\\\/#primaryimage\"},\"image\":{\"@id\":\"https:\\\/\\\/iberoid-shop.com\\\/pt\\\/product\\\/oxandrolon\\\/#primaryimage\"},\"thumbnailUrl\":\"https:\\\/\\\/iberoid-shop.com\\\/wp-content\\\/uploads\\\/2019\\\/11\\\/oxandrolon.jpg?v=1678120176\",\"datePublished\":\"2019-11-19T20:37:31+00:00\",\"dateModified\":\"2023-01-13T18:19:47+00:00\",\"description\":\"Sendo considerado o ester\u00f3ide oral mais seguro.Como o Oxandrolon Balkan funciona?Atua tanto na massa muscular, sendo os aumentos de boa qualidade quanto no processo de queima de gordura, sendo considerada a \\\"maravilha\\\" dos ester\u00f3ides.\",\"breadcrumb\":{\"@id\":\"https:\\\/\\\/iberoid-shop.com\\\/pt\\\/product\\\/oxandrolon\\\/#breadcrumb\"},\"inLanguage\":\"pt-PT\",\"potentialAction\":[{\"@type\":\"ReadAction\",\"target\":[[\"https:\\\/\\\/iberoid-shop.com\\\/pt\\\/product\\\/oxandrolon\\\/\"]]}]},{\"@type\":\"ImageObject\",\"inLanguage\":\"pt-PT\",\"@id\":\"https:\\\/\\\/iberoid-shop.com\\\/pt\\\/product\\\/oxandrolon\\\/#primaryimage\",\"url\":\"https:\\\/\\\/iberoid-shop.com\\\/wp-content\\\/uploads\\\/2019\\\/11\\\/oxandrolon.jpg?v=1678120176\",\"contentUrl\":\"https:\\\/\\\/iberoid-shop.com\\\/wp-content\\\/uploads\\\/2019\\\/11\\\/oxandrolon.jpg?v=1678120176\",\"width\":978,\"height\":768},{\"@type\":\"BreadcrumbList\",\"@id\":\"https:\\\/\\\/iberoid-shop.com\\\/pt\\\/product\\\/oxandrolon\\\/#breadcrumb\",\"itemListElement\":[{\"@type\":\"ListItem\",\"position\":1,\"name\":\"Portada\",\"item\":\"https:\\\/\\\/iberoid.com\\\/\"},{\"@type\":\"ListItem\",\"position\":2,\"name\":\"Loja\",\"item\":\"https:\\\/\\\/iberoid-shop.com\\\/pt\\\/shop\\\/\"},{\"@type\":\"ListItem\",\"position\":3,\"name\":\"Oxandrolon\"}]},{\"@type\":\"WebSite\",\"@id\":\"https:\\\/\\\/iberoid.com\\\/#website\",\"url\":\"https:\\\/\\\/iberoid.com\\\/\",\"name\":\"Ester\u00f3ides Online\",\"description\":\"Compre ester\u00f3ides online hoje em Espanha e Portugal. Temos o melhor servi\u00e7o ao cliente do setor e produtos da mais alta qualidade\",\"potentialAction\":[{\"@type\":\"SearchAction\",\"target\":{\"@type\":\"EntryPoint\",\"urlTemplate\":\"https:\\\/\\\/iberoid.com\\\/?s={search_term_string}\"},\"query-input\":{\"@type\":\"PropertyValueSpecification\",\"valueRequired\":true,\"valueName\":\"search_term_string\"}}],\"inLanguage\":\"pt-PT\"}]}<\/script>\n<meta property=\"product:brand\" content=\"Balkan Pharmaceuticals\" \/>\n<meta property=\"product:price:amount\" content=\"90.00\" \/>\n<meta property=\"product:price:currency\" content=\"EUR\" \/>\n<meta property=\"og:availability\" content=\"out of stock\" \/>\n<meta property=\"product:availability\" content=\"out of stock\" \/>\n<meta property=\"product:condition\" content=\"new\" \/>\n<!-- \/ Yoast SEO Premium plugin. -->","yoast_head_json":{"title":"Oxandrolon - Ester\u00f3ides Online","description":"Sendo considerado o ester\u00f3ide oral mais seguro.Como o Oxandrolon Balkan funciona?Atua tanto na massa muscular, sendo os aumentos de boa qualidade quanto no processo de queima de gordura, sendo considerada a \"maravilha\" dos ester\u00f3ides.","robots":{"index":"index","follow":"follow","max-snippet":"max-snippet:-1","max-image-preview":"max-image-preview:large","max-video-preview":"max-video-preview:-1"},"canonical":"https:\/\/iberoid-shop.com\/pt\/product\/oxandrolon\/","og_locale":"pt_PT","og_type":"article","og_title":"Oxandrolon","og_description":"Sendo considerado o ester\u00f3ide oral mais seguro.Como o Oxandrolon Balkan funciona?Atua tanto na massa muscular, sendo os aumentos de boa qualidade quanto no processo de queima de gordura, sendo considerada a \"maravilha\" dos ester\u00f3ides.","og_url":"https:\/\/iberoid-shop.com\/pt\/product\/oxandrolon\/","og_site_name":"Ester\u00f3ides Online","article_modified_time":"2023-01-13T18:19:47+00:00","og_image":[{"width":978,"height":768,"url":"https:\/\/iberoid-shop.com\/wp-content\/uploads\/2019\/11\/oxandrolon.jpg?v=1678120176","type":"image\/jpeg"}],"twitter_card":"summary_large_image","twitter_misc":{"pre\u00e7o":"&euro;90.00","Disponibilidade":"Esgotado"},"schema":{"@context":"https:\/\/schema.org","@graph":[{"@type":"WebPage","@id":"https:\/\/iberoid-shop.com\/pt\/product\/oxandrolon\/","url":"https:\/\/iberoid-shop.com\/pt\/product\/oxandrolon\/","name":"Oxandrolon - Ester\u00f3ides Online","isPartOf":{"@id":"https:\/\/iberoid.com\/#website"},"primaryImageOfPage":{"@id":"https:\/\/iberoid-shop.com\/pt\/product\/oxandrolon\/#primaryimage"},"image":{"@id":"https:\/\/iberoid-shop.com\/pt\/product\/oxandrolon\/#primaryimage"},"thumbnailUrl":"https:\/\/iberoid-shop.com\/wp-content\/uploads\/2019\/11\/oxandrolon.jpg?v=1678120176","datePublished":"2019-11-19T20:37:31+00:00","dateModified":"2023-01-13T18:19:47+00:00","description":"Sendo considerado o ester\u00f3ide oral mais seguro.Como o Oxandrolon Balkan funciona?Atua tanto na massa muscular, sendo os aumentos de boa qualidade quanto no processo de queima de gordura, sendo considerada a \"maravilha\" dos ester\u00f3ides.","breadcrumb":{"@id":"https:\/\/iberoid-shop.com\/pt\/product\/oxandrolon\/#breadcrumb"},"inLanguage":"pt-PT","potentialAction":[{"@type":"ReadAction","target":[["https:\/\/iberoid-shop.com\/pt\/product\/oxandrolon\/"]]}]},{"@type":"ImageObject","inLanguage":"pt-PT","@id":"https:\/\/iberoid-shop.com\/pt\/product\/oxandrolon\/#primaryimage","url":"https:\/\/iberoid-shop.com\/wp-content\/uploads\/2019\/11\/oxandrolon.jpg?v=1678120176","contentUrl":"https:\/\/iberoid-shop.com\/wp-content\/uploads\/2019\/11\/oxandrolon.jpg?v=1678120176","width":978,"height":768},{"@type":"BreadcrumbList","@id":"https:\/\/iberoid-shop.com\/pt\/product\/oxandrolon\/#breadcrumb","itemListElement":[{"@type":"ListItem","position":1,"name":"Portada","item":"https:\/\/iberoid.com\/"},{"@type":"ListItem","position":2,"name":"Loja","item":"https:\/\/iberoid-shop.com\/pt\/shop\/"},{"@type":"ListItem","position":3,"name":"Oxandrolon"}]},{"@type":"WebSite","@id":"https:\/\/iberoid.com\/#website","url":"https:\/\/iberoid.com\/","name":"Ester\u00f3ides Online","description":"Compre ester\u00f3ides online hoje em Espanha e Portugal. Temos o melhor servi\u00e7o ao cliente do setor e produtos da mais alta qualidade","potentialAction":[{"@type":"SearchAction","target":{"@type":"EntryPoint","urlTemplate":"https:\/\/iberoid.com\/?s={search_term_string}"},"query-input":{"@type":"PropertyValueSpecification","valueRequired":true,"valueName":"search_term_string"}}],"inLanguage":"pt-PT"}]},"product_brand":"Balkan Pharmaceuticals","product_price_amount":"90.00","product_price_currency":"EUR","og_availability":"out of stock","product_availability":"out of stock","product_condition":"new"},"_links":{"self":[{"href":"https:\/\/iberoid-shop.com\/pt\/wp-json\/wp\/v2\/product\/3009","targetHints":{"allow":["GET"]}}],"collection":[{"href":"https:\/\/iberoid-shop.com\/pt\/wp-json\/wp\/v2\/product"}],"about":[{"href":"https:\/\/iberoid-shop.com\/pt\/wp-json\/wp\/v2\/types\/product"}],"replies":[{"embeddable":true,"href":"https:\/\/iberoid-shop.com\/pt\/wp-json\/wp\/v2\/comments?post=3009"}],"wp:featuredmedia":[{"embeddable":true,"href":"https:\/\/iberoid-shop.com\/pt\/wp-json\/wp\/v2\/media\/3011"}],"wp:attachment":[{"href":"https:\/\/iberoid-shop.com\/pt\/wp-json\/wp\/v2\/media?parent=3009"}],"wp:term":[{"taxonomy":"product_brand","embeddable":true,"href":"https:\/\/iberoid-shop.com\/pt\/wp-json\/wp\/v2\/product_brand?post=3009"},{"taxonomy":"product_cat","embeddable":true,"href":"https:\/\/iberoid-shop.com\/pt\/wp-json\/wp\/v2\/product_cat?post=3009"},{"taxonomy":"product_tag","embeddable":true,"href":"https:\/\/iberoid-shop.com\/pt\/wp-json\/wp\/v2\/product_tag?post=3009"}],"curies":[{"name":"wp","href":"https:\/\/api.w.org\/{rel}","templated":true}]}}