{"id":3004,"date":"2019-11-19T20:31:56","date_gmt":"2019-11-19T20:31:56","guid":{"rendered":"https:\/\/iberoid-shop.com\/?post_type=product&#038;p=3004"},"modified":"2023-01-11T08:34:41","modified_gmt":"2023-01-11T08:34:41","slug":"halotest","status":"publish","type":"product","link":"https:\/\/iberoid-shop.com\/pt\/product\/halotest\/","title":{"rendered":"Halotest"},"content":{"rendered":"<p>Halotest Balkan \u00e9 conhecido por fisiculturistas e tamb\u00e9m conhecido como Halotestin. Este \u00e9 um ester\u00f3ide oral com fortes efeitos androg\u00eanicos e anab\u00f3licos. A subst\u00e2ncia ativa \u00e9 chamada fluoximesterona, mas \u00e9 comercializada sob diferentes nomes comerciais. Seu efeito \u00e9 semelhante ao da testosterona, mas com efeitos androg\u00eanicos muito mais fortes, o que resulta em aumento da for\u00e7a muscular. \u00c9 o ester\u00f3ide mais eficaz quando se trata de for\u00e7a, juntamente com trembolona. Os powerlifteres usam testosterona + trembolona + halotestina, com este ciclo os aumentos de for\u00e7a s\u00e3o m\u00e1ximos.<\/p>\n<p>O uso do Halotest Balkan traz os seguintes benef\u00edcios:<br \/>\num r\u00e1pido desenvolvimento da elasticidade do tecido muscular<br \/>\nmaximiza o desempenho do tecido muscular<br \/>\ndesenvolve for\u00e7a muscular sem desenvolver massa (isso \u00e9 muito ben\u00e9fico para levantadores de for\u00e7a)<br \/>\nfornece nutri\u00e7\u00e3o muscular incr\u00edvel<br \/>\nRepare rapidamente as fibras musculares danificadas durante o treinamento<br \/>\ncontribui para uma apar\u00eancia mais dura e densa dos m\u00fasculos<br \/>\ncontribui diretamente para a queima de gordura<br \/>\nSua a\u00e7\u00e3o \u00e9 muito r\u00e1pida, desde os primeiros dias de administra\u00e7\u00e3o, aparecem melhorias no desempenho esportivo. \u00c9 mais frequentemente usado durante o per\u00edodo de defini\u00e7\u00e3o ou no desenvolvimento da for\u00e7a.<\/p>\n<p>Administra\u00e7\u00e3o e efeitos colaterais da halotestina:<\/p>\n<p>Recomenda-se tomar uma dose di\u00e1ria entre 20 e 40 mg. Como qualquer outro ester\u00f3ide oral muito poderoso, \u00e9 t\u00f3xico para o f\u00edgado, por isso n\u00e3o \u00e9 usado por mais de 4 semanas e a dose de 40 mg n\u00e3o \u00e9 excedida. Ao mesmo tempo, \u00e9 absolutamente necess\u00e1rio o uso de um produto que proteja o f\u00edgado. Para um treinamento mais eficaz, devido ao aumento da agressividade pode ser usado antes do treino de 10 mg.<\/p>","protected":false},"excerpt":{"rendered":"<p><strong>Quantidade:<\/strong> 100 comprimidos<br \/>\n<strong>Concentra\u00e7\u00e3o:<\/strong> 10 mg \/ comprimido<br \/>\n<strong>Subst\u00e2ncia:<\/strong> Fluoximesterona<\/p>\n","protected":false},"featured_media":3006,"comment_status":"open","ping_status":"closed","template":"","meta":[],"product_brand":[],"product_cat":[73],"product_tag":[],"class_list":{"0":"post-3004","1":"product","2":"type-product","3":"status-publish","4":"has-post-thumbnail","6":"product_cat-ssteroides_orales","8":"first","9":"outofstock","10":"sale","11":"shipping-taxable","12":"purchasable","13":"product-type-simple"},"yoast_head":"<!-- This site is optimized with the Yoast SEO Premium plugin v24.4 (Yoast SEO v27.0) - https:\/\/yoast.com\/product\/yoast-seo-premium-wordpress\/ -->\n<title>Halotest - Ester\u00f3ides Online<\/title>\n<meta name=\"description\" content=\"Este \u00e9 um ester\u00f3ide oral com fortes efeitos androg\u00eanicos e anab\u00f3licos.\" \/>\n<meta name=\"robots\" content=\"index, follow, max-snippet:-1, max-image-preview:large, max-video-preview:-1\" \/>\n<link rel=\"canonical\" href=\"https:\/\/iberoid-shop.com\/pt\/product\/halotest\/\" \/>\n<meta property=\"og:locale\" content=\"pt_PT\" \/>\n<meta property=\"og:type\" content=\"article\" \/>\n<meta property=\"og:title\" content=\"Halotest\" \/>\n<meta property=\"og:description\" content=\"Este \u00e9 um ester\u00f3ide oral com fortes efeitos androg\u00eanicos e anab\u00f3licos.\" \/>\n<meta property=\"og:url\" content=\"https:\/\/iberoid-shop.com\/pt\/product\/halotest\/\" \/>\n<meta property=\"og:site_name\" content=\"Ester\u00f3ides Online\" \/>\n<meta property=\"article:modified_time\" content=\"2023-01-11T08:34:41+00:00\" \/>\n<meta property=\"og:image\" content=\"https:\/\/iberoid-shop.com\/wp-content\/uploads\/2019\/11\/halotest.jpg?v=1678120176\" \/>\n\t<meta property=\"og:image:width\" content=\"465\" \/>\n\t<meta property=\"og:image:height\" content=\"290\" \/>\n\t<meta property=\"og:image:type\" content=\"image\/jpeg\" \/>\n<meta name=\"twitter:card\" content=\"summary_large_image\" \/>\n<meta name=\"twitter:label1\" content=\"pre\u00e7o\" \/>\n\t<meta name=\"twitter:data1\" content=\"&euro;180.00\" \/>\n\t<meta name=\"twitter:label2\" content=\"Disponibilidade\" \/>\n\t<meta name=\"twitter:data2\" content=\"Esgotado\" \/>\n<script type=\"application\/ld+json\" class=\"yoast-schema-graph\">{\"@context\":\"https:\/\/schema.org\",\"@graph\":[{\"@type\":\"WebPage\",\"@id\":\"https:\/\/iberoid-shop.com\/pt\/product\/halotest\/\",\"url\":\"https:\/\/iberoid-shop.com\/pt\/product\/halotest\/\",\"name\":\"Halotest - Ester\u00f3ides Online\",\"isPartOf\":{\"@id\":\"https:\/\/iberoid-shop.com\/pt\/#website\"},\"primaryImageOfPage\":{\"@id\":\"https:\/\/iberoid-shop.com\/pt\/product\/halotest\/#primaryimage\"},\"image\":{\"@id\":\"https:\/\/iberoid-shop.com\/pt\/product\/halotest\/#primaryimage\"},\"thumbnailUrl\":\"https:\/\/iberoid-shop.com\/wp-content\/uploads\/2019\/11\/halotest.jpg?v=1678120176\",\"datePublished\":\"2019-11-19T20:31:56+00:00\",\"dateModified\":\"2023-01-11T08:34:41+00:00\",\"description\":\"Este \u00e9 um ester\u00f3ide oral com fortes efeitos androg\u00eanicos e anab\u00f3licos.\",\"breadcrumb\":{\"@id\":\"https:\/\/iberoid-shop.com\/pt\/product\/halotest\/#breadcrumb\"},\"inLanguage\":\"pt-PT\",\"potentialAction\":[{\"@type\":\"ReadAction\",\"target\":[[\"https:\/\/iberoid-shop.com\/pt\/product\/halotest\/\"]]}]},{\"@type\":\"ImageObject\",\"inLanguage\":\"pt-PT\",\"@id\":\"https:\/\/iberoid-shop.com\/pt\/product\/halotest\/#primaryimage\",\"url\":\"https:\/\/iberoid-shop.com\/wp-content\/uploads\/2019\/11\/halotest.jpg?v=1678120176\",\"contentUrl\":\"https:\/\/iberoid-shop.com\/wp-content\/uploads\/2019\/11\/halotest.jpg?v=1678120176\",\"width\":465,\"height\":290},{\"@type\":\"BreadcrumbList\",\"@id\":\"https:\/\/iberoid-shop.com\/pt\/product\/halotest\/#breadcrumb\",\"itemListElement\":[{\"@type\":\"ListItem\",\"position\":1,\"name\":\"Portada\",\"item\":\"https:\/\/iberoid-shop.com\/pt\/\"},{\"@type\":\"ListItem\",\"position\":2,\"name\":\"Loja\",\"item\":\"https:\/\/iberoid-shop.com\/pt\/shop\/\"},{\"@type\":\"ListItem\",\"position\":3,\"name\":\"Halotest\"}]},{\"@type\":\"WebSite\",\"@id\":\"https:\/\/iberoid-shop.com\/pt\/#website\",\"url\":\"https:\/\/iberoid-shop.com\/pt\/\",\"name\":\"Ester\u00f3ides Online\",\"description\":\"Compre ester\u00f3ides online hoje em Espanha e Portugal. Temos o melhor servi\u00e7o ao cliente do setor e produtos da mais alta qualidade\",\"potentialAction\":[{\"@type\":\"SearchAction\",\"target\":{\"@type\":\"EntryPoint\",\"urlTemplate\":\"https:\/\/iberoid-shop.com\/pt\/?s={search_term_string}\"},\"query-input\":{\"@type\":\"PropertyValueSpecification\",\"valueRequired\":true,\"valueName\":\"search_term_string\"}}],\"inLanguage\":\"pt-PT\"}]}<\/script>\n<meta property=\"product:brand\" content=\"Balkan Pharmaceuticals\" \/>\n<meta property=\"product:price:amount\" content=\"180.00\" \/>\n<meta property=\"product:price:currency\" content=\"EUR\" \/>\n<meta property=\"og:availability\" content=\"out of stock\" \/>\n<meta property=\"product:availability\" content=\"out of stock\" \/>\n<meta property=\"product:condition\" content=\"new\" \/>\n<!-- \/ Yoast SEO Premium plugin. -->","yoast_head_json":{"title":"Halotest - Ester\u00f3ides Online","description":"Este \u00e9 um ester\u00f3ide oral com fortes efeitos androg\u00eanicos e anab\u00f3licos.","robots":{"index":"index","follow":"follow","max-snippet":"max-snippet:-1","max-image-preview":"max-image-preview:large","max-video-preview":"max-video-preview:-1"},"canonical":"https:\/\/iberoid-shop.com\/pt\/product\/halotest\/","og_locale":"pt_PT","og_type":"article","og_title":"Halotest","og_description":"Este \u00e9 um ester\u00f3ide oral com fortes efeitos androg\u00eanicos e anab\u00f3licos.","og_url":"https:\/\/iberoid-shop.com\/pt\/product\/halotest\/","og_site_name":"Ester\u00f3ides Online","article_modified_time":"2023-01-11T08:34:41+00:00","og_image":[{"width":465,"height":290,"url":"https:\/\/iberoid-shop.com\/wp-content\/uploads\/2019\/11\/halotest.jpg?v=1678120176","type":"image\/jpeg"}],"twitter_card":"summary_large_image","twitter_misc":{"pre\u00e7o":"&euro;180.00","Disponibilidade":"Esgotado"},"schema":{"@context":"https:\/\/schema.org","@graph":[{"@type":"WebPage","@id":"https:\/\/iberoid-shop.com\/pt\/product\/halotest\/","url":"https:\/\/iberoid-shop.com\/pt\/product\/halotest\/","name":"Halotest - Ester\u00f3ides Online","isPartOf":{"@id":"https:\/\/iberoid-shop.com\/pt\/#website"},"primaryImageOfPage":{"@id":"https:\/\/iberoid-shop.com\/pt\/product\/halotest\/#primaryimage"},"image":{"@id":"https:\/\/iberoid-shop.com\/pt\/product\/halotest\/#primaryimage"},"thumbnailUrl":"https:\/\/iberoid-shop.com\/wp-content\/uploads\/2019\/11\/halotest.jpg?v=1678120176","datePublished":"2019-11-19T20:31:56+00:00","dateModified":"2023-01-11T08:34:41+00:00","description":"Este \u00e9 um ester\u00f3ide oral com fortes efeitos androg\u00eanicos e anab\u00f3licos.","breadcrumb":{"@id":"https:\/\/iberoid-shop.com\/pt\/product\/halotest\/#breadcrumb"},"inLanguage":"pt-PT","potentialAction":[{"@type":"ReadAction","target":[["https:\/\/iberoid-shop.com\/pt\/product\/halotest\/"]]}]},{"@type":"ImageObject","inLanguage":"pt-PT","@id":"https:\/\/iberoid-shop.com\/pt\/product\/halotest\/#primaryimage","url":"https:\/\/iberoid-shop.com\/wp-content\/uploads\/2019\/11\/halotest.jpg?v=1678120176","contentUrl":"https:\/\/iberoid-shop.com\/wp-content\/uploads\/2019\/11\/halotest.jpg?v=1678120176","width":465,"height":290},{"@type":"BreadcrumbList","@id":"https:\/\/iberoid-shop.com\/pt\/product\/halotest\/#breadcrumb","itemListElement":[{"@type":"ListItem","position":1,"name":"Portada","item":"https:\/\/iberoid-shop.com\/pt\/"},{"@type":"ListItem","position":2,"name":"Loja","item":"https:\/\/iberoid-shop.com\/pt\/shop\/"},{"@type":"ListItem","position":3,"name":"Halotest"}]},{"@type":"WebSite","@id":"https:\/\/iberoid-shop.com\/pt\/#website","url":"https:\/\/iberoid-shop.com\/pt\/","name":"Ester\u00f3ides Online","description":"Compre ester\u00f3ides online hoje em Espanha e Portugal. Temos o melhor servi\u00e7o ao cliente do setor e produtos da mais alta qualidade","potentialAction":[{"@type":"SearchAction","target":{"@type":"EntryPoint","urlTemplate":"https:\/\/iberoid-shop.com\/pt\/?s={search_term_string}"},"query-input":{"@type":"PropertyValueSpecification","valueRequired":true,"valueName":"search_term_string"}}],"inLanguage":"pt-PT"}]},"product_brand":"Balkan Pharmaceuticals","product_price_amount":"180.00","product_price_currency":"EUR","og_availability":"out of stock","product_availability":"out of stock","product_condition":"new"},"_links":{"self":[{"href":"https:\/\/iberoid-shop.com\/pt\/wp-json\/wp\/v2\/product\/3004","targetHints":{"allow":["GET"]}}],"collection":[{"href":"https:\/\/iberoid-shop.com\/pt\/wp-json\/wp\/v2\/product"}],"about":[{"href":"https:\/\/iberoid-shop.com\/pt\/wp-json\/wp\/v2\/types\/product"}],"replies":[{"embeddable":true,"href":"https:\/\/iberoid-shop.com\/pt\/wp-json\/wp\/v2\/comments?post=3004"}],"wp:featuredmedia":[{"embeddable":true,"href":"https:\/\/iberoid-shop.com\/pt\/wp-json\/wp\/v2\/media\/3006"}],"wp:attachment":[{"href":"https:\/\/iberoid-shop.com\/pt\/wp-json\/wp\/v2\/media?parent=3004"}],"wp:term":[{"taxonomy":"product_brand","embeddable":true,"href":"https:\/\/iberoid-shop.com\/pt\/wp-json\/wp\/v2\/product_brand?post=3004"},{"taxonomy":"product_cat","embeddable":true,"href":"https:\/\/iberoid-shop.com\/pt\/wp-json\/wp\/v2\/product_cat?post=3004"},{"taxonomy":"product_tag","embeddable":true,"href":"https:\/\/iberoid-shop.com\/pt\/wp-json\/wp\/v2\/product_tag?post=3004"}],"curies":[{"name":"wp","href":"https:\/\/api.w.org\/{rel}","templated":true}]}}