{"id":3000,"date":"2019-11-19T20:28:27","date_gmt":"2019-11-19T20:28:27","guid":{"rendered":"https:\/\/iberoid-shop.com\/?post_type=product&#038;p=3000"},"modified":"2023-11-04T12:29:48","modified_gmt":"2023-11-04T12:29:48","slug":"fenandrol","status":"publish","type":"product","link":"https:\/\/iberoid-shop.com\/pt\/product\/fenandrol\/","title":{"rendered":"FENANDROL\/BALKAN\/10 AMPOLLAS"},"content":{"rendered":"<p>O fenilpropionato de nandrolona, \u200b\u200bou fenpropionato de nandrolona, \u200b\u200bvendido sob a marca Durabolin, entre outros, \u00e9 um medicamento androg\u00eanico e ester\u00f3ide anab\u00f3lico que tem sido usado principalmente no tratamento de c\u00e2ncer de mama e osteoporose em mulheres.<\/p>\n<p>Com base na fun\u00e7\u00e3o do horm\u00f4nio, o fenilpropionato de nandrolona \u00e9 id\u00eantico ao decanoato de nandrolona. Ambas as formas s\u00e3o compostas do mesmo horm\u00f4nio ativo. No caso do fenilpropionato de nandrolona, \u200b\u200btemos uma vers\u00e3o mais curta do \u00e9ster que produz uma explos\u00e3o maior de nandrolona ap\u00f3s a inje\u00e7\u00e3o, mas tamb\u00e9m possui uma meia-vida muito menor. Isso significa que o fenilpropionato de nandrolona deve ser injetado com mais frequ\u00eancia do que seu equivalente de \u00e9ster maior, para que os n\u00edveis sangu\u00edneos permane\u00e7am est\u00e1veis.<\/p>\n<p>O fenilpropionato de nandrolona tamb\u00e9m \u00e9 significativamente menos estrog\u00eanico que a testosterona. Tanto o nandrolona quanto a testosterona aromatizam, mas o nandrolona apenas o faz em aproximadamente 20% da taxa de testosterona.<\/p>\n<p>O horm\u00f4nio nandrolona \u00e9 um dos ester\u00f3ides anabolizantes mais valiosos de todos; top cinco sem d\u00favida. Medicamente, \u00e9 um horm\u00f4nio incr\u00edvel, embora a vers\u00e3o de Fenilpropionato nunca tenha proporcionado a oportunidade completa de brilhar. Isso n\u00e3o \u00e9 devido \u00e0 sua inferioridade, \u00e9 simplesmente que o mundo da medicina realmente n\u00e3o precisa de mais de um horm\u00f4nio nandrolona e Decanoato \u00e9 simplesmente o escolhido.<\/p>\n<p>Para o usu\u00e1rio de ester\u00f3ides, esse ester\u00f3ide quase pode ser chamado de essencial para um plano de massa fora de temporada. Mas quando analisamos o que ele pode fazer para recuperar e curar, \u00e9 quase uma classe pr\u00f3pria.<\/p>","protected":false},"excerpt":{"rendered":"<p><strong>Nome do produto:<\/strong> Fenandrol<br \/>\n<strong>Subst\u00e2ncia ativa:<\/strong> Propionato de nandrofenil<\/p>\n","protected":false},"featured_media":3002,"comment_status":"open","ping_status":"closed","template":"","meta":[],"product_brand":[],"product_cat":[69],"product_tag":[3473],"class_list":{"0":"post-3000","1":"product","2":"type-product","3":"status-publish","4":"has-post-thumbnail","6":"product_cat-esteroides_inyectables","7":"product_tag-nandrolone-fenil","9":"first","10":"outofstock","11":"shipping-taxable","12":"purchasable","13":"product-type-simple"},"yoast_head":"<!-- This site is optimized with the Yoast SEO Premium plugin v24.4 (Yoast SEO v27.0) - https:\/\/yoast.com\/product\/yoast-seo-premium-wordpress\/ -->\n<title>FENANDROL\/BALKAN\/10 AMPOLLAS - Ester\u00f3ides Online<\/title>\n<meta name=\"description\" content=\"O fenilpropionato de nandrolona ou o propionato de nandrolona \u00e9 um medicamento ester\u00f3ide anab\u00f3lico androg\u00eanico que tem sido usado principalmente no tratamento de c\u00e2ncer de mama e osteoporose em mulheres.\" \/>\n<meta name=\"robots\" content=\"index, follow, max-snippet:-1, max-image-preview:large, max-video-preview:-1\" \/>\n<link rel=\"canonical\" href=\"https:\/\/iberoid-shop.com\/pt\/product\/fenandrol\/\" \/>\n<meta property=\"og:locale\" content=\"pt_PT\" \/>\n<meta property=\"og:type\" content=\"article\" \/>\n<meta property=\"og:title\" content=\"FENANDROL\/BALKAN\/10 AMPOLLAS\" \/>\n<meta property=\"og:description\" content=\"O fenilpropionato de nandrolona ou o propionato de nandrolona \u00e9 um medicamento ester\u00f3ide anab\u00f3lico androg\u00eanico que tem sido usado principalmente no tratamento de c\u00e2ncer de mama e osteoporose em mulheres.\" \/>\n<meta property=\"og:url\" content=\"https:\/\/iberoid-shop.com\/pt\/product\/fenandrol\/\" \/>\n<meta property=\"og:site_name\" content=\"Ester\u00f3ides Online\" \/>\n<meta property=\"article:modified_time\" content=\"2023-11-04T12:29:48+00:00\" \/>\n<meta property=\"og:image\" content=\"https:\/\/iberoid-shop.com\/wp-content\/uploads\/2019\/11\/fenandrol.jpg?v=1678120177\" \/>\n\t<meta property=\"og:image:width\" content=\"800\" \/>\n\t<meta property=\"og:image:height\" content=\"629\" \/>\n\t<meta property=\"og:image:type\" content=\"image\/jpeg\" \/>\n<meta name=\"twitter:card\" content=\"summary_large_image\" \/>\n<meta name=\"twitter:label1\" content=\"pre\u00e7o\" \/>\n\t<meta name=\"twitter:data1\" content=\"&euro;50.00\" \/>\n\t<meta name=\"twitter:label2\" content=\"Disponibilidade\" \/>\n\t<meta name=\"twitter:data2\" content=\"Esgotado\" \/>\n<script type=\"application\/ld+json\" class=\"yoast-schema-graph\">{\"@context\":\"https:\/\/schema.org\",\"@graph\":[{\"@type\":\"WebPage\",\"@id\":\"https:\/\/iberoid-shop.com\/pt\/product\/fenandrol\/\",\"url\":\"https:\/\/iberoid-shop.com\/pt\/product\/fenandrol\/\",\"name\":\"FENANDROL\/BALKAN\/10 AMPOLLAS - Ester\u00f3ides Online\",\"isPartOf\":{\"@id\":\"https:\/\/iberoid-shop.com\/pt\/#website\"},\"primaryImageOfPage\":{\"@id\":\"https:\/\/iberoid-shop.com\/pt\/product\/fenandrol\/#primaryimage\"},\"image\":{\"@id\":\"https:\/\/iberoid-shop.com\/pt\/product\/fenandrol\/#primaryimage\"},\"thumbnailUrl\":\"https:\/\/iberoid-shop.com\/wp-content\/uploads\/2019\/11\/fenandrol.jpg?v=1678120177\",\"datePublished\":\"2019-11-19T20:28:27+00:00\",\"dateModified\":\"2023-11-04T12:29:48+00:00\",\"description\":\"O fenilpropionato de nandrolona ou o propionato de nandrolona \u00e9 um medicamento ester\u00f3ide anab\u00f3lico androg\u00eanico que tem sido usado principalmente no tratamento de c\u00e2ncer de mama e osteoporose em mulheres.\",\"breadcrumb\":{\"@id\":\"https:\/\/iberoid-shop.com\/pt\/product\/fenandrol\/#breadcrumb\"},\"inLanguage\":\"pt-PT\",\"potentialAction\":[{\"@type\":\"ReadAction\",\"target\":[[\"https:\/\/iberoid-shop.com\/pt\/product\/fenandrol\/\"]]}]},{\"@type\":\"ImageObject\",\"inLanguage\":\"pt-PT\",\"@id\":\"https:\/\/iberoid-shop.com\/pt\/product\/fenandrol\/#primaryimage\",\"url\":\"https:\/\/iberoid-shop.com\/wp-content\/uploads\/2019\/11\/fenandrol.jpg?v=1678120177\",\"contentUrl\":\"https:\/\/iberoid-shop.com\/wp-content\/uploads\/2019\/11\/fenandrol.jpg?v=1678120177\",\"width\":800,\"height\":629,\"caption\":\"Fenandrol - Propionato de nandrofenil\"},{\"@type\":\"BreadcrumbList\",\"@id\":\"https:\/\/iberoid-shop.com\/pt\/product\/fenandrol\/#breadcrumb\",\"itemListElement\":[{\"@type\":\"ListItem\",\"position\":1,\"name\":\"Portada\",\"item\":\"https:\/\/iberoid-shop.com\/pt\/\"},{\"@type\":\"ListItem\",\"position\":2,\"name\":\"Loja\",\"item\":\"https:\/\/iberoid-shop.com\/pt\/shop\/\"},{\"@type\":\"ListItem\",\"position\":3,\"name\":\"FENANDROL\/BALKAN\/10 AMPOLLAS\"}]},{\"@type\":\"WebSite\",\"@id\":\"https:\/\/iberoid-shop.com\/pt\/#website\",\"url\":\"https:\/\/iberoid-shop.com\/pt\/\",\"name\":\"Ester\u00f3ides Online\",\"description\":\"Compre ester\u00f3ides online hoje em Espanha e Portugal. Temos o melhor servi\u00e7o ao cliente do setor e produtos da mais alta qualidade\",\"potentialAction\":[{\"@type\":\"SearchAction\",\"target\":{\"@type\":\"EntryPoint\",\"urlTemplate\":\"https:\/\/iberoid-shop.com\/pt\/?s={search_term_string}\"},\"query-input\":{\"@type\":\"PropertyValueSpecification\",\"valueRequired\":true,\"valueName\":\"search_term_string\"}}],\"inLanguage\":\"pt-PT\"}]}<\/script>\n<meta property=\"product:brand\" content=\"Balkan Pharmaceuticals\" \/>\n<meta property=\"product:price:amount\" content=\"50.00\" \/>\n<meta property=\"product:price:currency\" content=\"EUR\" \/>\n<meta property=\"og:availability\" content=\"out of stock\" \/>\n<meta property=\"product:availability\" content=\"out of stock\" \/>\n<meta property=\"product:condition\" content=\"new\" \/>\n<!-- \/ Yoast SEO Premium plugin. -->","yoast_head_json":{"title":"FENANDROL\/BALKAN\/10 AMPOLLAS - Ester\u00f3ides Online","description":"O fenilpropionato de nandrolona ou o propionato de nandrolona \u00e9 um medicamento ester\u00f3ide anab\u00f3lico androg\u00eanico que tem sido usado principalmente no tratamento de c\u00e2ncer de mama e osteoporose em mulheres.","robots":{"index":"index","follow":"follow","max-snippet":"max-snippet:-1","max-image-preview":"max-image-preview:large","max-video-preview":"max-video-preview:-1"},"canonical":"https:\/\/iberoid-shop.com\/pt\/product\/fenandrol\/","og_locale":"pt_PT","og_type":"article","og_title":"FENANDROL\/BALKAN\/10 AMPOLLAS","og_description":"O fenilpropionato de nandrolona ou o propionato de nandrolona \u00e9 um medicamento ester\u00f3ide anab\u00f3lico androg\u00eanico que tem sido usado principalmente no tratamento de c\u00e2ncer de mama e osteoporose em mulheres.","og_url":"https:\/\/iberoid-shop.com\/pt\/product\/fenandrol\/","og_site_name":"Ester\u00f3ides Online","article_modified_time":"2023-11-04T12:29:48+00:00","og_image":[{"width":800,"height":629,"url":"https:\/\/iberoid-shop.com\/wp-content\/uploads\/2019\/11\/fenandrol.jpg?v=1678120177","type":"image\/jpeg"}],"twitter_card":"summary_large_image","twitter_misc":{"pre\u00e7o":"&euro;50.00","Disponibilidade":"Esgotado"},"schema":{"@context":"https:\/\/schema.org","@graph":[{"@type":"WebPage","@id":"https:\/\/iberoid-shop.com\/pt\/product\/fenandrol\/","url":"https:\/\/iberoid-shop.com\/pt\/product\/fenandrol\/","name":"FENANDROL\/BALKAN\/10 AMPOLLAS - Ester\u00f3ides Online","isPartOf":{"@id":"https:\/\/iberoid-shop.com\/pt\/#website"},"primaryImageOfPage":{"@id":"https:\/\/iberoid-shop.com\/pt\/product\/fenandrol\/#primaryimage"},"image":{"@id":"https:\/\/iberoid-shop.com\/pt\/product\/fenandrol\/#primaryimage"},"thumbnailUrl":"https:\/\/iberoid-shop.com\/wp-content\/uploads\/2019\/11\/fenandrol.jpg?v=1678120177","datePublished":"2019-11-19T20:28:27+00:00","dateModified":"2023-11-04T12:29:48+00:00","description":"O fenilpropionato de nandrolona ou o propionato de nandrolona \u00e9 um medicamento ester\u00f3ide anab\u00f3lico androg\u00eanico que tem sido usado principalmente no tratamento de c\u00e2ncer de mama e osteoporose em mulheres.","breadcrumb":{"@id":"https:\/\/iberoid-shop.com\/pt\/product\/fenandrol\/#breadcrumb"},"inLanguage":"pt-PT","potentialAction":[{"@type":"ReadAction","target":[["https:\/\/iberoid-shop.com\/pt\/product\/fenandrol\/"]]}]},{"@type":"ImageObject","inLanguage":"pt-PT","@id":"https:\/\/iberoid-shop.com\/pt\/product\/fenandrol\/#primaryimage","url":"https:\/\/iberoid-shop.com\/wp-content\/uploads\/2019\/11\/fenandrol.jpg?v=1678120177","contentUrl":"https:\/\/iberoid-shop.com\/wp-content\/uploads\/2019\/11\/fenandrol.jpg?v=1678120177","width":800,"height":629,"caption":"Fenandrol - Propionato de nandrofenil"},{"@type":"BreadcrumbList","@id":"https:\/\/iberoid-shop.com\/pt\/product\/fenandrol\/#breadcrumb","itemListElement":[{"@type":"ListItem","position":1,"name":"Portada","item":"https:\/\/iberoid-shop.com\/pt\/"},{"@type":"ListItem","position":2,"name":"Loja","item":"https:\/\/iberoid-shop.com\/pt\/shop\/"},{"@type":"ListItem","position":3,"name":"FENANDROL\/BALKAN\/10 AMPOLLAS"}]},{"@type":"WebSite","@id":"https:\/\/iberoid-shop.com\/pt\/#website","url":"https:\/\/iberoid-shop.com\/pt\/","name":"Ester\u00f3ides Online","description":"Compre ester\u00f3ides online hoje em Espanha e Portugal. Temos o melhor servi\u00e7o ao cliente do setor e produtos da mais alta qualidade","potentialAction":[{"@type":"SearchAction","target":{"@type":"EntryPoint","urlTemplate":"https:\/\/iberoid-shop.com\/pt\/?s={search_term_string}"},"query-input":{"@type":"PropertyValueSpecification","valueRequired":true,"valueName":"search_term_string"}}],"inLanguage":"pt-PT"}]},"product_brand":"Balkan Pharmaceuticals","product_price_amount":"50.00","product_price_currency":"EUR","og_availability":"out of stock","product_availability":"out of stock","product_condition":"new"},"_links":{"self":[{"href":"https:\/\/iberoid-shop.com\/pt\/wp-json\/wp\/v2\/product\/3000","targetHints":{"allow":["GET"]}}],"collection":[{"href":"https:\/\/iberoid-shop.com\/pt\/wp-json\/wp\/v2\/product"}],"about":[{"href":"https:\/\/iberoid-shop.com\/pt\/wp-json\/wp\/v2\/types\/product"}],"replies":[{"embeddable":true,"href":"https:\/\/iberoid-shop.com\/pt\/wp-json\/wp\/v2\/comments?post=3000"}],"wp:featuredmedia":[{"embeddable":true,"href":"https:\/\/iberoid-shop.com\/pt\/wp-json\/wp\/v2\/media\/3002"}],"wp:attachment":[{"href":"https:\/\/iberoid-shop.com\/pt\/wp-json\/wp\/v2\/media?parent=3000"}],"wp:term":[{"taxonomy":"product_brand","embeddable":true,"href":"https:\/\/iberoid-shop.com\/pt\/wp-json\/wp\/v2\/product_brand?post=3000"},{"taxonomy":"product_cat","embeddable":true,"href":"https:\/\/iberoid-shop.com\/pt\/wp-json\/wp\/v2\/product_cat?post=3000"},{"taxonomy":"product_tag","embeddable":true,"href":"https:\/\/iberoid-shop.com\/pt\/wp-json\/wp\/v2\/product_tag?post=3000"}],"curies":[{"name":"wp","href":"https:\/\/api.w.org\/{rel}","templated":true}]}}