{"id":2992,"date":"2019-11-19T20:08:20","date_gmt":"2019-11-19T20:08:20","guid":{"rendered":"https:\/\/iberoid-shop.com\/?post_type=product&#038;p=2992"},"modified":"2022-12-19T18:01:50","modified_gmt":"2022-12-19T18:01:50","slug":"decandrol","status":"publish","type":"product","link":"https:\/\/iberoid-shop.com\/pt\/product\/decandrol\/","title":{"rendered":"Decandrol BALKAN NEW LINE"},"content":{"rendered":"<p>O novo nome para o nandrolona D \u00e9 Decandrol.<\/p>\n<p>O nandrolona D \u00e9 um ester\u00f3ide injet\u00e1vel que cont\u00e9m a subst\u00e2ncia ativa decanoato de nandrolona.<\/p>\n<p>A\u00e7\u00e3o: &#8211; possui forte efeito anab\u00f3lico e androg\u00eanio m\u00e9dio, o que leva ao crescimento muscular sem efeitos colaterais androg\u00eanicos ou estrog\u00eanicos.<\/p>\n<p>&#8211; Tamb\u00e9m atua sobre as articula\u00e7\u00f5es, protegendo-as e restaurando-as, absorvendo minerais ao n\u00edvel do test\u00edculo \u00f3sseo e aumentando a s\u00edntese de col\u00e1geno.<\/p>\n<p>Resultados: &#8211; massa e for\u00e7a muscular sem efeitos colaterais androg\u00eanicos e estrog\u00eanicos.<\/p>\n<p>Dose ideal: 200-600 mg \/ semana.<\/p>\n<p>Dura\u00e7\u00e3o do ciclo: 10-12 semanas<\/p>\n<p>Tempo de detec\u00e7\u00e3o: 18 meses<\/p>\n<p>Ciclos: Combina perfeitamente em ciclos com Testosterona Enantat, Sustamed e Danabol.<\/p>","protected":false},"excerpt":{"rendered":"<p><strong>Quantidade:<\/strong> frascos de 1 ml<\/p>\n<p><strong>Concentra\u00e7\u00e3o:<\/strong> 200 mg \/ ml<\/p>\n<p><strong>Subst\u00e2ncia:<\/strong> Nandrolona Decanoat<\/p>\n","protected":false},"featured_media":2994,"comment_status":"open","ping_status":"closed","template":"","meta":[],"product_brand":[],"product_cat":[69],"product_tag":[],"class_list":{"0":"post-2992","1":"product","2":"type-product","3":"status-publish","4":"has-post-thumbnail","6":"product_cat-esteroides_inyectables","8":"first","9":"outofstock","10":"shipping-taxable","11":"purchasable","12":"product-type-simple"},"yoast_head":"<!-- This site is optimized with the Yoast SEO Premium plugin v24.4 (Yoast SEO v27.3) - https:\/\/yoast.com\/product\/yoast-seo-premium-wordpress\/ -->\n<title>Decandrol BALKAN NEW LINE - Ester\u00f3ides Online<\/title>\n<meta name=\"description\" content=\"O novo nome para o nandrolona D \u00e9 Decandrol.O nandrolona D \u00e9 um ester\u00f3ide injet\u00e1vel que cont\u00e9m a subst\u00e2ncia ativa decanoato de nandrolona.A\u00e7\u00e3o: - possui forte efeito anab\u00f3lico e androg\u00eanio m\u00e9dio, o que leva ao crescimento muscular sem efeitos colaterais androg\u00eanicos ou estrog\u00eanicos.- Tamb\u00e9m atua sobre as articula\u00e7\u00f5es, protegendo-as e restaurando-as, absorvendo minerais ao n\u00edvel do test\u00edculo \u00f3sseo e aumentando a s\u00edntese de col\u00e1geno.Resultados: - massa e for\u00e7a muscular sem efeitos colaterais androg\u00eanicos e estrog\u00eanicos.Dose ideal: 200-600 mg \/ semana.Dura\u00e7\u00e3o do ciclo: 10-12 semanasTempo de detec\u00e7\u00e3o: 18 mesesCiclos: Combina perfeitamente em ciclos com Testosterona Enantat, Sustamed e Danabol.\" \/>\n<meta name=\"robots\" content=\"index, follow, max-snippet:-1, max-image-preview:large, max-video-preview:-1\" \/>\n<link rel=\"canonical\" href=\"https:\/\/iberoid-shop.com\/pt\/product\/decandrol\/\" \/>\n<meta property=\"og:locale\" content=\"pt_PT\" \/>\n<meta property=\"og:type\" content=\"article\" \/>\n<meta property=\"og:title\" content=\"Decandrol BALKAN NEW LINE\" \/>\n<meta property=\"og:description\" content=\"O novo nome para o nandrolona D \u00e9 Decandrol.O nandrolona D \u00e9 um ester\u00f3ide injet\u00e1vel que cont\u00e9m a subst\u00e2ncia ativa decanoato de nandrolona.A\u00e7\u00e3o: - possui forte efeito anab\u00f3lico e androg\u00eanio m\u00e9dio, o que leva ao crescimento muscular sem efeitos colaterais androg\u00eanicos ou estrog\u00eanicos.- Tamb\u00e9m atua sobre as articula\u00e7\u00f5es, protegendo-as e restaurando-as, absorvendo minerais ao n\u00edvel do test\u00edculo \u00f3sseo e aumentando a s\u00edntese de col\u00e1geno.Resultados: - massa e for\u00e7a muscular sem efeitos colaterais androg\u00eanicos e estrog\u00eanicos.Dose ideal: 200-600 mg \/ semana.Dura\u00e7\u00e3o do ciclo: 10-12 semanasTempo de detec\u00e7\u00e3o: 18 mesesCiclos: Combina perfeitamente em ciclos com Testosterona Enantat, Sustamed e Danabol.\" \/>\n<meta property=\"og:url\" content=\"https:\/\/iberoid-shop.com\/pt\/product\/decandrol\/\" \/>\n<meta property=\"og:site_name\" content=\"Ester\u00f3ides Online\" \/>\n<meta property=\"article:modified_time\" content=\"2022-12-19T18:01:50+00:00\" \/>\n<meta property=\"og:image\" content=\"https:\/\/iberoid-shop.com\/wp-content\/uploads\/2019\/11\/decandrol.jpg?v=1678120179\" \/>\n\t<meta property=\"og:image:width\" content=\"706\" \/>\n\t<meta property=\"og:image:height\" content=\"706\" \/>\n\t<meta property=\"og:image:type\" content=\"image\/jpeg\" \/>\n<meta name=\"twitter:card\" content=\"summary_large_image\" \/>\n<meta name=\"twitter:label1\" content=\"pre\u00e7o\" \/>\n\t<meta name=\"twitter:data1\" content=\"&euro;60.00\" \/>\n\t<meta name=\"twitter:label2\" content=\"Disponibilidade\" \/>\n\t<meta name=\"twitter:data2\" content=\"Esgotado\" \/>\n<script type=\"application\/ld+json\" class=\"yoast-schema-graph\">{\"@context\":\"https:\\\/\\\/schema.org\",\"@graph\":[{\"@type\":\"WebPage\",\"@id\":\"https:\\\/\\\/iberoid-shop.com\\\/pt\\\/product\\\/decandrol\\\/\",\"url\":\"https:\\\/\\\/iberoid-shop.com\\\/pt\\\/product\\\/decandrol\\\/\",\"name\":\"Decandrol BALKAN NEW LINE - Ester\u00f3ides Online\",\"isPartOf\":{\"@id\":\"https:\\\/\\\/iberoid-shop.com\\\/pt\\\/#website\"},\"primaryImageOfPage\":{\"@id\":\"https:\\\/\\\/iberoid-shop.com\\\/pt\\\/product\\\/decandrol\\\/#primaryimage\"},\"image\":{\"@id\":\"https:\\\/\\\/iberoid-shop.com\\\/pt\\\/product\\\/decandrol\\\/#primaryimage\"},\"thumbnailUrl\":\"https:\\\/\\\/iberoid-shop.com\\\/wp-content\\\/uploads\\\/2019\\\/11\\\/decandrol.jpg?v=1678120179\",\"datePublished\":\"2019-11-19T20:08:20+00:00\",\"dateModified\":\"2022-12-19T18:01:50+00:00\",\"description\":\"O novo nome para o nandrolona D \u00e9 Decandrol.O nandrolona D \u00e9 um ester\u00f3ide injet\u00e1vel que cont\u00e9m a subst\u00e2ncia ativa decanoato de nandrolona.A\u00e7\u00e3o: - possui forte efeito anab\u00f3lico e androg\u00eanio m\u00e9dio, o que leva ao crescimento muscular sem efeitos colaterais androg\u00eanicos ou estrog\u00eanicos.- Tamb\u00e9m atua sobre as articula\u00e7\u00f5es, protegendo-as e restaurando-as, absorvendo minerais ao n\u00edvel do test\u00edculo \u00f3sseo e aumentando a s\u00edntese de col\u00e1geno.Resultados: - massa e for\u00e7a muscular sem efeitos colaterais androg\u00eanicos e estrog\u00eanicos.Dose ideal: 200-600 mg \\\/ semana.Dura\u00e7\u00e3o do ciclo: 10-12 semanasTempo de detec\u00e7\u00e3o: 18 mesesCiclos: Combina perfeitamente em ciclos com Testosterona Enantat, Sustamed e Danabol.\",\"breadcrumb\":{\"@id\":\"https:\\\/\\\/iberoid-shop.com\\\/pt\\\/product\\\/decandrol\\\/#breadcrumb\"},\"inLanguage\":\"pt-PT\",\"potentialAction\":[{\"@type\":\"ReadAction\",\"target\":[[\"https:\\\/\\\/iberoid-shop.com\\\/pt\\\/product\\\/decandrol\\\/\"]]}]},{\"@type\":\"ImageObject\",\"inLanguage\":\"pt-PT\",\"@id\":\"https:\\\/\\\/iberoid-shop.com\\\/pt\\\/product\\\/decandrol\\\/#primaryimage\",\"url\":\"https:\\\/\\\/iberoid-shop.com\\\/wp-content\\\/uploads\\\/2019\\\/11\\\/decandrol.jpg?v=1678120179\",\"contentUrl\":\"https:\\\/\\\/iberoid-shop.com\\\/wp-content\\\/uploads\\\/2019\\\/11\\\/decandrol.jpg?v=1678120179\",\"width\":706,\"height\":706},{\"@type\":\"BreadcrumbList\",\"@id\":\"https:\\\/\\\/iberoid-shop.com\\\/pt\\\/product\\\/decandrol\\\/#breadcrumb\",\"itemListElement\":[{\"@type\":\"ListItem\",\"position\":1,\"name\":\"Portada\",\"item\":\"https:\\\/\\\/iberoid-shop.com\\\/pt\\\/\"},{\"@type\":\"ListItem\",\"position\":2,\"name\":\"Loja\",\"item\":\"https:\\\/\\\/iberoid-shop.com\\\/pt\\\/shop\\\/\"},{\"@type\":\"ListItem\",\"position\":3,\"name\":\"Decandrol BALKAN NEW LINE\"}]},{\"@type\":\"WebSite\",\"@id\":\"https:\\\/\\\/iberoid-shop.com\\\/pt\\\/#website\",\"url\":\"https:\\\/\\\/iberoid-shop.com\\\/pt\\\/\",\"name\":\"Ester\u00f3ides Online\",\"description\":\"Compre ester\u00f3ides online hoje em Espanha e Portugal. Temos o melhor servi\u00e7o ao cliente do setor e produtos da mais alta qualidade\",\"potentialAction\":[{\"@type\":\"SearchAction\",\"target\":{\"@type\":\"EntryPoint\",\"urlTemplate\":\"https:\\\/\\\/iberoid-shop.com\\\/pt\\\/?s={search_term_string}\"},\"query-input\":{\"@type\":\"PropertyValueSpecification\",\"valueRequired\":true,\"valueName\":\"search_term_string\"}}],\"inLanguage\":\"pt-PT\"}]}<\/script>\n<meta property=\"product:brand\" content=\"Balkan Pharmaceuticals\" \/>\n<meta property=\"product:price:amount\" content=\"60.00\" \/>\n<meta property=\"product:price:currency\" content=\"EUR\" \/>\n<meta property=\"og:availability\" content=\"out of stock\" \/>\n<meta property=\"product:availability\" content=\"out of stock\" \/>\n<meta property=\"product:condition\" content=\"new\" \/>\n<!-- \/ Yoast SEO Premium plugin. -->","yoast_head_json":{"title":"Decandrol BALKAN NEW LINE - Ester\u00f3ides Online","description":"O novo nome para o nandrolona D \u00e9 Decandrol.O nandrolona D \u00e9 um ester\u00f3ide injet\u00e1vel que cont\u00e9m a subst\u00e2ncia ativa decanoato de nandrolona.A\u00e7\u00e3o: - possui forte efeito anab\u00f3lico e androg\u00eanio m\u00e9dio, o que leva ao crescimento muscular sem efeitos colaterais androg\u00eanicos ou estrog\u00eanicos.- Tamb\u00e9m atua sobre as articula\u00e7\u00f5es, protegendo-as e restaurando-as, absorvendo minerais ao n\u00edvel do test\u00edculo \u00f3sseo e aumentando a s\u00edntese de col\u00e1geno.Resultados: - massa e for\u00e7a muscular sem efeitos colaterais androg\u00eanicos e estrog\u00eanicos.Dose ideal: 200-600 mg \/ semana.Dura\u00e7\u00e3o do ciclo: 10-12 semanasTempo de detec\u00e7\u00e3o: 18 mesesCiclos: Combina perfeitamente em ciclos com Testosterona Enantat, Sustamed e Danabol.","robots":{"index":"index","follow":"follow","max-snippet":"max-snippet:-1","max-image-preview":"max-image-preview:large","max-video-preview":"max-video-preview:-1"},"canonical":"https:\/\/iberoid-shop.com\/pt\/product\/decandrol\/","og_locale":"pt_PT","og_type":"article","og_title":"Decandrol BALKAN NEW LINE","og_description":"O novo nome para o nandrolona D \u00e9 Decandrol.O nandrolona D \u00e9 um ester\u00f3ide injet\u00e1vel que cont\u00e9m a subst\u00e2ncia ativa decanoato de nandrolona.A\u00e7\u00e3o: - possui forte efeito anab\u00f3lico e androg\u00eanio m\u00e9dio, o que leva ao crescimento muscular sem efeitos colaterais androg\u00eanicos ou estrog\u00eanicos.- Tamb\u00e9m atua sobre as articula\u00e7\u00f5es, protegendo-as e restaurando-as, absorvendo minerais ao n\u00edvel do test\u00edculo \u00f3sseo e aumentando a s\u00edntese de col\u00e1geno.Resultados: - massa e for\u00e7a muscular sem efeitos colaterais androg\u00eanicos e estrog\u00eanicos.Dose ideal: 200-600 mg \/ semana.Dura\u00e7\u00e3o do ciclo: 10-12 semanasTempo de detec\u00e7\u00e3o: 18 mesesCiclos: Combina perfeitamente em ciclos com Testosterona Enantat, Sustamed e Danabol.","og_url":"https:\/\/iberoid-shop.com\/pt\/product\/decandrol\/","og_site_name":"Ester\u00f3ides Online","article_modified_time":"2022-12-19T18:01:50+00:00","og_image":[{"width":706,"height":706,"url":"https:\/\/iberoid-shop.com\/wp-content\/uploads\/2019\/11\/decandrol.jpg?v=1678120179","type":"image\/jpeg"}],"twitter_card":"summary_large_image","twitter_misc":{"pre\u00e7o":"&euro;60.00","Disponibilidade":"Esgotado"},"schema":{"@context":"https:\/\/schema.org","@graph":[{"@type":"WebPage","@id":"https:\/\/iberoid-shop.com\/pt\/product\/decandrol\/","url":"https:\/\/iberoid-shop.com\/pt\/product\/decandrol\/","name":"Decandrol BALKAN NEW LINE - Ester\u00f3ides Online","isPartOf":{"@id":"https:\/\/iberoid-shop.com\/pt\/#website"},"primaryImageOfPage":{"@id":"https:\/\/iberoid-shop.com\/pt\/product\/decandrol\/#primaryimage"},"image":{"@id":"https:\/\/iberoid-shop.com\/pt\/product\/decandrol\/#primaryimage"},"thumbnailUrl":"https:\/\/iberoid-shop.com\/wp-content\/uploads\/2019\/11\/decandrol.jpg?v=1678120179","datePublished":"2019-11-19T20:08:20+00:00","dateModified":"2022-12-19T18:01:50+00:00","description":"O novo nome para o nandrolona D \u00e9 Decandrol.O nandrolona D \u00e9 um ester\u00f3ide injet\u00e1vel que cont\u00e9m a subst\u00e2ncia ativa decanoato de nandrolona.A\u00e7\u00e3o: - possui forte efeito anab\u00f3lico e androg\u00eanio m\u00e9dio, o que leva ao crescimento muscular sem efeitos colaterais androg\u00eanicos ou estrog\u00eanicos.- Tamb\u00e9m atua sobre as articula\u00e7\u00f5es, protegendo-as e restaurando-as, absorvendo minerais ao n\u00edvel do test\u00edculo \u00f3sseo e aumentando a s\u00edntese de col\u00e1geno.Resultados: - massa e for\u00e7a muscular sem efeitos colaterais androg\u00eanicos e estrog\u00eanicos.Dose ideal: 200-600 mg \/ semana.Dura\u00e7\u00e3o do ciclo: 10-12 semanasTempo de detec\u00e7\u00e3o: 18 mesesCiclos: Combina perfeitamente em ciclos com Testosterona Enantat, Sustamed e Danabol.","breadcrumb":{"@id":"https:\/\/iberoid-shop.com\/pt\/product\/decandrol\/#breadcrumb"},"inLanguage":"pt-PT","potentialAction":[{"@type":"ReadAction","target":[["https:\/\/iberoid-shop.com\/pt\/product\/decandrol\/"]]}]},{"@type":"ImageObject","inLanguage":"pt-PT","@id":"https:\/\/iberoid-shop.com\/pt\/product\/decandrol\/#primaryimage","url":"https:\/\/iberoid-shop.com\/wp-content\/uploads\/2019\/11\/decandrol.jpg?v=1678120179","contentUrl":"https:\/\/iberoid-shop.com\/wp-content\/uploads\/2019\/11\/decandrol.jpg?v=1678120179","width":706,"height":706},{"@type":"BreadcrumbList","@id":"https:\/\/iberoid-shop.com\/pt\/product\/decandrol\/#breadcrumb","itemListElement":[{"@type":"ListItem","position":1,"name":"Portada","item":"https:\/\/iberoid-shop.com\/pt\/"},{"@type":"ListItem","position":2,"name":"Loja","item":"https:\/\/iberoid-shop.com\/pt\/shop\/"},{"@type":"ListItem","position":3,"name":"Decandrol BALKAN NEW LINE"}]},{"@type":"WebSite","@id":"https:\/\/iberoid-shop.com\/pt\/#website","url":"https:\/\/iberoid-shop.com\/pt\/","name":"Ester\u00f3ides Online","description":"Compre ester\u00f3ides online hoje em Espanha e Portugal. Temos o melhor servi\u00e7o ao cliente do setor e produtos da mais alta qualidade","potentialAction":[{"@type":"SearchAction","target":{"@type":"EntryPoint","urlTemplate":"https:\/\/iberoid-shop.com\/pt\/?s={search_term_string}"},"query-input":{"@type":"PropertyValueSpecification","valueRequired":true,"valueName":"search_term_string"}}],"inLanguage":"pt-PT"}]},"product_brand":"Balkan Pharmaceuticals","product_price_amount":"60.00","product_price_currency":"EUR","og_availability":"out of stock","product_availability":"out of stock","product_condition":"new"},"_links":{"self":[{"href":"https:\/\/iberoid-shop.com\/pt\/wp-json\/wp\/v2\/product\/2992","targetHints":{"allow":["GET"]}}],"collection":[{"href":"https:\/\/iberoid-shop.com\/pt\/wp-json\/wp\/v2\/product"}],"about":[{"href":"https:\/\/iberoid-shop.com\/pt\/wp-json\/wp\/v2\/types\/product"}],"replies":[{"embeddable":true,"href":"https:\/\/iberoid-shop.com\/pt\/wp-json\/wp\/v2\/comments?post=2992"}],"wp:featuredmedia":[{"embeddable":true,"href":"https:\/\/iberoid-shop.com\/pt\/wp-json\/wp\/v2\/media\/2994"}],"wp:attachment":[{"href":"https:\/\/iberoid-shop.com\/pt\/wp-json\/wp\/v2\/media?parent=2992"}],"wp:term":[{"taxonomy":"product_brand","embeddable":true,"href":"https:\/\/iberoid-shop.com\/pt\/wp-json\/wp\/v2\/product_brand?post=2992"},{"taxonomy":"product_cat","embeddable":true,"href":"https:\/\/iberoid-shop.com\/pt\/wp-json\/wp\/v2\/product_cat?post=2992"},{"taxonomy":"product_tag","embeddable":true,"href":"https:\/\/iberoid-shop.com\/pt\/wp-json\/wp\/v2\/product_tag?post=2992"}],"curies":[{"name":"wp","href":"https:\/\/api.w.org\/{rel}","templated":true}]}}