{"id":2984,"date":"2019-11-19T19:57:10","date_gmt":"2019-11-19T19:57:10","guid":{"rendered":"https:\/\/iberoid-shop.com\/?post_type=product&#038;p=2984"},"modified":"2025-05-11T13:50:23","modified_gmt":"2025-05-11T13:50:23","slug":"clenbuterol","status":"publish","type":"product","link":"https:\/\/iberoid-shop.com\/pt\/product\/clenbuterol\/","title":{"rendered":"Clenbuterol"},"content":{"rendered":"<p><\/p>\n<p><strong>Clenbuterol<\/strong> \u00e9 o queimador de gordura mais popular, a maioria dos fisiculturistas o usa antes das competi\u00e7\u00f5es para queima de gordura. Na verdade, n\u00e3o \u00e9 um ester\u00f3ide, mas um antagonista beta-2, usado no tratamento da asma.<\/p>\n<p>A\u00e7\u00e3o: &#8211; Atua como as subst\u00e2ncias produzidas naturalmente em nosso corpo, adrenalina e noradrenalina, preparando o corpo para o esfor\u00e7o.<\/p>\n<p>&#8211; atua seletivamente nos receptores beta-2, registrando a diminui\u00e7\u00e3o do apetite, o aumento da temperatura corporal e a taxa do metabolismo.<\/p>\n<p>&#8211; ap\u00f3s cerca de 8 semanas, o efeito termog\u00eanico volta ao normal.<\/p>\n<p>&#8211; as propriedades anti-catab\u00f3licas desaparecem ap\u00f3s 18 dias.<\/p>\n<p>Resultados: &#8211; queima de gordura e manuten\u00e7\u00e3o da massa muscular durante as dietas.<\/p>\n<p>Dose ideal: 20-60 mcg<\/p>\n<p>Dura\u00e7\u00e3o do ciclo: &#8211; cerca de 6 semanas<\/p>\n<p>Efeitos colaterais: &#8211; pessoas que sofrem de doen\u00e7as graves dos rins, f\u00edgado, cora\u00e7\u00e3o SA Evite o uso deste produto !!!<\/p>\n<p><\/p>","protected":false},"excerpt":{"rendered":"<p><strong>Quantidade:<\/strong> 100 comprimidos<\/p>\n<p><strong>Concentra\u00e7\u00e3o:<\/strong> 40 mcg \/ comprimido<\/p>\n<p><strong>Subst\u00e2ncia:<\/strong> Clenbuterol<\/p>\n","protected":false},"featured_media":2986,"comment_status":"open","ping_status":"closed","template":"","meta":[],"product_brand":[],"product_cat":[73],"product_tag":[],"class_list":{"0":"post-2984","1":"product","2":"type-product","3":"status-publish","4":"has-post-thumbnail","6":"product_cat-ssteroides_orales","8":"first","9":"outofstock","10":"sale","11":"shipping-taxable","12":"purchasable","13":"product-type-simple"},"yoast_head":"<!-- This site is optimized with the Yoast SEO Premium plugin v24.4 (Yoast SEO v27.3) - https:\/\/yoast.com\/product\/yoast-seo-premium-wordpress\/ -->\n<title>Clenbuterol - Ester\u00f3ides Online<\/title>\n<meta name=\"description\" content=\"Clenbuterol \u00e9 o queimador de gordura mais popular, a maioria dos fisiculturistas o usa antes das competi\u00e7\u00f5es para queima de gordura.\" \/>\n<meta name=\"robots\" content=\"index, follow, max-snippet:-1, max-image-preview:large, max-video-preview:-1\" \/>\n<link rel=\"canonical\" href=\"https:\/\/iberoid-shop.com\/pt\/product\/clenbuterol\/\" \/>\n<meta property=\"og:locale\" content=\"pt_PT\" \/>\n<meta property=\"og:type\" content=\"article\" \/>\n<meta property=\"og:title\" content=\"Clenbuterol\" \/>\n<meta property=\"og:description\" content=\"Clenbuterol \u00e9 o queimador de gordura mais popular, a maioria dos fisiculturistas o usa antes das competi\u00e7\u00f5es para queima de gordura.\" \/>\n<meta property=\"og:url\" content=\"https:\/\/iberoid-shop.com\/pt\/product\/clenbuterol\/\" \/>\n<meta property=\"og:site_name\" content=\"Ester\u00f3ides Online\" \/>\n<meta property=\"article:modified_time\" content=\"2025-05-11T13:50:23+00:00\" \/>\n<meta property=\"og:image\" content=\"https:\/\/iberoid-shop.com\/wp-content\/uploads\/2019\/11\/clenbuterol.jpg?v=1678120180\" \/>\n\t<meta property=\"og:image:width\" content=\"800\" \/>\n\t<meta property=\"og:image:height\" content=\"493\" \/>\n\t<meta property=\"og:image:type\" content=\"image\/jpeg\" \/>\n<meta name=\"twitter:card\" content=\"summary_large_image\" \/>\n<meta name=\"twitter:label1\" content=\"pre\u00e7o\" \/>\n\t<meta name=\"twitter:data1\" content=\"&euro;30.00\" \/>\n\t<meta name=\"twitter:label2\" content=\"Disponibilidade\" \/>\n\t<meta name=\"twitter:data2\" content=\"Esgotado\" \/>\n<script type=\"application\/ld+json\" class=\"yoast-schema-graph\">{\"@context\":\"https:\\\/\\\/schema.org\",\"@graph\":[{\"@type\":\"WebPage\",\"@id\":\"https:\\\/\\\/iberoid-shop.com\\\/pt\\\/product\\\/clenbuterol\\\/\",\"url\":\"https:\\\/\\\/iberoid-shop.com\\\/pt\\\/product\\\/clenbuterol\\\/\",\"name\":\"Clenbuterol - Ester\u00f3ides Online\",\"isPartOf\":{\"@id\":\"https:\\\/\\\/iberoid-shop.com\\\/pt\\\/#website\"},\"primaryImageOfPage\":{\"@id\":\"https:\\\/\\\/iberoid-shop.com\\\/pt\\\/product\\\/clenbuterol\\\/#primaryimage\"},\"image\":{\"@id\":\"https:\\\/\\\/iberoid-shop.com\\\/pt\\\/product\\\/clenbuterol\\\/#primaryimage\"},\"thumbnailUrl\":\"https:\\\/\\\/iberoid-shop.com\\\/wp-content\\\/uploads\\\/2019\\\/11\\\/clenbuterol.jpg?v=1678120180\",\"datePublished\":\"2019-11-19T19:57:10+00:00\",\"dateModified\":\"2025-05-11T13:50:23+00:00\",\"description\":\"Clenbuterol \u00e9 o queimador de gordura mais popular, a maioria dos fisiculturistas o usa antes das competi\u00e7\u00f5es para queima de gordura.\",\"breadcrumb\":{\"@id\":\"https:\\\/\\\/iberoid-shop.com\\\/pt\\\/product\\\/clenbuterol\\\/#breadcrumb\"},\"inLanguage\":\"pt-PT\",\"potentialAction\":[{\"@type\":\"ReadAction\",\"target\":[[\"https:\\\/\\\/iberoid-shop.com\\\/pt\\\/product\\\/clenbuterol\\\/\"]]}]},{\"@type\":\"ImageObject\",\"inLanguage\":\"pt-PT\",\"@id\":\"https:\\\/\\\/iberoid-shop.com\\\/pt\\\/product\\\/clenbuterol\\\/#primaryimage\",\"url\":\"https:\\\/\\\/iberoid-shop.com\\\/wp-content\\\/uploads\\\/2019\\\/11\\\/clenbuterol.jpg?v=1678120180\",\"contentUrl\":\"https:\\\/\\\/iberoid-shop.com\\\/wp-content\\\/uploads\\\/2019\\\/11\\\/clenbuterol.jpg?v=1678120180\",\"width\":800,\"height\":493},{\"@type\":\"BreadcrumbList\",\"@id\":\"https:\\\/\\\/iberoid-shop.com\\\/pt\\\/product\\\/clenbuterol\\\/#breadcrumb\",\"itemListElement\":[{\"@type\":\"ListItem\",\"position\":1,\"name\":\"Portada\",\"item\":\"https:\\\/\\\/iberoid-shop.com\\\/pt\\\/\"},{\"@type\":\"ListItem\",\"position\":2,\"name\":\"Loja\",\"item\":\"https:\\\/\\\/iberoid-shop.com\\\/pt\\\/shop\\\/\"},{\"@type\":\"ListItem\",\"position\":3,\"name\":\"Clenbuterol\"}]},{\"@type\":\"WebSite\",\"@id\":\"https:\\\/\\\/iberoid-shop.com\\\/pt\\\/#website\",\"url\":\"https:\\\/\\\/iberoid-shop.com\\\/pt\\\/\",\"name\":\"Ester\u00f3ides Online\",\"description\":\"Compre ester\u00f3ides online hoje em Espanha e Portugal. Temos o melhor servi\u00e7o ao cliente do setor e produtos da mais alta qualidade\",\"potentialAction\":[{\"@type\":\"SearchAction\",\"target\":{\"@type\":\"EntryPoint\",\"urlTemplate\":\"https:\\\/\\\/iberoid-shop.com\\\/pt\\\/?s={search_term_string}\"},\"query-input\":{\"@type\":\"PropertyValueSpecification\",\"valueRequired\":true,\"valueName\":\"search_term_string\"}}],\"inLanguage\":\"pt-PT\"}]}<\/script>\n<meta property=\"product:brand\" content=\"Balkan Pharmaceuticals\" \/>\n<meta property=\"product:price:amount\" content=\"30.00\" \/>\n<meta property=\"product:price:currency\" content=\"EUR\" \/>\n<meta property=\"og:availability\" content=\"out of stock\" \/>\n<meta property=\"product:availability\" content=\"out of stock\" \/>\n<meta property=\"product:condition\" content=\"new\" \/>\n<!-- \/ Yoast SEO Premium plugin. -->","yoast_head_json":{"title":"Clenbuterol - Ester\u00f3ides Online","description":"Clenbuterol \u00e9 o queimador de gordura mais popular, a maioria dos fisiculturistas o usa antes das competi\u00e7\u00f5es para queima de gordura.","robots":{"index":"index","follow":"follow","max-snippet":"max-snippet:-1","max-image-preview":"max-image-preview:large","max-video-preview":"max-video-preview:-1"},"canonical":"https:\/\/iberoid-shop.com\/pt\/product\/clenbuterol\/","og_locale":"pt_PT","og_type":"article","og_title":"Clenbuterol","og_description":"Clenbuterol \u00e9 o queimador de gordura mais popular, a maioria dos fisiculturistas o usa antes das competi\u00e7\u00f5es para queima de gordura.","og_url":"https:\/\/iberoid-shop.com\/pt\/product\/clenbuterol\/","og_site_name":"Ester\u00f3ides Online","article_modified_time":"2025-05-11T13:50:23+00:00","og_image":[{"width":800,"height":493,"url":"https:\/\/iberoid-shop.com\/wp-content\/uploads\/2019\/11\/clenbuterol.jpg?v=1678120180","type":"image\/jpeg"}],"twitter_card":"summary_large_image","twitter_misc":{"pre\u00e7o":"&euro;30.00","Disponibilidade":"Esgotado"},"schema":{"@context":"https:\/\/schema.org","@graph":[{"@type":"WebPage","@id":"https:\/\/iberoid-shop.com\/pt\/product\/clenbuterol\/","url":"https:\/\/iberoid-shop.com\/pt\/product\/clenbuterol\/","name":"Clenbuterol - Ester\u00f3ides Online","isPartOf":{"@id":"https:\/\/iberoid-shop.com\/pt\/#website"},"primaryImageOfPage":{"@id":"https:\/\/iberoid-shop.com\/pt\/product\/clenbuterol\/#primaryimage"},"image":{"@id":"https:\/\/iberoid-shop.com\/pt\/product\/clenbuterol\/#primaryimage"},"thumbnailUrl":"https:\/\/iberoid-shop.com\/wp-content\/uploads\/2019\/11\/clenbuterol.jpg?v=1678120180","datePublished":"2019-11-19T19:57:10+00:00","dateModified":"2025-05-11T13:50:23+00:00","description":"Clenbuterol \u00e9 o queimador de gordura mais popular, a maioria dos fisiculturistas o usa antes das competi\u00e7\u00f5es para queima de gordura.","breadcrumb":{"@id":"https:\/\/iberoid-shop.com\/pt\/product\/clenbuterol\/#breadcrumb"},"inLanguage":"pt-PT","potentialAction":[{"@type":"ReadAction","target":[["https:\/\/iberoid-shop.com\/pt\/product\/clenbuterol\/"]]}]},{"@type":"ImageObject","inLanguage":"pt-PT","@id":"https:\/\/iberoid-shop.com\/pt\/product\/clenbuterol\/#primaryimage","url":"https:\/\/iberoid-shop.com\/wp-content\/uploads\/2019\/11\/clenbuterol.jpg?v=1678120180","contentUrl":"https:\/\/iberoid-shop.com\/wp-content\/uploads\/2019\/11\/clenbuterol.jpg?v=1678120180","width":800,"height":493},{"@type":"BreadcrumbList","@id":"https:\/\/iberoid-shop.com\/pt\/product\/clenbuterol\/#breadcrumb","itemListElement":[{"@type":"ListItem","position":1,"name":"Portada","item":"https:\/\/iberoid-shop.com\/pt\/"},{"@type":"ListItem","position":2,"name":"Loja","item":"https:\/\/iberoid-shop.com\/pt\/shop\/"},{"@type":"ListItem","position":3,"name":"Clenbuterol"}]},{"@type":"WebSite","@id":"https:\/\/iberoid-shop.com\/pt\/#website","url":"https:\/\/iberoid-shop.com\/pt\/","name":"Ester\u00f3ides Online","description":"Compre ester\u00f3ides online hoje em Espanha e Portugal. Temos o melhor servi\u00e7o ao cliente do setor e produtos da mais alta qualidade","potentialAction":[{"@type":"SearchAction","target":{"@type":"EntryPoint","urlTemplate":"https:\/\/iberoid-shop.com\/pt\/?s={search_term_string}"},"query-input":{"@type":"PropertyValueSpecification","valueRequired":true,"valueName":"search_term_string"}}],"inLanguage":"pt-PT"}]},"product_brand":"Balkan Pharmaceuticals","product_price_amount":"30.00","product_price_currency":"EUR","og_availability":"out of stock","product_availability":"out of stock","product_condition":"new"},"_links":{"self":[{"href":"https:\/\/iberoid-shop.com\/pt\/wp-json\/wp\/v2\/product\/2984","targetHints":{"allow":["GET"]}}],"collection":[{"href":"https:\/\/iberoid-shop.com\/pt\/wp-json\/wp\/v2\/product"}],"about":[{"href":"https:\/\/iberoid-shop.com\/pt\/wp-json\/wp\/v2\/types\/product"}],"replies":[{"embeddable":true,"href":"https:\/\/iberoid-shop.com\/pt\/wp-json\/wp\/v2\/comments?post=2984"}],"wp:featuredmedia":[{"embeddable":true,"href":"https:\/\/iberoid-shop.com\/pt\/wp-json\/wp\/v2\/media\/2986"}],"wp:attachment":[{"href":"https:\/\/iberoid-shop.com\/pt\/wp-json\/wp\/v2\/media?parent=2984"}],"wp:term":[{"taxonomy":"product_brand","embeddable":true,"href":"https:\/\/iberoid-shop.com\/pt\/wp-json\/wp\/v2\/product_brand?post=2984"},{"taxonomy":"product_cat","embeddable":true,"href":"https:\/\/iberoid-shop.com\/pt\/wp-json\/wp\/v2\/product_cat?post=2984"},{"taxonomy":"product_tag","embeddable":true,"href":"https:\/\/iberoid-shop.com\/pt\/wp-json\/wp\/v2\/product_tag?post=2984"}],"curies":[{"name":"wp","href":"https:\/\/api.w.org\/{rel}","templated":true}]}}