{"id":2980,"date":"2019-11-19T19:51:47","date_gmt":"2019-11-19T19:51:47","guid":{"rendered":"https:\/\/iberoid-shop.com\/?post_type=product&#038;p=2980"},"modified":"2024-08-06T19:50:52","modified_gmt":"2024-08-06T19:50:52","slug":"danabol","status":"publish","type":"product","link":"https:\/\/iberoid-shop.com\/pt\/product\/danabol\/","title":{"rendered":"Danabol 10mg \/ comprimido"},"content":{"rendered":"<p>Danabol 10 mg \u00e9 o ester\u00f3ide oral mais popular do mundo, estando entre os primeiros ester\u00f3ides usados \u200b\u200bpelos fisiculturistas. Foi criado em 1956 pelo Dr. John Ziegler e em 1960 foi lan\u00e7ado como Dianabol. O mesmo produto pode ser encontrado sob muitos nomes comerciais: Dbol, Methandrostenolone, Methandienone, Anabol ou Methane. Todos estes produtos cont\u00eam a mesma subst\u00e2ncia ativa, a metanienona.<\/p>\n<p>Como funciona o Danabol?<br \/>\nDanabol 10 mg funciona aumentando a s\u00edntese de prote\u00ednas e aumentando a reten\u00e7\u00e3o de nitrog\u00eanio. Pode ser usado sozinho e em combina\u00e7\u00e3o com outros ester\u00f3ides, aumentando seu efeito. Com danabol constr\u00f3i massa muscular, aumenta a for\u00e7a muscular, resist\u00eancia e recupera\u00e7\u00e3o ap\u00f3s o esfor\u00e7o. Para obter esse resultado, a dieta para esse fim tamb\u00e9m deve ser adaptada, sendo a dieta hipercal\u00f3rica a mais adequada. N\u00e3o deve ser exagerado, mesmo com as calorias, para n\u00e3o depositar muita gordura e n\u00e3o reter excesso de \u00e1gua.<\/p>\n<p>Danabol 10 mg aumenta a reten\u00e7\u00e3o de \u00e1gua, o que faz com que os m\u00fasculos pare\u00e7am macios e, para evitar esse efeito colateral indesejado, deve ser usado um antiestrog\u00eanio, como Tamoximed, Provimed ou Arimidex. Durante o ciclo, grandes progressos podem ser alcan\u00e7ados, mesmo de 15 kg em apenas 6 semanas, sendo a massa acumulada totalmente n\u00e3o apenas dos m\u00fasculos. Como em qualquer ciclo, a coisa mais importante \u00e9 a dieta, nenhum ester\u00f3ide pode acumular reten\u00e7\u00e3o de gordura ou \u00e1gua se a dieta estiver bem desenvolvida. O efeito \u00e9 fortemente anab\u00f3lico e androg\u00eanico baixo, devido \u00e0 menor afinidade pela liga\u00e7\u00e3o aos receptores androg\u00eanicos. O anabolismo no caso do dianabol \u00e9 devido ao aumento da s\u00edntese de prote\u00ednas, reten\u00e7\u00e3o de nitrog\u00eanio e glic\u00f3lise.<\/p>\n<p>Quais resultados podem ser obtidos durante o ciclo?<br \/>\nDevido aos bons resultados que ele oferece, ele se tornou um dos ester\u00f3ides mais populares no mundo, at\u00e9 Arnold Schwarzenegger reconheceu que o usou. Desde os primeiros dias de administra\u00e7\u00e3o, h\u00e1 um aumento na for\u00e7a e na massa muscular. Os exerc\u00edcios podem ser muito intensos durante o ciclo, porque a resist\u00eancia e a recupera\u00e7\u00e3o tamb\u00e9m s\u00e3o retornadas. Embora os resultados sejam surpreendentes, especialmente para iniciantes no primeiro ciclo de ester\u00f3ides, \u00e9 obrigat\u00f3rio respeitar as doses ideais e o tempo de administra\u00e7\u00e3o.<\/p>\n<p>Ao usar Danabol 10 mg, um hepatoprotetor deve ser usado. Como no caso de todos os ester\u00f3ides na forma de comprimidos, eles s\u00e3o metabolizados no f\u00edgado.<\/p>\n<p>Danabol 10 mg n\u00e3o \u00e9 utilizado em per\u00edodos pr\u00e9-competitivos porque ret\u00e9m a \u00e1gua, o que tornar\u00e1 a defini\u00e7\u00e3o imposs\u00edvel. Como em todos os produtos amplamente utilizados, o risco de comprar um produto falsificado \u00e9 alto. \u00c9 por isso que \u00e9 muito bom comprar ester\u00f3ides que podem ser verificados no site do fabricante, como a Balkan Pharmaceuticals. Nesse caso, voc\u00ea pode ter certeza de que comprou um ester\u00f3ide original.<\/p>\n<p>Dura\u00e7\u00e3o do ciclo: &#8211; cerca de 6 semanas.<\/p>\n<p>Ciclos de ester\u00f3ides: &#8211; \u00c9 perfeitamente combinado durante o per\u00edodo de massa muscular com Nandrolona D e Enzima Testosterona.<\/p>\n<p>Outro ciclo comumente usado \u00e9 Sustamed + Enhanced Trenbolone + Danabol. Nesse caso, a massa muscular \u00e9 de qualidade superior, devido \u00e0 adi\u00e7\u00e3o de trembolona no ciclo, o que tem efeitos muito bons na defini\u00e7\u00e3o.<\/p>\n<p>Dose ideal: &#8211; 30-70 mg \/ dia<\/p>\n<p>Tempo de detec\u00e7\u00e3o: &#8211; 6 semanas<\/p>","protected":false},"excerpt":{"rendered":"<p><strong>Quantidade:<\/strong> 100 comprimidos<\/p>\n<p><strong>Concentra\u00e7\u00e3o:<\/strong> 10mg \/ comprimido<\/p>\n<p><strong>Subst\u00e2ncia:<\/strong> Methandienona<\/p>\n","protected":false},"featured_media":2988,"comment_status":"open","ping_status":"closed","template":"","meta":[],"product_brand":[],"product_cat":[73],"product_tag":[],"class_list":{"0":"post-2980","1":"product","2":"type-product","3":"status-publish","4":"has-post-thumbnail","6":"product_cat-ssteroides_orales","8":"first","9":"outofstock","10":"shipping-taxable","11":"purchasable","12":"product-type-simple"},"yoast_head":"<!-- This site is optimized with the Yoast SEO Premium plugin v24.4 (Yoast SEO v27.0) - https:\/\/yoast.com\/product\/yoast-seo-premium-wordpress\/ -->\n<title>Danabol 10mg \/ comprimido - Ester\u00f3ides Online<\/title>\n<meta name=\"description\" content=\"Danabol aumenta a massa muscular, aumenta a for\u00e7a muscular.\" \/>\n<meta name=\"robots\" content=\"index, follow, max-snippet:-1, max-image-preview:large, max-video-preview:-1\" \/>\n<link rel=\"canonical\" href=\"https:\/\/iberoid-shop.com\/pt\/product\/danabol\/\" \/>\n<meta property=\"og:locale\" content=\"pt_PT\" \/>\n<meta property=\"og:type\" content=\"article\" \/>\n<meta property=\"og:title\" content=\"Danabol 10mg \/ comprimido\" \/>\n<meta property=\"og:description\" content=\"Danabol aumenta a massa muscular, aumenta a for\u00e7a muscular.\" \/>\n<meta property=\"og:url\" content=\"https:\/\/iberoid-shop.com\/pt\/product\/danabol\/\" \/>\n<meta property=\"og:site_name\" content=\"Ester\u00f3ides Online\" \/>\n<meta property=\"article:modified_time\" content=\"2024-08-06T19:50:52+00:00\" \/>\n<meta property=\"og:image\" content=\"https:\/\/iberoid-shop.com\/wp-content\/uploads\/2019\/11\/danabol_10.jpg?v=1699084803\" \/>\n\t<meta property=\"og:image:width\" content=\"960\" \/>\n\t<meta property=\"og:image:height\" content=\"753\" \/>\n\t<meta property=\"og:image:type\" content=\"image\/jpeg\" \/>\n<meta name=\"twitter:card\" content=\"summary_large_image\" \/>\n<meta name=\"twitter:label1\" content=\"pre\u00e7o\" \/>\n\t<meta name=\"twitter:data1\" content=\"&euro;40.00\" \/>\n\t<meta name=\"twitter:label2\" content=\"Disponibilidade\" \/>\n\t<meta name=\"twitter:data2\" content=\"Esgotado\" \/>\n<script type=\"application\/ld+json\" class=\"yoast-schema-graph\">{\"@context\":\"https:\/\/schema.org\",\"@graph\":[{\"@type\":\"WebPage\",\"@id\":\"https:\/\/iberoid-shop.com\/pt\/product\/danabol\/\",\"url\":\"https:\/\/iberoid-shop.com\/pt\/product\/danabol\/\",\"name\":\"Danabol 10mg \/ comprimido - Ester\u00f3ides Online\",\"isPartOf\":{\"@id\":\"https:\/\/iberoid-shop.com\/pt\/#website\"},\"primaryImageOfPage\":{\"@id\":\"https:\/\/iberoid-shop.com\/pt\/product\/danabol\/#primaryimage\"},\"image\":{\"@id\":\"https:\/\/iberoid-shop.com\/pt\/product\/danabol\/#primaryimage\"},\"thumbnailUrl\":\"https:\/\/iberoid-shop.com\/wp-content\/uploads\/2019\/11\/danabol_10.jpg?v=1699084803\",\"datePublished\":\"2019-11-19T19:51:47+00:00\",\"dateModified\":\"2024-08-06T19:50:52+00:00\",\"description\":\"Danabol aumenta a massa muscular, aumenta a for\u00e7a muscular.\",\"breadcrumb\":{\"@id\":\"https:\/\/iberoid-shop.com\/pt\/product\/danabol\/#breadcrumb\"},\"inLanguage\":\"pt-PT\",\"potentialAction\":[{\"@type\":\"ReadAction\",\"target\":[[\"https:\/\/iberoid-shop.com\/pt\/product\/danabol\/\"]]}]},{\"@type\":\"ImageObject\",\"inLanguage\":\"pt-PT\",\"@id\":\"https:\/\/iberoid-shop.com\/pt\/product\/danabol\/#primaryimage\",\"url\":\"https:\/\/iberoid-shop.com\/wp-content\/uploads\/2019\/11\/danabol_10.jpg?v=1699084803\",\"contentUrl\":\"https:\/\/iberoid-shop.com\/wp-content\/uploads\/2019\/11\/danabol_10.jpg?v=1699084803\",\"width\":960,\"height\":753,\"caption\":\"danabol constr\u00f3i massa muscular, aumenta a for\u00e7a muscular, resist\u00eancia e recupera\u00e7\u00e3o ap\u00f3s o esfor\u00e7o\"},{\"@type\":\"BreadcrumbList\",\"@id\":\"https:\/\/iberoid-shop.com\/pt\/product\/danabol\/#breadcrumb\",\"itemListElement\":[{\"@type\":\"ListItem\",\"position\":1,\"name\":\"Portada\",\"item\":\"https:\/\/iberoid-shop.com\/pt\/\"},{\"@type\":\"ListItem\",\"position\":2,\"name\":\"Loja\",\"item\":\"https:\/\/iberoid-shop.com\/pt\/shop\/\"},{\"@type\":\"ListItem\",\"position\":3,\"name\":\"Danabol 10mg \/ comprimido\"}]},{\"@type\":\"WebSite\",\"@id\":\"https:\/\/iberoid-shop.com\/pt\/#website\",\"url\":\"https:\/\/iberoid-shop.com\/pt\/\",\"name\":\"Ester\u00f3ides Online\",\"description\":\"Compre ester\u00f3ides online hoje em Espanha e Portugal. Temos o melhor servi\u00e7o ao cliente do setor e produtos da mais alta qualidade\",\"potentialAction\":[{\"@type\":\"SearchAction\",\"target\":{\"@type\":\"EntryPoint\",\"urlTemplate\":\"https:\/\/iberoid-shop.com\/pt\/?s={search_term_string}\"},\"query-input\":{\"@type\":\"PropertyValueSpecification\",\"valueRequired\":true,\"valueName\":\"search_term_string\"}}],\"inLanguage\":\"pt-PT\"}]}<\/script>\n<meta property=\"product:brand\" content=\"Balkan Pharmaceuticals\" \/>\n<meta property=\"product:price:amount\" content=\"40.00\" \/>\n<meta property=\"product:price:currency\" content=\"EUR\" \/>\n<meta property=\"og:availability\" content=\"out of stock\" \/>\n<meta property=\"product:availability\" content=\"out of stock\" \/>\n<meta property=\"product:condition\" content=\"new\" \/>\n<!-- \/ Yoast SEO Premium plugin. -->","yoast_head_json":{"title":"Danabol 10mg \/ comprimido - Ester\u00f3ides Online","description":"Danabol aumenta a massa muscular, aumenta a for\u00e7a muscular.","robots":{"index":"index","follow":"follow","max-snippet":"max-snippet:-1","max-image-preview":"max-image-preview:large","max-video-preview":"max-video-preview:-1"},"canonical":"https:\/\/iberoid-shop.com\/pt\/product\/danabol\/","og_locale":"pt_PT","og_type":"article","og_title":"Danabol 10mg \/ comprimido","og_description":"Danabol aumenta a massa muscular, aumenta a for\u00e7a muscular.","og_url":"https:\/\/iberoid-shop.com\/pt\/product\/danabol\/","og_site_name":"Ester\u00f3ides Online","article_modified_time":"2024-08-06T19:50:52+00:00","og_image":[{"width":960,"height":753,"url":"https:\/\/iberoid-shop.com\/wp-content\/uploads\/2019\/11\/danabol_10.jpg?v=1699084803","type":"image\/jpeg"}],"twitter_card":"summary_large_image","twitter_misc":{"pre\u00e7o":"&euro;40.00","Disponibilidade":"Esgotado"},"schema":{"@context":"https:\/\/schema.org","@graph":[{"@type":"WebPage","@id":"https:\/\/iberoid-shop.com\/pt\/product\/danabol\/","url":"https:\/\/iberoid-shop.com\/pt\/product\/danabol\/","name":"Danabol 10mg \/ comprimido - Ester\u00f3ides Online","isPartOf":{"@id":"https:\/\/iberoid-shop.com\/pt\/#website"},"primaryImageOfPage":{"@id":"https:\/\/iberoid-shop.com\/pt\/product\/danabol\/#primaryimage"},"image":{"@id":"https:\/\/iberoid-shop.com\/pt\/product\/danabol\/#primaryimage"},"thumbnailUrl":"https:\/\/iberoid-shop.com\/wp-content\/uploads\/2019\/11\/danabol_10.jpg?v=1699084803","datePublished":"2019-11-19T19:51:47+00:00","dateModified":"2024-08-06T19:50:52+00:00","description":"Danabol aumenta a massa muscular, aumenta a for\u00e7a muscular.","breadcrumb":{"@id":"https:\/\/iberoid-shop.com\/pt\/product\/danabol\/#breadcrumb"},"inLanguage":"pt-PT","potentialAction":[{"@type":"ReadAction","target":[["https:\/\/iberoid-shop.com\/pt\/product\/danabol\/"]]}]},{"@type":"ImageObject","inLanguage":"pt-PT","@id":"https:\/\/iberoid-shop.com\/pt\/product\/danabol\/#primaryimage","url":"https:\/\/iberoid-shop.com\/wp-content\/uploads\/2019\/11\/danabol_10.jpg?v=1699084803","contentUrl":"https:\/\/iberoid-shop.com\/wp-content\/uploads\/2019\/11\/danabol_10.jpg?v=1699084803","width":960,"height":753,"caption":"danabol constr\u00f3i massa muscular, aumenta a for\u00e7a muscular, resist\u00eancia e recupera\u00e7\u00e3o ap\u00f3s o esfor\u00e7o"},{"@type":"BreadcrumbList","@id":"https:\/\/iberoid-shop.com\/pt\/product\/danabol\/#breadcrumb","itemListElement":[{"@type":"ListItem","position":1,"name":"Portada","item":"https:\/\/iberoid-shop.com\/pt\/"},{"@type":"ListItem","position":2,"name":"Loja","item":"https:\/\/iberoid-shop.com\/pt\/shop\/"},{"@type":"ListItem","position":3,"name":"Danabol 10mg \/ comprimido"}]},{"@type":"WebSite","@id":"https:\/\/iberoid-shop.com\/pt\/#website","url":"https:\/\/iberoid-shop.com\/pt\/","name":"Ester\u00f3ides Online","description":"Compre ester\u00f3ides online hoje em Espanha e Portugal. Temos o melhor servi\u00e7o ao cliente do setor e produtos da mais alta qualidade","potentialAction":[{"@type":"SearchAction","target":{"@type":"EntryPoint","urlTemplate":"https:\/\/iberoid-shop.com\/pt\/?s={search_term_string}"},"query-input":{"@type":"PropertyValueSpecification","valueRequired":true,"valueName":"search_term_string"}}],"inLanguage":"pt-PT"}]},"product_brand":"Balkan Pharmaceuticals","product_price_amount":"40.00","product_price_currency":"EUR","og_availability":"out of stock","product_availability":"out of stock","product_condition":"new"},"_links":{"self":[{"href":"https:\/\/iberoid-shop.com\/pt\/wp-json\/wp\/v2\/product\/2980","targetHints":{"allow":["GET"]}}],"collection":[{"href":"https:\/\/iberoid-shop.com\/pt\/wp-json\/wp\/v2\/product"}],"about":[{"href":"https:\/\/iberoid-shop.com\/pt\/wp-json\/wp\/v2\/types\/product"}],"replies":[{"embeddable":true,"href":"https:\/\/iberoid-shop.com\/pt\/wp-json\/wp\/v2\/comments?post=2980"}],"wp:featuredmedia":[{"embeddable":true,"href":"https:\/\/iberoid-shop.com\/pt\/wp-json\/wp\/v2\/media\/2988"}],"wp:attachment":[{"href":"https:\/\/iberoid-shop.com\/pt\/wp-json\/wp\/v2\/media?parent=2980"}],"wp:term":[{"taxonomy":"product_brand","embeddable":true,"href":"https:\/\/iberoid-shop.com\/pt\/wp-json\/wp\/v2\/product_brand?post=2980"},{"taxonomy":"product_cat","embeddable":true,"href":"https:\/\/iberoid-shop.com\/pt\/wp-json\/wp\/v2\/product_cat?post=2980"},{"taxonomy":"product_tag","embeddable":true,"href":"https:\/\/iberoid-shop.com\/pt\/wp-json\/wp\/v2\/product_tag?post=2980"}],"curies":[{"name":"wp","href":"https:\/\/api.w.org\/{rel}","templated":true}]}}