{"id":10601,"date":"2026-02-28T09:25:39","date_gmt":"2026-02-28T09:25:39","guid":{"rendered":"https:\/\/iberoid-shop.com\/?post_type=product&#038;p=10601"},"modified":"2026-04-15T10:41:54","modified_gmt":"2026-04-15T10:41:54","slug":"test-max-testosterone-enanthate-phoenix-labs","status":"publish","type":"product","link":"https:\/\/iberoid-shop.com\/pt\/product\/test-max-testosterone-enanthate-phoenix-labs\/","title":{"rendered":"TEST MAX 250 &#8211; testosterone enanthate"},"content":{"rendered":"<p><\/p>\n<p data-path-to-node=\"0\">Aqui est\u00e1 a tradu\u00e7\u00e3o para o portugu\u00eas:<\/p>\n<hr data-path-to-node=\"1\" \/>\n<h2 data-path-to-node=\"2\"><b data-path-to-node=\"2\" data-index-in-node=\"0\">Testmax (Enantato de Testosterona) Phoenix Laboratories<\/b><\/h2>\n<p data-path-to-node=\"3\">O <b data-path-to-node=\"3\" data-index-in-node=\"2\">Testmax (Enantato de Testosterona) Phoenix Laboratories<\/b> \u00e9 um \u00e9ster estendido complexo de testosterona. Apresenta-se sob a forma de prepara\u00e7\u00f5es injet\u00e1veis (ampolas ou frascos de 1-10 ml) com uma concentra\u00e7\u00e3o de subst\u00e2ncia ativa de \u2248 250 mg\/ml. \u00c9 amplamente utilizado como doping esportivo, sendo associado principalmente a ciclos de treinamento de for\u00e7a e levantamento de peso.<\/p>\n<p data-path-to-node=\"4\">Diferente de an\u00e1logos curtos como o Propionato e o Fenilpropionato de Testosterona, o Enantato de Testosterona difere n\u00e3o no efeito, mas na dura\u00e7\u00e3o da a\u00e7\u00e3o: para compara\u00e7\u00e3o, a meia-vida do Propionato e do Fenilpropionato \u00e9 de \u2248 1-2 dias e \u2248 2-3 dias, respectivamente, enquanto a do Enantato \u00e9 de \u2248 5-7 dias.<\/p>\n<p data-path-to-node=\"5\">O Enantato de Testosterona, como a maioria da farmacologia esportiva popular hoje em dia, foi originalmente produzido para uso medicinal e n\u00e3o para doping. Antes de atrair a aten\u00e7\u00e3o dos atletas, destinava-se apenas \u00e0 medicina: assim, foi utilizado e ainda \u00e9 usado no tratamento de oligospermia, impot\u00eancia, osteoporose e at\u00e9 c\u00e2ncer de mama.<\/p>\n<h3 data-path-to-node=\"6\"><b data-path-to-node=\"6\" data-index-in-node=\"0\">Efeitos do Testmax (Enantato de Testosterona) Phoenix Laboratories:<\/b><\/h3>\n<ul data-path-to-node=\"7\">\n<li>\n<p data-path-to-node=\"7,0,0\">Ganho r\u00e1pido de massa muscular<\/p>\n<\/li>\n<li>\n<p data-path-to-node=\"7,1,0\">&#8220;Pumping&#8221; (bombardeio muscular)<\/p>\n<\/li>\n<li>\n<p data-path-to-node=\"7,2,0\">Aumento do desempenho f\u00edsico<\/p>\n<\/li>\n<li>\n<p data-path-to-node=\"7,3,0\">Crescimento do desempenho de for\u00e7a<\/p>\n<\/li>\n<li>\n<p data-path-to-node=\"7,4,0\">Aumento da resist\u00eancia<\/p>\n<\/li>\n<li>\n<p data-path-to-node=\"7,5,0\">Acelera\u00e7\u00e3o dos processos de recupera\u00e7\u00e3o<\/p>\n<\/li>\n<li>\n<p data-path-to-node=\"7,6,0\">Melhora da fun\u00e7\u00e3o articular<\/p>\n<\/li>\n<li>\n<p data-path-to-node=\"7,7,0\">Aumento da libido<\/p>\n<\/li>\n<\/ul>\n<p data-path-to-node=\"8\">No fisiculturismo, o Enantato de Testosterona \u00e9 um dos esteroides mais populares para ganho muscular: possui pot\u00eancia suficiente para ser usado sozinho, mas para o progresso m\u00e1ximo \u00e9 utilizado em combina\u00e7\u00e3o com Metandienona, Decanoato de Nandrolona, Enantato de Trembolona ou outra farmacologia relevante no esporte.<\/p>\n<hr data-path-to-node=\"9\" \/>\n<h3 data-path-to-node=\"10\"><b data-path-to-node=\"10\" data-index-in-node=\"0\">Efeitos Colaterais do Testmax (Enantato de Testosterona):<\/b><\/h3>\n<p data-path-to-node=\"11\">Complica\u00e7\u00f5es dependentes de andr\u00f3genos (como acne, pele oleosa, agressividade ou calv\u00edcie) e dependentes de estr\u00f3genos (como reten\u00e7\u00e3o de l\u00edquidos, press\u00e3o alta, dores de cabe\u00e7a ou ginecomastia) s\u00e3o prov\u00e1veis em caso de predisposi\u00e7\u00e3o e abuso. Portanto, \u00e9 importante aderir \u00e0 dosagem, frequ\u00eancia e dura\u00e7\u00e3o recomendadas do uso do esteroide.<\/p>\n<hr data-path-to-node=\"12\" \/>\n<h3 data-path-to-node=\"13\"><b data-path-to-node=\"13\" data-index-in-node=\"0\">Dosagem de Enantato de Testosterona:<\/b><\/h3>\n<p data-path-to-node=\"14\">A dosagem recomendada de Testmax para atletas n\u00e3o excede 500-750 mg por semana. Em m\u00e9dia, s\u00e3o 500 mg divididos em inje\u00e7\u00f5es em dias equidistantes da semana: por exemplo, 250 mg na quarta-feira e no s\u00e1bado. No entanto, a dose ideal \u00e9 selecionada pelo atleta individualmente; caso contr\u00e1rio, pode ser excessiva (associada a consequ\u00eancias) ou, pelo contr\u00e1rio, insuficiente (ineficaz).<\/p>\n<p data-path-to-node=\"15\">A dura\u00e7\u00e3o do ciclo de Testmax (Enantato de Testosterona) Phoenix Laboratories pode ser de at\u00e9 8-12 semanas. Em ciclos severos, para reduzir os riscos, incluem-se antiestr\u00f3genos (como os inibidores de aromatase anastrozol ou letrozol) e impulsionadores de testosterona (como a mesterolona para aumentar os n\u00edveis de testosterona livre ou gonadotrofina para aumentar a s\u00edntese de testosterona). Ap\u00f3s a conclus\u00e3o, \u00e9 realizada a terapia p\u00f3s-ciclo (TPC) voltada para a recupera\u00e7\u00e3o: Tamoxifeno ou Citrato de Clomifeno.<\/p>\n<hr data-path-to-node=\"16\" \/>\n<h3 data-path-to-node=\"17\"><b data-path-to-node=\"17\" data-index-in-node=\"0\">Exemplos de Ciclos Combinados com Enantato de Testosterona:<\/b><\/h3>\n<ul data-path-to-node=\"18\">\n<li>\n<p data-path-to-node=\"18,0,0\"><b data-path-to-node=\"18,0,0\" data-index-in-node=\"0\">Ciclo de Enantato de Testosterona com Metandienona:<\/b> Indicado para levantadores iniciantes para ganhos r\u00e1pidos de for\u00e7a e massa. Trata-se de um ciclo de esteroides de \u2248 8 semanas com dosagens das subst\u00e2ncias de 500 mg por semana e 40 mg por dia, respectivamente. Para aumentar a pot\u00eancia, o conjunto pode ser suplementado com Decanoato de Nandrolona a 400 mg por semana. Na fase final (&#8220;output&#8221;), via de regra, utiliza-se Propionato de Testosterona \u2013 100 mg em dias alternados por \u2248 2 semanas.<\/p>\n<\/li>\n<li>\n<p data-path-to-node=\"18,1,0\"><b data-path-to-node=\"18,1,0\" data-index-in-node=\"0\">Ciclo de Enantato de Testosterona com Enantato de Trembolona:<\/b> A dura\u00e7\u00e3o de tal ciclo \u00e9 de \u2248 8-12 semanas, e as dosagens s\u00e3o de 500-750 mg por semana e 300-400 mg por semana, respectivamente. O &#8220;output&#8221; \u00e9 de \u2248 3 semanas de Propionato de Testosterona e Propionato de Drostanolona, ambos 100 mg em dias alternados.<\/p>\n<\/li>\n<\/ul>\n<hr data-path-to-node=\"19\" \/>\n<h3 data-path-to-node=\"20\"><b data-path-to-node=\"20\" data-index-in-node=\"0\">Comprar Testmax Phoenix Laboratories:<\/b><\/h3>\n<p data-path-to-node=\"21\">Comprar Testmax (Enantato de Testosterona) Phoenix Laboratories conosco \u00e9 mais confi\u00e1vel, pois trabalhamos apenas com produtos 100% originais. Oferecemos entrega r\u00e1pida, an\u00f4nima e cuidadosa das encomendas. Para ter certeza de nosso trabalho de qualidade, verifique as avalia\u00e7\u00f5es de nossos clientes satisfeitos.<\/p>\n<ul data-path-to-node=\"22\">\n<li>\n<p data-path-to-node=\"22,0,0\"><b data-path-to-node=\"22,0,0\" data-index-in-node=\"0\">Nome Comercial:<\/b> Testmax<\/p>\n<\/li>\n<li>\n<p data-path-to-node=\"22,1,0\"><b data-path-to-node=\"22,1,0\" data-index-in-node=\"0\">Ingrediente Ativo:<\/b> Enantato de Testosterona<\/p>\n<\/li>\n<li>\n<p data-path-to-node=\"22,2,0\"><b data-path-to-node=\"22,2,0\" data-index-in-node=\"0\">Fabricante:<\/b> Phoenix Laboratories<\/p>\n<\/li>\n<li>\n<p data-path-to-node=\"22,3,0\"><b data-path-to-node=\"22,3,0\" data-index-in-node=\"0\">Tipo de Esteroide:<\/b> Injet\u00e1vel<\/p>\n<\/li>\n<li>\n<p data-path-to-node=\"22,4,0\"><b data-path-to-node=\"22,4,0\" data-index-in-node=\"0\">A Embalagem Cont\u00e9m:<\/b> 10 ampolas x 250 mg<\/p>\n<\/li>\n<\/ul>\n<p data-path-to-node=\"23\"><b data-path-to-node=\"23\" data-index-in-node=\"0\">Produto 100% Original<\/b><\/p>\n<p><\/p>","protected":false},"excerpt":{"rendered":"<p>Aqui est\u00e1 a tradu\u00e7\u00e3o para o portugu\u00eas: Testmax (Enantato de Testosterona) Phoenix Laboratories O Testmax (Enantato de Testosterona) Phoenix Laboratories<\/p>\n","protected":false},"featured_media":10602,"comment_status":"open","ping_status":"closed","template":"","meta":[],"product_brand":[],"product_cat":[69,15],"product_tag":[],"class_list":{"0":"post-10601","1":"product","2":"type-product","3":"status-publish","4":"has-post-thumbnail","6":"product_cat-esteroides_inyectables","7":"product_cat-uncategorized","9":"first","10":"instock","11":"shipping-taxable","12":"purchasable","13":"product-type-simple"},"yoast_head":"<!-- This site is optimized with the Yoast SEO Premium plugin v24.4 (Yoast SEO v27.3) - https:\/\/yoast.com\/product\/yoast-seo-premium-wordpress\/ -->\n<title>TEST MAX 250 - testosterone enanthate - Ester\u00f3ides Online<\/title>\n<meta name=\"description\" content=\"Testmax (Enantato de Testosterona) aumenta massa muscular, for\u00e7a e recupera\u00e7\u00e3o. Injet\u00e1vel de a\u00e7\u00e3o prolongada ideal para ganho de peso.\" \/>\n<meta name=\"robots\" content=\"index, follow, max-snippet:-1, max-image-preview:large, max-video-preview:-1\" \/>\n<link rel=\"canonical\" href=\"https:\/\/iberoid-shop.com\/pt\/product\/test-max-testosterone-enanthate-phoenix-labs\/\" \/>\n<meta property=\"og:locale\" content=\"pt_PT\" \/>\n<meta property=\"og:type\" content=\"article\" \/>\n<meta property=\"og:title\" content=\"TEST MAX 250 - testosterone enanthate\" \/>\n<meta property=\"og:description\" content=\"Testmax (Enantato de Testosterona) aumenta massa muscular, for\u00e7a e recupera\u00e7\u00e3o. Injet\u00e1vel de a\u00e7\u00e3o prolongada ideal para ganho de peso.\" \/>\n<meta property=\"og:url\" content=\"https:\/\/iberoid-shop.com\/pt\/product\/test-max-testosterone-enanthate-phoenix-labs\/\" \/>\n<meta property=\"og:site_name\" content=\"Ester\u00f3ides Online\" \/>\n<meta property=\"article:modified_time\" content=\"2026-04-15T10:41:54+00:00\" \/>\n<meta property=\"og:image\" content=\"https:\/\/iberoid-shop.com\/wp-content\/uploads\/2026\/02\/TESTMAX250.png?v=1772270726\" \/>\n\t<meta property=\"og:image:width\" content=\"606\" \/>\n\t<meta property=\"og:image:height\" content=\"580\" \/>\n\t<meta property=\"og:image:type\" content=\"image\/png\" \/>\n<meta name=\"twitter:card\" content=\"summary_large_image\" \/>\n<meta name=\"twitter:label1\" content=\"pre\u00e7o\" \/>\n\t<meta name=\"twitter:data1\" content=\"&euro;30.00\" \/>\n\t<meta name=\"twitter:label2\" content=\"Disponibilidade\" \/>\n\t<meta name=\"twitter:data2\" content=\"Em stock\" \/>\n<script type=\"application\/ld+json\" class=\"yoast-schema-graph\">{\"@context\":\"https:\\\/\\\/schema.org\",\"@graph\":[{\"@type\":\"WebPage\",\"@id\":\"https:\\\/\\\/iberoid-shop.com\\\/pt\\\/product\\\/test-max-testosterone-enanthate-phoenix-labs\\\/\",\"url\":\"https:\\\/\\\/iberoid-shop.com\\\/pt\\\/product\\\/test-max-testosterone-enanthate-phoenix-labs\\\/\",\"name\":\"TEST MAX 250 - testosterone enanthate - Ester\u00f3ides Online\",\"isPartOf\":{\"@id\":\"https:\\\/\\\/iberoid-shop.com\\\/pt\\\/#website\"},\"primaryImageOfPage\":{\"@id\":\"https:\\\/\\\/iberoid-shop.com\\\/pt\\\/product\\\/test-max-testosterone-enanthate-phoenix-labs\\\/#primaryimage\"},\"image\":{\"@id\":\"https:\\\/\\\/iberoid-shop.com\\\/pt\\\/product\\\/test-max-testosterone-enanthate-phoenix-labs\\\/#primaryimage\"},\"thumbnailUrl\":\"https:\\\/\\\/iberoid-shop.com\\\/wp-content\\\/uploads\\\/2026\\\/02\\\/TESTMAX250.png?v=1772270726\",\"datePublished\":\"2026-02-28T09:25:39+00:00\",\"dateModified\":\"2026-04-15T10:41:54+00:00\",\"description\":\"Testmax (Enantato de Testosterona) aumenta massa muscular, for\u00e7a e recupera\u00e7\u00e3o. Injet\u00e1vel de a\u00e7\u00e3o prolongada ideal para ganho de peso.\",\"breadcrumb\":{\"@id\":\"https:\\\/\\\/iberoid-shop.com\\\/pt\\\/product\\\/test-max-testosterone-enanthate-phoenix-labs\\\/#breadcrumb\"},\"inLanguage\":\"pt-PT\",\"potentialAction\":[{\"@type\":\"ReadAction\",\"target\":[[\"https:\\\/\\\/iberoid-shop.com\\\/pt\\\/product\\\/test-max-testosterone-enanthate-phoenix-labs\\\/\"]]}]},{\"@type\":\"ImageObject\",\"inLanguage\":\"pt-PT\",\"@id\":\"https:\\\/\\\/iberoid-shop.com\\\/pt\\\/product\\\/test-max-testosterone-enanthate-phoenix-labs\\\/#primaryimage\",\"url\":\"https:\\\/\\\/iberoid-shop.com\\\/wp-content\\\/uploads\\\/2026\\\/02\\\/TESTMAX250.png?v=1772270726\",\"contentUrl\":\"https:\\\/\\\/iberoid-shop.com\\\/wp-content\\\/uploads\\\/2026\\\/02\\\/TESTMAX250.png?v=1772270726\",\"width\":606,\"height\":580},{\"@type\":\"BreadcrumbList\",\"@id\":\"https:\\\/\\\/iberoid-shop.com\\\/pt\\\/product\\\/test-max-testosterone-enanthate-phoenix-labs\\\/#breadcrumb\",\"itemListElement\":[{\"@type\":\"ListItem\",\"position\":1,\"name\":\"Portada\",\"item\":\"https:\\\/\\\/iberoid-shop.com\\\/pt\\\/\"},{\"@type\":\"ListItem\",\"position\":2,\"name\":\"Loja\",\"item\":\"https:\\\/\\\/iberoid-shop.com\\\/pt\\\/shop\\\/\"},{\"@type\":\"ListItem\",\"position\":3,\"name\":\"TEST MAX 250 &#8211; testosterone enanthate\"}]},{\"@type\":\"WebSite\",\"@id\":\"https:\\\/\\\/iberoid-shop.com\\\/pt\\\/#website\",\"url\":\"https:\\\/\\\/iberoid-shop.com\\\/pt\\\/\",\"name\":\"Ester\u00f3ides Online\",\"description\":\"Compre ester\u00f3ides online hoje em Espanha e Portugal. Temos o melhor servi\u00e7o ao cliente do setor e produtos da mais alta qualidade\",\"potentialAction\":[{\"@type\":\"SearchAction\",\"target\":{\"@type\":\"EntryPoint\",\"urlTemplate\":\"https:\\\/\\\/iberoid-shop.com\\\/pt\\\/?s={search_term_string}\"},\"query-input\":{\"@type\":\"PropertyValueSpecification\",\"valueRequired\":true,\"valueName\":\"search_term_string\"}}],\"inLanguage\":\"pt-PT\"}]}<\/script>\n<meta property=\"product:brand\" content=\"Phoenix Labs\" \/>\n<meta property=\"product:price:amount\" content=\"30.00\" \/>\n<meta property=\"product:price:currency\" content=\"EUR\" \/>\n<meta property=\"og:availability\" content=\"instock\" \/>\n<meta property=\"product:availability\" content=\"instock\" \/>\n<meta property=\"product:condition\" content=\"new\" \/>\n<!-- \/ Yoast SEO Premium plugin. -->","yoast_head_json":{"title":"TEST MAX 250 - testosterone enanthate - Ester\u00f3ides Online","description":"Testmax (Enantato de Testosterona) aumenta massa muscular, for\u00e7a e recupera\u00e7\u00e3o. Injet\u00e1vel de a\u00e7\u00e3o prolongada ideal para ganho de peso.","robots":{"index":"index","follow":"follow","max-snippet":"max-snippet:-1","max-image-preview":"max-image-preview:large","max-video-preview":"max-video-preview:-1"},"canonical":"https:\/\/iberoid-shop.com\/pt\/product\/test-max-testosterone-enanthate-phoenix-labs\/","og_locale":"pt_PT","og_type":"article","og_title":"TEST MAX 250 - testosterone enanthate","og_description":"Testmax (Enantato de Testosterona) aumenta massa muscular, for\u00e7a e recupera\u00e7\u00e3o. Injet\u00e1vel de a\u00e7\u00e3o prolongada ideal para ganho de peso.","og_url":"https:\/\/iberoid-shop.com\/pt\/product\/test-max-testosterone-enanthate-phoenix-labs\/","og_site_name":"Ester\u00f3ides Online","article_modified_time":"2026-04-15T10:41:54+00:00","og_image":[{"width":606,"height":580,"url":"https:\/\/iberoid-shop.com\/wp-content\/uploads\/2026\/02\/TESTMAX250.png?v=1772270726","type":"image\/png"}],"twitter_card":"summary_large_image","twitter_misc":{"pre\u00e7o":"&euro;30.00","Disponibilidade":"Em stock"},"schema":{"@context":"https:\/\/schema.org","@graph":[{"@type":"WebPage","@id":"https:\/\/iberoid-shop.com\/pt\/product\/test-max-testosterone-enanthate-phoenix-labs\/","url":"https:\/\/iberoid-shop.com\/pt\/product\/test-max-testosterone-enanthate-phoenix-labs\/","name":"TEST MAX 250 - testosterone enanthate - Ester\u00f3ides Online","isPartOf":{"@id":"https:\/\/iberoid-shop.com\/pt\/#website"},"primaryImageOfPage":{"@id":"https:\/\/iberoid-shop.com\/pt\/product\/test-max-testosterone-enanthate-phoenix-labs\/#primaryimage"},"image":{"@id":"https:\/\/iberoid-shop.com\/pt\/product\/test-max-testosterone-enanthate-phoenix-labs\/#primaryimage"},"thumbnailUrl":"https:\/\/iberoid-shop.com\/wp-content\/uploads\/2026\/02\/TESTMAX250.png?v=1772270726","datePublished":"2026-02-28T09:25:39+00:00","dateModified":"2026-04-15T10:41:54+00:00","description":"Testmax (Enantato de Testosterona) aumenta massa muscular, for\u00e7a e recupera\u00e7\u00e3o. Injet\u00e1vel de a\u00e7\u00e3o prolongada ideal para ganho de peso.","breadcrumb":{"@id":"https:\/\/iberoid-shop.com\/pt\/product\/test-max-testosterone-enanthate-phoenix-labs\/#breadcrumb"},"inLanguage":"pt-PT","potentialAction":[{"@type":"ReadAction","target":[["https:\/\/iberoid-shop.com\/pt\/product\/test-max-testosterone-enanthate-phoenix-labs\/"]]}]},{"@type":"ImageObject","inLanguage":"pt-PT","@id":"https:\/\/iberoid-shop.com\/pt\/product\/test-max-testosterone-enanthate-phoenix-labs\/#primaryimage","url":"https:\/\/iberoid-shop.com\/wp-content\/uploads\/2026\/02\/TESTMAX250.png?v=1772270726","contentUrl":"https:\/\/iberoid-shop.com\/wp-content\/uploads\/2026\/02\/TESTMAX250.png?v=1772270726","width":606,"height":580},{"@type":"BreadcrumbList","@id":"https:\/\/iberoid-shop.com\/pt\/product\/test-max-testosterone-enanthate-phoenix-labs\/#breadcrumb","itemListElement":[{"@type":"ListItem","position":1,"name":"Portada","item":"https:\/\/iberoid-shop.com\/pt\/"},{"@type":"ListItem","position":2,"name":"Loja","item":"https:\/\/iberoid-shop.com\/pt\/shop\/"},{"@type":"ListItem","position":3,"name":"TEST MAX 250 &#8211; testosterone enanthate"}]},{"@type":"WebSite","@id":"https:\/\/iberoid-shop.com\/pt\/#website","url":"https:\/\/iberoid-shop.com\/pt\/","name":"Ester\u00f3ides Online","description":"Compre ester\u00f3ides online hoje em Espanha e Portugal. Temos o melhor servi\u00e7o ao cliente do setor e produtos da mais alta qualidade","potentialAction":[{"@type":"SearchAction","target":{"@type":"EntryPoint","urlTemplate":"https:\/\/iberoid-shop.com\/pt\/?s={search_term_string}"},"query-input":{"@type":"PropertyValueSpecification","valueRequired":true,"valueName":"search_term_string"}}],"inLanguage":"pt-PT"}]},"product_brand":"Phoenix Labs","product_price_amount":"30.00","product_price_currency":"EUR","og_availability":"instock","product_availability":"instock","product_condition":"new"},"_links":{"self":[{"href":"https:\/\/iberoid-shop.com\/pt\/wp-json\/wp\/v2\/product\/10601","targetHints":{"allow":["GET"]}}],"collection":[{"href":"https:\/\/iberoid-shop.com\/pt\/wp-json\/wp\/v2\/product"}],"about":[{"href":"https:\/\/iberoid-shop.com\/pt\/wp-json\/wp\/v2\/types\/product"}],"replies":[{"embeddable":true,"href":"https:\/\/iberoid-shop.com\/pt\/wp-json\/wp\/v2\/comments?post=10601"}],"wp:featuredmedia":[{"embeddable":true,"href":"https:\/\/iberoid-shop.com\/pt\/wp-json\/wp\/v2\/media\/10602"}],"wp:attachment":[{"href":"https:\/\/iberoid-shop.com\/pt\/wp-json\/wp\/v2\/media?parent=10601"}],"wp:term":[{"taxonomy":"product_brand","embeddable":true,"href":"https:\/\/iberoid-shop.com\/pt\/wp-json\/wp\/v2\/product_brand?post=10601"},{"taxonomy":"product_cat","embeddable":true,"href":"https:\/\/iberoid-shop.com\/pt\/wp-json\/wp\/v2\/product_cat?post=10601"},{"taxonomy":"product_tag","embeddable":true,"href":"https:\/\/iberoid-shop.com\/pt\/wp-json\/wp\/v2\/product_tag?post=10601"}],"curies":[{"name":"wp","href":"https:\/\/api.w.org\/{rel}","templated":true}]}}