{"id":10555,"date":"2026-01-31T16:34:40","date_gmt":"2026-01-31T16:34:40","guid":{"rendered":"https:\/\/iberoid-shop.com\/?post_type=product&#038;p=10555"},"modified":"2026-03-22T10:59:16","modified_gmt":"2026-03-22T10:59:16","slug":"pack3-testobol-p-testosteron-propionate","status":"publish","type":"product","link":"https:\/\/iberoid-shop.com\/pt\/product\/pack3-testobol-p-testosteron-propionate\/","title":{"rendered":"TESTOBOL P (testosterone propionate) &#8211; pack 3"},"content":{"rendered":"<p><\/p>\n<p data-path-to-node=\"1\"><b data-path-to-node=\"1\" data-index-in-node=\"0\">TESTOBOL P ou Propionato de Testosterona<\/b> \u00e9 o produto utilizado por pessoas que desejam obter a forma e o tamanho corporal que consideram ideais. Elas trabalham os m\u00fasculos, mas o processo para deix\u00e1-los como desejam \u00e9 longo. Elas exercitam-se, mas n\u00e3o conseguem esperar pelos resultados. Bem, estamos aqui com o produto TESTOBOL P ou Propionato de Testosterona, que pode ajud\u00e1-lo a conseguir o corpo que sempre quis. Ele ir\u00e1 ajud\u00e1-lo de diversas formas. Neste artigo, vamos partilhar consigo detalhes sobre os ingredientes dos comprimidos, os seus benef\u00edcios, efeitos secund\u00e1rios, vantagens e muito mais.<\/p>\n<h3 data-path-to-node=\"2\">Ingredientes do TESTOBOL P ou Propionato de Testosterona<\/h3>\n<p data-path-to-node=\"3\">Os ingredientes utilizados para fabricar este comprimido incluem:<\/p>\n<ul data-path-to-node=\"4\">\n<li>\n<p data-path-to-node=\"4,0,0\"><b data-path-to-node=\"4,0,0\" data-index-in-node=\"0\">Propionato de Testosterona:<\/b> Este \u00e9 o \u00fanico componente qu\u00edmico inclu\u00eddo no produto, juntamente com alguns ingredientes simples que aparecem apenas em quantidades menores.<\/p>\n<\/li>\n<\/ul>\n<h3 data-path-to-node=\"5\">Benef\u00edcios do TESTOBOL P ou Propionato de Testosterona<\/h3>\n<p data-path-to-node=\"6\">Os benef\u00edcios de utilizar o TESTOBOL P ou Propionato de Testosterona s\u00e3o muito numerosos, mas vamos partilhar aqui os mais importantes. Vamos detalh\u00e1-los agora:<\/p>\n<ul data-path-to-node=\"7\">\n<li>\n<p data-path-to-node=\"7,0,0\">Este comprimido ou suplemento tem efeitos anab\u00f3licos muito fortes no corpo humano.<\/p>\n<\/li>\n<li>\n<p data-path-to-node=\"7,1,0\">Os efeitos androg\u00e9nicos do TESTOBOL P ou Propionato de Testosterona tamb\u00e9m s\u00e3o muito \u00f3bvios e proeminentes quando come\u00e7a a utiliz\u00e1-lo.<\/p>\n<\/li>\n<li>\n<p data-path-to-node=\"7,2,0\">Ajudar\u00e1 a desenvolver a for\u00e7a muscular em todo o corpo. Al\u00e9m disso, a forma e o tamanho dos m\u00fasculos tamb\u00e9m podem ser significativamente melhorados.<\/p>\n<\/li>\n<li>\n<p data-path-to-node=\"7,3,0\">Enquanto realiza exerc\u00edcios de muscula\u00e7\u00e3o, ou apenas treinos de fitness para algum projeto de sonho, deve tomar TESTOBOL P ou Propionato de Testosterona, pois ele ajudar\u00e1 a obter o corpo com que sempre sonhou.<\/p>\n<\/li>\n<li>\n<p data-path-to-node=\"7,4,0\">Funciona a uma velocidade muito elevada, por isso n\u00e3o precisa de esperar longas horas ou muitos dias para ver os efeitos. Come\u00e7ar\u00e1 a atuar imediatamente.<\/p>\n<\/li>\n<\/ul>\n<h3 data-path-to-node=\"8\">Modo de Utiliza\u00e7\u00e3o e Dose Di\u00e1ria<\/h3>\n<p data-path-to-node=\"9\">As instru\u00e7\u00f5es para utilizar o TESTOBOL P ou Propionato de Testosterona s\u00e3o simples e f\u00e1ceis. Aqui partilhamos os pontos que tornar\u00e3o tudo claro para si:<\/p>\n<ul data-path-to-node=\"10\">\n<li>\n<p data-path-to-node=\"10,0,0\">Pode tomar uma dose de, no m\u00e1ximo, 100 miligramas por dia.<\/p>\n<\/li>\n<li>\n<p data-path-to-node=\"10,1,0\">Pode at\u00e9 come\u00e7ar por fazer um intervalo de um dia, caso sinta que \u00e9 demasiado pesado para o seu corpo.<\/p>\n<\/li>\n<li>\n<p data-path-to-node=\"10,2,0\">Tente consumir ap\u00f3s o pequeno-almo\u00e7o, ou talvez com o seu batido de prote\u00edna ap\u00f3s o exerc\u00edcio.<\/p>\n<\/li>\n<\/ul>\n<h3 data-path-to-node=\"11\">Poss\u00edveis Efeitos Secund\u00e1rios<\/h3>\n<p data-path-to-node=\"12\">Os poss\u00edveis efeitos secund\u00e1rios do TESTOBOL P ou Propionato de Testosterona n\u00e3o s\u00e3o muitos, e aqueles que podem surgir s\u00e3o quase insignificantes.<\/p>\n<ul data-path-to-node=\"13\">\n<li>\n<p data-path-to-node=\"13,0,0\">Pode n\u00e3o encontrar o TESTOBOL P ou Propionato de Testosterona na loja mais pr\u00f3xima. Isto deve-se ao facto de apenas poder ser encomendado online.<\/p>\n<\/li>\n<li>\n<p data-path-to-node=\"13,1,0\">N\u00e3o vir\u00e1 com receita m\u00e9dica, por isso deve consultar primeiro um m\u00e9dico ou nutricionista antes de iniciar a sua utiliza\u00e7\u00e3o.<\/p>\n<\/li>\n<\/ul>\n<h3 data-path-to-node=\"14\">Considera\u00e7\u00f5es Finais<\/h3>\n<p data-path-to-node=\"15\">Como pode ver, o TESTOBOL P ou Propionato de Testosterona pode ser muito eficaz para a sua muscula\u00e7\u00e3o e desenvolvimento de for\u00e7a. Tome nota destes pontos, pesquise mais sobre o assunto e obtenha os resultados que deseja.<\/p>\n<p><\/p>","protected":false},"excerpt":{"rendered":"<p>TESTOBOL P ou Propionato de Testosterona \u00e9 o produto utilizado por pessoas que desejam obter a forma e o tamanho<\/p>\n","protected":false},"featured_media":10556,"comment_status":"open","ping_status":"closed","template":"","meta":[],"product_brand":[3526],"product_cat":[69,3474],"product_tag":[],"class_list":{"0":"post-10555","1":"product","2":"type-product","3":"status-publish","4":"has-post-thumbnail","6":"product_brand-pharmabol","7":"product_cat-esteroides_inyectables","8":"product_cat-packs","10":"first","11":"instock","12":"sale","13":"shipping-taxable","14":"purchasable","15":"product-type-simple"},"yoast_head":"<!-- This site is optimized with the Yoast SEO Premium plugin v24.4 (Yoast SEO v27.0) - https:\/\/yoast.com\/product\/yoast-seo-premium-wordpress\/ -->\n<title>TESTOBOL P (testosterone propionate) - pack 3 - Ester\u00f3ides Online<\/title>\n<meta name=\"description\" content=\"TESTOBOL P (Propionato de Testosterona) \u00e9 um suplemento anab\u00f3lico r\u00e1pido para crescimento muscular, for\u00e7a e forma corporal com efeitos m\u00ednimos.\" \/>\n<meta name=\"robots\" content=\"index, follow, max-snippet:-1, max-image-preview:large, max-video-preview:-1\" \/>\n<link rel=\"canonical\" href=\"https:\/\/iberoid-shop.com\/pt\/product\/pack3-testobol-p-testosteron-propionate\/\" \/>\n<meta property=\"og:locale\" content=\"pt_PT\" \/>\n<meta property=\"og:type\" content=\"article\" \/>\n<meta property=\"og:title\" content=\"TESTOBOL P (testosterone propionate) - pack 3\" \/>\n<meta property=\"og:description\" content=\"TESTOBOL P (Propionato de Testosterona) \u00e9 um suplemento anab\u00f3lico r\u00e1pido para crescimento muscular, for\u00e7a e forma corporal com efeitos m\u00ednimos.\" \/>\n<meta property=\"og:url\" content=\"https:\/\/iberoid-shop.com\/pt\/product\/pack3-testobol-p-testosteron-propionate\/\" \/>\n<meta property=\"og:site_name\" content=\"Ester\u00f3ides Online\" \/>\n<meta property=\"article:modified_time\" content=\"2026-03-22T10:59:16+00:00\" \/>\n<meta property=\"og:image\" content=\"https:\/\/iberoid-shop.com\/wp-content\/uploads\/2026\/01\/3tppb-scaled.jpeg?v=1769877217\" \/>\n\t<meta property=\"og:image:width\" content=\"1920\" \/>\n\t<meta property=\"og:image:height\" content=\"2560\" \/>\n\t<meta property=\"og:image:type\" content=\"image\/jpeg\" \/>\n<meta name=\"twitter:card\" content=\"summary_large_image\" \/>\n<meta name=\"twitter:label1\" content=\"pre\u00e7o\" \/>\n\t<meta name=\"twitter:data1\" content=\"&euro;50.00\" \/>\n\t<meta name=\"twitter:label2\" content=\"Disponibilidade\" \/>\n\t<meta name=\"twitter:data2\" content=\"Em stock\" \/>\n<script type=\"application\/ld+json\" class=\"yoast-schema-graph\">{\"@context\":\"https:\/\/schema.org\",\"@graph\":[{\"@type\":\"WebPage\",\"@id\":\"https:\/\/iberoid-shop.com\/pt\/product\/pack3-testobol-p-testosteron-propionate\/\",\"url\":\"https:\/\/iberoid-shop.com\/pt\/product\/pack3-testobol-p-testosteron-propionate\/\",\"name\":\"TESTOBOL P (testosterone propionate) - pack 3 - Ester\u00f3ides Online\",\"isPartOf\":{\"@id\":\"https:\/\/iberoid-shop.com\/pt\/#website\"},\"primaryImageOfPage\":{\"@id\":\"https:\/\/iberoid-shop.com\/pt\/product\/pack3-testobol-p-testosteron-propionate\/#primaryimage\"},\"image\":{\"@id\":\"https:\/\/iberoid-shop.com\/product\/pack3-testobol-p-testosteron-propionate\/#primaryimage\"},\"thumbnailUrl\":\"https:\/\/iberoid-shop.com\/wp-content\/uploads\/2026\/01\/3tppb-scaled.jpeg?v=1769877217\",\"datePublished\":\"2026-01-31T16:34:40+00:00\",\"dateModified\":\"2026-03-22T10:59:16+00:00\",\"description\":\"TESTOBOL P (Propionato de Testosterona) \u00e9 um suplemento anab\u00f3lico r\u00e1pido para crescimento muscular, for\u00e7a e forma corporal com efeitos m\u00ednimos.\",\"breadcrumb\":{\"@id\":\"https:\/\/iberoid-shop.com\/pt\/product\/pack3-testobol-p-testosteron-propionate\/#breadcrumb\"},\"inLanguage\":\"pt-PT\",\"potentialAction\":[{\"@type\":\"ReadAction\",\"target\":[[\"https:\/\/iberoid-shop.com\/pt\/product\/pack3-testobol-p-testosteron-propionate\/\"]]}]},{\"@type\":\"ImageObject\",\"inLanguage\":\"pt-PT\",\"@id\":\"https:\/\/iberoid-shop.com\/pt\/product\/pack3-testobol-p-testosteron-propionate\/#primaryimage\",\"url\":\"https:\/\/iberoid-shop.com\/wp-content\/uploads\/2026\/01\/3tppb-scaled.jpeg?v=1769877217\",\"contentUrl\":\"https:\/\/iberoid-shop.com\/wp-content\/uploads\/2026\/01\/3tppb-scaled.jpeg?v=1769877217\",\"width\":1920,\"height\":2560},{\"@type\":\"BreadcrumbList\",\"@id\":\"https:\/\/iberoid-shop.com\/pt\/product\/pack3-testobol-p-testosteron-propionate\/#breadcrumb\",\"itemListElement\":[{\"@type\":\"ListItem\",\"position\":1,\"name\":\"Portada\",\"item\":\"https:\/\/iberoid-shop.com\/pt\/\"},{\"@type\":\"ListItem\",\"position\":2,\"name\":\"Loja\",\"item\":\"https:\/\/iberoid-shop.com\/pt\/shop\/\"},{\"@type\":\"ListItem\",\"position\":3,\"name\":\"TESTOBOL P (testosterone propionate) &#8211; pack 3\"}]},{\"@type\":\"WebSite\",\"@id\":\"https:\/\/iberoid-shop.com\/pt\/#website\",\"url\":\"https:\/\/iberoid-shop.com\/pt\/\",\"name\":\"Ester\u00f3ides Online\",\"description\":\"Compre ester\u00f3ides online hoje em Espanha e Portugal. Temos o melhor servi\u00e7o ao cliente do setor e produtos da mais alta qualidade\",\"potentialAction\":[{\"@type\":\"SearchAction\",\"target\":{\"@type\":\"EntryPoint\",\"urlTemplate\":\"https:\/\/iberoid-shop.com\/pt\/?s={search_term_string}\"},\"query-input\":{\"@type\":\"PropertyValueSpecification\",\"valueRequired\":true,\"valueName\":\"search_term_string\"}}],\"inLanguage\":\"pt-PT\"}]}<\/script>\n<meta property=\"product:brand\" content=\"Pb Laboratories\" \/>\n<meta property=\"product:price:amount\" content=\"50.00\" \/>\n<meta property=\"product:price:currency\" content=\"EUR\" \/>\n<meta property=\"og:availability\" content=\"instock\" \/>\n<meta property=\"product:availability\" content=\"instock\" \/>\n<meta property=\"product:condition\" content=\"new\" \/>\n<!-- \/ Yoast SEO Premium plugin. -->","yoast_head_json":{"title":"TESTOBOL P (testosterone propionate) - pack 3 - Ester\u00f3ides Online","description":"TESTOBOL P (Propionato de Testosterona) \u00e9 um suplemento anab\u00f3lico r\u00e1pido para crescimento muscular, for\u00e7a e forma corporal com efeitos m\u00ednimos.","robots":{"index":"index","follow":"follow","max-snippet":"max-snippet:-1","max-image-preview":"max-image-preview:large","max-video-preview":"max-video-preview:-1"},"canonical":"https:\/\/iberoid-shop.com\/pt\/product\/pack3-testobol-p-testosteron-propionate\/","og_locale":"pt_PT","og_type":"article","og_title":"TESTOBOL P (testosterone propionate) - pack 3","og_description":"TESTOBOL P (Propionato de Testosterona) \u00e9 um suplemento anab\u00f3lico r\u00e1pido para crescimento muscular, for\u00e7a e forma corporal com efeitos m\u00ednimos.","og_url":"https:\/\/iberoid-shop.com\/pt\/product\/pack3-testobol-p-testosteron-propionate\/","og_site_name":"Ester\u00f3ides Online","article_modified_time":"2026-03-22T10:59:16+00:00","og_image":[{"width":1920,"height":2560,"url":"https:\/\/iberoid-shop.com\/wp-content\/uploads\/2026\/01\/3tppb-scaled.jpeg?v=1769877217","type":"image\/jpeg"}],"twitter_card":"summary_large_image","twitter_misc":{"pre\u00e7o":"&euro;50.00","Disponibilidade":"Em stock"},"schema":{"@context":"https:\/\/schema.org","@graph":[{"@type":"WebPage","@id":"https:\/\/iberoid-shop.com\/pt\/product\/pack3-testobol-p-testosteron-propionate\/","url":"https:\/\/iberoid-shop.com\/pt\/product\/pack3-testobol-p-testosteron-propionate\/","name":"TESTOBOL P (testosterone propionate) - pack 3 - Ester\u00f3ides Online","isPartOf":{"@id":"https:\/\/iberoid-shop.com\/pt\/#website"},"primaryImageOfPage":{"@id":"https:\/\/iberoid-shop.com\/pt\/product\/pack3-testobol-p-testosteron-propionate\/#primaryimage"},"image":{"@id":"https:\/\/iberoid-shop.com\/product\/pack3-testobol-p-testosteron-propionate\/#primaryimage"},"thumbnailUrl":"https:\/\/iberoid-shop.com\/wp-content\/uploads\/2026\/01\/3tppb-scaled.jpeg?v=1769877217","datePublished":"2026-01-31T16:34:40+00:00","dateModified":"2026-03-22T10:59:16+00:00","description":"TESTOBOL P (Propionato de Testosterona) \u00e9 um suplemento anab\u00f3lico r\u00e1pido para crescimento muscular, for\u00e7a e forma corporal com efeitos m\u00ednimos.","breadcrumb":{"@id":"https:\/\/iberoid-shop.com\/pt\/product\/pack3-testobol-p-testosteron-propionate\/#breadcrumb"},"inLanguage":"pt-PT","potentialAction":[{"@type":"ReadAction","target":[["https:\/\/iberoid-shop.com\/pt\/product\/pack3-testobol-p-testosteron-propionate\/"]]}]},{"@type":"ImageObject","inLanguage":"pt-PT","@id":"https:\/\/iberoid-shop.com\/pt\/product\/pack3-testobol-p-testosteron-propionate\/#primaryimage","url":"https:\/\/iberoid-shop.com\/wp-content\/uploads\/2026\/01\/3tppb-scaled.jpeg?v=1769877217","contentUrl":"https:\/\/iberoid-shop.com\/wp-content\/uploads\/2026\/01\/3tppb-scaled.jpeg?v=1769877217","width":1920,"height":2560},{"@type":"BreadcrumbList","@id":"https:\/\/iberoid-shop.com\/pt\/product\/pack3-testobol-p-testosteron-propionate\/#breadcrumb","itemListElement":[{"@type":"ListItem","position":1,"name":"Portada","item":"https:\/\/iberoid-shop.com\/pt\/"},{"@type":"ListItem","position":2,"name":"Loja","item":"https:\/\/iberoid-shop.com\/pt\/shop\/"},{"@type":"ListItem","position":3,"name":"TESTOBOL P (testosterone propionate) &#8211; pack 3"}]},{"@type":"WebSite","@id":"https:\/\/iberoid-shop.com\/pt\/#website","url":"https:\/\/iberoid-shop.com\/pt\/","name":"Ester\u00f3ides Online","description":"Compre ester\u00f3ides online hoje em Espanha e Portugal. Temos o melhor servi\u00e7o ao cliente do setor e produtos da mais alta qualidade","potentialAction":[{"@type":"SearchAction","target":{"@type":"EntryPoint","urlTemplate":"https:\/\/iberoid-shop.com\/pt\/?s={search_term_string}"},"query-input":{"@type":"PropertyValueSpecification","valueRequired":true,"valueName":"search_term_string"}}],"inLanguage":"pt-PT"}]},"product_brand":"Pb Laboratories","product_price_amount":"50.00","product_price_currency":"EUR","og_availability":"instock","product_availability":"instock","product_condition":"new"},"_links":{"self":[{"href":"https:\/\/iberoid-shop.com\/pt\/wp-json\/wp\/v2\/product\/10555","targetHints":{"allow":["GET"]}}],"collection":[{"href":"https:\/\/iberoid-shop.com\/pt\/wp-json\/wp\/v2\/product"}],"about":[{"href":"https:\/\/iberoid-shop.com\/pt\/wp-json\/wp\/v2\/types\/product"}],"replies":[{"embeddable":true,"href":"https:\/\/iberoid-shop.com\/pt\/wp-json\/wp\/v2\/comments?post=10555"}],"wp:featuredmedia":[{"embeddable":true,"href":"https:\/\/iberoid-shop.com\/pt\/wp-json\/wp\/v2\/media\/10556"}],"wp:attachment":[{"href":"https:\/\/iberoid-shop.com\/pt\/wp-json\/wp\/v2\/media?parent=10555"}],"wp:term":[{"taxonomy":"product_brand","embeddable":true,"href":"https:\/\/iberoid-shop.com\/pt\/wp-json\/wp\/v2\/product_brand?post=10555"},{"taxonomy":"product_cat","embeddable":true,"href":"https:\/\/iberoid-shop.com\/pt\/wp-json\/wp\/v2\/product_cat?post=10555"},{"taxonomy":"product_tag","embeddable":true,"href":"https:\/\/iberoid-shop.com\/pt\/wp-json\/wp\/v2\/product_tag?post=10555"}],"curies":[{"name":"wp","href":"https:\/\/api.w.org\/{rel}","templated":true}]}}