{"id":10538,"date":"2026-01-27T16:46:01","date_gmt":"2026-01-27T16:46:01","guid":{"rendered":"https:\/\/iberoid-shop.com\/?post_type=product&#038;p=10538"},"modified":"2026-03-22T11:00:33","modified_gmt":"2026-03-22T11:00:33","slug":"testobol-p-testosteron-propionate-100-mg","status":"publish","type":"product","link":"https:\/\/iberoid-shop.com\/pt\/product\/testobol-p-testosteron-propionate-100-mg\/","title":{"rendered":"TESTOBOL P (testosteron propionate) 100 mg"},"content":{"rendered":"<p><\/p>\n<p data-path-to-node=\"1\"><b data-path-to-node=\"1\" data-index-in-node=\"0\">O que \u00e9 o Propionato de Testosterona?<\/b><\/p>\n<p data-path-to-node=\"2\"><b data-path-to-node=\"2\" data-index-in-node=\"0\">Compre Propionato de Testosterona<\/b> \u2013 Uma forma complexa e sint\u00e9tica de testosterona. \u00c9 um composto de \u00e9ster \u00fanico. Tamb\u00e9m \u00e9 usado para a libera\u00e7\u00e3o controlada de horm\u00f4nios e para manter os n\u00edveis sangu\u00edneos est\u00e1veis. \u00c9 altamente utilizado na ind\u00fastria atl\u00e9tica para o aprimoramento do desempenho esportivo.<\/p>\n<h3 data-path-to-node=\"3\">Efeitos:<\/h3>\n<p data-path-to-node=\"4\"><b data-path-to-node=\"4\" data-index-in-node=\"0\">Compre Propionato de Testosterona<\/b> \u2013 Aumenta a testosterona. Esta \u00e9 uma droga de melhoria de desempenho porque altos n\u00edveis de testosterona levam a um aumento na massa muscular magra e na for\u00e7a. O produto fornece testosterona, que atua como um protetor muscular e salva o corpo da perda de tecido muscular.<\/p>\n<h3 data-path-to-node=\"5\">Por que voc\u00ea deve comprar Propionato de Testosterona:<\/h3>\n<p data-path-to-node=\"6\"><b data-path-to-node=\"6\" data-index-in-node=\"0\">Melhora o desempenho<\/b> O propionato de testosterona \u00e9 uma droga de melhoria de desempenho. Ele n\u00e3o apenas preserva a massa muscular, mas tamb\u00e9m constr\u00f3i mais tecido muscular. Isso aumenta a for\u00e7a. O produto leva a um aumento na contagem de gl\u00f3bulos vermelhos. Os gl\u00f3bulos vermelhos s\u00e3o os transportadores de oxig\u00eanio. Um aumento na oxigena\u00e7\u00e3o leva a maior for\u00e7a muscular, resist\u00eancia e repara\u00e7\u00e3o de tecidos danificados.<\/p>\n<p data-path-to-node=\"7\"><b data-path-to-node=\"7\" data-index-in-node=\"0\">Constr\u00f3i prote\u00ednas<\/b> O produto tamb\u00e9m possui propriedades de constru\u00e7\u00e3o de prote\u00ednas, que levam a uma melhor repara\u00e7\u00e3o e s\u00edntese de muitos tecidos corporais, uma vez que a prote\u00edna \u00e9 o bloco de constru\u00e7\u00e3o dos tecidos do corpo. O produto tamb\u00e9m possui propriedades de reten\u00e7\u00e3o de nitrog\u00eanio. O nitrog\u00eanio cria um ambiente anab\u00f3lico. Todos os tecidos magros cont\u00eam cerca de 16% de nitrog\u00eanio. Baixos n\u00edveis de nitrog\u00eanio podem ser destrutivos para a massa muscular.<\/p>\n<p data-path-to-node=\"8\"><b data-path-to-node=\"8\" data-index-in-node=\"0\">Reduz o estresse<\/b> O propionato de testosterona tamb\u00e9m reduz horm\u00f4nios do estresse, como o cortisol. Ap\u00f3s um certo n\u00edvel, os horm\u00f4nios do estresse podem ser destrutivos e levar a danos musculares. Os horm\u00f4nios do estresse tamb\u00e9m promovem horm\u00f4nios de ac\u00famulo de gordura e formam um ambiente catab\u00f3lico. Mas o produto pode salv\u00e1-lo de todo esse problema.<\/p>\n<h3 data-path-to-node=\"9\">Dosagem:<\/h3>\n<p data-path-to-node=\"10\">A dosagem de Propionato de Testosterona varia dependendo do objetivo do uso. Mas, na maioria dos casos, a dosagem \u00e9 baixa devido \u00e0 sua estrutura de \u00e9ster complexa (em compara\u00e7\u00e3o com outros produtos). Em casos raros, onde \u00e9 prescrito para a terapia de reposi\u00e7\u00e3o de testosterona, uma dosagem de 25-50mg por 2-3 vezes por semana \u00e9 prescrita. Quando prescrito como uma droga de desempenho, a dosagem varia de 100 mg a 300 mg por semana. Normalmente, variam de 150-200 mg. O tempo de uso varia com cada pessoa e seu objetivo. Mas consideramos 8 semanas de uso um per\u00edodo curto. 12 semanas \u00e9 considerado normal e, para for\u00e7a excessiva, algumas pessoas podem at\u00e9 us\u00e1-lo por 16 semanas.<\/p>\n<p data-path-to-node=\"11\">O Propionato de Testosterona \u00e9 um agente hormonal de testosterona pura. Artificialmente, \u00e9 uma r\u00e9plica perfeita da principal testosterona andr\u00f3gena masculina gerada normalmente. Deliberadamente, o horm\u00f4nio \u00e9 conectado ao \u00e9ster Propionato (\u00e1cido propi\u00f4nico), um \u00e9ster pequeno\/curto que torna poss\u00edvel controlar o tempo de libera\u00e7\u00e3o do agente hormonal. Sem um \u00e9ster, o horm\u00f4nio certamente se dispersaria e dissiparia rapidamente ap\u00f3s a administra\u00e7\u00e3o.<\/p>\n<p data-path-to-node=\"12\">Ao fixar o \u00e9ster, isso promove uma libera\u00e7\u00e3o regulada e permite que o indiv\u00edduo injete o agente hormonal com menos frequ\u00eancia. Quando o Propionato de Testosterona \u00e9 injetado, o \u00e9ster come\u00e7a lentamente a se desprender do agente hormonal. \u00c0 medida que o \u00e9ster \u00e9 separado, o horm\u00f4nio testosterona come\u00e7a a ser liberado no sangue. A meia-vida do Propionato de Testosterona \u00e9 de aproximadamente dois dias, o que \u00e9 significativamente mais longo do que a testosterona livre de \u00e9ster, que possui uma meia-vida um pouco inferior a 1 dia.<\/p>\n<p data-path-to-node=\"13\">Como uma testosterona pura, o Propionato de Testosterona traz uma classifica\u00e7\u00e3o anab\u00f3lica de 100 e tamb\u00e9m uma classifica\u00e7\u00e3o androg\u00eanica de 100. O pr\u00f3prio agente hormonal testosterona representa a base pela qual todas as classifica\u00e7\u00f5es anab\u00f3licas e androg\u00eanicas s\u00e3o medidas em todos os esteroides anab\u00f3licos.<\/p>\n<p data-path-to-node=\"14\">Embora sint\u00e9tico por natureza, o Propionato de Testosterona \u00e9 um horm\u00f4nio eficiente para a terapia de baixa testosterona. A testosterona \u00e9 um horm\u00f4nio vital gerado por homens e mulheres que influencia nosso bem-estar f\u00edsico, psicol\u00f3gico e tamb\u00e9m sexual. Embora produzida e necess\u00e1ria para ambos os sexos, os homens requerem aproximadamente dez vezes mais do que as mulheres. Embora eficiente, afinal \u00e9 testosterona, n\u00e3o \u00e9 uma forma recomendada de terapia, pois exigir\u00e1 inje\u00e7\u00f5es constantes. O Cipionato de Testosterona e tamb\u00e9m o Enantato de Testosterona continuam sendo as formas dominantes nas estrat\u00e9gias de terapia. Se voc\u00ea sofre [dessa condi\u00e7\u00e3o] e o Propionato de Testosterona \u00e9 o que est\u00e1 dispon\u00edvel, \u00e9 uma escolha adequada.<\/p>\n<p><\/p>","protected":false},"excerpt":{"rendered":"<p>O que \u00e9 o Propionato de Testosterona? Compre Propionato de Testosterona \u2013 Uma forma complexa e sint\u00e9tica de testosterona. \u00c9<\/p>\n","protected":false},"featured_media":10539,"comment_status":"open","ping_status":"closed","template":"","meta":[],"product_brand":[3526],"product_cat":[69],"product_tag":[],"class_list":{"0":"post-10538","1":"product","2":"type-product","3":"status-publish","4":"has-post-thumbnail","6":"product_brand-pharmabol","7":"product_cat-esteroides_inyectables","9":"first","10":"instock","11":"shipping-taxable","12":"purchasable","13":"product-type-simple"},"yoast_head":"<!-- This site is optimized with the Yoast SEO Premium plugin v24.4 (Yoast SEO v27.0) - https:\/\/yoast.com\/product\/yoast-seo-premium-wordpress\/ -->\n<title>TESTOBOL P (testosteron propionate) 100 mg - Ester\u00f3ides Online<\/title>\n<meta name=\"description\" content=\"O Propionato de Testosterona \u00e9 um \u00e9ster de a\u00e7\u00e3o r\u00e1pida que aumenta massa muscular, for\u00e7a e recupera\u00e7\u00e3o, melhorando o desempenho atl\u00e9tico.\" \/>\n<meta name=\"robots\" content=\"index, follow, max-snippet:-1, max-image-preview:large, max-video-preview:-1\" \/>\n<link rel=\"canonical\" href=\"https:\/\/iberoid-shop.com\/pt\/product\/testobol-p-testosteron-propionate-100-mg\/\" \/>\n<meta property=\"og:locale\" content=\"pt_PT\" \/>\n<meta property=\"og:type\" content=\"article\" \/>\n<meta property=\"og:title\" content=\"TESTOBOL P (testosteron propionate) 100 mg\" \/>\n<meta property=\"og:description\" content=\"O Propionato de Testosterona \u00e9 um \u00e9ster de a\u00e7\u00e3o r\u00e1pida que aumenta massa muscular, for\u00e7a e recupera\u00e7\u00e3o, melhorando o desempenho atl\u00e9tico.\" \/>\n<meta property=\"og:url\" content=\"https:\/\/iberoid-shop.com\/pt\/product\/testobol-p-testosteron-propionate-100-mg\/\" \/>\n<meta property=\"og:site_name\" content=\"Ester\u00f3ides Online\" \/>\n<meta property=\"article:modified_time\" content=\"2026-03-22T11:00:33+00:00\" \/>\n<meta property=\"og:image\" content=\"https:\/\/iberoid-shop.com\/wp-content\/uploads\/2026\/01\/tp-bp.jpeg?v=1769532340\" \/>\n\t<meta property=\"og:image:width\" content=\"1572\" \/>\n\t<meta property=\"og:image:height\" content=\"1482\" \/>\n\t<meta property=\"og:image:type\" content=\"image\/jpeg\" \/>\n<meta name=\"twitter:card\" content=\"summary_large_image\" \/>\n<meta name=\"twitter:label1\" content=\"pre\u00e7o\" \/>\n\t<meta name=\"twitter:data1\" content=\"&euro;30.00\" \/>\n\t<meta name=\"twitter:label2\" content=\"Disponibilidade\" \/>\n\t<meta name=\"twitter:data2\" content=\"Em stock\" \/>\n<script type=\"application\/ld+json\" class=\"yoast-schema-graph\">{\"@context\":\"https:\/\/schema.org\",\"@graph\":[{\"@type\":\"WebPage\",\"@id\":\"https:\/\/iberoid-shop.com\/pt\/product\/testobol-p-testosteron-propionate-100-mg\/\",\"url\":\"https:\/\/iberoid-shop.com\/pt\/product\/testobol-p-testosteron-propionate-100-mg\/\",\"name\":\"TESTOBOL P (testosteron propionate) 100 mg - Ester\u00f3ides Online\",\"isPartOf\":{\"@id\":\"https:\/\/iberoid-shop.com\/pt\/#website\"},\"primaryImageOfPage\":{\"@id\":\"https:\/\/iberoid-shop.com\/pt\/product\/testobol-p-testosteron-propionate-100-mg\/#primaryimage\"},\"image\":{\"@id\":\"https:\/\/iberoid-shop.com\/product\/testobol-p-testosteron-propionate-100-mg\/#primaryimage\"},\"thumbnailUrl\":\"https:\/\/iberoid-shop.com\/wp-content\/uploads\/2026\/01\/tp-bp.jpeg?v=1769532340\",\"datePublished\":\"2026-01-27T16:46:01+00:00\",\"dateModified\":\"2026-03-22T11:00:33+00:00\",\"description\":\"O Propionato de Testosterona \u00e9 um \u00e9ster de a\u00e7\u00e3o r\u00e1pida que aumenta massa muscular, for\u00e7a e recupera\u00e7\u00e3o, melhorando o desempenho atl\u00e9tico.\",\"breadcrumb\":{\"@id\":\"https:\/\/iberoid-shop.com\/pt\/product\/testobol-p-testosteron-propionate-100-mg\/#breadcrumb\"},\"inLanguage\":\"pt-PT\",\"potentialAction\":[{\"@type\":\"ReadAction\",\"target\":[[\"https:\/\/iberoid-shop.com\/pt\/product\/testobol-p-testosteron-propionate-100-mg\/\"]]}]},{\"@type\":\"ImageObject\",\"inLanguage\":\"pt-PT\",\"@id\":\"https:\/\/iberoid-shop.com\/pt\/product\/testobol-p-testosteron-propionate-100-mg\/#primaryimage\",\"url\":\"https:\/\/iberoid-shop.com\/wp-content\/uploads\/2026\/01\/tp-bp.jpeg?v=1769532340\",\"contentUrl\":\"https:\/\/iberoid-shop.com\/wp-content\/uploads\/2026\/01\/tp-bp.jpeg?v=1769532340\",\"width\":1572,\"height\":1482},{\"@type\":\"BreadcrumbList\",\"@id\":\"https:\/\/iberoid-shop.com\/pt\/product\/testobol-p-testosteron-propionate-100-mg\/#breadcrumb\",\"itemListElement\":[{\"@type\":\"ListItem\",\"position\":1,\"name\":\"Portada\",\"item\":\"https:\/\/iberoid-shop.com\/pt\/\"},{\"@type\":\"ListItem\",\"position\":2,\"name\":\"Loja\",\"item\":\"https:\/\/iberoid-shop.com\/pt\/shop\/\"},{\"@type\":\"ListItem\",\"position\":3,\"name\":\"TESTOBOL P (testosteron propionate) 100 mg\"}]},{\"@type\":\"WebSite\",\"@id\":\"https:\/\/iberoid-shop.com\/pt\/#website\",\"url\":\"https:\/\/iberoid-shop.com\/pt\/\",\"name\":\"Ester\u00f3ides Online\",\"description\":\"Compre ester\u00f3ides online hoje em Espanha e Portugal. Temos o melhor servi\u00e7o ao cliente do setor e produtos da mais alta qualidade\",\"potentialAction\":[{\"@type\":\"SearchAction\",\"target\":{\"@type\":\"EntryPoint\",\"urlTemplate\":\"https:\/\/iberoid-shop.com\/pt\/?s={search_term_string}\"},\"query-input\":{\"@type\":\"PropertyValueSpecification\",\"valueRequired\":true,\"valueName\":\"search_term_string\"}}],\"inLanguage\":\"pt-PT\"}]}<\/script>\n<meta property=\"product:brand\" content=\"Pharmabol\" \/>\n<meta property=\"product:price:amount\" content=\"30.00\" \/>\n<meta property=\"product:price:currency\" content=\"EUR\" \/>\n<meta property=\"og:availability\" content=\"instock\" \/>\n<meta property=\"product:availability\" content=\"instock\" \/>\n<meta property=\"product:condition\" content=\"new\" \/>\n<!-- \/ Yoast SEO Premium plugin. -->","yoast_head_json":{"title":"TESTOBOL P (testosteron propionate) 100 mg - Ester\u00f3ides Online","description":"O Propionato de Testosterona \u00e9 um \u00e9ster de a\u00e7\u00e3o r\u00e1pida que aumenta massa muscular, for\u00e7a e recupera\u00e7\u00e3o, melhorando o desempenho atl\u00e9tico.","robots":{"index":"index","follow":"follow","max-snippet":"max-snippet:-1","max-image-preview":"max-image-preview:large","max-video-preview":"max-video-preview:-1"},"canonical":"https:\/\/iberoid-shop.com\/pt\/product\/testobol-p-testosteron-propionate-100-mg\/","og_locale":"pt_PT","og_type":"article","og_title":"TESTOBOL P (testosteron propionate) 100 mg","og_description":"O Propionato de Testosterona \u00e9 um \u00e9ster de a\u00e7\u00e3o r\u00e1pida que aumenta massa muscular, for\u00e7a e recupera\u00e7\u00e3o, melhorando o desempenho atl\u00e9tico.","og_url":"https:\/\/iberoid-shop.com\/pt\/product\/testobol-p-testosteron-propionate-100-mg\/","og_site_name":"Ester\u00f3ides Online","article_modified_time":"2026-03-22T11:00:33+00:00","og_image":[{"width":1572,"height":1482,"url":"https:\/\/iberoid-shop.com\/wp-content\/uploads\/2026\/01\/tp-bp.jpeg?v=1769532340","type":"image\/jpeg"}],"twitter_card":"summary_large_image","twitter_misc":{"pre\u00e7o":"&euro;30.00","Disponibilidade":"Em stock"},"schema":{"@context":"https:\/\/schema.org","@graph":[{"@type":"WebPage","@id":"https:\/\/iberoid-shop.com\/pt\/product\/testobol-p-testosteron-propionate-100-mg\/","url":"https:\/\/iberoid-shop.com\/pt\/product\/testobol-p-testosteron-propionate-100-mg\/","name":"TESTOBOL P (testosteron propionate) 100 mg - Ester\u00f3ides Online","isPartOf":{"@id":"https:\/\/iberoid-shop.com\/pt\/#website"},"primaryImageOfPage":{"@id":"https:\/\/iberoid-shop.com\/pt\/product\/testobol-p-testosteron-propionate-100-mg\/#primaryimage"},"image":{"@id":"https:\/\/iberoid-shop.com\/product\/testobol-p-testosteron-propionate-100-mg\/#primaryimage"},"thumbnailUrl":"https:\/\/iberoid-shop.com\/wp-content\/uploads\/2026\/01\/tp-bp.jpeg?v=1769532340","datePublished":"2026-01-27T16:46:01+00:00","dateModified":"2026-03-22T11:00:33+00:00","description":"O Propionato de Testosterona \u00e9 um \u00e9ster de a\u00e7\u00e3o r\u00e1pida que aumenta massa muscular, for\u00e7a e recupera\u00e7\u00e3o, melhorando o desempenho atl\u00e9tico.","breadcrumb":{"@id":"https:\/\/iberoid-shop.com\/pt\/product\/testobol-p-testosteron-propionate-100-mg\/#breadcrumb"},"inLanguage":"pt-PT","potentialAction":[{"@type":"ReadAction","target":[["https:\/\/iberoid-shop.com\/pt\/product\/testobol-p-testosteron-propionate-100-mg\/"]]}]},{"@type":"ImageObject","inLanguage":"pt-PT","@id":"https:\/\/iberoid-shop.com\/pt\/product\/testobol-p-testosteron-propionate-100-mg\/#primaryimage","url":"https:\/\/iberoid-shop.com\/wp-content\/uploads\/2026\/01\/tp-bp.jpeg?v=1769532340","contentUrl":"https:\/\/iberoid-shop.com\/wp-content\/uploads\/2026\/01\/tp-bp.jpeg?v=1769532340","width":1572,"height":1482},{"@type":"BreadcrumbList","@id":"https:\/\/iberoid-shop.com\/pt\/product\/testobol-p-testosteron-propionate-100-mg\/#breadcrumb","itemListElement":[{"@type":"ListItem","position":1,"name":"Portada","item":"https:\/\/iberoid-shop.com\/pt\/"},{"@type":"ListItem","position":2,"name":"Loja","item":"https:\/\/iberoid-shop.com\/pt\/shop\/"},{"@type":"ListItem","position":3,"name":"TESTOBOL P (testosteron propionate) 100 mg"}]},{"@type":"WebSite","@id":"https:\/\/iberoid-shop.com\/pt\/#website","url":"https:\/\/iberoid-shop.com\/pt\/","name":"Ester\u00f3ides Online","description":"Compre ester\u00f3ides online hoje em Espanha e Portugal. Temos o melhor servi\u00e7o ao cliente do setor e produtos da mais alta qualidade","potentialAction":[{"@type":"SearchAction","target":{"@type":"EntryPoint","urlTemplate":"https:\/\/iberoid-shop.com\/pt\/?s={search_term_string}"},"query-input":{"@type":"PropertyValueSpecification","valueRequired":true,"valueName":"search_term_string"}}],"inLanguage":"pt-PT"}]},"product_brand":"Pharmabol","product_price_amount":"30.00","product_price_currency":"EUR","og_availability":"instock","product_availability":"instock","product_condition":"new"},"_links":{"self":[{"href":"https:\/\/iberoid-shop.com\/pt\/wp-json\/wp\/v2\/product\/10538","targetHints":{"allow":["GET"]}}],"collection":[{"href":"https:\/\/iberoid-shop.com\/pt\/wp-json\/wp\/v2\/product"}],"about":[{"href":"https:\/\/iberoid-shop.com\/pt\/wp-json\/wp\/v2\/types\/product"}],"replies":[{"embeddable":true,"href":"https:\/\/iberoid-shop.com\/pt\/wp-json\/wp\/v2\/comments?post=10538"}],"wp:featuredmedia":[{"embeddable":true,"href":"https:\/\/iberoid-shop.com\/pt\/wp-json\/wp\/v2\/media\/10539"}],"wp:attachment":[{"href":"https:\/\/iberoid-shop.com\/pt\/wp-json\/wp\/v2\/media?parent=10538"}],"wp:term":[{"taxonomy":"product_brand","embeddable":true,"href":"https:\/\/iberoid-shop.com\/pt\/wp-json\/wp\/v2\/product_brand?post=10538"},{"taxonomy":"product_cat","embeddable":true,"href":"https:\/\/iberoid-shop.com\/pt\/wp-json\/wp\/v2\/product_cat?post=10538"},{"taxonomy":"product_tag","embeddable":true,"href":"https:\/\/iberoid-shop.com\/pt\/wp-json\/wp\/v2\/product_tag?post=10538"}],"curies":[{"name":"wp","href":"https:\/\/api.w.org\/{rel}","templated":true}]}}