{"id":10471,"date":"2025-12-14T11:08:34","date_gmt":"2025-12-14T11:08:34","guid":{"rendered":"https:\/\/iberoid-shop.com\/?post_type=product&#038;p=10471"},"modified":"2026-04-07T17:36:34","modified_gmt":"2026-04-07T17:36:34","slug":"clenbuterol-epf-base-line","status":"publish","type":"product","link":"https:\/\/iberoid-shop.com\/pt\/product\/clenbuterol-epf-base-line\/","title":{"rendered":"CLENBUTEROL &#8211; base-line"},"content":{"rendered":"<p><\/p>\n<h3 data-path-to-node=\"3\"><b data-path-to-node=\"3\" data-index-in-node=\"0\">1 comprimido de 40 \u00b5g cont\u00e9m:<\/b><\/h3>\n<ul data-path-to-node=\"4\">\n<li>\n<p data-path-to-node=\"4,0,0\"><b data-path-to-node=\"4,0,0\" data-index-in-node=\"0\">Subst\u00e2ncia ativa:<\/b> Cloridrato de clenbuterol 0,04 mg.<\/p>\n<\/li>\n<li>\n<p data-path-to-node=\"4,1,0\"><b data-path-to-node=\"4,1,0\" data-index-in-node=\"0\">Excipientes:<\/b> Estearato de magn\u00e9sio, Ludipress\u2122 (lactose, povidona, crospovidona).<\/p>\n<\/li>\n<\/ul>\n<hr data-path-to-node=\"5\" \/>\n<h3 data-path-to-node=\"6\"><b data-path-to-node=\"6\" data-index-in-node=\"0\">DESCRI\u00c7\u00c3O DA PREPARA\u00c7\u00c3O<\/b><\/h3>\n<p data-path-to-node=\"7\"><b data-path-to-node=\"7\" data-index-in-node=\"0\">Comprimidos 20 \u00b5g:<\/b> Comprimidos de cor marrom, de forma quadrada, superf\u00edcies superior e inferior planas e bordas biseladas (chanfradas). Numa das faces possuem uma linha divis\u00f3ria e a impress\u00e3o &#8220;BP&#8221;, e na outra parte &#8220;20&#8221;. A superf\u00edcie lateral tem bordas arredondadas.<\/p>\n<p data-path-to-node=\"8\"><b data-path-to-node=\"8\" data-index-in-node=\"0\">Comprimidos 40 \u00b5g:<\/b> Comprimidos de cor branca ou branca com tom amarelado, de forma quadrada, superf\u00edcies superior e inferior planas e bordas biseladas (chanfradas). Numa das faces possuem uma linha divis\u00f3ria e a impress\u00e3o &#8220;BP&#8221;, e na outra parte &#8220;40&#8221;. A superf\u00edcie lateral tem bordas arredondadas.<\/p>\n<hr data-path-to-node=\"9\" \/>\n<h3 data-path-to-node=\"10\"><b data-path-to-node=\"10\" data-index-in-node=\"0\">PROPRIEDADES FARMACOL\u00d3GICAS<\/b><\/h3>\n<p data-path-to-node=\"11\">Broncodilatador de a\u00e7\u00e3o prolongada. Estimula os receptores beta-2 adren\u00e9rgicos relaxando a musculatura dos br\u00f4nquios. Inibe a liberta\u00e7\u00e3o de mediadores dos mast\u00f3citos que provocam broncoespasmo e inflama\u00e7\u00e3o br\u00f4nquica. Reduz o edema e os fen\u00f3menos de estase nos br\u00f4nquios, melhora a depura\u00e7\u00e3o mucociliar. Manifesta a\u00e7\u00e3o tocol\u00edtica: reduz o t\u00f3nus e a atividade contr\u00e1til do \u00fatero.<\/p>\n<hr data-path-to-node=\"12\" \/>\n<h3 data-path-to-node=\"13\"><b data-path-to-node=\"13\" data-index-in-node=\"0\">INDICA\u00c7\u00d5ES TERAP\u00caUTICAS<\/b><\/h3>\n<p data-path-to-node=\"14\">Asma br\u00f4nquica, afe\u00e7\u00f5es pulmonares com s\u00edndrome bronco-obstrutiva, incluindo bronquite cr\u00f3nica obstrutiva e enfisema pulmonar.<\/p>\n<hr data-path-to-node=\"15\" \/>\n<h3 data-path-to-node=\"16\"><b data-path-to-node=\"16\" data-index-in-node=\"0\">DOSE E MODO DE ADMINISTRA\u00c7\u00c3O<\/b><\/h3>\n<p data-path-to-node=\"17\"><b data-path-to-node=\"17\" data-index-in-node=\"0\">Adultos e crian\u00e7as com mais de 12 anos:<\/b> 10-20 \u00b5g, 2 vezes ao dia; em broncoespasmo severo \u2014 at\u00e9 80 \u00b5g por dia. <b data-path-to-node=\"17\" data-index-in-node=\"111\">Dose de manuten\u00e7\u00e3o:<\/b> 10 \u00b5g, 2 vezes ao dia. <b data-path-to-node=\"17\" data-index-in-node=\"154\">Crian\u00e7as:<\/b> Administra-se em doses reduzidas, dependendo da idade, 2 vezes ao dia.<\/p>\n<hr data-path-to-node=\"18\" \/>\n<h3 data-path-to-node=\"19\"><b data-path-to-node=\"19\" data-index-in-node=\"0\">REA\u00c7\u00d5ES ADVERSAS<\/b><\/h3>\n<ul data-path-to-node=\"20\">\n<li>\n<p data-path-to-node=\"20,0,0\"><b data-path-to-node=\"20,0,0\" data-index-in-node=\"0\">Dist\u00farbios do sistema nervoso:<\/b> Tremor dos dedos das m\u00e3os no in\u00edcio do tratamento, ins\u00f3nia, inquieta\u00e7\u00e3o, cefaleia.<\/p>\n<\/li>\n<li>\n<p data-path-to-node=\"20,1,0\"><b data-path-to-node=\"20,1,0\" data-index-in-node=\"0\">Dist\u00farbios card\u00edacos:<\/b> Extrass\u00edstoles, taquicardia.<\/p>\n<\/li>\n<li>\n<p data-path-to-node=\"20,2,0\"><b data-path-to-node=\"20,2,0\" data-index-in-node=\"0\">Dist\u00farbios vasculares:<\/b> Hipotens\u00e3o arterial.<\/p>\n<\/li>\n<li>\n<p data-path-to-node=\"20,3,0\"><b data-path-to-node=\"20,3,0\" data-index-in-node=\"0\">Dist\u00farbios gastrointestinais:<\/b> Xerostomia (boca seca), n\u00e1useas.<\/p>\n<\/li>\n<li>\n<p data-path-to-node=\"20,4,0\"><b data-path-to-node=\"20,4,0\" data-index-in-node=\"0\">Afe\u00e7\u00f5es da pele e do tecido subcut\u00e2neo:<\/b> Rea\u00e7\u00f5es al\u00e9rgicas cut\u00e2neas.<\/p>\n<\/li>\n<\/ul>\n<hr data-path-to-node=\"21\" \/>\n<h3 data-path-to-node=\"22\"><b data-path-to-node=\"22\" data-index-in-node=\"0\">CONTRAINDICA\u00c7\u00d5ES<\/b><\/h3>\n<p data-path-to-node=\"23\">Hipersensibilidade ao clenbuterol, hipertiroidismo, estenose a\u00f3rtica subvalvular hipertr\u00f3fica idiop\u00e1tica, taquicardia, taquiarritmia, enfarte agudo do mioc\u00e1rdio, gravidez no primeiro trimestre e no per\u00edodo pr\u00e9-natal.<\/p>\n<hr data-path-to-node=\"24\" \/>\n<h3 data-path-to-node=\"25\"><b data-path-to-node=\"25\" data-index-in-node=\"0\">SUPERDOSAGEM<\/b><\/h3>\n<ul data-path-to-node=\"26\">\n<li>\n<p data-path-to-node=\"26,0,0\"><b data-path-to-node=\"26,0,0\" data-index-in-node=\"0\">Sintomas:<\/b> Tremor dos membros, inquieta\u00e7\u00e3o, taquicardia.<\/p>\n<\/li>\n<li>\n<p data-path-to-node=\"26,1,0\"><b data-path-to-node=\"26,1,0\" data-index-in-node=\"0\">Tratamento:<\/b> Redu\u00e7\u00e3o da dose, tratamento sintom\u00e1tico.<\/p>\n<\/li>\n<\/ul>\n<hr data-path-to-node=\"27\" \/>\n<h3 data-path-to-node=\"28\"><b data-path-to-node=\"28\" data-index-in-node=\"0\">ADVERT\u00caNCIAS E PRECAU\u00c7\u00d5ES ESPECIAIS DE UTILIZA\u00c7\u00c3O<\/b><\/h3>\n<p data-path-to-node=\"29\"><b data-path-to-node=\"29\" data-index-in-node=\"0\">Os comprimidos de Clenbuterol cont\u00eam lactose.<\/b> Pacientes com doen\u00e7as heredit\u00e1rias raras de intoler\u00e2ncia \u00e0 galactose, defici\u00eancia de lactase (Lapp) ou s\u00edndrome de m\u00e1 absor\u00e7\u00e3o de glicose-galactose n\u00e3o devem utilizar este medicamento.<\/p>\n<p data-path-to-node=\"30\"><b data-path-to-node=\"30\" data-index-in-node=\"0\">Os comprimidos de Clenbuterol 20 \u00b5g cont\u00eam o corante azoico FD&amp;C Amarelo n\u00ba 5 (tartrazina, E 102),<\/b> que pode provocar rea\u00e7\u00f5es al\u00e9rgicas.<\/p>\n<p data-path-to-node=\"31\"><b data-path-to-node=\"31\" data-index-in-node=\"0\">Administra\u00e7\u00e3o na gravidez e per\u00edodo de amamenta\u00e7\u00e3o:<\/b><\/p>\n<ul data-path-to-node=\"32\">\n<li>\n<p data-path-to-node=\"32,0,0\">A administra\u00e7\u00e3o est\u00e1 contraindicada no primeiro trimestre de gravidez.<\/p>\n<\/li>\n<li>\n<p data-path-to-node=\"32,1,0\">N\u00e3o administrar no per\u00edodo pr\u00e9-natal (logo antes do parto), uma vez que o clenbuterol relaxa o miom\u00e9trio e inibe o trabalho de parto.<\/p>\n<\/li>\n<\/ul>\n<p data-path-to-node=\"33\"><b data-path-to-node=\"33\" data-index-in-node=\"0\">Influ\u00eancia sobre a capacidade de conduzir ve\u00edculos ou operar m\u00e1quinas:<\/b> O preparado n\u00e3o influencia a capacidade de conduzir ve\u00edculos autom\u00f3veis ou manobrar m\u00e1quinas.<\/p>\n<p><\/p>","protected":false},"excerpt":{"rendered":"<p>1 comprimido de 40 \u00b5g cont\u00e9m: Subst\u00e2ncia ativa: Cloridrato de clenbuterol 0,04 mg. Excipientes: Estearato de magn\u00e9sio, Ludipress\u2122 (lactose, povidona,<\/p>\n","protected":false},"featured_media":10472,"comment_status":"open","ping_status":"closed","template":"","meta":[],"product_brand":[3528],"product_cat":[73,3533],"product_tag":[],"class_list":{"0":"post-10471","1":"product","2":"type-product","3":"status-publish","4":"has-post-thumbnail","6":"product_brand-epf-premium","7":"product_cat-ssteroides_orales","8":"product_cat-sales-rebajas","10":"first","11":"instock","12":"sale","13":"shipping-taxable","14":"purchasable","15":"product-type-simple"},"yoast_head":"<!-- This site is optimized with the Yoast SEO Premium plugin v24.4 (Yoast SEO v27.0) - https:\/\/yoast.com\/product\/yoast-seo-premium-wordpress\/ -->\n<title>CLENBUTEROL - base-line - Ester\u00f3ides Online<\/title>\n<meta name=\"description\" content=\"CLENBUTEROL \u00e9 um broncodilatador de a\u00e7\u00e3o prolongada que relaxa os m\u00fasculos br\u00f4nquicos, tratando asma e bronquite obstrutiva.\" \/>\n<meta name=\"robots\" content=\"index, follow, max-snippet:-1, max-image-preview:large, max-video-preview:-1\" \/>\n<link rel=\"canonical\" href=\"https:\/\/iberoid-shop.com\/pt\/product\/clenbuterol-epf-base-line\/\" \/>\n<meta property=\"og:locale\" content=\"pt_PT\" \/>\n<meta property=\"og:type\" content=\"article\" \/>\n<meta property=\"og:title\" content=\"CLENBUTEROL - base-line\" \/>\n<meta property=\"og:description\" content=\"CLENBUTEROL \u00e9 um broncodilatador de a\u00e7\u00e3o prolongada que relaxa os m\u00fasculos br\u00f4nquicos, tratando asma e bronquite obstrutiva.\" \/>\n<meta property=\"og:url\" content=\"https:\/\/iberoid-shop.com\/pt\/product\/clenbuterol-epf-base-line\/\" \/>\n<meta property=\"og:site_name\" content=\"Ester\u00f3ides Online\" \/>\n<meta property=\"article:modified_time\" content=\"2026-04-07T17:36:34+00:00\" \/>\n<meta property=\"og:image\" content=\"https:\/\/iberoid-shop.com\/wp-content\/uploads\/2025\/12\/CGED.jpeg?v=1765710499\" \/>\n\t<meta property=\"og:image:width\" content=\"1302\" \/>\n\t<meta property=\"og:image:height\" content=\"912\" \/>\n\t<meta property=\"og:image:type\" content=\"image\/jpeg\" \/>\n<meta name=\"twitter:card\" content=\"summary_large_image\" \/>\n<meta name=\"twitter:label1\" content=\"pre\u00e7o\" \/>\n\t<meta name=\"twitter:data1\" content=\"&euro;20.00\" \/>\n\t<meta name=\"twitter:label2\" content=\"Disponibilidade\" \/>\n\t<meta name=\"twitter:data2\" content=\"Em stock\" \/>\n<script type=\"application\/ld+json\" class=\"yoast-schema-graph\">{\"@context\":\"https:\/\/schema.org\",\"@graph\":[{\"@type\":\"WebPage\",\"@id\":\"https:\/\/iberoid-shop.com\/pt\/product\/clenbuterol-epf-base-line\/\",\"url\":\"https:\/\/iberoid-shop.com\/pt\/product\/clenbuterol-epf-base-line\/\",\"name\":\"CLENBUTEROL - base-line - Ester\u00f3ides Online\",\"isPartOf\":{\"@id\":\"https:\/\/iberoid-shop.com\/pt\/#website\"},\"primaryImageOfPage\":{\"@id\":\"https:\/\/iberoid-shop.com\/pt\/product\/clenbuterol-epf-base-line\/#primaryimage\"},\"image\":{\"@id\":\"https:\/\/iberoid-shop.com\/pt\/product\/clenbuterol-epf-base-line\/#primaryimage\"},\"thumbnailUrl\":\"https:\/\/iberoid-shop.com\/wp-content\/uploads\/2025\/12\/CGED.jpeg?v=1765710499\",\"datePublished\":\"2025-12-14T11:08:34+00:00\",\"dateModified\":\"2026-04-07T17:36:34+00:00\",\"description\":\"CLENBUTEROL \u00e9 um broncodilatador de a\u00e7\u00e3o prolongada que relaxa os m\u00fasculos br\u00f4nquicos, tratando asma e bronquite obstrutiva.\",\"breadcrumb\":{\"@id\":\"https:\/\/iberoid-shop.com\/pt\/product\/clenbuterol-epf-base-line\/#breadcrumb\"},\"inLanguage\":\"pt-PT\",\"potentialAction\":[{\"@type\":\"ReadAction\",\"target\":[[\"https:\/\/iberoid-shop.com\/pt\/product\/clenbuterol-epf-base-line\/\"]]}]},{\"@type\":\"ImageObject\",\"inLanguage\":\"pt-PT\",\"@id\":\"https:\/\/iberoid-shop.com\/pt\/product\/clenbuterol-epf-base-line\/#primaryimage\",\"url\":\"https:\/\/iberoid-shop.com\/wp-content\/uploads\/2025\/12\/CGED.jpeg?v=1765710499\",\"contentUrl\":\"https:\/\/iberoid-shop.com\/wp-content\/uploads\/2025\/12\/CGED.jpeg?v=1765710499\",\"width\":1302,\"height\":912},{\"@type\":\"BreadcrumbList\",\"@id\":\"https:\/\/iberoid-shop.com\/pt\/product\/clenbuterol-epf-base-line\/#breadcrumb\",\"itemListElement\":[{\"@type\":\"ListItem\",\"position\":1,\"name\":\"Portada\",\"item\":\"https:\/\/iberoid-shop.com\/pt\/\"},{\"@type\":\"ListItem\",\"position\":2,\"name\":\"Loja\",\"item\":\"https:\/\/iberoid-shop.com\/pt\/shop\/\"},{\"@type\":\"ListItem\",\"position\":3,\"name\":\"CLENBUTEROL &#8211; base-line\"}]},{\"@type\":\"WebSite\",\"@id\":\"https:\/\/iberoid-shop.com\/pt\/#website\",\"url\":\"https:\/\/iberoid-shop.com\/pt\/\",\"name\":\"Ester\u00f3ides Online\",\"description\":\"Compre ester\u00f3ides online hoje em Espanha e Portugal. Temos o melhor servi\u00e7o ao cliente do setor e produtos da mais alta qualidade\",\"potentialAction\":[{\"@type\":\"SearchAction\",\"target\":{\"@type\":\"EntryPoint\",\"urlTemplate\":\"https:\/\/iberoid-shop.com\/pt\/?s={search_term_string}\"},\"query-input\":{\"@type\":\"PropertyValueSpecification\",\"valueRequired\":true,\"valueName\":\"search_term_string\"}}],\"inLanguage\":\"pt-PT\"}]}<\/script>\n<meta property=\"product:brand\" content=\"Euro Prime Pharmaceuticals (EPF)\" \/>\n<meta property=\"product:price:amount\" content=\"20.00\" \/>\n<meta property=\"product:price:currency\" content=\"EUR\" \/>\n<meta property=\"og:availability\" content=\"instock\" \/>\n<meta property=\"product:availability\" content=\"instock\" \/>\n<meta property=\"product:condition\" content=\"new\" \/>\n<!-- \/ Yoast SEO Premium plugin. -->","yoast_head_json":{"title":"CLENBUTEROL - base-line - Ester\u00f3ides Online","description":"CLENBUTEROL \u00e9 um broncodilatador de a\u00e7\u00e3o prolongada que relaxa os m\u00fasculos br\u00f4nquicos, tratando asma e bronquite obstrutiva.","robots":{"index":"index","follow":"follow","max-snippet":"max-snippet:-1","max-image-preview":"max-image-preview:large","max-video-preview":"max-video-preview:-1"},"canonical":"https:\/\/iberoid-shop.com\/pt\/product\/clenbuterol-epf-base-line\/","og_locale":"pt_PT","og_type":"article","og_title":"CLENBUTEROL - base-line","og_description":"CLENBUTEROL \u00e9 um broncodilatador de a\u00e7\u00e3o prolongada que relaxa os m\u00fasculos br\u00f4nquicos, tratando asma e bronquite obstrutiva.","og_url":"https:\/\/iberoid-shop.com\/pt\/product\/clenbuterol-epf-base-line\/","og_site_name":"Ester\u00f3ides Online","article_modified_time":"2026-04-07T17:36:34+00:00","og_image":[{"width":1302,"height":912,"url":"https:\/\/iberoid-shop.com\/wp-content\/uploads\/2025\/12\/CGED.jpeg?v=1765710499","type":"image\/jpeg"}],"twitter_card":"summary_large_image","twitter_misc":{"pre\u00e7o":"&euro;20.00","Disponibilidade":"Em stock"},"schema":{"@context":"https:\/\/schema.org","@graph":[{"@type":"WebPage","@id":"https:\/\/iberoid-shop.com\/pt\/product\/clenbuterol-epf-base-line\/","url":"https:\/\/iberoid-shop.com\/pt\/product\/clenbuterol-epf-base-line\/","name":"CLENBUTEROL - base-line - Ester\u00f3ides Online","isPartOf":{"@id":"https:\/\/iberoid-shop.com\/pt\/#website"},"primaryImageOfPage":{"@id":"https:\/\/iberoid-shop.com\/pt\/product\/clenbuterol-epf-base-line\/#primaryimage"},"image":{"@id":"https:\/\/iberoid-shop.com\/pt\/product\/clenbuterol-epf-base-line\/#primaryimage"},"thumbnailUrl":"https:\/\/iberoid-shop.com\/wp-content\/uploads\/2025\/12\/CGED.jpeg?v=1765710499","datePublished":"2025-12-14T11:08:34+00:00","dateModified":"2026-04-07T17:36:34+00:00","description":"CLENBUTEROL \u00e9 um broncodilatador de a\u00e7\u00e3o prolongada que relaxa os m\u00fasculos br\u00f4nquicos, tratando asma e bronquite obstrutiva.","breadcrumb":{"@id":"https:\/\/iberoid-shop.com\/pt\/product\/clenbuterol-epf-base-line\/#breadcrumb"},"inLanguage":"pt-PT","potentialAction":[{"@type":"ReadAction","target":[["https:\/\/iberoid-shop.com\/pt\/product\/clenbuterol-epf-base-line\/"]]}]},{"@type":"ImageObject","inLanguage":"pt-PT","@id":"https:\/\/iberoid-shop.com\/pt\/product\/clenbuterol-epf-base-line\/#primaryimage","url":"https:\/\/iberoid-shop.com\/wp-content\/uploads\/2025\/12\/CGED.jpeg?v=1765710499","contentUrl":"https:\/\/iberoid-shop.com\/wp-content\/uploads\/2025\/12\/CGED.jpeg?v=1765710499","width":1302,"height":912},{"@type":"BreadcrumbList","@id":"https:\/\/iberoid-shop.com\/pt\/product\/clenbuterol-epf-base-line\/#breadcrumb","itemListElement":[{"@type":"ListItem","position":1,"name":"Portada","item":"https:\/\/iberoid-shop.com\/pt\/"},{"@type":"ListItem","position":2,"name":"Loja","item":"https:\/\/iberoid-shop.com\/pt\/shop\/"},{"@type":"ListItem","position":3,"name":"CLENBUTEROL &#8211; base-line"}]},{"@type":"WebSite","@id":"https:\/\/iberoid-shop.com\/pt\/#website","url":"https:\/\/iberoid-shop.com\/pt\/","name":"Ester\u00f3ides Online","description":"Compre ester\u00f3ides online hoje em Espanha e Portugal. Temos o melhor servi\u00e7o ao cliente do setor e produtos da mais alta qualidade","potentialAction":[{"@type":"SearchAction","target":{"@type":"EntryPoint","urlTemplate":"https:\/\/iberoid-shop.com\/pt\/?s={search_term_string}"},"query-input":{"@type":"PropertyValueSpecification","valueRequired":true,"valueName":"search_term_string"}}],"inLanguage":"pt-PT"}]},"product_brand":"Euro Prime Pharmaceuticals (EPF)","product_price_amount":"20.00","product_price_currency":"EUR","og_availability":"instock","product_availability":"instock","product_condition":"new"},"_links":{"self":[{"href":"https:\/\/iberoid-shop.com\/pt\/wp-json\/wp\/v2\/product\/10471","targetHints":{"allow":["GET"]}}],"collection":[{"href":"https:\/\/iberoid-shop.com\/pt\/wp-json\/wp\/v2\/product"}],"about":[{"href":"https:\/\/iberoid-shop.com\/pt\/wp-json\/wp\/v2\/types\/product"}],"replies":[{"embeddable":true,"href":"https:\/\/iberoid-shop.com\/pt\/wp-json\/wp\/v2\/comments?post=10471"}],"wp:featuredmedia":[{"embeddable":true,"href":"https:\/\/iberoid-shop.com\/pt\/wp-json\/wp\/v2\/media\/10472"}],"wp:attachment":[{"href":"https:\/\/iberoid-shop.com\/pt\/wp-json\/wp\/v2\/media?parent=10471"}],"wp:term":[{"taxonomy":"product_brand","embeddable":true,"href":"https:\/\/iberoid-shop.com\/pt\/wp-json\/wp\/v2\/product_brand?post=10471"},{"taxonomy":"product_cat","embeddable":true,"href":"https:\/\/iberoid-shop.com\/pt\/wp-json\/wp\/v2\/product_cat?post=10471"},{"taxonomy":"product_tag","embeddable":true,"href":"https:\/\/iberoid-shop.com\/pt\/wp-json\/wp\/v2\/product_tag?post=10471"}],"curies":[{"name":"wp","href":"https:\/\/api.w.org\/{rel}","templated":true}]}}