{"id":10460,"date":"2025-12-07T13:36:55","date_gmt":"2025-12-07T13:36:55","guid":{"rendered":"https:\/\/iberoid-shop.com\/?post_type=product&#038;p=10460"},"modified":"2026-03-22T11:02:43","modified_gmt":"2026-03-22T11:02:43","slug":"pack3-te-ject-testosteron-enanthate","status":"publish","type":"product","link":"https:\/\/iberoid-shop.com\/pt\/product\/pack3-te-ject-testosteron-enanthate\/","title":{"rendered":"PACK3 TE-JECT &#8211; testosteron enanthate"},"content":{"rendered":"<p><\/p>\n<p data-path-to-node=\"2\">O <b>Enantato de Testosterona<\/b>, ou TE-JECT, \u00e9 uma vers\u00e3o sint\u00e9tica do horm\u00f4nio testosterona. \u00c9 comumente usado para ajudar a aumentar os n\u00edveis de testosterona em pessoas que t\u00eam n\u00edveis baixos. Se este medicamento lhe for prescrito, geralmente \u00e9 o primeiro esteroide que o seu m\u00e9dico recomendar\u00e1.<\/p>\n<h3 data-path-to-node=\"3\">Como Funciona?<\/h3>\n<p data-path-to-node=\"4\">Ent\u00e3o, como o TE-JECT realmente funciona? \u00c9 conhecido por alterar a apar\u00eancia e o tamanho dos seus m\u00fasculos. Gra\u00e7as \u00e0s suas <b>propriedades androg\u00eanicas<\/b>, ele ajuda a proteger os seus m\u00fasculos, conquistados com esfor\u00e7o, de serem degradados. Ao tomar TE-JECT, ele estimula as suas c\u00e9lulas musculares a armazenar mais prote\u00ednas, o que \u00e9 vital para a constru\u00e7\u00e3o dessas fibras musculares.<\/p>\n<p data-path-to-node=\"5\">Mas h\u00e1 mais! A testosterona tamb\u00e9m acelera a produ\u00e7\u00e3o de gl\u00f3bulos vermelhos no seu f\u00edgado. Este aumento nos gl\u00f3bulos vermelhos (GVs) significa que voc\u00ea desfrutar\u00e1 de melhor resist\u00eancia e recupera\u00e7\u00e3o mais r\u00e1pida ap\u00f3s os treinos.<\/p>\n<h3 data-path-to-node=\"6\">Por Que Voc\u00ea Deve Comprar TE-JECT<\/h3>\n<p data-path-to-node=\"7\">Procurando aumentar seu desempenho e ganhos musculares? Veja por que o <b>Enantato de Testosterona<\/b> vale a pena ser considerado:<\/p>\n<ul data-path-to-node=\"8\">\n<li>\n<p data-path-to-node=\"8,0,0\"><b>Impulsiona o Crescimento Muscular:<\/b> Promove o armazenamento de prote\u00ednas nos m\u00fasculos, ajudando voc\u00ea a ganhar tamanho e for\u00e7a.<\/p>\n<\/li>\n<li>\n<p data-path-to-node=\"8,1,0\"><b>Melhora o Desempenho:<\/b> Ao aumentar a produ\u00e7\u00e3o de gl\u00f3bulos vermelhos, melhora a resist\u00eancia, permitindo que voc\u00ea se esforce mais em seus treinos.<\/p>\n<\/li>\n<li>\n<p data-path-to-node=\"8,2,0\"><b>Equilibra os Horm\u00f4nios:<\/b> Se voc\u00ea se sente lento ou com pouca energia, o Enantato de Testosterona pode ajudar a restaurar seus n\u00edveis de energia e motiva\u00e7\u00e3o.<\/p>\n<\/li>\n<li>\n<p data-path-to-node=\"8,3,0\"><b>Uso Vers\u00e1til:<\/b> Ideal para manter a massa muscular durante a baixa temporada (off-season), tamb\u00e9m pode ser combinado com outros suplementos para melhores resultados.<\/p>\n<\/li>\n<li>\n<p data-path-to-node=\"8,4,0\"><b>Resultados Comprovados:<\/b> Muitos usu\u00e1rios elogiam a efic\u00e1cia do Enantato de Testosterona para atingir seus objetivos de <i>fitness<\/i>.<\/p>\n<\/li>\n<\/ul>\n<p data-path-to-node=\"9\"><b>Combina\u00e7\u00e3o (<i>Stacking<\/i>):<\/b> N\u00e3o h\u00e1 informa\u00e7\u00f5es de combina\u00e7\u00e3o dispon\u00edveis, consulte outros produtos: Propionato de Testosterona<\/p>\n<h3 data-path-to-node=\"10\">Dosagem e Recomenda\u00e7\u00f5es<\/h3>\n<p data-path-to-node=\"11\">Devido aos seus efeitos poderosos, geralmente \u00e9 tomado uma ou duas vezes por m\u00eas. Para fisiculturistas que buscam maximizar seus ganhos, uma dosagem t\u00edpica varia de 200 a 400 mg por m\u00eas. Como o TE-JECT tem uma meia-vida mais curta do que alguns outros esteroides anabolizantes, muitos preferem us\u00e1-lo durante a baixa temporada. Frequentemente \u00e9 combinado com outras subst\u00e2ncias para potencializar seus efeitos e ajudar a minimizar os efeitos colaterais.<\/p>\n<h3 data-path-to-node=\"12\">Benef\u00edcios do TE-JECT<\/h3>\n<p data-path-to-node=\"13\">O TE-JECT oferece v\u00e1rios benef\u00edcios que muitos usu\u00e1rios apreciam:<\/p>\n<ul data-path-to-node=\"14\">\n<li>\n<p data-path-to-node=\"14,0,0\"><b>Sentir-se Mais Saud\u00e1vel:<\/b> Ajuda voc\u00ea a se sentir mais energizado e vibrante.<\/p>\n<\/li>\n<li>\n<p data-path-to-node=\"14,1,0\"><b>Mais Pot\u00eancia no Treino:<\/b> Voc\u00ea descobrir\u00e1 que pode realizar treinos mais intensos.<\/p>\n<\/li>\n<li>\n<p data-path-to-node=\"14,2,0\"><b>Nutrientes Equilibrados:<\/b> Ajuda a manter um bom equil\u00edbrio de nutrientes no seu corpo.<\/p>\n<\/li>\n<li>\n<p data-path-to-node=\"14,3,0\"><b>Ganhos Musculares:<\/b> Espere ver um aumento na massa muscular enquanto perde um pouco de gordura.<\/p>\n<\/li>\n<li>\n<p data-path-to-node=\"14,4,0\"><b>Aumento da Resist\u00eancia:<\/b> Melhora sua <i>stamina<\/i> e for\u00e7a geral.<\/p>\n<\/li>\n<li>\n<p data-path-to-node=\"14,5,0\"><b>Usos M\u00e9dicos:<\/b> Curiosamente, tamb\u00e9m \u00e9 usado para tratar certos tipos de c\u00e2ncer de mama em mulheres.<\/p>\n<\/li>\n<\/ul>\n<p><\/p>","protected":false},"excerpt":{"rendered":"<p>O Enantato de Testosterona, ou TE-JECT, \u00e9 uma vers\u00e3o sint\u00e9tica do horm\u00f4nio testosterona. \u00c9 comumente usado para ajudar a aumentar<\/p>\n","protected":false},"featured_media":10461,"comment_status":"open","ping_status":"closed","template":"","meta":[],"product_brand":[3530],"product_cat":[69,3474],"product_tag":[],"class_list":{"0":"post-10460","1":"product","2":"type-product","3":"status-publish","4":"has-post-thumbnail","6":"product_brand-mp-pharm-muscle-pharm","7":"product_cat-esteroides_inyectables","8":"product_cat-packs","10":"first","11":"instock","12":"sale","13":"shipping-taxable","14":"purchasable","15":"product-type-simple"},"yoast_head":"<!-- This site is optimized with the Yoast SEO Premium plugin v24.4 (Yoast SEO v27.0) - https:\/\/yoast.com\/product\/yoast-seo-premium-wordpress\/ -->\n<title>PACK3 TE-JECT - testosteron enanthate - Ester\u00f3ides Online<\/title>\n<meta name=\"description\" content=\"TE-JECT (Enantato de Testosterona) aumenta o crescimento muscular armazenando prote\u00ednas, melhora a resist\u00eancia atrav\u00e9s da produ\u00e7\u00e3o de gl\u00f3bulos vermelhos e restaura a energia.\" \/>\n<meta name=\"robots\" content=\"index, follow, max-snippet:-1, max-image-preview:large, max-video-preview:-1\" \/>\n<link rel=\"canonical\" href=\"https:\/\/iberoid-shop.com\/pt\/product\/pack3-te-ject-testosteron-enanthate\/\" \/>\n<meta property=\"og:locale\" content=\"pt_PT\" \/>\n<meta property=\"og:type\" content=\"article\" \/>\n<meta property=\"og:title\" content=\"PACK3 TE-JECT - testosteron enanthate\" \/>\n<meta property=\"og:description\" content=\"TE-JECT (Enantato de Testosterona) aumenta o crescimento muscular armazenando prote\u00ednas, melhora a resist\u00eancia atrav\u00e9s da produ\u00e7\u00e3o de gl\u00f3bulos vermelhos e restaura a energia.\" \/>\n<meta property=\"og:url\" content=\"https:\/\/iberoid-shop.com\/pt\/product\/pack3-te-ject-testosteron-enanthate\/\" \/>\n<meta property=\"og:site_name\" content=\"Ester\u00f3ides Online\" \/>\n<meta property=\"article:modified_time\" content=\"2026-03-22T11:02:43+00:00\" \/>\n<meta property=\"og:image\" content=\"https:\/\/iberoid-shop.com\/wp-content\/uploads\/2025\/12\/3te.jpeg?v=1765114583\" \/>\n\t<meta property=\"og:image:width\" content=\"1512\" \/>\n\t<meta property=\"og:image:height\" content=\"2016\" \/>\n\t<meta property=\"og:image:type\" content=\"image\/jpeg\" \/>\n<meta name=\"twitter:card\" content=\"summary_large_image\" \/>\n<meta name=\"twitter:label1\" content=\"pre\u00e7o\" \/>\n\t<meta name=\"twitter:data1\" content=\"&euro;80.00\" \/>\n\t<meta name=\"twitter:label2\" content=\"Disponibilidade\" \/>\n\t<meta name=\"twitter:data2\" content=\"Em stock\" \/>\n<script type=\"application\/ld+json\" class=\"yoast-schema-graph\">{\"@context\":\"https:\/\/schema.org\",\"@graph\":[{\"@type\":\"WebPage\",\"@id\":\"https:\/\/iberoid-shop.com\/pt\/product\/pack3-te-ject-testosteron-enanthate\/\",\"url\":\"https:\/\/iberoid-shop.com\/pt\/product\/pack3-te-ject-testosteron-enanthate\/\",\"name\":\"PACK3 TE-JECT - testosteron enanthate - Ester\u00f3ides Online\",\"isPartOf\":{\"@id\":\"https:\/\/iberoid-shop.com\/pt\/#website\"},\"primaryImageOfPage\":{\"@id\":\"https:\/\/iberoid-shop.com\/pt\/product\/pack3-te-ject-testosteron-enanthate\/#primaryimage\"},\"image\":{\"@id\":\"https:\/\/iberoid-shop.com\/pt\/product\/pack3-te-ject-testosteron-enanthate\/#primaryimage\"},\"thumbnailUrl\":\"https:\/\/iberoid-shop.com\/wp-content\/uploads\/2025\/12\/3te.jpeg?v=1765114583\",\"datePublished\":\"2025-12-07T13:36:55+00:00\",\"dateModified\":\"2026-03-22T11:02:43+00:00\",\"description\":\"TE-JECT (Enantato de Testosterona) aumenta o crescimento muscular armazenando prote\u00ednas, melhora a resist\u00eancia atrav\u00e9s da produ\u00e7\u00e3o de gl\u00f3bulos vermelhos e restaura a energia.\",\"breadcrumb\":{\"@id\":\"https:\/\/iberoid-shop.com\/pt\/product\/pack3-te-ject-testosteron-enanthate\/#breadcrumb\"},\"inLanguage\":\"pt-PT\",\"potentialAction\":[{\"@type\":\"ReadAction\",\"target\":[[\"https:\/\/iberoid-shop.com\/pt\/product\/pack3-te-ject-testosteron-enanthate\/\"]]}]},{\"@type\":\"ImageObject\",\"inLanguage\":\"pt-PT\",\"@id\":\"https:\/\/iberoid-shop.com\/pt\/product\/pack3-te-ject-testosteron-enanthate\/#primaryimage\",\"url\":\"https:\/\/iberoid-shop.com\/wp-content\/uploads\/2025\/12\/3te.jpeg?v=1765114583\",\"contentUrl\":\"https:\/\/iberoid-shop.com\/wp-content\/uploads\/2025\/12\/3te.jpeg?v=1765114583\",\"width\":1512,\"height\":2016},{\"@type\":\"BreadcrumbList\",\"@id\":\"https:\/\/iberoid-shop.com\/pt\/product\/pack3-te-ject-testosteron-enanthate\/#breadcrumb\",\"itemListElement\":[{\"@type\":\"ListItem\",\"position\":1,\"name\":\"Portada\",\"item\":\"https:\/\/iberoid-shop.com\/pt\/\"},{\"@type\":\"ListItem\",\"position\":2,\"name\":\"Loja\",\"item\":\"https:\/\/iberoid-shop.com\/pt\/shop\/\"},{\"@type\":\"ListItem\",\"position\":3,\"name\":\"PACK3 TE-JECT &#8211; testosteron enanthate\"}]},{\"@type\":\"WebSite\",\"@id\":\"https:\/\/iberoid-shop.com\/pt\/#website\",\"url\":\"https:\/\/iberoid-shop.com\/pt\/\",\"name\":\"Ester\u00f3ides Online\",\"description\":\"Compre ester\u00f3ides online hoje em Espanha e Portugal. Temos o melhor servi\u00e7o ao cliente do setor e produtos da mais alta qualidade\",\"potentialAction\":[{\"@type\":\"SearchAction\",\"target\":{\"@type\":\"EntryPoint\",\"urlTemplate\":\"https:\/\/iberoid-shop.com\/pt\/?s={search_term_string}\"},\"query-input\":{\"@type\":\"PropertyValueSpecification\",\"valueRequired\":true,\"valueName\":\"search_term_string\"}}],\"inLanguage\":\"pt-PT\"}]}<\/script>\n<meta property=\"product:brand\" content=\"Mp-Pharm\" \/>\n<meta property=\"product:price:amount\" content=\"80.00\" \/>\n<meta property=\"product:price:currency\" content=\"EUR\" \/>\n<meta property=\"og:availability\" content=\"instock\" \/>\n<meta property=\"product:availability\" content=\"instock\" \/>\n<meta property=\"product:condition\" content=\"new\" \/>\n<!-- \/ Yoast SEO Premium plugin. -->","yoast_head_json":{"title":"PACK3 TE-JECT - testosteron enanthate - Ester\u00f3ides Online","description":"TE-JECT (Enantato de Testosterona) aumenta o crescimento muscular armazenando prote\u00ednas, melhora a resist\u00eancia atrav\u00e9s da produ\u00e7\u00e3o de gl\u00f3bulos vermelhos e restaura a energia.","robots":{"index":"index","follow":"follow","max-snippet":"max-snippet:-1","max-image-preview":"max-image-preview:large","max-video-preview":"max-video-preview:-1"},"canonical":"https:\/\/iberoid-shop.com\/pt\/product\/pack3-te-ject-testosteron-enanthate\/","og_locale":"pt_PT","og_type":"article","og_title":"PACK3 TE-JECT - testosteron enanthate","og_description":"TE-JECT (Enantato de Testosterona) aumenta o crescimento muscular armazenando prote\u00ednas, melhora a resist\u00eancia atrav\u00e9s da produ\u00e7\u00e3o de gl\u00f3bulos vermelhos e restaura a energia.","og_url":"https:\/\/iberoid-shop.com\/pt\/product\/pack3-te-ject-testosteron-enanthate\/","og_site_name":"Ester\u00f3ides Online","article_modified_time":"2026-03-22T11:02:43+00:00","og_image":[{"width":1512,"height":2016,"url":"https:\/\/iberoid-shop.com\/wp-content\/uploads\/2025\/12\/3te.jpeg?v=1765114583","type":"image\/jpeg"}],"twitter_card":"summary_large_image","twitter_misc":{"pre\u00e7o":"&euro;80.00","Disponibilidade":"Em stock"},"schema":{"@context":"https:\/\/schema.org","@graph":[{"@type":"WebPage","@id":"https:\/\/iberoid-shop.com\/pt\/product\/pack3-te-ject-testosteron-enanthate\/","url":"https:\/\/iberoid-shop.com\/pt\/product\/pack3-te-ject-testosteron-enanthate\/","name":"PACK3 TE-JECT - testosteron enanthate - Ester\u00f3ides Online","isPartOf":{"@id":"https:\/\/iberoid-shop.com\/pt\/#website"},"primaryImageOfPage":{"@id":"https:\/\/iberoid-shop.com\/pt\/product\/pack3-te-ject-testosteron-enanthate\/#primaryimage"},"image":{"@id":"https:\/\/iberoid-shop.com\/pt\/product\/pack3-te-ject-testosteron-enanthate\/#primaryimage"},"thumbnailUrl":"https:\/\/iberoid-shop.com\/wp-content\/uploads\/2025\/12\/3te.jpeg?v=1765114583","datePublished":"2025-12-07T13:36:55+00:00","dateModified":"2026-03-22T11:02:43+00:00","description":"TE-JECT (Enantato de Testosterona) aumenta o crescimento muscular armazenando prote\u00ednas, melhora a resist\u00eancia atrav\u00e9s da produ\u00e7\u00e3o de gl\u00f3bulos vermelhos e restaura a energia.","breadcrumb":{"@id":"https:\/\/iberoid-shop.com\/pt\/product\/pack3-te-ject-testosteron-enanthate\/#breadcrumb"},"inLanguage":"pt-PT","potentialAction":[{"@type":"ReadAction","target":[["https:\/\/iberoid-shop.com\/pt\/product\/pack3-te-ject-testosteron-enanthate\/"]]}]},{"@type":"ImageObject","inLanguage":"pt-PT","@id":"https:\/\/iberoid-shop.com\/pt\/product\/pack3-te-ject-testosteron-enanthate\/#primaryimage","url":"https:\/\/iberoid-shop.com\/wp-content\/uploads\/2025\/12\/3te.jpeg?v=1765114583","contentUrl":"https:\/\/iberoid-shop.com\/wp-content\/uploads\/2025\/12\/3te.jpeg?v=1765114583","width":1512,"height":2016},{"@type":"BreadcrumbList","@id":"https:\/\/iberoid-shop.com\/pt\/product\/pack3-te-ject-testosteron-enanthate\/#breadcrumb","itemListElement":[{"@type":"ListItem","position":1,"name":"Portada","item":"https:\/\/iberoid-shop.com\/pt\/"},{"@type":"ListItem","position":2,"name":"Loja","item":"https:\/\/iberoid-shop.com\/pt\/shop\/"},{"@type":"ListItem","position":3,"name":"PACK3 TE-JECT &#8211; testosteron enanthate"}]},{"@type":"WebSite","@id":"https:\/\/iberoid-shop.com\/pt\/#website","url":"https:\/\/iberoid-shop.com\/pt\/","name":"Ester\u00f3ides Online","description":"Compre ester\u00f3ides online hoje em Espanha e Portugal. Temos o melhor servi\u00e7o ao cliente do setor e produtos da mais alta qualidade","potentialAction":[{"@type":"SearchAction","target":{"@type":"EntryPoint","urlTemplate":"https:\/\/iberoid-shop.com\/pt\/?s={search_term_string}"},"query-input":{"@type":"PropertyValueSpecification","valueRequired":true,"valueName":"search_term_string"}}],"inLanguage":"pt-PT"}]},"product_brand":"Mp-Pharm","product_price_amount":"80.00","product_price_currency":"EUR","og_availability":"instock","product_availability":"instock","product_condition":"new"},"_links":{"self":[{"href":"https:\/\/iberoid-shop.com\/pt\/wp-json\/wp\/v2\/product\/10460","targetHints":{"allow":["GET"]}}],"collection":[{"href":"https:\/\/iberoid-shop.com\/pt\/wp-json\/wp\/v2\/product"}],"about":[{"href":"https:\/\/iberoid-shop.com\/pt\/wp-json\/wp\/v2\/types\/product"}],"replies":[{"embeddable":true,"href":"https:\/\/iberoid-shop.com\/pt\/wp-json\/wp\/v2\/comments?post=10460"}],"wp:featuredmedia":[{"embeddable":true,"href":"https:\/\/iberoid-shop.com\/pt\/wp-json\/wp\/v2\/media\/10461"}],"wp:attachment":[{"href":"https:\/\/iberoid-shop.com\/pt\/wp-json\/wp\/v2\/media?parent=10460"}],"wp:term":[{"taxonomy":"product_brand","embeddable":true,"href":"https:\/\/iberoid-shop.com\/pt\/wp-json\/wp\/v2\/product_brand?post=10460"},{"taxonomy":"product_cat","embeddable":true,"href":"https:\/\/iberoid-shop.com\/pt\/wp-json\/wp\/v2\/product_cat?post=10460"},{"taxonomy":"product_tag","embeddable":true,"href":"https:\/\/iberoid-shop.com\/pt\/wp-json\/wp\/v2\/product_tag?post=10460"}],"curies":[{"name":"wp","href":"https:\/\/api.w.org\/{rel}","templated":true}]}}