{"id":10454,"date":"2025-12-05T15:54:34","date_gmt":"2025-12-05T15:54:34","guid":{"rendered":"https:\/\/iberoid-shop.com\/?post_type=product&#038;p=10454"},"modified":"2026-04-08T09:04:59","modified_gmt":"2026-04-08T09:04:59","slug":"clomid25mg-clomifene25mg-50-tabs","status":"publish","type":"product","link":"https:\/\/iberoid-shop.com\/pt\/product\/clomid25mg-clomifene25mg-50-tabs\/","title":{"rendered":"CLOMID 25 &#8211; clomifene 25mg\/50 tabs"},"content":{"rendered":"<p><\/p>\n<p data-path-to-node=\"2\">Clomid 25 Tablet \u00e9 um medicamento de prescri\u00e7\u00e3o usado para tratar <b>epilepsia (convuls\u00f5es)<\/b> e <b>transtorno de ansiedade<\/b>. Ele ajuda a diminuir a atividade anormal e excessiva das c\u00e9lulas nervosas e acalma o c\u00e9rebro.<\/p>\n<p data-path-to-node=\"3\">O Clomid 25 Tablet pode ser tomado com ou sem alimentos. No entanto, tome-o sempre \u00e0 mesma hora todos os dias, pois isso ajuda a manter um n\u00edvel consistente do medicamento no corpo. Tome este medicamento na dose e dura\u00e7\u00e3o aconselhadas pelo seu m\u00e9dico, pois ele possui um alto potencial de depend\u00eancia. Se voc\u00ea perdeu uma dose, tome-a assim que se lembrar e termine o ciclo completo de tratamento, mesmo que se sinta melhor. Voc\u00ea n\u00e3o deve parar este medicamento subitamente sem falar com o seu m\u00e9dico, pois isso pode aumentar a frequ\u00eancia das convuls\u00f5es e pode causar n\u00e1useas, ansiedade, sintomas semelhantes aos da gripe e dor muscular.<\/p>\n<p data-path-to-node=\"4\">Alguns efeitos colaterais comuns deste medicamento incluem fadiga, depress\u00e3o e coordena\u00e7\u00e3o prejudicada. Tamb\u00e9m pode causar tontura e sonol\u00eancia, portanto, n\u00e3o dirija ou fa\u00e7a qualquer atividade que exija foco mental at\u00e9 saber como este medicamento o afeta. \u00c9 importante informar o seu m\u00e9dico se voc\u00ea desenvolver quaisquer mudan\u00e7as incomuns de humor ou depress\u00e3o, pois este medicamento pode causar pensamentos suicidas.<\/p>\n<h3 data-path-to-node=\"5\">Benef\u00edcios do Clomid Tablet<\/h3>\n<p data-path-to-node=\"6\"><b>No Tratamento do Transtorno de Ansiedade<\/b> O Clomid 25 Tablet impede que o seu c\u00e9rebro libere as subst\u00e2ncias qu\u00edmicas que o fazem sentir ansioso, podendo assim reduzir os sintomas de ansiedade e preocupa\u00e7\u00e3o excessivas. Ele tamb\u00e9m pode reduzir a sensa\u00e7\u00e3o de inquieta\u00e7\u00e3o, cansa\u00e7o, dificuldade de concentra\u00e7\u00e3o, irritabilidade e problemas de sono que frequentemente acompanham o Transtorno de Ansiedade. Portanto, ele o ajudar\u00e1 a realizar suas atividades di\u00e1rias com mais facilidade e a ser mais produtivo. Continue tomando este medicamento mesmo que se sinta bem. Parar de repente pode causar problemas s\u00e9rios.<\/p>\n<h3 data-path-to-node=\"7\">Efeitos Colaterais do Clomid Tablet<\/h3>\n<p data-path-to-node=\"8\">A maioria dos efeitos colaterais n\u00e3o requer aten\u00e7\u00e3o m\u00e9dica e desaparece \u00e0 medida que o seu corpo se ajusta ao medicamento. Consulte o seu m\u00e9dico se eles persistirem ou se estiver preocupado com eles.<\/p>\n<p data-path-to-node=\"9\"><b>Efeitos colaterais comuns do Clomid<\/b><\/p>\n<ul data-path-to-node=\"10\">\n<li>\n<p data-path-to-node=\"10,0,0\">Comportamento anormal<\/p>\n<\/li>\n<li>\n<p data-path-to-node=\"10,1,0\">Constipa\u00e7\u00e3o (pris\u00e3o de ventre)<\/p>\n<\/li>\n<li>\n<p data-path-to-node=\"10,2,0\">Vis\u00e3o emba\u00e7ada<\/p>\n<\/li>\n<li>\n<p data-path-to-node=\"10,3,0\">Fadiga<\/p>\n<\/li>\n<li>\n<p data-path-to-node=\"10,4,0\">Sonol\u00eancia<\/p>\n<\/li>\n<li>\n<p data-path-to-node=\"10,5,0\">Gripe<\/p>\n<\/li>\n<li>\n<p data-path-to-node=\"10,6,0\">Dor durante a menstrua\u00e7\u00e3o<\/p>\n<\/li>\n<li>\n<p data-path-to-node=\"10,7,0\">Preju\u00edzo da mem\u00f3ria<\/p>\n<\/li>\n<li>\n<p data-path-to-node=\"10,8,0\">Tontura<\/p>\n<\/li>\n<li>\n<p data-path-to-node=\"10,9,0\">Preju\u00edzo cognitivo<\/p>\n<\/li>\n<li>\n<p data-path-to-node=\"10,10,0\">Anormalidade dos movimentos volunt\u00e1rios<\/p>\n<\/li>\n<li>\n<p data-path-to-node=\"10,11,0\">Depress\u00e3o<\/p>\n<\/li>\n<li>\n<p data-path-to-node=\"10,12,0\">Nervosismo<\/p>\n<\/li>\n<li>\n<p data-path-to-node=\"10,13,0\">Infec\u00e7\u00e3o do trato respirat\u00f3rio superior<\/p>\n<\/li>\n<li>\n<p data-path-to-node=\"10,14,0\">Rea\u00e7\u00e3o al\u00e9rgica<\/p>\n<\/li>\n<li>\n<p data-path-to-node=\"10,15,0\">Dificuldade na fala<\/p>\n<\/li>\n<li>\n<p data-path-to-node=\"10,16,0\">Labilidade emocional<\/p>\n<\/li>\n<li>\n<p data-path-to-node=\"10,17,0\">Diminui\u00e7\u00e3o da libido<\/p>\n<\/li>\n<li>\n<p data-path-to-node=\"10,18,0\">Sonol\u00eancia (ou Seda\u00e7\u00e3o)<\/p>\n<\/li>\n<\/ul>\n<h3 data-path-to-node=\"11\">Como usar o Clomid Tablet<\/h3>\n<p data-path-to-node=\"12\">Tome este medicamento na dose e dura\u00e7\u00e3o aconselhadas pelo seu m\u00e9dico. Engula-o inteiro. N\u00e3o mastigue, esmague ou quebre. O Clomid 25 Tablet pode ser tomado com ou sem alimentos.<\/p>\n<h3 data-path-to-node=\"13\">Como o Clomid Tablet Funciona<\/h3>\n<p data-path-to-node=\"14\">O Clomid 25 Tablet \u00e9 um <b>benzodiazep\u00ednico<\/b>. Ele funciona aumentando a a\u00e7\u00e3o de um mensageiro qu\u00edmico (GABA) que suprime a atividade anormal e excessiva das c\u00e9lulas nervosas no c\u00e9rebro.<\/p>\n<p><\/p>","protected":false},"excerpt":{"rendered":"<p>Clomid 25 Tablet \u00e9 um medicamento de prescri\u00e7\u00e3o usado para tratar epilepsia (convuls\u00f5es) e transtorno de ansiedade. Ele ajuda a<\/p>\n","protected":false},"featured_media":10455,"comment_status":"open","ping_status":"closed","template":"","meta":[],"product_brand":[],"product_cat":[73,3533],"product_tag":[],"class_list":{"0":"post-10454","1":"product","2":"type-product","3":"status-publish","4":"has-post-thumbnail","6":"product_cat-ssteroides_orales","7":"product_cat-sales-rebajas","9":"first","10":"instock","11":"shipping-taxable","12":"purchasable","13":"product-type-simple"},"yoast_head":"<!-- This site is optimized with the Yoast SEO Premium plugin v24.4 (Yoast SEO v27.3) - https:\/\/yoast.com\/product\/yoast-seo-premium-wordpress\/ -->\n<title>CLOMID 25 - clomifene 25mg\/50 tabs - Ester\u00f3ides Online<\/title>\n<meta name=\"description\" content=\"Clomid 25 Tablet \u00e9 um benzodiazep\u00ednico de prescri\u00e7\u00e3o usado para tratar epilepsia (convuls\u00f5es) e ansiedade, acalmando a atividade nervosa cerebral excessiva.\" \/>\n<meta name=\"robots\" content=\"index, follow, max-snippet:-1, max-image-preview:large, max-video-preview:-1\" \/>\n<link rel=\"canonical\" href=\"https:\/\/iberoid-shop.com\/pt\/product\/clomid25mg-clomifene25mg-50-tabs\/\" \/>\n<meta property=\"og:locale\" content=\"pt_PT\" \/>\n<meta property=\"og:type\" content=\"article\" \/>\n<meta property=\"og:title\" content=\"CLOMID 25 - clomifene 25mg\/50 tabs\" \/>\n<meta property=\"og:description\" content=\"Clomid 25 Tablet \u00e9 um benzodiazep\u00ednico de prescri\u00e7\u00e3o usado para tratar epilepsia (convuls\u00f5es) e ansiedade, acalmando a atividade nervosa cerebral excessiva.\" \/>\n<meta property=\"og:url\" content=\"https:\/\/iberoid-shop.com\/pt\/product\/clomid25mg-clomifene25mg-50-tabs\/\" \/>\n<meta property=\"og:site_name\" content=\"Ester\u00f3ides Online\" \/>\n<meta property=\"article:modified_time\" content=\"2026-04-08T09:04:59+00:00\" \/>\n<meta property=\"og:image\" content=\"https:\/\/iberoid-shop.com\/wp-content\/uploads\/2025\/12\/CLOMID3.jpeg?v=1764950046\" \/>\n\t<meta property=\"og:image:width\" content=\"1512\" \/>\n\t<meta property=\"og:image:height\" content=\"2016\" \/>\n\t<meta property=\"og:image:type\" content=\"image\/jpeg\" \/>\n<meta name=\"twitter:card\" content=\"summary_large_image\" \/>\n<meta name=\"twitter:label1\" content=\"pre\u00e7o\" \/>\n\t<meta name=\"twitter:data1\" content=\"&euro;25.00\" \/>\n\t<meta name=\"twitter:label2\" content=\"Disponibilidade\" \/>\n\t<meta name=\"twitter:data2\" content=\"Em stock\" \/>\n<script type=\"application\/ld+json\" class=\"yoast-schema-graph\">{\"@context\":\"https:\\\/\\\/schema.org\",\"@graph\":[{\"@type\":\"WebPage\",\"@id\":\"https:\\\/\\\/iberoid-shop.com\\\/pt\\\/product\\\/clomid25mg-clomifene25mg-50-tabs\\\/\",\"url\":\"https:\\\/\\\/iberoid-shop.com\\\/pt\\\/product\\\/clomid25mg-clomifene25mg-50-tabs\\\/\",\"name\":\"CLOMID 25 - clomifene 25mg\\\/50 tabs - Ester\u00f3ides Online\",\"isPartOf\":{\"@id\":\"https:\\\/\\\/iberoid.com\\\/#website\"},\"primaryImageOfPage\":{\"@id\":\"https:\\\/\\\/iberoid-shop.com\\\/pt\\\/product\\\/clomid25mg-clomifene25mg-50-tabs\\\/#primaryimage\"},\"image\":{\"@id\":\"https:\\\/\\\/iberoid-shop.com\\\/pt\\\/product\\\/clomid25mg-clomifene25mg-50-tabs\\\/#primaryimage\"},\"thumbnailUrl\":\"https:\\\/\\\/iberoid-shop.com\\\/wp-content\\\/uploads\\\/2025\\\/12\\\/CLOMID3.jpeg?v=1764950046\",\"datePublished\":\"2025-12-05T15:54:34+00:00\",\"dateModified\":\"2026-04-08T09:04:59+00:00\",\"description\":\"Clomid 25 Tablet \u00e9 um benzodiazep\u00ednico de prescri\u00e7\u00e3o usado para tratar epilepsia (convuls\u00f5es) e ansiedade, acalmando a atividade nervosa cerebral excessiva.\",\"breadcrumb\":{\"@id\":\"https:\\\/\\\/iberoid-shop.com\\\/pt\\\/product\\\/clomid25mg-clomifene25mg-50-tabs\\\/#breadcrumb\"},\"inLanguage\":\"pt-PT\",\"potentialAction\":[{\"@type\":\"ReadAction\",\"target\":[[\"https:\\\/\\\/iberoid-shop.com\\\/pt\\\/product\\\/clomid25mg-clomifene25mg-50-tabs\\\/\"]]}]},{\"@type\":\"ImageObject\",\"inLanguage\":\"pt-PT\",\"@id\":\"https:\\\/\\\/iberoid-shop.com\\\/pt\\\/product\\\/clomid25mg-clomifene25mg-50-tabs\\\/#primaryimage\",\"url\":\"https:\\\/\\\/iberoid-shop.com\\\/wp-content\\\/uploads\\\/2025\\\/12\\\/CLOMID3.jpeg?v=1764950046\",\"contentUrl\":\"https:\\\/\\\/iberoid-shop.com\\\/wp-content\\\/uploads\\\/2025\\\/12\\\/CLOMID3.jpeg?v=1764950046\",\"width\":1512,\"height\":2016},{\"@type\":\"BreadcrumbList\",\"@id\":\"https:\\\/\\\/iberoid-shop.com\\\/pt\\\/product\\\/clomid25mg-clomifene25mg-50-tabs\\\/#breadcrumb\",\"itemListElement\":[{\"@type\":\"ListItem\",\"position\":1,\"name\":\"Portada\",\"item\":\"https:\\\/\\\/iberoid.com\\\/\"},{\"@type\":\"ListItem\",\"position\":2,\"name\":\"Loja\",\"item\":\"https:\\\/\\\/iberoid-shop.com\\\/pt\\\/shop\\\/\"},{\"@type\":\"ListItem\",\"position\":3,\"name\":\"CLOMID 25 &#8211; clomifene 25mg\\\/50 tabs\"}]},{\"@type\":\"WebSite\",\"@id\":\"https:\\\/\\\/iberoid.com\\\/#website\",\"url\":\"https:\\\/\\\/iberoid.com\\\/\",\"name\":\"Ester\u00f3ides Online\",\"description\":\"Compre ester\u00f3ides online hoje em Espanha e Portugal. Temos o melhor servi\u00e7o ao cliente do setor e produtos da mais alta qualidade\",\"potentialAction\":[{\"@type\":\"SearchAction\",\"target\":{\"@type\":\"EntryPoint\",\"urlTemplate\":\"https:\\\/\\\/iberoid.com\\\/?s={search_term_string}\"},\"query-input\":{\"@type\":\"PropertyValueSpecification\",\"valueRequired\":true,\"valueName\":\"search_term_string\"}}],\"inLanguage\":\"pt-PT\"}]}<\/script>\n<meta property=\"product:brand\" content=\"AdamLabs\" \/>\n<meta property=\"product:price:amount\" content=\"25.00\" \/>\n<meta property=\"product:price:currency\" content=\"EUR\" \/>\n<meta property=\"og:availability\" content=\"instock\" \/>\n<meta property=\"product:availability\" content=\"instock\" \/>\n<meta property=\"product:condition\" content=\"new\" \/>\n<!-- \/ Yoast SEO Premium plugin. -->","yoast_head_json":{"title":"CLOMID 25 - clomifene 25mg\/50 tabs - Ester\u00f3ides Online","description":"Clomid 25 Tablet \u00e9 um benzodiazep\u00ednico de prescri\u00e7\u00e3o usado para tratar epilepsia (convuls\u00f5es) e ansiedade, acalmando a atividade nervosa cerebral excessiva.","robots":{"index":"index","follow":"follow","max-snippet":"max-snippet:-1","max-image-preview":"max-image-preview:large","max-video-preview":"max-video-preview:-1"},"canonical":"https:\/\/iberoid-shop.com\/pt\/product\/clomid25mg-clomifene25mg-50-tabs\/","og_locale":"pt_PT","og_type":"article","og_title":"CLOMID 25 - clomifene 25mg\/50 tabs","og_description":"Clomid 25 Tablet \u00e9 um benzodiazep\u00ednico de prescri\u00e7\u00e3o usado para tratar epilepsia (convuls\u00f5es) e ansiedade, acalmando a atividade nervosa cerebral excessiva.","og_url":"https:\/\/iberoid-shop.com\/pt\/product\/clomid25mg-clomifene25mg-50-tabs\/","og_site_name":"Ester\u00f3ides Online","article_modified_time":"2026-04-08T09:04:59+00:00","og_image":[{"width":1512,"height":2016,"url":"https:\/\/iberoid-shop.com\/wp-content\/uploads\/2025\/12\/CLOMID3.jpeg?v=1764950046","type":"image\/jpeg"}],"twitter_card":"summary_large_image","twitter_misc":{"pre\u00e7o":"&euro;25.00","Disponibilidade":"Em stock"},"schema":{"@context":"https:\/\/schema.org","@graph":[{"@type":"WebPage","@id":"https:\/\/iberoid-shop.com\/pt\/product\/clomid25mg-clomifene25mg-50-tabs\/","url":"https:\/\/iberoid-shop.com\/pt\/product\/clomid25mg-clomifene25mg-50-tabs\/","name":"CLOMID 25 - clomifene 25mg\/50 tabs - Ester\u00f3ides Online","isPartOf":{"@id":"https:\/\/iberoid.com\/#website"},"primaryImageOfPage":{"@id":"https:\/\/iberoid-shop.com\/pt\/product\/clomid25mg-clomifene25mg-50-tabs\/#primaryimage"},"image":{"@id":"https:\/\/iberoid-shop.com\/pt\/product\/clomid25mg-clomifene25mg-50-tabs\/#primaryimage"},"thumbnailUrl":"https:\/\/iberoid-shop.com\/wp-content\/uploads\/2025\/12\/CLOMID3.jpeg?v=1764950046","datePublished":"2025-12-05T15:54:34+00:00","dateModified":"2026-04-08T09:04:59+00:00","description":"Clomid 25 Tablet \u00e9 um benzodiazep\u00ednico de prescri\u00e7\u00e3o usado para tratar epilepsia (convuls\u00f5es) e ansiedade, acalmando a atividade nervosa cerebral excessiva.","breadcrumb":{"@id":"https:\/\/iberoid-shop.com\/pt\/product\/clomid25mg-clomifene25mg-50-tabs\/#breadcrumb"},"inLanguage":"pt-PT","potentialAction":[{"@type":"ReadAction","target":[["https:\/\/iberoid-shop.com\/pt\/product\/clomid25mg-clomifene25mg-50-tabs\/"]]}]},{"@type":"ImageObject","inLanguage":"pt-PT","@id":"https:\/\/iberoid-shop.com\/pt\/product\/clomid25mg-clomifene25mg-50-tabs\/#primaryimage","url":"https:\/\/iberoid-shop.com\/wp-content\/uploads\/2025\/12\/CLOMID3.jpeg?v=1764950046","contentUrl":"https:\/\/iberoid-shop.com\/wp-content\/uploads\/2025\/12\/CLOMID3.jpeg?v=1764950046","width":1512,"height":2016},{"@type":"BreadcrumbList","@id":"https:\/\/iberoid-shop.com\/pt\/product\/clomid25mg-clomifene25mg-50-tabs\/#breadcrumb","itemListElement":[{"@type":"ListItem","position":1,"name":"Portada","item":"https:\/\/iberoid.com\/"},{"@type":"ListItem","position":2,"name":"Loja","item":"https:\/\/iberoid-shop.com\/pt\/shop\/"},{"@type":"ListItem","position":3,"name":"CLOMID 25 &#8211; clomifene 25mg\/50 tabs"}]},{"@type":"WebSite","@id":"https:\/\/iberoid.com\/#website","url":"https:\/\/iberoid.com\/","name":"Ester\u00f3ides Online","description":"Compre ester\u00f3ides online hoje em Espanha e Portugal. Temos o melhor servi\u00e7o ao cliente do setor e produtos da mais alta qualidade","potentialAction":[{"@type":"SearchAction","target":{"@type":"EntryPoint","urlTemplate":"https:\/\/iberoid.com\/?s={search_term_string}"},"query-input":{"@type":"PropertyValueSpecification","valueRequired":true,"valueName":"search_term_string"}}],"inLanguage":"pt-PT"}]},"product_brand":"AdamLabs","product_price_amount":"25.00","product_price_currency":"EUR","og_availability":"instock","product_availability":"instock","product_condition":"new"},"_links":{"self":[{"href":"https:\/\/iberoid-shop.com\/pt\/wp-json\/wp\/v2\/product\/10454","targetHints":{"allow":["GET"]}}],"collection":[{"href":"https:\/\/iberoid-shop.com\/pt\/wp-json\/wp\/v2\/product"}],"about":[{"href":"https:\/\/iberoid-shop.com\/pt\/wp-json\/wp\/v2\/types\/product"}],"replies":[{"embeddable":true,"href":"https:\/\/iberoid-shop.com\/pt\/wp-json\/wp\/v2\/comments?post=10454"}],"wp:featuredmedia":[{"embeddable":true,"href":"https:\/\/iberoid-shop.com\/pt\/wp-json\/wp\/v2\/media\/10455"}],"wp:attachment":[{"href":"https:\/\/iberoid-shop.com\/pt\/wp-json\/wp\/v2\/media?parent=10454"}],"wp:term":[{"taxonomy":"product_brand","embeddable":true,"href":"https:\/\/iberoid-shop.com\/pt\/wp-json\/wp\/v2\/product_brand?post=10454"},{"taxonomy":"product_cat","embeddable":true,"href":"https:\/\/iberoid-shop.com\/pt\/wp-json\/wp\/v2\/product_cat?post=10454"},{"taxonomy":"product_tag","embeddable":true,"href":"https:\/\/iberoid-shop.com\/pt\/wp-json\/wp\/v2\/product_tag?post=10454"}],"curies":[{"name":"wp","href":"https:\/\/api.w.org\/{rel}","templated":true}]}}