{"id":10434,"date":"2025-11-28T17:00:47","date_gmt":"2025-11-28T17:00:47","guid":{"rendered":"https:\/\/iberoid-shop.com\/?post_type=product&#038;p=10434"},"modified":"2026-03-29T15:41:55","modified_gmt":"2026-03-29T15:41:55","slug":"cenforce-150-mg-caja-de-100-tabletas","status":"publish","type":"product","link":"https:\/\/iberoid-shop.com\/pt\/product\/cenforce-150-mg-caja-de-100-tabletas\/","title":{"rendered":"CENFORCE 150 mg\/100 tabs"},"content":{"rendered":"<p><\/p>\n<h3 data-path-to-node=\"2\">O que \u00e9 Cenforce 150 Mg?<\/h3>\n<p data-path-to-node=\"3\">Cenforce 150 Mg \u00e9 um medicamento oral eficaz usado para o tratamento da Disfun\u00e7\u00e3o Er\u00e9til. Seu sal ativo \u00e9 o <b>Citrato de Sildenafila<\/b>, que pertence \u00e0 classe dos inibidores da Fosfodiesterase tipo 5 (PDE-5).<\/p>\n<h3 data-path-to-node=\"4\">Quais s\u00e3o os benef\u00edcios de tomar Cenforce 150 Mg?<\/h3>\n<p data-path-to-node=\"5\">Cenforce ajuda a tratar a <b>Disfun\u00e7\u00e3o Er\u00e9til (DE)<\/b> em homens ou pessoas designadas como do sexo masculino ao nascer (AMAB). Os comprimidos de <b>Citrato de Sildenafila<\/b> funcionam bloqueando a enzima PDE5.<\/p>\n<p data-path-to-node=\"6\">Essa a\u00e7\u00e3o aumenta o n\u00edvel de Monofosfato de Guanosina c\u00edclico (cGMP), o que, por sua vez, melhora o fluxo sangu\u00edneo peniano e ajuda a alcan\u00e7ar e manter uma <b>ere\u00e7\u00e3o<\/b> quando a pessoa est\u00e1 sexualmente estimulada.<\/p>\n<p data-path-to-node=\"7\">Al\u00e9m da DE, o Cenforce tamb\u00e9m ajuda a tratar a Hipertens\u00e3o Arterial Pulmonar (HAP) e a Hipertrofia Prost\u00e1tica Benigna (aumento da pr\u00f3stata).<\/p>\n<h3 data-path-to-node=\"8\">Como tomar Cenforce 150 Mg?<\/h3>\n<p data-path-to-node=\"9\">Cenforce 150 mg \u00e9 um medicamento vendido sob prescri\u00e7\u00e3o m\u00e9dica que beneficia o tratamento de <b>problemas de fun\u00e7\u00e3o sexual<\/b> masculina, como a DE.<\/p>\n<p data-path-to-node=\"10\">As <b>instru\u00e7\u00f5es gerais para tomar Cenforce<\/b> s\u00e3o:<\/p>\n<ul data-path-to-node=\"11\">\n<li>\n<p data-path-to-node=\"11,0,0\">Tome Cenforce cerca de <b>60 minutos antes<\/b> de se envolver em qualquer atividade sexual com seu(sua) parceiro(a).<\/p>\n<\/li>\n<li>\n<p data-path-to-node=\"11,1,0\">Engula o comprimido com \u00e1gua; <b>n\u00e3o o esmague, mastigue ou quebre<\/b>.<\/p>\n<\/li>\n<li>\n<p data-path-to-node=\"11,2,0\">Pode ser tomado com ou sem alimentos, mas tom\u00e1-lo com o <b>est\u00f4mago vazio<\/b> proporciona resultados mais r\u00e1pidos.<\/p>\n<\/li>\n<li>\n<p data-path-to-node=\"11,3,0\"><b>N\u00e3o tome mais de um comprimido<\/b> dentro de um per\u00edodo de 24 horas.<\/p>\n<\/li>\n<\/ul>\n<p><\/p>","protected":false},"excerpt":{"rendered":"<p>O que \u00e9 Cenforce 150 Mg? Cenforce 150 Mg \u00e9 um medicamento oral eficaz usado para o tratamento da Disfun\u00e7\u00e3o<\/p>\n","protected":false},"featured_media":10435,"comment_status":"open","ping_status":"closed","template":"","meta":[],"product_brand":[],"product_cat":[73],"product_tag":[],"class_list":{"0":"post-10434","1":"product","2":"type-product","3":"status-publish","4":"has-post-thumbnail","6":"product_cat-ssteroides_orales","8":"first","9":"outofstock","10":"sale","11":"shipping-taxable","12":"purchasable","13":"product-type-simple"},"yoast_head":"<!-- This site is optimized with the Yoast SEO Premium plugin v24.4 (Yoast SEO v27.3) - https:\/\/yoast.com\/product\/yoast-seo-premium-wordpress\/ -->\n<title>CENFORCE 150 mg\/100 tabs - Ester\u00f3ides Online<\/title>\n<meta name=\"description\" content=\"Cenforce 150 Mg (Sildenafil) trata a disfun\u00e7\u00e3o er\u00e9til melhorando o fluxo sangu\u00edneo para obter ere\u00e7\u00f5es firmes e duradouras.\" \/>\n<meta name=\"robots\" content=\"index, follow, max-snippet:-1, max-image-preview:large, max-video-preview:-1\" \/>\n<link rel=\"canonical\" href=\"https:\/\/iberoid-shop.com\/pt\/product\/cenforce-150-mg-caja-de-100-tabletas\/\" \/>\n<meta property=\"og:locale\" content=\"pt_PT\" \/>\n<meta property=\"og:type\" content=\"article\" \/>\n<meta property=\"og:title\" content=\"CENFORCE 150 mg\/100 tabs\" \/>\n<meta property=\"og:description\" content=\"Cenforce 150 Mg (Sildenafil) trata a disfun\u00e7\u00e3o er\u00e9til melhorando o fluxo sangu\u00edneo para obter ere\u00e7\u00f5es firmes e duradouras.\" \/>\n<meta property=\"og:url\" content=\"https:\/\/iberoid-shop.com\/pt\/product\/cenforce-150-mg-caja-de-100-tabletas\/\" \/>\n<meta property=\"og:site_name\" content=\"Ester\u00f3ides Online\" \/>\n<meta property=\"article:modified_time\" content=\"2026-03-29T15:41:55+00:00\" \/>\n<meta property=\"og:image\" content=\"https:\/\/iberoid-shop.com\/wp-content\/uploads\/2025\/11\/cenforce-150-mg-tablets-1673336654-6712140.jpeg?v=1764349218\" \/>\n\t<meta property=\"og:image:width\" content=\"456\" \/>\n\t<meta property=\"og:image:height\" content=\"345\" \/>\n\t<meta property=\"og:image:type\" content=\"image\/jpeg\" \/>\n<meta name=\"twitter:card\" content=\"summary_large_image\" \/>\n<meta name=\"twitter:label1\" content=\"pre\u00e7o\" \/>\n\t<meta name=\"twitter:data1\" content=\"&euro;65.00\" \/>\n\t<meta name=\"twitter:label2\" content=\"Disponibilidade\" \/>\n\t<meta name=\"twitter:data2\" content=\"Esgotado\" \/>\n<script type=\"application\/ld+json\" class=\"yoast-schema-graph\">{\"@context\":\"https:\\\/\\\/schema.org\",\"@graph\":[{\"@type\":\"WebPage\",\"@id\":\"https:\\\/\\\/iberoid-shop.com\\\/pt\\\/product\\\/cenforce-150-mg-caja-de-100-tabletas\\\/\",\"url\":\"https:\\\/\\\/iberoid-shop.com\\\/pt\\\/product\\\/cenforce-150-mg-caja-de-100-tabletas\\\/\",\"name\":\"CENFORCE 150 mg\\\/100 tabs - Ester\u00f3ides Online\",\"isPartOf\":{\"@id\":\"https:\\\/\\\/iberoid-shop.com\\\/pt\\\/#website\"},\"primaryImageOfPage\":{\"@id\":\"https:\\\/\\\/iberoid-shop.com\\\/pt\\\/product\\\/cenforce-150-mg-caja-de-100-tabletas\\\/#primaryimage\"},\"image\":{\"@id\":\"https:\\\/\\\/iberoid-shop.com\\\/pt\\\/product\\\/cenforce-150-mg-caja-de-100-tabletas\\\/#primaryimage\"},\"thumbnailUrl\":\"https:\\\/\\\/iberoid-shop.com\\\/wp-content\\\/uploads\\\/2025\\\/11\\\/cenforce-150-mg-tablets-1673336654-6712140.jpeg?v=1764349218\",\"datePublished\":\"2025-11-28T17:00:47+00:00\",\"dateModified\":\"2026-03-29T15:41:55+00:00\",\"description\":\"Cenforce 150 Mg (Sildenafil) trata a disfun\u00e7\u00e3o er\u00e9til melhorando o fluxo sangu\u00edneo para obter ere\u00e7\u00f5es firmes e duradouras.\",\"breadcrumb\":{\"@id\":\"https:\\\/\\\/iberoid-shop.com\\\/pt\\\/product\\\/cenforce-150-mg-caja-de-100-tabletas\\\/#breadcrumb\"},\"inLanguage\":\"pt-PT\",\"potentialAction\":[{\"@type\":\"ReadAction\",\"target\":[[\"https:\\\/\\\/iberoid-shop.com\\\/pt\\\/product\\\/cenforce-150-mg-caja-de-100-tabletas\\\/\"]]}]},{\"@type\":\"ImageObject\",\"inLanguage\":\"pt-PT\",\"@id\":\"https:\\\/\\\/iberoid-shop.com\\\/pt\\\/product\\\/cenforce-150-mg-caja-de-100-tabletas\\\/#primaryimage\",\"url\":\"https:\\\/\\\/iberoid-shop.com\\\/wp-content\\\/uploads\\\/2025\\\/11\\\/cenforce-150-mg-tablets-1673336654-6712140.jpeg?v=1764349218\",\"contentUrl\":\"https:\\\/\\\/iberoid-shop.com\\\/wp-content\\\/uploads\\\/2025\\\/11\\\/cenforce-150-mg-tablets-1673336654-6712140.jpeg?v=1764349218\",\"width\":456,\"height\":345},{\"@type\":\"BreadcrumbList\",\"@id\":\"https:\\\/\\\/iberoid-shop.com\\\/pt\\\/product\\\/cenforce-150-mg-caja-de-100-tabletas\\\/#breadcrumb\",\"itemListElement\":[{\"@type\":\"ListItem\",\"position\":1,\"name\":\"Portada\",\"item\":\"https:\\\/\\\/iberoid-shop.com\\\/pt\\\/\"},{\"@type\":\"ListItem\",\"position\":2,\"name\":\"Loja\",\"item\":\"https:\\\/\\\/iberoid-shop.com\\\/pt\\\/shop\\\/\"},{\"@type\":\"ListItem\",\"position\":3,\"name\":\"CENFORCE 150 mg\\\/100 tabs\"}]},{\"@type\":\"WebSite\",\"@id\":\"https:\\\/\\\/iberoid-shop.com\\\/pt\\\/#website\",\"url\":\"https:\\\/\\\/iberoid-shop.com\\\/pt\\\/\",\"name\":\"Ester\u00f3ides Online\",\"description\":\"Compre ester\u00f3ides online hoje em Espanha e Portugal. Temos o melhor servi\u00e7o ao cliente do setor e produtos da mais alta qualidade\",\"potentialAction\":[{\"@type\":\"SearchAction\",\"target\":{\"@type\":\"EntryPoint\",\"urlTemplate\":\"https:\\\/\\\/iberoid-shop.com\\\/pt\\\/?s={search_term_string}\"},\"query-input\":{\"@type\":\"PropertyValueSpecification\",\"valueRequired\":true,\"valueName\":\"search_term_string\"}}],\"inLanguage\":\"pt-PT\"}]}<\/script>\n<meta property=\"product:brand\" content=\"Cenforce\" \/>\n<meta property=\"product:price:amount\" content=\"65.00\" \/>\n<meta property=\"product:price:currency\" content=\"EUR\" \/>\n<meta property=\"og:availability\" content=\"out of stock\" \/>\n<meta property=\"product:availability\" content=\"out of stock\" \/>\n<meta property=\"product:condition\" content=\"new\" \/>\n<!-- \/ Yoast SEO Premium plugin. -->","yoast_head_json":{"title":"CENFORCE 150 mg\/100 tabs - Ester\u00f3ides Online","description":"Cenforce 150 Mg (Sildenafil) trata a disfun\u00e7\u00e3o er\u00e9til melhorando o fluxo sangu\u00edneo para obter ere\u00e7\u00f5es firmes e duradouras.","robots":{"index":"index","follow":"follow","max-snippet":"max-snippet:-1","max-image-preview":"max-image-preview:large","max-video-preview":"max-video-preview:-1"},"canonical":"https:\/\/iberoid-shop.com\/pt\/product\/cenforce-150-mg-caja-de-100-tabletas\/","og_locale":"pt_PT","og_type":"article","og_title":"CENFORCE 150 mg\/100 tabs","og_description":"Cenforce 150 Mg (Sildenafil) trata a disfun\u00e7\u00e3o er\u00e9til melhorando o fluxo sangu\u00edneo para obter ere\u00e7\u00f5es firmes e duradouras.","og_url":"https:\/\/iberoid-shop.com\/pt\/product\/cenforce-150-mg-caja-de-100-tabletas\/","og_site_name":"Ester\u00f3ides Online","article_modified_time":"2026-03-29T15:41:55+00:00","og_image":[{"width":456,"height":345,"url":"https:\/\/iberoid-shop.com\/wp-content\/uploads\/2025\/11\/cenforce-150-mg-tablets-1673336654-6712140.jpeg?v=1764349218","type":"image\/jpeg"}],"twitter_card":"summary_large_image","twitter_misc":{"pre\u00e7o":"&euro;65.00","Disponibilidade":"Esgotado"},"schema":{"@context":"https:\/\/schema.org","@graph":[{"@type":"WebPage","@id":"https:\/\/iberoid-shop.com\/pt\/product\/cenforce-150-mg-caja-de-100-tabletas\/","url":"https:\/\/iberoid-shop.com\/pt\/product\/cenforce-150-mg-caja-de-100-tabletas\/","name":"CENFORCE 150 mg\/100 tabs - Ester\u00f3ides Online","isPartOf":{"@id":"https:\/\/iberoid-shop.com\/pt\/#website"},"primaryImageOfPage":{"@id":"https:\/\/iberoid-shop.com\/pt\/product\/cenforce-150-mg-caja-de-100-tabletas\/#primaryimage"},"image":{"@id":"https:\/\/iberoid-shop.com\/pt\/product\/cenforce-150-mg-caja-de-100-tabletas\/#primaryimage"},"thumbnailUrl":"https:\/\/iberoid-shop.com\/wp-content\/uploads\/2025\/11\/cenforce-150-mg-tablets-1673336654-6712140.jpeg?v=1764349218","datePublished":"2025-11-28T17:00:47+00:00","dateModified":"2026-03-29T15:41:55+00:00","description":"Cenforce 150 Mg (Sildenafil) trata a disfun\u00e7\u00e3o er\u00e9til melhorando o fluxo sangu\u00edneo para obter ere\u00e7\u00f5es firmes e duradouras.","breadcrumb":{"@id":"https:\/\/iberoid-shop.com\/pt\/product\/cenforce-150-mg-caja-de-100-tabletas\/#breadcrumb"},"inLanguage":"pt-PT","potentialAction":[{"@type":"ReadAction","target":[["https:\/\/iberoid-shop.com\/pt\/product\/cenforce-150-mg-caja-de-100-tabletas\/"]]}]},{"@type":"ImageObject","inLanguage":"pt-PT","@id":"https:\/\/iberoid-shop.com\/pt\/product\/cenforce-150-mg-caja-de-100-tabletas\/#primaryimage","url":"https:\/\/iberoid-shop.com\/wp-content\/uploads\/2025\/11\/cenforce-150-mg-tablets-1673336654-6712140.jpeg?v=1764349218","contentUrl":"https:\/\/iberoid-shop.com\/wp-content\/uploads\/2025\/11\/cenforce-150-mg-tablets-1673336654-6712140.jpeg?v=1764349218","width":456,"height":345},{"@type":"BreadcrumbList","@id":"https:\/\/iberoid-shop.com\/pt\/product\/cenforce-150-mg-caja-de-100-tabletas\/#breadcrumb","itemListElement":[{"@type":"ListItem","position":1,"name":"Portada","item":"https:\/\/iberoid-shop.com\/pt\/"},{"@type":"ListItem","position":2,"name":"Loja","item":"https:\/\/iberoid-shop.com\/pt\/shop\/"},{"@type":"ListItem","position":3,"name":"CENFORCE 150 mg\/100 tabs"}]},{"@type":"WebSite","@id":"https:\/\/iberoid-shop.com\/pt\/#website","url":"https:\/\/iberoid-shop.com\/pt\/","name":"Ester\u00f3ides Online","description":"Compre ester\u00f3ides online hoje em Espanha e Portugal. Temos o melhor servi\u00e7o ao cliente do setor e produtos da mais alta qualidade","potentialAction":[{"@type":"SearchAction","target":{"@type":"EntryPoint","urlTemplate":"https:\/\/iberoid-shop.com\/pt\/?s={search_term_string}"},"query-input":{"@type":"PropertyValueSpecification","valueRequired":true,"valueName":"search_term_string"}}],"inLanguage":"pt-PT"}]},"product_brand":"Cenforce","product_price_amount":"65.00","product_price_currency":"EUR","og_availability":"out of stock","product_availability":"out of stock","product_condition":"new"},"_links":{"self":[{"href":"https:\/\/iberoid-shop.com\/pt\/wp-json\/wp\/v2\/product\/10434","targetHints":{"allow":["GET"]}}],"collection":[{"href":"https:\/\/iberoid-shop.com\/pt\/wp-json\/wp\/v2\/product"}],"about":[{"href":"https:\/\/iberoid-shop.com\/pt\/wp-json\/wp\/v2\/types\/product"}],"replies":[{"embeddable":true,"href":"https:\/\/iberoid-shop.com\/pt\/wp-json\/wp\/v2\/comments?post=10434"}],"wp:featuredmedia":[{"embeddable":true,"href":"https:\/\/iberoid-shop.com\/pt\/wp-json\/wp\/v2\/media\/10435"}],"wp:attachment":[{"href":"https:\/\/iberoid-shop.com\/pt\/wp-json\/wp\/v2\/media?parent=10434"}],"wp:term":[{"taxonomy":"product_brand","embeddable":true,"href":"https:\/\/iberoid-shop.com\/pt\/wp-json\/wp\/v2\/product_brand?post=10434"},{"taxonomy":"product_cat","embeddable":true,"href":"https:\/\/iberoid-shop.com\/pt\/wp-json\/wp\/v2\/product_cat?post=10434"},{"taxonomy":"product_tag","embeddable":true,"href":"https:\/\/iberoid-shop.com\/pt\/wp-json\/wp\/v2\/product_tag?post=10434"}],"curies":[{"name":"wp","href":"https:\/\/api.w.org\/{rel}","templated":true}]}}