{"id":10374,"date":"2025-10-12T11:36:09","date_gmt":"2025-10-12T11:36:09","guid":{"rendered":"https:\/\/iberoid-shop.com\/?post_type=product&#038;p=10374"},"modified":"2026-02-18T09:11:39","modified_gmt":"2026-02-18T09:11:39","slug":"susta-gen-sustanon","status":"publish","type":"product","link":"https:\/\/iberoid-shop.com\/pt\/product\/susta-gen-sustanon\/","title":{"rendered":"SUSTA-GEN &#8211; SUSTANON"},"content":{"rendered":"<p><\/p>\n<p data-path-to-node=\"1\"><b>Compre Sustanon para ajudar a construir uma impressionante massa muscular e tornar os m\u00fasculos mais fortes e duros. O que ele faz \u00e9 permitir uma liberta\u00e7\u00e3o r\u00e1pida, mas escalonada, da hormona testosterona, o que garante que os benef\u00edcios durem muito mais tempo.<\/b><\/p>\n<p data-path-to-node=\"2\"><b>SUSTA-GEN<\/b> \u00e9 uma mistura \u00fanica de testosterona que consiste em quatro diferentes formas de \u00e9ster de testosterona, que proporcionam benef\u00edcios duradouros para o fisiculturismo e desempenho atl\u00e9tico. \u00c9 um dos esteroides anabolizantes mais populares do mercado.<\/p>\n<h3 data-path-to-node=\"3\">Benef\u00edcios do Sustanon<\/h3>\n<p data-path-to-node=\"4\">Existem diferentes tipos de compostos de Sustanon, dos quais <b>SUSTA-GEN<\/b> \u00e9 o mais popular e amplamente utilizado por fisiculturistas na Europa e Am\u00e9rica do Norte. Os benef\u00edcios do <b>SUSTA-GEN<\/b> s\u00e3o dos tr\u00eas seguintes tipos:<\/p>\n<ul data-path-to-node=\"5\">\n<li>\n<p data-path-to-node=\"5,0,0\"><b>Para Constru\u00e7\u00e3o Muscular.<\/b> <b>SUSTA-GEN<\/b> \u00e9 rico em calorias e proporciona ganhos musculares impressionantes, mas sem gordura corporal. Vem carregado de testosterona, o que aumenta a sua taxa metab\u00f3lica e ajuda-o a ganhar volume (bulking) muito mais r\u00e1pido.<\/p>\n<\/li>\n<li>\n<p data-path-to-node=\"5,1,0\"><b>Para o Ciclo de Defini\u00e7\u00e3o (Cutting).<\/b> <b>SUSTA-GEN<\/b> ajuda-o a desenvolver massa muscular magra. Ajuda a queimar gordura rapidamente durante a fase de defini\u00e7\u00e3o, mas sem qualquer perda de massa muscular magra.<\/p>\n<\/li>\n<li>\n<p data-path-to-node=\"5,2,0\"><b>Melhora o Desempenho Atl\u00e9tico.<\/b> <b>SUSTA-GEN<\/b> constr\u00f3i massa muscular magra, reduz a gordura corporal e aumenta a resist\u00eancia muscular. Ele desencadeia a liberta\u00e7\u00e3o r\u00e1pida, mas deliberada, de testosterona, o que significa que os seus efeitos duram muito mais tempo. Isso torna este esteroide anabolizante um suplemento ideal para melhorar o desempenho atl\u00e9tico.<\/p>\n<\/li>\n<\/ul>\n<h3 data-path-to-node=\"6\">Como Funciona o Sustanon?<\/h3>\n<p data-path-to-node=\"7\"><b>SUSTA-GEN<\/b> \u00e9 essencialmente uma mistura de quatro diferentes \u00e9steres de testosterona. Quando injeta <b>SUSTA-GEN<\/b> no seu corpo, est\u00e1 basicamente a injetar a hormona testosterona.<\/p>\n<p data-path-to-node=\"8\">Sustanon \u00e9 eficaz porque cont\u00e9m n\u00e3o s\u00f3 os \u00e9steres de testosterona de liberta\u00e7\u00e3o lenta, decanoato e isocaproato, mas tamb\u00e9m os \u00e9steres de testosterona de liberta\u00e7\u00e3o r\u00e1pida, propionato e fenilpropionato.<\/p>\n<p data-path-to-node=\"9\">Essa \u00e9 a raz\u00e3o pela qual sentir\u00e1 uma liberta\u00e7\u00e3o de testosterona muito mais r\u00e1pida cada vez que injetar este esteroide anabolizante, e o efeito permanecer\u00e1 por um per\u00edodo de tempo muito mais longo.<\/p>\n<h3 data-path-to-node=\"10\">Empilhamento (Stacking) com Sustanon<\/h3>\n<p data-path-to-node=\"11\"><b>SUSTA-GEN<\/b> \u00e9 semelhante ao Enantato de Testosterona em muitos aspetos. \u00c9 tipicamente usado durante o ciclo de volume (bulking) quando o seu objetivo \u00e9 construir uma massa muscular muito maior.<\/p>\n<p data-path-to-node=\"12\">Pode ser muito eficaz quando empilhado com Dianabol e Anadrol durante a fase de volume, e com Anavar, Trembolona, Winstrol, Masteron e Primobolan durante a fase de defini\u00e7\u00e3o (cutting).<\/p>\n<p data-path-to-node=\"13\"><b>SUSTA-GEN<\/b> empilha-se bem com v\u00e1rios esteroides anabolizantes, como Deca Durabolin ou Nandrolona, durante o ciclo fora de \u00e9poca.<\/p>\n<h3 data-path-to-node=\"14\">Como Tomar Sustanon?<\/h3>\n<p data-path-to-node=\"15\">Para homens com n\u00edveis muito baixos de testosterona, \u00e9 recomendada uma dosagem de 250 mg de <b>SUSTA-GEN<\/b> por semana. Mas para aqueles com n\u00edveis normais de testosterona, que querem experimentar todos os benef\u00edcios do ciclo de esteroides para a constru\u00e7\u00e3o muscular, uma dosagem de 500 mg por semana \u00e9 considerada ideal.<\/p>\n<p data-path-to-node=\"16\">Fisiculturistas experientes optam por uma dosagem mais alta de <b>SUSTA-GEN<\/b>, como entre 750 mg a 1.000 mg por semana. Uma dosagem mais alta deve ser tomada apenas se os resultados n\u00e3o corresponderem \u00e0s suas expectativas ou se tiverem tornado est\u00e1ticos.<\/p>\n<p><\/p>","protected":false},"excerpt":{"rendered":"<p>Compre Sustanon para ajudar a construir uma impressionante massa muscular e tornar os m\u00fasculos mais fortes e duros. O que<\/p>\n","protected":false},"featured_media":10375,"comment_status":"open","ping_status":"closed","template":"","meta":[],"product_brand":[3529,3530],"product_cat":[69],"product_tag":[],"class_list":{"0":"post-10374","1":"product","2":"type-product","3":"status-publish","4":"has-post-thumbnail","6":"product_brand-gd-gold-dragon-ltd","7":"product_brand-mp-pharm-muscle-pharm","8":"product_cat-esteroides_inyectables","10":"first","11":"instock","12":"shipping-taxable","13":"purchasable","14":"product-type-simple"},"yoast_head":"<!-- This site is optimized with the Yoast SEO Premium plugin v24.4 (Yoast SEO v27.0) - https:\/\/yoast.com\/product\/yoast-seo-premium-wordpress\/ -->\n<title>SUSTA-GEN - SUSTANON - Ester\u00f3ides Online<\/title>\n<meta name=\"description\" content=\"SUSTA-GEN \u00e9 uma mistura de 4 \u00e9steres de testosterona que aumenta a massa muscular, for\u00e7a e resist\u00eancia com efeitos duradouros.\" \/>\n<meta name=\"robots\" content=\"index, follow, max-snippet:-1, max-image-preview:large, max-video-preview:-1\" \/>\n<link rel=\"canonical\" href=\"https:\/\/iberoid-shop.com\/pt\/product\/susta-gen-sustanon\/\" \/>\n<meta property=\"og:locale\" content=\"pt_PT\" \/>\n<meta property=\"og:type\" content=\"article\" \/>\n<meta property=\"og:title\" content=\"SUSTA-GEN - SUSTANON\" \/>\n<meta property=\"og:description\" content=\"SUSTA-GEN \u00e9 uma mistura de 4 \u00e9steres de testosterona que aumenta a massa muscular, for\u00e7a e resist\u00eancia com efeitos duradouros.\" \/>\n<meta property=\"og:url\" content=\"https:\/\/iberoid-shop.com\/pt\/product\/susta-gen-sustanon\/\" \/>\n<meta property=\"og:site_name\" content=\"Ester\u00f3ides Online\" \/>\n<meta property=\"article:modified_time\" content=\"2026-02-18T09:11:39+00:00\" \/>\n<meta property=\"og:image\" content=\"https:\/\/iberoid-shop.com\/wp-content\/uploads\/2025\/10\/SUSTAGEN.jpeg?v=1760268777\" \/>\n\t<meta property=\"og:image:width\" content=\"1080\" \/>\n\t<meta property=\"og:image:height\" content=\"1080\" \/>\n\t<meta property=\"og:image:type\" content=\"image\/jpeg\" \/>\n<meta name=\"twitter:card\" content=\"summary_large_image\" \/>\n<meta name=\"twitter:label1\" content=\"pre\u00e7o\" \/>\n\t<meta name=\"twitter:data1\" content=\"&euro;30.00\" \/>\n\t<meta name=\"twitter:label2\" content=\"Disponibilidade\" \/>\n\t<meta name=\"twitter:data2\" content=\"Em stock\" \/>\n<script type=\"application\/ld+json\" class=\"yoast-schema-graph\">{\"@context\":\"https:\/\/schema.org\",\"@graph\":[{\"@type\":\"WebPage\",\"@id\":\"https:\/\/iberoid-shop.com\/pt\/product\/susta-gen-sustanon\/\",\"url\":\"https:\/\/iberoid-shop.com\/pt\/product\/susta-gen-sustanon\/\",\"name\":\"SUSTA-GEN - SUSTANON - Ester\u00f3ides Online\",\"isPartOf\":{\"@id\":\"https:\/\/iberoid-shop.com\/pt\/#website\"},\"primaryImageOfPage\":{\"@id\":\"https:\/\/iberoid-shop.com\/pt\/product\/susta-gen-sustanon\/#primaryimage\"},\"image\":{\"@id\":\"https:\/\/iberoid-shop.com\/pt\/product\/susta-gen-sustanon\/#primaryimage\"},\"thumbnailUrl\":\"https:\/\/iberoid-shop.com\/wp-content\/uploads\/2025\/10\/SUSTAGEN.jpeg?v=1760268777\",\"datePublished\":\"2025-10-12T11:36:09+00:00\",\"dateModified\":\"2026-02-18T09:11:39+00:00\",\"description\":\"SUSTA-GEN \u00e9 uma mistura de 4 \u00e9steres de testosterona que aumenta a massa muscular, for\u00e7a e resist\u00eancia com efeitos duradouros.\",\"breadcrumb\":{\"@id\":\"https:\/\/iberoid-shop.com\/pt\/product\/susta-gen-sustanon\/#breadcrumb\"},\"inLanguage\":\"pt-PT\",\"potentialAction\":[{\"@type\":\"ReadAction\",\"target\":[[\"https:\/\/iberoid-shop.com\/pt\/product\/susta-gen-sustanon\/\"]]}]},{\"@type\":\"ImageObject\",\"inLanguage\":\"pt-PT\",\"@id\":\"https:\/\/iberoid-shop.com\/pt\/product\/susta-gen-sustanon\/#primaryimage\",\"url\":\"https:\/\/iberoid-shop.com\/wp-content\/uploads\/2025\/10\/SUSTAGEN.jpeg?v=1760268777\",\"contentUrl\":\"https:\/\/iberoid-shop.com\/wp-content\/uploads\/2025\/10\/SUSTAGEN.jpeg?v=1760268777\",\"width\":1080,\"height\":1080},{\"@type\":\"BreadcrumbList\",\"@id\":\"https:\/\/iberoid-shop.com\/pt\/product\/susta-gen-sustanon\/#breadcrumb\",\"itemListElement\":[{\"@type\":\"ListItem\",\"position\":1,\"name\":\"Portada\",\"item\":\"https:\/\/iberoid-shop.com\/pt\/\"},{\"@type\":\"ListItem\",\"position\":2,\"name\":\"Loja\",\"item\":\"https:\/\/iberoid-shop.com\/pt\/shop\/\"},{\"@type\":\"ListItem\",\"position\":3,\"name\":\"SUSTA-GEN &#8211; SUSTANON\"}]},{\"@type\":\"WebSite\",\"@id\":\"https:\/\/iberoid-shop.com\/pt\/#website\",\"url\":\"https:\/\/iberoid-shop.com\/pt\/\",\"name\":\"Ester\u00f3ides Online\",\"description\":\"Compre ester\u00f3ides online hoje em Espanha e Portugal. Temos o melhor servi\u00e7o ao cliente do setor e produtos da mais alta qualidade\",\"potentialAction\":[{\"@type\":\"SearchAction\",\"target\":{\"@type\":\"EntryPoint\",\"urlTemplate\":\"https:\/\/iberoid-shop.com\/pt\/?s={search_term_string}\"},\"query-input\":{\"@type\":\"PropertyValueSpecification\",\"valueRequired\":true,\"valueName\":\"search_term_string\"}}],\"inLanguage\":\"pt-PT\"}]}<\/script>\n<meta property=\"product:brand\" content=\"Golden Dragon\" \/>\n<meta property=\"product:price:amount\" content=\"30.00\" \/>\n<meta property=\"product:price:currency\" content=\"EUR\" \/>\n<meta property=\"og:availability\" content=\"instock\" \/>\n<meta property=\"product:availability\" content=\"instock\" \/>\n<meta property=\"product:condition\" content=\"new\" \/>\n<!-- \/ Yoast SEO Premium plugin. -->","yoast_head_json":{"title":"SUSTA-GEN - SUSTANON - Ester\u00f3ides Online","description":"SUSTA-GEN \u00e9 uma mistura de 4 \u00e9steres de testosterona que aumenta a massa muscular, for\u00e7a e resist\u00eancia com efeitos duradouros.","robots":{"index":"index","follow":"follow","max-snippet":"max-snippet:-1","max-image-preview":"max-image-preview:large","max-video-preview":"max-video-preview:-1"},"canonical":"https:\/\/iberoid-shop.com\/pt\/product\/susta-gen-sustanon\/","og_locale":"pt_PT","og_type":"article","og_title":"SUSTA-GEN - SUSTANON","og_description":"SUSTA-GEN \u00e9 uma mistura de 4 \u00e9steres de testosterona que aumenta a massa muscular, for\u00e7a e resist\u00eancia com efeitos duradouros.","og_url":"https:\/\/iberoid-shop.com\/pt\/product\/susta-gen-sustanon\/","og_site_name":"Ester\u00f3ides Online","article_modified_time":"2026-02-18T09:11:39+00:00","og_image":[{"width":1080,"height":1080,"url":"https:\/\/iberoid-shop.com\/wp-content\/uploads\/2025\/10\/SUSTAGEN.jpeg?v=1760268777","type":"image\/jpeg"}],"twitter_card":"summary_large_image","twitter_misc":{"pre\u00e7o":"&euro;30.00","Disponibilidade":"Em stock"},"schema":{"@context":"https:\/\/schema.org","@graph":[{"@type":"WebPage","@id":"https:\/\/iberoid-shop.com\/pt\/product\/susta-gen-sustanon\/","url":"https:\/\/iberoid-shop.com\/pt\/product\/susta-gen-sustanon\/","name":"SUSTA-GEN - SUSTANON - Ester\u00f3ides Online","isPartOf":{"@id":"https:\/\/iberoid-shop.com\/pt\/#website"},"primaryImageOfPage":{"@id":"https:\/\/iberoid-shop.com\/pt\/product\/susta-gen-sustanon\/#primaryimage"},"image":{"@id":"https:\/\/iberoid-shop.com\/pt\/product\/susta-gen-sustanon\/#primaryimage"},"thumbnailUrl":"https:\/\/iberoid-shop.com\/wp-content\/uploads\/2025\/10\/SUSTAGEN.jpeg?v=1760268777","datePublished":"2025-10-12T11:36:09+00:00","dateModified":"2026-02-18T09:11:39+00:00","description":"SUSTA-GEN \u00e9 uma mistura de 4 \u00e9steres de testosterona que aumenta a massa muscular, for\u00e7a e resist\u00eancia com efeitos duradouros.","breadcrumb":{"@id":"https:\/\/iberoid-shop.com\/pt\/product\/susta-gen-sustanon\/#breadcrumb"},"inLanguage":"pt-PT","potentialAction":[{"@type":"ReadAction","target":[["https:\/\/iberoid-shop.com\/pt\/product\/susta-gen-sustanon\/"]]}]},{"@type":"ImageObject","inLanguage":"pt-PT","@id":"https:\/\/iberoid-shop.com\/pt\/product\/susta-gen-sustanon\/#primaryimage","url":"https:\/\/iberoid-shop.com\/wp-content\/uploads\/2025\/10\/SUSTAGEN.jpeg?v=1760268777","contentUrl":"https:\/\/iberoid-shop.com\/wp-content\/uploads\/2025\/10\/SUSTAGEN.jpeg?v=1760268777","width":1080,"height":1080},{"@type":"BreadcrumbList","@id":"https:\/\/iberoid-shop.com\/pt\/product\/susta-gen-sustanon\/#breadcrumb","itemListElement":[{"@type":"ListItem","position":1,"name":"Portada","item":"https:\/\/iberoid-shop.com\/pt\/"},{"@type":"ListItem","position":2,"name":"Loja","item":"https:\/\/iberoid-shop.com\/pt\/shop\/"},{"@type":"ListItem","position":3,"name":"SUSTA-GEN &#8211; SUSTANON"}]},{"@type":"WebSite","@id":"https:\/\/iberoid-shop.com\/pt\/#website","url":"https:\/\/iberoid-shop.com\/pt\/","name":"Ester\u00f3ides Online","description":"Compre ester\u00f3ides online hoje em Espanha e Portugal. Temos o melhor servi\u00e7o ao cliente do setor e produtos da mais alta qualidade","potentialAction":[{"@type":"SearchAction","target":{"@type":"EntryPoint","urlTemplate":"https:\/\/iberoid-shop.com\/pt\/?s={search_term_string}"},"query-input":{"@type":"PropertyValueSpecification","valueRequired":true,"valueName":"search_term_string"}}],"inLanguage":"pt-PT"}]},"product_brand":"Golden Dragon","product_price_amount":"30.00","product_price_currency":"EUR","og_availability":"instock","product_availability":"instock","product_condition":"new"},"_links":{"self":[{"href":"https:\/\/iberoid-shop.com\/pt\/wp-json\/wp\/v2\/product\/10374","targetHints":{"allow":["GET"]}}],"collection":[{"href":"https:\/\/iberoid-shop.com\/pt\/wp-json\/wp\/v2\/product"}],"about":[{"href":"https:\/\/iberoid-shop.com\/pt\/wp-json\/wp\/v2\/types\/product"}],"replies":[{"embeddable":true,"href":"https:\/\/iberoid-shop.com\/pt\/wp-json\/wp\/v2\/comments?post=10374"}],"wp:featuredmedia":[{"embeddable":true,"href":"https:\/\/iberoid-shop.com\/pt\/wp-json\/wp\/v2\/media\/10375"}],"wp:attachment":[{"href":"https:\/\/iberoid-shop.com\/pt\/wp-json\/wp\/v2\/media?parent=10374"}],"wp:term":[{"taxonomy":"product_brand","embeddable":true,"href":"https:\/\/iberoid-shop.com\/pt\/wp-json\/wp\/v2\/product_brand?post=10374"},{"taxonomy":"product_cat","embeddable":true,"href":"https:\/\/iberoid-shop.com\/pt\/wp-json\/wp\/v2\/product_cat?post=10374"},{"taxonomy":"product_tag","embeddable":true,"href":"https:\/\/iberoid-shop.com\/pt\/wp-json\/wp\/v2\/product_tag?post=10374"}],"curies":[{"name":"wp","href":"https:\/\/api.w.org\/{rel}","templated":true}]}}