{"id":10371,"date":"2025-10-12T11:29:50","date_gmt":"2025-10-12T11:29:50","guid":{"rendered":"https:\/\/iberoid-shop.com\/?post_type=product&#038;p=10371"},"modified":"2026-03-23T23:52:25","modified_gmt":"2026-03-23T23:52:25","slug":"testo-gen-testosteron-enanthate","status":"publish","type":"product","link":"https:\/\/iberoid-shop.com\/pt\/product\/testo-gen-testosteron-enanthate\/","title":{"rendered":"TESTO-GEN &#8211; testosteron enanthate"},"content":{"rendered":"<p><\/p>\n<h2 data-path-to-node=\"1\">Enantato de Testosterona: Propriedades e Benef\u00edcios<\/h2>\n<p data-path-to-node=\"2\">O enantato de testosterona representa um \u00e9ster concentrado complexo do horm\u00f4nio natural, o que lhe permite ser absorvido pelo organismo de forma fisiol\u00f3gica normal. Ao selecionar corretamente um ciclo do medicamento, \u00e9 poss\u00edvel evitar o efeito de &#8220;excesso de treino&#8221; (overtraining), ao contr\u00e1rio de outros an\u00e1logos semelhantes. Ele n\u00e3o s\u00f3 exerce um impacto incrivelmente positivo no processo de regenera\u00e7\u00e3o e renova\u00e7\u00e3o das c\u00e9lulas musculares, mas tamb\u00e9m contribui para o adensamento e o aumento do volume das fibras musculares.<\/p>\n<p data-path-to-node=\"3\">O enantato de testosterona \u00e9 um dos esteroides mais populares e procurados no levantamento de peso e no fisiculturismo. Existem v\u00e1rias raz\u00f5es para isso, entre as quais se destacam o m\u00ednimo de rea\u00e7\u00f5es secund\u00e1rias, a agressividade praticamente nula nas c\u00e9lulas hep\u00e1ticas e o custo aceit\u00e1vel deste medicamento.<\/p>\n<p data-path-to-node=\"4\">\u00c9 importante tamb\u00e9m indicar uma s\u00e9rie de efeitos positivos que s\u00e3o observados ap\u00f3s a administra\u00e7\u00e3o de Testosterona Enantato 250:<\/p>\n<ul data-path-to-node=\"5\">\n<li>\n<p data-path-to-node=\"5,0,0\">Redu\u00e7\u00e3o m\u00e1xima da for\u00e7a de tens\u00e3o nos discos intervertebrais;<\/p>\n<\/li>\n<li>\n<p data-path-to-node=\"5,1,0\">Aumento do t\u00f4nus geral de todo o organismo;<\/p>\n<\/li>\n<li>\n<p data-path-to-node=\"5,2,0\">Preven\u00e7\u00e3o de poss\u00edveis dores nas articula\u00e7\u00f5es;<\/p>\n<\/li>\n<li>\n<p data-path-to-node=\"5,3,0\">R\u00e1pida satura\u00e7\u00e3o do sangue com oxig\u00eanio.<\/p>\n<\/li>\n<\/ul>\n<p data-path-to-node=\"6\">A aplica\u00e7\u00e3o adequada do enantato de testosterona previne rapidamente quaisquer manifesta\u00e7\u00f5es de fadiga cr\u00f4nica, mesmo durante os treinos mais longos e pesados. Gra\u00e7as a tudo o que foi listado, o medicamento recebe consistentemente apenas avalia\u00e7\u00f5es positivas e \u00e9 frequentemente recomendado para atletas iniciantes.<\/p>\n<p><\/p>","protected":false},"excerpt":{"rendered":"<p>Enantato de Testosterona: Propriedades e Benef\u00edcios O enantato de testosterona representa um \u00e9ster concentrado complexo do horm\u00f4nio natural, o que<\/p>\n","protected":false},"featured_media":10372,"comment_status":"open","ping_status":"closed","template":"","meta":[],"product_brand":[3527],"product_cat":[69,3533],"product_tag":[],"class_list":{"0":"post-10371","1":"product","2":"type-product","3":"status-publish","4":"has-post-thumbnail","6":"product_brand-gd-gold-dragon","7":"product_cat-esteroides_inyectables","8":"product_cat-sales-rebajas","10":"first","11":"instock","12":"sale","13":"shipping-taxable","14":"purchasable","15":"product-type-simple"},"yoast_head":"<!-- This site is optimized with the Yoast SEO Premium plugin v24.4 (Yoast SEO v27.0) - https:\/\/yoast.com\/product\/yoast-seo-premium-wordpress\/ -->\n<title>TESTO-GEN - testosteron enanthate - Ester\u00f3ides Online<\/title>\n<meta name=\"description\" content=\"O Enantato de Testosterona aumenta a massa muscular, recupera\u00e7\u00e3o e sa\u00fade articular. Reduz a fadiga e apoia treinos intensos com efeitos m\u00ednimos.\" \/>\n<meta name=\"robots\" content=\"index, follow, max-snippet:-1, max-image-preview:large, max-video-preview:-1\" \/>\n<link rel=\"canonical\" href=\"https:\/\/iberoid-shop.com\/pt\/product\/testo-gen-testosteron-enanthate\/\" \/>\n<meta property=\"og:locale\" content=\"pt_PT\" \/>\n<meta property=\"og:type\" content=\"article\" \/>\n<meta property=\"og:title\" content=\"TESTO-GEN - testosteron enanthate\" \/>\n<meta property=\"og:description\" content=\"O Enantato de Testosterona aumenta a massa muscular, recupera\u00e7\u00e3o e sa\u00fade articular. Reduz a fadiga e apoia treinos intensos com efeitos m\u00ednimos.\" \/>\n<meta property=\"og:url\" content=\"https:\/\/iberoid-shop.com\/pt\/product\/testo-gen-testosteron-enanthate\/\" \/>\n<meta property=\"og:site_name\" content=\"Ester\u00f3ides Online\" \/>\n<meta property=\"article:modified_time\" content=\"2026-03-23T23:52:25+00:00\" \/>\n<meta property=\"og:image\" content=\"https:\/\/iberoid-shop.com\/wp-content\/uploads\/2025\/10\/TESTOGEN.jpeg?v=1760268556\" \/>\n\t<meta property=\"og:image:width\" content=\"1791\" \/>\n\t<meta property=\"og:image:height\" content=\"2048\" \/>\n\t<meta property=\"og:image:type\" content=\"image\/jpeg\" \/>\n<meta name=\"twitter:card\" content=\"summary_large_image\" \/>\n<meta name=\"twitter:label1\" content=\"pre\u00e7o\" \/>\n\t<meta name=\"twitter:data1\" content=\"&euro;25.00\" \/>\n\t<meta name=\"twitter:label2\" content=\"Disponibilidade\" \/>\n\t<meta name=\"twitter:data2\" content=\"Em stock\" \/>\n<script type=\"application\/ld+json\" class=\"yoast-schema-graph\">{\"@context\":\"https:\/\/schema.org\",\"@graph\":[{\"@type\":\"WebPage\",\"@id\":\"https:\/\/iberoid-shop.com\/pt\/product\/testo-gen-testosteron-enanthate\/\",\"url\":\"https:\/\/iberoid-shop.com\/pt\/product\/testo-gen-testosteron-enanthate\/\",\"name\":\"TESTO-GEN - testosteron enanthate - Ester\u00f3ides Online\",\"isPartOf\":{\"@id\":\"https:\/\/iberoid-shop.com\/pt\/#website\"},\"primaryImageOfPage\":{\"@id\":\"https:\/\/iberoid-shop.com\/pt\/product\/testo-gen-testosteron-enanthate\/#primaryimage\"},\"image\":{\"@id\":\"https:\/\/iberoid-shop.com\/pt\/product\/testo-gen-testosteron-enanthate\/#primaryimage\"},\"thumbnailUrl\":\"https:\/\/iberoid-shop.com\/wp-content\/uploads\/2025\/10\/TESTOGEN.jpeg?v=1760268556\",\"datePublished\":\"2025-10-12T11:29:50+00:00\",\"dateModified\":\"2026-03-23T23:52:25+00:00\",\"description\":\"O Enantato de Testosterona aumenta a massa muscular, recupera\u00e7\u00e3o e sa\u00fade articular. Reduz a fadiga e apoia treinos intensos com efeitos m\u00ednimos.\",\"breadcrumb\":{\"@id\":\"https:\/\/iberoid-shop.com\/pt\/product\/testo-gen-testosteron-enanthate\/#breadcrumb\"},\"inLanguage\":\"pt-PT\",\"potentialAction\":[{\"@type\":\"ReadAction\",\"target\":[[\"https:\/\/iberoid-shop.com\/pt\/product\/testo-gen-testosteron-enanthate\/\"]]}]},{\"@type\":\"ImageObject\",\"inLanguage\":\"pt-PT\",\"@id\":\"https:\/\/iberoid-shop.com\/pt\/product\/testo-gen-testosteron-enanthate\/#primaryimage\",\"url\":\"https:\/\/iberoid-shop.com\/wp-content\/uploads\/2025\/10\/TESTOGEN.jpeg?v=1760268556\",\"contentUrl\":\"https:\/\/iberoid-shop.com\/wp-content\/uploads\/2025\/10\/TESTOGEN.jpeg?v=1760268556\",\"width\":1791,\"height\":2048},{\"@type\":\"BreadcrumbList\",\"@id\":\"https:\/\/iberoid-shop.com\/pt\/product\/testo-gen-testosteron-enanthate\/#breadcrumb\",\"itemListElement\":[{\"@type\":\"ListItem\",\"position\":1,\"name\":\"Portada\",\"item\":\"https:\/\/iberoid-shop.com\/pt\/\"},{\"@type\":\"ListItem\",\"position\":2,\"name\":\"Loja\",\"item\":\"https:\/\/iberoid-shop.com\/pt\/shop\/\"},{\"@type\":\"ListItem\",\"position\":3,\"name\":\"TESTO-GEN &#8211; testosteron enanthate\"}]},{\"@type\":\"WebSite\",\"@id\":\"https:\/\/iberoid-shop.com\/pt\/#website\",\"url\":\"https:\/\/iberoid-shop.com\/pt\/\",\"name\":\"Ester\u00f3ides Online\",\"description\":\"Compre ester\u00f3ides online hoje em Espanha e Portugal. Temos o melhor servi\u00e7o ao cliente do setor e produtos da mais alta qualidade\",\"potentialAction\":[{\"@type\":\"SearchAction\",\"target\":{\"@type\":\"EntryPoint\",\"urlTemplate\":\"https:\/\/iberoid-shop.com\/pt\/?s={search_term_string}\"},\"query-input\":{\"@type\":\"PropertyValueSpecification\",\"valueRequired\":true,\"valueName\":\"search_term_string\"}}],\"inLanguage\":\"pt-PT\"}]}<\/script>\n<meta property=\"product:brand\" content=\"Golden Dragon\" \/>\n<meta property=\"product:price:amount\" content=\"25.00\" \/>\n<meta property=\"product:price:currency\" content=\"EUR\" \/>\n<meta property=\"og:availability\" content=\"instock\" \/>\n<meta property=\"product:availability\" content=\"instock\" \/>\n<meta property=\"product:condition\" content=\"new\" \/>\n<!-- \/ Yoast SEO Premium plugin. -->","yoast_head_json":{"title":"TESTO-GEN - testosteron enanthate - Ester\u00f3ides Online","description":"O Enantato de Testosterona aumenta a massa muscular, recupera\u00e7\u00e3o e sa\u00fade articular. Reduz a fadiga e apoia treinos intensos com efeitos m\u00ednimos.","robots":{"index":"index","follow":"follow","max-snippet":"max-snippet:-1","max-image-preview":"max-image-preview:large","max-video-preview":"max-video-preview:-1"},"canonical":"https:\/\/iberoid-shop.com\/pt\/product\/testo-gen-testosteron-enanthate\/","og_locale":"pt_PT","og_type":"article","og_title":"TESTO-GEN - testosteron enanthate","og_description":"O Enantato de Testosterona aumenta a massa muscular, recupera\u00e7\u00e3o e sa\u00fade articular. Reduz a fadiga e apoia treinos intensos com efeitos m\u00ednimos.","og_url":"https:\/\/iberoid-shop.com\/pt\/product\/testo-gen-testosteron-enanthate\/","og_site_name":"Ester\u00f3ides Online","article_modified_time":"2026-03-23T23:52:25+00:00","og_image":[{"width":1791,"height":2048,"url":"https:\/\/iberoid-shop.com\/wp-content\/uploads\/2025\/10\/TESTOGEN.jpeg?v=1760268556","type":"image\/jpeg"}],"twitter_card":"summary_large_image","twitter_misc":{"pre\u00e7o":"&euro;25.00","Disponibilidade":"Em stock"},"schema":{"@context":"https:\/\/schema.org","@graph":[{"@type":"WebPage","@id":"https:\/\/iberoid-shop.com\/pt\/product\/testo-gen-testosteron-enanthate\/","url":"https:\/\/iberoid-shop.com\/pt\/product\/testo-gen-testosteron-enanthate\/","name":"TESTO-GEN - testosteron enanthate - Ester\u00f3ides Online","isPartOf":{"@id":"https:\/\/iberoid-shop.com\/pt\/#website"},"primaryImageOfPage":{"@id":"https:\/\/iberoid-shop.com\/pt\/product\/testo-gen-testosteron-enanthate\/#primaryimage"},"image":{"@id":"https:\/\/iberoid-shop.com\/pt\/product\/testo-gen-testosteron-enanthate\/#primaryimage"},"thumbnailUrl":"https:\/\/iberoid-shop.com\/wp-content\/uploads\/2025\/10\/TESTOGEN.jpeg?v=1760268556","datePublished":"2025-10-12T11:29:50+00:00","dateModified":"2026-03-23T23:52:25+00:00","description":"O Enantato de Testosterona aumenta a massa muscular, recupera\u00e7\u00e3o e sa\u00fade articular. Reduz a fadiga e apoia treinos intensos com efeitos m\u00ednimos.","breadcrumb":{"@id":"https:\/\/iberoid-shop.com\/pt\/product\/testo-gen-testosteron-enanthate\/#breadcrumb"},"inLanguage":"pt-PT","potentialAction":[{"@type":"ReadAction","target":[["https:\/\/iberoid-shop.com\/pt\/product\/testo-gen-testosteron-enanthate\/"]]}]},{"@type":"ImageObject","inLanguage":"pt-PT","@id":"https:\/\/iberoid-shop.com\/pt\/product\/testo-gen-testosteron-enanthate\/#primaryimage","url":"https:\/\/iberoid-shop.com\/wp-content\/uploads\/2025\/10\/TESTOGEN.jpeg?v=1760268556","contentUrl":"https:\/\/iberoid-shop.com\/wp-content\/uploads\/2025\/10\/TESTOGEN.jpeg?v=1760268556","width":1791,"height":2048},{"@type":"BreadcrumbList","@id":"https:\/\/iberoid-shop.com\/pt\/product\/testo-gen-testosteron-enanthate\/#breadcrumb","itemListElement":[{"@type":"ListItem","position":1,"name":"Portada","item":"https:\/\/iberoid-shop.com\/pt\/"},{"@type":"ListItem","position":2,"name":"Loja","item":"https:\/\/iberoid-shop.com\/pt\/shop\/"},{"@type":"ListItem","position":3,"name":"TESTO-GEN &#8211; testosteron enanthate"}]},{"@type":"WebSite","@id":"https:\/\/iberoid-shop.com\/pt\/#website","url":"https:\/\/iberoid-shop.com\/pt\/","name":"Ester\u00f3ides Online","description":"Compre ester\u00f3ides online hoje em Espanha e Portugal. Temos o melhor servi\u00e7o ao cliente do setor e produtos da mais alta qualidade","potentialAction":[{"@type":"SearchAction","target":{"@type":"EntryPoint","urlTemplate":"https:\/\/iberoid-shop.com\/pt\/?s={search_term_string}"},"query-input":{"@type":"PropertyValueSpecification","valueRequired":true,"valueName":"search_term_string"}}],"inLanguage":"pt-PT"}]},"product_brand":"Golden Dragon","product_price_amount":"25.00","product_price_currency":"EUR","og_availability":"instock","product_availability":"instock","product_condition":"new"},"_links":{"self":[{"href":"https:\/\/iberoid-shop.com\/pt\/wp-json\/wp\/v2\/product\/10371","targetHints":{"allow":["GET"]}}],"collection":[{"href":"https:\/\/iberoid-shop.com\/pt\/wp-json\/wp\/v2\/product"}],"about":[{"href":"https:\/\/iberoid-shop.com\/pt\/wp-json\/wp\/v2\/types\/product"}],"replies":[{"embeddable":true,"href":"https:\/\/iberoid-shop.com\/pt\/wp-json\/wp\/v2\/comments?post=10371"}],"wp:featuredmedia":[{"embeddable":true,"href":"https:\/\/iberoid-shop.com\/pt\/wp-json\/wp\/v2\/media\/10372"}],"wp:attachment":[{"href":"https:\/\/iberoid-shop.com\/pt\/wp-json\/wp\/v2\/media?parent=10371"}],"wp:term":[{"taxonomy":"product_brand","embeddable":true,"href":"https:\/\/iberoid-shop.com\/pt\/wp-json\/wp\/v2\/product_brand?post=10371"},{"taxonomy":"product_cat","embeddable":true,"href":"https:\/\/iberoid-shop.com\/pt\/wp-json\/wp\/v2\/product_cat?post=10371"},{"taxonomy":"product_tag","embeddable":true,"href":"https:\/\/iberoid-shop.com\/pt\/wp-json\/wp\/v2\/product_tag?post=10371"}],"curies":[{"name":"wp","href":"https:\/\/api.w.org\/{rel}","templated":true}]}}