{"id":10368,"date":"2025-10-12T11:01:37","date_gmt":"2025-10-12T11:01:37","guid":{"rendered":"https:\/\/iberoid-shop.com\/?post_type=product&#038;p=10368"},"modified":"2026-04-10T07:38:27","modified_gmt":"2026-04-10T07:38:27","slug":"pack3-masteron-masto-gen-g-dragonltd","status":"publish","type":"product","link":"https:\/\/iberoid-shop.com\/pt\/product\/pack3-masteron-masto-gen-g-dragonltd\/","title":{"rendered":"PACK3 MASTERON \/ MASTO-GEN"},"content":{"rendered":"<p><\/p>\n<h2>O que \u00e9 Masteron?<\/h2>\n<p data-path-to-node=\"2\">Compre Masteron. \u00c9 usado no tratamento do cancro da mama, mas o uso mais comum do Masteron \u00e9 como <b>esteroide de corte (defini\u00e7\u00e3o)<\/b> no culturismo. \u00c9 popular entre os culturistas porque os ajuda a <b>ficar definidos<\/b> e n\u00e3o leva a efeitos colaterais como a <b>reten\u00e7\u00e3o de l\u00edquidos<\/b>.<\/p>\n<h3>Propriedades Anti-Estrog\u00e9nicas<\/h3>\n<p data-path-to-node=\"4\">Numa base funcional, o Masteron \u00e9 bem conhecido por ser um dos \u00fanicos <b>esteroides anabolizantes com fortes propriedades anti-estrog\u00e9nicas<\/b>. Este esteroide n\u00e3o s\u00f3 n\u00e3o possui atividade estrog\u00e9nica, como pode realmente atuar como um <b>anti-estrog\u00e9nio<\/b> no corpo. \u00c9 por isso que tem sido eficaz no tratamento do cancro da mama.<\/p>\n<p data-path-to-node=\"5\">De facto, a combina\u00e7\u00e3o de Masteron e Nolvadex (Citrato de Tamoxifeno) demonstrou ser <b>muito mais eficaz do que a quimioterapia<\/b> no tratamento do cancro da mama inoper\u00e1vel em mulheres na p\u00f3s-menopausa. Isto tamb\u00e9m o torna um esteroide popular entre os culturistas, pois poderia <b>inibir a necessidade de um anti-estrog\u00e9nio<\/b> quando usado no ciclo correto. Isto tamb\u00e9m provar\u00e1 ser vantajoso durante a <b>fase de corte<\/b> devido aos <b>efeitos de endurecimento<\/b> que pode proporcionar.<\/p>\n<h3>Efeitos Anab\u00f3licos e For\u00e7a<\/h3>\n<p data-path-to-node=\"7\">Como anab\u00f3lico, o Masteron n\u00e3o \u00e9 conhecido por promover ganhos em massa muscular magra. Nunca foi usado para desgaste muscular num sentido terap\u00eautico e ser\u00e1 quase sempre encontrado em <b>planos de defini\u00e7\u00e3o<\/b> entre atletas de performance. Pode, no entanto, promover <b>aumentos significativos na for\u00e7a<\/b>, o que pode ser ben\u00e9fico para um atleta que pode n\u00e3o estar necessariamente \u00e0 procura de massa bruta.<\/p>\n<p data-path-to-node=\"8\"><b>Por favor, note que o nosso Masteron \u00e9 Enantato<\/b><\/p>\n<hr data-path-to-node=\"9\" \/>\n<h2>Porqu\u00ea Comprar Masteron? (Principais Benef\u00edcios)<\/h2>\n<p data-path-to-node=\"11\"><b>1. Preserva\u00e7\u00e3o Muscular:<\/b> O Masteron \u00e9 tomado por culturistas para <b>preservar a massa muscular magra<\/b> durante a fase de corte. Garante que n\u00e3o perde for\u00e7a durante a fase de defini\u00e7\u00e3o.<\/p>\n<p data-path-to-node=\"12\"><b>2. Desempenho Atl\u00e9tico:<\/b> \u00c9 usado por atletas profissionais, incluindo sprinters e maratonistas, pois <b>melhora o desempenho atl\u00e9tico<\/b> e permite-lhes preservar a sua massa muscular <b>evitando qualquer ganho de peso<\/b>.<\/p>\n<p data-path-to-node=\"13\"><b>3. Efeito Secante (Sem Reten\u00e7\u00e3o de L\u00edquidos):<\/b> O Masteron \u00e9 um dos esteroides mais suaves. Tem apenas um <b>ligeiro efeito diur\u00e9tico<\/b> no corpo e <b>n\u00e3o leva a qualquer reten\u00e7\u00e3o de l\u00edquidos<\/b>. Ajuda-o a ficar definido rapidamente.<\/p>\n<p data-path-to-node=\"14\"><b>4. Dureza e Vasculariza\u00e7\u00e3o:<\/b> O Masteron <b>aumenta a densidade muscular e a vasculariza\u00e7\u00e3o<\/b>. Preserva a dureza dos m\u00fasculos, mesmo enquanto queima gordura ao mesmo tempo.<\/p>\n<p data-path-to-node=\"15\"><b>5. Redu\u00e7\u00e3o de Gordura:<\/b> Um ciclo de esteroides de 6 a 8 semanas composto por Masteron pode <b>reduzir a sua gordura corporal em 7% a 10%<\/b>.<\/p>\n<p data-path-to-node=\"16\"><b>6. Melhoria no Treino:<\/b> \u00c9 tomado por culturistas pois ajuda-os a <b>levantar mais peso, treinar mais intensamente e por mais tempo<\/b>.<\/p>\n<p data-path-to-node=\"17\"><b>7. Anticatab\u00f3lico:<\/b> O Masteron <b>suprime o catabolismo<\/b>; para que consiga perder peso sem perder nada da sua massa muscular.<\/p>\n<hr data-path-to-node=\"18\" \/>\n<h2>Como Funciona o Masteron?<\/h2>\n<p data-path-to-node=\"20\">Existem dois tipos de Masteron: <b>Propionato de Drostanolona<\/b> e <b>Enantato de Drostanolona<\/b>. O Propionato de Drostanolona \u00e9 uma vers\u00e3o de <b>a\u00e7\u00e3o r\u00e1pida<\/b> do f\u00e1rmaco, o que significa que tem de ser injetado todos os dias. O Enantato de Drostanolona atua <b>mais lentamente<\/b> e s\u00f3 precisa de ser injetado duas vezes por semana.<\/p>\n<p data-path-to-node=\"21\">Uma das maiores vantagens do Masteron \u00e9 que lhe d\u00e1 um <b>f\u00edsico mais magro, duro e forte<\/b>. Sim, tomar este esteroide levar\u00e1 \u00e0 perda de gordura, mas n\u00e3o vai acontecer por magia. O Masteron funciona melhor quando <b>voc\u00ea j\u00e1 est\u00e1 magro<\/b> e tem um n\u00edvel moderado de gordura corporal.<\/p>\n<p data-path-to-node=\"22\">Ajuda-o no seu esfor\u00e7o final para se livrar da \u00faltima gordura corporal restante o mais r\u00e1pido poss\u00edvel. D\u00e1-lhe os <b>abdominais de alta defini\u00e7\u00e3o<\/b> e o f\u00edsico duro que sempre quis, livrando-se de 6% a 8% de gordura corporal.<\/p>\n<p data-path-to-node=\"23\">O Masteron <b>n\u00e3o aromatiza<\/b> (converte-se em estrog\u00e9nio) como alguns dos outros esteroides. Tem um forte <b>efeito anti-aromatase<\/b> que garante que n\u00e3o h\u00e1 acumula\u00e7\u00e3o de estrog\u00e9nio. Torna o seu f\u00edsico mais duro, mesmo quando tomado fora de \u00e9poca (off-season).<\/p>\n<hr data-path-to-node=\"24\" \/>\n<h2>Como Tomar Masteron? (Dosagem)<\/h2>\n<p data-path-to-node=\"26\">O Masteron pode ser tomado na forma de <b>inje\u00e7\u00f5es<\/b>.<\/p>\n<h3>Dosagem para Homens<\/h3>\n<p data-path-to-node=\"28\">A dosagem padr\u00e3o de Masteron para atletas e culturistas masculinos situa-se <b>entre 300 a 400 mg por semana<\/b>, para um ciclo de esteroides de 6 a 8 semanas.<\/p>\n<h3>Dosagem para Mulheres<\/h3>\n<p data-path-to-node=\"30\">A dosagem padr\u00e3o de Masteron para atletas femininas \u00e9 de <b>50 mg por semana<\/b>, por um total de 4 a 6 semanas.<\/p>\n<hr data-path-to-node=\"31\" \/>\n<h2>Combina\u00e7\u00e3o com Masteron (Stacking)<\/h2>\n<p data-path-to-node=\"33\">O Masteron pode ser combinado (empilhado ou &#8220;stack&#8221;) com outros esteroides como o <b>Propionato de Testosterona<\/b>, <b>Acetato de Trembolona<\/b>, <b>Winstrol<\/b> e <b>Efedrina<\/b> para melhores resultados.<\/p>\n<p><\/p>","protected":false},"excerpt":{"rendered":"<p>O que \u00e9 Masteron? Compre Masteron. \u00c9 usado no tratamento do cancro da mama, mas o uso mais comum do<\/p>\n","protected":false},"featured_media":10369,"comment_status":"open","ping_status":"closed","template":"","meta":[],"product_brand":[3527],"product_cat":[3474,3533],"product_tag":[],"class_list":{"0":"post-10368","1":"product","2":"type-product","3":"status-publish","4":"has-post-thumbnail","6":"product_brand-gd-gold-dragon","7":"product_cat-packs","8":"product_cat-sales-rebajas","10":"first","11":"instock","12":"sale","13":"shipping-taxable","14":"purchasable","15":"product-type-simple"},"yoast_head":"<!-- This site is optimized with the Yoast SEO Premium plugin v24.4 (Yoast SEO v27.0) - https:\/\/yoast.com\/product\/yoast-seo-premium-wordpress\/ -->\n<title>PACK3 MASTERON \/ MASTO-GEN - Ester\u00f3ides Online<\/title>\n<meta name=\"description\" content=\"Masteron Enantato \u00e9 um potente esteroide de corte que melhora a rigidez muscular, for\u00e7a e vasculariza\u00e7\u00e3o com efeitos antiestrog\u00eanicos.\" \/>\n<meta name=\"robots\" content=\"index, follow, max-snippet:-1, max-image-preview:large, max-video-preview:-1\" \/>\n<link rel=\"canonical\" href=\"https:\/\/iberoid-shop.com\/pt\/product\/pack3-masteron-masto-gen-g-dragonltd\/\" \/>\n<meta property=\"og:locale\" content=\"pt_PT\" \/>\n<meta property=\"og:type\" content=\"article\" \/>\n<meta property=\"og:title\" content=\"PACK3 MASTERON \/ MASTO-GEN\" \/>\n<meta property=\"og:description\" content=\"Masteron Enantato \u00e9 um potente esteroide de corte que melhora a rigidez muscular, for\u00e7a e vasculariza\u00e7\u00e3o com efeitos antiestrog\u00eanicos.\" \/>\n<meta property=\"og:url\" content=\"https:\/\/iberoid-shop.com\/pt\/product\/pack3-masteron-masto-gen-g-dragonltd\/\" \/>\n<meta property=\"og:site_name\" content=\"Ester\u00f3ides Online\" \/>\n<meta property=\"article:modified_time\" content=\"2026-04-10T07:38:27+00:00\" \/>\n<meta property=\"og:image\" content=\"https:\/\/iberoid-shop.com\/wp-content\/uploads\/2025\/10\/3MASTOGEN.jpg?v=1760266861\" \/>\n\t<meta property=\"og:image:width\" content=\"1600\" \/>\n\t<meta property=\"og:image:height\" content=\"1231\" \/>\n\t<meta property=\"og:image:type\" content=\"image\/jpeg\" \/>\n<meta name=\"twitter:card\" content=\"summary_large_image\" \/>\n<meta name=\"twitter:label1\" content=\"pre\u00e7o\" \/>\n\t<meta name=\"twitter:data1\" content=\"&euro;80.00\" \/>\n\t<meta name=\"twitter:label2\" content=\"Disponibilidade\" \/>\n\t<meta name=\"twitter:data2\" content=\"Em stock\" \/>\n<script type=\"application\/ld+json\" class=\"yoast-schema-graph\">{\"@context\":\"https:\/\/schema.org\",\"@graph\":[{\"@type\":\"WebPage\",\"@id\":\"https:\/\/iberoid-shop.com\/pt\/product\/pack3-masteron-masto-gen-g-dragonltd\/\",\"url\":\"https:\/\/iberoid-shop.com\/pt\/product\/pack3-masteron-masto-gen-g-dragonltd\/\",\"name\":\"PACK3 MASTERON \/ MASTO-GEN - Ester\u00f3ides Online\",\"isPartOf\":{\"@id\":\"https:\/\/iberoid-shop.com\/pt\/#website\"},\"primaryImageOfPage\":{\"@id\":\"https:\/\/iberoid-shop.com\/pt\/product\/pack3-masteron-masto-gen-g-dragonltd\/#primaryimage\"},\"image\":{\"@id\":\"https:\/\/iberoid-shop.com\/pt\/product\/pack3-masteron-masto-gen-g-dragonltd\/#primaryimage\"},\"thumbnailUrl\":\"https:\/\/iberoid-shop.com\/wp-content\/uploads\/2025\/10\/3MASTOGEN.jpg?v=1760266861\",\"datePublished\":\"2025-10-12T11:01:37+00:00\",\"dateModified\":\"2026-04-10T07:38:27+00:00\",\"description\":\"Masteron Enantato \u00e9 um potente esteroide de corte que melhora a rigidez muscular, for\u00e7a e vasculariza\u00e7\u00e3o com efeitos antiestrog\u00eanicos.\",\"breadcrumb\":{\"@id\":\"https:\/\/iberoid-shop.com\/pt\/product\/pack3-masteron-masto-gen-g-dragonltd\/#breadcrumb\"},\"inLanguage\":\"pt-PT\",\"potentialAction\":[{\"@type\":\"ReadAction\",\"target\":[[\"https:\/\/iberoid-shop.com\/pt\/product\/pack3-masteron-masto-gen-g-dragonltd\/\"]]}]},{\"@type\":\"ImageObject\",\"inLanguage\":\"pt-PT\",\"@id\":\"https:\/\/iberoid-shop.com\/pt\/product\/pack3-masteron-masto-gen-g-dragonltd\/#primaryimage\",\"url\":\"https:\/\/iberoid-shop.com\/wp-content\/uploads\/2025\/10\/3MASTOGEN.jpg?v=1760266861\",\"contentUrl\":\"https:\/\/iberoid-shop.com\/wp-content\/uploads\/2025\/10\/3MASTOGEN.jpg?v=1760266861\",\"width\":1600,\"height\":1231},{\"@type\":\"BreadcrumbList\",\"@id\":\"https:\/\/iberoid-shop.com\/pt\/product\/pack3-masteron-masto-gen-g-dragonltd\/#breadcrumb\",\"itemListElement\":[{\"@type\":\"ListItem\",\"position\":1,\"name\":\"Portada\",\"item\":\"https:\/\/iberoid-shop.com\/pt\/\"},{\"@type\":\"ListItem\",\"position\":2,\"name\":\"Loja\",\"item\":\"https:\/\/iberoid-shop.com\/pt\/shop\/\"},{\"@type\":\"ListItem\",\"position\":3,\"name\":\"PACK3 MASTERON \/ MASTO-GEN\"}]},{\"@type\":\"WebSite\",\"@id\":\"https:\/\/iberoid-shop.com\/pt\/#website\",\"url\":\"https:\/\/iberoid-shop.com\/pt\/\",\"name\":\"Ester\u00f3ides Online\",\"description\":\"Compre ester\u00f3ides online hoje em Espanha e Portugal. Temos o melhor servi\u00e7o ao cliente do setor e produtos da mais alta qualidade\",\"potentialAction\":[{\"@type\":\"SearchAction\",\"target\":{\"@type\":\"EntryPoint\",\"urlTemplate\":\"https:\/\/iberoid-shop.com\/pt\/?s={search_term_string}\"},\"query-input\":{\"@type\":\"PropertyValueSpecification\",\"valueRequired\":true,\"valueName\":\"search_term_string\"}}],\"inLanguage\":\"pt-PT\"}]}<\/script>\n<meta property=\"product:brand\" content=\"Golden Dragon\" \/>\n<meta property=\"product:price:amount\" content=\"80.00\" \/>\n<meta property=\"product:price:currency\" content=\"EUR\" \/>\n<meta property=\"og:availability\" content=\"instock\" \/>\n<meta property=\"product:availability\" content=\"instock\" \/>\n<meta property=\"product:condition\" content=\"new\" \/>\n<!-- \/ Yoast SEO Premium plugin. -->","yoast_head_json":{"title":"PACK3 MASTERON \/ MASTO-GEN - Ester\u00f3ides Online","description":"Masteron Enantato \u00e9 um potente esteroide de corte que melhora a rigidez muscular, for\u00e7a e vasculariza\u00e7\u00e3o com efeitos antiestrog\u00eanicos.","robots":{"index":"index","follow":"follow","max-snippet":"max-snippet:-1","max-image-preview":"max-image-preview:large","max-video-preview":"max-video-preview:-1"},"canonical":"https:\/\/iberoid-shop.com\/pt\/product\/pack3-masteron-masto-gen-g-dragonltd\/","og_locale":"pt_PT","og_type":"article","og_title":"PACK3 MASTERON \/ MASTO-GEN","og_description":"Masteron Enantato \u00e9 um potente esteroide de corte que melhora a rigidez muscular, for\u00e7a e vasculariza\u00e7\u00e3o com efeitos antiestrog\u00eanicos.","og_url":"https:\/\/iberoid-shop.com\/pt\/product\/pack3-masteron-masto-gen-g-dragonltd\/","og_site_name":"Ester\u00f3ides Online","article_modified_time":"2026-04-10T07:38:27+00:00","og_image":[{"width":1600,"height":1231,"url":"https:\/\/iberoid-shop.com\/wp-content\/uploads\/2025\/10\/3MASTOGEN.jpg?v=1760266861","type":"image\/jpeg"}],"twitter_card":"summary_large_image","twitter_misc":{"pre\u00e7o":"&euro;80.00","Disponibilidade":"Em stock"},"schema":{"@context":"https:\/\/schema.org","@graph":[{"@type":"WebPage","@id":"https:\/\/iberoid-shop.com\/pt\/product\/pack3-masteron-masto-gen-g-dragonltd\/","url":"https:\/\/iberoid-shop.com\/pt\/product\/pack3-masteron-masto-gen-g-dragonltd\/","name":"PACK3 MASTERON \/ MASTO-GEN - Ester\u00f3ides Online","isPartOf":{"@id":"https:\/\/iberoid-shop.com\/pt\/#website"},"primaryImageOfPage":{"@id":"https:\/\/iberoid-shop.com\/pt\/product\/pack3-masteron-masto-gen-g-dragonltd\/#primaryimage"},"image":{"@id":"https:\/\/iberoid-shop.com\/pt\/product\/pack3-masteron-masto-gen-g-dragonltd\/#primaryimage"},"thumbnailUrl":"https:\/\/iberoid-shop.com\/wp-content\/uploads\/2025\/10\/3MASTOGEN.jpg?v=1760266861","datePublished":"2025-10-12T11:01:37+00:00","dateModified":"2026-04-10T07:38:27+00:00","description":"Masteron Enantato \u00e9 um potente esteroide de corte que melhora a rigidez muscular, for\u00e7a e vasculariza\u00e7\u00e3o com efeitos antiestrog\u00eanicos.","breadcrumb":{"@id":"https:\/\/iberoid-shop.com\/pt\/product\/pack3-masteron-masto-gen-g-dragonltd\/#breadcrumb"},"inLanguage":"pt-PT","potentialAction":[{"@type":"ReadAction","target":[["https:\/\/iberoid-shop.com\/pt\/product\/pack3-masteron-masto-gen-g-dragonltd\/"]]}]},{"@type":"ImageObject","inLanguage":"pt-PT","@id":"https:\/\/iberoid-shop.com\/pt\/product\/pack3-masteron-masto-gen-g-dragonltd\/#primaryimage","url":"https:\/\/iberoid-shop.com\/wp-content\/uploads\/2025\/10\/3MASTOGEN.jpg?v=1760266861","contentUrl":"https:\/\/iberoid-shop.com\/wp-content\/uploads\/2025\/10\/3MASTOGEN.jpg?v=1760266861","width":1600,"height":1231},{"@type":"BreadcrumbList","@id":"https:\/\/iberoid-shop.com\/pt\/product\/pack3-masteron-masto-gen-g-dragonltd\/#breadcrumb","itemListElement":[{"@type":"ListItem","position":1,"name":"Portada","item":"https:\/\/iberoid-shop.com\/pt\/"},{"@type":"ListItem","position":2,"name":"Loja","item":"https:\/\/iberoid-shop.com\/pt\/shop\/"},{"@type":"ListItem","position":3,"name":"PACK3 MASTERON \/ MASTO-GEN"}]},{"@type":"WebSite","@id":"https:\/\/iberoid-shop.com\/pt\/#website","url":"https:\/\/iberoid-shop.com\/pt\/","name":"Ester\u00f3ides Online","description":"Compre ester\u00f3ides online hoje em Espanha e Portugal. Temos o melhor servi\u00e7o ao cliente do setor e produtos da mais alta qualidade","potentialAction":[{"@type":"SearchAction","target":{"@type":"EntryPoint","urlTemplate":"https:\/\/iberoid-shop.com\/pt\/?s={search_term_string}"},"query-input":{"@type":"PropertyValueSpecification","valueRequired":true,"valueName":"search_term_string"}}],"inLanguage":"pt-PT"}]},"product_brand":"Golden Dragon","product_price_amount":"80.00","product_price_currency":"EUR","og_availability":"instock","product_availability":"instock","product_condition":"new"},"_links":{"self":[{"href":"https:\/\/iberoid-shop.com\/pt\/wp-json\/wp\/v2\/product\/10368","targetHints":{"allow":["GET"]}}],"collection":[{"href":"https:\/\/iberoid-shop.com\/pt\/wp-json\/wp\/v2\/product"}],"about":[{"href":"https:\/\/iberoid-shop.com\/pt\/wp-json\/wp\/v2\/types\/product"}],"replies":[{"embeddable":true,"href":"https:\/\/iberoid-shop.com\/pt\/wp-json\/wp\/v2\/comments?post=10368"}],"wp:featuredmedia":[{"embeddable":true,"href":"https:\/\/iberoid-shop.com\/pt\/wp-json\/wp\/v2\/media\/10369"}],"wp:attachment":[{"href":"https:\/\/iberoid-shop.com\/pt\/wp-json\/wp\/v2\/media?parent=10368"}],"wp:term":[{"taxonomy":"product_brand","embeddable":true,"href":"https:\/\/iberoid-shop.com\/pt\/wp-json\/wp\/v2\/product_brand?post=10368"},{"taxonomy":"product_cat","embeddable":true,"href":"https:\/\/iberoid-shop.com\/pt\/wp-json\/wp\/v2\/product_cat?post=10368"},{"taxonomy":"product_tag","embeddable":true,"href":"https:\/\/iberoid-shop.com\/pt\/wp-json\/wp\/v2\/product_tag?post=10368"}],"curies":[{"name":"wp","href":"https:\/\/api.w.org\/{rel}","templated":true}]}}