{"id":10341,"date":"2025-09-25T14:29:53","date_gmt":"2025-09-25T14:29:53","guid":{"rendered":"https:\/\/iberoid-shop.com\/?post_type=product&#038;p=10341"},"modified":"2026-03-24T21:11:15","modified_gmt":"2026-03-24T21:11:15","slug":"pack2tamo-tamoxifeno-citrate20-mg","status":"publish","type":"product","link":"https:\/\/iberoid-shop.com\/pt\/product\/pack2tamo-tamoxifeno-citrate20-mg\/","title":{"rendered":"Pack 2 TAMO (tamoxifeno citrate) 20 mg"},"content":{"rendered":"<p><\/p>\n<p data-start=\"43\" data-end=\"460\"><strong data-start=\"43\" data-end=\"70\">O citrato de tamoxifeno<\/strong> \u00e9 um modulador seletivo dos receptores de estrog\u00eanio (SERM) amplamente utilizado no tratamento de condi\u00e7\u00f5es relacionadas ao estrog\u00eanio e no fisiculturismo para a terapia p\u00f3s-ciclo (PCT). Ele possui efeitos \u00fanicos sobre a testosterona, estrog\u00eanio, LH (horm\u00f4nio luteinizante), FSH (horm\u00f4nio fol\u00edculo-estimulante), ganho muscular, perda de gordura, for\u00e7a e resist\u00eancia. Aqui est\u00e1 um resumo:<\/p>\n<h3 data-start=\"462\" data-end=\"526\">Bloqueador de estrog\u00eanio e potencializador de testosterona<\/h3>\n<p data-start=\"527\" data-end=\"984\">O tamoxifeno pode aumentar os n\u00edveis de testosterona bloqueando os receptores de estrog\u00eanio no hipot\u00e1lamo e na gl\u00e2ndula pituit\u00e1ria, levando a um aumento de LH e FSH, que por sua vez estimulam os test\u00edculos a produzir mais testosterona e esperma. Atua como antagonista nos receptores de estrog\u00eanio, particularmente no tecido mam\u00e1rio, sendo \u00fatil para prevenir ginecomastia. No entanto, age como agonista em outros tecidos, o que pode gerar efeitos variados.<\/p>\n<h3 data-start=\"986\" data-end=\"1059\">Efeitos sobre ganho muscular, perda de gordura, for\u00e7a e resist\u00eancia<\/h3>\n<p data-start=\"1060\" data-end=\"1361\">O aumento dos n\u00edveis de testosterona afeta diretamente a massa muscular magra, enquanto a redu\u00e7\u00e3o do estrog\u00eanio leva a menor ac\u00famulo de gordura e maior capacidade de perda de gordura. O aumento da massa muscular e o metabolismo mais elevado resultam em melhor desempenho f\u00edsico, for\u00e7a e resist\u00eancia.<\/p>\n<h3 data-start=\"1363\" data-end=\"1415\">Compara\u00e7\u00e3o com Clomid, Letrozole e Anastrozole<\/h3>\n<ul data-start=\"1416\" data-end=\"2393\">\n<li data-start=\"1416\" data-end=\"1781\">\n<p data-start=\"1418\" data-end=\"1781\"><strong data-start=\"1418\" data-end=\"1452\">Clomid (citrato de clomifeno):<\/strong> Semelhante ao tamoxifeno, pois tamb\u00e9m aumenta LH e FSH para elevar os n\u00edveis de testosterona. Clomid \u00e9 uma melhor escolha para suporte de ciclo ou PCT como antiestrog\u00eanio, devido ao seu efeito mais forte na estimula\u00e7\u00e3o da produ\u00e7\u00e3o end\u00f3gena de testosterona. Embora seja econ\u00f4mico, o <strong data-start=\"1735\" data-end=\"1748\">TAMOXIF20<\/strong> faz mais sentido para atletas.<\/p>\n<\/li>\n<li data-start=\"1782\" data-end=\"2097\">\n<p data-start=\"1784\" data-end=\"2097\"><strong data-start=\"1784\" data-end=\"1798\">Letrozole:<\/strong> Um potente inibidor da aromatase que reduz significativamente os n\u00edveis de estrog\u00eanio mais do que o tamoxifeno ou o Clomid. Usado para tratar efeitos colaterais estrog\u00eanicos graves, como ginecomastia, mas pode reduzir o estrog\u00eanio em excesso, afetando potencialmente libido, humor e articula\u00e7\u00f5es.<\/p>\n<\/li>\n<li data-start=\"2098\" data-end=\"2393\">\n<p data-start=\"2100\" data-end=\"2393\"><strong data-start=\"2100\" data-end=\"2116\">Anastrozole:<\/strong> Outro inibidor da aromatase, semelhante ao Letrozole, mas pode ser menos agressivo sobre os n\u00edveis de estrog\u00eanio. Tamb\u00e9m \u00e9 um inibidor de aromatase preferido, pois reduz o estrog\u00eanio e aumenta indiretamente os n\u00edveis de testosterona, mas n\u00e3o estimula LH e FSH como os SERMs.<\/p>\n<\/li>\n<\/ul>\n<h3 data-start=\"2395\" data-end=\"2411\">Benef\u00edcios<\/h3>\n<ul data-start=\"2412\" data-end=\"2692\" data-is-last-node=\"\" data-is-only-node=\"\">\n<li data-start=\"2412\" data-end=\"2472\">\n<p data-start=\"2414\" data-end=\"2472\">Controla os n\u00edveis de estrog\u00eanio durante o ciclo ou PCT.<\/p>\n<\/li>\n<li data-start=\"2473\" data-end=\"2591\">\n<p data-start=\"2475\" data-end=\"2591\">Previne efeitos colaterais relacionados ao estrog\u00eanio, como ginecomastia, reten\u00e7\u00e3o de l\u00edquidos e ganho de gordura.<\/p>\n<\/li>\n<li data-start=\"2592\" data-end=\"2692\" data-is-last-node=\"\">\n<p data-start=\"2594\" data-end=\"2692\" data-is-last-node=\"\">Acelera a PCT e restaura os n\u00edveis naturais de testosterona e a produ\u00e7\u00e3o de esperma \u00e0 normalidade.<\/p>\n<\/li>\n<\/ul>\n<p><\/p>","protected":false},"excerpt":{"rendered":"<p>O citrato de tamoxifeno \u00e9 um modulador seletivo dos receptores de estrog\u00eanio (SERM) amplamente utilizado no tratamento de condi\u00e7\u00f5es relacionadas<\/p>\n","protected":false},"featured_media":10342,"comment_status":"open","ping_status":"closed","template":"","meta":[],"product_brand":[],"product_cat":[73,3474],"product_tag":[],"class_list":{"0":"post-10341","1":"product","2":"type-product","3":"status-publish","4":"has-post-thumbnail","6":"product_cat-ssteroides_orales","7":"product_cat-packs","9":"first","10":"instock","11":"sale","12":"shipping-taxable","13":"purchasable","14":"product-type-simple"},"yoast_head":"<!-- This site is optimized with the Yoast SEO Premium plugin v24.4 (Yoast SEO v27.0) - https:\/\/yoast.com\/product\/yoast-seo-premium-wordpress\/ -->\n<title>Pack 2 TAMO (tamoxifeno citrate) 20 mg - Ester\u00f3ides Online<\/title>\n<meta name=\"description\" content=\"O Tamoxifeno \u00e9 um potente SERM que aumenta a testosterona, bloqueia estrog\u00eanio, previne ginecomastia e auxilia na terapia p\u00f3s-ciclo.\" \/>\n<meta name=\"robots\" content=\"index, follow, max-snippet:-1, max-image-preview:large, max-video-preview:-1\" \/>\n<link rel=\"canonical\" href=\"https:\/\/iberoid-shop.com\/pt\/product\/pack2tamo-tamoxifeno-citrate20-mg\/\" \/>\n<meta property=\"og:locale\" content=\"pt_PT\" \/>\n<meta property=\"og:type\" content=\"article\" \/>\n<meta property=\"og:title\" content=\"Pack 2 TAMO (tamoxifeno citrate) 20 mg\" \/>\n<meta property=\"og:description\" content=\"O Tamoxifeno \u00e9 um potente SERM que aumenta a testosterona, bloqueia estrog\u00eanio, previne ginecomastia e auxilia na terapia p\u00f3s-ciclo.\" \/>\n<meta property=\"og:url\" content=\"https:\/\/iberoid-shop.com\/pt\/product\/pack2tamo-tamoxifeno-citrate20-mg\/\" \/>\n<meta property=\"og:site_name\" content=\"Ester\u00f3ides Online\" \/>\n<meta property=\"article:modified_time\" content=\"2026-03-24T21:11:15+00:00\" \/>\n<meta property=\"og:image\" content=\"https:\/\/iberoid-shop.com\/wp-content\/uploads\/2025\/09\/tamo2-scaled.jpeg?v=1758810553\" \/>\n\t<meta property=\"og:image:width\" content=\"1991\" \/>\n\t<meta property=\"og:image:height\" content=\"2560\" \/>\n\t<meta property=\"og:image:type\" content=\"image\/jpeg\" \/>\n<meta name=\"twitter:card\" content=\"summary_large_image\" \/>\n<meta name=\"twitter:label1\" content=\"pre\u00e7o\" \/>\n\t<meta name=\"twitter:data1\" content=\"&euro;25.00\" \/>\n\t<meta name=\"twitter:label2\" content=\"Disponibilidade\" \/>\n\t<meta name=\"twitter:data2\" content=\"Em stock\" \/>\n<script type=\"application\/ld+json\" class=\"yoast-schema-graph\">{\"@context\":\"https:\/\/schema.org\",\"@graph\":[{\"@type\":\"WebPage\",\"@id\":\"https:\/\/iberoid-shop.com\/pt\/product\/pack2tamo-tamoxifeno-citrate20-mg\/\",\"url\":\"https:\/\/iberoid-shop.com\/pt\/product\/pack2tamo-tamoxifeno-citrate20-mg\/\",\"name\":\"Pack 2 TAMO (tamoxifeno citrate) 20 mg - Ester\u00f3ides Online\",\"isPartOf\":{\"@id\":\"https:\/\/iberoid-shop.com\/pt\/#website\"},\"primaryImageOfPage\":{\"@id\":\"https:\/\/iberoid-shop.com\/pt\/product\/pack2tamo-tamoxifeno-citrate20-mg\/#primaryimage\"},\"image\":{\"@id\":\"https:\/\/iberoid-shop.com\/pt\/product\/pack2tamo-tamoxifeno-citrate20-mg\/#primaryimage\"},\"thumbnailUrl\":\"https:\/\/iberoid-shop.com\/wp-content\/uploads\/2025\/09\/tamo2-scaled.jpeg?v=1758810553\",\"datePublished\":\"2025-09-25T14:29:53+00:00\",\"dateModified\":\"2026-03-24T21:11:15+00:00\",\"description\":\"O Tamoxifeno \u00e9 um potente SERM que aumenta a testosterona, bloqueia estrog\u00eanio, previne ginecomastia e auxilia na terapia p\u00f3s-ciclo.\",\"breadcrumb\":{\"@id\":\"https:\/\/iberoid-shop.com\/pt\/product\/pack2tamo-tamoxifeno-citrate20-mg\/#breadcrumb\"},\"inLanguage\":\"pt-PT\",\"potentialAction\":[{\"@type\":\"ReadAction\",\"target\":[[\"https:\/\/iberoid-shop.com\/pt\/product\/pack2tamo-tamoxifeno-citrate20-mg\/\"]]}]},{\"@type\":\"ImageObject\",\"inLanguage\":\"pt-PT\",\"@id\":\"https:\/\/iberoid-shop.com\/pt\/product\/pack2tamo-tamoxifeno-citrate20-mg\/#primaryimage\",\"url\":\"https:\/\/iberoid-shop.com\/wp-content\/uploads\/2025\/09\/tamo2-scaled.jpeg?v=1758810553\",\"contentUrl\":\"https:\/\/iberoid-shop.com\/wp-content\/uploads\/2025\/09\/tamo2-scaled.jpeg?v=1758810553\",\"width\":1991,\"height\":2560},{\"@type\":\"BreadcrumbList\",\"@id\":\"https:\/\/iberoid-shop.com\/pt\/product\/pack2tamo-tamoxifeno-citrate20-mg\/#breadcrumb\",\"itemListElement\":[{\"@type\":\"ListItem\",\"position\":1,\"name\":\"Portada\",\"item\":\"https:\/\/iberoid-shop.com\/pt\/\"},{\"@type\":\"ListItem\",\"position\":2,\"name\":\"Loja\",\"item\":\"https:\/\/iberoid-shop.com\/pt\/shop\/\"},{\"@type\":\"ListItem\",\"position\":3,\"name\":\"Pack 2 TAMO (tamoxifeno citrate) 20 mg\"}]},{\"@type\":\"WebSite\",\"@id\":\"https:\/\/iberoid-shop.com\/pt\/#website\",\"url\":\"https:\/\/iberoid-shop.com\/pt\/\",\"name\":\"Ester\u00f3ides Online\",\"description\":\"Compre ester\u00f3ides online hoje em Espanha e Portugal. Temos o melhor servi\u00e7o ao cliente do setor e produtos da mais alta qualidade\",\"potentialAction\":[{\"@type\":\"SearchAction\",\"target\":{\"@type\":\"EntryPoint\",\"urlTemplate\":\"https:\/\/iberoid-shop.com\/pt\/?s={search_term_string}\"},\"query-input\":{\"@type\":\"PropertyValueSpecification\",\"valueRequired\":true,\"valueName\":\"search_term_string\"}}],\"inLanguage\":\"pt-PT\"}]}<\/script>\n<meta property=\"product:brand\" content=\"Mp-Pharm\" \/>\n<meta property=\"product:price:amount\" content=\"25.00\" \/>\n<meta property=\"product:price:currency\" content=\"EUR\" \/>\n<meta property=\"og:availability\" content=\"instock\" \/>\n<meta property=\"product:availability\" content=\"instock\" \/>\n<meta property=\"product:condition\" content=\"new\" \/>\n<!-- \/ Yoast SEO Premium plugin. -->","yoast_head_json":{"title":"Pack 2 TAMO (tamoxifeno citrate) 20 mg - Ester\u00f3ides Online","description":"O Tamoxifeno \u00e9 um potente SERM que aumenta a testosterona, bloqueia estrog\u00eanio, previne ginecomastia e auxilia na terapia p\u00f3s-ciclo.","robots":{"index":"index","follow":"follow","max-snippet":"max-snippet:-1","max-image-preview":"max-image-preview:large","max-video-preview":"max-video-preview:-1"},"canonical":"https:\/\/iberoid-shop.com\/pt\/product\/pack2tamo-tamoxifeno-citrate20-mg\/","og_locale":"pt_PT","og_type":"article","og_title":"Pack 2 TAMO (tamoxifeno citrate) 20 mg","og_description":"O Tamoxifeno \u00e9 um potente SERM que aumenta a testosterona, bloqueia estrog\u00eanio, previne ginecomastia e auxilia na terapia p\u00f3s-ciclo.","og_url":"https:\/\/iberoid-shop.com\/pt\/product\/pack2tamo-tamoxifeno-citrate20-mg\/","og_site_name":"Ester\u00f3ides Online","article_modified_time":"2026-03-24T21:11:15+00:00","og_image":[{"width":1991,"height":2560,"url":"https:\/\/iberoid-shop.com\/wp-content\/uploads\/2025\/09\/tamo2-scaled.jpeg?v=1758810553","type":"image\/jpeg"}],"twitter_card":"summary_large_image","twitter_misc":{"pre\u00e7o":"&euro;25.00","Disponibilidade":"Em stock"},"schema":{"@context":"https:\/\/schema.org","@graph":[{"@type":"WebPage","@id":"https:\/\/iberoid-shop.com\/pt\/product\/pack2tamo-tamoxifeno-citrate20-mg\/","url":"https:\/\/iberoid-shop.com\/pt\/product\/pack2tamo-tamoxifeno-citrate20-mg\/","name":"Pack 2 TAMO (tamoxifeno citrate) 20 mg - Ester\u00f3ides Online","isPartOf":{"@id":"https:\/\/iberoid-shop.com\/pt\/#website"},"primaryImageOfPage":{"@id":"https:\/\/iberoid-shop.com\/pt\/product\/pack2tamo-tamoxifeno-citrate20-mg\/#primaryimage"},"image":{"@id":"https:\/\/iberoid-shop.com\/pt\/product\/pack2tamo-tamoxifeno-citrate20-mg\/#primaryimage"},"thumbnailUrl":"https:\/\/iberoid-shop.com\/wp-content\/uploads\/2025\/09\/tamo2-scaled.jpeg?v=1758810553","datePublished":"2025-09-25T14:29:53+00:00","dateModified":"2026-03-24T21:11:15+00:00","description":"O Tamoxifeno \u00e9 um potente SERM que aumenta a testosterona, bloqueia estrog\u00eanio, previne ginecomastia e auxilia na terapia p\u00f3s-ciclo.","breadcrumb":{"@id":"https:\/\/iberoid-shop.com\/pt\/product\/pack2tamo-tamoxifeno-citrate20-mg\/#breadcrumb"},"inLanguage":"pt-PT","potentialAction":[{"@type":"ReadAction","target":[["https:\/\/iberoid-shop.com\/pt\/product\/pack2tamo-tamoxifeno-citrate20-mg\/"]]}]},{"@type":"ImageObject","inLanguage":"pt-PT","@id":"https:\/\/iberoid-shop.com\/pt\/product\/pack2tamo-tamoxifeno-citrate20-mg\/#primaryimage","url":"https:\/\/iberoid-shop.com\/wp-content\/uploads\/2025\/09\/tamo2-scaled.jpeg?v=1758810553","contentUrl":"https:\/\/iberoid-shop.com\/wp-content\/uploads\/2025\/09\/tamo2-scaled.jpeg?v=1758810553","width":1991,"height":2560},{"@type":"BreadcrumbList","@id":"https:\/\/iberoid-shop.com\/pt\/product\/pack2tamo-tamoxifeno-citrate20-mg\/#breadcrumb","itemListElement":[{"@type":"ListItem","position":1,"name":"Portada","item":"https:\/\/iberoid-shop.com\/pt\/"},{"@type":"ListItem","position":2,"name":"Loja","item":"https:\/\/iberoid-shop.com\/pt\/shop\/"},{"@type":"ListItem","position":3,"name":"Pack 2 TAMO (tamoxifeno citrate) 20 mg"}]},{"@type":"WebSite","@id":"https:\/\/iberoid-shop.com\/pt\/#website","url":"https:\/\/iberoid-shop.com\/pt\/","name":"Ester\u00f3ides Online","description":"Compre ester\u00f3ides online hoje em Espanha e Portugal. Temos o melhor servi\u00e7o ao cliente do setor e produtos da mais alta qualidade","potentialAction":[{"@type":"SearchAction","target":{"@type":"EntryPoint","urlTemplate":"https:\/\/iberoid-shop.com\/pt\/?s={search_term_string}"},"query-input":{"@type":"PropertyValueSpecification","valueRequired":true,"valueName":"search_term_string"}}],"inLanguage":"pt-PT"}]},"product_brand":"Mp-Pharm","product_price_amount":"25.00","product_price_currency":"EUR","og_availability":"instock","product_availability":"instock","product_condition":"new"},"_links":{"self":[{"href":"https:\/\/iberoid-shop.com\/pt\/wp-json\/wp\/v2\/product\/10341","targetHints":{"allow":["GET"]}}],"collection":[{"href":"https:\/\/iberoid-shop.com\/pt\/wp-json\/wp\/v2\/product"}],"about":[{"href":"https:\/\/iberoid-shop.com\/pt\/wp-json\/wp\/v2\/types\/product"}],"replies":[{"embeddable":true,"href":"https:\/\/iberoid-shop.com\/pt\/wp-json\/wp\/v2\/comments?post=10341"}],"wp:featuredmedia":[{"embeddable":true,"href":"https:\/\/iberoid-shop.com\/pt\/wp-json\/wp\/v2\/media\/10342"}],"wp:attachment":[{"href":"https:\/\/iberoid-shop.com\/pt\/wp-json\/wp\/v2\/media?parent=10341"}],"wp:term":[{"taxonomy":"product_brand","embeddable":true,"href":"https:\/\/iberoid-shop.com\/pt\/wp-json\/wp\/v2\/product_brand?post=10341"},{"taxonomy":"product_cat","embeddable":true,"href":"https:\/\/iberoid-shop.com\/pt\/wp-json\/wp\/v2\/product_cat?post=10341"},{"taxonomy":"product_tag","embeddable":true,"href":"https:\/\/iberoid-shop.com\/pt\/wp-json\/wp\/v2\/product_tag?post=10341"}],"curies":[{"name":"wp","href":"https:\/\/api.w.org\/{rel}","templated":true}]}}