{"id":10340,"date":"2025-09-25T14:27:11","date_gmt":"2025-09-25T14:27:11","guid":{"rendered":"https:\/\/iberoid-shop.com\/?post_type=product&#038;p=10340"},"modified":"2026-04-07T13:33:51","modified_gmt":"2026-04-07T13:33:51","slug":"tamo20mg-tamoxifenocitrate20-mg","status":"publish","type":"product","link":"https:\/\/iberoid-shop.com\/pt\/product\/tamo20mg-tamoxifenocitrate20-mg\/","title":{"rendered":"TAMO 20mg (tamoxifeno citrate)"},"content":{"rendered":"<p><\/p>\n<p data-start=\"43\" data-end=\"370\"><strong data-start=\"43\" data-end=\"70\">O comprimido TAMO 20 mg<\/strong> cont\u00e9m citrato de tamoxifeno. \u00c9 utilizado para tratar e prevenir o c\u00e2ncer de mama. Tamb\u00e9m \u00e9 usado para tratar a infertilidade em mulheres causada pela incapacidade de produzir e liberar \u00f3vulos corretamente. O c\u00e2ncer \u00e9 um dist\u00farbio em que as c\u00e9lulas se multiplicam de forma descontrolada e anormal.<\/p>\n<p data-start=\"372\" data-end=\"894\"><strong data-start=\"372\" data-end=\"422\">O comprimido TAMO 20 mg n\u00e3o deve ser utilizado<\/strong> se voc\u00ea estiver gr\u00e1vida, em tratamento para infertilidade, tomando medicamentos para tratar co\u00e1gulos sangu\u00edneos ou se j\u00e1 teve ou tem co\u00e1gulos sangu\u00edneos de causa desconhecida. Converse com seu m\u00e9dico se tiver c\u00e2ncer de \u00fatero ou outros problemas no \u00fatero, ciclos menstruais irregulares, sangramento vaginal anormal ou se j\u00e1 teve um AVC antes de tomar este medicamento. Use m\u00e9todos contraceptivos eficazes durante o tratamento e por pelo menos 9 meses ap\u00f3s a \u00faltima dose.<\/p>\n<h3 data-start=\"896\" data-end=\"931\">Usos do comprimido TAMO 20 mg<\/h3>\n<p data-start=\"933\" data-end=\"972\">O comprimido TAMO 20 mg \u00e9 usado para:<\/p>\n<ul data-start=\"973\" data-end=\"1621\">\n<li data-start=\"973\" data-end=\"1112\">\n<p data-start=\"975\" data-end=\"1112\">Tratar adultos com c\u00e2ncer de mama metast\u00e1tico com receptor de estrog\u00eanio positivo (c\u00e2ncer que se espalhou para outras partes do corpo).<\/p>\n<\/li>\n<li data-start=\"1113\" data-end=\"1257\">\n<p data-start=\"1115\" data-end=\"1257\">Tratar adultos com c\u00e2ncer de mama em est\u00e1gio inicial com receptor de estrog\u00eanio positivo (ap\u00f3s radioterapia e cirurgia para c\u00e2ncer de mama).<\/p>\n<\/li>\n<li data-start=\"1258\" data-end=\"1428\">\n<p data-start=\"1260\" data-end=\"1428\">Reduzir o risco de desenvolver c\u00e2ncer de mama na outra mama em adultos ap\u00f3s tratamento para c\u00e2ncer de mama e em mulheres com alto risco de desenvolver c\u00e2ncer de mama.<\/p>\n<\/li>\n<li data-start=\"1429\" data-end=\"1468\">\n<p data-start=\"1431\" data-end=\"1468\">Tratar a infertilidade em mulheres.<\/p>\n<\/li>\n<li data-start=\"1469\" data-end=\"1621\">\n<p data-start=\"1471\" data-end=\"1621\">Reduzir o risco de c\u00e2ncer de mama invasivo em mulheres com <strong data-start=\"1530\" data-end=\"1538\">DCIS<\/strong> (carcinoma ductal in situ \u2013 c\u00e2ncer do revestimento dos ductos de leite na mama).<\/p>\n<\/li>\n<\/ul>\n<h3 data-start=\"1623\" data-end=\"1674\">Efeitos terap\u00eauticos do comprimido TAMO 20 mg<\/h3>\n<p data-start=\"1676\" data-end=\"1910\" data-is-last-node=\"\" data-is-only-node=\"\">O comprimido TAMO 20 mg compete com o estrog\u00eanio (horm\u00f4nio sexual) para se ligar ao receptor de estrog\u00eanio, diminui o crescimento dependente do receptor de estrog\u00eanio no tecido mam\u00e1rio e retarda o crescimento das c\u00e9lulas cancer\u00edgenas.<\/p>\n<p><\/p>","protected":false},"excerpt":{"rendered":"<p>O comprimido TAMO 20 mg cont\u00e9m citrato de tamoxifeno. \u00c9 utilizado para tratar e prevenir o c\u00e2ncer de mama. Tamb\u00e9m<\/p>\n","protected":false},"featured_media":10343,"comment_status":"open","ping_status":"closed","template":"","meta":[],"product_brand":[],"product_cat":[73],"product_tag":[],"class_list":{"0":"post-10340","1":"product","2":"type-product","3":"status-publish","4":"has-post-thumbnail","6":"product_cat-ssteroides_orales","8":"first","9":"instock","10":"shipping-taxable","11":"purchasable","12":"product-type-simple"},"yoast_head":"<!-- This site is optimized with the Yoast SEO Premium plugin v24.4 (Yoast SEO v27.0) - https:\/\/yoast.com\/product\/yoast-seo-premium-wordpress\/ -->\n<title>TAMO 20mg (tamoxifeno citrate) - Ester\u00f3ides Online<\/title>\n<meta name=\"description\" content=\"TAMO 20mg (Tamoxifeno) trata c\u00e2ncer de mama e infertilidade bloqueando o estrog\u00eanio e retardando c\u00e9lulas cancer\u00edgenas.\" \/>\n<meta name=\"robots\" content=\"index, follow, max-snippet:-1, max-image-preview:large, max-video-preview:-1\" \/>\n<link rel=\"canonical\" href=\"https:\/\/iberoid-shop.com\/pt\/product\/tamo20mg-tamoxifenocitrate20-mg\/\" \/>\n<meta property=\"og:locale\" content=\"pt_PT\" \/>\n<meta property=\"og:type\" content=\"article\" \/>\n<meta property=\"og:title\" content=\"TAMO 20mg (tamoxifeno citrate)\" \/>\n<meta property=\"og:description\" content=\"TAMO 20mg (Tamoxifeno) trata c\u00e2ncer de mama e infertilidade bloqueando o estrog\u00eanio e retardando c\u00e9lulas cancer\u00edgenas.\" \/>\n<meta property=\"og:url\" content=\"https:\/\/iberoid-shop.com\/pt\/product\/tamo20mg-tamoxifenocitrate20-mg\/\" \/>\n<meta property=\"og:site_name\" content=\"Ester\u00f3ides Online\" \/>\n<meta property=\"article:modified_time\" content=\"2026-04-07T13:33:51+00:00\" \/>\n<meta property=\"og:image\" content=\"https:\/\/iberoid-shop.com\/wp-content\/uploads\/2025\/09\/TAMO1-scaled.jpeg?v=1758810720\" \/>\n\t<meta property=\"og:image:width\" content=\"1920\" \/>\n\t<meta property=\"og:image:height\" content=\"2560\" \/>\n\t<meta property=\"og:image:type\" content=\"image\/jpeg\" \/>\n<meta name=\"twitter:card\" content=\"summary_large_image\" \/>\n<meta name=\"twitter:label1\" content=\"pre\u00e7o\" \/>\n\t<meta name=\"twitter:data1\" content=\"&euro;15.00\" \/>\n\t<meta name=\"twitter:label2\" content=\"Disponibilidade\" \/>\n\t<meta name=\"twitter:data2\" content=\"Em stock\" \/>\n<script type=\"application\/ld+json\" class=\"yoast-schema-graph\">{\"@context\":\"https:\/\/schema.org\",\"@graph\":[{\"@type\":\"WebPage\",\"@id\":\"https:\/\/iberoid-shop.com\/pt\/product\/tamo20mg-tamoxifenocitrate20-mg\/\",\"url\":\"https:\/\/iberoid-shop.com\/pt\/product\/tamo20mg-tamoxifenocitrate20-mg\/\",\"name\":\"TAMO 20mg (tamoxifeno citrate) - Ester\u00f3ides Online\",\"isPartOf\":{\"@id\":\"https:\/\/iberoid-shop.com\/pt\/#website\"},\"primaryImageOfPage\":{\"@id\":\"https:\/\/iberoid-shop.com\/pt\/product\/tamo20mg-tamoxifenocitrate20-mg\/#primaryimage\"},\"image\":{\"@id\":\"https:\/\/iberoid-shop.com\/pt\/product\/tamo20mg-tamoxifenocitrate20-mg\/#primaryimage\"},\"thumbnailUrl\":\"https:\/\/iberoid-shop.com\/wp-content\/uploads\/2025\/09\/TAMO1-scaled.jpeg?v=1758810720\",\"datePublished\":\"2025-09-25T14:27:11+00:00\",\"dateModified\":\"2026-04-07T13:33:51+00:00\",\"description\":\"TAMO 20mg (Tamoxifeno) trata c\u00e2ncer de mama e infertilidade bloqueando o estrog\u00eanio e retardando c\u00e9lulas cancer\u00edgenas.\",\"breadcrumb\":{\"@id\":\"https:\/\/iberoid-shop.com\/pt\/product\/tamo20mg-tamoxifenocitrate20-mg\/#breadcrumb\"},\"inLanguage\":\"pt-PT\",\"potentialAction\":[{\"@type\":\"ReadAction\",\"target\":[[\"https:\/\/iberoid-shop.com\/pt\/product\/tamo20mg-tamoxifenocitrate20-mg\/\"]]}]},{\"@type\":\"ImageObject\",\"inLanguage\":\"pt-PT\",\"@id\":\"https:\/\/iberoid-shop.com\/pt\/product\/tamo20mg-tamoxifenocitrate20-mg\/#primaryimage\",\"url\":\"https:\/\/iberoid-shop.com\/wp-content\/uploads\/2025\/09\/TAMO1-scaled.jpeg?v=1758810720\",\"contentUrl\":\"https:\/\/iberoid-shop.com\/wp-content\/uploads\/2025\/09\/TAMO1-scaled.jpeg?v=1758810720\",\"width\":1920,\"height\":2560},{\"@type\":\"BreadcrumbList\",\"@id\":\"https:\/\/iberoid-shop.com\/pt\/product\/tamo20mg-tamoxifenocitrate20-mg\/#breadcrumb\",\"itemListElement\":[{\"@type\":\"ListItem\",\"position\":1,\"name\":\"Portada\",\"item\":\"https:\/\/iberoid-shop.com\/pt\/\"},{\"@type\":\"ListItem\",\"position\":2,\"name\":\"Loja\",\"item\":\"https:\/\/iberoid-shop.com\/pt\/shop\/\"},{\"@type\":\"ListItem\",\"position\":3,\"name\":\"TAMO 20mg (tamoxifeno citrate)\"}]},{\"@type\":\"WebSite\",\"@id\":\"https:\/\/iberoid-shop.com\/pt\/#website\",\"url\":\"https:\/\/iberoid-shop.com\/pt\/\",\"name\":\"Ester\u00f3ides Online\",\"description\":\"Compre ester\u00f3ides online hoje em Espanha e Portugal. Temos o melhor servi\u00e7o ao cliente do setor e produtos da mais alta qualidade\",\"potentialAction\":[{\"@type\":\"SearchAction\",\"target\":{\"@type\":\"EntryPoint\",\"urlTemplate\":\"https:\/\/iberoid-shop.com\/pt\/?s={search_term_string}\"},\"query-input\":{\"@type\":\"PropertyValueSpecification\",\"valueRequired\":true,\"valueName\":\"search_term_string\"}}],\"inLanguage\":\"pt-PT\"}]}<\/script>\n<meta property=\"product:brand\" content=\"Mp-Pharm\" \/>\n<meta property=\"product:price:amount\" content=\"15.00\" \/>\n<meta property=\"product:price:currency\" content=\"EUR\" \/>\n<meta property=\"og:availability\" content=\"instock\" \/>\n<meta property=\"product:availability\" content=\"instock\" \/>\n<meta property=\"product:condition\" content=\"new\" \/>\n<!-- \/ Yoast SEO Premium plugin. -->","yoast_head_json":{"title":"TAMO 20mg (tamoxifeno citrate) - Ester\u00f3ides Online","description":"TAMO 20mg (Tamoxifeno) trata c\u00e2ncer de mama e infertilidade bloqueando o estrog\u00eanio e retardando c\u00e9lulas cancer\u00edgenas.","robots":{"index":"index","follow":"follow","max-snippet":"max-snippet:-1","max-image-preview":"max-image-preview:large","max-video-preview":"max-video-preview:-1"},"canonical":"https:\/\/iberoid-shop.com\/pt\/product\/tamo20mg-tamoxifenocitrate20-mg\/","og_locale":"pt_PT","og_type":"article","og_title":"TAMO 20mg (tamoxifeno citrate)","og_description":"TAMO 20mg (Tamoxifeno) trata c\u00e2ncer de mama e infertilidade bloqueando o estrog\u00eanio e retardando c\u00e9lulas cancer\u00edgenas.","og_url":"https:\/\/iberoid-shop.com\/pt\/product\/tamo20mg-tamoxifenocitrate20-mg\/","og_site_name":"Ester\u00f3ides Online","article_modified_time":"2026-04-07T13:33:51+00:00","og_image":[{"width":1920,"height":2560,"url":"https:\/\/iberoid-shop.com\/wp-content\/uploads\/2025\/09\/TAMO1-scaled.jpeg?v=1758810720","type":"image\/jpeg"}],"twitter_card":"summary_large_image","twitter_misc":{"pre\u00e7o":"&euro;15.00","Disponibilidade":"Em stock"},"schema":{"@context":"https:\/\/schema.org","@graph":[{"@type":"WebPage","@id":"https:\/\/iberoid-shop.com\/pt\/product\/tamo20mg-tamoxifenocitrate20-mg\/","url":"https:\/\/iberoid-shop.com\/pt\/product\/tamo20mg-tamoxifenocitrate20-mg\/","name":"TAMO 20mg (tamoxifeno citrate) - Ester\u00f3ides Online","isPartOf":{"@id":"https:\/\/iberoid-shop.com\/pt\/#website"},"primaryImageOfPage":{"@id":"https:\/\/iberoid-shop.com\/pt\/product\/tamo20mg-tamoxifenocitrate20-mg\/#primaryimage"},"image":{"@id":"https:\/\/iberoid-shop.com\/pt\/product\/tamo20mg-tamoxifenocitrate20-mg\/#primaryimage"},"thumbnailUrl":"https:\/\/iberoid-shop.com\/wp-content\/uploads\/2025\/09\/TAMO1-scaled.jpeg?v=1758810720","datePublished":"2025-09-25T14:27:11+00:00","dateModified":"2026-04-07T13:33:51+00:00","description":"TAMO 20mg (Tamoxifeno) trata c\u00e2ncer de mama e infertilidade bloqueando o estrog\u00eanio e retardando c\u00e9lulas cancer\u00edgenas.","breadcrumb":{"@id":"https:\/\/iberoid-shop.com\/pt\/product\/tamo20mg-tamoxifenocitrate20-mg\/#breadcrumb"},"inLanguage":"pt-PT","potentialAction":[{"@type":"ReadAction","target":[["https:\/\/iberoid-shop.com\/pt\/product\/tamo20mg-tamoxifenocitrate20-mg\/"]]}]},{"@type":"ImageObject","inLanguage":"pt-PT","@id":"https:\/\/iberoid-shop.com\/pt\/product\/tamo20mg-tamoxifenocitrate20-mg\/#primaryimage","url":"https:\/\/iberoid-shop.com\/wp-content\/uploads\/2025\/09\/TAMO1-scaled.jpeg?v=1758810720","contentUrl":"https:\/\/iberoid-shop.com\/wp-content\/uploads\/2025\/09\/TAMO1-scaled.jpeg?v=1758810720","width":1920,"height":2560},{"@type":"BreadcrumbList","@id":"https:\/\/iberoid-shop.com\/pt\/product\/tamo20mg-tamoxifenocitrate20-mg\/#breadcrumb","itemListElement":[{"@type":"ListItem","position":1,"name":"Portada","item":"https:\/\/iberoid-shop.com\/pt\/"},{"@type":"ListItem","position":2,"name":"Loja","item":"https:\/\/iberoid-shop.com\/pt\/shop\/"},{"@type":"ListItem","position":3,"name":"TAMO 20mg (tamoxifeno citrate)"}]},{"@type":"WebSite","@id":"https:\/\/iberoid-shop.com\/pt\/#website","url":"https:\/\/iberoid-shop.com\/pt\/","name":"Ester\u00f3ides Online","description":"Compre ester\u00f3ides online hoje em Espanha e Portugal. Temos o melhor servi\u00e7o ao cliente do setor e produtos da mais alta qualidade","potentialAction":[{"@type":"SearchAction","target":{"@type":"EntryPoint","urlTemplate":"https:\/\/iberoid-shop.com\/pt\/?s={search_term_string}"},"query-input":{"@type":"PropertyValueSpecification","valueRequired":true,"valueName":"search_term_string"}}],"inLanguage":"pt-PT"}]},"product_brand":"Mp-Pharm","product_price_amount":"15.00","product_price_currency":"EUR","og_availability":"instock","product_availability":"instock","product_condition":"new"},"_links":{"self":[{"href":"https:\/\/iberoid-shop.com\/pt\/wp-json\/wp\/v2\/product\/10340","targetHints":{"allow":["GET"]}}],"collection":[{"href":"https:\/\/iberoid-shop.com\/pt\/wp-json\/wp\/v2\/product"}],"about":[{"href":"https:\/\/iberoid-shop.com\/pt\/wp-json\/wp\/v2\/types\/product"}],"replies":[{"embeddable":true,"href":"https:\/\/iberoid-shop.com\/pt\/wp-json\/wp\/v2\/comments?post=10340"}],"wp:featuredmedia":[{"embeddable":true,"href":"https:\/\/iberoid-shop.com\/pt\/wp-json\/wp\/v2\/media\/10343"}],"wp:attachment":[{"href":"https:\/\/iberoid-shop.com\/pt\/wp-json\/wp\/v2\/media?parent=10340"}],"wp:term":[{"taxonomy":"product_brand","embeddable":true,"href":"https:\/\/iberoid-shop.com\/pt\/wp-json\/wp\/v2\/product_brand?post=10340"},{"taxonomy":"product_cat","embeddable":true,"href":"https:\/\/iberoid-shop.com\/pt\/wp-json\/wp\/v2\/product_cat?post=10340"},{"taxonomy":"product_tag","embeddable":true,"href":"https:\/\/iberoid-shop.com\/pt\/wp-json\/wp\/v2\/product_tag?post=10340"}],"curies":[{"name":"wp","href":"https:\/\/api.w.org\/{rel}","templated":true}]}}