{"id":10282,"date":"2025-08-14T07:49:00","date_gmt":"2025-08-14T07:49:00","guid":{"rendered":"https:\/\/iberoid-shop.com\/?post_type=product&#038;p=10282"},"modified":"2026-02-02T16:40:00","modified_gmt":"2026-02-02T16:40:00","slug":"pboll-primo-tabs-methenolone-acetate","status":"publish","type":"product","link":"https:\/\/iberoid-shop.com\/pt\/product\/pboll-primo-tabs-methenolone-acetate\/","title":{"rendered":"PBOLL 10 \/ PRIMO TABS \/ methenolone acetate"},"content":{"rendered":"<p>O <b>Primobolan<\/b> \u00e9 um anabolizante com um componente androg\u00e9nico extremamente baixo. O seu efeito anab\u00f3lico \u00e9 moderadamente forte. Os comprimidos de Primobolan t\u00eam um efeito limitado na constru\u00e7\u00e3o de massa muscular e for\u00e7a, sendo geralmente tomados por um per\u00edodo prolongado. O uso principal dos comprimidos de Primobolan \u00e9 na prepara\u00e7\u00e3o para uma competi\u00e7\u00e3o.<\/p>\n<p>A forma de acetato n\u00e3o aromatiza em estrog\u00e9nios e n\u00e3o causa reten\u00e7\u00e3o de \u00e1gua. Os comprimidos de acetato de Primobolan nunca devem ser tomados como o \u00fanico esteroide durante uma dieta, pois, devido ao seu efeito androg\u00e9nico extremamente baixo, podem ocorrer perdas significativas de massa muscular e for\u00e7a, e existe o risco de sobre-treino. N\u00e3o \u00e9 <b>c17 alfa<\/b> alquilado, como a maioria dos esteroides orais.<\/p>\n<p>Este produto oferece mais ou menos os mesmos efeitos que o <b>Winstrol<\/b>, com a diferen\u00e7a de que n\u00e3o \u00e9 t\u00f3xico para o f\u00edgado por n\u00e3o ser <b>AA17<\/b>.<\/p>\n<p>Ele tem uma grande vantagem: mesmo tomado sozinho, pode causar ganho de massa muscular associado \u00e0 queima de gordura, de forma semelhante ao Winstrol. O Primobolan oral proporciona um ganho muscular moderado, mas de melhor qualidade, mais denso e magro.<\/p>\n<p>A principal caracter\u00edstica do <b>Acetato de Metenolona (Primobolan)<\/b> em comprimidos \u00e9 que ele n\u00e3o \u00e9 absolutamente t\u00f3xico para o f\u00edgado ou outros \u00f3rg\u00e3os, ao contr\u00e1rio do Winstrol e de muitos outros anabolizantes orais. Isso ocorre porque n\u00e3o \u00e9 alfa alquilado, o que o torna um dos esteroides orais menos perigosos.<\/p>","protected":false},"excerpt":{"rendered":"<p>O Primobolan \u00e9 um anabolizante com um componente androg\u00e9nico extremamente baixo. O seu efeito anab\u00f3lico \u00e9 moderadamente forte. Os comprimidos<\/p>\n","protected":false},"featured_media":10283,"comment_status":"open","ping_status":"closed","template":"","meta":[],"product_brand":[],"product_cat":[73],"product_tag":[],"class_list":{"0":"post-10282","1":"product","2":"type-product","3":"status-publish","4":"has-post-thumbnail","6":"product_cat-ssteroides_orales","8":"first","9":"instock","10":"shipping-taxable","11":"purchasable","12":"product-type-simple"},"yoast_head":"<!-- This site is optimized with the Yoast SEO Premium plugin v24.4 (Yoast SEO v27.3) - https:\/\/yoast.com\/product\/yoast-seo-premium-wordpress\/ -->\n<title>PBOLL 10 \/ PRIMO TABS \/ methenolone acetate - Ester\u00f3ides Online<\/title>\n<meta name=\"description\" content=\"Primobolan \u00e9 um esteroide anabolizante oral leve que ajuda a construir massa muscular magra e queimar gordura sem toxicidade hep\u00e1tica, reten\u00e7\u00e3o de \u00e1gua ou convers\u00e3o de estrog\u00eanio.\" \/>\n<meta name=\"robots\" content=\"index, follow, max-snippet:-1, max-image-preview:large, max-video-preview:-1\" \/>\n<link rel=\"canonical\" href=\"https:\/\/iberoid-shop.com\/pt\/product\/pboll-primo-tabs-methenolone-acetate\/\" \/>\n<meta property=\"og:locale\" content=\"pt_PT\" \/>\n<meta property=\"og:type\" content=\"article\" \/>\n<meta property=\"og:title\" content=\"PBOLL 10 \/ PRIMO TABS \/ methenolone acetate\" \/>\n<meta property=\"og:description\" content=\"Primobolan \u00e9 um esteroide anabolizante oral leve que ajuda a construir massa muscular magra e queimar gordura sem toxicidade hep\u00e1tica, reten\u00e7\u00e3o de \u00e1gua ou convers\u00e3o de estrog\u00eanio.\" \/>\n<meta property=\"og:url\" content=\"https:\/\/iberoid-shop.com\/pt\/product\/pboll-primo-tabs-methenolone-acetate\/\" \/>\n<meta property=\"og:site_name\" content=\"Ester\u00f3ides Online\" \/>\n<meta property=\"article:modified_time\" content=\"2026-02-02T16:40:00+00:00\" \/>\n<meta property=\"og:image\" content=\"https:\/\/iberoid-shop.com\/wp-content\/uploads\/2025\/08\/PBOL1-scaled.jpeg?v=1755157698\" \/>\n\t<meta property=\"og:image:width\" content=\"1767\" \/>\n\t<meta property=\"og:image:height\" content=\"2560\" \/>\n\t<meta property=\"og:image:type\" content=\"image\/jpeg\" \/>\n<meta name=\"twitter:card\" content=\"summary_large_image\" \/>\n<meta name=\"twitter:label1\" content=\"pre\u00e7o\" \/>\n\t<meta name=\"twitter:data1\" content=\"&euro;30.00\" \/>\n\t<meta name=\"twitter:label2\" content=\"Disponibilidade\" \/>\n\t<meta name=\"twitter:data2\" content=\"Em stock\" \/>\n<script type=\"application\/ld+json\" class=\"yoast-schema-graph\">{\"@context\":\"https:\\\/\\\/schema.org\",\"@graph\":[{\"@type\":\"WebPage\",\"@id\":\"https:\\\/\\\/iberoid-shop.com\\\/pt\\\/product\\\/pboll-primo-tabs-methenolone-acetate\\\/\",\"url\":\"https:\\\/\\\/iberoid-shop.com\\\/pt\\\/product\\\/pboll-primo-tabs-methenolone-acetate\\\/\",\"name\":\"PBOLL 10 \\\/ PRIMO TABS \\\/ methenolone acetate - Ester\u00f3ides Online\",\"isPartOf\":{\"@id\":\"https:\\\/\\\/iberoid-shop.com\\\/pt\\\/#website\"},\"primaryImageOfPage\":{\"@id\":\"https:\\\/\\\/iberoid-shop.com\\\/pt\\\/product\\\/pboll-primo-tabs-methenolone-acetate\\\/#primaryimage\"},\"image\":{\"@id\":\"https:\\\/\\\/iberoid-shop.com\\\/pt\\\/product\\\/pboll-primo-tabs-methenolone-acetate\\\/#primaryimage\"},\"thumbnailUrl\":\"https:\\\/\\\/iberoid-shop.com\\\/wp-content\\\/uploads\\\/2025\\\/08\\\/PBOL1-scaled.jpeg?v=1755157698\",\"datePublished\":\"2025-08-14T07:49:00+00:00\",\"dateModified\":\"2026-02-02T16:40:00+00:00\",\"description\":\"Primobolan \u00e9 um esteroide anabolizante oral leve que ajuda a construir massa muscular magra e queimar gordura sem toxicidade hep\u00e1tica, reten\u00e7\u00e3o de \u00e1gua ou convers\u00e3o de estrog\u00eanio.\",\"breadcrumb\":{\"@id\":\"https:\\\/\\\/iberoid-shop.com\\\/pt\\\/product\\\/pboll-primo-tabs-methenolone-acetate\\\/#breadcrumb\"},\"inLanguage\":\"pt-PT\",\"potentialAction\":[{\"@type\":\"ReadAction\",\"target\":[[\"https:\\\/\\\/iberoid-shop.com\\\/pt\\\/product\\\/pboll-primo-tabs-methenolone-acetate\\\/\"]]}]},{\"@type\":\"ImageObject\",\"inLanguage\":\"pt-PT\",\"@id\":\"https:\\\/\\\/iberoid-shop.com\\\/pt\\\/product\\\/pboll-primo-tabs-methenolone-acetate\\\/#primaryimage\",\"url\":\"https:\\\/\\\/iberoid-shop.com\\\/wp-content\\\/uploads\\\/2025\\\/08\\\/PBOL1-scaled.jpeg?v=1755157698\",\"contentUrl\":\"https:\\\/\\\/iberoid-shop.com\\\/wp-content\\\/uploads\\\/2025\\\/08\\\/PBOL1-scaled.jpeg?v=1755157698\",\"width\":1767,\"height\":2560},{\"@type\":\"BreadcrumbList\",\"@id\":\"https:\\\/\\\/iberoid-shop.com\\\/pt\\\/product\\\/pboll-primo-tabs-methenolone-acetate\\\/#breadcrumb\",\"itemListElement\":[{\"@type\":\"ListItem\",\"position\":1,\"name\":\"Portada\",\"item\":\"https:\\\/\\\/iberoid-shop.com\\\/pt\\\/\"},{\"@type\":\"ListItem\",\"position\":2,\"name\":\"Loja\",\"item\":\"https:\\\/\\\/iberoid-shop.com\\\/pt\\\/shop\\\/\"},{\"@type\":\"ListItem\",\"position\":3,\"name\":\"PBOLL 10 \\\/ PRIMO TABS \\\/ methenolone acetate\"}]},{\"@type\":\"WebSite\",\"@id\":\"https:\\\/\\\/iberoid-shop.com\\\/pt\\\/#website\",\"url\":\"https:\\\/\\\/iberoid-shop.com\\\/pt\\\/\",\"name\":\"Ester\u00f3ides Online\",\"description\":\"Compre ester\u00f3ides online hoje em Espanha e Portugal. Temos o melhor servi\u00e7o ao cliente do setor e produtos da mais alta qualidade\",\"potentialAction\":[{\"@type\":\"SearchAction\",\"target\":{\"@type\":\"EntryPoint\",\"urlTemplate\":\"https:\\\/\\\/iberoid-shop.com\\\/pt\\\/?s={search_term_string}\"},\"query-input\":{\"@type\":\"PropertyValueSpecification\",\"valueRequired\":true,\"valueName\":\"search_term_string\"}}],\"inLanguage\":\"pt-PT\"}]}<\/script>\n<meta property=\"product:brand\" content=\"Mp-Pharm\" \/>\n<meta property=\"product:price:amount\" content=\"30.00\" \/>\n<meta property=\"product:price:currency\" content=\"EUR\" \/>\n<meta property=\"og:availability\" content=\"instock\" \/>\n<meta property=\"product:availability\" content=\"instock\" \/>\n<meta property=\"product:condition\" content=\"new\" \/>\n<!-- \/ Yoast SEO Premium plugin. -->","yoast_head_json":{"title":"PBOLL 10 \/ PRIMO TABS \/ methenolone acetate - Ester\u00f3ides Online","description":"Primobolan \u00e9 um esteroide anabolizante oral leve que ajuda a construir massa muscular magra e queimar gordura sem toxicidade hep\u00e1tica, reten\u00e7\u00e3o de \u00e1gua ou convers\u00e3o de estrog\u00eanio.","robots":{"index":"index","follow":"follow","max-snippet":"max-snippet:-1","max-image-preview":"max-image-preview:large","max-video-preview":"max-video-preview:-1"},"canonical":"https:\/\/iberoid-shop.com\/pt\/product\/pboll-primo-tabs-methenolone-acetate\/","og_locale":"pt_PT","og_type":"article","og_title":"PBOLL 10 \/ PRIMO TABS \/ methenolone acetate","og_description":"Primobolan \u00e9 um esteroide anabolizante oral leve que ajuda a construir massa muscular magra e queimar gordura sem toxicidade hep\u00e1tica, reten\u00e7\u00e3o de \u00e1gua ou convers\u00e3o de estrog\u00eanio.","og_url":"https:\/\/iberoid-shop.com\/pt\/product\/pboll-primo-tabs-methenolone-acetate\/","og_site_name":"Ester\u00f3ides Online","article_modified_time":"2026-02-02T16:40:00+00:00","og_image":[{"width":1767,"height":2560,"url":"https:\/\/iberoid-shop.com\/wp-content\/uploads\/2025\/08\/PBOL1-scaled.jpeg?v=1755157698","type":"image\/jpeg"}],"twitter_card":"summary_large_image","twitter_misc":{"pre\u00e7o":"&euro;30.00","Disponibilidade":"Em stock"},"schema":{"@context":"https:\/\/schema.org","@graph":[{"@type":"WebPage","@id":"https:\/\/iberoid-shop.com\/pt\/product\/pboll-primo-tabs-methenolone-acetate\/","url":"https:\/\/iberoid-shop.com\/pt\/product\/pboll-primo-tabs-methenolone-acetate\/","name":"PBOLL 10 \/ PRIMO TABS \/ methenolone acetate - Ester\u00f3ides Online","isPartOf":{"@id":"https:\/\/iberoid-shop.com\/pt\/#website"},"primaryImageOfPage":{"@id":"https:\/\/iberoid-shop.com\/pt\/product\/pboll-primo-tabs-methenolone-acetate\/#primaryimage"},"image":{"@id":"https:\/\/iberoid-shop.com\/pt\/product\/pboll-primo-tabs-methenolone-acetate\/#primaryimage"},"thumbnailUrl":"https:\/\/iberoid-shop.com\/wp-content\/uploads\/2025\/08\/PBOL1-scaled.jpeg?v=1755157698","datePublished":"2025-08-14T07:49:00+00:00","dateModified":"2026-02-02T16:40:00+00:00","description":"Primobolan \u00e9 um esteroide anabolizante oral leve que ajuda a construir massa muscular magra e queimar gordura sem toxicidade hep\u00e1tica, reten\u00e7\u00e3o de \u00e1gua ou convers\u00e3o de estrog\u00eanio.","breadcrumb":{"@id":"https:\/\/iberoid-shop.com\/pt\/product\/pboll-primo-tabs-methenolone-acetate\/#breadcrumb"},"inLanguage":"pt-PT","potentialAction":[{"@type":"ReadAction","target":[["https:\/\/iberoid-shop.com\/pt\/product\/pboll-primo-tabs-methenolone-acetate\/"]]}]},{"@type":"ImageObject","inLanguage":"pt-PT","@id":"https:\/\/iberoid-shop.com\/pt\/product\/pboll-primo-tabs-methenolone-acetate\/#primaryimage","url":"https:\/\/iberoid-shop.com\/wp-content\/uploads\/2025\/08\/PBOL1-scaled.jpeg?v=1755157698","contentUrl":"https:\/\/iberoid-shop.com\/wp-content\/uploads\/2025\/08\/PBOL1-scaled.jpeg?v=1755157698","width":1767,"height":2560},{"@type":"BreadcrumbList","@id":"https:\/\/iberoid-shop.com\/pt\/product\/pboll-primo-tabs-methenolone-acetate\/#breadcrumb","itemListElement":[{"@type":"ListItem","position":1,"name":"Portada","item":"https:\/\/iberoid-shop.com\/pt\/"},{"@type":"ListItem","position":2,"name":"Loja","item":"https:\/\/iberoid-shop.com\/pt\/shop\/"},{"@type":"ListItem","position":3,"name":"PBOLL 10 \/ PRIMO TABS \/ methenolone acetate"}]},{"@type":"WebSite","@id":"https:\/\/iberoid-shop.com\/pt\/#website","url":"https:\/\/iberoid-shop.com\/pt\/","name":"Ester\u00f3ides Online","description":"Compre ester\u00f3ides online hoje em Espanha e Portugal. Temos o melhor servi\u00e7o ao cliente do setor e produtos da mais alta qualidade","potentialAction":[{"@type":"SearchAction","target":{"@type":"EntryPoint","urlTemplate":"https:\/\/iberoid-shop.com\/pt\/?s={search_term_string}"},"query-input":{"@type":"PropertyValueSpecification","valueRequired":true,"valueName":"search_term_string"}}],"inLanguage":"pt-PT"}]},"product_brand":"Mp-Pharm","product_price_amount":"30.00","product_price_currency":"EUR","og_availability":"instock","product_availability":"instock","product_condition":"new"},"_links":{"self":[{"href":"https:\/\/iberoid-shop.com\/pt\/wp-json\/wp\/v2\/product\/10282","targetHints":{"allow":["GET"]}}],"collection":[{"href":"https:\/\/iberoid-shop.com\/pt\/wp-json\/wp\/v2\/product"}],"about":[{"href":"https:\/\/iberoid-shop.com\/pt\/wp-json\/wp\/v2\/types\/product"}],"replies":[{"embeddable":true,"href":"https:\/\/iberoid-shop.com\/pt\/wp-json\/wp\/v2\/comments?post=10282"}],"wp:featuredmedia":[{"embeddable":true,"href":"https:\/\/iberoid-shop.com\/pt\/wp-json\/wp\/v2\/media\/10283"}],"wp:attachment":[{"href":"https:\/\/iberoid-shop.com\/pt\/wp-json\/wp\/v2\/media?parent=10282"}],"wp:term":[{"taxonomy":"product_brand","embeddable":true,"href":"https:\/\/iberoid-shop.com\/pt\/wp-json\/wp\/v2\/product_brand?post=10282"},{"taxonomy":"product_cat","embeddable":true,"href":"https:\/\/iberoid-shop.com\/pt\/wp-json\/wp\/v2\/product_cat?post=10282"},{"taxonomy":"product_tag","embeddable":true,"href":"https:\/\/iberoid-shop.com\/pt\/wp-json\/wp\/v2\/product_tag?post=10282"}],"curies":[{"name":"wp","href":"https:\/\/api.w.org\/{rel}","templated":true}]}}