{"id":10274,"date":"2025-08-13T10:16:08","date_gmt":"2025-08-13T10:16:08","guid":{"rendered":"https:\/\/iberoid-shop.com\/?post_type=product&#038;p=10274"},"modified":"2026-03-22T11:28:55","modified_gmt":"2026-03-22T11:28:55","slug":"testosteron-propionat-zphc","status":"publish","type":"product","link":"https:\/\/iberoid-shop.com\/pt\/product\/testosteron-propionat-zphc\/","title":{"rendered":"Testosterone Propionate"},"content":{"rendered":"<p><b>Testosterone Propionate ZPHC<\/b> \u00e9 um esteroide anabolizante muito comum. A sua subst\u00e2ncia principal \u00e9 a testosterona, com a adi\u00e7\u00e3o de um \u00e9ster de \u00e1cido propi\u00f4nico. \u00c9 popular em desportos onde a for\u00e7a e a velocidade s\u00e3o importantes. Pode ser usado tanto na fase de prepara\u00e7\u00e3o para uma apresenta\u00e7\u00e3o como antes de ir para competi\u00e7\u00f5es (corridas, duelos) ou durante a fase de &#8220;secagem&#8221;, pois preserva perfeitamente a massa corporal.<\/p>\n<p>&nbsp;<\/p>\n<h3><b>A\u00e7\u00e3o<\/b><\/h3>\n<ul>\n<li><b>Aumento da massa muscular<\/b>. O corpo n\u00e3o ret\u00e9m \u00e1gua, o que torna os m\u00fasculos r\u00edgidos e fortes.<\/li>\n<li>Diminui\u00e7\u00e3o dos n\u00edveis de leptina, o que afeta o apetite e o metabolismo, ajudando na queima de gordura quando se segue uma dieta e um regime de exerc\u00edcio adequados.<\/li>\n<li>Aumento do n\u00edvel do pept\u00eddeo biologicamente ativo IGF-1 nos m\u00fasculos e no f\u00edgado.<\/li>\n<li>Altera\u00e7\u00e3o do balan\u00e7o de nitrog\u00e9nio numa dire\u00e7\u00e3o positiva.<\/li>\n<\/ul>\n<hr \/>\n<p>&nbsp;<\/p>\n<h3><b>Aplica\u00e7\u00e3o<\/b><\/h3>\n<p>\u00c9 ideal para atletas iniciantes que procuram ganhar peso. Combina bem com outros preparados farmacol\u00f3gicos. \u00c9 melhor iniciar o ciclo com uma dosagem de <b>50 mg<\/b>, repetindo as inje\u00e7\u00f5es a cada dois dias para monitorizar a resposta do corpo e as altera\u00e7\u00f5es hormonais. A dura\u00e7\u00e3o do ciclo com este \u00e9ster \u00e9 de 4 a 6 semanas.<\/p>\n<p>&nbsp;<\/p>\n<h3><b>Ciclo combinado<\/b><\/h3>\n<p>Durante a fase de &#8220;secagem&#8221;, combina bem com <b>Winstrol, Trenbolone acetate, Drostanolone propionate, Methenolone enanthate<\/b> e outros medicamentos.<\/p>","protected":false},"excerpt":{"rendered":"<p>Testosterone Propionate ZPHC \u00e9 um esteroide anabolizante muito comum. A sua subst\u00e2ncia principal \u00e9 a testosterona, com a adi\u00e7\u00e3o de<\/p>\n","protected":false},"featured_media":10275,"comment_status":"open","ping_status":"closed","template":"","meta":[],"product_brand":[],"product_cat":[69,3533],"product_tag":[],"class_list":{"0":"post-10274","1":"product","2":"type-product","3":"status-publish","4":"has-post-thumbnail","6":"product_cat-esteroides_inyectables","7":"product_cat-sales-rebajas","9":"first","10":"instock","11":"sale","12":"shipping-taxable","13":"purchasable","14":"product-type-simple"},"yoast_head":"<!-- This site is optimized with the Yoast SEO Premium plugin v24.4 (Yoast SEO v27.3) - https:\/\/yoast.com\/product\/yoast-seo-premium-wordpress\/ -->\n<title>Testosterone Propionate - Ester\u00f3ides Online<\/title>\n<meta name=\"description\" content=\"O Propionato de Testosterona \u00e9 um esteroide anab\u00f3lico que aumenta a massa muscular, a for\u00e7a e a queima de gordura, preservando a massa corporal sem causar reten\u00e7\u00e3o de \u00e1gua.\" \/>\n<meta name=\"robots\" content=\"index, follow, max-snippet:-1, max-image-preview:large, max-video-preview:-1\" \/>\n<link rel=\"canonical\" href=\"https:\/\/iberoid-shop.com\/pt\/product\/testosteron-propionat-zphc\/\" \/>\n<meta property=\"og:locale\" content=\"pt_PT\" \/>\n<meta property=\"og:type\" content=\"article\" \/>\n<meta property=\"og:title\" content=\"Testosterone Propionate\" \/>\n<meta property=\"og:description\" content=\"O Propionato de Testosterona \u00e9 um esteroide anab\u00f3lico que aumenta a massa muscular, a for\u00e7a e a queima de gordura, preservando a massa corporal sem causar reten\u00e7\u00e3o de \u00e1gua.\" \/>\n<meta property=\"og:url\" content=\"https:\/\/iberoid-shop.com\/pt\/product\/testosteron-propionat-zphc\/\" \/>\n<meta property=\"og:site_name\" content=\"Ester\u00f3ides Online\" \/>\n<meta property=\"article:modified_time\" content=\"2026-03-22T11:28:55+00:00\" \/>\n<meta property=\"og:image\" content=\"https:\/\/iberoid-shop.com\/wp-content\/uploads\/2025\/08\/tp-zphc-1.webp\" \/>\n\t<meta property=\"og:image:width\" content=\"700\" \/>\n\t<meta property=\"og:image:height\" content=\"700\" \/>\n\t<meta property=\"og:image:type\" content=\"image\/webp\" \/>\n<meta name=\"twitter:card\" content=\"summary_large_image\" \/>\n<meta name=\"twitter:label1\" content=\"pre\u00e7o\" \/>\n\t<meta name=\"twitter:data1\" content=\"&euro;25.00\" \/>\n\t<meta name=\"twitter:label2\" content=\"Disponibilidade\" \/>\n\t<meta name=\"twitter:data2\" content=\"Em stock\" \/>\n<script type=\"application\/ld+json\" class=\"yoast-schema-graph\">{\"@context\":\"https:\\\/\\\/schema.org\",\"@graph\":[{\"@type\":\"WebPage\",\"@id\":\"https:\\\/\\\/iberoid-shop.com\\\/pt\\\/product\\\/testosteron-propionat-zphc\\\/\",\"url\":\"https:\\\/\\\/iberoid-shop.com\\\/pt\\\/product\\\/testosteron-propionat-zphc\\\/\",\"name\":\"Testosterone Propionate - Ester\u00f3ides Online\",\"isPartOf\":{\"@id\":\"https:\\\/\\\/iberoid-shop.com\\\/pt\\\/#website\"},\"primaryImageOfPage\":{\"@id\":\"https:\\\/\\\/iberoid-shop.com\\\/pt\\\/product\\\/testosteron-propionat-zphc\\\/#primaryimage\"},\"image\":{\"@id\":\"https:\\\/\\\/iberoid-shop.com\\\/pt\\\/product\\\/testosteron-propionat-zphc\\\/#primaryimage\"},\"thumbnailUrl\":\"https:\\\/\\\/iberoid-shop.com\\\/wp-content\\\/uploads\\\/2025\\\/08\\\/tp-zphc-1.webp\",\"datePublished\":\"2025-08-13T10:16:08+00:00\",\"dateModified\":\"2026-03-22T11:28:55+00:00\",\"description\":\"O Propionato de Testosterona \u00e9 um esteroide anab\u00f3lico que aumenta a massa muscular, a for\u00e7a e a queima de gordura, preservando a massa corporal sem causar reten\u00e7\u00e3o de \u00e1gua.\",\"breadcrumb\":{\"@id\":\"https:\\\/\\\/iberoid-shop.com\\\/pt\\\/product\\\/testosteron-propionat-zphc\\\/#breadcrumb\"},\"inLanguage\":\"pt-PT\",\"potentialAction\":[{\"@type\":\"ReadAction\",\"target\":[[\"https:\\\/\\\/iberoid-shop.com\\\/pt\\\/product\\\/testosteron-propionat-zphc\\\/\"]]}]},{\"@type\":\"ImageObject\",\"inLanguage\":\"pt-PT\",\"@id\":\"https:\\\/\\\/iberoid-shop.com\\\/pt\\\/product\\\/testosteron-propionat-zphc\\\/#primaryimage\",\"url\":\"https:\\\/\\\/iberoid-shop.com\\\/wp-content\\\/uploads\\\/2025\\\/08\\\/tp-zphc-1.webp\",\"contentUrl\":\"https:\\\/\\\/iberoid-shop.com\\\/wp-content\\\/uploads\\\/2025\\\/08\\\/tp-zphc-1.webp\",\"width\":700,\"height\":700},{\"@type\":\"BreadcrumbList\",\"@id\":\"https:\\\/\\\/iberoid-shop.com\\\/pt\\\/product\\\/testosteron-propionat-zphc\\\/#breadcrumb\",\"itemListElement\":[{\"@type\":\"ListItem\",\"position\":1,\"name\":\"Portada\",\"item\":\"https:\\\/\\\/iberoid-shop.com\\\/pt\\\/\"},{\"@type\":\"ListItem\",\"position\":2,\"name\":\"Loja\",\"item\":\"https:\\\/\\\/iberoid-shop.com\\\/pt\\\/shop\\\/\"},{\"@type\":\"ListItem\",\"position\":3,\"name\":\"Testosterone Propionate\"}]},{\"@type\":\"WebSite\",\"@id\":\"https:\\\/\\\/iberoid-shop.com\\\/pt\\\/#website\",\"url\":\"https:\\\/\\\/iberoid-shop.com\\\/pt\\\/\",\"name\":\"Ester\u00f3ides Online\",\"description\":\"Compre ester\u00f3ides online hoje em Espanha e Portugal. Temos o melhor servi\u00e7o ao cliente do setor e produtos da mais alta qualidade\",\"potentialAction\":[{\"@type\":\"SearchAction\",\"target\":{\"@type\":\"EntryPoint\",\"urlTemplate\":\"https:\\\/\\\/iberoid-shop.com\\\/pt\\\/?s={search_term_string}\"},\"query-input\":{\"@type\":\"PropertyValueSpecification\",\"valueRequired\":true,\"valueName\":\"search_term_string\"}}],\"inLanguage\":\"pt-PT\"}]}<\/script>\n<meta property=\"product:brand\" content=\"ZPHC\" \/>\n<meta property=\"product:price:amount\" content=\"25.00\" \/>\n<meta property=\"product:price:currency\" content=\"EUR\" \/>\n<meta property=\"og:availability\" content=\"instock\" \/>\n<meta property=\"product:availability\" content=\"instock\" \/>\n<meta property=\"product:condition\" content=\"new\" \/>\n<!-- \/ Yoast SEO Premium plugin. -->","yoast_head_json":{"title":"Testosterone Propionate - Ester\u00f3ides Online","description":"O Propionato de Testosterona \u00e9 um esteroide anab\u00f3lico que aumenta a massa muscular, a for\u00e7a e a queima de gordura, preservando a massa corporal sem causar reten\u00e7\u00e3o de \u00e1gua.","robots":{"index":"index","follow":"follow","max-snippet":"max-snippet:-1","max-image-preview":"max-image-preview:large","max-video-preview":"max-video-preview:-1"},"canonical":"https:\/\/iberoid-shop.com\/pt\/product\/testosteron-propionat-zphc\/","og_locale":"pt_PT","og_type":"article","og_title":"Testosterone Propionate","og_description":"O Propionato de Testosterona \u00e9 um esteroide anab\u00f3lico que aumenta a massa muscular, a for\u00e7a e a queima de gordura, preservando a massa corporal sem causar reten\u00e7\u00e3o de \u00e1gua.","og_url":"https:\/\/iberoid-shop.com\/pt\/product\/testosteron-propionat-zphc\/","og_site_name":"Ester\u00f3ides Online","article_modified_time":"2026-03-22T11:28:55+00:00","og_image":[{"width":700,"height":700,"url":"https:\/\/iberoid-shop.com\/wp-content\/uploads\/2025\/08\/tp-zphc-1.webp","type":"image\/webp"}],"twitter_card":"summary_large_image","twitter_misc":{"pre\u00e7o":"&euro;25.00","Disponibilidade":"Em stock"},"schema":{"@context":"https:\/\/schema.org","@graph":[{"@type":"WebPage","@id":"https:\/\/iberoid-shop.com\/pt\/product\/testosteron-propionat-zphc\/","url":"https:\/\/iberoid-shop.com\/pt\/product\/testosteron-propionat-zphc\/","name":"Testosterone Propionate - Ester\u00f3ides Online","isPartOf":{"@id":"https:\/\/iberoid-shop.com\/pt\/#website"},"primaryImageOfPage":{"@id":"https:\/\/iberoid-shop.com\/pt\/product\/testosteron-propionat-zphc\/#primaryimage"},"image":{"@id":"https:\/\/iberoid-shop.com\/pt\/product\/testosteron-propionat-zphc\/#primaryimage"},"thumbnailUrl":"https:\/\/iberoid-shop.com\/wp-content\/uploads\/2025\/08\/tp-zphc-1.webp","datePublished":"2025-08-13T10:16:08+00:00","dateModified":"2026-03-22T11:28:55+00:00","description":"O Propionato de Testosterona \u00e9 um esteroide anab\u00f3lico que aumenta a massa muscular, a for\u00e7a e a queima de gordura, preservando a massa corporal sem causar reten\u00e7\u00e3o de \u00e1gua.","breadcrumb":{"@id":"https:\/\/iberoid-shop.com\/pt\/product\/testosteron-propionat-zphc\/#breadcrumb"},"inLanguage":"pt-PT","potentialAction":[{"@type":"ReadAction","target":[["https:\/\/iberoid-shop.com\/pt\/product\/testosteron-propionat-zphc\/"]]}]},{"@type":"ImageObject","inLanguage":"pt-PT","@id":"https:\/\/iberoid-shop.com\/pt\/product\/testosteron-propionat-zphc\/#primaryimage","url":"https:\/\/iberoid-shop.com\/wp-content\/uploads\/2025\/08\/tp-zphc-1.webp","contentUrl":"https:\/\/iberoid-shop.com\/wp-content\/uploads\/2025\/08\/tp-zphc-1.webp","width":700,"height":700},{"@type":"BreadcrumbList","@id":"https:\/\/iberoid-shop.com\/pt\/product\/testosteron-propionat-zphc\/#breadcrumb","itemListElement":[{"@type":"ListItem","position":1,"name":"Portada","item":"https:\/\/iberoid-shop.com\/pt\/"},{"@type":"ListItem","position":2,"name":"Loja","item":"https:\/\/iberoid-shop.com\/pt\/shop\/"},{"@type":"ListItem","position":3,"name":"Testosterone Propionate"}]},{"@type":"WebSite","@id":"https:\/\/iberoid-shop.com\/pt\/#website","url":"https:\/\/iberoid-shop.com\/pt\/","name":"Ester\u00f3ides Online","description":"Compre ester\u00f3ides online hoje em Espanha e Portugal. Temos o melhor servi\u00e7o ao cliente do setor e produtos da mais alta qualidade","potentialAction":[{"@type":"SearchAction","target":{"@type":"EntryPoint","urlTemplate":"https:\/\/iberoid-shop.com\/pt\/?s={search_term_string}"},"query-input":{"@type":"PropertyValueSpecification","valueRequired":true,"valueName":"search_term_string"}}],"inLanguage":"pt-PT"}]},"product_brand":"ZPHC","product_price_amount":"25.00","product_price_currency":"EUR","og_availability":"instock","product_availability":"instock","product_condition":"new"},"_links":{"self":[{"href":"https:\/\/iberoid-shop.com\/pt\/wp-json\/wp\/v2\/product\/10274","targetHints":{"allow":["GET"]}}],"collection":[{"href":"https:\/\/iberoid-shop.com\/pt\/wp-json\/wp\/v2\/product"}],"about":[{"href":"https:\/\/iberoid-shop.com\/pt\/wp-json\/wp\/v2\/types\/product"}],"replies":[{"embeddable":true,"href":"https:\/\/iberoid-shop.com\/pt\/wp-json\/wp\/v2\/comments?post=10274"}],"wp:featuredmedia":[{"embeddable":true,"href":"https:\/\/iberoid-shop.com\/pt\/wp-json\/wp\/v2\/media\/10275"}],"wp:attachment":[{"href":"https:\/\/iberoid-shop.com\/pt\/wp-json\/wp\/v2\/media?parent=10274"}],"wp:term":[{"taxonomy":"product_brand","embeddable":true,"href":"https:\/\/iberoid-shop.com\/pt\/wp-json\/wp\/v2\/product_brand?post=10274"},{"taxonomy":"product_cat","embeddable":true,"href":"https:\/\/iberoid-shop.com\/pt\/wp-json\/wp\/v2\/product_cat?post=10274"},{"taxonomy":"product_tag","embeddable":true,"href":"https:\/\/iberoid-shop.com\/pt\/wp-json\/wp\/v2\/product_tag?post=10274"}],"curies":[{"name":"wp","href":"https:\/\/api.w.org\/{rel}","templated":true}]}}