{"id":10230,"date":"2025-07-13T17:24:10","date_gmt":"2025-07-13T17:24:10","guid":{"rendered":"https:\/\/iberoid-shop.com\/?post_type=product&#038;p=10230"},"modified":"2026-03-10T20:19:39","modified_gmt":"2026-03-10T20:19:39","slug":"nandrolonedecanoate-zphc-pharm","status":"publish","type":"product","link":"https:\/\/iberoid-shop.com\/pt\/product\/nandrolonedecanoate-zphc-pharm\/","title":{"rendered":"Nandrolone Decanoate"},"content":{"rendered":"<p><\/p>\n<p data-start=\"0\" data-end=\"269\"><strong data-start=\"0\" data-end=\"29\">Nandrolona Decanoato ZPHC<\/strong> \u00e9 um esteroide anab\u00f3lico e androg\u00eanico fabricado em forma injet\u00e1vel. Seu nome qu\u00edmico \u00e9 19-Nortestosterona. O corpo humano pode produzir nandrolona em resposta a atividades f\u00edsicas intensas e prolongadas (e durante a gravidez em mulheres).<\/p>\n<p data-start=\"271\" data-end=\"731\">Ao mesmo tempo, sua concentra\u00e7\u00e3o \u00e9 muito baixa, sendo apenas alguns nanogramas por mililitro de urina. A nandrolona est\u00e1 dispon\u00edvel na forma de decanoato e fenilpropionato (Nandrolona Decanoato e Fenilpropionato). Este esteroide foi introduzido no mercado pela primeira vez em 1962 e hoje ocupa uma posi\u00e7\u00e3o chave no mercado da farmacologia esportiva. A popularidade da droga se deve \u00e0 sua alta atividade anab\u00f3lica com baixa probabilidade de efeitos colaterais.<\/p>\n<hr data-start=\"733\" data-end=\"736\" \/>\n<h3 data-start=\"738\" data-end=\"750\"><strong data-start=\"742\" data-end=\"750\">A\u00e7\u00e3o<\/strong><\/h3>\n<p data-start=\"752\" data-end=\"1086\">O Nandrolona Decanoato \u00e9 um produto para o crescimento muscular aprimorado. Em um ciclo somente com nandrolona decanoato, com nutri\u00e7\u00e3o adequada e certa predisposi\u00e7\u00e3o gen\u00e9tica, pode-se ganhar at\u00e9 8 quilos. Ao contr\u00e1rio da metandrostenolona e de alguns outros esteroides anab\u00f3licos, o fen\u00f4meno de retrocesso (rollback) \u00e9 insignificante.<\/p>\n<ul data-start=\"1088\" data-end=\"1533\">\n<li data-start=\"1088\" data-end=\"1125\">\n<p data-start=\"1090\" data-end=\"1125\">Aumento dos indicadores de for\u00e7a.<\/p>\n<\/li>\n<li data-start=\"1126\" data-end=\"1219\">\n<p data-start=\"1128\" data-end=\"1219\">Fortalecimento das articula\u00e7\u00f5es, ossos e ligamentos (estimula\u00e7\u00e3o da s\u00edntese de col\u00e1geno).<\/p>\n<\/li>\n<li data-start=\"1220\" data-end=\"1265\">\n<p data-start=\"1222\" data-end=\"1265\">Est\u00edmulo da secre\u00e7\u00e3o do l\u00edquido sinovial.<\/p>\n<\/li>\n<li data-start=\"1266\" data-end=\"1492\">\n<p data-start=\"1268\" data-end=\"1492\">Aumento da massa de gl\u00f3bulos vermelhos. A nandrolona decanoato e fenilpropionato estimulam a forma\u00e7\u00e3o de gl\u00f3bulos vermelhos, aumentando assim a quantidade de oxig\u00eanio transportado aos m\u00fasculos, o que melhora a resist\u00eancia.<\/p>\n<\/li>\n<li data-start=\"1493\" data-end=\"1533\">\n<p data-start=\"1495\" data-end=\"1533\">Fortalecimento do sistema imunol\u00f3gico.<\/p>\n<\/li>\n<\/ul>\n<hr data-start=\"1535\" data-end=\"1538\" \/>\n<h3 data-start=\"1540\" data-end=\"1557\"><strong data-start=\"1544\" data-end=\"1557\">Aplica\u00e7\u00e3o<\/strong><\/h3>\n<p data-start=\"1559\" data-end=\"2107\">A a\u00e7\u00e3o do medicamento \u00e9 relativamente lenta. N\u00e3o se deve esperar um efeito anab\u00f3lico r\u00e1pido. Contudo, quase todos os benef\u00edcios obtidos permanecem ap\u00f3s a suspens\u00e3o do esteroide. O ciclo somente com nandrolona decanoato costuma ser longo. O ganho de peso \u00e9 aproximadamente metade do que ocorre com o uso de testosterona. A dura\u00e7\u00e3o recomendada do ciclo \u00e9 de 8 a 10 semanas. Em alguns casos, atletas a utilizam por at\u00e9 seis meses, aumentando a dose gradualmente. As inje\u00e7\u00f5es s\u00e3o feitas no m\u00e1ximo uma vez por semana, em volumes de 200 a 600 miligramas.<\/p>\n<p data-start=\"2109\" data-end=\"2480\">Quanto ao uso da nandrolona decanoato em combina\u00e7\u00e3o com outros esteroides, pode-se dizer que as misturas s\u00e3o muito eficazes, pois eliminam a diminui\u00e7\u00e3o da libido, a supress\u00e3o da produ\u00e7\u00e3o natural de testosterona, a lentid\u00e3o da a\u00e7\u00e3o e outros efeitos desagrad\u00e1veis. Winstrol, Testosterona, Sustanon e outros t\u00eam excelente compatibilidade. Tamb\u00e9m \u00e9 usada a metandrostenolona.<\/p>\n<hr data-start=\"2482\" data-end=\"2485\" \/>\n<h3 data-start=\"2487\" data-end=\"2513\"><strong data-start=\"2491\" data-end=\"2513\">Efeitos colaterais<\/strong><\/h3>\n<p data-start=\"2515\" data-end=\"2811\">Aproximadamente um quinto do esteroide administrado liga-se aos receptores de progestina (devido \u00e0 aus\u00eancia de um \u00e1tomo de carbono na posi\u00e7\u00e3o 19), o que provoca rea\u00e7\u00f5es como supress\u00e3o da secre\u00e7\u00e3o de horm\u00f4nios gonadotr\u00f3ficos, aumento da produ\u00e7\u00e3o de prolactina e diminui\u00e7\u00e3o significativa da libido.<\/p>\n<p data-start=\"2813\" data-end=\"3139\" data-is-last-node=\"\" data-is-only-node=\"\">A disfun\u00e7\u00e3o er\u00e9til lenta \u00e9 a consequ\u00eancia mais pronunciada e grave do abuso de deca nandrolona. Caso sejam excedidas as doses recomendadas e a dura\u00e7\u00e3o do ciclo, podem ocorrer rinite, dores de cabe\u00e7a e nas costas, al\u00e9m de erup\u00e7\u00f5es cut\u00e2neas. De modo geral, os efeitos colaterais do Nandrolona Decanoato s\u00e3o exce\u00e7\u00e3o, e n\u00e3o regra.<\/p>\n<p><\/p>","protected":false},"excerpt":{"rendered":"<p>Nandrolona Decanoato ZPHC \u00e9 um esteroide anab\u00f3lico e androg\u00eanico fabricado em forma injet\u00e1vel. Seu nome qu\u00edmico \u00e9 19-Nortestosterona. O corpo<\/p>\n","protected":false},"featured_media":10231,"comment_status":"open","ping_status":"closed","template":"","meta":[],"product_brand":[],"product_cat":[69],"product_tag":[],"class_list":{"0":"post-10230","1":"product","2":"type-product","3":"status-publish","4":"has-post-thumbnail","6":"product_cat-esteroides_inyectables","8":"first","9":"instock","10":"shipping-taxable","11":"purchasable","12":"product-type-simple"},"yoast_head":"<!-- This site is optimized with the Yoast SEO Premium plugin v24.4 (Yoast SEO v27.0) - https:\/\/yoast.com\/product\/yoast-seo-premium-wordpress\/ -->\n<title>Nandrolone Decanoate - Ester\u00f3ides Online<\/title>\n<meta name=\"description\" content=\"NANDROLONE DECANOATE ZPHC \u00e9 um esteroide anab\u00f3lico que aumenta massa muscular, for\u00e7a, resist\u00eancia e sa\u00fade das articula\u00e7\u00f5es com efeitos colaterais m\u00ednimos.\" \/>\n<meta name=\"robots\" content=\"index, follow, max-snippet:-1, max-image-preview:large, max-video-preview:-1\" \/>\n<link rel=\"canonical\" href=\"https:\/\/iberoid-shop.com\/pt\/product\/nandrolonedecanoate-zphc-pharm\/\" \/>\n<meta property=\"og:locale\" content=\"pt_PT\" \/>\n<meta property=\"og:type\" content=\"article\" \/>\n<meta property=\"og:title\" content=\"Nandrolone Decanoate\" \/>\n<meta property=\"og:description\" content=\"NANDROLONE DECANOATE ZPHC \u00e9 um esteroide anab\u00f3lico que aumenta massa muscular, for\u00e7a, resist\u00eancia e sa\u00fade das articula\u00e7\u00f5es com efeitos colaterais m\u00ednimos.\" \/>\n<meta property=\"og:url\" content=\"https:\/\/iberoid-shop.com\/pt\/product\/nandrolonedecanoate-zphc-pharm\/\" \/>\n<meta property=\"og:site_name\" content=\"Ester\u00f3ides Online\" \/>\n<meta property=\"article:modified_time\" content=\"2026-03-10T20:19:39+00:00\" \/>\n<meta property=\"og:image\" content=\"https:\/\/iberoid-shop.com\/wp-content\/uploads\/2025\/07\/zphcg.webp\" \/>\n\t<meta property=\"og:image:width\" content=\"1000\" \/>\n\t<meta property=\"og:image:height\" content=\"805\" \/>\n\t<meta property=\"og:image:type\" content=\"image\/webp\" \/>\n<meta name=\"twitter:card\" content=\"summary_large_image\" \/>\n<meta name=\"twitter:label1\" content=\"pre\u00e7o\" \/>\n\t<meta name=\"twitter:data1\" content=\"&euro;55.00\" \/>\n\t<meta name=\"twitter:label2\" content=\"Disponibilidade\" \/>\n\t<meta name=\"twitter:data2\" content=\"Em stock\" \/>\n<script type=\"application\/ld+json\" class=\"yoast-schema-graph\">{\"@context\":\"https:\/\/schema.org\",\"@graph\":[{\"@type\":\"WebPage\",\"@id\":\"https:\/\/iberoid-shop.com\/pt\/product\/nandrolonedecanoate-zphc-pharm\/\",\"url\":\"https:\/\/iberoid-shop.com\/pt\/product\/nandrolonedecanoate-zphc-pharm\/\",\"name\":\"Nandrolone Decanoate - Ester\u00f3ides Online\",\"isPartOf\":{\"@id\":\"https:\/\/iberoid-shop.com\/pt\/#website\"},\"primaryImageOfPage\":{\"@id\":\"https:\/\/iberoid-shop.com\/pt\/product\/nandrolonedecanoate-zphc-pharm\/#primaryimage\"},\"image\":{\"@id\":\"https:\/\/iberoid-shop.com\/pt\/product\/nandrolonedecanoate-zphc-pharm\/#primaryimage\"},\"thumbnailUrl\":\"https:\/\/iberoid-shop.com\/wp-content\/uploads\/2025\/07\/zphcg.webp\",\"datePublished\":\"2025-07-13T17:24:10+00:00\",\"dateModified\":\"2026-03-10T20:19:39+00:00\",\"description\":\"NANDROLONE DECANOATE ZPHC \u00e9 um esteroide anab\u00f3lico que aumenta massa muscular, for\u00e7a, resist\u00eancia e sa\u00fade das articula\u00e7\u00f5es com efeitos colaterais m\u00ednimos.\",\"breadcrumb\":{\"@id\":\"https:\/\/iberoid-shop.com\/pt\/product\/nandrolonedecanoate-zphc-pharm\/#breadcrumb\"},\"inLanguage\":\"pt-PT\",\"potentialAction\":[{\"@type\":\"ReadAction\",\"target\":[[\"https:\/\/iberoid-shop.com\/pt\/product\/nandrolonedecanoate-zphc-pharm\/\"]]}]},{\"@type\":\"ImageObject\",\"inLanguage\":\"pt-PT\",\"@id\":\"https:\/\/iberoid-shop.com\/pt\/product\/nandrolonedecanoate-zphc-pharm\/#primaryimage\",\"url\":\"https:\/\/iberoid-shop.com\/wp-content\/uploads\/2025\/07\/zphcg.webp\",\"contentUrl\":\"https:\/\/iberoid-shop.com\/wp-content\/uploads\/2025\/07\/zphcg.webp\",\"width\":1000,\"height\":805},{\"@type\":\"BreadcrumbList\",\"@id\":\"https:\/\/iberoid-shop.com\/pt\/product\/nandrolonedecanoate-zphc-pharm\/#breadcrumb\",\"itemListElement\":[{\"@type\":\"ListItem\",\"position\":1,\"name\":\"Portada\",\"item\":\"https:\/\/iberoid-shop.com\/pt\/\"},{\"@type\":\"ListItem\",\"position\":2,\"name\":\"Loja\",\"item\":\"https:\/\/iberoid-shop.com\/pt\/shop\/\"},{\"@type\":\"ListItem\",\"position\":3,\"name\":\"Nandrolone Decanoate\"}]},{\"@type\":\"WebSite\",\"@id\":\"https:\/\/iberoid-shop.com\/pt\/#website\",\"url\":\"https:\/\/iberoid-shop.com\/pt\/\",\"name\":\"Ester\u00f3ides Online\",\"description\":\"Compre ester\u00f3ides online hoje em Espanha e Portugal. Temos o melhor servi\u00e7o ao cliente do setor e produtos da mais alta qualidade\",\"potentialAction\":[{\"@type\":\"SearchAction\",\"target\":{\"@type\":\"EntryPoint\",\"urlTemplate\":\"https:\/\/iberoid-shop.com\/pt\/?s={search_term_string}\"},\"query-input\":{\"@type\":\"PropertyValueSpecification\",\"valueRequired\":true,\"valueName\":\"search_term_string\"}}],\"inLanguage\":\"pt-PT\"}]}<\/script>\n<meta property=\"product:brand\" content=\"ZPHC\" \/>\n<meta property=\"product:price:amount\" content=\"55.00\" \/>\n<meta property=\"product:price:currency\" content=\"EUR\" \/>\n<meta property=\"og:availability\" content=\"instock\" \/>\n<meta property=\"product:availability\" content=\"instock\" \/>\n<meta property=\"product:condition\" content=\"new\" \/>\n<!-- \/ Yoast SEO Premium plugin. -->","yoast_head_json":{"title":"Nandrolone Decanoate - Ester\u00f3ides Online","description":"NANDROLONE DECANOATE ZPHC \u00e9 um esteroide anab\u00f3lico que aumenta massa muscular, for\u00e7a, resist\u00eancia e sa\u00fade das articula\u00e7\u00f5es com efeitos colaterais m\u00ednimos.","robots":{"index":"index","follow":"follow","max-snippet":"max-snippet:-1","max-image-preview":"max-image-preview:large","max-video-preview":"max-video-preview:-1"},"canonical":"https:\/\/iberoid-shop.com\/pt\/product\/nandrolonedecanoate-zphc-pharm\/","og_locale":"pt_PT","og_type":"article","og_title":"Nandrolone Decanoate","og_description":"NANDROLONE DECANOATE ZPHC \u00e9 um esteroide anab\u00f3lico que aumenta massa muscular, for\u00e7a, resist\u00eancia e sa\u00fade das articula\u00e7\u00f5es com efeitos colaterais m\u00ednimos.","og_url":"https:\/\/iberoid-shop.com\/pt\/product\/nandrolonedecanoate-zphc-pharm\/","og_site_name":"Ester\u00f3ides Online","article_modified_time":"2026-03-10T20:19:39+00:00","og_image":[{"width":1000,"height":805,"url":"https:\/\/iberoid-shop.com\/wp-content\/uploads\/2025\/07\/zphcg.webp","type":"image\/webp"}],"twitter_card":"summary_large_image","twitter_misc":{"pre\u00e7o":"&euro;55.00","Disponibilidade":"Em stock"},"schema":{"@context":"https:\/\/schema.org","@graph":[{"@type":"WebPage","@id":"https:\/\/iberoid-shop.com\/pt\/product\/nandrolonedecanoate-zphc-pharm\/","url":"https:\/\/iberoid-shop.com\/pt\/product\/nandrolonedecanoate-zphc-pharm\/","name":"Nandrolone Decanoate - Ester\u00f3ides Online","isPartOf":{"@id":"https:\/\/iberoid-shop.com\/pt\/#website"},"primaryImageOfPage":{"@id":"https:\/\/iberoid-shop.com\/pt\/product\/nandrolonedecanoate-zphc-pharm\/#primaryimage"},"image":{"@id":"https:\/\/iberoid-shop.com\/pt\/product\/nandrolonedecanoate-zphc-pharm\/#primaryimage"},"thumbnailUrl":"https:\/\/iberoid-shop.com\/wp-content\/uploads\/2025\/07\/zphcg.webp","datePublished":"2025-07-13T17:24:10+00:00","dateModified":"2026-03-10T20:19:39+00:00","description":"NANDROLONE DECANOATE ZPHC \u00e9 um esteroide anab\u00f3lico que aumenta massa muscular, for\u00e7a, resist\u00eancia e sa\u00fade das articula\u00e7\u00f5es com efeitos colaterais m\u00ednimos.","breadcrumb":{"@id":"https:\/\/iberoid-shop.com\/pt\/product\/nandrolonedecanoate-zphc-pharm\/#breadcrumb"},"inLanguage":"pt-PT","potentialAction":[{"@type":"ReadAction","target":[["https:\/\/iberoid-shop.com\/pt\/product\/nandrolonedecanoate-zphc-pharm\/"]]}]},{"@type":"ImageObject","inLanguage":"pt-PT","@id":"https:\/\/iberoid-shop.com\/pt\/product\/nandrolonedecanoate-zphc-pharm\/#primaryimage","url":"https:\/\/iberoid-shop.com\/wp-content\/uploads\/2025\/07\/zphcg.webp","contentUrl":"https:\/\/iberoid-shop.com\/wp-content\/uploads\/2025\/07\/zphcg.webp","width":1000,"height":805},{"@type":"BreadcrumbList","@id":"https:\/\/iberoid-shop.com\/pt\/product\/nandrolonedecanoate-zphc-pharm\/#breadcrumb","itemListElement":[{"@type":"ListItem","position":1,"name":"Portada","item":"https:\/\/iberoid-shop.com\/pt\/"},{"@type":"ListItem","position":2,"name":"Loja","item":"https:\/\/iberoid-shop.com\/pt\/shop\/"},{"@type":"ListItem","position":3,"name":"Nandrolone Decanoate"}]},{"@type":"WebSite","@id":"https:\/\/iberoid-shop.com\/pt\/#website","url":"https:\/\/iberoid-shop.com\/pt\/","name":"Ester\u00f3ides Online","description":"Compre ester\u00f3ides online hoje em Espanha e Portugal. Temos o melhor servi\u00e7o ao cliente do setor e produtos da mais alta qualidade","potentialAction":[{"@type":"SearchAction","target":{"@type":"EntryPoint","urlTemplate":"https:\/\/iberoid-shop.com\/pt\/?s={search_term_string}"},"query-input":{"@type":"PropertyValueSpecification","valueRequired":true,"valueName":"search_term_string"}}],"inLanguage":"pt-PT"}]},"product_brand":"ZPHC","product_price_amount":"55.00","product_price_currency":"EUR","og_availability":"instock","product_availability":"instock","product_condition":"new"},"_links":{"self":[{"href":"https:\/\/iberoid-shop.com\/pt\/wp-json\/wp\/v2\/product\/10230","targetHints":{"allow":["GET"]}}],"collection":[{"href":"https:\/\/iberoid-shop.com\/pt\/wp-json\/wp\/v2\/product"}],"about":[{"href":"https:\/\/iberoid-shop.com\/pt\/wp-json\/wp\/v2\/types\/product"}],"replies":[{"embeddable":true,"href":"https:\/\/iberoid-shop.com\/pt\/wp-json\/wp\/v2\/comments?post=10230"}],"wp:featuredmedia":[{"embeddable":true,"href":"https:\/\/iberoid-shop.com\/pt\/wp-json\/wp\/v2\/media\/10231"}],"wp:attachment":[{"href":"https:\/\/iberoid-shop.com\/pt\/wp-json\/wp\/v2\/media?parent=10230"}],"wp:term":[{"taxonomy":"product_brand","embeddable":true,"href":"https:\/\/iberoid-shop.com\/pt\/wp-json\/wp\/v2\/product_brand?post=10230"},{"taxonomy":"product_cat","embeddable":true,"href":"https:\/\/iberoid-shop.com\/pt\/wp-json\/wp\/v2\/product_cat?post=10230"},{"taxonomy":"product_tag","embeddable":true,"href":"https:\/\/iberoid-shop.com\/pt\/wp-json\/wp\/v2\/product_tag?post=10230"}],"curies":[{"name":"wp","href":"https:\/\/api.w.org\/{rel}","templated":true}]}}