{"id":10126,"date":"2025-05-24T08:10:40","date_gmt":"2025-05-24T08:10:40","guid":{"rendered":"https:\/\/iberoid-shop.com\/?post_type=product&#038;p=10126"},"modified":"2026-04-06T01:10:46","modified_gmt":"2026-04-06T01:10:46","slug":"pack3susta-gen-sustanon-mix-testosterone","status":"publish","type":"product","link":"https:\/\/iberoid-shop.com\/pt\/product\/pack3susta-gen-sustanon-mix-testosterone\/","title":{"rendered":"3 pack SUSTA-GEN &#8211; SUSTANON \/ mix testosterone"},"content":{"rendered":"<p><\/p>\n<p data-sourcepos=\"3:1-3:1342\">Susta-gen (Sustanon) \u00e9 uma testosterona esterificada. Seu principal benef\u00edcio para atletas e fisiculturistas \u00e9 que \u00e9 injetado apenas uma vez por m\u00eas, de modo que eles precisam visitar o m\u00e9dico apenas uma vez por m\u00eas e, al\u00e9m disso, outros esteroides tamb\u00e9m podem ser usados em conjunto. Causa crescimento muscular e perda de gordura. Portanto, este esteroide \u00e9 anab\u00f3lico e tamb\u00e9m fortemente catab\u00f3lico. Tamb\u00e9m tem a capacidade de aumentar a eritropoiese e aumentar a capta\u00e7\u00e3o de oxig\u00eanio muscular. Devido \u00e0 alta capta\u00e7\u00e3o de oxig\u00eanio muscular, mesmo exerc\u00edcios extenuantes podem ser realizados facilmente. Pode aumentar a agressividade atrav\u00e9s da transmiss\u00e3o neuromuscular. O ganho de peso com o uso deste medicamento \u00e9 not\u00e1vel. \u00c9 usado por atletas para aumentar o n\u00famero e a apar\u00eancia dos m\u00fasculos. Devido \u00e0s suas atividades anab\u00f3licas e catab\u00f3licas, \u00e9 muito popular entre os desportistas para perder gordura corporal. Na verdade, n\u00e3o aumenta a massa muscular, mas concentra-se no aumento do n\u00famero de m\u00fasculos. Aumenta significativamente a eritropoiese e \u00e9 usado em certas anemias. \u00c9 usado em condi\u00e7\u00f5es onde a s\u00edntese de glicog\u00eanio \u00e9 necess\u00e1ria. Fisiculturistas o usam para aumentar a agressividade no jogo. Atletas o usam no momento de exerc\u00edcios de treinamento excessivo porque ajuda muito devido ao aumento dos n\u00edveis de oxig\u00eanio muscular.<\/p>\n<p data-sourcepos=\"5:1-6:410\"><strong>Poss\u00edveis efeitos colaterais:<\/strong> Os efeitos colaterais s\u00e3o ginecomastia, acne, diminui\u00e7\u00e3o da libido, encolhimento dos test\u00edculos, aumento da press\u00e3o arterial porque tem alta afinidade para reter \u00e1gua no corpo, aumento do tamanho da pr\u00f3stata e dificuldade em urinar, calv\u00edcie de padr\u00e3o masculino, efeitos colaterais estrog\u00eanicos s\u00e3o produzidos devido \u00e0 convers\u00e3o de andr\u00f3geno em estrog\u00eanio, em mulheres tamb\u00e9m pode levar ao aumento do clit\u00f3ris.<\/p>\n<p><\/p>","protected":false},"excerpt":{"rendered":"<p>Susta-gen (Sustanon) \u00e9 uma testosterona esterificada. Seu principal benef\u00edcio para atletas e fisiculturistas \u00e9 que \u00e9 injetado apenas uma vez<\/p>\n","protected":false},"featured_media":10127,"comment_status":"open","ping_status":"closed","template":"","meta":[],"product_brand":[],"product_cat":[69,3474],"product_tag":[],"class_list":{"0":"post-10126","1":"product","2":"type-product","3":"status-publish","4":"has-post-thumbnail","6":"product_cat-esteroides_inyectables","7":"product_cat-packs","9":"first","10":"instock","11":"sale","12":"shipping-taxable","13":"purchasable","14":"product-type-simple"},"yoast_head":"<!-- This site is optimized with the Yoast SEO Premium plugin v24.4 (Yoast SEO v27.0) - https:\/\/yoast.com\/product\/yoast-seo-premium-wordpress\/ -->\n<title>3 pack SUSTA-GEN - SUSTANON \/ mix testosterone - Ester\u00f3ides Online<\/title>\n<meta name=\"description\" content=\"Susta-gen (Sustanon) \u00e9 um \u00e9ster de testosterona injet\u00e1vel mensal que aumenta o crescimento muscular, perda de gordura, capta\u00e7\u00e3o de oxig\u00eanio e agressividade.\" \/>\n<meta name=\"robots\" content=\"index, follow, max-snippet:-1, max-image-preview:large, max-video-preview:-1\" \/>\n<link rel=\"canonical\" href=\"https:\/\/iberoid-shop.com\/pt\/product\/pack3susta-gen-sustanon-mix-testosterone\/\" \/>\n<meta property=\"og:locale\" content=\"pt_PT\" \/>\n<meta property=\"og:type\" content=\"article\" \/>\n<meta property=\"og:title\" content=\"3 pack SUSTA-GEN - SUSTANON \/ mix testosterone\" \/>\n<meta property=\"og:description\" content=\"Susta-gen (Sustanon) \u00e9 um \u00e9ster de testosterona injet\u00e1vel mensal que aumenta o crescimento muscular, perda de gordura, capta\u00e7\u00e3o de oxig\u00eanio e agressividade.\" \/>\n<meta property=\"og:url\" content=\"https:\/\/iberoid-shop.com\/pt\/product\/pack3susta-gen-sustanon-mix-testosterone\/\" \/>\n<meta property=\"og:site_name\" content=\"Ester\u00f3ides Online\" \/>\n<meta property=\"article:modified_time\" content=\"2026-04-06T01:10:46+00:00\" \/>\n<meta property=\"og:image\" content=\"https:\/\/iberoid-shop.com\/wp-content\/uploads\/2025\/05\/sustgn-scaled.jpeg?v=1748074213\" \/>\n\t<meta property=\"og:image:width\" content=\"2053\" \/>\n\t<meta property=\"og:image:height\" content=\"2560\" \/>\n\t<meta property=\"og:image:type\" content=\"image\/jpeg\" \/>\n<meta name=\"twitter:card\" content=\"summary_large_image\" \/>\n<meta name=\"twitter:label1\" content=\"pre\u00e7o\" \/>\n\t<meta name=\"twitter:data1\" content=\"&euro;55.00\" \/>\n\t<meta name=\"twitter:label2\" content=\"Disponibilidade\" \/>\n\t<meta name=\"twitter:data2\" content=\"Em stock\" \/>\n<script type=\"application\/ld+json\" class=\"yoast-schema-graph\">{\"@context\":\"https:\/\/schema.org\",\"@graph\":[{\"@type\":\"WebPage\",\"@id\":\"https:\/\/iberoid-shop.com\/pt\/product\/pack3susta-gen-sustanon-mix-testosterone\/\",\"url\":\"https:\/\/iberoid-shop.com\/pt\/product\/pack3susta-gen-sustanon-mix-testosterone\/\",\"name\":\"3 pack SUSTA-GEN - SUSTANON \/ mix testosterone - Ester\u00f3ides Online\",\"isPartOf\":{\"@id\":\"https:\/\/iberoid-shop.com\/pt\/#website\"},\"primaryImageOfPage\":{\"@id\":\"https:\/\/iberoid-shop.com\/pt\/product\/pack3susta-gen-sustanon-mix-testosterone\/#primaryimage\"},\"image\":{\"@id\":\"https:\/\/iberoid-shop.com\/pt\/product\/pack3susta-gen-sustanon-mix-testosterone\/#primaryimage\"},\"thumbnailUrl\":\"https:\/\/iberoid-shop.com\/wp-content\/uploads\/2025\/05\/sustgn-scaled.jpeg?v=1748074213\",\"datePublished\":\"2025-05-24T08:10:40+00:00\",\"dateModified\":\"2026-04-06T01:10:46+00:00\",\"description\":\"Susta-gen (Sustanon) \u00e9 um \u00e9ster de testosterona injet\u00e1vel mensal que aumenta o crescimento muscular, perda de gordura, capta\u00e7\u00e3o de oxig\u00eanio e agressividade.\",\"breadcrumb\":{\"@id\":\"https:\/\/iberoid-shop.com\/pt\/product\/pack3susta-gen-sustanon-mix-testosterone\/#breadcrumb\"},\"inLanguage\":\"pt-PT\",\"potentialAction\":[{\"@type\":\"ReadAction\",\"target\":[[\"https:\/\/iberoid-shop.com\/pt\/product\/pack3susta-gen-sustanon-mix-testosterone\/\"]]}]},{\"@type\":\"ImageObject\",\"inLanguage\":\"pt-PT\",\"@id\":\"https:\/\/iberoid-shop.com\/pt\/product\/pack3susta-gen-sustanon-mix-testosterone\/#primaryimage\",\"url\":\"https:\/\/iberoid-shop.com\/wp-content\/uploads\/2025\/05\/sustgn-scaled.jpeg?v=1748074213\",\"contentUrl\":\"https:\/\/iberoid-shop.com\/wp-content\/uploads\/2025\/05\/sustgn-scaled.jpeg?v=1748074213\",\"width\":2053,\"height\":2560},{\"@type\":\"BreadcrumbList\",\"@id\":\"https:\/\/iberoid-shop.com\/pt\/product\/pack3susta-gen-sustanon-mix-testosterone\/#breadcrumb\",\"itemListElement\":[{\"@type\":\"ListItem\",\"position\":1,\"name\":\"Portada\",\"item\":\"https:\/\/iberoid-shop.com\/pt\/\"},{\"@type\":\"ListItem\",\"position\":2,\"name\":\"Loja\",\"item\":\"https:\/\/iberoid-shop.com\/pt\/shop\/\"},{\"@type\":\"ListItem\",\"position\":3,\"name\":\"3 pack SUSTA-GEN &#8211; SUSTANON \/ mix testosterone\"}]},{\"@type\":\"WebSite\",\"@id\":\"https:\/\/iberoid-shop.com\/pt\/#website\",\"url\":\"https:\/\/iberoid-shop.com\/pt\/\",\"name\":\"Ester\u00f3ides Online\",\"description\":\"Compre ester\u00f3ides online hoje em Espanha e Portugal. Temos o melhor servi\u00e7o ao cliente do setor e produtos da mais alta qualidade\",\"potentialAction\":[{\"@type\":\"SearchAction\",\"target\":{\"@type\":\"EntryPoint\",\"urlTemplate\":\"https:\/\/iberoid-shop.com\/pt\/?s={search_term_string}\"},\"query-input\":{\"@type\":\"PropertyValueSpecification\",\"valueRequired\":true,\"valueName\":\"search_term_string\"}}],\"inLanguage\":\"pt-PT\"}]}<\/script>\n<meta property=\"product:brand\" content=\"Golden Dragon\" \/>\n<meta property=\"product:price:amount\" content=\"55.00\" \/>\n<meta property=\"product:price:currency\" content=\"EUR\" \/>\n<meta property=\"og:availability\" content=\"instock\" \/>\n<meta property=\"product:availability\" content=\"instock\" \/>\n<meta property=\"product:condition\" content=\"new\" \/>\n<!-- \/ Yoast SEO Premium plugin. -->","yoast_head_json":{"title":"3 pack SUSTA-GEN - SUSTANON \/ mix testosterone - Ester\u00f3ides Online","description":"Susta-gen (Sustanon) \u00e9 um \u00e9ster de testosterona injet\u00e1vel mensal que aumenta o crescimento muscular, perda de gordura, capta\u00e7\u00e3o de oxig\u00eanio e agressividade.","robots":{"index":"index","follow":"follow","max-snippet":"max-snippet:-1","max-image-preview":"max-image-preview:large","max-video-preview":"max-video-preview:-1"},"canonical":"https:\/\/iberoid-shop.com\/pt\/product\/pack3susta-gen-sustanon-mix-testosterone\/","og_locale":"pt_PT","og_type":"article","og_title":"3 pack SUSTA-GEN - SUSTANON \/ mix testosterone","og_description":"Susta-gen (Sustanon) \u00e9 um \u00e9ster de testosterona injet\u00e1vel mensal que aumenta o crescimento muscular, perda de gordura, capta\u00e7\u00e3o de oxig\u00eanio e agressividade.","og_url":"https:\/\/iberoid-shop.com\/pt\/product\/pack3susta-gen-sustanon-mix-testosterone\/","og_site_name":"Ester\u00f3ides Online","article_modified_time":"2026-04-06T01:10:46+00:00","og_image":[{"width":2053,"height":2560,"url":"https:\/\/iberoid-shop.com\/wp-content\/uploads\/2025\/05\/sustgn-scaled.jpeg?v=1748074213","type":"image\/jpeg"}],"twitter_card":"summary_large_image","twitter_misc":{"pre\u00e7o":"&euro;55.00","Disponibilidade":"Em stock"},"schema":{"@context":"https:\/\/schema.org","@graph":[{"@type":"WebPage","@id":"https:\/\/iberoid-shop.com\/pt\/product\/pack3susta-gen-sustanon-mix-testosterone\/","url":"https:\/\/iberoid-shop.com\/pt\/product\/pack3susta-gen-sustanon-mix-testosterone\/","name":"3 pack SUSTA-GEN - SUSTANON \/ mix testosterone - Ester\u00f3ides Online","isPartOf":{"@id":"https:\/\/iberoid-shop.com\/pt\/#website"},"primaryImageOfPage":{"@id":"https:\/\/iberoid-shop.com\/pt\/product\/pack3susta-gen-sustanon-mix-testosterone\/#primaryimage"},"image":{"@id":"https:\/\/iberoid-shop.com\/pt\/product\/pack3susta-gen-sustanon-mix-testosterone\/#primaryimage"},"thumbnailUrl":"https:\/\/iberoid-shop.com\/wp-content\/uploads\/2025\/05\/sustgn-scaled.jpeg?v=1748074213","datePublished":"2025-05-24T08:10:40+00:00","dateModified":"2026-04-06T01:10:46+00:00","description":"Susta-gen (Sustanon) \u00e9 um \u00e9ster de testosterona injet\u00e1vel mensal que aumenta o crescimento muscular, perda de gordura, capta\u00e7\u00e3o de oxig\u00eanio e agressividade.","breadcrumb":{"@id":"https:\/\/iberoid-shop.com\/pt\/product\/pack3susta-gen-sustanon-mix-testosterone\/#breadcrumb"},"inLanguage":"pt-PT","potentialAction":[{"@type":"ReadAction","target":[["https:\/\/iberoid-shop.com\/pt\/product\/pack3susta-gen-sustanon-mix-testosterone\/"]]}]},{"@type":"ImageObject","inLanguage":"pt-PT","@id":"https:\/\/iberoid-shop.com\/pt\/product\/pack3susta-gen-sustanon-mix-testosterone\/#primaryimage","url":"https:\/\/iberoid-shop.com\/wp-content\/uploads\/2025\/05\/sustgn-scaled.jpeg?v=1748074213","contentUrl":"https:\/\/iberoid-shop.com\/wp-content\/uploads\/2025\/05\/sustgn-scaled.jpeg?v=1748074213","width":2053,"height":2560},{"@type":"BreadcrumbList","@id":"https:\/\/iberoid-shop.com\/pt\/product\/pack3susta-gen-sustanon-mix-testosterone\/#breadcrumb","itemListElement":[{"@type":"ListItem","position":1,"name":"Portada","item":"https:\/\/iberoid-shop.com\/pt\/"},{"@type":"ListItem","position":2,"name":"Loja","item":"https:\/\/iberoid-shop.com\/pt\/shop\/"},{"@type":"ListItem","position":3,"name":"3 pack SUSTA-GEN &#8211; SUSTANON \/ mix testosterone"}]},{"@type":"WebSite","@id":"https:\/\/iberoid-shop.com\/pt\/#website","url":"https:\/\/iberoid-shop.com\/pt\/","name":"Ester\u00f3ides Online","description":"Compre ester\u00f3ides online hoje em Espanha e Portugal. Temos o melhor servi\u00e7o ao cliente do setor e produtos da mais alta qualidade","potentialAction":[{"@type":"SearchAction","target":{"@type":"EntryPoint","urlTemplate":"https:\/\/iberoid-shop.com\/pt\/?s={search_term_string}"},"query-input":{"@type":"PropertyValueSpecification","valueRequired":true,"valueName":"search_term_string"}}],"inLanguage":"pt-PT"}]},"product_brand":"Golden Dragon","product_price_amount":"55.00","product_price_currency":"EUR","og_availability":"instock","product_availability":"instock","product_condition":"new"},"_links":{"self":[{"href":"https:\/\/iberoid-shop.com\/pt\/wp-json\/wp\/v2\/product\/10126","targetHints":{"allow":["GET"]}}],"collection":[{"href":"https:\/\/iberoid-shop.com\/pt\/wp-json\/wp\/v2\/product"}],"about":[{"href":"https:\/\/iberoid-shop.com\/pt\/wp-json\/wp\/v2\/types\/product"}],"replies":[{"embeddable":true,"href":"https:\/\/iberoid-shop.com\/pt\/wp-json\/wp\/v2\/comments?post=10126"}],"wp:featuredmedia":[{"embeddable":true,"href":"https:\/\/iberoid-shop.com\/pt\/wp-json\/wp\/v2\/media\/10127"}],"wp:attachment":[{"href":"https:\/\/iberoid-shop.com\/pt\/wp-json\/wp\/v2\/media?parent=10126"}],"wp:term":[{"taxonomy":"product_brand","embeddable":true,"href":"https:\/\/iberoid-shop.com\/pt\/wp-json\/wp\/v2\/product_brand?post=10126"},{"taxonomy":"product_cat","embeddable":true,"href":"https:\/\/iberoid-shop.com\/pt\/wp-json\/wp\/v2\/product_cat?post=10126"},{"taxonomy":"product_tag","embeddable":true,"href":"https:\/\/iberoid-shop.com\/pt\/wp-json\/wp\/v2\/product_tag?post=10126"}],"curies":[{"name":"wp","href":"https:\/\/api.w.org\/{rel}","templated":true}]}}