{"id":10124,"date":"2025-05-24T08:07:34","date_gmt":"2025-05-24T08:07:34","guid":{"rendered":"https:\/\/iberoid-shop.com\/?post_type=product&#038;p=10124"},"modified":"2026-03-22T11:32:22","modified_gmt":"2026-03-22T11:32:22","slug":"primo-gen-primobolan-methenolone-enanthate","status":"publish","type":"product","link":"https:\/\/iberoid-shop.com\/pt\/product\/primo-gen-primobolan-methenolone-enanthate\/","title":{"rendered":"PRIMO-GEN &#8211; PRIMOBOLAN \/ methenolone enanthate"},"content":{"rendered":"<p><\/p>\n<p data-sourcepos=\"3:1-3:1321\">\u00c9 um esteroide anabolizante \u00e0 base de Di-hidrotestosterona. Normalmente est\u00e1 dispon\u00edvel no mercado sob o nome de Primobolan em comprimidos ou forma injet\u00e1vel. Este esteroide anabolizante \u00e9 comumente usado por aqueles que t\u00eam alta suscetibilidade a sinais estrog\u00eanicos porque neste esteroide o estrog\u00eanio n\u00e3o \u00e9 produzido. Fisiculturistas usam metenolona durante o per\u00edodo de descanso para manter o corpo com o mesmo vigor e for\u00e7a. N\u00e3o possui um perfil de prescri\u00e7\u00e3o aprovado. Muitos jogadores e fisiculturistas testaram positivo para este esteroide <span class=\"citation-8 citation-end-8\">e foram penalizados. Al\u00e9m disso, tamb\u00e9m \u00e9 formulado para auxiliar pacientes que sofrem de certas formas idiop\u00e1ticas de anemia. Fisiculturistas<\/span> o usam quando n\u00e3o est\u00e3o funcionais no que diz respeito ao exerc\u00edcio para <span class=\"citation-7 citation-end-7\">manter sua apar\u00eancia f\u00edsica. \u00c9 muito seguro em mulheres fisiculturistas porque os sinais estrog\u00eanicos n\u00e3o s\u00e3o produzidos por este esteroide<\/span> anabolizante. \u00c9 indicado em pacientes com medula \u00f3ssea danificada e qualquer outra forma idiop\u00e1tica de anemia porque estimula a eritropoiese. \u00c9 contraindicado em mulheres gr\u00e1vidas e em homens que sofrem de hipertrofia prost\u00e1tica e c\u00e2ncer de pr\u00f3stata. Precisa ser continuado por tr\u00eas meses na dose prescrita. N\u00e3o deve ser descontinuado porque os resultados esperados podem n\u00e3o ser alcan\u00e7ados.<\/p>\n<p data-sourcepos=\"5:1-6:310\"><strong>Poss\u00edveis efeitos colaterais:<\/strong> Em mulheres sexualmente maduras, h\u00e1 chances de irregularidades menstruais. Em meninos, a puberdade precoce \u00e9 um poss\u00edvel efeito colateral. Em homens adultos, pode haver espermatog\u00eanese lenta. Afeta o f\u00edgado at\u00e9 certo ponto, mas o dano \u00e9 comparativamente menor em compara\u00e7\u00e3o com outros esteroides anabolizantes.<\/p>\n<p><\/p>","protected":false},"excerpt":{"rendered":"<p>\u00c9 um esteroide anabolizante \u00e0 base de Di-hidrotestosterona. Normalmente est\u00e1 dispon\u00edvel no mercado sob o nome de Primobolan em comprimidos<\/p>\n","protected":false},"featured_media":10125,"comment_status":"open","ping_status":"closed","template":"","meta":[],"product_brand":[],"product_cat":[69,3533],"product_tag":[],"class_list":{"0":"post-10124","1":"product","2":"type-product","3":"status-publish","4":"has-post-thumbnail","6":"product_cat-esteroides_inyectables","7":"product_cat-sales-rebajas","9":"first","10":"outofstock","11":"sale","12":"shipping-taxable","13":"purchasable","14":"product-type-simple"},"yoast_head":"<!-- This site is optimized with the Yoast SEO Premium plugin v24.4 (Yoast SEO v27.0) - https:\/\/yoast.com\/product\/yoast-seo-premium-wordpress\/ -->\n<title>PRIMO-GEN - PRIMOBOLAN \/ methenolone enanthate - Ester\u00f3ides Online<\/title>\n<meta name=\"description\" content=\"A metenolona \u00e9 um esteroide anabolizante \u00e0 base de diidrotestosterona que ajuda a manter o f\u00edsico, ideal para pessoas sens\u00edveis a efeitos estrog\u00eanicos, com baixo impacto hep\u00e1tico.\" \/>\n<meta name=\"robots\" content=\"index, follow, max-snippet:-1, max-image-preview:large, max-video-preview:-1\" \/>\n<link rel=\"canonical\" href=\"https:\/\/iberoid-shop.com\/pt\/product\/primo-gen-primobolan-methenolone-enanthate\/\" \/>\n<meta property=\"og:locale\" content=\"pt_PT\" \/>\n<meta property=\"og:type\" content=\"article\" \/>\n<meta property=\"og:title\" content=\"PRIMO-GEN - PRIMOBOLAN \/ methenolone enanthate\" \/>\n<meta property=\"og:description\" content=\"A metenolona \u00e9 um esteroide anabolizante \u00e0 base de diidrotestosterona que ajuda a manter o f\u00edsico, ideal para pessoas sens\u00edveis a efeitos estrog\u00eanicos, com baixo impacto hep\u00e1tico.\" \/>\n<meta property=\"og:url\" content=\"https:\/\/iberoid-shop.com\/pt\/product\/primo-gen-primobolan-methenolone-enanthate\/\" \/>\n<meta property=\"og:site_name\" content=\"Ester\u00f3ides Online\" \/>\n<meta property=\"article:modified_time\" content=\"2026-03-22T11:32:22+00:00\" \/>\n<meta property=\"og:image\" content=\"https:\/\/iberoid-shop.com\/wp-content\/uploads\/2025\/05\/prmgn-scaled.jpeg?v=1748073830\" \/>\n\t<meta property=\"og:image:width\" content=\"1685\" \/>\n\t<meta property=\"og:image:height\" content=\"2560\" \/>\n\t<meta property=\"og:image:type\" content=\"image\/jpeg\" \/>\n<meta name=\"twitter:card\" content=\"summary_large_image\" \/>\n<meta name=\"twitter:label1\" content=\"pre\u00e7o\" \/>\n\t<meta name=\"twitter:data1\" content=\"&euro;40.00\" \/>\n\t<meta name=\"twitter:label2\" content=\"Disponibilidade\" \/>\n\t<meta name=\"twitter:data2\" content=\"Esgotado\" \/>\n<script type=\"application\/ld+json\" class=\"yoast-schema-graph\">{\"@context\":\"https:\/\/schema.org\",\"@graph\":[{\"@type\":\"WebPage\",\"@id\":\"https:\/\/iberoid-shop.com\/pt\/product\/primo-gen-primobolan-methenolone-enanthate\/\",\"url\":\"https:\/\/iberoid-shop.com\/pt\/product\/primo-gen-primobolan-methenolone-enanthate\/\",\"name\":\"PRIMO-GEN - PRIMOBOLAN \/ methenolone enanthate - Ester\u00f3ides Online\",\"isPartOf\":{\"@id\":\"https:\/\/iberoid-shop.com\/pt\/#website\"},\"primaryImageOfPage\":{\"@id\":\"https:\/\/iberoid-shop.com\/pt\/product\/primo-gen-primobolan-methenolone-enanthate\/#primaryimage\"},\"image\":{\"@id\":\"https:\/\/iberoid-shop.com\/pt\/product\/primo-gen-primobolan-methenolone-enanthate\/#primaryimage\"},\"thumbnailUrl\":\"https:\/\/iberoid-shop.com\/wp-content\/uploads\/2025\/05\/prmgn-scaled.jpeg?v=1748073830\",\"datePublished\":\"2025-05-24T08:07:34+00:00\",\"dateModified\":\"2026-03-22T11:32:22+00:00\",\"description\":\"A metenolona \u00e9 um esteroide anabolizante \u00e0 base de diidrotestosterona que ajuda a manter o f\u00edsico, ideal para pessoas sens\u00edveis a efeitos estrog\u00eanicos, com baixo impacto hep\u00e1tico.\",\"breadcrumb\":{\"@id\":\"https:\/\/iberoid-shop.com\/pt\/product\/primo-gen-primobolan-methenolone-enanthate\/#breadcrumb\"},\"inLanguage\":\"pt-PT\",\"potentialAction\":[{\"@type\":\"ReadAction\",\"target\":[[\"https:\/\/iberoid-shop.com\/pt\/product\/primo-gen-primobolan-methenolone-enanthate\/\"]]}]},{\"@type\":\"ImageObject\",\"inLanguage\":\"pt-PT\",\"@id\":\"https:\/\/iberoid-shop.com\/pt\/product\/primo-gen-primobolan-methenolone-enanthate\/#primaryimage\",\"url\":\"https:\/\/iberoid-shop.com\/wp-content\/uploads\/2025\/05\/prmgn-scaled.jpeg?v=1748073830\",\"contentUrl\":\"https:\/\/iberoid-shop.com\/wp-content\/uploads\/2025\/05\/prmgn-scaled.jpeg?v=1748073830\",\"width\":1685,\"height\":2560},{\"@type\":\"BreadcrumbList\",\"@id\":\"https:\/\/iberoid-shop.com\/pt\/product\/primo-gen-primobolan-methenolone-enanthate\/#breadcrumb\",\"itemListElement\":[{\"@type\":\"ListItem\",\"position\":1,\"name\":\"Portada\",\"item\":\"https:\/\/iberoid-shop.com\/pt\/\"},{\"@type\":\"ListItem\",\"position\":2,\"name\":\"Loja\",\"item\":\"https:\/\/iberoid-shop.com\/pt\/shop\/\"},{\"@type\":\"ListItem\",\"position\":3,\"name\":\"PRIMO-GEN &#8211; PRIMOBOLAN \/ methenolone enanthate\"}]},{\"@type\":\"WebSite\",\"@id\":\"https:\/\/iberoid-shop.com\/pt\/#website\",\"url\":\"https:\/\/iberoid-shop.com\/pt\/\",\"name\":\"Ester\u00f3ides Online\",\"description\":\"Compre ester\u00f3ides online hoje em Espanha e Portugal. Temos o melhor servi\u00e7o ao cliente do setor e produtos da mais alta qualidade\",\"potentialAction\":[{\"@type\":\"SearchAction\",\"target\":{\"@type\":\"EntryPoint\",\"urlTemplate\":\"https:\/\/iberoid-shop.com\/pt\/?s={search_term_string}\"},\"query-input\":{\"@type\":\"PropertyValueSpecification\",\"valueRequired\":true,\"valueName\":\"search_term_string\"}}],\"inLanguage\":\"pt-PT\"}]}<\/script>\n<meta property=\"product:brand\" content=\"Golden Dragon\" \/>\n<meta property=\"product:price:amount\" content=\"40.00\" \/>\n<meta property=\"product:price:currency\" content=\"EUR\" \/>\n<meta property=\"og:availability\" content=\"out of stock\" \/>\n<meta property=\"product:availability\" content=\"out of stock\" \/>\n<meta property=\"product:condition\" content=\"new\" \/>\n<!-- \/ Yoast SEO Premium plugin. -->","yoast_head_json":{"title":"PRIMO-GEN - PRIMOBOLAN \/ methenolone enanthate - Ester\u00f3ides Online","description":"A metenolona \u00e9 um esteroide anabolizante \u00e0 base de diidrotestosterona que ajuda a manter o f\u00edsico, ideal para pessoas sens\u00edveis a efeitos estrog\u00eanicos, com baixo impacto hep\u00e1tico.","robots":{"index":"index","follow":"follow","max-snippet":"max-snippet:-1","max-image-preview":"max-image-preview:large","max-video-preview":"max-video-preview:-1"},"canonical":"https:\/\/iberoid-shop.com\/pt\/product\/primo-gen-primobolan-methenolone-enanthate\/","og_locale":"pt_PT","og_type":"article","og_title":"PRIMO-GEN - PRIMOBOLAN \/ methenolone enanthate","og_description":"A metenolona \u00e9 um esteroide anabolizante \u00e0 base de diidrotestosterona que ajuda a manter o f\u00edsico, ideal para pessoas sens\u00edveis a efeitos estrog\u00eanicos, com baixo impacto hep\u00e1tico.","og_url":"https:\/\/iberoid-shop.com\/pt\/product\/primo-gen-primobolan-methenolone-enanthate\/","og_site_name":"Ester\u00f3ides Online","article_modified_time":"2026-03-22T11:32:22+00:00","og_image":[{"width":1685,"height":2560,"url":"https:\/\/iberoid-shop.com\/wp-content\/uploads\/2025\/05\/prmgn-scaled.jpeg?v=1748073830","type":"image\/jpeg"}],"twitter_card":"summary_large_image","twitter_misc":{"pre\u00e7o":"&euro;40.00","Disponibilidade":"Esgotado"},"schema":{"@context":"https:\/\/schema.org","@graph":[{"@type":"WebPage","@id":"https:\/\/iberoid-shop.com\/pt\/product\/primo-gen-primobolan-methenolone-enanthate\/","url":"https:\/\/iberoid-shop.com\/pt\/product\/primo-gen-primobolan-methenolone-enanthate\/","name":"PRIMO-GEN - PRIMOBOLAN \/ methenolone enanthate - Ester\u00f3ides Online","isPartOf":{"@id":"https:\/\/iberoid-shop.com\/pt\/#website"},"primaryImageOfPage":{"@id":"https:\/\/iberoid-shop.com\/pt\/product\/primo-gen-primobolan-methenolone-enanthate\/#primaryimage"},"image":{"@id":"https:\/\/iberoid-shop.com\/pt\/product\/primo-gen-primobolan-methenolone-enanthate\/#primaryimage"},"thumbnailUrl":"https:\/\/iberoid-shop.com\/wp-content\/uploads\/2025\/05\/prmgn-scaled.jpeg?v=1748073830","datePublished":"2025-05-24T08:07:34+00:00","dateModified":"2026-03-22T11:32:22+00:00","description":"A metenolona \u00e9 um esteroide anabolizante \u00e0 base de diidrotestosterona que ajuda a manter o f\u00edsico, ideal para pessoas sens\u00edveis a efeitos estrog\u00eanicos, com baixo impacto hep\u00e1tico.","breadcrumb":{"@id":"https:\/\/iberoid-shop.com\/pt\/product\/primo-gen-primobolan-methenolone-enanthate\/#breadcrumb"},"inLanguage":"pt-PT","potentialAction":[{"@type":"ReadAction","target":[["https:\/\/iberoid-shop.com\/pt\/product\/primo-gen-primobolan-methenolone-enanthate\/"]]}]},{"@type":"ImageObject","inLanguage":"pt-PT","@id":"https:\/\/iberoid-shop.com\/pt\/product\/primo-gen-primobolan-methenolone-enanthate\/#primaryimage","url":"https:\/\/iberoid-shop.com\/wp-content\/uploads\/2025\/05\/prmgn-scaled.jpeg?v=1748073830","contentUrl":"https:\/\/iberoid-shop.com\/wp-content\/uploads\/2025\/05\/prmgn-scaled.jpeg?v=1748073830","width":1685,"height":2560},{"@type":"BreadcrumbList","@id":"https:\/\/iberoid-shop.com\/pt\/product\/primo-gen-primobolan-methenolone-enanthate\/#breadcrumb","itemListElement":[{"@type":"ListItem","position":1,"name":"Portada","item":"https:\/\/iberoid-shop.com\/pt\/"},{"@type":"ListItem","position":2,"name":"Loja","item":"https:\/\/iberoid-shop.com\/pt\/shop\/"},{"@type":"ListItem","position":3,"name":"PRIMO-GEN &#8211; PRIMOBOLAN \/ methenolone enanthate"}]},{"@type":"WebSite","@id":"https:\/\/iberoid-shop.com\/pt\/#website","url":"https:\/\/iberoid-shop.com\/pt\/","name":"Ester\u00f3ides Online","description":"Compre ester\u00f3ides online hoje em Espanha e Portugal. Temos o melhor servi\u00e7o ao cliente do setor e produtos da mais alta qualidade","potentialAction":[{"@type":"SearchAction","target":{"@type":"EntryPoint","urlTemplate":"https:\/\/iberoid-shop.com\/pt\/?s={search_term_string}"},"query-input":{"@type":"PropertyValueSpecification","valueRequired":true,"valueName":"search_term_string"}}],"inLanguage":"pt-PT"}]},"product_brand":"Golden Dragon","product_price_amount":"40.00","product_price_currency":"EUR","og_availability":"out of stock","product_availability":"out of stock","product_condition":"new"},"_links":{"self":[{"href":"https:\/\/iberoid-shop.com\/pt\/wp-json\/wp\/v2\/product\/10124","targetHints":{"allow":["GET"]}}],"collection":[{"href":"https:\/\/iberoid-shop.com\/pt\/wp-json\/wp\/v2\/product"}],"about":[{"href":"https:\/\/iberoid-shop.com\/pt\/wp-json\/wp\/v2\/types\/product"}],"replies":[{"embeddable":true,"href":"https:\/\/iberoid-shop.com\/pt\/wp-json\/wp\/v2\/comments?post=10124"}],"wp:featuredmedia":[{"embeddable":true,"href":"https:\/\/iberoid-shop.com\/pt\/wp-json\/wp\/v2\/media\/10125"}],"wp:attachment":[{"href":"https:\/\/iberoid-shop.com\/pt\/wp-json\/wp\/v2\/media?parent=10124"}],"wp:term":[{"taxonomy":"product_brand","embeddable":true,"href":"https:\/\/iberoid-shop.com\/pt\/wp-json\/wp\/v2\/product_brand?post=10124"},{"taxonomy":"product_cat","embeddable":true,"href":"https:\/\/iberoid-shop.com\/pt\/wp-json\/wp\/v2\/product_cat?post=10124"},{"taxonomy":"product_tag","embeddable":true,"href":"https:\/\/iberoid-shop.com\/pt\/wp-json\/wp\/v2\/product_tag?post=10124"}],"curies":[{"name":"wp","href":"https:\/\/api.w.org\/{rel}","templated":true}]}}