{"id":10114,"date":"2025-05-21T18:22:08","date_gmt":"2025-05-21T18:22:08","guid":{"rendered":"https:\/\/iberoid-shop.com\/?post_type=product&#038;p=10114"},"modified":"2026-01-12T17:15:05","modified_gmt":"2026-01-12T17:15:05","slug":"testosterone-cypionate-250mg","status":"publish","type":"product","link":"https:\/\/iberoid-shop.com\/pt\/product\/testosterone-cypionate-250mg\/","title":{"rendered":"Testosterone Cypionate 250mg"},"content":{"rendered":"<p><\/p>\n<p data-sourcepos=\"3:1-4:54\"><strong>Embalagem:<\/strong> 10 ampolas de 1ml (250 mg\/ml) <strong>Subst\u00e2ncia ativa:<\/strong> Cipionato de Testosterona 250 mg<\/p>\n<p data-sourcepos=\"6:1-8:231\">O Cipionato de Testosterona cont\u00e9m a subst\u00e2ncia ativa cipionato de testosterona, uma hormona masculina. O cipionato de testosterona \u00e9 uma forma artificial da hormona sexual masculina, testosterona, que \u00e9 secretada naturalmente. Este \u00e9 um dos esteroides estrog\u00e9nicos que n\u00e3o danifica o f\u00edgado. \u00c9 utilizado em homens para substituir a testosterona no tratamento de v\u00e1rios problemas de sa\u00fade causados pela falta de testosterona (hipogonadismo masculino). Isto deve ser confirmado por duas medi\u00e7\u00f5es separadas de testosterona no sangue e incluir tamb\u00e9m sintomas cl\u00ednicos como impot\u00eancia, infertilidade, baixo desejo sexual, fadiga, depress\u00e3o, perda \u00f3ssea causada por um baixo n\u00edvel da hormona testosterona. O risco de masculiniza\u00e7\u00e3o \u00e9 muito elevado para as mulheres e, por isso, o cipionato de testosterona destina-se apenas a homens. O Cipionato de Testosterona aumenta a massa muscular, aumenta a produtividade e estimula o metabolismo.<\/p>\n<p data-sourcepos=\"10:1-10:21\"><strong>Contraindica\u00e7\u00f5es:<\/strong><\/p>\n<ul data-sourcepos=\"12:1-18:0\">\n<li data-sourcepos=\"12:1-12:88\">Alergia ao cipionato de testosterona ou a qualquer outro componente deste medicamento.<\/li>\n<li data-sourcepos=\"13:1-13:58\">Cancro da pr\u00f3stata ou da mama dependente de androg\u00e9nios.<\/li>\n<li data-sourcepos=\"14:1-14:45\">Tumores hep\u00e1ticos \u2013 no passado ou presente.<\/li>\n<li data-sourcepos=\"15:1-15:73\">N\u00edveis elevados de c\u00e1lcio no sangue juntamente com neoplasias malignas.<\/li>\n<li data-sourcepos=\"16:1-16:67\">Ataque card\u00edaco no passado ou outras patologias card\u00edacas graves.<\/li>\n<li data-sourcepos=\"17:1-18:0\">Aterosclerose (dep\u00f3sitos de placas ateromatosas no l\u00famen dos vasos sangu\u00edneos).<\/li>\n<\/ul>\n<p data-sourcepos=\"19:1-19:35\"><strong>Posologia e efeitos secund\u00e1rios<\/strong><\/p>\n<p data-sourcepos=\"21:1-26:159\">Para estimular o desenvolvimento de \u00f3rg\u00e3os subdesenvolvidos dependentes de androg\u00e9nios e para o tratamento inicial dos sintomas de defici\u00eancia end\u00f3gena de testosterona, administram-se 50\u2013200 mg de cipionato de testosterona intramuscular a cada 2\u20134 semanas. A inje\u00e7\u00e3o deve ser administrada muito lentamente no m\u00fasculo. N\u00e3o se recomenda uma dose de 400 mg por m\u00eas. A dura\u00e7\u00e3o do tratamento \u00e9 estabelecida individualmente. A posologia \u00e9 regulada dependendo da resposta do paciente ao tratamento e da ocorr\u00eancia de rea\u00e7\u00f5es adversas. A dose correta \u00e9 determinada pelo m\u00e9dico. Para pacientes mais idosos, devem ser prescritas doses mais baixas. O Cipionato de Testosterona \u00e9 usado apenas para inje\u00e7\u00e3o intramuscular. Deve ter-se especial cuidado para evitar que entre num vaso sangu\u00edneo. A solu\u00e7\u00e3o injet\u00e1vel em ampolas pode ser usada v\u00e1rias vezes ap\u00f3s a primeira inje\u00e7\u00e3o, desde que a tampa da ampola n\u00e3o tenha sido removida e o conte\u00fado restante tenha permanecido hermeticamente fechado. Se sentir que o efeito do Cipionato de Testosterona \u00e9 demasiado forte ou demasiado fraco, fale com o seu m\u00e9dico. Por favor, cumpra as condi\u00e7\u00f5es para os intervalos entre as inje\u00e7\u00f5es acordadas com o seu m\u00e9dico. Ao parar de tomar o medicamento, podem ocorrer sintomas de defici\u00eancia de testosterona. Como todos os medicamentos, o Cipionato de Testosterona pode causar efeitos secund\u00e1rios. Os efeitos secund\u00e1rios mais comuns s\u00e3o acne e dor no local da inje\u00e7\u00e3o.<\/p>\n<p data-sourcepos=\"28:1-28:71\"><strong>Efeitos secund\u00e1rios comuns (podem afetar at\u00e9 1 em cada 10 pessoas):<\/strong><\/p>\n<ul data-sourcepos=\"29:1-30:110\">\n<li data-sourcepos=\"29:1-30:110\">n\u00edveis anormalmente elevados de gl\u00f3bulos vermelhos no sangue; aumento de peso; acne; aumento do antig\u00e9nio espec\u00edfico da pr\u00f3stata (aumento do \u00edndice bioqu\u00edmico no sangue); aumento do tamanho da pr\u00f3stata e problemas relacionados; v\u00e1rias rea\u00e7\u00f5es no local da inje\u00e7\u00e3o (por exemplo, dor, desconforto, comich\u00e3o, vermelhid\u00e3o, n\u00f3doas negras ou irrita\u00e7\u00e3o); aumento do n\u00famero de gl\u00f3bulos vermelhos, hemat\u00f3crito (como percentagem de gl\u00f3bulos vermelhos); ere\u00e7\u00e3o aumentada. Por favor, verifique o folheto informativo do produto para mais detalhes sobre efeitos secund\u00e1rios invulgares.<\/li>\n<\/ul>\n<p><\/p>","protected":false},"excerpt":{"rendered":"<p>Embalagem: 10 ampolas de 1ml (250 mg\/ml) Subst\u00e2ncia ativa: Cipionato de Testosterona 250 mg O Cipionato de Testosterona cont\u00e9m a<\/p>\n","protected":false},"featured_media":10115,"comment_status":"open","ping_status":"closed","template":"","meta":[],"product_brand":[],"product_cat":[69],"product_tag":[],"class_list":{"0":"post-10114","1":"product","2":"type-product","3":"status-publish","4":"has-post-thumbnail","6":"product_cat-esteroides_inyectables","8":"first","9":"outofstock","10":"shipping-taxable","11":"purchasable","12":"product-type-simple"},"yoast_head":"<!-- This site is optimized with the Yoast SEO Premium plugin v24.4 (Yoast SEO v27.0) - https:\/\/yoast.com\/product\/yoast-seo-premium-wordpress\/ -->\n<title>Testosterone Cypionate 250mg - Ester\u00f3ides Online<\/title>\n<meta name=\"description\" content=\"O Cipionato de Testosterona 250mg trata a baixa testosterona, aumenta a massa muscular e o metabolismo, essencial para a sa\u00fade masculina.\" \/>\n<meta name=\"robots\" content=\"index, follow, max-snippet:-1, max-image-preview:large, max-video-preview:-1\" \/>\n<link rel=\"canonical\" href=\"https:\/\/iberoid-shop.com\/pt\/product\/testosterone-cypionate-250mg\/\" \/>\n<meta property=\"og:locale\" content=\"pt_PT\" \/>\n<meta property=\"og:type\" content=\"article\" \/>\n<meta property=\"og:title\" content=\"Testosterone Cypionate 250mg\" \/>\n<meta property=\"og:description\" content=\"O Cipionato de Testosterona 250mg trata a baixa testosterona, aumenta a massa muscular e o metabolismo, essencial para a sa\u00fade masculina.\" \/>\n<meta property=\"og:url\" content=\"https:\/\/iberoid-shop.com\/pt\/product\/testosterone-cypionate-250mg\/\" \/>\n<meta property=\"og:site_name\" content=\"Ester\u00f3ides Online\" \/>\n<meta property=\"article:modified_time\" content=\"2026-01-12T17:15:05+00:00\" \/>\n<meta property=\"og:image\" content=\"https:\/\/iberoid-shop.com\/wp-content\/uploads\/2025\/05\/CYP.jpg?v=1747851707\" \/>\n\t<meta property=\"og:image:width\" content=\"2200\" \/>\n\t<meta property=\"og:image:height\" content=\"1540\" \/>\n\t<meta property=\"og:image:type\" content=\"image\/jpeg\" \/>\n<meta name=\"twitter:card\" content=\"summary_large_image\" \/>\n<meta name=\"twitter:label1\" content=\"pre\u00e7o\" \/>\n\t<meta name=\"twitter:data1\" content=\"&euro;40.00\" \/>\n\t<meta name=\"twitter:label2\" content=\"Disponibilidade\" \/>\n\t<meta name=\"twitter:data2\" content=\"Esgotado\" \/>\n<script type=\"application\/ld+json\" class=\"yoast-schema-graph\">{\"@context\":\"https:\/\/schema.org\",\"@graph\":[{\"@type\":\"WebPage\",\"@id\":\"https:\/\/iberoid-shop.com\/pt\/product\/testosterone-cypionate-250mg\/\",\"url\":\"https:\/\/iberoid-shop.com\/pt\/product\/testosterone-cypionate-250mg\/\",\"name\":\"Testosterone Cypionate 250mg - Ester\u00f3ides Online\",\"isPartOf\":{\"@id\":\"https:\/\/iberoid-shop.com\/pt\/#website\"},\"primaryImageOfPage\":{\"@id\":\"https:\/\/iberoid-shop.com\/pt\/product\/testosterone-cypionate-250mg\/#primaryimage\"},\"image\":{\"@id\":\"https:\/\/iberoid-shop.com\/pt\/product\/testosterone-cypionate-250mg\/#primaryimage\"},\"thumbnailUrl\":\"https:\/\/iberoid-shop.com\/wp-content\/uploads\/2025\/05\/CYP.jpg?v=1747851707\",\"datePublished\":\"2025-05-21T18:22:08+00:00\",\"dateModified\":\"2026-01-12T17:15:05+00:00\",\"description\":\"O Cipionato de Testosterona 250mg trata a baixa testosterona, aumenta a massa muscular e o metabolismo, essencial para a sa\u00fade masculina.\",\"breadcrumb\":{\"@id\":\"https:\/\/iberoid-shop.com\/pt\/product\/testosterone-cypionate-250mg\/#breadcrumb\"},\"inLanguage\":\"pt-PT\",\"potentialAction\":[{\"@type\":\"ReadAction\",\"target\":[[\"https:\/\/iberoid-shop.com\/pt\/product\/testosterone-cypionate-250mg\/\"]]}]},{\"@type\":\"ImageObject\",\"inLanguage\":\"pt-PT\",\"@id\":\"https:\/\/iberoid-shop.com\/pt\/product\/testosterone-cypionate-250mg\/#primaryimage\",\"url\":\"https:\/\/iberoid-shop.com\/wp-content\/uploads\/2025\/05\/CYP.jpg?v=1747851707\",\"contentUrl\":\"https:\/\/iberoid-shop.com\/wp-content\/uploads\/2025\/05\/CYP.jpg?v=1747851707\",\"width\":2200,\"height\":1540},{\"@type\":\"BreadcrumbList\",\"@id\":\"https:\/\/iberoid-shop.com\/pt\/product\/testosterone-cypionate-250mg\/#breadcrumb\",\"itemListElement\":[{\"@type\":\"ListItem\",\"position\":1,\"name\":\"Portada\",\"item\":\"https:\/\/iberoid-shop.com\/pt\/\"},{\"@type\":\"ListItem\",\"position\":2,\"name\":\"Loja\",\"item\":\"https:\/\/iberoid-shop.com\/pt\/shop\/\"},{\"@type\":\"ListItem\",\"position\":3,\"name\":\"Testosterone Cypionate 250mg\"}]},{\"@type\":\"WebSite\",\"@id\":\"https:\/\/iberoid-shop.com\/pt\/#website\",\"url\":\"https:\/\/iberoid-shop.com\/pt\/\",\"name\":\"Ester\u00f3ides Online\",\"description\":\"Compre ester\u00f3ides online hoje em Espanha e Portugal. Temos o melhor servi\u00e7o ao cliente do setor e produtos da mais alta qualidade\",\"potentialAction\":[{\"@type\":\"SearchAction\",\"target\":{\"@type\":\"EntryPoint\",\"urlTemplate\":\"https:\/\/iberoid-shop.com\/pt\/?s={search_term_string}\"},\"query-input\":{\"@type\":\"PropertyValueSpecification\",\"valueRequired\":true,\"valueName\":\"search_term_string\"}}],\"inLanguage\":\"pt-PT\"}]}<\/script>\n<meta property=\"product:brand\" content=\"Genetic Life Science\" \/>\n<meta property=\"product:price:amount\" content=\"40.00\" \/>\n<meta property=\"product:price:currency\" content=\"EUR\" \/>\n<meta property=\"og:availability\" content=\"out of stock\" \/>\n<meta property=\"product:availability\" content=\"out of stock\" \/>\n<meta property=\"product:condition\" content=\"new\" \/>\n<!-- \/ Yoast SEO Premium plugin. -->","yoast_head_json":{"title":"Testosterone Cypionate 250mg - Ester\u00f3ides Online","description":"O Cipionato de Testosterona 250mg trata a baixa testosterona, aumenta a massa muscular e o metabolismo, essencial para a sa\u00fade masculina.","robots":{"index":"index","follow":"follow","max-snippet":"max-snippet:-1","max-image-preview":"max-image-preview:large","max-video-preview":"max-video-preview:-1"},"canonical":"https:\/\/iberoid-shop.com\/pt\/product\/testosterone-cypionate-250mg\/","og_locale":"pt_PT","og_type":"article","og_title":"Testosterone Cypionate 250mg","og_description":"O Cipionato de Testosterona 250mg trata a baixa testosterona, aumenta a massa muscular e o metabolismo, essencial para a sa\u00fade masculina.","og_url":"https:\/\/iberoid-shop.com\/pt\/product\/testosterone-cypionate-250mg\/","og_site_name":"Ester\u00f3ides Online","article_modified_time":"2026-01-12T17:15:05+00:00","og_image":[{"width":2200,"height":1540,"url":"https:\/\/iberoid-shop.com\/wp-content\/uploads\/2025\/05\/CYP.jpg?v=1747851707","type":"image\/jpeg"}],"twitter_card":"summary_large_image","twitter_misc":{"pre\u00e7o":"&euro;40.00","Disponibilidade":"Esgotado"},"schema":{"@context":"https:\/\/schema.org","@graph":[{"@type":"WebPage","@id":"https:\/\/iberoid-shop.com\/pt\/product\/testosterone-cypionate-250mg\/","url":"https:\/\/iberoid-shop.com\/pt\/product\/testosterone-cypionate-250mg\/","name":"Testosterone Cypionate 250mg - Ester\u00f3ides Online","isPartOf":{"@id":"https:\/\/iberoid-shop.com\/pt\/#website"},"primaryImageOfPage":{"@id":"https:\/\/iberoid-shop.com\/pt\/product\/testosterone-cypionate-250mg\/#primaryimage"},"image":{"@id":"https:\/\/iberoid-shop.com\/pt\/product\/testosterone-cypionate-250mg\/#primaryimage"},"thumbnailUrl":"https:\/\/iberoid-shop.com\/wp-content\/uploads\/2025\/05\/CYP.jpg?v=1747851707","datePublished":"2025-05-21T18:22:08+00:00","dateModified":"2026-01-12T17:15:05+00:00","description":"O Cipionato de Testosterona 250mg trata a baixa testosterona, aumenta a massa muscular e o metabolismo, essencial para a sa\u00fade masculina.","breadcrumb":{"@id":"https:\/\/iberoid-shop.com\/pt\/product\/testosterone-cypionate-250mg\/#breadcrumb"},"inLanguage":"pt-PT","potentialAction":[{"@type":"ReadAction","target":[["https:\/\/iberoid-shop.com\/pt\/product\/testosterone-cypionate-250mg\/"]]}]},{"@type":"ImageObject","inLanguage":"pt-PT","@id":"https:\/\/iberoid-shop.com\/pt\/product\/testosterone-cypionate-250mg\/#primaryimage","url":"https:\/\/iberoid-shop.com\/wp-content\/uploads\/2025\/05\/CYP.jpg?v=1747851707","contentUrl":"https:\/\/iberoid-shop.com\/wp-content\/uploads\/2025\/05\/CYP.jpg?v=1747851707","width":2200,"height":1540},{"@type":"BreadcrumbList","@id":"https:\/\/iberoid-shop.com\/pt\/product\/testosterone-cypionate-250mg\/#breadcrumb","itemListElement":[{"@type":"ListItem","position":1,"name":"Portada","item":"https:\/\/iberoid-shop.com\/pt\/"},{"@type":"ListItem","position":2,"name":"Loja","item":"https:\/\/iberoid-shop.com\/pt\/shop\/"},{"@type":"ListItem","position":3,"name":"Testosterone Cypionate 250mg"}]},{"@type":"WebSite","@id":"https:\/\/iberoid-shop.com\/pt\/#website","url":"https:\/\/iberoid-shop.com\/pt\/","name":"Ester\u00f3ides Online","description":"Compre ester\u00f3ides online hoje em Espanha e Portugal. Temos o melhor servi\u00e7o ao cliente do setor e produtos da mais alta qualidade","potentialAction":[{"@type":"SearchAction","target":{"@type":"EntryPoint","urlTemplate":"https:\/\/iberoid-shop.com\/pt\/?s={search_term_string}"},"query-input":{"@type":"PropertyValueSpecification","valueRequired":true,"valueName":"search_term_string"}}],"inLanguage":"pt-PT"}]},"product_brand":"Genetic Life Science","product_price_amount":"40.00","product_price_currency":"EUR","og_availability":"out of stock","product_availability":"out of stock","product_condition":"new"},"_links":{"self":[{"href":"https:\/\/iberoid-shop.com\/pt\/wp-json\/wp\/v2\/product\/10114","targetHints":{"allow":["GET"]}}],"collection":[{"href":"https:\/\/iberoid-shop.com\/pt\/wp-json\/wp\/v2\/product"}],"about":[{"href":"https:\/\/iberoid-shop.com\/pt\/wp-json\/wp\/v2\/types\/product"}],"replies":[{"embeddable":true,"href":"https:\/\/iberoid-shop.com\/pt\/wp-json\/wp\/v2\/comments?post=10114"}],"wp:featuredmedia":[{"embeddable":true,"href":"https:\/\/iberoid-shop.com\/pt\/wp-json\/wp\/v2\/media\/10115"}],"wp:attachment":[{"href":"https:\/\/iberoid-shop.com\/pt\/wp-json\/wp\/v2\/media?parent=10114"}],"wp:term":[{"taxonomy":"product_brand","embeddable":true,"href":"https:\/\/iberoid-shop.com\/pt\/wp-json\/wp\/v2\/product_brand?post=10114"},{"taxonomy":"product_cat","embeddable":true,"href":"https:\/\/iberoid-shop.com\/pt\/wp-json\/wp\/v2\/product_cat?post=10114"},{"taxonomy":"product_tag","embeddable":true,"href":"https:\/\/iberoid-shop.com\/pt\/wp-json\/wp\/v2\/product_tag?post=10114"}],"curies":[{"name":"wp","href":"https:\/\/api.w.org\/{rel}","templated":true}]}}