{"id":10109,"date":"2025-05-21T18:17:13","date_gmt":"2025-05-21T18:17:13","guid":{"rendered":"https:\/\/iberoid-shop.com\/?post_type=product&#038;p=10109"},"modified":"2026-01-12T17:18:29","modified_gmt":"2026-01-12T17:18:29","slug":"boldenone-undecylenate-250mg","status":"publish","type":"product","link":"https:\/\/iberoid-shop.com\/pt\/product\/boldenone-undecylenate-250mg\/","title":{"rendered":"Boldenone Undecylenate 250mg"},"content":{"rendered":"<p><\/p>\n<p data-sourcepos=\"3:1-4:54\"><strong>Embalagem:<\/strong> 10 ampolas de 1ml (250 mg\/ml)<\/p>\n<p data-sourcepos=\"3:1-4:54\"><strong>Subst\u00e2ncia ativa:<\/strong> Undecilenato de Boldenona 250 mg<\/p>\n<p data-sourcepos=\"6:1-7:104\">A boldenona \u00e9 um f\u00e1rmaco anab\u00f3lico injet\u00e1vel esteroide sint\u00e9tico derivado da hormona sexual masculina testosterona. O Undecilenato de Boldenona tem um efeito a longo prazo, \u00e9 usado para tratamento adicional de cavalos quando estes devem ganhar peso, melhorar o apetite, a pelagem, aumentar a energia e a massa muscular, e a condi\u00e7\u00e3o f\u00edsica geral. \u00c9 indicado para cavalos em recupera\u00e7\u00e3o de doen\u00e7as, cirurgias, excesso de trabalho ou outro stress grave.<\/p>\n<p data-sourcepos=\"9:1-9:47\">O Undecilenato de Boldenona n\u00e3o deve ser usado:<\/p>\n<ul data-sourcepos=\"11:1-15:0\">\n<li data-sourcepos=\"11:1-11:47\">Em animais com cancro da pr\u00f3stata ou da mama.<\/li>\n<li data-sourcepos=\"12:1-12:56\">Em animais gr\u00e1vidas devido \u00e0 masculiniza\u00e7\u00e3o dos fetos.<\/li>\n<li data-sourcepos=\"13:1-13:141\">Em animais jovens \u2013 pode causar dist\u00farbios graves como o encerramento prematuro das placas de crescimento e desenvolvimento sexual anormal.<\/li>\n<li data-sourcepos=\"14:1-15:0\">Nem em garanh\u00f5es nem em \u00e9guas n\u00e3o gr\u00e1vidas destinadas \u00e0 reprodu\u00e7\u00e3o.<\/li>\n<\/ul>\n<p data-sourcepos=\"16:1-16:35\"><strong>Posologia e efeitos secund\u00e1rios<\/strong><\/p>\n<p data-sourcepos=\"18:1-20:94\">O f\u00e1rmaco \u00e9 administrado \u00e0 taxa de 1 mg\/kg de peso corporal por via intramuscular. Repetir em intervalos de 3 semanas. Em cavalos, o f\u00e1rmaco causa reten\u00e7\u00e3o de s\u00f3dio e \u00e1gua, viriliza\u00e7\u00e3o e hepatotoxicidade. O f\u00e1rmaco n\u00e3o \u00e9 recomendado para pessoas, porque pode causar os seguintes efeitos secund\u00e1rios:<\/p>\n<ul data-sourcepos=\"22:1-26:33\">\n<li data-sourcepos=\"22:1-22:49\">aumento do n\u00edvel de colesterol &#8220;mau&#8221; no sangue;<\/li>\n<li data-sourcepos=\"23:1-23:14\">viriliza\u00e7\u00e3o;<\/li>\n<li data-sourcepos=\"24:1-24:15\">ginecomastia;<\/li>\n<li data-sourcepos=\"25:1-25:57\">ligeira supress\u00e3o da produ\u00e7\u00e3o de testosterona no corpo;<\/li>\n<li data-sourcepos=\"26:1-26:33\">acne no peito, costas e ombros.<\/li>\n<\/ul>\n<p><\/p>","protected":false},"excerpt":{"rendered":"<p>Embalagem: 10 ampolas de 1ml (250 mg\/ml) Subst\u00e2ncia ativa: Undecilenato de Boldenona 250 mg A boldenona \u00e9 um f\u00e1rmaco anab\u00f3lico<\/p>\n","protected":false},"featured_media":10110,"comment_status":"open","ping_status":"closed","template":"","meta":[],"product_brand":[],"product_cat":[69],"product_tag":[],"class_list":{"0":"post-10109","1":"product","2":"type-product","3":"status-publish","4":"has-post-thumbnail","6":"product_cat-esteroides_inyectables","8":"first","9":"outofstock","10":"shipping-taxable","11":"purchasable","12":"product-type-simple"},"yoast_head":"<!-- This site is optimized with the Yoast SEO Premium plugin v24.4 (Yoast SEO v27.3) - https:\/\/yoast.com\/product\/yoast-seo-premium-wordpress\/ -->\n<title>Boldenone Undecylenate 250mg - Ester\u00f3ides Online<\/title>\n<meta name=\"description\" content=\"O Undecilenato de Boldenona \u00e9 um esteroide anab\u00f3lico que aumenta a massa muscular, o apetite e a energia com efeitos de longa dura\u00e7\u00e3o.\" \/>\n<meta name=\"robots\" content=\"index, follow, max-snippet:-1, max-image-preview:large, max-video-preview:-1\" \/>\n<link rel=\"canonical\" href=\"https:\/\/iberoid-shop.com\/pt\/product\/boldenone-undecylenate-250mg\/\" \/>\n<meta property=\"og:locale\" content=\"pt_PT\" \/>\n<meta property=\"og:type\" content=\"article\" \/>\n<meta property=\"og:title\" content=\"Boldenone Undecylenate 250mg\" \/>\n<meta property=\"og:description\" content=\"O Undecilenato de Boldenona \u00e9 um esteroide anab\u00f3lico que aumenta a massa muscular, o apetite e a energia com efeitos de longa dura\u00e7\u00e3o.\" \/>\n<meta property=\"og:url\" content=\"https:\/\/iberoid-shop.com\/pt\/product\/boldenone-undecylenate-250mg\/\" \/>\n<meta property=\"og:site_name\" content=\"Ester\u00f3ides Online\" \/>\n<meta property=\"article:modified_time\" content=\"2026-01-12T17:18:29+00:00\" \/>\n<meta property=\"og:image\" content=\"https:\/\/iberoid-shop.com\/wp-content\/uploads\/2025\/05\/bolde.jpg?v=1747851405\" \/>\n\t<meta property=\"og:image:width\" content=\"2200\" \/>\n\t<meta property=\"og:image:height\" content=\"1540\" \/>\n\t<meta property=\"og:image:type\" content=\"image\/jpeg\" \/>\n<meta name=\"twitter:card\" content=\"summary_large_image\" \/>\n<meta name=\"twitter:label1\" content=\"pre\u00e7o\" \/>\n\t<meta name=\"twitter:data1\" content=\"&euro;40.00\" \/>\n\t<meta name=\"twitter:label2\" content=\"Disponibilidade\" \/>\n\t<meta name=\"twitter:data2\" content=\"Esgotado\" \/>\n<script type=\"application\/ld+json\" class=\"yoast-schema-graph\">{\"@context\":\"https:\\\/\\\/schema.org\",\"@graph\":[{\"@type\":\"WebPage\",\"@id\":\"https:\\\/\\\/iberoid-shop.com\\\/pt\\\/product\\\/boldenone-undecylenate-250mg\\\/\",\"url\":\"https:\\\/\\\/iberoid-shop.com\\\/pt\\\/product\\\/boldenone-undecylenate-250mg\\\/\",\"name\":\"Boldenone Undecylenate 250mg - Ester\u00f3ides Online\",\"isPartOf\":{\"@id\":\"https:\\\/\\\/iberoid.com\\\/#website\"},\"primaryImageOfPage\":{\"@id\":\"https:\\\/\\\/iberoid-shop.com\\\/pt\\\/product\\\/boldenone-undecylenate-250mg\\\/#primaryimage\"},\"image\":{\"@id\":\"https:\\\/\\\/iberoid-shop.com\\\/pt\\\/product\\\/boldenone-undecylenate-250mg\\\/#primaryimage\"},\"thumbnailUrl\":\"https:\\\/\\\/iberoid-shop.com\\\/wp-content\\\/uploads\\\/2025\\\/05\\\/bolde.jpg?v=1747851405\",\"datePublished\":\"2025-05-21T18:17:13+00:00\",\"dateModified\":\"2026-01-12T17:18:29+00:00\",\"description\":\"O Undecilenato de Boldenona \u00e9 um esteroide anab\u00f3lico que aumenta a massa muscular, o apetite e a energia com efeitos de longa dura\u00e7\u00e3o.\",\"breadcrumb\":{\"@id\":\"https:\\\/\\\/iberoid-shop.com\\\/pt\\\/product\\\/boldenone-undecylenate-250mg\\\/#breadcrumb\"},\"inLanguage\":\"pt-PT\",\"potentialAction\":[{\"@type\":\"ReadAction\",\"target\":[[\"https:\\\/\\\/iberoid-shop.com\\\/pt\\\/product\\\/boldenone-undecylenate-250mg\\\/\"]]}]},{\"@type\":\"ImageObject\",\"inLanguage\":\"pt-PT\",\"@id\":\"https:\\\/\\\/iberoid-shop.com\\\/pt\\\/product\\\/boldenone-undecylenate-250mg\\\/#primaryimage\",\"url\":\"https:\\\/\\\/iberoid-shop.com\\\/wp-content\\\/uploads\\\/2025\\\/05\\\/bolde.jpg?v=1747851405\",\"contentUrl\":\"https:\\\/\\\/iberoid-shop.com\\\/wp-content\\\/uploads\\\/2025\\\/05\\\/bolde.jpg?v=1747851405\",\"width\":2200,\"height\":1540},{\"@type\":\"BreadcrumbList\",\"@id\":\"https:\\\/\\\/iberoid-shop.com\\\/pt\\\/product\\\/boldenone-undecylenate-250mg\\\/#breadcrumb\",\"itemListElement\":[{\"@type\":\"ListItem\",\"position\":1,\"name\":\"Portada\",\"item\":\"https:\\\/\\\/iberoid.com\\\/\"},{\"@type\":\"ListItem\",\"position\":2,\"name\":\"Loja\",\"item\":\"https:\\\/\\\/iberoid-shop.com\\\/pt\\\/shop\\\/\"},{\"@type\":\"ListItem\",\"position\":3,\"name\":\"Boldenone Undecylenate 250mg\"}]},{\"@type\":\"WebSite\",\"@id\":\"https:\\\/\\\/iberoid.com\\\/#website\",\"url\":\"https:\\\/\\\/iberoid.com\\\/\",\"name\":\"Ester\u00f3ides Online\",\"description\":\"Compre ester\u00f3ides online hoje em Espanha e Portugal. Temos o melhor servi\u00e7o ao cliente do setor e produtos da mais alta qualidade\",\"potentialAction\":[{\"@type\":\"SearchAction\",\"target\":{\"@type\":\"EntryPoint\",\"urlTemplate\":\"https:\\\/\\\/iberoid.com\\\/?s={search_term_string}\"},\"query-input\":{\"@type\":\"PropertyValueSpecification\",\"valueRequired\":true,\"valueName\":\"search_term_string\"}}],\"inLanguage\":\"pt-PT\"}]}<\/script>\n<meta property=\"product:brand\" content=\"Genetic Life Science\" \/>\n<meta property=\"product:price:amount\" content=\"40.00\" \/>\n<meta property=\"product:price:currency\" content=\"EUR\" \/>\n<meta property=\"og:availability\" content=\"out of stock\" \/>\n<meta property=\"product:availability\" content=\"out of stock\" \/>\n<meta property=\"product:condition\" content=\"new\" \/>\n<!-- \/ Yoast SEO Premium plugin. -->","yoast_head_json":{"title":"Boldenone Undecylenate 250mg - Ester\u00f3ides Online","description":"O Undecilenato de Boldenona \u00e9 um esteroide anab\u00f3lico que aumenta a massa muscular, o apetite e a energia com efeitos de longa dura\u00e7\u00e3o.","robots":{"index":"index","follow":"follow","max-snippet":"max-snippet:-1","max-image-preview":"max-image-preview:large","max-video-preview":"max-video-preview:-1"},"canonical":"https:\/\/iberoid-shop.com\/pt\/product\/boldenone-undecylenate-250mg\/","og_locale":"pt_PT","og_type":"article","og_title":"Boldenone Undecylenate 250mg","og_description":"O Undecilenato de Boldenona \u00e9 um esteroide anab\u00f3lico que aumenta a massa muscular, o apetite e a energia com efeitos de longa dura\u00e7\u00e3o.","og_url":"https:\/\/iberoid-shop.com\/pt\/product\/boldenone-undecylenate-250mg\/","og_site_name":"Ester\u00f3ides Online","article_modified_time":"2026-01-12T17:18:29+00:00","og_image":[{"width":2200,"height":1540,"url":"https:\/\/iberoid-shop.com\/wp-content\/uploads\/2025\/05\/bolde.jpg?v=1747851405","type":"image\/jpeg"}],"twitter_card":"summary_large_image","twitter_misc":{"pre\u00e7o":"&euro;40.00","Disponibilidade":"Esgotado"},"schema":{"@context":"https:\/\/schema.org","@graph":[{"@type":"WebPage","@id":"https:\/\/iberoid-shop.com\/pt\/product\/boldenone-undecylenate-250mg\/","url":"https:\/\/iberoid-shop.com\/pt\/product\/boldenone-undecylenate-250mg\/","name":"Boldenone Undecylenate 250mg - Ester\u00f3ides Online","isPartOf":{"@id":"https:\/\/iberoid.com\/#website"},"primaryImageOfPage":{"@id":"https:\/\/iberoid-shop.com\/pt\/product\/boldenone-undecylenate-250mg\/#primaryimage"},"image":{"@id":"https:\/\/iberoid-shop.com\/pt\/product\/boldenone-undecylenate-250mg\/#primaryimage"},"thumbnailUrl":"https:\/\/iberoid-shop.com\/wp-content\/uploads\/2025\/05\/bolde.jpg?v=1747851405","datePublished":"2025-05-21T18:17:13+00:00","dateModified":"2026-01-12T17:18:29+00:00","description":"O Undecilenato de Boldenona \u00e9 um esteroide anab\u00f3lico que aumenta a massa muscular, o apetite e a energia com efeitos de longa dura\u00e7\u00e3o.","breadcrumb":{"@id":"https:\/\/iberoid-shop.com\/pt\/product\/boldenone-undecylenate-250mg\/#breadcrumb"},"inLanguage":"pt-PT","potentialAction":[{"@type":"ReadAction","target":[["https:\/\/iberoid-shop.com\/pt\/product\/boldenone-undecylenate-250mg\/"]]}]},{"@type":"ImageObject","inLanguage":"pt-PT","@id":"https:\/\/iberoid-shop.com\/pt\/product\/boldenone-undecylenate-250mg\/#primaryimage","url":"https:\/\/iberoid-shop.com\/wp-content\/uploads\/2025\/05\/bolde.jpg?v=1747851405","contentUrl":"https:\/\/iberoid-shop.com\/wp-content\/uploads\/2025\/05\/bolde.jpg?v=1747851405","width":2200,"height":1540},{"@type":"BreadcrumbList","@id":"https:\/\/iberoid-shop.com\/pt\/product\/boldenone-undecylenate-250mg\/#breadcrumb","itemListElement":[{"@type":"ListItem","position":1,"name":"Portada","item":"https:\/\/iberoid.com\/"},{"@type":"ListItem","position":2,"name":"Loja","item":"https:\/\/iberoid-shop.com\/pt\/shop\/"},{"@type":"ListItem","position":3,"name":"Boldenone Undecylenate 250mg"}]},{"@type":"WebSite","@id":"https:\/\/iberoid.com\/#website","url":"https:\/\/iberoid.com\/","name":"Ester\u00f3ides Online","description":"Compre ester\u00f3ides online hoje em Espanha e Portugal. Temos o melhor servi\u00e7o ao cliente do setor e produtos da mais alta qualidade","potentialAction":[{"@type":"SearchAction","target":{"@type":"EntryPoint","urlTemplate":"https:\/\/iberoid.com\/?s={search_term_string}"},"query-input":{"@type":"PropertyValueSpecification","valueRequired":true,"valueName":"search_term_string"}}],"inLanguage":"pt-PT"}]},"product_brand":"Genetic Life Science","product_price_amount":"40.00","product_price_currency":"EUR","og_availability":"out of stock","product_availability":"out of stock","product_condition":"new"},"_links":{"self":[{"href":"https:\/\/iberoid-shop.com\/pt\/wp-json\/wp\/v2\/product\/10109","targetHints":{"allow":["GET"]}}],"collection":[{"href":"https:\/\/iberoid-shop.com\/pt\/wp-json\/wp\/v2\/product"}],"about":[{"href":"https:\/\/iberoid-shop.com\/pt\/wp-json\/wp\/v2\/types\/product"}],"replies":[{"embeddable":true,"href":"https:\/\/iberoid-shop.com\/pt\/wp-json\/wp\/v2\/comments?post=10109"}],"wp:featuredmedia":[{"embeddable":true,"href":"https:\/\/iberoid-shop.com\/pt\/wp-json\/wp\/v2\/media\/10110"}],"wp:attachment":[{"href":"https:\/\/iberoid-shop.com\/pt\/wp-json\/wp\/v2\/media?parent=10109"}],"wp:term":[{"taxonomy":"product_brand","embeddable":true,"href":"https:\/\/iberoid-shop.com\/pt\/wp-json\/wp\/v2\/product_brand?post=10109"},{"taxonomy":"product_cat","embeddable":true,"href":"https:\/\/iberoid-shop.com\/pt\/wp-json\/wp\/v2\/product_cat?post=10109"},{"taxonomy":"product_tag","embeddable":true,"href":"https:\/\/iberoid-shop.com\/pt\/wp-json\/wp\/v2\/product_tag?post=10109"}],"curies":[{"name":"wp","href":"https:\/\/api.w.org\/{rel}","templated":true}]}}