{"id":10092,"date":"2025-05-17T08:16:29","date_gmt":"2025-05-17T08:16:29","guid":{"rendered":"https:\/\/iberoid-shop.com\/?post_type=product&#038;p=10092"},"modified":"2025-11-30T09:11:18","modified_gmt":"2025-11-30T09:11:18","slug":"nac-n-acetyl-l-cysteine-60-caps","status":"publish","type":"product","link":"https:\/\/iberoid-shop.com\/pt\/product\/nac-n-acetyl-l-cysteine-60-caps\/","title":{"rendered":"NAC N-Acetyl-L-Cysteine &#8211; 60 CAPS"},"content":{"rendered":"<p><\/p>\n<h2 data-sourcepos=\"3:1-3:45\">Suplemento Alimenticio N-Acetil L-Ciste\u00edna<\/h2>\n<p data-sourcepos=\"5:1-5:435\">Este suplemento alimenticio es recomendado como <strong>detoxificante, antioxidante y mucol\u00edtico<\/strong>. La ciste\u00edna puede contribuir al mantenimiento de la salud del sistema cardiovascular, a la detoxificaci\u00f3n del organismo mediante la acci\u00f3n de uni\u00f3n y eliminaci\u00f3n de toxinas y metales pesados, a la protecci\u00f3n cerebral y hep\u00e1tica, a favorecer la fluidificaci\u00f3n del moco y a establecer la comunicaci\u00f3n entre las c\u00e9lulas del sistema inmunitario.<\/p>\n<p data-sourcepos=\"7:1-7:221\">La ciste\u00edna es un elemento importante para el metabolismo de la coenzima A, la heparina, la biotina, el \u00e1cido lipoico y el glutati\u00f3n. En el organismo, la ciste\u00edna se convierte en <strong>glutati\u00f3n<\/strong>, un importante antioxidante.<\/p>\n<p data-sourcepos=\"9:1-9:169\">La ciste\u00edna es un amino\u00e1cido no esencial, que contiene azufre y que forma parte de las u\u00f1as, el cabello y la queratina de la piel, contribuyendo as\u00ed a mantener su salud.<\/p>\n<p data-sourcepos=\"11:1-11:110\">\u00a1No contiene <strong>lactosa, gluten, soja, estearato de magnesio, edulcorantes artificiales ni aditivos qu\u00edmicos<\/strong>!<\/p>\n<hr data-sourcepos=\"13:1-13:3\" \/>\n<h3 data-sourcepos=\"15:1-15:27\">Modo de Administraci\u00f3n:<\/h3>\n<p data-sourcepos=\"16:1-16:56\"><strong>Adultos:<\/strong> 1 c\u00e1psula al d\u00eda, en ciclos de 1 a 2 meses.<\/p>\n<hr data-sourcepos=\"18:1-18:3\" \/>\n<h3 data-sourcepos=\"20:1-20:29\">Ingredientes por C\u00e1psula:<\/h3>\n<p data-sourcepos=\"21:1-21:95\">N-acetil ciste\u00edna (NAC) 300 mg, harina de arroz (agente de carga natural), c\u00e1psula de gelatina.<\/p>\n<hr data-sourcepos=\"23:1-23:3\" \/>\n<h3 data-sourcepos=\"25:1-25:38\">Precauciones y Contraindicaciones:<\/h3>\n<p data-sourcepos=\"26:1-26:220\">No recomendado para personas al\u00e9rgicas a la acetilciste\u00edna, mujeres embarazadas y en periodo de lactancia. Se recomienda precauci\u00f3n en la administraci\u00f3n a personas con asma bronquial o insuficiencia renal o respiratoria.<\/p>\n<p data-sourcepos=\"28:1-28:209\">\u00a1Los suplementos alimenticios no sustituyen una dieta variada y equilibrada ni un estilo de vida saludable! \u00a1No exceda la dosis diaria recomendada! \u00a1Mantener fuera del alcance y la vista de los ni\u00f1os peque\u00f1os!<\/p>\n<hr data-sourcepos=\"30:1-30:3\" \/>\n<h3 data-sourcepos=\"32:1-32:17\">Presentaci\u00f3n:<\/h3>\n<p data-sourcepos=\"33:1-33:11\">60 c\u00e1psulas<\/p>\n<p data-sourcepos=\"35:1-35:215\">N-Acetil L-Ciste\u00edna 60 c\u00e1psulas Zenyth (puede apoyar la detoxificaci\u00f3n del organismo) forma parte de la categor\u00eda de suplemento alimenticio del grupo <strong>amino\u00e1cidos<\/strong>, y contiene el ingrediente activo <strong>L-ciste\u00edna<\/strong>.<\/p>\n<p><\/p>","protected":false},"excerpt":{"rendered":"<p>Suplemento Alimenticio N-Acetil L-Ciste\u00edna Este suplemento alimenticio es recomendado como detoxificante, antioxidante y mucol\u00edtico. La ciste\u00edna puede contribuir al mantenimiento<\/p>\n","protected":false},"featured_media":10099,"comment_status":"open","ping_status":"closed","template":"","meta":[],"product_brand":[],"product_cat":[3517],"product_tag":[],"class_list":{"0":"post-10092","1":"product","2":"type-product","3":"status-publish","4":"has-post-thumbnail","6":"product_cat-suplementos-2","8":"first","9":"outofstock","10":"shipping-taxable","11":"purchasable","12":"product-type-simple"},"yoast_head":"<!-- This site is optimized with the Yoast SEO Premium plugin v24.4 (Yoast SEO v27.0) - https:\/\/yoast.com\/product\/yoast-seo-premium-wordpress\/ -->\n<title>NAC N-Acetyl-L-Cysteine - 60 CAPS - Ester\u00f3ides Online<\/title>\n<meta name=\"description\" content=\"A N-Acetil L-Ciste\u00edna (NAC) \u00e9 um suplemento diet\u00e9tico e poderoso antioxidante que auxilia na desintoxica\u00e7\u00e3o, suporta a sa\u00fade do f\u00edgado e do c\u00e9rebro e fortalece o sistema imunol\u00f3gico.\" \/>\n<meta name=\"robots\" content=\"index, follow, max-snippet:-1, max-image-preview:large, max-video-preview:-1\" \/>\n<link rel=\"canonical\" href=\"https:\/\/iberoid-shop.com\/pt\/product\/nac-n-acetyl-l-cysteine-60-caps\/\" \/>\n<meta property=\"og:locale\" content=\"pt_PT\" \/>\n<meta property=\"og:type\" content=\"article\" \/>\n<meta property=\"og:title\" content=\"NAC N-Acetyl-L-Cysteine - 60 CAPS\" \/>\n<meta property=\"og:description\" content=\"A N-Acetil L-Ciste\u00edna (NAC) \u00e9 um suplemento diet\u00e9tico e poderoso antioxidante que auxilia na desintoxica\u00e7\u00e3o, suporta a sa\u00fade do f\u00edgado e do c\u00e9rebro e fortalece o sistema imunol\u00f3gico.\" \/>\n<meta property=\"og:url\" content=\"https:\/\/iberoid-shop.com\/pt\/product\/nac-n-acetyl-l-cysteine-60-caps\/\" \/>\n<meta property=\"og:site_name\" content=\"Ester\u00f3ides Online\" \/>\n<meta property=\"article:modified_time\" content=\"2025-11-30T09:11:18+00:00\" \/>\n<meta property=\"og:image\" content=\"https:\/\/iberoid-shop.com\/wp-content\/uploads\/2025\/05\/nac-60-caps-1.jpg?v=1747471598\" \/>\n\t<meta property=\"og:image:width\" content=\"600\" \/>\n\t<meta property=\"og:image:height\" content=\"600\" \/>\n\t<meta property=\"og:image:type\" content=\"image\/jpeg\" \/>\n<meta name=\"twitter:card\" content=\"summary_large_image\" \/>\n<meta name=\"twitter:label1\" content=\"pre\u00e7o\" \/>\n\t<meta name=\"twitter:data1\" content=\"&euro;7.00\" \/>\n\t<meta name=\"twitter:label2\" content=\"Disponibilidade\" \/>\n\t<meta name=\"twitter:data2\" content=\"Esgotado\" \/>\n<script type=\"application\/ld+json\" class=\"yoast-schema-graph\">{\"@context\":\"https:\/\/schema.org\",\"@graph\":[{\"@type\":\"WebPage\",\"@id\":\"https:\/\/iberoid-shop.com\/pt\/product\/nac-n-acetyl-l-cysteine-60-caps\/\",\"url\":\"https:\/\/iberoid-shop.com\/pt\/product\/nac-n-acetyl-l-cysteine-60-caps\/\",\"name\":\"NAC N-Acetyl-L-Cysteine - 60 CAPS - Ester\u00f3ides Online\",\"isPartOf\":{\"@id\":\"https:\/\/iberoid-shop.com\/pt\/#website\"},\"primaryImageOfPage\":{\"@id\":\"https:\/\/iberoid-shop.com\/pt\/product\/nac-n-acetyl-l-cysteine-60-caps\/#primaryimage\"},\"image\":{\"@id\":\"https:\/\/iberoid-shop.com\/pt\/product\/nac-n-acetyl-l-cysteine-60-caps\/#primaryimage\"},\"thumbnailUrl\":\"https:\/\/iberoid-shop.com\/wp-content\/uploads\/2025\/05\/nac-60-caps-1.jpg?v=1747471598\",\"datePublished\":\"2025-05-17T08:16:29+00:00\",\"dateModified\":\"2025-11-30T09:11:18+00:00\",\"description\":\"A N-Acetil L-Ciste\u00edna (NAC) \u00e9 um suplemento diet\u00e9tico e poderoso antioxidante que auxilia na desintoxica\u00e7\u00e3o, suporta a sa\u00fade do f\u00edgado e do c\u00e9rebro e fortalece o sistema imunol\u00f3gico.\",\"breadcrumb\":{\"@id\":\"https:\/\/iberoid-shop.com\/pt\/product\/nac-n-acetyl-l-cysteine-60-caps\/#breadcrumb\"},\"inLanguage\":\"pt-PT\",\"potentialAction\":[{\"@type\":\"ReadAction\",\"target\":[[\"https:\/\/iberoid-shop.com\/pt\/product\/nac-n-acetyl-l-cysteine-60-caps\/\"]]}]},{\"@type\":\"ImageObject\",\"inLanguage\":\"pt-PT\",\"@id\":\"https:\/\/iberoid-shop.com\/pt\/product\/nac-n-acetyl-l-cysteine-60-caps\/#primaryimage\",\"url\":\"https:\/\/iberoid-shop.com\/wp-content\/uploads\/2025\/05\/nac-60-caps-1.jpg?v=1747471598\",\"contentUrl\":\"https:\/\/iberoid-shop.com\/wp-content\/uploads\/2025\/05\/nac-60-caps-1.jpg?v=1747471598\",\"width\":600,\"height\":600},{\"@type\":\"BreadcrumbList\",\"@id\":\"https:\/\/iberoid-shop.com\/pt\/product\/nac-n-acetyl-l-cysteine-60-caps\/#breadcrumb\",\"itemListElement\":[{\"@type\":\"ListItem\",\"position\":1,\"name\":\"Portada\",\"item\":\"https:\/\/iberoid-shop.com\/pt\/\"},{\"@type\":\"ListItem\",\"position\":2,\"name\":\"Loja\",\"item\":\"https:\/\/iberoid-shop.com\/pt\/shop\/\"},{\"@type\":\"ListItem\",\"position\":3,\"name\":\"NAC N-Acetyl-L-Cysteine &#8211; 60 CAPS\"}]},{\"@type\":\"WebSite\",\"@id\":\"https:\/\/iberoid-shop.com\/pt\/#website\",\"url\":\"https:\/\/iberoid-shop.com\/pt\/\",\"name\":\"Ester\u00f3ides Online\",\"description\":\"Compre ester\u00f3ides online hoje em Espanha e Portugal. Temos o melhor servi\u00e7o ao cliente do setor e produtos da mais alta qualidade\",\"potentialAction\":[{\"@type\":\"SearchAction\",\"target\":{\"@type\":\"EntryPoint\",\"urlTemplate\":\"https:\/\/iberoid-shop.com\/pt\/?s={search_term_string}\"},\"query-input\":{\"@type\":\"PropertyValueSpecification\",\"valueRequired\":true,\"valueName\":\"search_term_string\"}}],\"inLanguage\":\"pt-PT\"}]}<\/script>\n<meta property=\"product:brand\" content=\"Zenyth Pharmaceuticals\" \/>\n<meta property=\"product:price:amount\" content=\"7.00\" \/>\n<meta property=\"product:price:currency\" content=\"EUR\" \/>\n<meta property=\"og:availability\" content=\"out of stock\" \/>\n<meta property=\"product:availability\" content=\"out of stock\" \/>\n<meta property=\"product:condition\" content=\"new\" \/>\n<!-- \/ Yoast SEO Premium plugin. -->","yoast_head_json":{"title":"NAC N-Acetyl-L-Cysteine - 60 CAPS - Ester\u00f3ides Online","description":"A N-Acetil L-Ciste\u00edna (NAC) \u00e9 um suplemento diet\u00e9tico e poderoso antioxidante que auxilia na desintoxica\u00e7\u00e3o, suporta a sa\u00fade do f\u00edgado e do c\u00e9rebro e fortalece o sistema imunol\u00f3gico.","robots":{"index":"index","follow":"follow","max-snippet":"max-snippet:-1","max-image-preview":"max-image-preview:large","max-video-preview":"max-video-preview:-1"},"canonical":"https:\/\/iberoid-shop.com\/pt\/product\/nac-n-acetyl-l-cysteine-60-caps\/","og_locale":"pt_PT","og_type":"article","og_title":"NAC N-Acetyl-L-Cysteine - 60 CAPS","og_description":"A N-Acetil L-Ciste\u00edna (NAC) \u00e9 um suplemento diet\u00e9tico e poderoso antioxidante que auxilia na desintoxica\u00e7\u00e3o, suporta a sa\u00fade do f\u00edgado e do c\u00e9rebro e fortalece o sistema imunol\u00f3gico.","og_url":"https:\/\/iberoid-shop.com\/pt\/product\/nac-n-acetyl-l-cysteine-60-caps\/","og_site_name":"Ester\u00f3ides Online","article_modified_time":"2025-11-30T09:11:18+00:00","og_image":[{"width":600,"height":600,"url":"https:\/\/iberoid-shop.com\/wp-content\/uploads\/2025\/05\/nac-60-caps-1.jpg?v=1747471598","type":"image\/jpeg"}],"twitter_card":"summary_large_image","twitter_misc":{"pre\u00e7o":"&euro;7.00","Disponibilidade":"Esgotado"},"schema":{"@context":"https:\/\/schema.org","@graph":[{"@type":"WebPage","@id":"https:\/\/iberoid-shop.com\/pt\/product\/nac-n-acetyl-l-cysteine-60-caps\/","url":"https:\/\/iberoid-shop.com\/pt\/product\/nac-n-acetyl-l-cysteine-60-caps\/","name":"NAC N-Acetyl-L-Cysteine - 60 CAPS - Ester\u00f3ides Online","isPartOf":{"@id":"https:\/\/iberoid-shop.com\/pt\/#website"},"primaryImageOfPage":{"@id":"https:\/\/iberoid-shop.com\/pt\/product\/nac-n-acetyl-l-cysteine-60-caps\/#primaryimage"},"image":{"@id":"https:\/\/iberoid-shop.com\/pt\/product\/nac-n-acetyl-l-cysteine-60-caps\/#primaryimage"},"thumbnailUrl":"https:\/\/iberoid-shop.com\/wp-content\/uploads\/2025\/05\/nac-60-caps-1.jpg?v=1747471598","datePublished":"2025-05-17T08:16:29+00:00","dateModified":"2025-11-30T09:11:18+00:00","description":"A N-Acetil L-Ciste\u00edna (NAC) \u00e9 um suplemento diet\u00e9tico e poderoso antioxidante que auxilia na desintoxica\u00e7\u00e3o, suporta a sa\u00fade do f\u00edgado e do c\u00e9rebro e fortalece o sistema imunol\u00f3gico.","breadcrumb":{"@id":"https:\/\/iberoid-shop.com\/pt\/product\/nac-n-acetyl-l-cysteine-60-caps\/#breadcrumb"},"inLanguage":"pt-PT","potentialAction":[{"@type":"ReadAction","target":[["https:\/\/iberoid-shop.com\/pt\/product\/nac-n-acetyl-l-cysteine-60-caps\/"]]}]},{"@type":"ImageObject","inLanguage":"pt-PT","@id":"https:\/\/iberoid-shop.com\/pt\/product\/nac-n-acetyl-l-cysteine-60-caps\/#primaryimage","url":"https:\/\/iberoid-shop.com\/wp-content\/uploads\/2025\/05\/nac-60-caps-1.jpg?v=1747471598","contentUrl":"https:\/\/iberoid-shop.com\/wp-content\/uploads\/2025\/05\/nac-60-caps-1.jpg?v=1747471598","width":600,"height":600},{"@type":"BreadcrumbList","@id":"https:\/\/iberoid-shop.com\/pt\/product\/nac-n-acetyl-l-cysteine-60-caps\/#breadcrumb","itemListElement":[{"@type":"ListItem","position":1,"name":"Portada","item":"https:\/\/iberoid-shop.com\/pt\/"},{"@type":"ListItem","position":2,"name":"Loja","item":"https:\/\/iberoid-shop.com\/pt\/shop\/"},{"@type":"ListItem","position":3,"name":"NAC N-Acetyl-L-Cysteine &#8211; 60 CAPS"}]},{"@type":"WebSite","@id":"https:\/\/iberoid-shop.com\/pt\/#website","url":"https:\/\/iberoid-shop.com\/pt\/","name":"Ester\u00f3ides Online","description":"Compre ester\u00f3ides online hoje em Espanha e Portugal. Temos o melhor servi\u00e7o ao cliente do setor e produtos da mais alta qualidade","potentialAction":[{"@type":"SearchAction","target":{"@type":"EntryPoint","urlTemplate":"https:\/\/iberoid-shop.com\/pt\/?s={search_term_string}"},"query-input":{"@type":"PropertyValueSpecification","valueRequired":true,"valueName":"search_term_string"}}],"inLanguage":"pt-PT"}]},"product_brand":"Zenyth Pharmaceuticals","product_price_amount":"7.00","product_price_currency":"EUR","og_availability":"out of stock","product_availability":"out of stock","product_condition":"new"},"_links":{"self":[{"href":"https:\/\/iberoid-shop.com\/pt\/wp-json\/wp\/v2\/product\/10092","targetHints":{"allow":["GET"]}}],"collection":[{"href":"https:\/\/iberoid-shop.com\/pt\/wp-json\/wp\/v2\/product"}],"about":[{"href":"https:\/\/iberoid-shop.com\/pt\/wp-json\/wp\/v2\/types\/product"}],"replies":[{"embeddable":true,"href":"https:\/\/iberoid-shop.com\/pt\/wp-json\/wp\/v2\/comments?post=10092"}],"wp:featuredmedia":[{"embeddable":true,"href":"https:\/\/iberoid-shop.com\/pt\/wp-json\/wp\/v2\/media\/10099"}],"wp:attachment":[{"href":"https:\/\/iberoid-shop.com\/pt\/wp-json\/wp\/v2\/media?parent=10092"}],"wp:term":[{"taxonomy":"product_brand","embeddable":true,"href":"https:\/\/iberoid-shop.com\/pt\/wp-json\/wp\/v2\/product_brand?post=10092"},{"taxonomy":"product_cat","embeddable":true,"href":"https:\/\/iberoid-shop.com\/pt\/wp-json\/wp\/v2\/product_cat?post=10092"},{"taxonomy":"product_tag","embeddable":true,"href":"https:\/\/iberoid-shop.com\/pt\/wp-json\/wp\/v2\/product_tag?post=10092"}],"curies":[{"name":"wp","href":"https:\/\/api.w.org\/{rel}","templated":true}]}}