{"id":10089,"date":"2025-05-17T07:47:59","date_gmt":"2025-05-17T07:47:59","guid":{"rendered":"https:\/\/iberoid-shop.com\/?post_type=product&#038;p=10089"},"modified":"2026-01-11T18:08:39","modified_gmt":"2026-01-11T18:08:39","slug":"apcalis-sx-oral-jelly-20mg-gel-de-tadalafilo","status":"publish","type":"product","link":"https:\/\/iberoid-shop.com\/pt\/product\/apcalis-sx-oral-jelly-20mg-gel-de-tadalafilo\/","title":{"rendered":"Apcalis-sx Oral Jelly 20mg \u2013 Gel de Tadalafilo"},"content":{"rendered":"<p><\/p>\n<p data-sourcepos=\"1:1-1:373\">A Apcalis-SX Oral Jelly \u00e9 um substituto 100% do medicamento Cialis na forma de geleias com diversos sabores de frutas. O <strong>Tadalafil<\/strong> \u00e9 usado para tratar a disfun\u00e7\u00e3o er\u00e9til. Este medicamento garante uma <strong>ere\u00e7\u00e3o de qualidade e duradoura<\/strong> e contribui para uma <strong>regenera\u00e7\u00e3o mais r\u00e1pida<\/strong> ap\u00f3s a ejacula\u00e7\u00e3o. A subst\u00e2ncia ativa Tadalafil age por mais tempo que o Sildenafil.<\/p>\n<hr data-sourcepos=\"3:1-3:3\" \/>\n<h3 data-sourcepos=\"5:1-5:39\">Vantagens do Apcalis-SX Oral Jelly:<\/h3>\n<ul data-sourcepos=\"6:1-9:0\">\n<li data-sourcepos=\"6:1-6:175\"><strong>In\u00edcio r\u00e1pido do efeito<\/strong> \u2013 o medicamento atinge a efic\u00e1cia m\u00e1xima em at\u00e9 20 minutos ap\u00f3s a administra\u00e7\u00e3o, gra\u00e7as \u00e0 absor\u00e7\u00e3o direta na corrente sangu\u00ednea pela mucosa oral.<\/li>\n<li data-sourcepos=\"7:1-7:100\"><strong>Seguran\u00e7a<\/strong> \u2013 quando a dose recomendada \u00e9 respeitada, apresenta muito poucos efeitos colaterais.<\/li>\n<li data-sourcepos=\"8:1-9:0\"><strong>Basta espremer na boca<\/strong> \u2013 n\u00e3o \u00e9 necess\u00e1rio beber \u00e1gua.<\/li>\n<\/ul>\n<hr data-sourcepos=\"10:1-10:3\" \/>\n<h3 data-sourcepos=\"12:1-12:20\">Dose Recomendada<\/h3>\n<p data-sourcepos=\"13:1-13:376\">Recomendamos tomar um sach\u00ea de Apcalis-SX Oral Jelly antes da atividade sexual. Ele \u00e9 eficaz de 10 a 20 minutos ap\u00f3s a administra\u00e7\u00e3o. Apcalis-SX Oral Jelly \u00e9 um medicamento extremamente potente, por isso n\u00e3o \u00e9 recomendado tomar mais de um sach\u00ea em 36 horas. Apcalis-SX Oral Jelly n\u00e3o \u00e9 um afrodis\u00edaco \u2013 <strong>os efeitos do medicamento aparecem com estimula\u00e7\u00e3o sexual suficiente.<\/strong><\/p>\n<hr data-sourcepos=\"15:1-15:3\" \/>\n<h3 data-sourcepos=\"17:1-17:56\">Administra\u00e7\u00e3o do Medicamento com Outros Medicamentos<\/h3>\n<p data-sourcepos=\"18:1-18:244\">Em nenhuma circunst\u00e2ncia tome Apcalis-SX Oral Jelly junto com medicamentos que contenham doadores de \u00f3xido n\u00edtrico ou nitratos. Al\u00e9m disso, evite alimentos que contenham <strong>TORANJA<\/strong> (grapefruit) para prevenir o aparecimento de efeitos adversos.<\/p>\n<hr data-sourcepos=\"20:1-20:3\" \/>\n<h3 data-sourcepos=\"22:1-22:20\">In\u00edcio do Efeito<\/h3>\n<p data-sourcepos=\"23:1-23:302\">O in\u00edcio do efeito \u00e9 realmente muito r\u00e1pido, de 10 a 20 minutos ap\u00f3s a administra\u00e7\u00e3o. Para um efeito m\u00e1ximo desejado, recomendamos tomar as geleias <strong>2 horas ap\u00f3s uma refei\u00e7\u00e3o<\/strong>. Se administrado com alimentos ou logo ap\u00f3s uma refei\u00e7\u00e3o, o tempo de in\u00edcio do efeito pode ser consideravelmente prolongado.<\/p>\n<p data-sourcepos=\"25:1-25:289\">N\u00e3o \u00e9 recomendado beber grandes quantidades de \u00e1lcool antes do uso \u2013 isso reduz a efic\u00e1cia do medicamento e pode intensificar os efeitos colaterais. A efic\u00e1cia do medicamento tamb\u00e9m \u00e9 reduzida pelo consumo de alimentos gordurosos e pesados. Apcalis-SX Oral Jelly age por <strong>24 a 36 horas.<\/strong><\/p>\n<hr data-sourcepos=\"27:1-27:3\" \/>\n<h3 data-sourcepos=\"29:1-29:38\">N\u00e3o tome Apcalis-SX Oral Jelly se:<\/h3>\n<ul data-sourcepos=\"30:1-37:0\">\n<li data-sourcepos=\"30:1-30:28\">sofre de doen\u00e7as card\u00edacas<\/li>\n<li data-sourcepos=\"31:1-31:38\">sofre de doen\u00e7as renais ou hep\u00e1ticas<\/li>\n<li data-sourcepos=\"32:1-32:38\">sofreu um ataque card\u00edaco ou derrame<\/li>\n<li data-sourcepos=\"33:1-33:60\">tem menos de 18 ou mais de 65 anos, ou consulte seu m\u00e9dico<\/li>\n<li data-sourcepos=\"34:1-34:29\">tem m\u00e1 coagula\u00e7\u00e3o sangu\u00ednea<\/li>\n<li data-sourcepos=\"35:1-35:36\">tem press\u00e3o arterial alta ou baixa<\/li>\n<li data-sourcepos=\"36:1-37:0\">est\u00e1 tomando outro medicamento para disfun\u00e7\u00e3o er\u00e9til<\/li>\n<\/ul>\n<hr data-sourcepos=\"38:1-38:3\" \/>\n<h3 data-sourcepos=\"40:1-40:22\">Efeitos Colaterais<\/h3>\n<p data-sourcepos=\"41:1-42:71\">Como todos os medicamentos, Apcalis-SX Oral Jelly tem <strong>efeitos colaterais<\/strong>. Entre os efeitos colaterais mais comuns do Apcalis-SX Oral Jelly est\u00e3o:<\/p>\n<ul data-sourcepos=\"43:1-48:0\">\n<li data-sourcepos=\"43:1-43:17\">dores de cabe\u00e7a<\/li>\n<li data-sourcepos=\"44:1-44:14\">rubor facial<\/li>\n<li data-sourcepos=\"45:1-45:16\">nariz entupido<\/li>\n<li data-sourcepos=\"46:1-46:21\">dist\u00farbios da vis\u00e3o<\/li>\n<li data-sourcepos=\"47:1-48:0\">priapismo<\/li>\n<\/ul>\n<hr data-sourcepos=\"49:1-49:3\" \/>\n<h3 data-sourcepos=\"51:1-51:17\">Armazenamento<\/h3>\n<p data-sourcepos=\"52:1-52:235\">Guarde as geleias em sua embalagem original para proteger o medicamento da umidade. <strong>N\u00e3o guarde o medicamento ao alcance de crian\u00e7as, mantenha-o em ambiente seco, sem exposi\u00e7\u00e3o \u00e0 luz solar<\/strong> \u2013 idealmente em temperaturas de 10 a 30 \u00b0C.<\/p>\n<p><\/p>","protected":false},"excerpt":{"rendered":"<p>A Apcalis-SX Oral Jelly \u00e9 um substituto 100% do medicamento Cialis na forma de geleias com diversos sabores de frutas.<\/p>\n","protected":false},"featured_media":10090,"comment_status":"open","ping_status":"closed","template":"","meta":[],"product_brand":[],"product_cat":[73],"product_tag":[],"class_list":{"0":"post-10089","1":"product","2":"type-product","3":"status-publish","4":"has-post-thumbnail","6":"product_cat-ssteroides_orales","8":"first","9":"outofstock","10":"shipping-taxable","11":"purchasable","12":"product-type-simple"},"yoast_head":"<!-- This site is optimized with the Yoast SEO Premium plugin v24.4 (Yoast SEO v27.0) - https:\/\/yoast.com\/product\/yoast-seo-premium-wordpress\/ -->\n<title>Apcalis-sx Oral Jelly 20mg \u2013 Gel de Tadalafilo - Ester\u00f3ides Online<\/title>\n<meta name=\"description\" content=\"Apcalis-SX Oral Jelly \u00e9 um gel de tadalafila de a\u00e7\u00e3o r\u00e1pida para disfun\u00e7\u00e3o er\u00e9til, garantindo efeito prolongado e r\u00e1pida absor\u00e7\u00e3o sem \u00e1gua.\" \/>\n<meta name=\"robots\" content=\"index, follow, max-snippet:-1, max-image-preview:large, max-video-preview:-1\" \/>\n<link rel=\"canonical\" href=\"https:\/\/iberoid-shop.com\/pt\/product\/apcalis-sx-oral-jelly-20mg-gel-de-tadalafilo\/\" \/>\n<meta property=\"og:locale\" content=\"pt_PT\" \/>\n<meta property=\"og:type\" content=\"article\" \/>\n<meta property=\"og:title\" content=\"Apcalis-sx Oral Jelly 20mg \u2013 Gel de Tadalafilo\" \/>\n<meta property=\"og:description\" content=\"Apcalis-SX Oral Jelly \u00e9 um gel de tadalafila de a\u00e7\u00e3o r\u00e1pida para disfun\u00e7\u00e3o er\u00e9til, garantindo efeito prolongado e r\u00e1pida absor\u00e7\u00e3o sem \u00e1gua.\" \/>\n<meta property=\"og:url\" content=\"https:\/\/iberoid-shop.com\/pt\/product\/apcalis-sx-oral-jelly-20mg-gel-de-tadalafilo\/\" \/>\n<meta property=\"og:site_name\" content=\"Ester\u00f3ides Online\" \/>\n<meta property=\"article:modified_time\" content=\"2026-01-11T18:08:39+00:00\" \/>\n<meta property=\"og:image\" content=\"https:\/\/iberoid-shop.com\/wp-content\/uploads\/2025\/05\/apocalis.webp\" \/>\n\t<meta property=\"og:image:width\" content=\"685\" \/>\n\t<meta property=\"og:image:height\" content=\"685\" \/>\n\t<meta property=\"og:image:type\" content=\"image\/webp\" \/>\n<meta name=\"twitter:card\" content=\"summary_large_image\" \/>\n<meta name=\"twitter:label1\" content=\"pre\u00e7o\" \/>\n\t<meta name=\"twitter:data1\" content=\"&euro;10.00\" \/>\n\t<meta name=\"twitter:label2\" content=\"Disponibilidade\" \/>\n\t<meta name=\"twitter:data2\" content=\"Esgotado\" \/>\n<script type=\"application\/ld+json\" class=\"yoast-schema-graph\">{\"@context\":\"https:\/\/schema.org\",\"@graph\":[{\"@type\":\"WebPage\",\"@id\":\"https:\/\/iberoid-shop.com\/pt\/product\/apcalis-sx-oral-jelly-20mg-gel-de-tadalafilo\/\",\"url\":\"https:\/\/iberoid-shop.com\/pt\/product\/apcalis-sx-oral-jelly-20mg-gel-de-tadalafilo\/\",\"name\":\"Apcalis-sx Oral Jelly 20mg \u2013 Gel de Tadalafilo - Ester\u00f3ides Online\",\"isPartOf\":{\"@id\":\"https:\/\/iberoid-shop.com\/pt\/#website\"},\"primaryImageOfPage\":{\"@id\":\"https:\/\/iberoid-shop.com\/pt\/product\/apcalis-sx-oral-jelly-20mg-gel-de-tadalafilo\/#primaryimage\"},\"image\":{\"@id\":\"https:\/\/iberoid-shop.com\/pt\/product\/apcalis-sx-oral-jelly-20mg-gel-de-tadalafilo\/#primaryimage\"},\"thumbnailUrl\":\"https:\/\/iberoid-shop.com\/wp-content\/uploads\/2025\/05\/apocalis.webp\",\"datePublished\":\"2025-05-17T07:47:59+00:00\",\"dateModified\":\"2026-01-11T18:08:39+00:00\",\"description\":\"Apcalis-SX Oral Jelly \u00e9 um gel de tadalafila de a\u00e7\u00e3o r\u00e1pida para disfun\u00e7\u00e3o er\u00e9til, garantindo efeito prolongado e r\u00e1pida absor\u00e7\u00e3o sem \u00e1gua.\",\"breadcrumb\":{\"@id\":\"https:\/\/iberoid-shop.com\/pt\/product\/apcalis-sx-oral-jelly-20mg-gel-de-tadalafilo\/#breadcrumb\"},\"inLanguage\":\"pt-PT\",\"potentialAction\":[{\"@type\":\"ReadAction\",\"target\":[[\"https:\/\/iberoid-shop.com\/pt\/product\/apcalis-sx-oral-jelly-20mg-gel-de-tadalafilo\/\"]]}]},{\"@type\":\"ImageObject\",\"inLanguage\":\"pt-PT\",\"@id\":\"https:\/\/iberoid-shop.com\/pt\/product\/apcalis-sx-oral-jelly-20mg-gel-de-tadalafilo\/#primaryimage\",\"url\":\"https:\/\/iberoid-shop.com\/wp-content\/uploads\/2025\/05\/apocalis.webp\",\"contentUrl\":\"https:\/\/iberoid-shop.com\/wp-content\/uploads\/2025\/05\/apocalis.webp\",\"width\":685,\"height\":685},{\"@type\":\"BreadcrumbList\",\"@id\":\"https:\/\/iberoid-shop.com\/pt\/product\/apcalis-sx-oral-jelly-20mg-gel-de-tadalafilo\/#breadcrumb\",\"itemListElement\":[{\"@type\":\"ListItem\",\"position\":1,\"name\":\"Portada\",\"item\":\"https:\/\/iberoid-shop.com\/pt\/\"},{\"@type\":\"ListItem\",\"position\":2,\"name\":\"Loja\",\"item\":\"https:\/\/iberoid-shop.com\/pt\/shop\/\"},{\"@type\":\"ListItem\",\"position\":3,\"name\":\"Apcalis-sx Oral Jelly 20mg \u2013 Gel de Tadalafilo\"}]},{\"@type\":\"WebSite\",\"@id\":\"https:\/\/iberoid-shop.com\/pt\/#website\",\"url\":\"https:\/\/iberoid-shop.com\/pt\/\",\"name\":\"Ester\u00f3ides Online\",\"description\":\"Compre ester\u00f3ides online hoje em Espanha e Portugal. Temos o melhor servi\u00e7o ao cliente do setor e produtos da mais alta qualidade\",\"potentialAction\":[{\"@type\":\"SearchAction\",\"target\":{\"@type\":\"EntryPoint\",\"urlTemplate\":\"https:\/\/iberoid-shop.com\/pt\/?s={search_term_string}\"},\"query-input\":{\"@type\":\"PropertyValueSpecification\",\"valueRequired\":true,\"valueName\":\"search_term_string\"}}],\"inLanguage\":\"pt-PT\"}]}<\/script>\n<meta property=\"product:brand\" content=\"Ajanta Pharma\" \/>\n<meta property=\"product:price:amount\" content=\"10.00\" \/>\n<meta property=\"product:price:currency\" content=\"EUR\" \/>\n<meta property=\"og:availability\" content=\"out of stock\" \/>\n<meta property=\"product:availability\" content=\"out of stock\" \/>\n<meta property=\"product:condition\" content=\"new\" \/>\n<!-- \/ Yoast SEO Premium plugin. -->","yoast_head_json":{"title":"Apcalis-sx Oral Jelly 20mg \u2013 Gel de Tadalafilo - Ester\u00f3ides Online","description":"Apcalis-SX Oral Jelly \u00e9 um gel de tadalafila de a\u00e7\u00e3o r\u00e1pida para disfun\u00e7\u00e3o er\u00e9til, garantindo efeito prolongado e r\u00e1pida absor\u00e7\u00e3o sem \u00e1gua.","robots":{"index":"index","follow":"follow","max-snippet":"max-snippet:-1","max-image-preview":"max-image-preview:large","max-video-preview":"max-video-preview:-1"},"canonical":"https:\/\/iberoid-shop.com\/pt\/product\/apcalis-sx-oral-jelly-20mg-gel-de-tadalafilo\/","og_locale":"pt_PT","og_type":"article","og_title":"Apcalis-sx Oral Jelly 20mg \u2013 Gel de Tadalafilo","og_description":"Apcalis-SX Oral Jelly \u00e9 um gel de tadalafila de a\u00e7\u00e3o r\u00e1pida para disfun\u00e7\u00e3o er\u00e9til, garantindo efeito prolongado e r\u00e1pida absor\u00e7\u00e3o sem \u00e1gua.","og_url":"https:\/\/iberoid-shop.com\/pt\/product\/apcalis-sx-oral-jelly-20mg-gel-de-tadalafilo\/","og_site_name":"Ester\u00f3ides Online","article_modified_time":"2026-01-11T18:08:39+00:00","og_image":[{"width":685,"height":685,"url":"https:\/\/iberoid-shop.com\/wp-content\/uploads\/2025\/05\/apocalis.webp","type":"image\/webp"}],"twitter_card":"summary_large_image","twitter_misc":{"pre\u00e7o":"&euro;10.00","Disponibilidade":"Esgotado"},"schema":{"@context":"https:\/\/schema.org","@graph":[{"@type":"WebPage","@id":"https:\/\/iberoid-shop.com\/pt\/product\/apcalis-sx-oral-jelly-20mg-gel-de-tadalafilo\/","url":"https:\/\/iberoid-shop.com\/pt\/product\/apcalis-sx-oral-jelly-20mg-gel-de-tadalafilo\/","name":"Apcalis-sx Oral Jelly 20mg \u2013 Gel de Tadalafilo - Ester\u00f3ides Online","isPartOf":{"@id":"https:\/\/iberoid-shop.com\/pt\/#website"},"primaryImageOfPage":{"@id":"https:\/\/iberoid-shop.com\/pt\/product\/apcalis-sx-oral-jelly-20mg-gel-de-tadalafilo\/#primaryimage"},"image":{"@id":"https:\/\/iberoid-shop.com\/pt\/product\/apcalis-sx-oral-jelly-20mg-gel-de-tadalafilo\/#primaryimage"},"thumbnailUrl":"https:\/\/iberoid-shop.com\/wp-content\/uploads\/2025\/05\/apocalis.webp","datePublished":"2025-05-17T07:47:59+00:00","dateModified":"2026-01-11T18:08:39+00:00","description":"Apcalis-SX Oral Jelly \u00e9 um gel de tadalafila de a\u00e7\u00e3o r\u00e1pida para disfun\u00e7\u00e3o er\u00e9til, garantindo efeito prolongado e r\u00e1pida absor\u00e7\u00e3o sem \u00e1gua.","breadcrumb":{"@id":"https:\/\/iberoid-shop.com\/pt\/product\/apcalis-sx-oral-jelly-20mg-gel-de-tadalafilo\/#breadcrumb"},"inLanguage":"pt-PT","potentialAction":[{"@type":"ReadAction","target":[["https:\/\/iberoid-shop.com\/pt\/product\/apcalis-sx-oral-jelly-20mg-gel-de-tadalafilo\/"]]}]},{"@type":"ImageObject","inLanguage":"pt-PT","@id":"https:\/\/iberoid-shop.com\/pt\/product\/apcalis-sx-oral-jelly-20mg-gel-de-tadalafilo\/#primaryimage","url":"https:\/\/iberoid-shop.com\/wp-content\/uploads\/2025\/05\/apocalis.webp","contentUrl":"https:\/\/iberoid-shop.com\/wp-content\/uploads\/2025\/05\/apocalis.webp","width":685,"height":685},{"@type":"BreadcrumbList","@id":"https:\/\/iberoid-shop.com\/pt\/product\/apcalis-sx-oral-jelly-20mg-gel-de-tadalafilo\/#breadcrumb","itemListElement":[{"@type":"ListItem","position":1,"name":"Portada","item":"https:\/\/iberoid-shop.com\/pt\/"},{"@type":"ListItem","position":2,"name":"Loja","item":"https:\/\/iberoid-shop.com\/pt\/shop\/"},{"@type":"ListItem","position":3,"name":"Apcalis-sx Oral Jelly 20mg \u2013 Gel de Tadalafilo"}]},{"@type":"WebSite","@id":"https:\/\/iberoid-shop.com\/pt\/#website","url":"https:\/\/iberoid-shop.com\/pt\/","name":"Ester\u00f3ides Online","description":"Compre ester\u00f3ides online hoje em Espanha e Portugal. Temos o melhor servi\u00e7o ao cliente do setor e produtos da mais alta qualidade","potentialAction":[{"@type":"SearchAction","target":{"@type":"EntryPoint","urlTemplate":"https:\/\/iberoid-shop.com\/pt\/?s={search_term_string}"},"query-input":{"@type":"PropertyValueSpecification","valueRequired":true,"valueName":"search_term_string"}}],"inLanguage":"pt-PT"}]},"product_brand":"Ajanta Pharma","product_price_amount":"10.00","product_price_currency":"EUR","og_availability":"out of stock","product_availability":"out of stock","product_condition":"new"},"_links":{"self":[{"href":"https:\/\/iberoid-shop.com\/pt\/wp-json\/wp\/v2\/product\/10089","targetHints":{"allow":["GET"]}}],"collection":[{"href":"https:\/\/iberoid-shop.com\/pt\/wp-json\/wp\/v2\/product"}],"about":[{"href":"https:\/\/iberoid-shop.com\/pt\/wp-json\/wp\/v2\/types\/product"}],"replies":[{"embeddable":true,"href":"https:\/\/iberoid-shop.com\/pt\/wp-json\/wp\/v2\/comments?post=10089"}],"wp:featuredmedia":[{"embeddable":true,"href":"https:\/\/iberoid-shop.com\/pt\/wp-json\/wp\/v2\/media\/10090"}],"wp:attachment":[{"href":"https:\/\/iberoid-shop.com\/pt\/wp-json\/wp\/v2\/media?parent=10089"}],"wp:term":[{"taxonomy":"product_brand","embeddable":true,"href":"https:\/\/iberoid-shop.com\/pt\/wp-json\/wp\/v2\/product_brand?post=10089"},{"taxonomy":"product_cat","embeddable":true,"href":"https:\/\/iberoid-shop.com\/pt\/wp-json\/wp\/v2\/product_cat?post=10089"},{"taxonomy":"product_tag","embeddable":true,"href":"https:\/\/iberoid-shop.com\/pt\/wp-json\/wp\/v2\/product_tag?post=10089"}],"curies":[{"name":"wp","href":"https:\/\/api.w.org\/{rel}","templated":true}]}}