{"id":10042,"date":"2025-04-27T07:51:18","date_gmt":"2025-04-27T07:51:18","guid":{"rendered":"https:\/\/iberoid-shop.com\/?post_type=product&#038;p=10042"},"modified":"2026-02-11T10:41:53","modified_gmt":"2026-02-11T10:41:53","slug":"d-boll-dianabol-methandienone","status":"publish","type":"product","link":"https:\/\/iberoid-shop.com\/pt\/product\/d-boll-dianabol-methandienone\/","title":{"rendered":"D-BOLL &#8211; DIANABOL \/ METHANDIENONE"},"content":{"rendered":"<p><\/p>\n<p class=\"\" data-start=\"0\" data-end=\"483\">D-BOLL (metandrostenolona, metandienona) tem sido um dos esteroides anab\u00f3licos mais importantes no fisiculturismo desde sua introdu\u00e7\u00e3o em 1958. Alguns efeitos que vale a pena mencionar desse esteroide s\u00e3o que ele ajuda a construir m\u00fasculo rapidamente e age como um suplemento para perda de peso. Tamb\u00e9m conhecido como &#8220;Dbol&#8221;, este composto oral \u00e9 mais eficaz quando usado em ciclos de esteroides em combina\u00e7\u00e3o com esteroides injet\u00e1veis, mas tamb\u00e9m pode ser \u00fatil quando usado sozinho.<\/p>\n<h3 class=\"\" data-start=\"485\" data-end=\"536\"><strong data-start=\"489\" data-end=\"536\">Combinando D-BOLL com Esteroides Injet\u00e1veis<\/strong><\/h3>\n<p class=\"\" data-start=\"538\" data-end=\"1340\">O efeito da maioria dos esteroides anab\u00f3licos injet\u00e1veis \u00e9 significativamente aprimorado pela adi\u00e7\u00e3o de D-BOLL, que ajuda a construir m\u00fasculo rapidamente. A melhoria \u00e9 maior do que simplesmente aumentar a quantidade de esteroide injet\u00e1vel na mesma propor\u00e7\u00e3o. Um exemplo cl\u00e1ssico e dram\u00e1tico \u00e9 a trenbolona. Embora a quantidade total de esteroide utilizada seja a mesma nos tr\u00eas casos, 50 mg\/dia de acetato de trenbolona combinado com 50 mg\/dia de D-BOLL proporciona um ciclo de esteroides muito mais eficaz do que 100 mg\/dia de acetato de trenbolona sozinho ou 100 mg\/dia de Dbol sozinho. O perfil de efeitos colaterais tamb\u00e9m \u00e9 superior. Em outras palavras, os compostos atuam sinergicamente: o todo \u00e9 maior do que a soma das partes. Isso provavelmente ocorre devido aos diferentes mecanismos de a\u00e7\u00e3o.<\/p>\n<h3 class=\"\" data-start=\"1342\" data-end=\"1384\"><strong data-start=\"1346\" data-end=\"1384\">Combinando D-BOLL com Testosterona<\/strong><\/h3>\n<p class=\"\" data-start=\"1386\" data-end=\"1987\">Todos os esteroides injet\u00e1veis combinam bem com D-BOLL, com a exce\u00e7\u00e3o parcial de que, em doses mais altas de testosterona, D-BOLL torna-se menos \u00fatil e eventualmente completamente desnecess\u00e1rio. Como exemplos, com 500 mg\/semana de testosterona, pode-se esperar uma grande melhoria em um ciclo de esteroides ao adicionar D-BOLL, mas com 1000 mg\/semana, apenas uma melhoria moderada \u00e9 prov\u00e1vel. Com 2000 mg\/semana, \u00e9 poss\u00edvel que n\u00e3o haja aumento adicional na efici\u00eancia, exceto para indiv\u00edduos que j\u00e1 atingiram um plat\u00f4 com essa quantidade de testosterona sozinho. Para a maioria, isso n\u00e3o ser\u00e1 o caso.<\/p>\n<h3 class=\"\" data-start=\"1989\" data-end=\"2022\"><strong data-start=\"1993\" data-end=\"2022\">Recomenda\u00e7\u00f5es para D-BOLL<\/strong><\/h3>\n<p class=\"\" data-start=\"2024\" data-end=\"2429\">A faixa de dosagem para D-BOLL \u00e9 tipicamente de 20-50 mg\/dia. Ao contr\u00e1rio da maioria dos esteroides injet\u00e1veis, n\u00e3o h\u00e1 um benef\u00edcio adicional significativo ao ultrapassar essa quantidade em miligramas. Se for necess\u00e1rio um efeito maior, a resposta \u00e9 adicionar outro esteroide anab\u00f3lico. Minha prefer\u00eancia \u00e9 que a dosagem seja feita de 3 a 5 vezes ao dia, mas alguns preferem us\u00e1-lo apenas uma vez ao dia.<\/p>\n<p class=\"\" data-start=\"2431\" data-end=\"2533\">Normalmente, esse uso \u00e9 combinado com cerca de 500-1000 mg\/semana de esteroides anab\u00f3licos injet\u00e1veis.<\/p>\n<p class=\"\" data-start=\"2535\" data-end=\"2678\">Como em qualquer ciclo de esteroides anab\u00f3licos, D-BOLL deve ser seguido com PCT (terapia p\u00f3s-ciclo) utilizando Clomid, Nolvadex ou toremifeno.<\/p>\n<p><\/p>","protected":false},"excerpt":{"rendered":"<p>D-BOLL (metandrostenolona, metandienona) tem sido um dos esteroides anab\u00f3licos mais importantes no fisiculturismo desde sua introdu\u00e7\u00e3o em 1958. Alguns efeitos<\/p>\n","protected":false},"featured_media":10043,"comment_status":"open","ping_status":"closed","template":"","meta":[],"product_brand":[],"product_cat":[73],"product_tag":[],"class_list":{"0":"post-10042","1":"product","2":"type-product","3":"status-publish","4":"has-post-thumbnail","6":"product_cat-ssteroides_orales","8":"first","9":"instock","10":"sale","11":"shipping-taxable","12":"purchasable","13":"product-type-simple"},"yoast_head":"<!-- This site is optimized with the Yoast SEO Premium plugin v24.4 (Yoast SEO v27.0) - https:\/\/yoast.com\/product\/yoast-seo-premium-wordpress\/ -->\n<title>D-BOLL - DIANABOL \/ METHANDIENONE - Ester\u00f3ides Online<\/title>\n<meta name=\"description\" content=\"D-BOLL (Metandrostenolona) \u00e9 um esteroide anab\u00f3lico oral que ajuda a construir m\u00fasculo e \u00e9 melhor combinado com injet\u00e1veis para um efeito sin\u00e9rgico.\" \/>\n<meta name=\"robots\" content=\"index, follow, max-snippet:-1, max-image-preview:large, max-video-preview:-1\" \/>\n<link rel=\"canonical\" href=\"https:\/\/iberoid-shop.com\/pt\/product\/d-boll-dianabol-methandienone\/\" \/>\n<meta property=\"og:locale\" content=\"pt_PT\" \/>\n<meta property=\"og:type\" content=\"article\" \/>\n<meta property=\"og:title\" content=\"D-BOLL - DIANABOL \/ METHANDIENONE\" \/>\n<meta property=\"og:description\" content=\"D-BOLL (Metandrostenolona) \u00e9 um esteroide anab\u00f3lico oral que ajuda a construir m\u00fasculo e \u00e9 melhor combinado com injet\u00e1veis para um efeito sin\u00e9rgico.\" \/>\n<meta property=\"og:url\" content=\"https:\/\/iberoid-shop.com\/pt\/product\/d-boll-dianabol-methandienone\/\" \/>\n<meta property=\"og:site_name\" content=\"Ester\u00f3ides Online\" \/>\n<meta property=\"article:modified_time\" content=\"2026-02-11T10:41:53+00:00\" \/>\n<meta property=\"og:image\" content=\"https:\/\/iberoid-shop.com\/wp-content\/uploads\/2025\/04\/1dbol-scaled.jpeg?v=1745740222\" \/>\n\t<meta property=\"og:image:width\" content=\"1697\" \/>\n\t<meta property=\"og:image:height\" content=\"2560\" \/>\n\t<meta property=\"og:image:type\" content=\"image\/jpeg\" \/>\n<meta name=\"twitter:card\" content=\"summary_large_image\" \/>\n<meta name=\"twitter:label1\" content=\"pre\u00e7o\" \/>\n\t<meta name=\"twitter:data1\" content=\"&euro;17.00\" \/>\n\t<meta name=\"twitter:label2\" content=\"Disponibilidade\" \/>\n\t<meta name=\"twitter:data2\" content=\"Em stock\" \/>\n<script type=\"application\/ld+json\" class=\"yoast-schema-graph\">{\"@context\":\"https:\/\/schema.org\",\"@graph\":[{\"@type\":\"WebPage\",\"@id\":\"https:\/\/iberoid-shop.com\/pt\/product\/d-boll-dianabol-methandienone\/\",\"url\":\"https:\/\/iberoid-shop.com\/pt\/product\/d-boll-dianabol-methandienone\/\",\"name\":\"D-BOLL - DIANABOL \/ METHANDIENONE - Ester\u00f3ides Online\",\"isPartOf\":{\"@id\":\"https:\/\/iberoid-shop.com\/pt\/#website\"},\"primaryImageOfPage\":{\"@id\":\"https:\/\/iberoid-shop.com\/pt\/product\/d-boll-dianabol-methandienone\/#primaryimage\"},\"image\":{\"@id\":\"https:\/\/iberoid-shop.com\/pt\/product\/d-boll-dianabol-methandienone\/#primaryimage\"},\"thumbnailUrl\":\"https:\/\/iberoid-shop.com\/wp-content\/uploads\/2025\/04\/1dbol-scaled.jpeg?v=1745740222\",\"datePublished\":\"2025-04-27T07:51:18+00:00\",\"dateModified\":\"2026-02-11T10:41:53+00:00\",\"description\":\"D-BOLL (Metandrostenolona) \u00e9 um esteroide anab\u00f3lico oral que ajuda a construir m\u00fasculo e \u00e9 melhor combinado com injet\u00e1veis para um efeito sin\u00e9rgico.\",\"breadcrumb\":{\"@id\":\"https:\/\/iberoid-shop.com\/pt\/product\/d-boll-dianabol-methandienone\/#breadcrumb\"},\"inLanguage\":\"pt-PT\",\"potentialAction\":[{\"@type\":\"ReadAction\",\"target\":[[\"https:\/\/iberoid-shop.com\/pt\/product\/d-boll-dianabol-methandienone\/\"]]}]},{\"@type\":\"ImageObject\",\"inLanguage\":\"pt-PT\",\"@id\":\"https:\/\/iberoid-shop.com\/pt\/product\/d-boll-dianabol-methandienone\/#primaryimage\",\"url\":\"https:\/\/iberoid-shop.com\/wp-content\/uploads\/2025\/04\/1dbol-scaled.jpeg?v=1745740222\",\"contentUrl\":\"https:\/\/iberoid-shop.com\/wp-content\/uploads\/2025\/04\/1dbol-scaled.jpeg?v=1745740222\",\"width\":1697,\"height\":2560},{\"@type\":\"BreadcrumbList\",\"@id\":\"https:\/\/iberoid-shop.com\/pt\/product\/d-boll-dianabol-methandienone\/#breadcrumb\",\"itemListElement\":[{\"@type\":\"ListItem\",\"position\":1,\"name\":\"Portada\",\"item\":\"https:\/\/iberoid-shop.com\/pt\/\"},{\"@type\":\"ListItem\",\"position\":2,\"name\":\"Loja\",\"item\":\"https:\/\/iberoid-shop.com\/pt\/shop\/\"},{\"@type\":\"ListItem\",\"position\":3,\"name\":\"D-BOLL &#8211; DIANABOL \/ METHANDIENONE\"}]},{\"@type\":\"WebSite\",\"@id\":\"https:\/\/iberoid-shop.com\/pt\/#website\",\"url\":\"https:\/\/iberoid-shop.com\/pt\/\",\"name\":\"Ester\u00f3ides Online\",\"description\":\"Compre ester\u00f3ides online hoje em Espanha e Portugal. Temos o melhor servi\u00e7o ao cliente do setor e produtos da mais alta qualidade\",\"potentialAction\":[{\"@type\":\"SearchAction\",\"target\":{\"@type\":\"EntryPoint\",\"urlTemplate\":\"https:\/\/iberoid-shop.com\/pt\/?s={search_term_string}\"},\"query-input\":{\"@type\":\"PropertyValueSpecification\",\"valueRequired\":true,\"valueName\":\"search_term_string\"}}],\"inLanguage\":\"pt-PT\"}]}<\/script>\n<meta property=\"product:brand\" content=\"Mp-Pharm\" \/>\n<meta property=\"product:price:amount\" content=\"17.00\" \/>\n<meta property=\"product:price:currency\" content=\"EUR\" \/>\n<meta property=\"og:availability\" content=\"instock\" \/>\n<meta property=\"product:availability\" content=\"instock\" \/>\n<meta property=\"product:condition\" content=\"new\" \/>\n<!-- \/ Yoast SEO Premium plugin. -->","yoast_head_json":{"title":"D-BOLL - DIANABOL \/ METHANDIENONE - Ester\u00f3ides Online","description":"D-BOLL (Metandrostenolona) \u00e9 um esteroide anab\u00f3lico oral que ajuda a construir m\u00fasculo e \u00e9 melhor combinado com injet\u00e1veis para um efeito sin\u00e9rgico.","robots":{"index":"index","follow":"follow","max-snippet":"max-snippet:-1","max-image-preview":"max-image-preview:large","max-video-preview":"max-video-preview:-1"},"canonical":"https:\/\/iberoid-shop.com\/pt\/product\/d-boll-dianabol-methandienone\/","og_locale":"pt_PT","og_type":"article","og_title":"D-BOLL - DIANABOL \/ METHANDIENONE","og_description":"D-BOLL (Metandrostenolona) \u00e9 um esteroide anab\u00f3lico oral que ajuda a construir m\u00fasculo e \u00e9 melhor combinado com injet\u00e1veis para um efeito sin\u00e9rgico.","og_url":"https:\/\/iberoid-shop.com\/pt\/product\/d-boll-dianabol-methandienone\/","og_site_name":"Ester\u00f3ides Online","article_modified_time":"2026-02-11T10:41:53+00:00","og_image":[{"width":1697,"height":2560,"url":"https:\/\/iberoid-shop.com\/wp-content\/uploads\/2025\/04\/1dbol-scaled.jpeg?v=1745740222","type":"image\/jpeg"}],"twitter_card":"summary_large_image","twitter_misc":{"pre\u00e7o":"&euro;17.00","Disponibilidade":"Em stock"},"schema":{"@context":"https:\/\/schema.org","@graph":[{"@type":"WebPage","@id":"https:\/\/iberoid-shop.com\/pt\/product\/d-boll-dianabol-methandienone\/","url":"https:\/\/iberoid-shop.com\/pt\/product\/d-boll-dianabol-methandienone\/","name":"D-BOLL - DIANABOL \/ METHANDIENONE - Ester\u00f3ides Online","isPartOf":{"@id":"https:\/\/iberoid-shop.com\/pt\/#website"},"primaryImageOfPage":{"@id":"https:\/\/iberoid-shop.com\/pt\/product\/d-boll-dianabol-methandienone\/#primaryimage"},"image":{"@id":"https:\/\/iberoid-shop.com\/pt\/product\/d-boll-dianabol-methandienone\/#primaryimage"},"thumbnailUrl":"https:\/\/iberoid-shop.com\/wp-content\/uploads\/2025\/04\/1dbol-scaled.jpeg?v=1745740222","datePublished":"2025-04-27T07:51:18+00:00","dateModified":"2026-02-11T10:41:53+00:00","description":"D-BOLL (Metandrostenolona) \u00e9 um esteroide anab\u00f3lico oral que ajuda a construir m\u00fasculo e \u00e9 melhor combinado com injet\u00e1veis para um efeito sin\u00e9rgico.","breadcrumb":{"@id":"https:\/\/iberoid-shop.com\/pt\/product\/d-boll-dianabol-methandienone\/#breadcrumb"},"inLanguage":"pt-PT","potentialAction":[{"@type":"ReadAction","target":[["https:\/\/iberoid-shop.com\/pt\/product\/d-boll-dianabol-methandienone\/"]]}]},{"@type":"ImageObject","inLanguage":"pt-PT","@id":"https:\/\/iberoid-shop.com\/pt\/product\/d-boll-dianabol-methandienone\/#primaryimage","url":"https:\/\/iberoid-shop.com\/wp-content\/uploads\/2025\/04\/1dbol-scaled.jpeg?v=1745740222","contentUrl":"https:\/\/iberoid-shop.com\/wp-content\/uploads\/2025\/04\/1dbol-scaled.jpeg?v=1745740222","width":1697,"height":2560},{"@type":"BreadcrumbList","@id":"https:\/\/iberoid-shop.com\/pt\/product\/d-boll-dianabol-methandienone\/#breadcrumb","itemListElement":[{"@type":"ListItem","position":1,"name":"Portada","item":"https:\/\/iberoid-shop.com\/pt\/"},{"@type":"ListItem","position":2,"name":"Loja","item":"https:\/\/iberoid-shop.com\/pt\/shop\/"},{"@type":"ListItem","position":3,"name":"D-BOLL &#8211; DIANABOL \/ METHANDIENONE"}]},{"@type":"WebSite","@id":"https:\/\/iberoid-shop.com\/pt\/#website","url":"https:\/\/iberoid-shop.com\/pt\/","name":"Ester\u00f3ides Online","description":"Compre ester\u00f3ides online hoje em Espanha e Portugal. Temos o melhor servi\u00e7o ao cliente do setor e produtos da mais alta qualidade","potentialAction":[{"@type":"SearchAction","target":{"@type":"EntryPoint","urlTemplate":"https:\/\/iberoid-shop.com\/pt\/?s={search_term_string}"},"query-input":{"@type":"PropertyValueSpecification","valueRequired":true,"valueName":"search_term_string"}}],"inLanguage":"pt-PT"}]},"product_brand":"Mp-Pharm","product_price_amount":"17.00","product_price_currency":"EUR","og_availability":"instock","product_availability":"instock","product_condition":"new"},"_links":{"self":[{"href":"https:\/\/iberoid-shop.com\/pt\/wp-json\/wp\/v2\/product\/10042","targetHints":{"allow":["GET"]}}],"collection":[{"href":"https:\/\/iberoid-shop.com\/pt\/wp-json\/wp\/v2\/product"}],"about":[{"href":"https:\/\/iberoid-shop.com\/pt\/wp-json\/wp\/v2\/types\/product"}],"replies":[{"embeddable":true,"href":"https:\/\/iberoid-shop.com\/pt\/wp-json\/wp\/v2\/comments?post=10042"}],"wp:featuredmedia":[{"embeddable":true,"href":"https:\/\/iberoid-shop.com\/pt\/wp-json\/wp\/v2\/media\/10043"}],"wp:attachment":[{"href":"https:\/\/iberoid-shop.com\/pt\/wp-json\/wp\/v2\/media?parent=10042"}],"wp:term":[{"taxonomy":"product_brand","embeddable":true,"href":"https:\/\/iberoid-shop.com\/pt\/wp-json\/wp\/v2\/product_brand?post=10042"},{"taxonomy":"product_cat","embeddable":true,"href":"https:\/\/iberoid-shop.com\/pt\/wp-json\/wp\/v2\/product_cat?post=10042"},{"taxonomy":"product_tag","embeddable":true,"href":"https:\/\/iberoid-shop.com\/pt\/wp-json\/wp\/v2\/product_tag?post=10042"}],"curies":[{"name":"wp","href":"https:\/\/api.w.org\/{rel}","templated":true}]}}