{"id":10040,"date":"2025-04-26T08:08:51","date_gmt":"2025-04-26T08:08:51","guid":{"rendered":"https:\/\/iberoid-shop.com\/?post_type=product&#038;p=10040"},"modified":"2026-04-14T16:24:13","modified_gmt":"2026-04-14T16:24:13","slug":"anavar-anvarged-epf-premium","status":"publish","type":"product","link":"https:\/\/iberoid-shop.com\/pt\/product\/anavar-anvarged-epf-premium\/","title":{"rendered":"ANVARGED &#8211; ANAVAR (Oxandrolone)"},"content":{"rendered":"<p><\/p>\n<p class=\"\" data-start=\"0\" data-end=\"25\"><strong data-start=\"0\" data-end=\"25\">Conte\u00fado da Embalagem<\/strong><\/p>\n<p class=\"\" data-start=\"27\" data-end=\"65\">100 comprimidos de 10mg de Oxandrolona<\/p>\n<p class=\"\" data-start=\"67\" data-end=\"159\"><strong data-start=\"67\" data-end=\"159\">M\u00fasculos Altamente Definidos com uma Resist\u00eancia e For\u00e7a Impressionantes com Oxandrolona<\/strong><\/p>\n<p class=\"\" data-start=\"161\" data-end=\"819\">ANVARGED \u00e9 uma oxandrolona, um esteroide anab\u00f3lico sint\u00e9tico que imita o principal horm\u00f4nio masculino, a testosterona, para estimular uma s\u00edntese massiva de prote\u00ednas, essencial para o crescimento muscular. Quando a oxandrolona se liga ao receptor androg\u00eanico nas c\u00e9lulas musculares, ela ativa vias que levam ao aumento da s\u00edntese de prote\u00ednas, redu\u00e7\u00e3o da quebra de prote\u00ednas e maior reten\u00e7\u00e3o de nitrog\u00eanio, resultando em maior crescimento de m\u00fasculo magro. A oxandrolona n\u00e3o se converte em estrog\u00eanio, o que torna ANVAR um dos esteroides anab\u00f3licos mais seguros, ajudando a evitar reten\u00e7\u00e3o de \u00e1gua e ganho de gordura, promovendo m\u00fasculos magros e definidos.<\/p>\n<p class=\"\" data-start=\"821\" data-end=\"850\"><strong data-start=\"821\" data-end=\"850\">Como o ANVARGED Funciona:<\/strong><\/p>\n<p class=\"\" data-start=\"852\" data-end=\"1305\"><strong data-start=\"852\" data-end=\"911\">Alta Atividade Anab\u00f3lica e Baixos Efeitos Androg\u00eanicos:<\/strong> A oxandrolona tem uma alta atividade anab\u00f3lica, o que significa que promove eficazmente a s\u00edntese de prote\u00ednas. Isso leva ao aumento da massa muscular e da for\u00e7a. Ela tem efeitos androg\u00eanicos mais baixos em compara\u00e7\u00e3o com outros esteroides anab\u00f3licos, o que significa menos efeitos colaterais relacionados \u00e0s caracter\u00edsticas masculinas (como engrossamento da voz ou aumento de pelos no corpo).<\/p>\n<p class=\"\" data-start=\"1307\" data-end=\"1475\"><strong data-start=\"1307\" data-end=\"1369\">Reten\u00e7\u00e3o de Nitrog\u00eanio para M\u00fasculos Mais Fortes e Cheios:<\/strong> Ela ajuda a reter nitrog\u00eanio no tecido muscular, o que \u00e9 crucial para o crescimento e repara\u00e7\u00e3o muscular.<\/p>\n<p class=\"\" data-start=\"1477\" data-end=\"1888\"><strong data-start=\"1477\" data-end=\"1521\">Redu\u00e7\u00e3o de Gordura e Defini\u00e7\u00e3o Muscular:<\/strong> A oxandrolona ajuda a reduzir a gordura corporal estimulando a quebra das gorduras (lip\u00f3lise) ao aumentar a taxa de metabolismo basal, o que contribui ainda mais para uma composi\u00e7\u00e3o corporal mais magra e pronta para o palco. A oxandrolona n\u00e3o se aromatiza (n\u00e3o se converte em estrog\u00eanio), o que significa que n\u00e3o h\u00e1 reten\u00e7\u00e3o de \u00e1gua ou preocupa\u00e7\u00f5es com ginecomastia.<\/p>\n<p class=\"\" data-start=\"1890\" data-end=\"1944\"><strong data-start=\"1890\" data-end=\"1944\">Por que o ANVARGED \u00e9 Melhor que Outros Esteroides:<\/strong><\/p>\n<p class=\"\" data-start=\"1946\" data-end=\"2214\"><strong data-start=\"1946\" data-end=\"1976\">Efeitos Colaterais Suaves:<\/strong> A oxandrolona \u00e9 conhecida por ter efeitos colaterais mais suaves em compara\u00e7\u00e3o com outros esteroides anab\u00f3licos mais potentes. Isso a torna uma escolha preferida para iniciantes ou pessoas sens\u00edveis aos efeitos colaterais dos esteroides.<\/p>\n<p class=\"\" data-start=\"2216\" data-end=\"2411\"><strong data-start=\"2216\" data-end=\"2246\">Menos Toxicidade Hep\u00e1tica:<\/strong> \u00c9 menos hepatot\u00f3xica do que muitos outros esteroides orais. No entanto, \u00e9 importante notar que todos os esteroides orais possuem algum n\u00edvel de toxicidade hep\u00e1tica.<\/p>\n<p class=\"\" data-start=\"2413\" data-end=\"2563\"><strong data-start=\"2413\" data-end=\"2440\">Amig\u00e1vel para Mulheres:<\/strong> \u00c9 um dos poucos esteroides considerados seguros para o uso por mulheres, devido aos seus efeitos androg\u00eanicos mais baixos.<\/p>\n<p><\/p>","protected":false},"excerpt":{"rendered":"<p>Conte\u00fado da Embalagem 100 comprimidos de 10mg de Oxandrolona M\u00fasculos Altamente Definidos com uma Resist\u00eancia e For\u00e7a Impressionantes com Oxandrolona<\/p>\n","protected":false},"featured_media":10041,"comment_status":"open","ping_status":"closed","template":"","meta":[],"product_brand":[3528],"product_cat":[73],"product_tag":[],"class_list":{"0":"post-10040","1":"product","2":"type-product","3":"status-publish","4":"has-post-thumbnail","6":"product_brand-epf-premium","7":"product_cat-ssteroides_orales","9":"first","10":"instock","11":"shipping-taxable","12":"purchasable","13":"product-type-simple"},"yoast_head":"<!-- This site is optimized with the Yoast SEO Premium plugin v24.4 (Yoast SEO v27.3) - https:\/\/yoast.com\/product\/yoast-seo-premium-wordpress\/ -->\n<title>ANVARGED - ANAVAR (Oxandrolone) - Ester\u00f3ides Online<\/title>\n<meta name=\"description\" content=\"ANVARGED (Oxandrolona) promove o crescimento muscular magro, aumenta a for\u00e7a e reduz a gordura com efeitos colaterais m\u00ednimos, sendo seguro para homens e mulheres.\" \/>\n<meta name=\"robots\" content=\"index, follow, max-snippet:-1, max-image-preview:large, max-video-preview:-1\" \/>\n<link rel=\"canonical\" href=\"https:\/\/iberoid-shop.com\/pt\/product\/anavar-anvarged-epf-premium\/\" \/>\n<meta property=\"og:locale\" content=\"pt_PT\" \/>\n<meta property=\"og:type\" content=\"article\" \/>\n<meta property=\"og:title\" content=\"ANVARGED - ANAVAR (Oxandrolone)\" \/>\n<meta property=\"og:description\" content=\"ANVARGED (Oxandrolona) promove o crescimento muscular magro, aumenta a for\u00e7a e reduz a gordura com efeitos colaterais m\u00ednimos, sendo seguro para homens e mulheres.\" \/>\n<meta property=\"og:url\" content=\"https:\/\/iberoid-shop.com\/pt\/product\/anavar-anvarged-epf-premium\/\" \/>\n<meta property=\"og:site_name\" content=\"Ester\u00f3ides Online\" \/>\n<meta property=\"article:modified_time\" content=\"2026-04-14T16:24:13+00:00\" \/>\n<meta property=\"og:image\" content=\"https:\/\/iberoid-shop.com\/wp-content\/uploads\/2025\/04\/anavar-scaled.jpeg?v=1745654874\" \/>\n\t<meta property=\"og:image:width\" content=\"2560\" \/>\n\t<meta property=\"og:image:height\" content=\"927\" \/>\n\t<meta property=\"og:image:type\" content=\"image\/jpeg\" \/>\n<meta name=\"twitter:card\" content=\"summary_large_image\" \/>\n<meta name=\"twitter:label1\" content=\"pre\u00e7o\" \/>\n\t<meta name=\"twitter:data1\" content=\"&euro;75.00\" \/>\n\t<meta name=\"twitter:label2\" content=\"Disponibilidade\" \/>\n\t<meta name=\"twitter:data2\" content=\"Em stock\" \/>\n<script type=\"application\/ld+json\" class=\"yoast-schema-graph\">{\"@context\":\"https:\\\/\\\/schema.org\",\"@graph\":[{\"@type\":\"WebPage\",\"@id\":\"https:\\\/\\\/iberoid-shop.com\\\/pt\\\/product\\\/anavar-anvarged-epf-premium\\\/\",\"url\":\"https:\\\/\\\/iberoid-shop.com\\\/pt\\\/product\\\/anavar-anvarged-epf-premium\\\/\",\"name\":\"ANVARGED - ANAVAR (Oxandrolone) - Ester\u00f3ides Online\",\"isPartOf\":{\"@id\":\"https:\\\/\\\/iberoid.com\\\/#website\"},\"primaryImageOfPage\":{\"@id\":\"https:\\\/\\\/iberoid-shop.com\\\/pt\\\/product\\\/anavar-anvarged-epf-premium\\\/#primaryimage\"},\"image\":{\"@id\":\"https:\\\/\\\/iberoid-shop.com\\\/product\\\/anavar-anvarged-epf-premium\\\/#primaryimage\"},\"thumbnailUrl\":\"https:\\\/\\\/iberoid-shop.com\\\/wp-content\\\/uploads\\\/2025\\\/04\\\/anavar-scaled.jpeg?v=1745654874\",\"datePublished\":\"2025-04-26T08:08:51+00:00\",\"dateModified\":\"2026-04-14T16:24:13+00:00\",\"description\":\"ANVARGED (Oxandrolona) promove o crescimento muscular magro, aumenta a for\u00e7a e reduz a gordura com efeitos colaterais m\u00ednimos, sendo seguro para homens e mulheres.\",\"breadcrumb\":{\"@id\":\"https:\\\/\\\/iberoid-shop.com\\\/pt\\\/product\\\/anavar-anvarged-epf-premium\\\/#breadcrumb\"},\"inLanguage\":\"pt-PT\",\"potentialAction\":[{\"@type\":\"ReadAction\",\"target\":[[\"https:\\\/\\\/iberoid-shop.com\\\/pt\\\/product\\\/anavar-anvarged-epf-premium\\\/\"]]}]},{\"@type\":\"ImageObject\",\"inLanguage\":\"pt-PT\",\"@id\":\"https:\\\/\\\/iberoid-shop.com\\\/pt\\\/product\\\/anavar-anvarged-epf-premium\\\/#primaryimage\",\"url\":\"https:\\\/\\\/iberoid-shop.com\\\/wp-content\\\/uploads\\\/2025\\\/04\\\/anavar-scaled.jpeg?v=1745654874\",\"contentUrl\":\"https:\\\/\\\/iberoid-shop.com\\\/wp-content\\\/uploads\\\/2025\\\/04\\\/anavar-scaled.jpeg?v=1745654874\",\"width\":2560,\"height\":927},{\"@type\":\"BreadcrumbList\",\"@id\":\"https:\\\/\\\/iberoid-shop.com\\\/pt\\\/product\\\/anavar-anvarged-epf-premium\\\/#breadcrumb\",\"itemListElement\":[{\"@type\":\"ListItem\",\"position\":1,\"name\":\"Portada\",\"item\":\"https:\\\/\\\/iberoid.com\\\/\"},{\"@type\":\"ListItem\",\"position\":2,\"name\":\"Loja\",\"item\":\"https:\\\/\\\/iberoid-shop.com\\\/pt\\\/shop\\\/\"},{\"@type\":\"ListItem\",\"position\":3,\"name\":\"ANAVAR (Oxandrolone)\"}]},{\"@type\":\"WebSite\",\"@id\":\"https:\\\/\\\/iberoid.com\\\/#website\",\"url\":\"https:\\\/\\\/iberoid.com\\\/\",\"name\":\"Ester\u00f3ides Online\",\"description\":\"Compre ester\u00f3ides online hoje em Espanha e Portugal. Temos o melhor servi\u00e7o ao cliente do setor e produtos da mais alta qualidade\",\"potentialAction\":[{\"@type\":\"SearchAction\",\"target\":{\"@type\":\"EntryPoint\",\"urlTemplate\":\"https:\\\/\\\/iberoid.com\\\/?s={search_term_string}\"},\"query-input\":{\"@type\":\"PropertyValueSpecification\",\"valueRequired\":true,\"valueName\":\"search_term_string\"}}],\"inLanguage\":\"pt-PT\"}]}<\/script>\n<meta property=\"product:brand\" content=\"Euro Prime Pharmaceuticals (EPF)\" \/>\n<meta property=\"product:price:amount\" content=\"75.00\" \/>\n<meta property=\"product:price:currency\" content=\"EUR\" \/>\n<meta property=\"og:availability\" content=\"instock\" \/>\n<meta property=\"product:availability\" content=\"instock\" \/>\n<meta property=\"product:condition\" content=\"new\" \/>\n<!-- \/ Yoast SEO Premium plugin. -->","yoast_head_json":{"title":"ANVARGED - ANAVAR (Oxandrolone) - Ester\u00f3ides Online","description":"ANVARGED (Oxandrolona) promove o crescimento muscular magro, aumenta a for\u00e7a e reduz a gordura com efeitos colaterais m\u00ednimos, sendo seguro para homens e mulheres.","robots":{"index":"index","follow":"follow","max-snippet":"max-snippet:-1","max-image-preview":"max-image-preview:large","max-video-preview":"max-video-preview:-1"},"canonical":"https:\/\/iberoid-shop.com\/pt\/product\/anavar-anvarged-epf-premium\/","og_locale":"pt_PT","og_type":"article","og_title":"ANVARGED - ANAVAR (Oxandrolone)","og_description":"ANVARGED (Oxandrolona) promove o crescimento muscular magro, aumenta a for\u00e7a e reduz a gordura com efeitos colaterais m\u00ednimos, sendo seguro para homens e mulheres.","og_url":"https:\/\/iberoid-shop.com\/pt\/product\/anavar-anvarged-epf-premium\/","og_site_name":"Ester\u00f3ides Online","article_modified_time":"2026-04-14T16:24:13+00:00","og_image":[{"width":2560,"height":927,"url":"https:\/\/iberoid-shop.com\/wp-content\/uploads\/2025\/04\/anavar-scaled.jpeg?v=1745654874","type":"image\/jpeg"}],"twitter_card":"summary_large_image","twitter_misc":{"pre\u00e7o":"&euro;75.00","Disponibilidade":"Em stock"},"schema":{"@context":"https:\/\/schema.org","@graph":[{"@type":"WebPage","@id":"https:\/\/iberoid-shop.com\/pt\/product\/anavar-anvarged-epf-premium\/","url":"https:\/\/iberoid-shop.com\/pt\/product\/anavar-anvarged-epf-premium\/","name":"ANVARGED - ANAVAR (Oxandrolone) - Ester\u00f3ides Online","isPartOf":{"@id":"https:\/\/iberoid.com\/#website"},"primaryImageOfPage":{"@id":"https:\/\/iberoid-shop.com\/pt\/product\/anavar-anvarged-epf-premium\/#primaryimage"},"image":{"@id":"https:\/\/iberoid-shop.com\/product\/anavar-anvarged-epf-premium\/#primaryimage"},"thumbnailUrl":"https:\/\/iberoid-shop.com\/wp-content\/uploads\/2025\/04\/anavar-scaled.jpeg?v=1745654874","datePublished":"2025-04-26T08:08:51+00:00","dateModified":"2026-04-14T16:24:13+00:00","description":"ANVARGED (Oxandrolona) promove o crescimento muscular magro, aumenta a for\u00e7a e reduz a gordura com efeitos colaterais m\u00ednimos, sendo seguro para homens e mulheres.","breadcrumb":{"@id":"https:\/\/iberoid-shop.com\/pt\/product\/anavar-anvarged-epf-premium\/#breadcrumb"},"inLanguage":"pt-PT","potentialAction":[{"@type":"ReadAction","target":[["https:\/\/iberoid-shop.com\/pt\/product\/anavar-anvarged-epf-premium\/"]]}]},{"@type":"ImageObject","inLanguage":"pt-PT","@id":"https:\/\/iberoid-shop.com\/pt\/product\/anavar-anvarged-epf-premium\/#primaryimage","url":"https:\/\/iberoid-shop.com\/wp-content\/uploads\/2025\/04\/anavar-scaled.jpeg?v=1745654874","contentUrl":"https:\/\/iberoid-shop.com\/wp-content\/uploads\/2025\/04\/anavar-scaled.jpeg?v=1745654874","width":2560,"height":927},{"@type":"BreadcrumbList","@id":"https:\/\/iberoid-shop.com\/pt\/product\/anavar-anvarged-epf-premium\/#breadcrumb","itemListElement":[{"@type":"ListItem","position":1,"name":"Portada","item":"https:\/\/iberoid.com\/"},{"@type":"ListItem","position":2,"name":"Loja","item":"https:\/\/iberoid-shop.com\/pt\/shop\/"},{"@type":"ListItem","position":3,"name":"ANAVAR (Oxandrolone)"}]},{"@type":"WebSite","@id":"https:\/\/iberoid.com\/#website","url":"https:\/\/iberoid.com\/","name":"Ester\u00f3ides Online","description":"Compre ester\u00f3ides online hoje em Espanha e Portugal. Temos o melhor servi\u00e7o ao cliente do setor e produtos da mais alta qualidade","potentialAction":[{"@type":"SearchAction","target":{"@type":"EntryPoint","urlTemplate":"https:\/\/iberoid.com\/?s={search_term_string}"},"query-input":{"@type":"PropertyValueSpecification","valueRequired":true,"valueName":"search_term_string"}}],"inLanguage":"pt-PT"}]},"product_brand":"Euro Prime Pharmaceuticals (EPF)","product_price_amount":"75.00","product_price_currency":"EUR","og_availability":"instock","product_availability":"instock","product_condition":"new"},"_links":{"self":[{"href":"https:\/\/iberoid-shop.com\/pt\/wp-json\/wp\/v2\/product\/10040","targetHints":{"allow":["GET"]}}],"collection":[{"href":"https:\/\/iberoid-shop.com\/pt\/wp-json\/wp\/v2\/product"}],"about":[{"href":"https:\/\/iberoid-shop.com\/pt\/wp-json\/wp\/v2\/types\/product"}],"replies":[{"embeddable":true,"href":"https:\/\/iberoid-shop.com\/pt\/wp-json\/wp\/v2\/comments?post=10040"}],"wp:featuredmedia":[{"embeddable":true,"href":"https:\/\/iberoid-shop.com\/pt\/wp-json\/wp\/v2\/media\/10041"}],"wp:attachment":[{"href":"https:\/\/iberoid-shop.com\/pt\/wp-json\/wp\/v2\/media?parent=10040"}],"wp:term":[{"taxonomy":"product_brand","embeddable":true,"href":"https:\/\/iberoid-shop.com\/pt\/wp-json\/wp\/v2\/product_brand?post=10040"},{"taxonomy":"product_cat","embeddable":true,"href":"https:\/\/iberoid-shop.com\/pt\/wp-json\/wp\/v2\/product_cat?post=10040"},{"taxonomy":"product_tag","embeddable":true,"href":"https:\/\/iberoid-shop.com\/pt\/wp-json\/wp\/v2\/product_tag?post=10040"}],"curies":[{"name":"wp","href":"https:\/\/api.w.org\/{rel}","templated":true}]}}