{"id":10035,"date":"2025-04-26T06:55:39","date_gmt":"2025-04-26T06:55:39","guid":{"rendered":"https:\/\/iberoid-shop.com\/?post_type=product&#038;p=10035"},"modified":"2026-03-29T15:56:32","modified_gmt":"2026-03-29T15:56:32","slug":"pack3proviron","status":"publish","type":"product","link":"https:\/\/iberoid-shop.com\/pt\/product\/pack3proviron\/","title":{"rendered":"Pack 3 &#8211; PROVIRON 25mg"},"content":{"rendered":"<p><\/p>\n<p class=\"\" data-start=\"0\" data-end=\"19\">O que \u00e9 o Proviron?<\/p>\n<p class=\"\" data-start=\"21\" data-end=\"202\">Compre Proviron \u2013 O melhor momento para tomar Proviron \u00e9 durante a fase de corte de um ciclo ou como parte do seu PCT. Sua fun\u00e7\u00e3o principal \u00e9 proporcionar um efeito antiestrog\u00eanico.<\/p>\n<p class=\"\" data-start=\"204\" data-end=\"230\"><strong data-start=\"204\" data-end=\"230\">Benef\u00edcios do Proviron<\/strong><\/p>\n<p class=\"\" data-start=\"232\" data-end=\"635\">Proviron tem quatro fun\u00e7\u00f5es que definem amplamente seu uso principal. O horm\u00f4nio Mesterolona tem uma forte afinidade de liga\u00e7\u00e3o com a globulina ligadora de horm\u00f4nios sexuais (SHBG). Acima de tudo, ele aumentar\u00e1 a quantidade dos esteroides anab\u00f3licos usados dispon\u00edveis em estado livre, ao inv\u00e9s de ligados. Basicamente, os esteroides anab\u00f3licos que voc\u00ea est\u00e1 tomando se tornam mais poderosos e potentes.<\/p>\n<p class=\"\" data-start=\"637\" data-end=\"660\"><strong data-start=\"637\" data-end=\"660\">Como tomar Proviron<\/strong><\/p>\n<p class=\"\" data-start=\"662\" data-end=\"834\">Como parte de um ciclo ou pilha baseado no desempenho, recomendamos que os atletas tomem entre 50-150 mg por dia durante 8 semanas (n\u00e3o recomendamos exceder as 12 semanas).<\/p>\n<p class=\"\" data-start=\"836\" data-end=\"873\"><strong data-start=\"836\" data-end=\"873\">Ciclo de Proviron para iniciantes<\/strong><\/p>\n<p class=\"\" data-start=\"875\" data-end=\"1153\">Objetivo: Aumento moderado da libido, energia e dureza muscular durante um ciclo simples ou fora de temporada.<br data-start=\"985\" data-end=\"988\" \/>Dura\u00e7\u00e3o do ciclo: 6-8 semanas<br data-start=\"1017\" data-end=\"1020\" \/>Dosagem: 25-50 mg por dia<br data-start=\"1045\" data-end=\"1048\" \/>Exemplo de pilha:<br data-start=\"1065\" data-end=\"1068\" \/>Proviron: 25-50 mg di\u00e1rios<br data-start=\"1094\" data-end=\"1097\" \/>Opcional: 250-500 mg de Testosterona Enantato por semana<\/p>\n<p class=\"\" data-start=\"1155\" data-end=\"1353\">Este ciclo permite que os iniciantes experimentem os efeitos do Proviron sem riscos significativos. Funciona bem com a testosterona para prevenir efeitos colaterais estrog\u00eanicos e melhorar a libido.<\/p>\n<p class=\"\" data-start=\"1355\" data-end=\"1396\"><strong data-start=\"1355\" data-end=\"1396\">Ciclo de Proviron para intermedi\u00e1rios<\/strong><\/p>\n<p class=\"\" data-start=\"1398\" data-end=\"1740\">Objetivo: Melhorar a defini\u00e7\u00e3o muscular e a for\u00e7a, enquanto se minimiza o estr\u00f3geno durante ciclos de corte ou recomposto.<br data-start=\"1520\" data-end=\"1523\" \/>Dura\u00e7\u00e3o do ciclo: 8-10 semanas<br data-start=\"1553\" data-end=\"1556\" \/>Dosagem: 50 mg por dia<br data-start=\"1578\" data-end=\"1581\" \/>Exemplo de pilha:<br data-start=\"1598\" data-end=\"1601\" \/>Proviron: 50 mg di\u00e1rios<br data-start=\"1624\" data-end=\"1627\" \/>Testosterona Propionato: 300-400 mg por semana<br data-start=\"1673\" data-end=\"1676\" \/>Anavar: 40-50 mg por dia (opcional para mais defini\u00e7\u00e3o muscular)<\/p>\n<p class=\"\" data-start=\"1742\" data-end=\"1948\">Este ciclo intermedi\u00e1rio melhora a vasculariza\u00e7\u00e3o e a dureza muscular, mantendo os n\u00edveis de estr\u00f3geno sob controle. O Proviron tamb\u00e9m ajudar\u00e1 a combater a supress\u00e3o da libido que pode ocorrer com o Anavar.<\/p>\n<p class=\"\" data-start=\"1950\" data-end=\"1980\"><strong data-start=\"1950\" data-end=\"1980\">Ciclo avan\u00e7ado de Proviron<\/strong><\/p>\n<p class=\"\" data-start=\"1982\" data-end=\"2316\">Objetivo: Maximizar a dureza muscular e a for\u00e7a durante um ciclo avan\u00e7ado de corte ou prepara\u00e7\u00e3o para competi\u00e7\u00e3o.<br data-start=\"2095\" data-end=\"2098\" \/>Dura\u00e7\u00e3o do ciclo: 8-12 semanas<br data-start=\"2128\" data-end=\"2131\" \/>Dosagem: 75-100 mg por dia<br data-start=\"2157\" data-end=\"2160\" \/>Exemplo de pilha:<br data-start=\"2177\" data-end=\"2180\" \/>Proviron: 75-100 mg di\u00e1rios<br data-start=\"2207\" data-end=\"2210\" \/>Testosterona Propionato: 400-500 mg por semana<br data-start=\"2256\" data-end=\"2259\" \/>Winstrol: 50 mg por dia<br data-start=\"2282\" data-end=\"2285\" \/>Masteron: 300-400 mg por semana<\/p>\n<p class=\"\" data-start=\"2318\" data-end=\"2510\">Este ciclo avan\u00e7ado \u00e9 ideal para fisiculturistas que buscam dureza muscular extrema e defini\u00e7\u00e3o. O Proviron ajudar\u00e1 a combater o estr\u00f3geno enquanto potencializa os efeitos de outros compostos.<\/p>\n<p><\/p>","protected":false},"excerpt":{"rendered":"<p>O que \u00e9 o Proviron? Compre Proviron \u2013 O melhor momento para tomar Proviron \u00e9 durante a fase de corte<\/p>\n","protected":false},"featured_media":10036,"comment_status":"open","ping_status":"closed","template":"","meta":[],"product_brand":[],"product_cat":[73,3474],"product_tag":[],"class_list":{"0":"post-10035","1":"product","2":"type-product","3":"status-publish","4":"has-post-thumbnail","6":"product_cat-ssteroides_orales","7":"product_cat-packs","9":"first","10":"instock","11":"sale","12":"shipping-taxable","13":"purchasable","14":"product-type-simple"},"yoast_head":"<!-- This site is optimized with the Yoast SEO Premium plugin v24.4 (Yoast SEO v27.0) - https:\/\/yoast.com\/product\/yoast-seo-premium-wordpress\/ -->\n<title>Pack 3 - PROVIRON 25mg - Ester\u00f3ides Online<\/title>\n<meta name=\"description\" content=\"Proviron melhora a dureza muscular, aumenta a libido e reduz os efeitos colaterais estrog\u00eanicos, ideal para a fase de defini\u00e7\u00e3o ou terapia p\u00f3s-ciclo (PCT).\" \/>\n<meta name=\"robots\" content=\"index, follow, max-snippet:-1, max-image-preview:large, max-video-preview:-1\" \/>\n<link rel=\"canonical\" href=\"https:\/\/iberoid-shop.com\/pt\/product\/pack3proviron\/\" \/>\n<meta property=\"og:locale\" content=\"pt_PT\" \/>\n<meta property=\"og:type\" content=\"article\" \/>\n<meta property=\"og:title\" content=\"Pack 3 - PROVIRON 25mg\" \/>\n<meta property=\"og:description\" content=\"Proviron melhora a dureza muscular, aumenta a libido e reduz os efeitos colaterais estrog\u00eanicos, ideal para a fase de defini\u00e7\u00e3o ou terapia p\u00f3s-ciclo (PCT).\" \/>\n<meta property=\"og:url\" content=\"https:\/\/iberoid-shop.com\/pt\/product\/pack3proviron\/\" \/>\n<meta property=\"og:site_name\" content=\"Ester\u00f3ides Online\" \/>\n<meta property=\"article:modified_time\" content=\"2026-03-29T15:56:32+00:00\" \/>\n<meta property=\"og:image\" content=\"https:\/\/iberoid-shop.com\/wp-content\/uploads\/2025\/04\/3provi-scaled.jpeg?v=1745650429\" \/>\n\t<meta property=\"og:image:width\" content=\"2130\" \/>\n\t<meta property=\"og:image:height\" content=\"2560\" \/>\n\t<meta property=\"og:image:type\" content=\"image\/jpeg\" \/>\n<meta name=\"twitter:card\" content=\"summary_large_image\" \/>\n<meta name=\"twitter:label1\" content=\"pre\u00e7o\" \/>\n\t<meta name=\"twitter:data1\" content=\"&euro;50.00\" \/>\n\t<meta name=\"twitter:label2\" content=\"Disponibilidade\" \/>\n\t<meta name=\"twitter:data2\" content=\"Em stock\" \/>\n<script type=\"application\/ld+json\" class=\"yoast-schema-graph\">{\"@context\":\"https:\/\/schema.org\",\"@graph\":[{\"@type\":\"WebPage\",\"@id\":\"https:\/\/iberoid-shop.com\/pt\/product\/pack3proviron\/\",\"url\":\"https:\/\/iberoid-shop.com\/pt\/product\/pack3proviron\/\",\"name\":\"Pack 3 - PROVIRON 25mg - Ester\u00f3ides Online\",\"isPartOf\":{\"@id\":\"https:\/\/iberoid-shop.com\/pt\/#website\"},\"primaryImageOfPage\":{\"@id\":\"https:\/\/iberoid-shop.com\/pt\/product\/pack3proviron\/#primaryimage\"},\"image\":{\"@id\":\"https:\/\/iberoid-shop.com\/pt\/product\/pack3proviron\/#primaryimage\"},\"thumbnailUrl\":\"https:\/\/iberoid-shop.com\/wp-content\/uploads\/2025\/04\/3provi-scaled.jpeg?v=1745650429\",\"datePublished\":\"2025-04-26T06:55:39+00:00\",\"dateModified\":\"2026-03-29T15:56:32+00:00\",\"description\":\"Proviron melhora a dureza muscular, aumenta a libido e reduz os efeitos colaterais estrog\u00eanicos, ideal para a fase de defini\u00e7\u00e3o ou terapia p\u00f3s-ciclo (PCT).\",\"breadcrumb\":{\"@id\":\"https:\/\/iberoid-shop.com\/pt\/product\/pack3proviron\/#breadcrumb\"},\"inLanguage\":\"pt-PT\",\"potentialAction\":[{\"@type\":\"ReadAction\",\"target\":[[\"https:\/\/iberoid-shop.com\/pt\/product\/pack3proviron\/\"]]}]},{\"@type\":\"ImageObject\",\"inLanguage\":\"pt-PT\",\"@id\":\"https:\/\/iberoid-shop.com\/pt\/product\/pack3proviron\/#primaryimage\",\"url\":\"https:\/\/iberoid-shop.com\/wp-content\/uploads\/2025\/04\/3provi-scaled.jpeg?v=1745650429\",\"contentUrl\":\"https:\/\/iberoid-shop.com\/wp-content\/uploads\/2025\/04\/3provi-scaled.jpeg?v=1745650429\",\"width\":2130,\"height\":2560},{\"@type\":\"BreadcrumbList\",\"@id\":\"https:\/\/iberoid-shop.com\/pt\/product\/pack3proviron\/#breadcrumb\",\"itemListElement\":[{\"@type\":\"ListItem\",\"position\":1,\"name\":\"Portada\",\"item\":\"https:\/\/iberoid-shop.com\/pt\/\"},{\"@type\":\"ListItem\",\"position\":2,\"name\":\"Loja\",\"item\":\"https:\/\/iberoid-shop.com\/pt\/shop\/\"},{\"@type\":\"ListItem\",\"position\":3,\"name\":\"Pack 3 &#8211; PROVIRON 25mg\"}]},{\"@type\":\"WebSite\",\"@id\":\"https:\/\/iberoid-shop.com\/pt\/#website\",\"url\":\"https:\/\/iberoid-shop.com\/pt\/\",\"name\":\"Ester\u00f3ides Online\",\"description\":\"Compre ester\u00f3ides online hoje em Espanha e Portugal. Temos o melhor servi\u00e7o ao cliente do setor e produtos da mais alta qualidade\",\"potentialAction\":[{\"@type\":\"SearchAction\",\"target\":{\"@type\":\"EntryPoint\",\"urlTemplate\":\"https:\/\/iberoid-shop.com\/pt\/?s={search_term_string}\"},\"query-input\":{\"@type\":\"PropertyValueSpecification\",\"valueRequired\":true,\"valueName\":\"search_term_string\"}}],\"inLanguage\":\"pt-PT\"}]}<\/script>\n<meta property=\"product:brand\" content=\"Bayer\" \/>\n<meta property=\"product:price:amount\" content=\"50.00\" \/>\n<meta property=\"product:price:currency\" content=\"EUR\" \/>\n<meta property=\"og:availability\" content=\"instock\" \/>\n<meta property=\"product:availability\" content=\"instock\" \/>\n<meta property=\"product:condition\" content=\"new\" \/>\n<!-- \/ Yoast SEO Premium plugin. -->","yoast_head_json":{"title":"Pack 3 - PROVIRON 25mg - Ester\u00f3ides Online","description":"Proviron melhora a dureza muscular, aumenta a libido e reduz os efeitos colaterais estrog\u00eanicos, ideal para a fase de defini\u00e7\u00e3o ou terapia p\u00f3s-ciclo (PCT).","robots":{"index":"index","follow":"follow","max-snippet":"max-snippet:-1","max-image-preview":"max-image-preview:large","max-video-preview":"max-video-preview:-1"},"canonical":"https:\/\/iberoid-shop.com\/pt\/product\/pack3proviron\/","og_locale":"pt_PT","og_type":"article","og_title":"Pack 3 - PROVIRON 25mg","og_description":"Proviron melhora a dureza muscular, aumenta a libido e reduz os efeitos colaterais estrog\u00eanicos, ideal para a fase de defini\u00e7\u00e3o ou terapia p\u00f3s-ciclo (PCT).","og_url":"https:\/\/iberoid-shop.com\/pt\/product\/pack3proviron\/","og_site_name":"Ester\u00f3ides Online","article_modified_time":"2026-03-29T15:56:32+00:00","og_image":[{"width":2130,"height":2560,"url":"https:\/\/iberoid-shop.com\/wp-content\/uploads\/2025\/04\/3provi-scaled.jpeg?v=1745650429","type":"image\/jpeg"}],"twitter_card":"summary_large_image","twitter_misc":{"pre\u00e7o":"&euro;50.00","Disponibilidade":"Em stock"},"schema":{"@context":"https:\/\/schema.org","@graph":[{"@type":"WebPage","@id":"https:\/\/iberoid-shop.com\/pt\/product\/pack3proviron\/","url":"https:\/\/iberoid-shop.com\/pt\/product\/pack3proviron\/","name":"Pack 3 - PROVIRON 25mg - Ester\u00f3ides Online","isPartOf":{"@id":"https:\/\/iberoid-shop.com\/pt\/#website"},"primaryImageOfPage":{"@id":"https:\/\/iberoid-shop.com\/pt\/product\/pack3proviron\/#primaryimage"},"image":{"@id":"https:\/\/iberoid-shop.com\/pt\/product\/pack3proviron\/#primaryimage"},"thumbnailUrl":"https:\/\/iberoid-shop.com\/wp-content\/uploads\/2025\/04\/3provi-scaled.jpeg?v=1745650429","datePublished":"2025-04-26T06:55:39+00:00","dateModified":"2026-03-29T15:56:32+00:00","description":"Proviron melhora a dureza muscular, aumenta a libido e reduz os efeitos colaterais estrog\u00eanicos, ideal para a fase de defini\u00e7\u00e3o ou terapia p\u00f3s-ciclo (PCT).","breadcrumb":{"@id":"https:\/\/iberoid-shop.com\/pt\/product\/pack3proviron\/#breadcrumb"},"inLanguage":"pt-PT","potentialAction":[{"@type":"ReadAction","target":[["https:\/\/iberoid-shop.com\/pt\/product\/pack3proviron\/"]]}]},{"@type":"ImageObject","inLanguage":"pt-PT","@id":"https:\/\/iberoid-shop.com\/pt\/product\/pack3proviron\/#primaryimage","url":"https:\/\/iberoid-shop.com\/wp-content\/uploads\/2025\/04\/3provi-scaled.jpeg?v=1745650429","contentUrl":"https:\/\/iberoid-shop.com\/wp-content\/uploads\/2025\/04\/3provi-scaled.jpeg?v=1745650429","width":2130,"height":2560},{"@type":"BreadcrumbList","@id":"https:\/\/iberoid-shop.com\/pt\/product\/pack3proviron\/#breadcrumb","itemListElement":[{"@type":"ListItem","position":1,"name":"Portada","item":"https:\/\/iberoid-shop.com\/pt\/"},{"@type":"ListItem","position":2,"name":"Loja","item":"https:\/\/iberoid-shop.com\/pt\/shop\/"},{"@type":"ListItem","position":3,"name":"Pack 3 &#8211; PROVIRON 25mg"}]},{"@type":"WebSite","@id":"https:\/\/iberoid-shop.com\/pt\/#website","url":"https:\/\/iberoid-shop.com\/pt\/","name":"Ester\u00f3ides Online","description":"Compre ester\u00f3ides online hoje em Espanha e Portugal. Temos o melhor servi\u00e7o ao cliente do setor e produtos da mais alta qualidade","potentialAction":[{"@type":"SearchAction","target":{"@type":"EntryPoint","urlTemplate":"https:\/\/iberoid-shop.com\/pt\/?s={search_term_string}"},"query-input":{"@type":"PropertyValueSpecification","valueRequired":true,"valueName":"search_term_string"}}],"inLanguage":"pt-PT"}]},"product_brand":"Bayer","product_price_amount":"50.00","product_price_currency":"EUR","og_availability":"instock","product_availability":"instock","product_condition":"new"},"_links":{"self":[{"href":"https:\/\/iberoid-shop.com\/pt\/wp-json\/wp\/v2\/product\/10035","targetHints":{"allow":["GET"]}}],"collection":[{"href":"https:\/\/iberoid-shop.com\/pt\/wp-json\/wp\/v2\/product"}],"about":[{"href":"https:\/\/iberoid-shop.com\/pt\/wp-json\/wp\/v2\/types\/product"}],"replies":[{"embeddable":true,"href":"https:\/\/iberoid-shop.com\/pt\/wp-json\/wp\/v2\/comments?post=10035"}],"wp:featuredmedia":[{"embeddable":true,"href":"https:\/\/iberoid-shop.com\/pt\/wp-json\/wp\/v2\/media\/10036"}],"wp:attachment":[{"href":"https:\/\/iberoid-shop.com\/pt\/wp-json\/wp\/v2\/media?parent=10035"}],"wp:term":[{"taxonomy":"product_brand","embeddable":true,"href":"https:\/\/iberoid-shop.com\/pt\/wp-json\/wp\/v2\/product_brand?post=10035"},{"taxonomy":"product_cat","embeddable":true,"href":"https:\/\/iberoid-shop.com\/pt\/wp-json\/wp\/v2\/product_cat?post=10035"},{"taxonomy":"product_tag","embeddable":true,"href":"https:\/\/iberoid-shop.com\/pt\/wp-json\/wp\/v2\/product_tag?post=10035"}],"curies":[{"name":"wp","href":"https:\/\/api.w.org\/{rel}","templated":true}]}}