{"id":10005,"date":"2025-04-05T18:19:01","date_gmt":"2025-04-05T18:19:01","guid":{"rendered":"https:\/\/iberoid-shop.com\/?post_type=product&#038;p=10005"},"modified":"2026-02-02T17:20:40","modified_gmt":"2026-02-02T17:20:40","slug":"durabolin100-biolabs","status":"publish","type":"product","link":"https:\/\/iberoid-shop.com\/pt\/product\/durabolin100-biolabs\/","title":{"rendered":"DURABOLIN 100"},"content":{"rendered":"<p><\/p>\n<p class=\"\" data-start=\"0\" data-end=\"362\">A inje\u00e7\u00e3o de Deca Durabolin \u00e9 um esteroide anab\u00f3lico popular que \u00e9 utilizado no tratamento da osteoporose p\u00f3s-menopausa e da anemia, ganho e fortalecimento muscular, produ\u00e7\u00e3o de gl\u00f3bulos vermelhos, recupera\u00e7\u00e3o muscular e sa\u00fade das articula\u00e7\u00f5es. \u00c9 comumente administrado como inje\u00e7\u00e3o e \u00e9 amplamente utilizado tanto no fisiculturismo quanto em tratamentos m\u00e9dicos.<\/p>\n<p class=\"\" data-start=\"364\" data-end=\"564\">Este medicamento pode ser injetado sem a necessidade de considerar refei\u00e7\u00f5es ou bebidas. N\u00e3o receba a inje\u00e7\u00e3o de Deca Durabolin se estiver gr\u00e1vida, achar que pode estar gr\u00e1vida ou estiver amamentando.<\/p>\n<p class=\"\" data-start=\"566\" data-end=\"880\">Os efeitos colaterais mais comuns de receber Nandrolona s\u00e3o rea\u00e7\u00f5es locais no local da inje\u00e7\u00e3o, acne e pele oleosa, aumento do pelos corporais, aumento do desejo sexual, altera\u00e7\u00f5es nos lip\u00eddios sangu\u00edneos, aumento do cl\u00edtoris, n\u00e1useas, v\u00f4mitos, irregularidades menstruais, aumento dos seios e reten\u00e7\u00e3o de l\u00edquidos.<\/p>\n<p class=\"\" data-start=\"882\" data-end=\"921\">USOS DA INJE\u00c7\u00c3O DE DECA DURABOLIN 100MG<\/p>\n<p class=\"\" data-start=\"923\" data-end=\"994\">A inje\u00e7\u00e3o de Deca Durabolin \u00e9 usada para tratar as seguintes condi\u00e7\u00f5es:<\/p>\n<ul data-start=\"996\" data-end=\"1163\">\n<li class=\"\" data-start=\"996\" data-end=\"1023\">\n<p class=\"\" data-start=\"998\" data-end=\"1023\">Osteoporose p\u00f3s-menopausa<\/p>\n<\/li>\n<li class=\"\" data-start=\"1024\" data-end=\"1032\">\n<p class=\"\" data-start=\"1026\" data-end=\"1032\">Anemia<\/p>\n<\/li>\n<li class=\"\" data-start=\"1033\" data-end=\"1082\">\n<p class=\"\" data-start=\"1035\" data-end=\"1082\">Ganho muscular e propriedades de fortalecimento<\/p>\n<\/li>\n<li class=\"\" data-start=\"1083\" data-end=\"1115\">\n<p class=\"\" data-start=\"1085\" data-end=\"1115\">Produ\u00e7\u00e3o de gl\u00f3bulos vermelhos<\/p>\n<\/li>\n<li class=\"\" data-start=\"1116\" data-end=\"1163\">\n<p class=\"\" data-start=\"1118\" data-end=\"1163\">Recupera\u00e7\u00e3o muscular e sa\u00fade das articula\u00e7\u00f5es<\/p>\n<\/li>\n<\/ul>\n<p class=\"\" data-start=\"1165\" data-end=\"1205\">Benef\u00edcios da inje\u00e7\u00e3o de Deca Durabolin:<\/p>\n<ul data-start=\"1206\" data-end=\"2053\">\n<li class=\"\" data-start=\"1206\" data-end=\"1408\">\n<p class=\"\" data-start=\"1208\" data-end=\"1408\">Promove o crescimento muscular e for\u00e7a: Deca Durabolin (Nandrolona) aumenta a s\u00edntese de prote\u00ednas, melhora a reten\u00e7\u00e3o de nitrog\u00eanio e reduz o cortisol, ajudando a aumentar a massa muscular e a for\u00e7a.<\/p>\n<\/li>\n<li class=\"\" data-start=\"1409\" data-end=\"1601\">\n<p class=\"\" data-start=\"1411\" data-end=\"1601\">Melhora a produ\u00e7\u00e3o de gl\u00f3bulos vermelhos: Estimula a eritropoiese, aumentando os n\u00edveis de gl\u00f3bulos vermelhos e melhorando a entrega de oxig\u00eanio, o que leva a maior resist\u00eancia e desempenho.<\/p>\n<\/li>\n<li class=\"\" data-start=\"1602\" data-end=\"1817\">\n<p class=\"\" data-start=\"1604\" data-end=\"1817\">Apoia a sa\u00fade das articula\u00e7\u00f5es: Aumenta a reten\u00e7\u00e3o de l\u00edquido sinovial, reduz a dor nas articula\u00e7\u00f5es e melhora a fun\u00e7\u00e3o geral das articula\u00e7\u00f5es, beneficiando atletas e fisiculturistas durante treinamentos intensos.<\/p>\n<\/li>\n<li class=\"\" data-start=\"1818\" data-end=\"2053\">\n<p class=\"\" data-start=\"1820\" data-end=\"2053\">Controla a osteoporose p\u00f3s-menopausa e a anemia: Melhora a densidade \u00f3ssea, estimula a s\u00edntese de col\u00e1geno e ajuda na produ\u00e7\u00e3o de gl\u00f3bulos vermelhos, ajudando a controlar a osteoporose e a anemia, especialmente em condi\u00e7\u00f5es cr\u00f4nicas.<\/p>\n<\/li>\n<\/ul>\n<p class=\"\" data-start=\"2055\" data-end=\"2102\">COMO A INJE\u00c7\u00c3O DE DECA DURABOLIN 100MG FUNCIONA<\/p>\n<p class=\"\" data-start=\"2104\" data-end=\"2682\">A INJE\u00c7\u00c3O DE DECA DURABOLIN 100MG cont\u00e9m um medicamento chamado Nandrolona, que \u00e9 um esteroide anab\u00f3lico que promove o crescimento muscular e melhora a sa\u00fade geral ao melhorar a s\u00edntese de prote\u00ednas, o que auxilia na repara\u00e7\u00e3o e no crescimento muscular. Tamb\u00e9m ajuda a reter nitrog\u00eanio no corpo, mantendo um balan\u00e7o positivo de nitrog\u00eanio, essencial para a constru\u00e7\u00e3o muscular e evitando a degrada\u00e7\u00e3o muscular. Al\u00e9m disso, a Nandrolona estimula a produ\u00e7\u00e3o de gl\u00f3bulos vermelhos, melhorando a entrega de oxig\u00eanio aos m\u00fasculos, o que aumenta a resist\u00eancia e o desempenho atl\u00e9tico.<\/p>\n<p class=\"\" data-start=\"2684\" data-end=\"3168\">Al\u00e9m dos benef\u00edcios musculares, a Nandrolona contribui para uma melhor sa\u00fade \u00f3ssea ao aumentar a densidade mineral \u00f3ssea e estimular a s\u00edntese de col\u00e1geno, o que pode ajudar no controle da osteoporose. Tamb\u00e9m apoia a sa\u00fade das articula\u00e7\u00f5es ao aumentar a reten\u00e7\u00e3o de l\u00edquido sinovial, reduzir a dor nas articula\u00e7\u00f5es e melhorar a mobilidade, tornando-se ben\u00e9fico para atletas e fisiculturistas. A Nandrolona deve ser usada sob supervis\u00e3o m\u00e9dica para evitar poss\u00edveis efeitos colaterais.<\/p>\n<p><\/p>","protected":false},"excerpt":{"rendered":"<p>A inje\u00e7\u00e3o de Deca Durabolin \u00e9 um esteroide anab\u00f3lico popular que \u00e9 utilizado no tratamento da osteoporose p\u00f3s-menopausa e da<\/p>\n","protected":false},"featured_media":10006,"comment_status":"open","ping_status":"closed","template":"","meta":[],"product_brand":[],"product_cat":[69],"product_tag":[],"class_list":{"0":"post-10005","1":"product","2":"type-product","3":"status-publish","4":"has-post-thumbnail","6":"product_cat-esteroides_inyectables","8":"first","9":"outofstock","10":"sale","11":"shipping-taxable","12":"purchasable","13":"product-type-simple"},"yoast_head":"<!-- This site is optimized with the Yoast SEO Premium plugin v24.4 (Yoast SEO v27.0) - https:\/\/yoast.com\/product\/yoast-seo-premium-wordpress\/ -->\n<title>DURABOLIN 100 - Ester\u00f3ides Online<\/title>\n<meta name=\"description\" content=\"Deca Durabolin: Inje\u00e7\u00e3o de Nandrolona para ganho muscular, for\u00e7a, produ\u00e7\u00e3o de gl\u00f3bulos vermelhos, sa\u00fade articular, osteoporose e anemia. Efeitos colaterais comuns podem ocorrer.\" \/>\n<meta name=\"robots\" content=\"index, follow, max-snippet:-1, max-image-preview:large, max-video-preview:-1\" \/>\n<link rel=\"canonical\" href=\"https:\/\/iberoid-shop.com\/pt\/product\/durabolin100-biolabs\/\" \/>\n<meta property=\"og:locale\" content=\"pt_PT\" \/>\n<meta property=\"og:type\" content=\"article\" \/>\n<meta property=\"og:title\" content=\"DURABOLIN 100\" \/>\n<meta property=\"og:description\" content=\"Deca Durabolin: Inje\u00e7\u00e3o de Nandrolona para ganho muscular, for\u00e7a, produ\u00e7\u00e3o de gl\u00f3bulos vermelhos, sa\u00fade articular, osteoporose e anemia. Efeitos colaterais comuns podem ocorrer.\" \/>\n<meta property=\"og:url\" content=\"https:\/\/iberoid-shop.com\/pt\/product\/durabolin100-biolabs\/\" \/>\n<meta property=\"og:site_name\" content=\"Ester\u00f3ides Online\" \/>\n<meta property=\"article:modified_time\" content=\"2026-02-02T17:20:40+00:00\" \/>\n<meta property=\"og:image\" content=\"https:\/\/iberoid-shop.com\/wp-content\/uploads\/2025\/04\/durabolin-100-vials-12-1.png?v=1743876890\" \/>\n\t<meta property=\"og:image:width\" content=\"1080\" \/>\n\t<meta property=\"og:image:height\" content=\"608\" \/>\n\t<meta property=\"og:image:type\" content=\"image\/png\" \/>\n<meta name=\"twitter:card\" content=\"summary_large_image\" \/>\n<meta name=\"twitter:label1\" content=\"pre\u00e7o\" \/>\n\t<meta name=\"twitter:data1\" content=\"&euro;25.00\" \/>\n\t<meta name=\"twitter:label2\" content=\"Disponibilidade\" \/>\n\t<meta name=\"twitter:data2\" content=\"Esgotado\" \/>\n<script type=\"application\/ld+json\" class=\"yoast-schema-graph\">{\"@context\":\"https:\/\/schema.org\",\"@graph\":[{\"@type\":\"WebPage\",\"@id\":\"https:\/\/iberoid-shop.com\/pt\/product\/durabolin100-biolabs\/\",\"url\":\"https:\/\/iberoid-shop.com\/pt\/product\/durabolin100-biolabs\/\",\"name\":\"DURABOLIN 100 - Ester\u00f3ides Online\",\"isPartOf\":{\"@id\":\"https:\/\/iberoid-shop.com\/pt\/#website\"},\"primaryImageOfPage\":{\"@id\":\"https:\/\/iberoid-shop.com\/pt\/product\/durabolin100-biolabs\/#primaryimage\"},\"image\":{\"@id\":\"https:\/\/iberoid-shop.com\/pt\/product\/durabolin100-biolabs\/#primaryimage\"},\"thumbnailUrl\":\"https:\/\/iberoid-shop.com\/wp-content\/uploads\/2025\/04\/durabolin-100-vials-12-1.png?v=1743876890\",\"datePublished\":\"2025-04-05T18:19:01+00:00\",\"dateModified\":\"2026-02-02T17:20:40+00:00\",\"description\":\"Deca Durabolin: Inje\u00e7\u00e3o de Nandrolona para ganho muscular, for\u00e7a, produ\u00e7\u00e3o de gl\u00f3bulos vermelhos, sa\u00fade articular, osteoporose e anemia. Efeitos colaterais comuns podem ocorrer.\",\"breadcrumb\":{\"@id\":\"https:\/\/iberoid-shop.com\/pt\/product\/durabolin100-biolabs\/#breadcrumb\"},\"inLanguage\":\"pt-PT\",\"potentialAction\":[{\"@type\":\"ReadAction\",\"target\":[[\"https:\/\/iberoid-shop.com\/pt\/product\/durabolin100-biolabs\/\"]]}]},{\"@type\":\"ImageObject\",\"inLanguage\":\"pt-PT\",\"@id\":\"https:\/\/iberoid-shop.com\/pt\/product\/durabolin100-biolabs\/#primaryimage\",\"url\":\"https:\/\/iberoid-shop.com\/wp-content\/uploads\/2025\/04\/durabolin-100-vials-12-1.png?v=1743876890\",\"contentUrl\":\"https:\/\/iberoid-shop.com\/wp-content\/uploads\/2025\/04\/durabolin-100-vials-12-1.png?v=1743876890\",\"width\":1080,\"height\":608},{\"@type\":\"BreadcrumbList\",\"@id\":\"https:\/\/iberoid-shop.com\/pt\/product\/durabolin100-biolabs\/#breadcrumb\",\"itemListElement\":[{\"@type\":\"ListItem\",\"position\":1,\"name\":\"Portada\",\"item\":\"https:\/\/iberoid-shop.com\/pt\/\"},{\"@type\":\"ListItem\",\"position\":2,\"name\":\"Loja\",\"item\":\"https:\/\/iberoid-shop.com\/pt\/shop\/\"},{\"@type\":\"ListItem\",\"position\":3,\"name\":\"DURABOLIN 100\"}]},{\"@type\":\"WebSite\",\"@id\":\"https:\/\/iberoid-shop.com\/pt\/#website\",\"url\":\"https:\/\/iberoid-shop.com\/pt\/\",\"name\":\"Ester\u00f3ides Online\",\"description\":\"Compre ester\u00f3ides online hoje em Espanha e Portugal. Temos o melhor servi\u00e7o ao cliente do setor e produtos da mais alta qualidade\",\"potentialAction\":[{\"@type\":\"SearchAction\",\"target\":{\"@type\":\"EntryPoint\",\"urlTemplate\":\"https:\/\/iberoid-shop.com\/pt\/?s={search_term_string}\"},\"query-input\":{\"@type\":\"PropertyValueSpecification\",\"valueRequired\":true,\"valueName\":\"search_term_string\"}}],\"inLanguage\":\"pt-PT\"}]}<\/script>\n<meta property=\"product:brand\" content=\"Canada Biotech Peptides\" \/>\n<meta property=\"product:price:amount\" content=\"25.00\" \/>\n<meta property=\"product:price:currency\" content=\"EUR\" \/>\n<meta property=\"og:availability\" content=\"out of stock\" \/>\n<meta property=\"product:availability\" content=\"out of stock\" \/>\n<meta property=\"product:condition\" content=\"new\" \/>\n<!-- \/ Yoast SEO Premium plugin. -->","yoast_head_json":{"title":"DURABOLIN 100 - Ester\u00f3ides Online","description":"Deca Durabolin: Inje\u00e7\u00e3o de Nandrolona para ganho muscular, for\u00e7a, produ\u00e7\u00e3o de gl\u00f3bulos vermelhos, sa\u00fade articular, osteoporose e anemia. Efeitos colaterais comuns podem ocorrer.","robots":{"index":"index","follow":"follow","max-snippet":"max-snippet:-1","max-image-preview":"max-image-preview:large","max-video-preview":"max-video-preview:-1"},"canonical":"https:\/\/iberoid-shop.com\/pt\/product\/durabolin100-biolabs\/","og_locale":"pt_PT","og_type":"article","og_title":"DURABOLIN 100","og_description":"Deca Durabolin: Inje\u00e7\u00e3o de Nandrolona para ganho muscular, for\u00e7a, produ\u00e7\u00e3o de gl\u00f3bulos vermelhos, sa\u00fade articular, osteoporose e anemia. Efeitos colaterais comuns podem ocorrer.","og_url":"https:\/\/iberoid-shop.com\/pt\/product\/durabolin100-biolabs\/","og_site_name":"Ester\u00f3ides Online","article_modified_time":"2026-02-02T17:20:40+00:00","og_image":[{"width":1080,"height":608,"url":"https:\/\/iberoid-shop.com\/wp-content\/uploads\/2025\/04\/durabolin-100-vials-12-1.png?v=1743876890","type":"image\/png"}],"twitter_card":"summary_large_image","twitter_misc":{"pre\u00e7o":"&euro;25.00","Disponibilidade":"Esgotado"},"schema":{"@context":"https:\/\/schema.org","@graph":[{"@type":"WebPage","@id":"https:\/\/iberoid-shop.com\/pt\/product\/durabolin100-biolabs\/","url":"https:\/\/iberoid-shop.com\/pt\/product\/durabolin100-biolabs\/","name":"DURABOLIN 100 - Ester\u00f3ides Online","isPartOf":{"@id":"https:\/\/iberoid-shop.com\/pt\/#website"},"primaryImageOfPage":{"@id":"https:\/\/iberoid-shop.com\/pt\/product\/durabolin100-biolabs\/#primaryimage"},"image":{"@id":"https:\/\/iberoid-shop.com\/pt\/product\/durabolin100-biolabs\/#primaryimage"},"thumbnailUrl":"https:\/\/iberoid-shop.com\/wp-content\/uploads\/2025\/04\/durabolin-100-vials-12-1.png?v=1743876890","datePublished":"2025-04-05T18:19:01+00:00","dateModified":"2026-02-02T17:20:40+00:00","description":"Deca Durabolin: Inje\u00e7\u00e3o de Nandrolona para ganho muscular, for\u00e7a, produ\u00e7\u00e3o de gl\u00f3bulos vermelhos, sa\u00fade articular, osteoporose e anemia. Efeitos colaterais comuns podem ocorrer.","breadcrumb":{"@id":"https:\/\/iberoid-shop.com\/pt\/product\/durabolin100-biolabs\/#breadcrumb"},"inLanguage":"pt-PT","potentialAction":[{"@type":"ReadAction","target":[["https:\/\/iberoid-shop.com\/pt\/product\/durabolin100-biolabs\/"]]}]},{"@type":"ImageObject","inLanguage":"pt-PT","@id":"https:\/\/iberoid-shop.com\/pt\/product\/durabolin100-biolabs\/#primaryimage","url":"https:\/\/iberoid-shop.com\/wp-content\/uploads\/2025\/04\/durabolin-100-vials-12-1.png?v=1743876890","contentUrl":"https:\/\/iberoid-shop.com\/wp-content\/uploads\/2025\/04\/durabolin-100-vials-12-1.png?v=1743876890","width":1080,"height":608},{"@type":"BreadcrumbList","@id":"https:\/\/iberoid-shop.com\/pt\/product\/durabolin100-biolabs\/#breadcrumb","itemListElement":[{"@type":"ListItem","position":1,"name":"Portada","item":"https:\/\/iberoid-shop.com\/pt\/"},{"@type":"ListItem","position":2,"name":"Loja","item":"https:\/\/iberoid-shop.com\/pt\/shop\/"},{"@type":"ListItem","position":3,"name":"DURABOLIN 100"}]},{"@type":"WebSite","@id":"https:\/\/iberoid-shop.com\/pt\/#website","url":"https:\/\/iberoid-shop.com\/pt\/","name":"Ester\u00f3ides Online","description":"Compre ester\u00f3ides online hoje em Espanha e Portugal. Temos o melhor servi\u00e7o ao cliente do setor e produtos da mais alta qualidade","potentialAction":[{"@type":"SearchAction","target":{"@type":"EntryPoint","urlTemplate":"https:\/\/iberoid-shop.com\/pt\/?s={search_term_string}"},"query-input":{"@type":"PropertyValueSpecification","valueRequired":true,"valueName":"search_term_string"}}],"inLanguage":"pt-PT"}]},"product_brand":"Canada Biotech Peptides","product_price_amount":"25.00","product_price_currency":"EUR","og_availability":"out of stock","product_availability":"out of stock","product_condition":"new"},"_links":{"self":[{"href":"https:\/\/iberoid-shop.com\/pt\/wp-json\/wp\/v2\/product\/10005","targetHints":{"allow":["GET"]}}],"collection":[{"href":"https:\/\/iberoid-shop.com\/pt\/wp-json\/wp\/v2\/product"}],"about":[{"href":"https:\/\/iberoid-shop.com\/pt\/wp-json\/wp\/v2\/types\/product"}],"replies":[{"embeddable":true,"href":"https:\/\/iberoid-shop.com\/pt\/wp-json\/wp\/v2\/comments?post=10005"}],"wp:featuredmedia":[{"embeddable":true,"href":"https:\/\/iberoid-shop.com\/pt\/wp-json\/wp\/v2\/media\/10006"}],"wp:attachment":[{"href":"https:\/\/iberoid-shop.com\/pt\/wp-json\/wp\/v2\/media?parent=10005"}],"wp:term":[{"taxonomy":"product_brand","embeddable":true,"href":"https:\/\/iberoid-shop.com\/pt\/wp-json\/wp\/v2\/product_brand?post=10005"},{"taxonomy":"product_cat","embeddable":true,"href":"https:\/\/iberoid-shop.com\/pt\/wp-json\/wp\/v2\/product_cat?post=10005"},{"taxonomy":"product_tag","embeddable":true,"href":"https:\/\/iberoid-shop.com\/pt\/wp-json\/wp\/v2\/product_tag?post=10005"}],"curies":[{"name":"wp","href":"https:\/\/api.w.org\/{rel}","templated":true}]}}