{"id":10003,"date":"2025-04-05T18:10:42","date_gmt":"2025-04-05T18:10:42","guid":{"rendered":"https:\/\/iberoid-shop.com\/?post_type=product&#038;p=10003"},"modified":"2025-09-14T18:08:48","modified_gmt":"2025-09-14T18:08:48","slug":"ment-50-trestolone-acetate-bio-labs","status":"publish","type":"product","link":"https:\/\/iberoid-shop.com\/pt\/product\/ment-50-trestolone-acetate-bio-labs\/","title":{"rendered":"MENT 50 &#8211; TRESTOLONE ACETATE"},"content":{"rendered":"<p><\/p>\n<p class=\"\" data-start=\"0\" data-end=\"375\">Trestolona Acetato, tamb\u00e9m conhecida como MENT (Metilnortestosterona), \u00e9 um potente esteroide anab\u00f3lico popular entre fisiculturistas e atletas que buscam aumentar a massa muscular e o desempenho atl\u00e9tico. O MENT \u00e9 um derivado sint\u00e9tico da nandrolona e da testosterona, projetado para imitar seus efeitos anab\u00f3licos enquanto mitiga algumas de suas propriedades desfavor\u00e1veis.<\/p>\n<p class=\"\" data-start=\"377\" data-end=\"387\">Vantagens:<\/p>\n<ol data-start=\"388\" data-end=\"976\">\n<li class=\"\" data-start=\"388\" data-end=\"622\">\n<p class=\"\" data-start=\"391\" data-end=\"622\">Crescimento Muscular Aprimorado: Com suas poderosas propriedades anab\u00f3licas, o Trestolona Acetato promove um r\u00e1pido crescimento muscular ao estimular a s\u00edntese de prote\u00ednas, resultando em maior for\u00e7a e uma apar\u00eancia mais esculpida.<\/p>\n<\/li>\n<li class=\"\" data-start=\"623\" data-end=\"831\">\n<p class=\"\" data-start=\"626\" data-end=\"831\">Recupera\u00e7\u00e3o Mais R\u00e1pida: O MENT acelera o tempo de recupera\u00e7\u00e3o, permitindo que os usu\u00e1rios treinem mais intensamente e com maior frequ\u00eancia, o que pode contribuir para um progresso e desempenho acelerados.<\/p>\n<\/li>\n<li class=\"\" data-start=\"832\" data-end=\"976\">\n<p class=\"\" data-start=\"835\" data-end=\"976\">Aumento da Libido: O Trestolona Acetato demonstrou melhorar a libido nos homens, devido ao seu efeito estimulante nos n\u00edveis de testosterona.<\/p>\n<\/li>\n<\/ol>\n<p class=\"\" data-start=\"978\" data-end=\"991\">Desvantagens:<\/p>\n<ol data-start=\"992\" data-end=\"1605\">\n<li class=\"\" data-start=\"992\" data-end=\"1228\">\n<p class=\"\" data-start=\"995\" data-end=\"1228\">Status Legal: O uso de Trestolona Acetato \u00e9 proibido em muitos esportes devido \u00e0 sua classifica\u00e7\u00e3o como uma subst\u00e2ncia para melhorar o desempenho. Al\u00e9m disso, pode ser ilegal compr\u00e1-lo e possu\u00ed-lo sem receita m\u00e9dica em alguns pa\u00edses.<\/p>\n<\/li>\n<li class=\"\" data-start=\"1229\" data-end=\"1440\">\n<p class=\"\" data-start=\"1232\" data-end=\"1440\">Efeitos Colaterais: Como todos os esteroides anab\u00f3licos, o MENT apresenta risco de efeitos colaterais. Estes podem incluir acne, queda de cabelo e aumento da agressividade, entre outros efeitos (veja abaixo).<\/p>\n<\/li>\n<li class=\"\" data-start=\"1441\" data-end=\"1605\">\n<p class=\"\" data-start=\"1444\" data-end=\"1605\">Depend\u00eancia: O uso prolongado de Trestolona Acetato pode levar \u00e0 depend\u00eancia ou v\u00edcio, com os usu\u00e1rios apresentando sintomas de abstin\u00eancia ao interromper o uso.<\/p>\n<\/li>\n<\/ol>\n<p class=\"\" data-start=\"1607\" data-end=\"1831\">Aplica\u00e7\u00e3o: O Trestolona Acetato \u00e9 tipicamente administrado por meio de inje\u00e7\u00f5es intramusculares. Frequentemente \u00e9 combinado com outros esteroides anab\u00f3licos, como a testosterona ou a nandrolona, para obter resultados \u00f3timos.<\/p>\n<p class=\"\" data-start=\"1833\" data-end=\"2044\">Efeitos Colaterais: Embora o MENT seja considerado ter um perfil de efeitos colaterais mais favor\u00e1vel em compara\u00e7\u00e3o com outros esteroides anab\u00f3licos, os usu\u00e1rios ainda podem experimentar efeitos colaterais como:<\/p>\n<ol data-start=\"2045\" data-end=\"2451\">\n<li class=\"\" data-start=\"2045\" data-end=\"2149\">\n<p class=\"\" data-start=\"2048\" data-end=\"2149\">Efeitos estrog\u00eanicos, como reten\u00e7\u00e3o de \u00e1gua e ginecomastia (crescimento de tecido mam\u00e1rio em homens).<\/p>\n<\/li>\n<li class=\"\" data-start=\"2150\" data-end=\"2240\">\n<p class=\"\" data-start=\"2153\" data-end=\"2240\">Efeitos androg\u00eanicos, incluindo acne, queda de cabelo e crescimento de pelos corporais.<\/p>\n<\/li>\n<li class=\"\" data-start=\"2241\" data-end=\"2328\">\n<p class=\"\" data-start=\"2244\" data-end=\"2328\">Supress\u00e3o da testosterona, levando \u00e0 diminui\u00e7\u00e3o da produ\u00e7\u00e3o natural de testosterona.<\/p>\n<\/li>\n<li class=\"\" data-start=\"2329\" data-end=\"2451\">\n<p class=\"\" data-start=\"2332\" data-end=\"2451\">Aumento da press\u00e3o arterial e n\u00edveis elevados de colesterol, o que pode aumentar o risco de problemas cardiovasculares.<\/p>\n<\/li>\n<\/ol>\n<p class=\"\" data-start=\"2453\" data-end=\"2888\">Dosagem: A dosagem ideal de Trestolona Acetato varia de acordo com os objetivos individuais, experi\u00eancia e toler\u00e2ncia. Iniciantes podem come\u00e7ar com uma dose de 20-30 mg por dia, enquanto usu\u00e1rios avan\u00e7ados podem chegar at\u00e9 50 mg por dia. A dura\u00e7\u00e3o dos ciclos varia de 8 a 12 semanas, mas deve sempre ser seguida de uma terapia p\u00f3s-ciclo adequada para restaurar os n\u00edveis hormonais naturais e minimizar os efeitos colaterais potenciais.<\/p>\n<p><\/p>","protected":false},"excerpt":{"rendered":"<p>Trestolona Acetato, tamb\u00e9m conhecida como MENT (Metilnortestosterona), \u00e9 um potente esteroide anab\u00f3lico popular entre fisiculturistas e atletas que buscam aumentar<\/p>\n","protected":false},"featured_media":10004,"comment_status":"open","ping_status":"closed","template":"","meta":[],"product_brand":[],"product_cat":[69],"product_tag":[],"class_list":{"0":"post-10003","1":"product","2":"type-product","3":"status-publish","4":"has-post-thumbnail","6":"product_cat-esteroides_inyectables","8":"first","9":"outofstock","10":"sale","11":"shipping-taxable","12":"purchasable","13":"product-type-simple"},"yoast_head":"<!-- This site is optimized with the Yoast SEO Premium plugin v24.4 (Yoast SEO v27.0) - https:\/\/yoast.com\/product\/yoast-seo-premium-wordpress\/ -->\n<title>MENT 50 - TRESTOLONE ACETATE - Ester\u00f3ides Online<\/title>\n<meta name=\"description\" content=\"Acetato de Trestolona (MENT): Esteroide anab\u00f3lico potente para crescimento muscular e desempenho. Recupera\u00e7\u00e3o mais r\u00e1pida, aumento da libido. Riscos legais e efeitos colaterais. Injet\u00e1vel.\" \/>\n<meta name=\"robots\" content=\"index, follow, max-snippet:-1, max-image-preview:large, max-video-preview:-1\" \/>\n<link rel=\"canonical\" href=\"https:\/\/iberoid-shop.com\/pt\/product\/ment-50-trestolone-acetate-bio-labs\/\" \/>\n<meta property=\"og:locale\" content=\"pt_PT\" \/>\n<meta property=\"og:type\" content=\"article\" \/>\n<meta property=\"og:title\" content=\"MENT 50 - TRESTOLONE ACETATE\" \/>\n<meta property=\"og:description\" content=\"Acetato de Trestolona (MENT): Esteroide anab\u00f3lico potente para crescimento muscular e desempenho. Recupera\u00e7\u00e3o mais r\u00e1pida, aumento da libido. Riscos legais e efeitos colaterais. Injet\u00e1vel.\" \/>\n<meta property=\"og:url\" content=\"https:\/\/iberoid-shop.com\/pt\/product\/ment-50-trestolone-acetate-bio-labs\/\" \/>\n<meta property=\"og:site_name\" content=\"Ester\u00f3ides Online\" \/>\n<meta property=\"article:modified_time\" content=\"2025-09-14T18:08:48+00:00\" \/>\n<meta property=\"og:image\" content=\"https:\/\/iberoid-shop.com\/wp-content\/uploads\/2025\/04\/ment-50-vials-17-1.png?v=1743876607\" \/>\n\t<meta property=\"og:image:width\" content=\"1080\" \/>\n\t<meta property=\"og:image:height\" content=\"608\" \/>\n\t<meta property=\"og:image:type\" content=\"image\/png\" \/>\n<meta name=\"twitter:card\" content=\"summary_large_image\" \/>\n<meta name=\"twitter:label1\" content=\"pre\u00e7o\" \/>\n\t<meta name=\"twitter:data1\" content=\"&euro;35.00\" \/>\n\t<meta name=\"twitter:label2\" content=\"Disponibilidade\" \/>\n\t<meta name=\"twitter:data2\" content=\"Esgotado\" \/>\n<script type=\"application\/ld+json\" class=\"yoast-schema-graph\">{\"@context\":\"https:\/\/schema.org\",\"@graph\":[{\"@type\":\"WebPage\",\"@id\":\"https:\/\/iberoid-shop.com\/pt\/product\/ment-50-trestolone-acetate-bio-labs\/\",\"url\":\"https:\/\/iberoid-shop.com\/pt\/product\/ment-50-trestolone-acetate-bio-labs\/\",\"name\":\"MENT 50 - TRESTOLONE ACETATE - Ester\u00f3ides Online\",\"isPartOf\":{\"@id\":\"https:\/\/iberoid-shop.com\/pt\/#website\"},\"primaryImageOfPage\":{\"@id\":\"https:\/\/iberoid-shop.com\/pt\/product\/ment-50-trestolone-acetate-bio-labs\/#primaryimage\"},\"image\":{\"@id\":\"https:\/\/iberoid-shop.com\/pt\/product\/ment-50-trestolone-acetate-bio-labs\/#primaryimage\"},\"thumbnailUrl\":\"https:\/\/iberoid-shop.com\/wp-content\/uploads\/2025\/04\/ment-50-vials-17-1.png?v=1743876607\",\"datePublished\":\"2025-04-05T18:10:42+00:00\",\"dateModified\":\"2025-09-14T18:08:48+00:00\",\"description\":\"Acetato de Trestolona (MENT): Esteroide anab\u00f3lico potente para crescimento muscular e desempenho. Recupera\u00e7\u00e3o mais r\u00e1pida, aumento da libido. Riscos legais e efeitos colaterais. Injet\u00e1vel.\",\"breadcrumb\":{\"@id\":\"https:\/\/iberoid-shop.com\/pt\/product\/ment-50-trestolone-acetate-bio-labs\/#breadcrumb\"},\"inLanguage\":\"pt-PT\",\"potentialAction\":[{\"@type\":\"ReadAction\",\"target\":[[\"https:\/\/iberoid-shop.com\/pt\/product\/ment-50-trestolone-acetate-bio-labs\/\"]]}]},{\"@type\":\"ImageObject\",\"inLanguage\":\"pt-PT\",\"@id\":\"https:\/\/iberoid-shop.com\/pt\/product\/ment-50-trestolone-acetate-bio-labs\/#primaryimage\",\"url\":\"https:\/\/iberoid-shop.com\/wp-content\/uploads\/2025\/04\/ment-50-vials-17-1.png?v=1743876607\",\"contentUrl\":\"https:\/\/iberoid-shop.com\/wp-content\/uploads\/2025\/04\/ment-50-vials-17-1.png?v=1743876607\",\"width\":1080,\"height\":608},{\"@type\":\"BreadcrumbList\",\"@id\":\"https:\/\/iberoid-shop.com\/pt\/product\/ment-50-trestolone-acetate-bio-labs\/#breadcrumb\",\"itemListElement\":[{\"@type\":\"ListItem\",\"position\":1,\"name\":\"Portada\",\"item\":\"https:\/\/iberoid-shop.com\/pt\/\"},{\"@type\":\"ListItem\",\"position\":2,\"name\":\"Loja\",\"item\":\"https:\/\/iberoid-shop.com\/pt\/shop\/\"},{\"@type\":\"ListItem\",\"position\":3,\"name\":\"MENT 50 &#8211; TRESTOLONE ACETATE\"}]},{\"@type\":\"WebSite\",\"@id\":\"https:\/\/iberoid-shop.com\/pt\/#website\",\"url\":\"https:\/\/iberoid-shop.com\/pt\/\",\"name\":\"Ester\u00f3ides Online\",\"description\":\"Compre ester\u00f3ides online hoje em Espanha e Portugal. Temos o melhor servi\u00e7o ao cliente do setor e produtos da mais alta qualidade\",\"potentialAction\":[{\"@type\":\"SearchAction\",\"target\":{\"@type\":\"EntryPoint\",\"urlTemplate\":\"https:\/\/iberoid-shop.com\/pt\/?s={search_term_string}\"},\"query-input\":{\"@type\":\"PropertyValueSpecification\",\"valueRequired\":true,\"valueName\":\"search_term_string\"}}],\"inLanguage\":\"pt-PT\"}]}<\/script>\n<meta property=\"product:brand\" content=\"Canada Biotech Peptides\" \/>\n<meta property=\"product:price:amount\" content=\"35.00\" \/>\n<meta property=\"product:price:currency\" content=\"EUR\" \/>\n<meta property=\"og:availability\" content=\"out of stock\" \/>\n<meta property=\"product:availability\" content=\"out of stock\" \/>\n<meta property=\"product:condition\" content=\"new\" \/>\n<!-- \/ Yoast SEO Premium plugin. -->","yoast_head_json":{"title":"MENT 50 - TRESTOLONE ACETATE - Ester\u00f3ides Online","description":"Acetato de Trestolona (MENT): Esteroide anab\u00f3lico potente para crescimento muscular e desempenho. Recupera\u00e7\u00e3o mais r\u00e1pida, aumento da libido. Riscos legais e efeitos colaterais. Injet\u00e1vel.","robots":{"index":"index","follow":"follow","max-snippet":"max-snippet:-1","max-image-preview":"max-image-preview:large","max-video-preview":"max-video-preview:-1"},"canonical":"https:\/\/iberoid-shop.com\/pt\/product\/ment-50-trestolone-acetate-bio-labs\/","og_locale":"pt_PT","og_type":"article","og_title":"MENT 50 - TRESTOLONE ACETATE","og_description":"Acetato de Trestolona (MENT): Esteroide anab\u00f3lico potente para crescimento muscular e desempenho. Recupera\u00e7\u00e3o mais r\u00e1pida, aumento da libido. Riscos legais e efeitos colaterais. Injet\u00e1vel.","og_url":"https:\/\/iberoid-shop.com\/pt\/product\/ment-50-trestolone-acetate-bio-labs\/","og_site_name":"Ester\u00f3ides Online","article_modified_time":"2025-09-14T18:08:48+00:00","og_image":[{"width":1080,"height":608,"url":"https:\/\/iberoid-shop.com\/wp-content\/uploads\/2025\/04\/ment-50-vials-17-1.png?v=1743876607","type":"image\/png"}],"twitter_card":"summary_large_image","twitter_misc":{"pre\u00e7o":"&euro;35.00","Disponibilidade":"Esgotado"},"schema":{"@context":"https:\/\/schema.org","@graph":[{"@type":"WebPage","@id":"https:\/\/iberoid-shop.com\/pt\/product\/ment-50-trestolone-acetate-bio-labs\/","url":"https:\/\/iberoid-shop.com\/pt\/product\/ment-50-trestolone-acetate-bio-labs\/","name":"MENT 50 - TRESTOLONE ACETATE - Ester\u00f3ides Online","isPartOf":{"@id":"https:\/\/iberoid-shop.com\/pt\/#website"},"primaryImageOfPage":{"@id":"https:\/\/iberoid-shop.com\/pt\/product\/ment-50-trestolone-acetate-bio-labs\/#primaryimage"},"image":{"@id":"https:\/\/iberoid-shop.com\/pt\/product\/ment-50-trestolone-acetate-bio-labs\/#primaryimage"},"thumbnailUrl":"https:\/\/iberoid-shop.com\/wp-content\/uploads\/2025\/04\/ment-50-vials-17-1.png?v=1743876607","datePublished":"2025-04-05T18:10:42+00:00","dateModified":"2025-09-14T18:08:48+00:00","description":"Acetato de Trestolona (MENT): Esteroide anab\u00f3lico potente para crescimento muscular e desempenho. Recupera\u00e7\u00e3o mais r\u00e1pida, aumento da libido. Riscos legais e efeitos colaterais. Injet\u00e1vel.","breadcrumb":{"@id":"https:\/\/iberoid-shop.com\/pt\/product\/ment-50-trestolone-acetate-bio-labs\/#breadcrumb"},"inLanguage":"pt-PT","potentialAction":[{"@type":"ReadAction","target":[["https:\/\/iberoid-shop.com\/pt\/product\/ment-50-trestolone-acetate-bio-labs\/"]]}]},{"@type":"ImageObject","inLanguage":"pt-PT","@id":"https:\/\/iberoid-shop.com\/pt\/product\/ment-50-trestolone-acetate-bio-labs\/#primaryimage","url":"https:\/\/iberoid-shop.com\/wp-content\/uploads\/2025\/04\/ment-50-vials-17-1.png?v=1743876607","contentUrl":"https:\/\/iberoid-shop.com\/wp-content\/uploads\/2025\/04\/ment-50-vials-17-1.png?v=1743876607","width":1080,"height":608},{"@type":"BreadcrumbList","@id":"https:\/\/iberoid-shop.com\/pt\/product\/ment-50-trestolone-acetate-bio-labs\/#breadcrumb","itemListElement":[{"@type":"ListItem","position":1,"name":"Portada","item":"https:\/\/iberoid-shop.com\/pt\/"},{"@type":"ListItem","position":2,"name":"Loja","item":"https:\/\/iberoid-shop.com\/pt\/shop\/"},{"@type":"ListItem","position":3,"name":"MENT 50 &#8211; TRESTOLONE ACETATE"}]},{"@type":"WebSite","@id":"https:\/\/iberoid-shop.com\/pt\/#website","url":"https:\/\/iberoid-shop.com\/pt\/","name":"Ester\u00f3ides Online","description":"Compre ester\u00f3ides online hoje em Espanha e Portugal. Temos o melhor servi\u00e7o ao cliente do setor e produtos da mais alta qualidade","potentialAction":[{"@type":"SearchAction","target":{"@type":"EntryPoint","urlTemplate":"https:\/\/iberoid-shop.com\/pt\/?s={search_term_string}"},"query-input":{"@type":"PropertyValueSpecification","valueRequired":true,"valueName":"search_term_string"}}],"inLanguage":"pt-PT"}]},"product_brand":"Canada Biotech Peptides","product_price_amount":"35.00","product_price_currency":"EUR","og_availability":"out of stock","product_availability":"out of stock","product_condition":"new"},"_links":{"self":[{"href":"https:\/\/iberoid-shop.com\/pt\/wp-json\/wp\/v2\/product\/10003","targetHints":{"allow":["GET"]}}],"collection":[{"href":"https:\/\/iberoid-shop.com\/pt\/wp-json\/wp\/v2\/product"}],"about":[{"href":"https:\/\/iberoid-shop.com\/pt\/wp-json\/wp\/v2\/types\/product"}],"replies":[{"embeddable":true,"href":"https:\/\/iberoid-shop.com\/pt\/wp-json\/wp\/v2\/comments?post=10003"}],"wp:featuredmedia":[{"embeddable":true,"href":"https:\/\/iberoid-shop.com\/pt\/wp-json\/wp\/v2\/media\/10004"}],"wp:attachment":[{"href":"https:\/\/iberoid-shop.com\/pt\/wp-json\/wp\/v2\/media?parent=10003"}],"wp:term":[{"taxonomy":"product_brand","embeddable":true,"href":"https:\/\/iberoid-shop.com\/pt\/wp-json\/wp\/v2\/product_brand?post=10003"},{"taxonomy":"product_cat","embeddable":true,"href":"https:\/\/iberoid-shop.com\/pt\/wp-json\/wp\/v2\/product_cat?post=10003"},{"taxonomy":"product_tag","embeddable":true,"href":"https:\/\/iberoid-shop.com\/pt\/wp-json\/wp\/v2\/product_tag?post=10003"}],"curies":[{"name":"wp","href":"https:\/\/api.w.org\/{rel}","templated":true}]}}