{"id":9998,"date":"2025-04-02T18:18:43","date_gmt":"2025-04-02T18:18:43","guid":{"rendered":"https:\/\/iberoid-shop.com\/?post_type=product&#038;p=9998"},"modified":"2026-04-06T01:10:46","modified_gmt":"2026-04-06T01:10:46","slug":"pack3testosteron-cypionate-mp-pharm","status":"publish","type":"product","link":"https:\/\/iberoid-shop.com\/it\/product\/pack3testosteron-cypionate-mp-pharm\/","title":{"rendered":"PACK 3 &#8211; Testosterone Cypionate"},"content":{"rendered":"<p><\/p>\n<p class=\"\" data-start=\"0\" data-end=\"573\">Il cipionato di testosterone \u00e8 un estere di testosterone che prepariamo in una base di olio di trigliceridi a catena media. Si ritiene che l&#8217;estere cipionato venga assorbito pi\u00f9 lentamente rispetto ad altri. Inoltre, l&#8217;eccipiente a base di olio \u00e8 una base solubilizzante compatibile che aiuta a rendere il composto uniforme, il che pu\u00f2 essere considerato per un&#8217;iniezione depot. Grazie all&#8217;estere cipionato e all&#8217;eccipiente a base di olio, spesso si ritiene che aiuti a rallentare il rilascio dell&#8217;ingrediente attivo, consentendo quindi una somministrazione meno frequente.<\/p>\n<p class=\"\" data-start=\"575\" data-end=\"1467\">Siamo anche uno dei pochi preparatori che offre una combinazione di iniezione di cipionato di testosterone e propionato di testosterone. Come il nostro composto di cipionato di testosterone, questa combinazione \u00e8 preparata in una base di olio di trigliceridi a catena media. Contiene due ingredienti attivi, cipionato di testosterone e propionato di testosterone, pi\u00f9 un eccipiente a base di olio. Si ritiene che l&#8217;estere propionato di testosterone abbia un&#8217;assorbimento pi\u00f9 rapido rispetto all&#8217;estere cipionato grazie alla sua natura pi\u00f9 idrofila. Combinando questi due esteri in un unico composto, potrebbe esserci un aumento pi\u00f9 immediato di testosterone derivante dall&#8217;estere propionato che viene poi mantenuto per un periodo di tempo pi\u00f9 lungo grazie all&#8217;estere cipionato. Questo composto combinato potrebbe aiutare a smussare alcuni picchi e valli che altrimenti potrebbero verificarsi.<\/p>\n<p class=\"\" data-start=\"1469\" data-end=\"1638\">Entrambe le forme delle nostre iniezioni di testosterone sono preparate in olio Miglyol. I fornitori di assistenza sanitaria riportano di preferire questo olio grazie a:<\/p>\n<ul data-start=\"1640\" data-end=\"1776\">\n<li class=\"\" data-start=\"1640\" data-end=\"1687\">\n<p class=\"\" data-start=\"1642\" data-end=\"1687\">le sue propriet\u00e0 anti-infiammatorie naturali;<\/p>\n<\/li>\n<li class=\"\" data-start=\"1688\" data-end=\"1725\">\n<p class=\"\" data-start=\"1690\" data-end=\"1725\">i suoi bassi tassi di reattivit\u00e0; e<\/p>\n<\/li>\n<li class=\"\" data-start=\"1726\" data-end=\"1776\">\n<p class=\"\" data-start=\"1728\" data-end=\"1776\">il minimo disagio che causa durante l&#8217;iniezione.<\/p>\n<\/li>\n<\/ul>\n<p class=\"\" data-start=\"1778\" data-end=\"2210\">Storicamente, le iniezioni di testosterone sono state preparate in olio di semi d&#8217;uva. Tuttavia, la disponibilit\u00e0 di olio di semi d&#8217;uva di grado farmaceutico \u00e8 limitata, e i requisiti normativi impongono l&#8217;uso di eccipienti che soddisfino specifici standard di qualit\u00e0 e sicurezza. Carie Boyd Pharmaceuticals utilizza olio MIGLYOL\u00ae 812 N di grado farmaceutico per garantire che siano soddisfatti gli standard di qualit\u00e0 e sicurezza.<\/p>\n<p class=\"\" data-start=\"2212\" data-end=\"2223\">Come usare:<\/p>\n<p class=\"\" data-start=\"2225\" data-end=\"2636\">Il cipionato di testosterone, un ormone steroideo, viene spesso somministrato per via intramuscolare ogni 1-2 settimane. Gli aggiustamenti del dosaggio sono basati su test individuali del paziente e sui livelli di testosterone. La dimensione dell&#8217;ago o la durata del composto variano da paziente a paziente. Invitiamo i fornitori a contattare il nostro team dedicato di farmacisti per consulenze e orientamenti.<\/p>\n<p class=\"\" data-start=\"2638\" data-end=\"2659\">Conservazione sicura:<\/p>\n<p class=\"\" data-start=\"2661\" data-end=\"2777\">Assicurarsi che le fiale di iniezione siano conservate a temperatura ambiente e protette dall&#8217;esposizione alla luce.<\/p>\n<p><\/p>","protected":false},"excerpt":{"rendered":"<p>Il cipionato di testosterone \u00e8 un estere di testosterone che prepariamo in una base di olio di trigliceridi a catena<\/p>\n","protected":false},"featured_media":10001,"comment_status":"open","ping_status":"closed","template":"","meta":[],"product_brand":[],"product_cat":[69,3474],"product_tag":[],"class_list":{"0":"post-9998","1":"product","2":"type-product","3":"status-publish","4":"has-post-thumbnail","6":"product_cat-esteroides_inyectables","7":"product_cat-packs","9":"first","10":"instock","11":"sale","12":"shipping-taxable","13":"purchasable","14":"product-type-simple"},"yoast_head":"<!-- This site is optimized with the Yoast SEO Premium plugin v24.4 (Yoast SEO v27.0) - https:\/\/yoast.com\/product\/yoast-seo-premium-wordpress\/ -->\n<title>PACK 3 - Testosterone Cypionate - Steroidi in linea<\/title>\n<meta name=\"description\" content=\"Iniezione di testosterone cipionato (in olio MCT) per un rilascio prolungato, potenzialmente con una somministrazione meno frequente. Disponibile anche come miscela di cipionato\/propionato per un&#039;azione rapida e prolungata in olio MCT. Composto con olio di Miglyol antinfiammatorio. Conservare a temperatura ambiente, proteggere dalla luce.\" \/>\n<meta name=\"robots\" content=\"index, follow, max-snippet:-1, max-image-preview:large, max-video-preview:-1\" \/>\n<link rel=\"canonical\" href=\"https:\/\/iberoid-shop.com\/it\/product\/pack3testosteron-cypionate-mp-pharm\/\" \/>\n<meta property=\"og:locale\" content=\"it_IT\" \/>\n<meta property=\"og:type\" content=\"article\" \/>\n<meta property=\"og:title\" content=\"PACK 3 - Testosterone Cypionate\" \/>\n<meta property=\"og:description\" content=\"Iniezione di testosterone cipionato (in olio MCT) per un rilascio prolungato, potenzialmente con una somministrazione meno frequente. Disponibile anche come miscela di cipionato\/propionato per un&#039;azione rapida e prolungata in olio MCT. Composto con olio di Miglyol antinfiammatorio. Conservare a temperatura ambiente, proteggere dalla luce.\" \/>\n<meta property=\"og:url\" content=\"https:\/\/iberoid-shop.com\/it\/product\/pack3testosteron-cypionate-mp-pharm\/\" \/>\n<meta property=\"og:site_name\" content=\"Steroidi in linea\" \/>\n<meta property=\"article:modified_time\" content=\"2026-04-06T01:10:46+00:00\" \/>\n<meta property=\"og:image\" content=\"https:\/\/iberoid-shop.com\/wp-content\/uploads\/2025\/04\/cyp3-2-scaled.jpg?v=1743617892\" \/>\n\t<meta property=\"og:image:width\" content=\"2560\" \/>\n\t<meta property=\"og:image:height\" content=\"1986\" \/>\n\t<meta property=\"og:image:type\" content=\"image\/jpeg\" \/>\n<meta name=\"twitter:card\" content=\"summary_large_image\" \/>\n<meta name=\"twitter:label1\" content=\"Prezzo\" \/>\n\t<meta name=\"twitter:data1\" content=\"&euro;55.00\" \/>\n\t<meta name=\"twitter:label2\" content=\"Disponibilit\u00e0\" \/>\n\t<meta name=\"twitter:data2\" content=\"In stock\" \/>\n<script type=\"application\/ld+json\" class=\"yoast-schema-graph\">{\"@context\":\"https:\/\/schema.org\",\"@graph\":[{\"@type\":\"WebPage\",\"@id\":\"https:\/\/iberoid-shop.com\/it\/product\/pack3testosteron-cypionate-mp-pharm\/\",\"url\":\"https:\/\/iberoid-shop.com\/it\/product\/pack3testosteron-cypionate-mp-pharm\/\",\"name\":\"PACK 3 - Testosterone Cypionate - Steroidi in linea\",\"isPartOf\":{\"@id\":\"https:\/\/iberoid-shop.com\/it\/#website\"},\"primaryImageOfPage\":{\"@id\":\"https:\/\/iberoid-shop.com\/it\/product\/pack3testosteron-cypionate-mp-pharm\/#primaryimage\"},\"image\":{\"@id\":\"https:\/\/iberoid-shop.com\/it\/product\/pack3testosteron-cypionate-mp-pharm\/#primaryimage\"},\"thumbnailUrl\":\"https:\/\/iberoid-shop.com\/wp-content\/uploads\/2025\/04\/cyp3-2-scaled.jpg?v=1743617892\",\"datePublished\":\"2025-04-02T18:18:43+00:00\",\"dateModified\":\"2026-04-06T01:10:46+00:00\",\"description\":\"Iniezione di testosterone cipionato (in olio MCT) per un rilascio prolungato, potenzialmente con una somministrazione meno frequente. Disponibile anche come miscela di cipionato\/propionato per un'azione rapida e prolungata in olio MCT. Composto con olio di Miglyol antinfiammatorio. Conservare a temperatura ambiente, proteggere dalla luce.\",\"breadcrumb\":{\"@id\":\"https:\/\/iberoid-shop.com\/it\/product\/pack3testosteron-cypionate-mp-pharm\/#breadcrumb\"},\"inLanguage\":\"it-IT\",\"potentialAction\":[{\"@type\":\"ReadAction\",\"target\":[[\"https:\/\/iberoid-shop.com\/it\/product\/pack3testosteron-cypionate-mp-pharm\/\"]]}]},{\"@type\":\"ImageObject\",\"inLanguage\":\"it-IT\",\"@id\":\"https:\/\/iberoid-shop.com\/it\/product\/pack3testosteron-cypionate-mp-pharm\/#primaryimage\",\"url\":\"https:\/\/iberoid-shop.com\/wp-content\/uploads\/2025\/04\/cyp3-2-scaled.jpg?v=1743617892\",\"contentUrl\":\"https:\/\/iberoid-shop.com\/wp-content\/uploads\/2025\/04\/cyp3-2-scaled.jpg?v=1743617892\",\"width\":2560,\"height\":1986},{\"@type\":\"BreadcrumbList\",\"@id\":\"https:\/\/iberoid-shop.com\/it\/product\/pack3testosteron-cypionate-mp-pharm\/#breadcrumb\",\"itemListElement\":[{\"@type\":\"ListItem\",\"position\":1,\"name\":\"Portada\",\"item\":\"https:\/\/iberoid-shop.com\/it\/\"},{\"@type\":\"ListItem\",\"position\":2,\"name\":\"Negozio\",\"item\":\"https:\/\/iberoid-shop.com\/it\/shop\/\"},{\"@type\":\"ListItem\",\"position\":3,\"name\":\"PACK 3 &#8211; Testosterone Cypionate\"}]},{\"@type\":\"WebSite\",\"@id\":\"https:\/\/iberoid-shop.com\/it\/#website\",\"url\":\"https:\/\/iberoid-shop.com\/it\/\",\"name\":\"Steroidi in linea\",\"description\":\"Acquista steroidi online oggi in Spagna e Portogallo. Abbiamo il miglior servizio clienti del settore e prodotti di altissima qualit\u00e0\",\"potentialAction\":[{\"@type\":\"SearchAction\",\"target\":{\"@type\":\"EntryPoint\",\"urlTemplate\":\"https:\/\/iberoid-shop.com\/it\/?s={search_term_string}\"},\"query-input\":{\"@type\":\"PropertyValueSpecification\",\"valueRequired\":true,\"valueName\":\"search_term_string\"}}],\"inLanguage\":\"it-IT\"}]}<\/script>\n<meta property=\"product:brand\" content=\"Mp-Pharm\" \/>\n<meta property=\"product:price:amount\" content=\"55.00\" \/>\n<meta property=\"product:price:currency\" content=\"EUR\" \/>\n<meta property=\"og:availability\" content=\"instock\" \/>\n<meta property=\"product:availability\" content=\"instock\" \/>\n<meta property=\"product:condition\" content=\"new\" \/>\n<!-- \/ Yoast SEO Premium plugin. -->","yoast_head_json":{"title":"PACK 3 - Testosterone Cypionate - Steroidi in linea","description":"Iniezione di testosterone cipionato (in olio MCT) per un rilascio prolungato, potenzialmente con una somministrazione meno frequente. Disponibile anche come miscela di cipionato\/propionato per un'azione rapida e prolungata in olio MCT. Composto con olio di Miglyol antinfiammatorio. Conservare a temperatura ambiente, proteggere dalla luce.","robots":{"index":"index","follow":"follow","max-snippet":"max-snippet:-1","max-image-preview":"max-image-preview:large","max-video-preview":"max-video-preview:-1"},"canonical":"https:\/\/iberoid-shop.com\/it\/product\/pack3testosteron-cypionate-mp-pharm\/","og_locale":"it_IT","og_type":"article","og_title":"PACK 3 - Testosterone Cypionate","og_description":"Iniezione di testosterone cipionato (in olio MCT) per un rilascio prolungato, potenzialmente con una somministrazione meno frequente. Disponibile anche come miscela di cipionato\/propionato per un'azione rapida e prolungata in olio MCT. Composto con olio di Miglyol antinfiammatorio. Conservare a temperatura ambiente, proteggere dalla luce.","og_url":"https:\/\/iberoid-shop.com\/it\/product\/pack3testosteron-cypionate-mp-pharm\/","og_site_name":"Steroidi in linea","article_modified_time":"2026-04-06T01:10:46+00:00","og_image":[{"width":2560,"height":1986,"url":"https:\/\/iberoid-shop.com\/wp-content\/uploads\/2025\/04\/cyp3-2-scaled.jpg?v=1743617892","type":"image\/jpeg"}],"twitter_card":"summary_large_image","twitter_misc":{"Prezzo":"&euro;55.00","Disponibilit\u00e0":"In stock"},"schema":{"@context":"https:\/\/schema.org","@graph":[{"@type":"WebPage","@id":"https:\/\/iberoid-shop.com\/it\/product\/pack3testosteron-cypionate-mp-pharm\/","url":"https:\/\/iberoid-shop.com\/it\/product\/pack3testosteron-cypionate-mp-pharm\/","name":"PACK 3 - Testosterone Cypionate - Steroidi in linea","isPartOf":{"@id":"https:\/\/iberoid-shop.com\/it\/#website"},"primaryImageOfPage":{"@id":"https:\/\/iberoid-shop.com\/it\/product\/pack3testosteron-cypionate-mp-pharm\/#primaryimage"},"image":{"@id":"https:\/\/iberoid-shop.com\/it\/product\/pack3testosteron-cypionate-mp-pharm\/#primaryimage"},"thumbnailUrl":"https:\/\/iberoid-shop.com\/wp-content\/uploads\/2025\/04\/cyp3-2-scaled.jpg?v=1743617892","datePublished":"2025-04-02T18:18:43+00:00","dateModified":"2026-04-06T01:10:46+00:00","description":"Iniezione di testosterone cipionato (in olio MCT) per un rilascio prolungato, potenzialmente con una somministrazione meno frequente. Disponibile anche come miscela di cipionato\/propionato per un'azione rapida e prolungata in olio MCT. Composto con olio di Miglyol antinfiammatorio. Conservare a temperatura ambiente, proteggere dalla luce.","breadcrumb":{"@id":"https:\/\/iberoid-shop.com\/it\/product\/pack3testosteron-cypionate-mp-pharm\/#breadcrumb"},"inLanguage":"it-IT","potentialAction":[{"@type":"ReadAction","target":[["https:\/\/iberoid-shop.com\/it\/product\/pack3testosteron-cypionate-mp-pharm\/"]]}]},{"@type":"ImageObject","inLanguage":"it-IT","@id":"https:\/\/iberoid-shop.com\/it\/product\/pack3testosteron-cypionate-mp-pharm\/#primaryimage","url":"https:\/\/iberoid-shop.com\/wp-content\/uploads\/2025\/04\/cyp3-2-scaled.jpg?v=1743617892","contentUrl":"https:\/\/iberoid-shop.com\/wp-content\/uploads\/2025\/04\/cyp3-2-scaled.jpg?v=1743617892","width":2560,"height":1986},{"@type":"BreadcrumbList","@id":"https:\/\/iberoid-shop.com\/it\/product\/pack3testosteron-cypionate-mp-pharm\/#breadcrumb","itemListElement":[{"@type":"ListItem","position":1,"name":"Portada","item":"https:\/\/iberoid-shop.com\/it\/"},{"@type":"ListItem","position":2,"name":"Negozio","item":"https:\/\/iberoid-shop.com\/it\/shop\/"},{"@type":"ListItem","position":3,"name":"PACK 3 &#8211; Testosterone Cypionate"}]},{"@type":"WebSite","@id":"https:\/\/iberoid-shop.com\/it\/#website","url":"https:\/\/iberoid-shop.com\/it\/","name":"Steroidi in linea","description":"Acquista steroidi online oggi in Spagna e Portogallo. Abbiamo il miglior servizio clienti del settore e prodotti di altissima qualit\u00e0","potentialAction":[{"@type":"SearchAction","target":{"@type":"EntryPoint","urlTemplate":"https:\/\/iberoid-shop.com\/it\/?s={search_term_string}"},"query-input":{"@type":"PropertyValueSpecification","valueRequired":true,"valueName":"search_term_string"}}],"inLanguage":"it-IT"}]},"product_brand":"Mp-Pharm","product_price_amount":"55.00","product_price_currency":"EUR","og_availability":"instock","product_availability":"instock","product_condition":"new"},"_links":{"self":[{"href":"https:\/\/iberoid-shop.com\/it\/wp-json\/wp\/v2\/product\/9998","targetHints":{"allow":["GET"]}}],"collection":[{"href":"https:\/\/iberoid-shop.com\/it\/wp-json\/wp\/v2\/product"}],"about":[{"href":"https:\/\/iberoid-shop.com\/it\/wp-json\/wp\/v2\/types\/product"}],"replies":[{"embeddable":true,"href":"https:\/\/iberoid-shop.com\/it\/wp-json\/wp\/v2\/comments?post=9998"}],"wp:featuredmedia":[{"embeddable":true,"href":"https:\/\/iberoid-shop.com\/it\/wp-json\/wp\/v2\/media\/10001"}],"wp:attachment":[{"href":"https:\/\/iberoid-shop.com\/it\/wp-json\/wp\/v2\/media?parent=9998"}],"wp:term":[{"taxonomy":"product_brand","embeddable":true,"href":"https:\/\/iberoid-shop.com\/it\/wp-json\/wp\/v2\/product_brand?post=9998"},{"taxonomy":"product_cat","embeddable":true,"href":"https:\/\/iberoid-shop.com\/it\/wp-json\/wp\/v2\/product_cat?post=9998"},{"taxonomy":"product_tag","embeddable":true,"href":"https:\/\/iberoid-shop.com\/it\/wp-json\/wp\/v2\/product_tag?post=9998"}],"curies":[{"name":"wp","href":"https:\/\/api.w.org\/{rel}","templated":true}]}}